{"id":9913,"date":"2023-06-15T06:32:56","date_gmt":"2023-06-15T05:32:56","guid":{"rendered":"https:\/\/www.ebihal.hu\/?post_type=product&#038;p=9913"},"modified":"2025-12-26T13:01:16","modified_gmt":"2025-12-26T12:01:16","slug":"hiki-dwang-60mm-kek-gumicsali","status":"publish","type":"product","link":"https:\/\/www.ebihal.hu\/en\/shop\/mucsali\/gumicsali\/hiki\/dwang\/dwang-60mm\/hiki-dwang-60mm-kek-gumicsali\/","title":{"rendered":"HIKI Dwang 60mm k\u00e9k gumicsali"},"content":{"rendered":"<p>Tudjuk, Kelet-eur\u00f3pai k\u00edn\u00e1latunkb\u00f3l kil\u00f3g a <strong>HIKI Dwang<\/strong> csalija, hiszen v\u00e1llaltan k\u00ednai m\u00e1rka (keletnek &#8222;kelet&#8221; v\u00e9g\u00fcl is). R\u00e1ad\u00e1sul itthon igen sok t\u00e1mad\u00e1s is \u00e9ri a hazai forgalmaz\u00f3t, mivel t\u00f6bbs\u00e9g\u00e9ben m\u0171csali replik\u00e1kat forgalmaz.<br \/>\nM\u00e9gis felvett\u00fck k\u00edn\u00e1latunkba egyik kiv\u00e9teles-egyedi term\u00e9k\u00fcket, ami rendk\u00edv\u00fcl eredm\u00e9nyesnek bizonyult a 2022-es szezonunkban.<br \/>\nEgyedis\u00e9g\u00e9hez nem f\u00e9r k\u00e9ts\u00e9g. Ugyanis, a Dwang, b\u00e1r a tanta-szer\u0171 gy\u0171r\u0171sf\u00e9rgek nagy csal\u00e1dj\u00e1nak tagja (mint ahogy a Jenzi, Lucky John, Balzer, Spro, Quantum is gy\u00e1rt hasonl\u00f3 szelv\u00e9nyezetts\u00e9g\u0171, form\u00e1j\u00fa csalikat), nem kl\u00f3nja a <a href=\"http:\/\/fishup.com.ua\/\" target=\"_blank\" rel=\"noopener\">Fishup<\/a> m\u00e9lt\u00e1n h\u00edres no-action gumij\u00e1nak (l\u00e1sd \u00f6sszehasonl\u00edt\u00f3 fot\u00f3nkat).<\/p>\n<p>Szokatlan l\u00e1gys\u00e1g\u00e1t a r\u00f6vid, t\u00f6m\u00f6rebb fejnek, a <strong>karcs\u00fabb gerincnek<\/strong>, a Tant\u00e1n\u00e1l s\u0171r\u0171bb szelv\u00e9nyezetts\u00e9gnek, v\u00e9konyabb gy\u0171r\u0171knek k\u00f6sz\u00f6nheti. L\u00e1gys\u00e1ga ellen\u00e9re nagyon sz\u00edv\u00f3s gumib\u00f3l k\u00e9sz\u00fcl, hihetetlen\u00fcl rugalmas, nehezen szakad, <strong>harap\u00e1s\u00e1ll\u00f3<\/strong>.<br \/>\nCsak a hazai vizeken bev\u00e1lt sz\u00ednekben forgalmazzuk.<br \/>\nA 6 cm-es m\u00e9ret j\u00f3l szelekt\u00e1l, f\u0151k\u00e9pp nagyobb s\u00fcgerek, k\u00f6vesek vetik r\u00e1 magukat, \u00e9s m\u00e1r el\u00e9ri az ingerk\u00fcsz\u00f6b\u00e9t a csuk\u00e1nak, s\u00fcll\u0151nek is.<\/p>\n<p>6 cm hossz\u00fa, arom\u00e1s\u00edtott, 1,7g, 10 db\/csomag, k\u00e9k sz\u00edn.<\/p>\n<h4>Additional information<\/h4>\n<table class=\"woocommerce-product-attributes shop_attributes\" aria-label=\"Product Details\" data-no-translation-aria-label=\"\">\n\t\t\t<tr class=\"woocommerce-product-attributes-item woocommerce-product-attributes-item--weight\">\n\t\t\t<th class=\"woocommerce-product-attributes-item__label\" scope=\"row\" data-no-translation=\"\" data-trp-gettext=\"\">Weight<\/th>\n\t\t\t<td class=\"woocommerce-product-attributes-item__value\">0.03 kg<\/td>\n\t\t<\/tr>\n\t\t\t<tr class=\"woocommerce-product-attributes-item woocommerce-product-attributes-item--attribute_pa_brand\">\n\t\t\t<th class=\"woocommerce-product-attributes-item__label\" scope=\"row\">Brand<\/th>\n\t\t\t<td class=\"woocommerce-product-attributes-item__value\"><p>HIKI<\/p>\n<\/td>\n\t\t<\/tr>\n\t\t\t<tr class=\"woocommerce-product-attributes-item woocommerce-product-attributes-item--attribute_pa_color\">\n\t\t\t<th class=\"woocommerce-product-attributes-item__label\" scope=\"row\">Color<\/th>\n\t\t\t<td class=\"woocommerce-product-attributes-item__value\"><p>K\u00e9k<\/p>\n<\/td>\n\t\t<\/tr>\n\t\t\t<tr class=\"woocommerce-product-attributes-item woocommerce-product-attributes-item--attribute_pa_meret\">\n\t\t\t<th class=\"woocommerce-product-attributes-item__label\" scope=\"row\">Size<\/th>\n\t\t\t<td class=\"woocommerce-product-attributes-item__value\"><p>60 mm<\/p>\n<\/td>\n\t\t<\/tr>\n\t\t\t<tr class=\"woocommerce-product-attributes-item woocommerce-product-attributes-item--attribute_pa_madein\">\n\t\t\t<th class=\"woocommerce-product-attributes-item__label\" scope=\"row\">Country of origin<\/th>\n\t\t\t<td class=\"woocommerce-product-attributes-item__value\"><p>K\u00edna<\/p>\n<\/td>\n\t\t<\/tr>\n\t\t\t<tr class=\"woocommerce-product-attributes-item woocommerce-product-attributes-item--attribute_pa_kiszereles\">\n\t\t\t<th class=\"woocommerce-product-attributes-item__label\" scope=\"row\">Packaging<\/th>\n\t\t\t<td class=\"woocommerce-product-attributes-item__value\"><p>1 plastic bag<\/p>\n<\/td>\n\t\t<\/tr>\n\t\t\t<tr class=\"woocommerce-product-attributes-item woocommerce-product-attributes-item--attribute_pa_darabszam\">\n\t\t\t<th class=\"woocommerce-product-attributes-item__label\" scope=\"row\">Darabsz\u00e1m<\/th>\n\t\t\t<td class=\"woocommerce-product-attributes-item__value\"><p>10<\/p>\n<\/td>\n\t\t<\/tr>\n\t<\/table>\n\n<p>&nbsp;<\/p>","protected":false},"excerpt":{"rendered":"<p>Tudjuk, Kelet-eur\u00f3pai k\u00edn\u00e1latunkb\u00f3l kil\u00f3g a HIKI Dwang csalija, hiszen v\u00e1llaltan k\u00ednai m\u00e1rka (keletnek &#8222;kelet&#8221; v\u00e9g\u00fcl is). R\u00e1ad\u00e1sul itthon igen sok t\u00e1mad\u00e1s is \u00e9ri a hazai forgalmaz\u00f3t, mivel t\u00f6bbs\u00e9g\u00e9ben m\u0171csali replik\u00e1kat forgalmaz. M\u00e9gis felvett\u00fck k\u00edn\u00e1latunkba egyik kiv\u00e9teles-egyedi term\u00e9k\u00fcket, ami rendk\u00edv\u00fcl eredm\u00e9nyesnek bizonyult a 2022-es szezonunkban. Egyedis\u00e9g\u00e9hez nem f\u00e9r k\u00e9ts\u00e9g. Ugyanis, a&hellip; <\/p>","protected":false},"featured_media":9008,"comment_status":"open","ping_status":"closed","template":"","meta":[],"product_cat":[1663,1664,74,1661,40],"product_tag":[147,1668,1667,339,814,816,823,241,146],"class_list":{"0":"post-9913","1":"product","2":"type-product","3":"status-publish","4":"has-post-thumbnail","6":"product_brand-hiki","7":"product_cat-dwang","8":"product_cat-dwang-60mm","9":"product_cat-gumicsali","10":"product_cat-hiki","11":"product_cat-mucsali","12":"product_tag-csuka","13":"product_tag-dwang","14":"product_tag-hiki","15":"product_tag-kosullo","16":"product_tag-l","17":"product_tag-larva","18":"product_tag-no-action","19":"product_tag-suger","20":"product_tag-sullo","22":"first","23":"instock","24":"shipping-taxable","25":"purchasable","26":"product-type-simple"},"supplier_id":null,"supplier_sku":"","barcode":null,"atum_controlled":true,"out_stock_date":null,"out_stock_threshold":null,"inheritable":false,"inbound_stock":0,"stock_on_hold":0,"sold_today":0,"sales_last_days":0,"reserved_stock":0,"customer_returns":0,"warehouse_damage":0,"lost_in_post":0,"other_logs":0,"out_stock_days":0,"lost_sales":0,"has_location":false,"update_date":"2026-04-15T00:32:53","atum_locations":[],"atum_stock_status":"instock","restock_status":false,"low_stock_amount":"","sales_update_date":"2026-04-15T00:32:53","calc_backorders":null,"yoast_head":"<!-- This site is optimized with the Yoast SEO plugin v27.4 - https:\/\/yoast.com\/product\/yoast-seo-wordpress\/ -->\n<title>HIKI Dwang 60mm k\u00e9k gumicsali - Ebihal<\/title>\n<meta name=\"description\" content=\"K\u00edn\u00e1latunkb\u00f3l kil\u00f3g a HIKI m\u00e1rka, m\u00e9gis felvett\u00fck k\u00edn\u00e1latunkba kiv\u00e9teles Dwang term\u00e9k\u00fcket, ami rendk\u00edv\u00fcl eredm\u00e9nyes hazai vizeken. K\u00e9k, 6cm.\" \/>\n<meta name=\"robots\" content=\"index, follow, max-snippet:-1, max-image-preview:large, max-video-preview:-1\" \/>\n<link rel=\"canonical\" href=\"https:\/\/www.ebihal.hu\/en\/shop\/mucsali\/gumicsali\/hiki\/dwang\/dwang-60mm\/hiki-dwang-60mm-kek-gumicsali\/\" \/>\n<meta property=\"og:locale\" content=\"en_GB\" \/>\n<meta property=\"og:type\" content=\"article\" \/>\n<meta property=\"og:title\" content=\"HIKI Dwang 60mm k\u00e9k gumicsali - Ebihal\" \/>\n<meta property=\"og:description\" content=\"K\u00edn\u00e1latunkb\u00f3l kil\u00f3g a HIKI m\u00e1rka, m\u00e9gis felvett\u00fck k\u00edn\u00e1latunkba kiv\u00e9teles Dwang term\u00e9k\u00fcket, ami rendk\u00edv\u00fcl eredm\u00e9nyes hazai vizeken. K\u00e9k, 6cm.\" \/>\n<meta property=\"og:url\" content=\"https:\/\/www.ebihal.hu\/en\/shop\/mucsali\/gumicsali\/hiki\/dwang\/dwang-60mm\/hiki-dwang-60mm-kek-gumicsali\/\" \/>\n<meta property=\"og:site_name\" content=\"Ebihal\" \/>\n<meta property=\"article:publisher\" content=\"https:\/\/www.facebook.com\/ebihal\" \/>\n<meta property=\"article:modified_time\" content=\"2025-12-26T12:01:16+00:00\" \/>\n<meta property=\"og:image\" content=\"https:\/\/www.ebihal.hu\/wp-content\/uploads\/2023\/02\/kek.png\" \/>\n\t<meta property=\"og:image:width\" content=\"500\" \/>\n\t<meta property=\"og:image:height\" content=\"500\" \/>\n\t<meta property=\"og:image:type\" content=\"image\/png\" \/>\n<meta name=\"twitter:card\" content=\"summary_large_image\" \/>\n<meta name=\"twitter:label1\" content=\"Estimated reading time\" \/>\n\t<meta name=\"twitter:data1\" content=\"2 minutes\" \/>\n<script type=\"application\/ld+json\" class=\"yoast-schema-graph\">{\"@context\":\"https:\\\/\\\/schema.org\",\"@graph\":[{\"@type\":\"WebPage\",\"@id\":\"https:\\\/\\\/www.ebihal.hu\\\/en\\\/shop\\\/mucsali\\\/gumicsali\\\/hiki\\\/dwang\\\/dwang-60mm\\\/hiki-dwang-60mm-kek-gumicsali\\\/\",\"url\":\"https:\\\/\\\/www.ebihal.hu\\\/en\\\/shop\\\/mucsali\\\/gumicsali\\\/hiki\\\/dwang\\\/dwang-60mm\\\/hiki-dwang-60mm-kek-gumicsali\\\/\",\"name\":\"HIKI Dwang 60mm k\u00e9k gumicsali - Ebihal\",\"isPartOf\":{\"@id\":\"https:\\\/\\\/www.ebihal.hu\\\/#website\"},\"primaryImageOfPage\":{\"@id\":\"https:\\\/\\\/www.ebihal.hu\\\/en\\\/shop\\\/mucsali\\\/gumicsali\\\/hiki\\\/dwang\\\/dwang-60mm\\\/hiki-dwang-60mm-kek-gumicsali\\\/#primaryimage\"},\"image\":{\"@id\":\"https:\\\/\\\/www.ebihal.hu\\\/en\\\/shop\\\/mucsali\\\/gumicsali\\\/hiki\\\/dwang\\\/dwang-60mm\\\/hiki-dwang-60mm-kek-gumicsali\\\/#primaryimage\"},\"thumbnailUrl\":\"https:\\\/\\\/www.ebihal.hu\\\/wp-content\\\/uploads\\\/2023\\\/02\\\/kek.png\",\"datePublished\":\"2023-06-15T05:32:56+00:00\",\"dateModified\":\"2025-12-26T12:01:16+00:00\",\"description\":\"K\u00edn\u00e1latunkb\u00f3l kil\u00f3g a HIKI m\u00e1rka, m\u00e9gis felvett\u00fck k\u00edn\u00e1latunkba kiv\u00e9teles Dwang term\u00e9k\u00fcket, ami rendk\u00edv\u00fcl eredm\u00e9nyes hazai vizeken. K\u00e9k, 6cm.\",\"breadcrumb\":{\"@id\":\"https:\\\/\\\/www.ebihal.hu\\\/en\\\/shop\\\/mucsali\\\/gumicsali\\\/hiki\\\/dwang\\\/dwang-60mm\\\/hiki-dwang-60mm-kek-gumicsali\\\/#breadcrumb\"},\"inLanguage\":\"en-GB\",\"potentialAction\":[{\"@type\":\"ReadAction\",\"target\":[\"https:\\\/\\\/www.ebihal.hu\\\/en\\\/shop\\\/mucsali\\\/gumicsali\\\/hiki\\\/dwang\\\/dwang-60mm\\\/hiki-dwang-60mm-kek-gumicsali\\\/\"]}]},{\"@type\":\"ImageObject\",\"inLanguage\":\"en-GB\",\"@id\":\"https:\\\/\\\/www.ebihal.hu\\\/en\\\/shop\\\/mucsali\\\/gumicsali\\\/hiki\\\/dwang\\\/dwang-60mm\\\/hiki-dwang-60mm-kek-gumicsali\\\/#primaryimage\",\"url\":\"https:\\\/\\\/www.ebihal.hu\\\/wp-content\\\/uploads\\\/2023\\\/02\\\/kek.png\",\"contentUrl\":\"https:\\\/\\\/www.ebihal.hu\\\/wp-content\\\/uploads\\\/2023\\\/02\\\/kek.png\",\"width\":500,\"height\":500,\"caption\":\"HIKI Dwang k\u00e9k gumicsali\"},{\"@type\":\"BreadcrumbList\",\"@id\":\"https:\\\/\\\/www.ebihal.hu\\\/en\\\/shop\\\/mucsali\\\/gumicsali\\\/hiki\\\/dwang\\\/dwang-60mm\\\/hiki-dwang-60mm-kek-gumicsali\\\/#breadcrumb\",\"itemListElement\":[{\"@type\":\"ListItem\",\"position\":1,\"name\":\"Kezd\u0151lap\",\"item\":\"https:\\\/\\\/www.ebihal.hu\\\/\"},{\"@type\":\"ListItem\",\"position\":2,\"name\":\"M\u0171csali \u00e1ruh\u00e1z\",\"item\":\"https:\\\/\\\/www.ebihal.hu\\\/\"},{\"@type\":\"ListItem\",\"position\":3,\"name\":\"HIKI Dwang 60mm k\u00e9k gumicsali\"}]},{\"@type\":\"WebSite\",\"@id\":\"https:\\\/\\\/www.ebihal.hu\\\/#website\",\"url\":\"https:\\\/\\\/www.ebihal.hu\\\/\",\"name\":\"Ebihal\",\"description\":\"Fish &amp; Jigs\",\"publisher\":{\"@id\":\"https:\\\/\\\/www.ebihal.hu\\\/#organization\"},\"potentialAction\":[{\"@type\":\"SearchAction\",\"target\":{\"@type\":\"EntryPoint\",\"urlTemplate\":\"https:\\\/\\\/www.ebihal.hu\\\/?s={search_term_string}\"},\"query-input\":{\"@type\":\"PropertyValueSpecification\",\"valueRequired\":true,\"valueName\":\"search_term_string\"}}],\"inLanguage\":\"en-GB\"},{\"@type\":\"Organization\",\"@id\":\"https:\\\/\\\/www.ebihal.hu\\\/#organization\",\"name\":\"Bir\u00f3 Csaba egy\u00e9ni v\u00e1llalkoz\u00f3\",\"url\":\"https:\\\/\\\/www.ebihal.hu\\\/\",\"logo\":{\"@type\":\"ImageObject\",\"inLanguage\":\"en-GB\",\"@id\":\"https:\\\/\\\/www.ebihal.hu\\\/#\\\/schema\\\/logo\\\/image\\\/\",\"url\":\"https:\\\/\\\/www.ebihal.hu\\\/wp-content\\\/uploads\\\/2021\\\/02\\\/brand_logo_mini.png\",\"contentUrl\":\"https:\\\/\\\/www.ebihal.hu\\\/wp-content\\\/uploads\\\/2021\\\/02\\\/brand_logo_mini.png\",\"width\":300,\"height\":300,\"caption\":\"Bir\u00f3 Csaba egy\u00e9ni v\u00e1llalkoz\u00f3\"},\"image\":{\"@id\":\"https:\\\/\\\/www.ebihal.hu\\\/#\\\/schema\\\/logo\\\/image\\\/\"},\"sameAs\":[\"https:\\\/\\\/www.facebook.com\\\/ebihal\"]}]}<\/script>\n<!-- \/ Yoast SEO plugin. -->","yoast_head_json":{"title":"HIKI Dwang 60mm k\u00e9k gumicsali - Ebihal","description":"K\u00edn\u00e1latunkb\u00f3l kil\u00f3g a HIKI m\u00e1rka, m\u00e9gis felvett\u00fck k\u00edn\u00e1latunkba kiv\u00e9teles Dwang term\u00e9k\u00fcket, ami rendk\u00edv\u00fcl eredm\u00e9nyes hazai vizeken. K\u00e9k, 6cm.","robots":{"index":"index","follow":"follow","max-snippet":"max-snippet:-1","max-image-preview":"max-image-preview:large","max-video-preview":"max-video-preview:-1"},"canonical":"https:\/\/www.ebihal.hu\/en\/shop\/mucsali\/gumicsali\/hiki\/dwang\/dwang-60mm\/hiki-dwang-60mm-kek-gumicsali\/","og_locale":"en_GB","og_type":"article","og_title":"HIKI Dwang 60mm k\u00e9k gumicsali - Ebihal","og_description":"K\u00edn\u00e1latunkb\u00f3l kil\u00f3g a HIKI m\u00e1rka, m\u00e9gis felvett\u00fck k\u00edn\u00e1latunkba kiv\u00e9teles Dwang term\u00e9k\u00fcket, ami rendk\u00edv\u00fcl eredm\u00e9nyes hazai vizeken. K\u00e9k, 6cm.","og_url":"https:\/\/www.ebihal.hu\/en\/shop\/mucsali\/gumicsali\/hiki\/dwang\/dwang-60mm\/hiki-dwang-60mm-kek-gumicsali\/","og_site_name":"Ebihal","article_publisher":"https:\/\/www.facebook.com\/ebihal","article_modified_time":"2025-12-26T12:01:16+00:00","og_image":[{"width":500,"height":500,"url":"https:\/\/www.ebihal.hu\/wp-content\/uploads\/2023\/02\/kek.png","type":"image\/png"}],"twitter_card":"summary_large_image","twitter_misc":{"Estimated reading time":"2 minutes"},"schema":{"@context":"https:\/\/schema.org","@graph":[{"@type":"WebPage","@id":"https:\/\/www.ebihal.hu\/en\/shop\/mucsali\/gumicsali\/hiki\/dwang\/dwang-60mm\/hiki-dwang-60mm-kek-gumicsali\/","url":"https:\/\/www.ebihal.hu\/en\/shop\/mucsali\/gumicsali\/hiki\/dwang\/dwang-60mm\/hiki-dwang-60mm-kek-gumicsali\/","name":"HIKI Dwang 60mm k\u00e9k gumicsali - Ebihal","isPartOf":{"@id":"https:\/\/www.ebihal.hu\/#website"},"primaryImageOfPage":{"@id":"https:\/\/www.ebihal.hu\/en\/shop\/mucsali\/gumicsali\/hiki\/dwang\/dwang-60mm\/hiki-dwang-60mm-kek-gumicsali\/#primaryimage"},"image":{"@id":"https:\/\/www.ebihal.hu\/en\/shop\/mucsali\/gumicsali\/hiki\/dwang\/dwang-60mm\/hiki-dwang-60mm-kek-gumicsali\/#primaryimage"},"thumbnailUrl":"https:\/\/www.ebihal.hu\/wp-content\/uploads\/2023\/02\/kek.png","datePublished":"2023-06-15T05:32:56+00:00","dateModified":"2025-12-26T12:01:16+00:00","description":"K\u00edn\u00e1latunkb\u00f3l kil\u00f3g a HIKI m\u00e1rka, m\u00e9gis felvett\u00fck k\u00edn\u00e1latunkba kiv\u00e9teles Dwang term\u00e9k\u00fcket, ami rendk\u00edv\u00fcl eredm\u00e9nyes hazai vizeken. K\u00e9k, 6cm.","breadcrumb":{"@id":"https:\/\/www.ebihal.hu\/en\/shop\/mucsali\/gumicsali\/hiki\/dwang\/dwang-60mm\/hiki-dwang-60mm-kek-gumicsali\/#breadcrumb"},"inLanguage":"en-GB","potentialAction":[{"@type":"ReadAction","target":["https:\/\/www.ebihal.hu\/en\/shop\/mucsali\/gumicsali\/hiki\/dwang\/dwang-60mm\/hiki-dwang-60mm-kek-gumicsali\/"]}]},{"@type":"ImageObject","inLanguage":"en-GB","@id":"https:\/\/www.ebihal.hu\/en\/shop\/mucsali\/gumicsali\/hiki\/dwang\/dwang-60mm\/hiki-dwang-60mm-kek-gumicsali\/#primaryimage","url":"https:\/\/www.ebihal.hu\/wp-content\/uploads\/2023\/02\/kek.png","contentUrl":"https:\/\/www.ebihal.hu\/wp-content\/uploads\/2023\/02\/kek.png","width":500,"height":500,"caption":"HIKI Dwang k\u00e9k gumicsali"},{"@type":"BreadcrumbList","@id":"https:\/\/www.ebihal.hu\/en\/shop\/mucsali\/gumicsali\/hiki\/dwang\/dwang-60mm\/hiki-dwang-60mm-kek-gumicsali\/#breadcrumb","itemListElement":[{"@type":"ListItem","position":1,"name":"Kezd\u0151lap","item":"https:\/\/www.ebihal.hu\/"},{"@type":"ListItem","position":2,"name":"M\u0171csali \u00e1ruh\u00e1z","item":"https:\/\/www.ebihal.hu\/"},{"@type":"ListItem","position":3,"name":"HIKI Dwang 60mm k\u00e9k gumicsali"}]},{"@type":"WebSite","@id":"https:\/\/www.ebihal.hu\/#website","url":"https:\/\/www.ebihal.hu\/","name":"Ebihal","description":"Fish &amp; Jigs","publisher":{"@id":"https:\/\/www.ebihal.hu\/#organization"},"potentialAction":[{"@type":"SearchAction","target":{"@type":"EntryPoint","urlTemplate":"https:\/\/www.ebihal.hu\/?s={search_term_string}"},"query-input":{"@type":"PropertyValueSpecification","valueRequired":true,"valueName":"search_term_string"}}],"inLanguage":"en-GB"},{"@type":"Organization","@id":"https:\/\/www.ebihal.hu\/#organization","name":"Bir\u00f3 Csaba egy\u00e9ni v\u00e1llalkoz\u00f3","url":"https:\/\/www.ebihal.hu\/","logo":{"@type":"ImageObject","inLanguage":"en-GB","@id":"https:\/\/www.ebihal.hu\/#\/schema\/logo\/image\/","url":"https:\/\/www.ebihal.hu\/wp-content\/uploads\/2021\/02\/brand_logo_mini.png","contentUrl":"https:\/\/www.ebihal.hu\/wp-content\/uploads\/2021\/02\/brand_logo_mini.png","width":300,"height":300,"caption":"Bir\u00f3 Csaba egy\u00e9ni v\u00e1llalkoz\u00f3"},"image":{"@id":"https:\/\/www.ebihal.hu\/#\/schema\/logo\/image\/"},"sameAs":["https:\/\/www.facebook.com\/ebihal"]}]}},"_links":{"self":[{"href":"https:\/\/www.ebihal.hu\/en\/wp-json\/wp\/v2\/product\/9913","targetHints":{"allow":["GET"]}}],"collection":[{"href":"https:\/\/www.ebihal.hu\/en\/wp-json\/wp\/v2\/product"}],"about":[{"href":"https:\/\/www.ebihal.hu\/en\/wp-json\/wp\/v2\/types\/product"}],"replies":[{"embeddable":true,"href":"https:\/\/www.ebihal.hu\/en\/wp-json\/wp\/v2\/comments?post=9913"}],"wp:featuredmedia":[{"embeddable":true,"href":"https:\/\/www.ebihal.hu\/en\/wp-json\/wp\/v2\/media\/9008"}],"wp:attachment":[{"href":"https:\/\/www.ebihal.hu\/en\/wp-json\/wp\/v2\/media?parent=9913"}],"wp:term":[{"taxonomy":"product_cat","embeddable":true,"href":"https:\/\/www.ebihal.hu\/en\/wp-json\/wp\/v2\/product_cat?post=9913"},{"taxonomy":"product_tag","embeddable":true,"href":"https:\/\/www.ebihal.hu\/en\/wp-json\/wp\/v2\/product_tag?post=9913"}],"curies":[{"name":"wp","href":"https:\/\/api.w.org\/{rel}","templated":true}]}}