{"id":9800,"date":"2023-05-27T13:08:32","date_gmt":"2023-05-27T12:08:32","guid":{"rendered":"https:\/\/www.ebihal.hu\/?post_type=product&#038;p=9800"},"modified":"2023-10-19T15:28:48","modified_gmt":"2023-10-19T14:28:48","slug":"maximus-gravity-microjig-mmjsg202sul-06-5g-pergeto-bot","status":"publish","type":"product","link":"https:\/\/www.ebihal.hu\/en\/shop\/pergeto-bot\/xul-sul-ul-pergeto-botok\/maximus-gravity-microjig-mmjsg202sul-06-5g-pergeto-bot\/","title":{"rendered":"Maximus Gravity Microjig MMJSG202SUL 0.6-5g perget\u0151 bot"},"content":{"rendered":"<p>Az orosz Ecogroup c\u00e9g Maximus botcsal\u00e1dj\u00e1nak <strong>GRAVITY MICRO JIG<\/strong> perget\u0151 botja az egyik legjobb \u00e1r-\u00e9rt\u00e9k ar\u00e1ny\u00fa term\u00e9k a k\u00edn\u00e1latban. A blank nagy modulus\u00fa HME grafitb\u00f3l k\u00e9sz\u00fcl, \u00e9s speci\u00e1lis m\u00f3don (Xwxw technol\u00f3gia) meger\u0151s\u00edtve n\u00f6veli a torzi\u00f3s szil\u00e1rds\u00e1got \u00e9s ellen\u00e1ll\u00e1st. A Gravity k\u00f6nny\u0171 \u00e9s tart\u00f3s v\u00e9kony cirk\u00f3nium-dioxid bet\u00e9ttel ell\u00e1tott <strong>T-Zirconia Slim<\/strong> gy\u0171r\u0171vel van felszerelve.\u00a0 A markolat a nagy \u00e9rz\u00e9kenys\u00e9g\u0171, teny\u00e9rbe simul\u00f3 <strong>TVS ors\u00f3tart\u00f3val<\/strong> ker\u00fclt kialak\u00edt\u00e1sra.<\/p>\n<p>A botv\u00e9g a jobb l\u00e1that\u00f3s\u00e1g \u00e9rdek\u00e9ben feh\u00e9r sz\u00ednt \u00e9s narancs c\u00e9rn\u00e1t, \u00e9s a rockfishing botokhoz ill\u0151 SST <strong>t\u0171spiccet<\/strong> kapott, ami l\u00e1gys\u00e1g\u00e1nak h\u00e1la, elk\u00e9peszt\u0151en \u00e9rz\u00e9keny: vizu\u00e1lisan is kontroll\u00e1lhat\u00f3 a kap\u00e1s a tipen, illetve a l\u00e1gys\u00e1gnak k\u00f6sz\u00f6nhet\u0151en a mikro csalik anim\u00e1l\u00e1sa is k\u00f6nnyebb, mint a t\u00fal fick\u00f3s spiccekn\u00e9l.<\/p>\n<p><iframe loading=\"lazy\" title=\"YouTube video player\" src=\"https:\/\/www.youtube.com\/embed\/l7d57soRbD4\" width=\"560\" height=\"315\" frameborder=\"0\" allowfullscreen=\"allowfullscreen\"><\/iframe><\/p>\n<h4>Additional information<\/h4>\n<table class=\"woocommerce-product-attributes shop_attributes\" aria-label=\"Product Details\" data-no-translation-aria-label=\"\">\n\t\t\t<tr class=\"woocommerce-product-attributes-item woocommerce-product-attributes-item--attribute_pa_brand\">\n\t\t\t<th class=\"woocommerce-product-attributes-item__label\" scope=\"row\">Brand<\/th>\n\t\t\t<td class=\"woocommerce-product-attributes-item__value\"><p>Maximus<\/p>\n<\/td>\n\t\t<\/tr>\n\t\t\t<tr class=\"woocommerce-product-attributes-item woocommerce-product-attributes-item--attribute_botcsal%c3%a1d\">\n\t\t\t<th class=\"woocommerce-product-attributes-item__label\" scope=\"row\">Botcsal\u00e1d<\/th>\n\t\t\t<td class=\"woocommerce-product-attributes-item__value\"><p>Gravity Microjig<\/p>\n<\/td>\n\t\t<\/tr>\n\t\t\t<tr class=\"woocommerce-product-attributes-item woocommerce-product-attributes-item--attribute_t%c3%adpus\">\n\t\t\t<th class=\"woocommerce-product-attributes-item__label\" scope=\"row\">T\u00edpus<\/th>\n\t\t\t<td class=\"woocommerce-product-attributes-item__value\"><p>MMJSG202SUL<\/p>\n<\/td>\n\t\t<\/tr>\n\t\t\t<tr class=\"woocommerce-product-attributes-item woocommerce-product-attributes-item--attribute_pa_meret\">\n\t\t\t<th class=\"woocommerce-product-attributes-item__label\" scope=\"row\">Size<\/th>\n\t\t\t<td class=\"woocommerce-product-attributes-item__value\"><p>200 cm<\/p>\n<\/td>\n\t\t<\/tr>\n\t\t\t<tr class=\"woocommerce-product-attributes-item woocommerce-product-attributes-item--attribute_dob%c3%b3s%c3%baly\">\n\t\t\t<th class=\"woocommerce-product-attributes-item__label\" scope=\"row\">Dob\u00f3s\u00faly<\/th>\n\t\t\t<td class=\"woocommerce-product-attributes-item__value\"><p>0,6-5<\/p>\n<\/td>\n\t\t<\/tr>\n\t\t\t<tr class=\"woocommerce-product-attributes-item woocommerce-product-attributes-item--attribute_akci%c3%b3\">\n\t\t\t<th class=\"woocommerce-product-attributes-item__label\" scope=\"row\">Akci\u00f3<\/th>\n\t\t\t<td class=\"woocommerce-product-attributes-item__value\"><p>Ex-fast<\/p>\n<\/td>\n\t\t<\/tr>\n\t\t\t<tr class=\"woocommerce-product-attributes-item woocommerce-product-attributes-item--attribute_s%c3%baly\">\n\t\t\t<th class=\"woocommerce-product-attributes-item__label\" scope=\"row\">S\u00faly<\/th>\n\t\t\t<td class=\"woocommerce-product-attributes-item__value\"><p>85 g<\/p>\n<\/td>\n\t\t<\/tr>\n\t\t\t<tr class=\"woocommerce-product-attributes-item woocommerce-product-attributes-item--attribute_tagok-sz%c3%a1ma\">\n\t\t\t<th class=\"woocommerce-product-attributes-item__label\" scope=\"row\">Tagok sz\u00e1ma<\/th>\n\t\t\t<td class=\"woocommerce-product-attributes-item__value\"><p>2<\/p>\n<\/td>\n\t\t<\/tr>\n\t\t\t<tr class=\"woocommerce-product-attributes-item woocommerce-product-attributes-item--attribute_gy%c5%b1r%c5%b1k-sz%c3%a1ma\">\n\t\t\t<th class=\"woocommerce-product-attributes-item__label\" scope=\"row\">Gy\u0171r\u0171k sz\u00e1ma<\/th>\n\t\t\t<td class=\"woocommerce-product-attributes-item__value\"><p>8<\/p>\n<\/td>\n\t\t<\/tr>\n\t\t\t<tr class=\"woocommerce-product-attributes-item woocommerce-product-attributes-item--attribute_spicc-t%c3%adpusa\">\n\t\t\t<th class=\"woocommerce-product-attributes-item__label\" scope=\"row\">Spicc t\u00edpusa<\/th>\n\t\t\t<td class=\"woocommerce-product-attributes-item__value\"><p>T\u0171spicc (Soft Sensitive Tip)<\/p>\n<\/td>\n\t\t<\/tr>\n\t<\/table>\n\n<p>&nbsp;<\/p>","protected":false},"excerpt":{"rendered":"<p>Az orosz Ecogroup c\u00e9g Maximus botcsal\u00e1dj\u00e1nak GRAVITY MICRO JIG perget\u0151 botja az egyik legjobb \u00e1r-\u00e9rt\u00e9k ar\u00e1ny\u00fa term\u00e9k a k\u00edn\u00e1latban. A blank nagy modulus\u00fa HME grafitb\u00f3l k\u00e9sz\u00fcl, \u00e9s speci\u00e1lis m\u00f3don (Xwxw technol\u00f3gia) meger\u0151s\u00edtve n\u00f6veli a torzi\u00f3s szil\u00e1rds\u00e1got \u00e9s ellen\u00e1ll\u00e1st. A Gravity k\u00f6nny\u0171 \u00e9s tart\u00f3s v\u00e9kony cirk\u00f3nium-dioxid bet\u00e9ttel ell\u00e1tott T-Zirconia Slim gy\u0171r\u0171vel&hellip; <\/p>","protected":false},"featured_media":9801,"comment_status":"open","ping_status":"closed","template":"","meta":[],"product_cat":[1746,1747],"product_tag":[1775,1774,1773,1753,1759,373],"class_list":{"0":"post-9800","1":"product","2":"type-product","3":"status-publish","4":"has-post-thumbnail","6":"product_brand-maximus","7":"product_cat-pergeto-bot","8":"product_cat-xul-sul-ul-pergeto-botok","9":"product_tag-gravity-microjig","10":"product_tag-maximus","11":"product_tag-mmjsg202sul","12":"product_tag-pergeto-bot","13":"product_tag-sul","14":"product_tag-ul","16":"first","17":"outofstock","18":"shipping-taxable","19":"purchasable","20":"product-type-simple"},"supplier_id":null,"supplier_sku":"","barcode":null,"atum_controlled":true,"out_stock_date":"2023-10-19 14:28:48","out_stock_threshold":null,"inheritable":false,"inbound_stock":0,"stock_on_hold":0,"sold_today":0,"sales_last_days":0,"reserved_stock":0,"customer_returns":0,"warehouse_damage":0,"lost_in_post":0,"other_logs":0,"out_stock_days":908,"lost_sales":0,"has_location":false,"update_date":"2026-04-15T00:32:39","atum_locations":[],"atum_stock_status":"outofstock","restock_status":false,"low_stock_amount":"","sales_update_date":"2026-04-15T00:32:39","calc_backorders":null,"yoast_head":"<!-- This site is optimized with the Yoast SEO plugin v27.4 - https:\/\/yoast.com\/product\/yoast-seo-wordpress\/ -->\n<title>Maximus Gravity Microjig MMJSG202SUL 0.6-5g perget\u0151 bot - Ebihal<\/title>\n<meta name=\"description\" content=\"A Maximus botcsal\u00e1dj\u00e1nak GRAVITY MICRO JIG perget\u0151 botja az egyik legjobb \u00e1r-\u00e9rt\u00e9k ar\u00e1ny\u00fa term\u00e9k a k\u00edn\u00e1latban. Ex-fast akci\u00f3. T\u0171spicc. 0,6-5 g\" \/>\n<meta name=\"robots\" content=\"index, follow, max-snippet:-1, max-image-preview:large, max-video-preview:-1\" \/>\n<link rel=\"canonical\" href=\"https:\/\/www.ebihal.hu\/en\/shop\/pergeto-bot\/xul-sul-ul-pergeto-botok\/maximus-gravity-microjig-mmjsg202sul-06-5g-pergeto-bot\/\" \/>\n<meta property=\"og:locale\" content=\"en_GB\" \/>\n<meta property=\"og:type\" content=\"article\" \/>\n<meta property=\"og:title\" content=\"Maximus Gravity Microjig MMJSG202SUL 0.6-5g perget\u0151 bot - Ebihal\" \/>\n<meta property=\"og:description\" content=\"A Maximus botcsal\u00e1dj\u00e1nak GRAVITY MICRO JIG perget\u0151 botja az egyik legjobb \u00e1r-\u00e9rt\u00e9k ar\u00e1ny\u00fa term\u00e9k a k\u00edn\u00e1latban. Ex-fast akci\u00f3. T\u0171spicc. 0,6-5 g\" \/>\n<meta property=\"og:url\" content=\"https:\/\/www.ebihal.hu\/en\/shop\/pergeto-bot\/xul-sul-ul-pergeto-botok\/maximus-gravity-microjig-mmjsg202sul-06-5g-pergeto-bot\/\" \/>\n<meta property=\"og:site_name\" content=\"Ebihal\" \/>\n<meta property=\"article:publisher\" content=\"https:\/\/www.facebook.com\/ebihal\" \/>\n<meta property=\"article:modified_time\" content=\"2023-10-19T14:28:48+00:00\" \/>\n<meta property=\"og:image\" content=\"https:\/\/www.ebihal.hu\/wp-content\/uploads\/2023\/05\/foo.jpg\" \/>\n\t<meta property=\"og:image:width\" content=\"712\" \/>\n\t<meta property=\"og:image:height\" content=\"726\" \/>\n\t<meta property=\"og:image:type\" content=\"image\/jpeg\" \/>\n<meta name=\"twitter:card\" content=\"summary_large_image\" \/>\n<meta name=\"twitter:label1\" content=\"Estimated reading time\" \/>\n\t<meta name=\"twitter:data1\" content=\"1 minute\" \/>\n<script type=\"application\/ld+json\" class=\"yoast-schema-graph\">{\"@context\":\"https:\\\/\\\/schema.org\",\"@graph\":[{\"@type\":\"WebPage\",\"@id\":\"https:\\\/\\\/www.ebihal.hu\\\/shop\\\/pergeto-bot\\\/xul-sul-ul-pergeto-botok\\\/maximus-gravity-microjig-mmjsg202sul-06-5g-pergeto-bot\\\/\",\"url\":\"https:\\\/\\\/www.ebihal.hu\\\/shop\\\/pergeto-bot\\\/xul-sul-ul-pergeto-botok\\\/maximus-gravity-microjig-mmjsg202sul-06-5g-pergeto-bot\\\/\",\"name\":\"Maximus Gravity Microjig MMJSG202SUL 0.6-5g perget\u0151 bot - Ebihal\",\"isPartOf\":{\"@id\":\"https:\\\/\\\/www.ebihal.hu\\\/#website\"},\"primaryImageOfPage\":{\"@id\":\"https:\\\/\\\/www.ebihal.hu\\\/shop\\\/pergeto-bot\\\/xul-sul-ul-pergeto-botok\\\/maximus-gravity-microjig-mmjsg202sul-06-5g-pergeto-bot\\\/#primaryimage\"},\"image\":{\"@id\":\"https:\\\/\\\/www.ebihal.hu\\\/shop\\\/pergeto-bot\\\/xul-sul-ul-pergeto-botok\\\/maximus-gravity-microjig-mmjsg202sul-06-5g-pergeto-bot\\\/#primaryimage\"},\"thumbnailUrl\":\"https:\\\/\\\/www.ebihal.hu\\\/wp-content\\\/uploads\\\/2023\\\/05\\\/foo.jpg\",\"datePublished\":\"2023-05-27T12:08:32+00:00\",\"dateModified\":\"2023-10-19T14:28:48+00:00\",\"description\":\"A Maximus botcsal\u00e1dj\u00e1nak GRAVITY MICRO JIG perget\u0151 botja az egyik legjobb \u00e1r-\u00e9rt\u00e9k ar\u00e1ny\u00fa term\u00e9k a k\u00edn\u00e1latban. Ex-fast akci\u00f3. T\u0171spicc. 0,6-5 g\",\"breadcrumb\":{\"@id\":\"https:\\\/\\\/www.ebihal.hu\\\/shop\\\/pergeto-bot\\\/xul-sul-ul-pergeto-botok\\\/maximus-gravity-microjig-mmjsg202sul-06-5g-pergeto-bot\\\/#breadcrumb\"},\"inLanguage\":\"en-GB\",\"potentialAction\":[{\"@type\":\"ReadAction\",\"target\":[\"https:\\\/\\\/www.ebihal.hu\\\/shop\\\/pergeto-bot\\\/xul-sul-ul-pergeto-botok\\\/maximus-gravity-microjig-mmjsg202sul-06-5g-pergeto-bot\\\/\"]}]},{\"@type\":\"ImageObject\",\"inLanguage\":\"en-GB\",\"@id\":\"https:\\\/\\\/www.ebihal.hu\\\/shop\\\/pergeto-bot\\\/xul-sul-ul-pergeto-botok\\\/maximus-gravity-microjig-mmjsg202sul-06-5g-pergeto-bot\\\/#primaryimage\",\"url\":\"https:\\\/\\\/www.ebihal.hu\\\/wp-content\\\/uploads\\\/2023\\\/05\\\/foo.jpg\",\"contentUrl\":\"https:\\\/\\\/www.ebihal.hu\\\/wp-content\\\/uploads\\\/2023\\\/05\\\/foo.jpg\",\"width\":712,\"height\":726,\"caption\":\"Maximus Gravity Microjig MMJSG202SUL\"},{\"@type\":\"BreadcrumbList\",\"@id\":\"https:\\\/\\\/www.ebihal.hu\\\/shop\\\/pergeto-bot\\\/xul-sul-ul-pergeto-botok\\\/maximus-gravity-microjig-mmjsg202sul-06-5g-pergeto-bot\\\/#breadcrumb\",\"itemListElement\":[{\"@type\":\"ListItem\",\"position\":1,\"name\":\"Kezd\u0151lap\",\"item\":\"https:\\\/\\\/www.ebihal.hu\\\/\"},{\"@type\":\"ListItem\",\"position\":2,\"name\":\"M\u0171csali \u00e1ruh\u00e1z\",\"item\":\"https:\\\/\\\/www.ebihal.hu\\\/\"},{\"@type\":\"ListItem\",\"position\":3,\"name\":\"Maximus Gravity Microjig MMJSG202SUL 0.6-5g perget\u0151 bot\"}]},{\"@type\":\"WebSite\",\"@id\":\"https:\\\/\\\/www.ebihal.hu\\\/#website\",\"url\":\"https:\\\/\\\/www.ebihal.hu\\\/\",\"name\":\"Ebihal\",\"description\":\"Fish &amp; Jigs\",\"publisher\":{\"@id\":\"https:\\\/\\\/www.ebihal.hu\\\/#organization\"},\"potentialAction\":[{\"@type\":\"SearchAction\",\"target\":{\"@type\":\"EntryPoint\",\"urlTemplate\":\"https:\\\/\\\/www.ebihal.hu\\\/?s={search_term_string}\"},\"query-input\":{\"@type\":\"PropertyValueSpecification\",\"valueRequired\":true,\"valueName\":\"search_term_string\"}}],\"inLanguage\":\"en-GB\"},{\"@type\":\"Organization\",\"@id\":\"https:\\\/\\\/www.ebihal.hu\\\/#organization\",\"name\":\"Bir\u00f3 Csaba egy\u00e9ni v\u00e1llalkoz\u00f3\",\"url\":\"https:\\\/\\\/www.ebihal.hu\\\/\",\"logo\":{\"@type\":\"ImageObject\",\"inLanguage\":\"en-GB\",\"@id\":\"https:\\\/\\\/www.ebihal.hu\\\/#\\\/schema\\\/logo\\\/image\\\/\",\"url\":\"https:\\\/\\\/www.ebihal.hu\\\/wp-content\\\/uploads\\\/2021\\\/02\\\/brand_logo_mini.png\",\"contentUrl\":\"https:\\\/\\\/www.ebihal.hu\\\/wp-content\\\/uploads\\\/2021\\\/02\\\/brand_logo_mini.png\",\"width\":300,\"height\":300,\"caption\":\"Bir\u00f3 Csaba egy\u00e9ni v\u00e1llalkoz\u00f3\"},\"image\":{\"@id\":\"https:\\\/\\\/www.ebihal.hu\\\/#\\\/schema\\\/logo\\\/image\\\/\"},\"sameAs\":[\"https:\\\/\\\/www.facebook.com\\\/ebihal\"]}]}<\/script>\n<!-- \/ Yoast SEO plugin. -->","yoast_head_json":{"title":"Maximus Gravity Microjig MMJSG202SUL 0.6-5g perget\u0151 bot - Ebihal","description":"A Maximus botcsal\u00e1dj\u00e1nak GRAVITY MICRO JIG perget\u0151 botja az egyik legjobb \u00e1r-\u00e9rt\u00e9k ar\u00e1ny\u00fa term\u00e9k a k\u00edn\u00e1latban. Ex-fast akci\u00f3. T\u0171spicc. 0,6-5 g","robots":{"index":"index","follow":"follow","max-snippet":"max-snippet:-1","max-image-preview":"max-image-preview:large","max-video-preview":"max-video-preview:-1"},"canonical":"https:\/\/www.ebihal.hu\/en\/shop\/pergeto-bot\/xul-sul-ul-pergeto-botok\/maximus-gravity-microjig-mmjsg202sul-06-5g-pergeto-bot\/","og_locale":"en_GB","og_type":"article","og_title":"Maximus Gravity Microjig MMJSG202SUL 0.6-5g perget\u0151 bot - Ebihal","og_description":"A Maximus botcsal\u00e1dj\u00e1nak GRAVITY MICRO JIG perget\u0151 botja az egyik legjobb \u00e1r-\u00e9rt\u00e9k ar\u00e1ny\u00fa term\u00e9k a k\u00edn\u00e1latban. Ex-fast akci\u00f3. T\u0171spicc. 0,6-5 g","og_url":"https:\/\/www.ebihal.hu\/en\/shop\/pergeto-bot\/xul-sul-ul-pergeto-botok\/maximus-gravity-microjig-mmjsg202sul-06-5g-pergeto-bot\/","og_site_name":"Ebihal","article_publisher":"https:\/\/www.facebook.com\/ebihal","article_modified_time":"2023-10-19T14:28:48+00:00","og_image":[{"width":712,"height":726,"url":"https:\/\/www.ebihal.hu\/wp-content\/uploads\/2023\/05\/foo.jpg","type":"image\/jpeg"}],"twitter_card":"summary_large_image","twitter_misc":{"Estimated reading time":"1 minute"},"schema":{"@context":"https:\/\/schema.org","@graph":[{"@type":"WebPage","@id":"https:\/\/www.ebihal.hu\/shop\/pergeto-bot\/xul-sul-ul-pergeto-botok\/maximus-gravity-microjig-mmjsg202sul-06-5g-pergeto-bot\/","url":"https:\/\/www.ebihal.hu\/shop\/pergeto-bot\/xul-sul-ul-pergeto-botok\/maximus-gravity-microjig-mmjsg202sul-06-5g-pergeto-bot\/","name":"Maximus Gravity Microjig MMJSG202SUL 0.6-5g perget\u0151 bot - Ebihal","isPartOf":{"@id":"https:\/\/www.ebihal.hu\/#website"},"primaryImageOfPage":{"@id":"https:\/\/www.ebihal.hu\/shop\/pergeto-bot\/xul-sul-ul-pergeto-botok\/maximus-gravity-microjig-mmjsg202sul-06-5g-pergeto-bot\/#primaryimage"},"image":{"@id":"https:\/\/www.ebihal.hu\/shop\/pergeto-bot\/xul-sul-ul-pergeto-botok\/maximus-gravity-microjig-mmjsg202sul-06-5g-pergeto-bot\/#primaryimage"},"thumbnailUrl":"https:\/\/www.ebihal.hu\/wp-content\/uploads\/2023\/05\/foo.jpg","datePublished":"2023-05-27T12:08:32+00:00","dateModified":"2023-10-19T14:28:48+00:00","description":"A Maximus botcsal\u00e1dj\u00e1nak GRAVITY MICRO JIG perget\u0151 botja az egyik legjobb \u00e1r-\u00e9rt\u00e9k ar\u00e1ny\u00fa term\u00e9k a k\u00edn\u00e1latban. Ex-fast akci\u00f3. T\u0171spicc. 0,6-5 g","breadcrumb":{"@id":"https:\/\/www.ebihal.hu\/shop\/pergeto-bot\/xul-sul-ul-pergeto-botok\/maximus-gravity-microjig-mmjsg202sul-06-5g-pergeto-bot\/#breadcrumb"},"inLanguage":"en-GB","potentialAction":[{"@type":"ReadAction","target":["https:\/\/www.ebihal.hu\/shop\/pergeto-bot\/xul-sul-ul-pergeto-botok\/maximus-gravity-microjig-mmjsg202sul-06-5g-pergeto-bot\/"]}]},{"@type":"ImageObject","inLanguage":"en-GB","@id":"https:\/\/www.ebihal.hu\/shop\/pergeto-bot\/xul-sul-ul-pergeto-botok\/maximus-gravity-microjig-mmjsg202sul-06-5g-pergeto-bot\/#primaryimage","url":"https:\/\/www.ebihal.hu\/wp-content\/uploads\/2023\/05\/foo.jpg","contentUrl":"https:\/\/www.ebihal.hu\/wp-content\/uploads\/2023\/05\/foo.jpg","width":712,"height":726,"caption":"Maximus Gravity Microjig MMJSG202SUL"},{"@type":"BreadcrumbList","@id":"https:\/\/www.ebihal.hu\/shop\/pergeto-bot\/xul-sul-ul-pergeto-botok\/maximus-gravity-microjig-mmjsg202sul-06-5g-pergeto-bot\/#breadcrumb","itemListElement":[{"@type":"ListItem","position":1,"name":"Kezd\u0151lap","item":"https:\/\/www.ebihal.hu\/"},{"@type":"ListItem","position":2,"name":"M\u0171csali \u00e1ruh\u00e1z","item":"https:\/\/www.ebihal.hu\/"},{"@type":"ListItem","position":3,"name":"Maximus Gravity Microjig MMJSG202SUL 0.6-5g perget\u0151 bot"}]},{"@type":"WebSite","@id":"https:\/\/www.ebihal.hu\/#website","url":"https:\/\/www.ebihal.hu\/","name":"Ebihal","description":"Fish &amp; Jigs","publisher":{"@id":"https:\/\/www.ebihal.hu\/#organization"},"potentialAction":[{"@type":"SearchAction","target":{"@type":"EntryPoint","urlTemplate":"https:\/\/www.ebihal.hu\/?s={search_term_string}"},"query-input":{"@type":"PropertyValueSpecification","valueRequired":true,"valueName":"search_term_string"}}],"inLanguage":"en-GB"},{"@type":"Organization","@id":"https:\/\/www.ebihal.hu\/#organization","name":"Bir\u00f3 Csaba egy\u00e9ni v\u00e1llalkoz\u00f3","url":"https:\/\/www.ebihal.hu\/","logo":{"@type":"ImageObject","inLanguage":"en-GB","@id":"https:\/\/www.ebihal.hu\/#\/schema\/logo\/image\/","url":"https:\/\/www.ebihal.hu\/wp-content\/uploads\/2021\/02\/brand_logo_mini.png","contentUrl":"https:\/\/www.ebihal.hu\/wp-content\/uploads\/2021\/02\/brand_logo_mini.png","width":300,"height":300,"caption":"Bir\u00f3 Csaba egy\u00e9ni v\u00e1llalkoz\u00f3"},"image":{"@id":"https:\/\/www.ebihal.hu\/#\/schema\/logo\/image\/"},"sameAs":["https:\/\/www.facebook.com\/ebihal"]}]}},"_links":{"self":[{"href":"https:\/\/www.ebihal.hu\/en\/wp-json\/wp\/v2\/product\/9800","targetHints":{"allow":["GET"]}}],"collection":[{"href":"https:\/\/www.ebihal.hu\/en\/wp-json\/wp\/v2\/product"}],"about":[{"href":"https:\/\/www.ebihal.hu\/en\/wp-json\/wp\/v2\/types\/product"}],"replies":[{"embeddable":true,"href":"https:\/\/www.ebihal.hu\/en\/wp-json\/wp\/v2\/comments?post=9800"}],"wp:featuredmedia":[{"embeddable":true,"href":"https:\/\/www.ebihal.hu\/en\/wp-json\/wp\/v2\/media\/9801"}],"wp:attachment":[{"href":"https:\/\/www.ebihal.hu\/en\/wp-json\/wp\/v2\/media?parent=9800"}],"wp:term":[{"taxonomy":"product_cat","embeddable":true,"href":"https:\/\/www.ebihal.hu\/en\/wp-json\/wp\/v2\/product_cat?post=9800"},{"taxonomy":"product_tag","embeddable":true,"href":"https:\/\/www.ebihal.hu\/en\/wp-json\/wp\/v2\/product_tag?post=9800"}],"curies":[{"name":"wp","href":"https:\/\/api.w.org\/{rel}","templated":true}]}}