{"id":9799,"date":"2023-05-27T12:32:48","date_gmt":"2023-05-27T11:32:48","guid":{"rendered":"https:\/\/www.ebihal.hu\/?post_type=product&#038;p=9799"},"modified":"2023-06-10T15:47:33","modified_gmt":"2023-06-10T14:47:33","slug":"zetrix-tezza-tzs-622sul-0-7-4g-pergeto-bot","status":"publish","type":"product","link":"https:\/\/www.ebihal.hu\/en\/shop\/pergeto-bot\/xul-sul-ul-pergeto-botok\/zetrix-tezza-tzs-622sul-0-7-4g-pergeto-bot\/","title":{"rendered":"Zetrix TEZZA TZS-622SUL 0.7-4g perget\u0151 bot"},"content":{"rendered":"<p>Az orosz Mida Company <strong>Zetrix Tezza<\/strong> TZS-622SUL t\u00edpusjel\u0171 <strong>moderate fast<\/strong> akci\u00f3s perget\u0151 botj\u00e1nak karakterisztik\u00e1ja els\u0151sorban a <strong>microjiges<\/strong> technik\u00e1nak kedvez, de kiv\u00e1l\u00f3 v\u00e1laszt\u00e1s patakpec\u00e1ra, mikro kanalak \u00e9s wobblerek felk\u00edn\u00e1l\u00e1s\u00e1ra is. Rendk\u00edv\u00fcl finom, gyors csillap\u00edt\u00e1s\u00fa\u00a0 <strong>cs\u0151spiccet<\/strong> kapott. Kiv\u00e1l\u00f3 a bot s\u00falyeloszt\u00e1sa: nem \u00e9rezz\u00fck a 150-190 grammos (500-1000-es) ors\u00f3 s\u00faly\u00e1t, illetve annyira <strong>\u00e9rz\u00e9keny<\/strong> a blank, hogy nem lehet elmulasztani vele a legfinomabb kap\u00e1st sem.<\/p>\n<p>Azt a dob\u00f3s\u00faly-tartom\u00e1nyt tudja, ami r\u00e1 van \u00edrva &#8211; val\u00f3ban j\u00f3l m\u0171k\u00f6dik ak\u00e1r m\u00e1r f\u00e9l grammt\u00f3l, illetve a n\u00e9gy grammt\u00f3l nem v\u00e1lik &#8222;ny\u00fal\u00f3ss\u00e1&#8221;. Nagyobb halakt\u00f3l sem esik k\u00e9ts\u00e9gbe, sz\u00e9pen <strong>felkem\u00e9nyedik<\/strong> a f\u00e1raszt\u00e1s sor\u00e1n.<\/p>\n<h4>Additional information<\/h4>\n<table class=\"woocommerce-product-attributes shop_attributes\" aria-label=\"Product Details\" data-no-translation-aria-label=\"\">\n\t\t\t<tr class=\"woocommerce-product-attributes-item woocommerce-product-attributes-item--attribute_pa_brand\">\n\t\t\t<th class=\"woocommerce-product-attributes-item__label\" scope=\"row\">Brand<\/th>\n\t\t\t<td class=\"woocommerce-product-attributes-item__value\"><p>Zetrix<\/p>\n<\/td>\n\t\t<\/tr>\n\t\t\t<tr class=\"woocommerce-product-attributes-item woocommerce-product-attributes-item--attribute_botcsal%c3%a1d\">\n\t\t\t<th class=\"woocommerce-product-attributes-item__label\" scope=\"row\">Botcsal\u00e1d<\/th>\n\t\t\t<td class=\"woocommerce-product-attributes-item__value\"><p>Tezza<\/p>\n<\/td>\n\t\t<\/tr>\n\t\t\t<tr class=\"woocommerce-product-attributes-item woocommerce-product-attributes-item--attribute_t%c3%adpus\">\n\t\t\t<th class=\"woocommerce-product-attributes-item__label\" scope=\"row\">T\u00edpus<\/th>\n\t\t\t<td class=\"woocommerce-product-attributes-item__value\"><p>TZS-622SUL<\/p>\n<\/td>\n\t\t<\/tr>\n\t\t\t<tr class=\"woocommerce-product-attributes-item woocommerce-product-attributes-item--attribute_pa_meret\">\n\t\t\t<th class=\"woocommerce-product-attributes-item__label\" scope=\"row\">Size<\/th>\n\t\t\t<td class=\"woocommerce-product-attributes-item__value\"><p>189 cm<\/p>\n<\/td>\n\t\t<\/tr>\n\t\t\t<tr class=\"woocommerce-product-attributes-item woocommerce-product-attributes-item--attribute_dobos%c3%baly\">\n\t\t\t<th class=\"woocommerce-product-attributes-item__label\" scope=\"row\">Dobos\u00faly<\/th>\n\t\t\t<td class=\"woocommerce-product-attributes-item__value\"><p>0,7-4<\/p>\n<\/td>\n\t\t<\/tr>\n\t\t\t<tr class=\"woocommerce-product-attributes-item woocommerce-product-attributes-item--attribute_akci%c3%b3\">\n\t\t\t<th class=\"woocommerce-product-attributes-item__label\" scope=\"row\">Akci\u00f3<\/th>\n\t\t\t<td class=\"woocommerce-product-attributes-item__value\"><p>Regular Fast<\/p>\n<\/td>\n\t\t<\/tr>\n\t\t\t<tr class=\"woocommerce-product-attributes-item woocommerce-product-attributes-item--attribute_s%c3%baly\">\n\t\t\t<th class=\"woocommerce-product-attributes-item__label\" scope=\"row\">S\u00faly<\/th>\n\t\t\t<td class=\"woocommerce-product-attributes-item__value\"><p>67 g<\/p>\n<\/td>\n\t\t<\/tr>\n\t\t\t<tr class=\"woocommerce-product-attributes-item woocommerce-product-attributes-item--attribute_tagok-sz%c3%a1ma\">\n\t\t\t<th class=\"woocommerce-product-attributes-item__label\" scope=\"row\">Tagok sz\u00e1ma<\/th>\n\t\t\t<td class=\"woocommerce-product-attributes-item__value\"><p>2<\/p>\n<\/td>\n\t\t<\/tr>\n\t\t\t<tr class=\"woocommerce-product-attributes-item woocommerce-product-attributes-item--attribute_pe\">\n\t\t\t<th class=\"woocommerce-product-attributes-item__label\" scope=\"row\">PE<\/th>\n\t\t\t<td class=\"woocommerce-product-attributes-item__value\"><p>0,2-0,4<\/p>\n<\/td>\n\t\t<\/tr>\n\t\t\t<tr class=\"woocommerce-product-attributes-item woocommerce-product-attributes-item--attribute_pa_madein\">\n\t\t\t<th class=\"woocommerce-product-attributes-item__label\" scope=\"row\">Country of origin<\/th>\n\t\t\t<td class=\"woocommerce-product-attributes-item__value\"><p>Oroszorsz\u00e1g<\/p>\n<\/td>\n\t\t<\/tr>\n\t<\/table>\n\n<p><iframe loading=\"lazy\" title=\"YouTube video player\" src=\"https:\/\/www.youtube.com\/embed\/1Fph5d8HTdQ\" width=\"560\" height=\"315\" frameborder=\"0\" allowfullscreen=\"allowfullscreen\"><\/iframe><\/p>","protected":false},"excerpt":{"rendered":"<p>Az orosz Mida Company Zetrix Tezza TZS-622SUL t\u00edpusjel\u0171 moderate fast akci\u00f3s perget\u0151 botj\u00e1nak karakterisztik\u00e1ja els\u0151sorban a microjiges technik\u00e1nak kedvez, de kiv\u00e1l\u00f3 v\u00e1laszt\u00e1s patakpec\u00e1ra, mikro kanalak \u00e9s wobblerek felk\u00edn\u00e1l\u00e1s\u00e1ra is. Rendk\u00edv\u00fcl finom, gyors csillap\u00edt\u00e1s\u00fa\u00a0 cs\u0151spiccet kapott. Kiv\u00e1l\u00f3 a bot s\u00falyeloszt\u00e1sa: nem \u00e9rezz\u00fck a 150-190 grammos (500-1000-es) ors\u00f3 s\u00faly\u00e1t, illetve annyira \u00e9rz\u00e9keny&hellip; <\/p>","protected":false},"featured_media":9794,"comment_status":"open","ping_status":"closed","template":"","meta":[],"product_cat":[1746,605,1747],"product_tag":[1424,1753,1759,1766,1768,373,1760,1752],"class_list":{"0":"post-9799","1":"product","2":"type-product","3":"status-publish","4":"has-post-thumbnail","6":"product_brand-zetrix","7":"product_cat-pergeto-bot","8":"product_cat-ujdonsagok","9":"product_cat-xul-sul-ul-pergeto-botok","10":"product_tag-mormishing","11":"product_tag-pergeto-bot","12":"product_tag-sul","13":"product_tag-tezza","14":"product_tag-tzs-622sul","15":"product_tag-ul","16":"product_tag-xul","17":"product_tag-zetrix","19":"first","20":"outofstock","21":"shipping-taxable","22":"purchasable","23":"product-type-simple"},"supplier_id":null,"supplier_sku":"","barcode":null,"atum_controlled":true,"out_stock_date":"2023-06-10 14:47:33","out_stock_threshold":null,"inheritable":false,"inbound_stock":0,"stock_on_hold":0,"sold_today":0,"sales_last_days":0,"reserved_stock":0,"customer_returns":0,"warehouse_damage":0,"lost_in_post":0,"other_logs":0,"out_stock_days":1039,"lost_sales":0,"has_location":false,"update_date":"2026-04-15T00:30:17","atum_locations":[],"atum_stock_status":"outofstock","restock_status":false,"low_stock_amount":"","sales_update_date":"2026-04-15T00:30:17","calc_backorders":null,"yoast_head":"<!-- This site is optimized with the Yoast SEO plugin v27.4 - https:\/\/yoast.com\/product\/yoast-seo-wordpress\/ -->\n<title>Zetrix TEZZA TZS-622SUL 0.7-4g perget\u0151 bot - Ebihal<\/title>\n<meta name=\"description\" content=\"Az orosz Zetrix Tezza TZS-622SUL cs\u0151spicces SUL perget\u0151 botja l\u00e9giess\u00e9g\u00e9vel \u00e9s hiper\u00e9rz\u00e9kenys\u00e9g\u00e9vel t\u0171nik ki a k\u00f6z\u00e9pmez\u0151nyb\u0151l. 0,7-4 g. Regular fast\" \/>\n<meta name=\"robots\" content=\"index, follow, max-snippet:-1, max-image-preview:large, max-video-preview:-1\" \/>\n<link rel=\"canonical\" href=\"https:\/\/www.ebihal.hu\/en\/shop\/pergeto-bot\/xul-sul-ul-pergeto-botok\/zetrix-tezza-tzs-622sul-0-7-4g-pergeto-bot\/\" \/>\n<meta property=\"og:locale\" content=\"en_GB\" \/>\n<meta property=\"og:type\" content=\"article\" \/>\n<meta property=\"og:title\" content=\"Zetrix TEZZA TZS-622SUL 0.7-4g perget\u0151 bot - Ebihal\" \/>\n<meta property=\"og:description\" content=\"Az orosz Zetrix Tezza TZS-622SUL cs\u0151spicces SUL perget\u0151 botja l\u00e9giess\u00e9g\u00e9vel \u00e9s hiper\u00e9rz\u00e9kenys\u00e9g\u00e9vel t\u0171nik ki a k\u00f6z\u00e9pmez\u0151nyb\u0151l. 0,7-4 g. Regular fast\" \/>\n<meta property=\"og:url\" content=\"https:\/\/www.ebihal.hu\/en\/shop\/pergeto-bot\/xul-sul-ul-pergeto-botok\/zetrix-tezza-tzs-622sul-0-7-4g-pergeto-bot\/\" \/>\n<meta property=\"og:site_name\" content=\"Ebihal\" \/>\n<meta property=\"article:publisher\" content=\"https:\/\/www.facebook.com\/ebihal\" \/>\n<meta property=\"article:modified_time\" content=\"2023-06-10T14:47:33+00:00\" \/>\n<meta property=\"og:image\" content=\"https:\/\/www.ebihal.hu\/wp-content\/uploads\/2023\/05\/TZS-602XUL.png\" \/>\n\t<meta property=\"og:image:width\" content=\"1050\" \/>\n\t<meta property=\"og:image:height\" content=\"1050\" \/>\n\t<meta property=\"og:image:type\" content=\"image\/png\" \/>\n<meta name=\"twitter:card\" content=\"summary_large_image\" \/>\n<meta name=\"twitter:label1\" content=\"Estimated reading time\" \/>\n\t<meta name=\"twitter:data1\" content=\"1 minute\" \/>\n<script type=\"application\/ld+json\" class=\"yoast-schema-graph\">{\"@context\":\"https:\\\/\\\/schema.org\",\"@graph\":[{\"@type\":\"WebPage\",\"@id\":\"https:\\\/\\\/www.ebihal.hu\\\/shop\\\/pergeto-bot\\\/xul-sul-ul-pergeto-botok\\\/zetrix-tezza-tzs-622sul-0-7-4g-pergeto-bot\\\/\",\"url\":\"https:\\\/\\\/www.ebihal.hu\\\/shop\\\/pergeto-bot\\\/xul-sul-ul-pergeto-botok\\\/zetrix-tezza-tzs-622sul-0-7-4g-pergeto-bot\\\/\",\"name\":\"Zetrix TEZZA TZS-622SUL 0.7-4g perget\u0151 bot - Ebihal\",\"isPartOf\":{\"@id\":\"https:\\\/\\\/www.ebihal.hu\\\/#website\"},\"primaryImageOfPage\":{\"@id\":\"https:\\\/\\\/www.ebihal.hu\\\/shop\\\/pergeto-bot\\\/xul-sul-ul-pergeto-botok\\\/zetrix-tezza-tzs-622sul-0-7-4g-pergeto-bot\\\/#primaryimage\"},\"image\":{\"@id\":\"https:\\\/\\\/www.ebihal.hu\\\/shop\\\/pergeto-bot\\\/xul-sul-ul-pergeto-botok\\\/zetrix-tezza-tzs-622sul-0-7-4g-pergeto-bot\\\/#primaryimage\"},\"thumbnailUrl\":\"https:\\\/\\\/www.ebihal.hu\\\/wp-content\\\/uploads\\\/2023\\\/05\\\/TZS-602XUL.png\",\"datePublished\":\"2023-05-27T11:32:48+00:00\",\"dateModified\":\"2023-06-10T14:47:33+00:00\",\"description\":\"Az orosz Zetrix Tezza TZS-622SUL cs\u0151spicces SUL perget\u0151 botja l\u00e9giess\u00e9g\u00e9vel \u00e9s hiper\u00e9rz\u00e9kenys\u00e9g\u00e9vel t\u0171nik ki a k\u00f6z\u00e9pmez\u0151nyb\u0151l. 0,7-4 g. Regular fast\",\"breadcrumb\":{\"@id\":\"https:\\\/\\\/www.ebihal.hu\\\/shop\\\/pergeto-bot\\\/xul-sul-ul-pergeto-botok\\\/zetrix-tezza-tzs-622sul-0-7-4g-pergeto-bot\\\/#breadcrumb\"},\"inLanguage\":\"en-GB\",\"potentialAction\":[{\"@type\":\"ReadAction\",\"target\":[\"https:\\\/\\\/www.ebihal.hu\\\/shop\\\/pergeto-bot\\\/xul-sul-ul-pergeto-botok\\\/zetrix-tezza-tzs-622sul-0-7-4g-pergeto-bot\\\/\"]}]},{\"@type\":\"ImageObject\",\"inLanguage\":\"en-GB\",\"@id\":\"https:\\\/\\\/www.ebihal.hu\\\/shop\\\/pergeto-bot\\\/xul-sul-ul-pergeto-botok\\\/zetrix-tezza-tzs-622sul-0-7-4g-pergeto-bot\\\/#primaryimage\",\"url\":\"https:\\\/\\\/www.ebihal.hu\\\/wp-content\\\/uploads\\\/2023\\\/05\\\/TZS-602XUL.png\",\"contentUrl\":\"https:\\\/\\\/www.ebihal.hu\\\/wp-content\\\/uploads\\\/2023\\\/05\\\/TZS-602XUL.png\",\"width\":1050,\"height\":1050,\"caption\":\"Zetrix Tezza TZS-602XUL\"},{\"@type\":\"BreadcrumbList\",\"@id\":\"https:\\\/\\\/www.ebihal.hu\\\/shop\\\/pergeto-bot\\\/xul-sul-ul-pergeto-botok\\\/zetrix-tezza-tzs-622sul-0-7-4g-pergeto-bot\\\/#breadcrumb\",\"itemListElement\":[{\"@type\":\"ListItem\",\"position\":1,\"name\":\"Kezd\u0151lap\",\"item\":\"https:\\\/\\\/www.ebihal.hu\\\/\"},{\"@type\":\"ListItem\",\"position\":2,\"name\":\"M\u0171csali \u00e1ruh\u00e1z\",\"item\":\"https:\\\/\\\/www.ebihal.hu\\\/\"},{\"@type\":\"ListItem\",\"position\":3,\"name\":\"Zetrix TEZZA TZS-622SUL 0.7-4g perget\u0151 bot\"}]},{\"@type\":\"WebSite\",\"@id\":\"https:\\\/\\\/www.ebihal.hu\\\/#website\",\"url\":\"https:\\\/\\\/www.ebihal.hu\\\/\",\"name\":\"Ebihal\",\"description\":\"Fish &amp; Jigs\",\"publisher\":{\"@id\":\"https:\\\/\\\/www.ebihal.hu\\\/#organization\"},\"potentialAction\":[{\"@type\":\"SearchAction\",\"target\":{\"@type\":\"EntryPoint\",\"urlTemplate\":\"https:\\\/\\\/www.ebihal.hu\\\/?s={search_term_string}\"},\"query-input\":{\"@type\":\"PropertyValueSpecification\",\"valueRequired\":true,\"valueName\":\"search_term_string\"}}],\"inLanguage\":\"en-GB\"},{\"@type\":\"Organization\",\"@id\":\"https:\\\/\\\/www.ebihal.hu\\\/#organization\",\"name\":\"Bir\u00f3 Csaba egy\u00e9ni v\u00e1llalkoz\u00f3\",\"url\":\"https:\\\/\\\/www.ebihal.hu\\\/\",\"logo\":{\"@type\":\"ImageObject\",\"inLanguage\":\"en-GB\",\"@id\":\"https:\\\/\\\/www.ebihal.hu\\\/#\\\/schema\\\/logo\\\/image\\\/\",\"url\":\"https:\\\/\\\/www.ebihal.hu\\\/wp-content\\\/uploads\\\/2021\\\/02\\\/brand_logo_mini.png\",\"contentUrl\":\"https:\\\/\\\/www.ebihal.hu\\\/wp-content\\\/uploads\\\/2021\\\/02\\\/brand_logo_mini.png\",\"width\":300,\"height\":300,\"caption\":\"Bir\u00f3 Csaba egy\u00e9ni v\u00e1llalkoz\u00f3\"},\"image\":{\"@id\":\"https:\\\/\\\/www.ebihal.hu\\\/#\\\/schema\\\/logo\\\/image\\\/\"},\"sameAs\":[\"https:\\\/\\\/www.facebook.com\\\/ebihal\"]}]}<\/script>\n<!-- \/ Yoast SEO plugin. -->","yoast_head_json":{"title":"Zetrix TEZZA TZS-622SUL 0.7-4g perget\u0151 bot - Ebihal","description":"Az orosz Zetrix Tezza TZS-622SUL cs\u0151spicces SUL perget\u0151 botja l\u00e9giess\u00e9g\u00e9vel \u00e9s hiper\u00e9rz\u00e9kenys\u00e9g\u00e9vel t\u0171nik ki a k\u00f6z\u00e9pmez\u0151nyb\u0151l. 0,7-4 g. Regular fast","robots":{"index":"index","follow":"follow","max-snippet":"max-snippet:-1","max-image-preview":"max-image-preview:large","max-video-preview":"max-video-preview:-1"},"canonical":"https:\/\/www.ebihal.hu\/en\/shop\/pergeto-bot\/xul-sul-ul-pergeto-botok\/zetrix-tezza-tzs-622sul-0-7-4g-pergeto-bot\/","og_locale":"en_GB","og_type":"article","og_title":"Zetrix TEZZA TZS-622SUL 0.7-4g perget\u0151 bot - Ebihal","og_description":"Az orosz Zetrix Tezza TZS-622SUL cs\u0151spicces SUL perget\u0151 botja l\u00e9giess\u00e9g\u00e9vel \u00e9s hiper\u00e9rz\u00e9kenys\u00e9g\u00e9vel t\u0171nik ki a k\u00f6z\u00e9pmez\u0151nyb\u0151l. 0,7-4 g. Regular fast","og_url":"https:\/\/www.ebihal.hu\/en\/shop\/pergeto-bot\/xul-sul-ul-pergeto-botok\/zetrix-tezza-tzs-622sul-0-7-4g-pergeto-bot\/","og_site_name":"Ebihal","article_publisher":"https:\/\/www.facebook.com\/ebihal","article_modified_time":"2023-06-10T14:47:33+00:00","og_image":[{"width":1050,"height":1050,"url":"https:\/\/www.ebihal.hu\/wp-content\/uploads\/2023\/05\/TZS-602XUL.png","type":"image\/png"}],"twitter_card":"summary_large_image","twitter_misc":{"Estimated reading time":"1 minute"},"schema":{"@context":"https:\/\/schema.org","@graph":[{"@type":"WebPage","@id":"https:\/\/www.ebihal.hu\/shop\/pergeto-bot\/xul-sul-ul-pergeto-botok\/zetrix-tezza-tzs-622sul-0-7-4g-pergeto-bot\/","url":"https:\/\/www.ebihal.hu\/shop\/pergeto-bot\/xul-sul-ul-pergeto-botok\/zetrix-tezza-tzs-622sul-0-7-4g-pergeto-bot\/","name":"Zetrix TEZZA TZS-622SUL 0.7-4g perget\u0151 bot - Ebihal","isPartOf":{"@id":"https:\/\/www.ebihal.hu\/#website"},"primaryImageOfPage":{"@id":"https:\/\/www.ebihal.hu\/shop\/pergeto-bot\/xul-sul-ul-pergeto-botok\/zetrix-tezza-tzs-622sul-0-7-4g-pergeto-bot\/#primaryimage"},"image":{"@id":"https:\/\/www.ebihal.hu\/shop\/pergeto-bot\/xul-sul-ul-pergeto-botok\/zetrix-tezza-tzs-622sul-0-7-4g-pergeto-bot\/#primaryimage"},"thumbnailUrl":"https:\/\/www.ebihal.hu\/wp-content\/uploads\/2023\/05\/TZS-602XUL.png","datePublished":"2023-05-27T11:32:48+00:00","dateModified":"2023-06-10T14:47:33+00:00","description":"Az orosz Zetrix Tezza TZS-622SUL cs\u0151spicces SUL perget\u0151 botja l\u00e9giess\u00e9g\u00e9vel \u00e9s hiper\u00e9rz\u00e9kenys\u00e9g\u00e9vel t\u0171nik ki a k\u00f6z\u00e9pmez\u0151nyb\u0151l. 0,7-4 g. Regular fast","breadcrumb":{"@id":"https:\/\/www.ebihal.hu\/shop\/pergeto-bot\/xul-sul-ul-pergeto-botok\/zetrix-tezza-tzs-622sul-0-7-4g-pergeto-bot\/#breadcrumb"},"inLanguage":"en-GB","potentialAction":[{"@type":"ReadAction","target":["https:\/\/www.ebihal.hu\/shop\/pergeto-bot\/xul-sul-ul-pergeto-botok\/zetrix-tezza-tzs-622sul-0-7-4g-pergeto-bot\/"]}]},{"@type":"ImageObject","inLanguage":"en-GB","@id":"https:\/\/www.ebihal.hu\/shop\/pergeto-bot\/xul-sul-ul-pergeto-botok\/zetrix-tezza-tzs-622sul-0-7-4g-pergeto-bot\/#primaryimage","url":"https:\/\/www.ebihal.hu\/wp-content\/uploads\/2023\/05\/TZS-602XUL.png","contentUrl":"https:\/\/www.ebihal.hu\/wp-content\/uploads\/2023\/05\/TZS-602XUL.png","width":1050,"height":1050,"caption":"Zetrix Tezza TZS-602XUL"},{"@type":"BreadcrumbList","@id":"https:\/\/www.ebihal.hu\/shop\/pergeto-bot\/xul-sul-ul-pergeto-botok\/zetrix-tezza-tzs-622sul-0-7-4g-pergeto-bot\/#breadcrumb","itemListElement":[{"@type":"ListItem","position":1,"name":"Kezd\u0151lap","item":"https:\/\/www.ebihal.hu\/"},{"@type":"ListItem","position":2,"name":"M\u0171csali \u00e1ruh\u00e1z","item":"https:\/\/www.ebihal.hu\/"},{"@type":"ListItem","position":3,"name":"Zetrix TEZZA TZS-622SUL 0.7-4g perget\u0151 bot"}]},{"@type":"WebSite","@id":"https:\/\/www.ebihal.hu\/#website","url":"https:\/\/www.ebihal.hu\/","name":"Ebihal","description":"Fish &amp; Jigs","publisher":{"@id":"https:\/\/www.ebihal.hu\/#organization"},"potentialAction":[{"@type":"SearchAction","target":{"@type":"EntryPoint","urlTemplate":"https:\/\/www.ebihal.hu\/?s={search_term_string}"},"query-input":{"@type":"PropertyValueSpecification","valueRequired":true,"valueName":"search_term_string"}}],"inLanguage":"en-GB"},{"@type":"Organization","@id":"https:\/\/www.ebihal.hu\/#organization","name":"Bir\u00f3 Csaba egy\u00e9ni v\u00e1llalkoz\u00f3","url":"https:\/\/www.ebihal.hu\/","logo":{"@type":"ImageObject","inLanguage":"en-GB","@id":"https:\/\/www.ebihal.hu\/#\/schema\/logo\/image\/","url":"https:\/\/www.ebihal.hu\/wp-content\/uploads\/2021\/02\/brand_logo_mini.png","contentUrl":"https:\/\/www.ebihal.hu\/wp-content\/uploads\/2021\/02\/brand_logo_mini.png","width":300,"height":300,"caption":"Bir\u00f3 Csaba egy\u00e9ni v\u00e1llalkoz\u00f3"},"image":{"@id":"https:\/\/www.ebihal.hu\/#\/schema\/logo\/image\/"},"sameAs":["https:\/\/www.facebook.com\/ebihal"]}]}},"_links":{"self":[{"href":"https:\/\/www.ebihal.hu\/en\/wp-json\/wp\/v2\/product\/9799","targetHints":{"allow":["GET"]}}],"collection":[{"href":"https:\/\/www.ebihal.hu\/en\/wp-json\/wp\/v2\/product"}],"about":[{"href":"https:\/\/www.ebihal.hu\/en\/wp-json\/wp\/v2\/types\/product"}],"replies":[{"embeddable":true,"href":"https:\/\/www.ebihal.hu\/en\/wp-json\/wp\/v2\/comments?post=9799"}],"wp:featuredmedia":[{"embeddable":true,"href":"https:\/\/www.ebihal.hu\/en\/wp-json\/wp\/v2\/media\/9794"}],"wp:attachment":[{"href":"https:\/\/www.ebihal.hu\/en\/wp-json\/wp\/v2\/media?parent=9799"}],"wp:term":[{"taxonomy":"product_cat","embeddable":true,"href":"https:\/\/www.ebihal.hu\/en\/wp-json\/wp\/v2\/product_cat?post=9799"},{"taxonomy":"product_tag","embeddable":true,"href":"https:\/\/www.ebihal.hu\/en\/wp-json\/wp\/v2\/product_tag?post=9799"}],"curies":[{"name":"wp","href":"https:\/\/api.w.org\/{rel}","templated":true}]}}