{"id":9782,"date":"2023-05-27T11:14:59","date_gmt":"2023-05-27T10:14:59","guid":{"rendered":"https:\/\/www.ebihal.hu\/?post_type=product&#038;p=9782"},"modified":"2025-02-22T09:20:14","modified_gmt":"2025-02-22T08:20:14","slug":"zetrix-flair-fls-702sul-2-13m-0-5-5g-pergeto-bot","status":"publish","type":"product","link":"https:\/\/www.ebihal.hu\/en\/shop\/pergeto-bot\/xul-sul-ul-pergeto-botok\/zetrix-flair-fls-702sul-2-13m-0-5-5g-pergeto-bot\/","title":{"rendered":"Zetrix FLAIR FLS-702SUL 2.13m 0.5-5g perget\u0151 bot"},"content":{"rendered":"<p>Az orosz Mida Company <strong>Zetrix Flair<\/strong> FLS-702SUL t\u00edpusjel\u0171 perget\u0151 botj\u00e1nak karakterisztik\u00e1ja els\u0151sorban a j<strong>iges<\/strong> technik\u00e1nak kedvez, de mivel nincs t\u00falfesz\u00edtve, kiv\u00e1l\u00f3an alkalmas apr\u00f3 wobblerez\u00e9sre is. Rendk\u00edv\u00fcl finom <strong>t\u0171spiccet<\/strong> kapott, s\u0151t, az eg\u00e9sz bot <strong>l\u00e9gies<\/strong>, k\u00f6nny\u0171, olyan \u00e9rz\u00e9s vele horg\u00e1szni, mintha k\u00f6zvetlen\u00fcl az ujjaink k\u00f6zt futna a zsin\u00f3r. Nem \u00e9rezz\u00fck a 150-200 grammos (800-1000-1500-as) ors\u00f3 s\u00faly\u00e1t, illetve annyira <strong>\u00e9rz\u00e9keny<\/strong> a blank, hogy nem lehet elmulasztani vele a legfinomabb kap\u00e1st sem.<\/p>\n<p>Azt a dob\u00f3s\u00faly-tartom\u00e1nyt tudja, ami r\u00e1 van \u00edrva, val\u00f3ban j\u00f3l m\u0171k\u00f6dik m\u00e1r f\u00e9l grammt\u00f3l, de az \u00f6t grammt\u00f3l sem v\u00e1lik &#8222;ny\u00fal\u00f3ss\u00e1&#8221;. Ide\u00e1lis <strong>mindenes<\/strong>, nanojiges \u00e9s UL pec\u00e1ra.<\/p>\n<h4>Additional information<\/h4>\n<table class=\"woocommerce-product-attributes shop_attributes\" aria-label=\"Product Details\" data-no-translation-aria-label=\"\">\n\t\t\t<tr class=\"woocommerce-product-attributes-item woocommerce-product-attributes-item--attribute_pa_brand\">\n\t\t\t<th class=\"woocommerce-product-attributes-item__label\" scope=\"row\">Brand<\/th>\n\t\t\t<td class=\"woocommerce-product-attributes-item__value\"><p>Zetrix<\/p>\n<\/td>\n\t\t<\/tr>\n\t\t\t<tr class=\"woocommerce-product-attributes-item woocommerce-product-attributes-item--attribute_botcsal%c3%a1d\">\n\t\t\t<th class=\"woocommerce-product-attributes-item__label\" scope=\"row\">Botcsal\u00e1d<\/th>\n\t\t\t<td class=\"woocommerce-product-attributes-item__value\"><p>Flair<\/p>\n<\/td>\n\t\t<\/tr>\n\t\t\t<tr class=\"woocommerce-product-attributes-item woocommerce-product-attributes-item--attribute_t%c3%adpus\">\n\t\t\t<th class=\"woocommerce-product-attributes-item__label\" scope=\"row\">T\u00edpus<\/th>\n\t\t\t<td class=\"woocommerce-product-attributes-item__value\"><p>FLS-702SUL<\/p>\n<\/td>\n\t\t<\/tr>\n\t\t\t<tr class=\"woocommerce-product-attributes-item woocommerce-product-attributes-item--attribute_pa_meret\">\n\t\t\t<th class=\"woocommerce-product-attributes-item__label\" scope=\"row\">Size<\/th>\n\t\t\t<td class=\"woocommerce-product-attributes-item__value\"><p>213 cm<\/p>\n<\/td>\n\t\t<\/tr>\n\t\t\t<tr class=\"woocommerce-product-attributes-item woocommerce-product-attributes-item--attribute_dobos%c3%baly\">\n\t\t\t<th class=\"woocommerce-product-attributes-item__label\" scope=\"row\">Dobos\u00faly<\/th>\n\t\t\t<td class=\"woocommerce-product-attributes-item__value\"><p>0,5-5<\/p>\n<\/td>\n\t\t<\/tr>\n\t\t\t<tr class=\"woocommerce-product-attributes-item woocommerce-product-attributes-item--attribute_akci%c3%b3\">\n\t\t\t<th class=\"woocommerce-product-attributes-item__label\" scope=\"row\">Akci\u00f3<\/th>\n\t\t\t<td class=\"woocommerce-product-attributes-item__value\"><p>Extra Fast<\/p>\n<\/td>\n\t\t<\/tr>\n\t\t\t<tr class=\"woocommerce-product-attributes-item woocommerce-product-attributes-item--attribute_s%c3%baly\">\n\t\t\t<th class=\"woocommerce-product-attributes-item__label\" scope=\"row\">S\u00faly<\/th>\n\t\t\t<td class=\"woocommerce-product-attributes-item__value\"><p>71 g<\/p>\n<\/td>\n\t\t<\/tr>\n\t\t\t<tr class=\"woocommerce-product-attributes-item woocommerce-product-attributes-item--attribute_tagok-sz%c3%a1ma\">\n\t\t\t<th class=\"woocommerce-product-attributes-item__label\" scope=\"row\">Tagok sz\u00e1ma<\/th>\n\t\t\t<td class=\"woocommerce-product-attributes-item__value\"><p>2<\/p>\n<\/td>\n\t\t<\/tr>\n\t\t\t<tr class=\"woocommerce-product-attributes-item woocommerce-product-attributes-item--attribute_pe\">\n\t\t\t<th class=\"woocommerce-product-attributes-item__label\" scope=\"row\">PE<\/th>\n\t\t\t<td class=\"woocommerce-product-attributes-item__value\"><p>0,2-0,4<\/p>\n<\/td>\n\t\t<\/tr>\n\t\t\t<tr class=\"woocommerce-product-attributes-item woocommerce-product-attributes-item--attribute_pa_madein\">\n\t\t\t<th class=\"woocommerce-product-attributes-item__label\" scope=\"row\">Country of origin<\/th>\n\t\t\t<td class=\"woocommerce-product-attributes-item__value\"><p>Oroszorsz\u00e1g<\/p>\n<\/td>\n\t\t<\/tr>\n\t<\/table>\n\n<p><iframe loading=\"lazy\" title=\"YouTube video player\" src=\"https:\/\/www.youtube.com\/embed\/6GFtgkNR_Lo\" width=\"560\" height=\"315\" frameborder=\"0\" allowfullscreen=\"allowfullscreen\"><\/iframe><\/p>","protected":false},"excerpt":{"rendered":"<p>Az orosz Mida Company Zetrix Flair FLS-702SUL t\u00edpusjel\u0171 perget\u0151 botj\u00e1nak karakterisztik\u00e1ja els\u0151sorban a jiges technik\u00e1nak kedvez, de mivel nincs t\u00falfesz\u00edtve, kiv\u00e1l\u00f3an alkalmas apr\u00f3 wobblerez\u00e9sre is. Rendk\u00edv\u00fcl finom t\u0171spiccet kapott, s\u0151t, az eg\u00e9sz bot l\u00e9gies, k\u00f6nny\u0171, olyan \u00e9rz\u00e9s vele horg\u00e1szni, mintha k\u00f6zvetlen\u00fcl az ujjaink k\u00f6zt futna a zsin\u00f3r. Nem \u00e9rezz\u00fck a&hellip; <\/p>","protected":false},"featured_media":9783,"comment_status":"open","ping_status":"closed","template":"","meta":[],"product_cat":[1746,605,1747],"product_tag":[1762,1761,1424,1753,1759,373,1760,1752],"class_list":{"0":"post-9782","1":"product","2":"type-product","3":"status-publish","4":"has-post-thumbnail","6":"product_brand-zetrix","7":"product_cat-pergeto-bot","8":"product_cat-ujdonsagok","9":"product_cat-xul-sul-ul-pergeto-botok","10":"product_tag-flair","11":"product_tag-fls-702sul","12":"product_tag-mormishing","13":"product_tag-pergeto-bot","14":"product_tag-sul","15":"product_tag-ul","16":"product_tag-xul","17":"product_tag-zetrix","19":"first","20":"outofstock","21":"shipping-taxable","22":"purchasable","23":"product-type-simple"},"supplier_id":null,"supplier_sku":"","barcode":null,"atum_controlled":true,"out_stock_date":"2023-06-08 12:24:37","out_stock_threshold":null,"inheritable":false,"inbound_stock":0,"stock_on_hold":0,"sold_today":0,"sales_last_days":0,"reserved_stock":0,"customer_returns":0,"warehouse_damage":0,"lost_in_post":0,"other_logs":0,"out_stock_days":1041,"lost_sales":0,"has_location":false,"update_date":"2026-04-15T00:30:16","atum_locations":[],"atum_stock_status":"outofstock","restock_status":false,"low_stock_amount":"","sales_update_date":"2026-04-15T00:30:16","calc_backorders":null,"yoast_head":"<!-- This site is optimized with the Yoast SEO plugin v27.4 - https:\/\/yoast.com\/product\/yoast-seo-wordpress\/ -->\n<title>Zetrix FLAIR FLS-702SUL 2.13m 0.5-5g perget\u0151 bot - Ebihal<\/title>\n<meta name=\"description\" content=\"Az orosz Zetrix Flair FLS-702SUL t\u0171spicces UL perget\u0151 botja l\u00e9giess\u00e9g\u00e9vel \u00e9s hiper\u00e9rz\u00e9kenys\u00e9g\u00e9vel t\u0171nik ki a k\u00f6z\u00e9pmez\u0151nyb\u0151l. 0,5-5 g. Extra fast\" \/>\n<meta name=\"robots\" content=\"index, follow, max-snippet:-1, max-image-preview:large, max-video-preview:-1\" \/>\n<link rel=\"canonical\" href=\"https:\/\/www.ebihal.hu\/en\/shop\/pergeto-bot\/xul-sul-ul-pergeto-botok\/zetrix-flair-fls-702sul-2-13m-0-5-5g-pergeto-bot\/\" \/>\n<meta property=\"og:locale\" content=\"en_GB\" \/>\n<meta property=\"og:type\" content=\"article\" \/>\n<meta property=\"og:title\" content=\"Zetrix FLAIR FLS-702SUL 2.13m 0.5-5g perget\u0151 bot - Ebihal\" \/>\n<meta property=\"og:description\" content=\"Az orosz Zetrix Flair FLS-702SUL t\u0171spicces UL perget\u0151 botja l\u00e9giess\u00e9g\u00e9vel \u00e9s hiper\u00e9rz\u00e9kenys\u00e9g\u00e9vel t\u0171nik ki a k\u00f6z\u00e9pmez\u0151nyb\u0151l. 0,5-5 g. Extra fast\" \/>\n<meta property=\"og:url\" content=\"https:\/\/www.ebihal.hu\/en\/shop\/pergeto-bot\/xul-sul-ul-pergeto-botok\/zetrix-flair-fls-702sul-2-13m-0-5-5g-pergeto-bot\/\" \/>\n<meta property=\"og:site_name\" content=\"Ebihal\" \/>\n<meta property=\"article:publisher\" content=\"https:\/\/www.facebook.com\/ebihal\" \/>\n<meta property=\"article:modified_time\" content=\"2025-02-22T08:20:14+00:00\" \/>\n<meta property=\"og:image\" content=\"https:\/\/www.ebihal.hu\/wp-content\/uploads\/2023\/05\/flair.png\" \/>\n\t<meta property=\"og:image:width\" content=\"1050\" \/>\n\t<meta property=\"og:image:height\" content=\"1050\" \/>\n\t<meta property=\"og:image:type\" content=\"image\/png\" \/>\n<meta name=\"twitter:card\" content=\"summary_large_image\" \/>\n<meta name=\"twitter:label1\" content=\"Estimated reading time\" \/>\n\t<meta name=\"twitter:data1\" content=\"1 minute\" \/>\n<script type=\"application\/ld+json\" class=\"yoast-schema-graph\">{\"@context\":\"https:\\\/\\\/schema.org\",\"@graph\":[{\"@type\":\"WebPage\",\"@id\":\"https:\\\/\\\/www.ebihal.hu\\\/shop\\\/pergeto-bot\\\/xul-sul-ul-pergeto-botok\\\/zetrix-flair-fls-702sul-2-13m-0-5-5g-pergeto-bot\\\/\",\"url\":\"https:\\\/\\\/www.ebihal.hu\\\/shop\\\/pergeto-bot\\\/xul-sul-ul-pergeto-botok\\\/zetrix-flair-fls-702sul-2-13m-0-5-5g-pergeto-bot\\\/\",\"name\":\"Zetrix FLAIR FLS-702SUL 2.13m 0.5-5g perget\u0151 bot - Ebihal\",\"isPartOf\":{\"@id\":\"https:\\\/\\\/www.ebihal.hu\\\/#website\"},\"primaryImageOfPage\":{\"@id\":\"https:\\\/\\\/www.ebihal.hu\\\/shop\\\/pergeto-bot\\\/xul-sul-ul-pergeto-botok\\\/zetrix-flair-fls-702sul-2-13m-0-5-5g-pergeto-bot\\\/#primaryimage\"},\"image\":{\"@id\":\"https:\\\/\\\/www.ebihal.hu\\\/shop\\\/pergeto-bot\\\/xul-sul-ul-pergeto-botok\\\/zetrix-flair-fls-702sul-2-13m-0-5-5g-pergeto-bot\\\/#primaryimage\"},\"thumbnailUrl\":\"https:\\\/\\\/www.ebihal.hu\\\/wp-content\\\/uploads\\\/2023\\\/05\\\/flair.png\",\"datePublished\":\"2023-05-27T10:14:59+00:00\",\"dateModified\":\"2025-02-22T08:20:14+00:00\",\"description\":\"Az orosz Zetrix Flair FLS-702SUL t\u0171spicces UL perget\u0151 botja l\u00e9giess\u00e9g\u00e9vel \u00e9s hiper\u00e9rz\u00e9kenys\u00e9g\u00e9vel t\u0171nik ki a k\u00f6z\u00e9pmez\u0151nyb\u0151l. 0,5-5 g. Extra fast\",\"breadcrumb\":{\"@id\":\"https:\\\/\\\/www.ebihal.hu\\\/shop\\\/pergeto-bot\\\/xul-sul-ul-pergeto-botok\\\/zetrix-flair-fls-702sul-2-13m-0-5-5g-pergeto-bot\\\/#breadcrumb\"},\"inLanguage\":\"en-GB\",\"potentialAction\":[{\"@type\":\"ReadAction\",\"target\":[\"https:\\\/\\\/www.ebihal.hu\\\/shop\\\/pergeto-bot\\\/xul-sul-ul-pergeto-botok\\\/zetrix-flair-fls-702sul-2-13m-0-5-5g-pergeto-bot\\\/\"]}]},{\"@type\":\"ImageObject\",\"inLanguage\":\"en-GB\",\"@id\":\"https:\\\/\\\/www.ebihal.hu\\\/shop\\\/pergeto-bot\\\/xul-sul-ul-pergeto-botok\\\/zetrix-flair-fls-702sul-2-13m-0-5-5g-pergeto-bot\\\/#primaryimage\",\"url\":\"https:\\\/\\\/www.ebihal.hu\\\/wp-content\\\/uploads\\\/2023\\\/05\\\/flair.png\",\"contentUrl\":\"https:\\\/\\\/www.ebihal.hu\\\/wp-content\\\/uploads\\\/2023\\\/05\\\/flair.png\",\"width\":1050,\"height\":1050,\"caption\":\"Zetrix Flair\"},{\"@type\":\"BreadcrumbList\",\"@id\":\"https:\\\/\\\/www.ebihal.hu\\\/shop\\\/pergeto-bot\\\/xul-sul-ul-pergeto-botok\\\/zetrix-flair-fls-702sul-2-13m-0-5-5g-pergeto-bot\\\/#breadcrumb\",\"itemListElement\":[{\"@type\":\"ListItem\",\"position\":1,\"name\":\"Kezd\u0151lap\",\"item\":\"https:\\\/\\\/www.ebihal.hu\\\/\"},{\"@type\":\"ListItem\",\"position\":2,\"name\":\"M\u0171csali \u00e1ruh\u00e1z\",\"item\":\"https:\\\/\\\/www.ebihal.hu\\\/\"},{\"@type\":\"ListItem\",\"position\":3,\"name\":\"Zetrix FLAIR FLS-702SUL 2.13m 0.5-5g perget\u0151 bot\"}]},{\"@type\":\"WebSite\",\"@id\":\"https:\\\/\\\/www.ebihal.hu\\\/#website\",\"url\":\"https:\\\/\\\/www.ebihal.hu\\\/\",\"name\":\"Ebihal\",\"description\":\"Fish &amp; Jigs\",\"publisher\":{\"@id\":\"https:\\\/\\\/www.ebihal.hu\\\/#organization\"},\"potentialAction\":[{\"@type\":\"SearchAction\",\"target\":{\"@type\":\"EntryPoint\",\"urlTemplate\":\"https:\\\/\\\/www.ebihal.hu\\\/?s={search_term_string}\"},\"query-input\":{\"@type\":\"PropertyValueSpecification\",\"valueRequired\":true,\"valueName\":\"search_term_string\"}}],\"inLanguage\":\"en-GB\"},{\"@type\":\"Organization\",\"@id\":\"https:\\\/\\\/www.ebihal.hu\\\/#organization\",\"name\":\"Bir\u00f3 Csaba egy\u00e9ni v\u00e1llalkoz\u00f3\",\"url\":\"https:\\\/\\\/www.ebihal.hu\\\/\",\"logo\":{\"@type\":\"ImageObject\",\"inLanguage\":\"en-GB\",\"@id\":\"https:\\\/\\\/www.ebihal.hu\\\/#\\\/schema\\\/logo\\\/image\\\/\",\"url\":\"https:\\\/\\\/www.ebihal.hu\\\/wp-content\\\/uploads\\\/2021\\\/02\\\/brand_logo_mini.png\",\"contentUrl\":\"https:\\\/\\\/www.ebihal.hu\\\/wp-content\\\/uploads\\\/2021\\\/02\\\/brand_logo_mini.png\",\"width\":300,\"height\":300,\"caption\":\"Bir\u00f3 Csaba egy\u00e9ni v\u00e1llalkoz\u00f3\"},\"image\":{\"@id\":\"https:\\\/\\\/www.ebihal.hu\\\/#\\\/schema\\\/logo\\\/image\\\/\"},\"sameAs\":[\"https:\\\/\\\/www.facebook.com\\\/ebihal\"]}]}<\/script>\n<!-- \/ Yoast SEO plugin. -->","yoast_head_json":{"title":"Zetrix FLAIR FLS-702SUL 2.13m 0.5-5g perget\u0151 bot - Ebihal","description":"Az orosz Zetrix Flair FLS-702SUL t\u0171spicces UL perget\u0151 botja l\u00e9giess\u00e9g\u00e9vel \u00e9s hiper\u00e9rz\u00e9kenys\u00e9g\u00e9vel t\u0171nik ki a k\u00f6z\u00e9pmez\u0151nyb\u0151l. 0,5-5 g. Extra fast","robots":{"index":"index","follow":"follow","max-snippet":"max-snippet:-1","max-image-preview":"max-image-preview:large","max-video-preview":"max-video-preview:-1"},"canonical":"https:\/\/www.ebihal.hu\/en\/shop\/pergeto-bot\/xul-sul-ul-pergeto-botok\/zetrix-flair-fls-702sul-2-13m-0-5-5g-pergeto-bot\/","og_locale":"en_GB","og_type":"article","og_title":"Zetrix FLAIR FLS-702SUL 2.13m 0.5-5g perget\u0151 bot - Ebihal","og_description":"Az orosz Zetrix Flair FLS-702SUL t\u0171spicces UL perget\u0151 botja l\u00e9giess\u00e9g\u00e9vel \u00e9s hiper\u00e9rz\u00e9kenys\u00e9g\u00e9vel t\u0171nik ki a k\u00f6z\u00e9pmez\u0151nyb\u0151l. 0,5-5 g. Extra fast","og_url":"https:\/\/www.ebihal.hu\/en\/shop\/pergeto-bot\/xul-sul-ul-pergeto-botok\/zetrix-flair-fls-702sul-2-13m-0-5-5g-pergeto-bot\/","og_site_name":"Ebihal","article_publisher":"https:\/\/www.facebook.com\/ebihal","article_modified_time":"2025-02-22T08:20:14+00:00","og_image":[{"width":1050,"height":1050,"url":"https:\/\/www.ebihal.hu\/wp-content\/uploads\/2023\/05\/flair.png","type":"image\/png"}],"twitter_card":"summary_large_image","twitter_misc":{"Estimated reading time":"1 minute"},"schema":{"@context":"https:\/\/schema.org","@graph":[{"@type":"WebPage","@id":"https:\/\/www.ebihal.hu\/shop\/pergeto-bot\/xul-sul-ul-pergeto-botok\/zetrix-flair-fls-702sul-2-13m-0-5-5g-pergeto-bot\/","url":"https:\/\/www.ebihal.hu\/shop\/pergeto-bot\/xul-sul-ul-pergeto-botok\/zetrix-flair-fls-702sul-2-13m-0-5-5g-pergeto-bot\/","name":"Zetrix FLAIR FLS-702SUL 2.13m 0.5-5g perget\u0151 bot - Ebihal","isPartOf":{"@id":"https:\/\/www.ebihal.hu\/#website"},"primaryImageOfPage":{"@id":"https:\/\/www.ebihal.hu\/shop\/pergeto-bot\/xul-sul-ul-pergeto-botok\/zetrix-flair-fls-702sul-2-13m-0-5-5g-pergeto-bot\/#primaryimage"},"image":{"@id":"https:\/\/www.ebihal.hu\/shop\/pergeto-bot\/xul-sul-ul-pergeto-botok\/zetrix-flair-fls-702sul-2-13m-0-5-5g-pergeto-bot\/#primaryimage"},"thumbnailUrl":"https:\/\/www.ebihal.hu\/wp-content\/uploads\/2023\/05\/flair.png","datePublished":"2023-05-27T10:14:59+00:00","dateModified":"2025-02-22T08:20:14+00:00","description":"Az orosz Zetrix Flair FLS-702SUL t\u0171spicces UL perget\u0151 botja l\u00e9giess\u00e9g\u00e9vel \u00e9s hiper\u00e9rz\u00e9kenys\u00e9g\u00e9vel t\u0171nik ki a k\u00f6z\u00e9pmez\u0151nyb\u0151l. 0,5-5 g. Extra fast","breadcrumb":{"@id":"https:\/\/www.ebihal.hu\/shop\/pergeto-bot\/xul-sul-ul-pergeto-botok\/zetrix-flair-fls-702sul-2-13m-0-5-5g-pergeto-bot\/#breadcrumb"},"inLanguage":"en-GB","potentialAction":[{"@type":"ReadAction","target":["https:\/\/www.ebihal.hu\/shop\/pergeto-bot\/xul-sul-ul-pergeto-botok\/zetrix-flair-fls-702sul-2-13m-0-5-5g-pergeto-bot\/"]}]},{"@type":"ImageObject","inLanguage":"en-GB","@id":"https:\/\/www.ebihal.hu\/shop\/pergeto-bot\/xul-sul-ul-pergeto-botok\/zetrix-flair-fls-702sul-2-13m-0-5-5g-pergeto-bot\/#primaryimage","url":"https:\/\/www.ebihal.hu\/wp-content\/uploads\/2023\/05\/flair.png","contentUrl":"https:\/\/www.ebihal.hu\/wp-content\/uploads\/2023\/05\/flair.png","width":1050,"height":1050,"caption":"Zetrix Flair"},{"@type":"BreadcrumbList","@id":"https:\/\/www.ebihal.hu\/shop\/pergeto-bot\/xul-sul-ul-pergeto-botok\/zetrix-flair-fls-702sul-2-13m-0-5-5g-pergeto-bot\/#breadcrumb","itemListElement":[{"@type":"ListItem","position":1,"name":"Kezd\u0151lap","item":"https:\/\/www.ebihal.hu\/"},{"@type":"ListItem","position":2,"name":"M\u0171csali \u00e1ruh\u00e1z","item":"https:\/\/www.ebihal.hu\/"},{"@type":"ListItem","position":3,"name":"Zetrix FLAIR FLS-702SUL 2.13m 0.5-5g perget\u0151 bot"}]},{"@type":"WebSite","@id":"https:\/\/www.ebihal.hu\/#website","url":"https:\/\/www.ebihal.hu\/","name":"Ebihal","description":"Fish &amp; Jigs","publisher":{"@id":"https:\/\/www.ebihal.hu\/#organization"},"potentialAction":[{"@type":"SearchAction","target":{"@type":"EntryPoint","urlTemplate":"https:\/\/www.ebihal.hu\/?s={search_term_string}"},"query-input":{"@type":"PropertyValueSpecification","valueRequired":true,"valueName":"search_term_string"}}],"inLanguage":"en-GB"},{"@type":"Organization","@id":"https:\/\/www.ebihal.hu\/#organization","name":"Bir\u00f3 Csaba egy\u00e9ni v\u00e1llalkoz\u00f3","url":"https:\/\/www.ebihal.hu\/","logo":{"@type":"ImageObject","inLanguage":"en-GB","@id":"https:\/\/www.ebihal.hu\/#\/schema\/logo\/image\/","url":"https:\/\/www.ebihal.hu\/wp-content\/uploads\/2021\/02\/brand_logo_mini.png","contentUrl":"https:\/\/www.ebihal.hu\/wp-content\/uploads\/2021\/02\/brand_logo_mini.png","width":300,"height":300,"caption":"Bir\u00f3 Csaba egy\u00e9ni v\u00e1llalkoz\u00f3"},"image":{"@id":"https:\/\/www.ebihal.hu\/#\/schema\/logo\/image\/"},"sameAs":["https:\/\/www.facebook.com\/ebihal"]}]}},"_links":{"self":[{"href":"https:\/\/www.ebihal.hu\/en\/wp-json\/wp\/v2\/product\/9782","targetHints":{"allow":["GET"]}}],"collection":[{"href":"https:\/\/www.ebihal.hu\/en\/wp-json\/wp\/v2\/product"}],"about":[{"href":"https:\/\/www.ebihal.hu\/en\/wp-json\/wp\/v2\/types\/product"}],"replies":[{"embeddable":true,"href":"https:\/\/www.ebihal.hu\/en\/wp-json\/wp\/v2\/comments?post=9782"}],"wp:featuredmedia":[{"embeddable":true,"href":"https:\/\/www.ebihal.hu\/en\/wp-json\/wp\/v2\/media\/9783"}],"wp:attachment":[{"href":"https:\/\/www.ebihal.hu\/en\/wp-json\/wp\/v2\/media?parent=9782"}],"wp:term":[{"taxonomy":"product_cat","embeddable":true,"href":"https:\/\/www.ebihal.hu\/en\/wp-json\/wp\/v2\/product_cat?post=9782"},{"taxonomy":"product_tag","embeddable":true,"href":"https:\/\/www.ebihal.hu\/en\/wp-json\/wp\/v2\/product_tag?post=9782"}],"curies":[{"name":"wp","href":"https:\/\/api.w.org\/{rel}","templated":true}]}}