{"id":9772,"date":"2023-06-05T11:46:35","date_gmt":"2023-06-05T10:46:35","guid":{"rendered":"https:\/\/www.ebihal.hu\/?post_type=product&#038;p=9772"},"modified":"2023-10-31T13:33:56","modified_gmt":"2023-10-31T12:33:56","slug":"zetrix-solver-sls-702m-2-13m-6-24g-pergeto-bot","status":"publish","type":"product","link":"https:\/\/www.ebihal.hu\/en\/shop\/pergeto-bot\/l-m-mh-peregto-botok\/zetrix-solver-sls-702m-2-13m-6-24g-pergeto-bot\/","title":{"rendered":"Zetrix Solver SLS-702M 2.13m 6-24g perget\u0151 bot"},"content":{"rendered":"<p>Az orosz Mida Company <strong>Zetrix Solver<\/strong> SLS-702M t\u00edpusjel\u0171 perget\u0151 botj\u00e1nak karakterisztik\u00e1ja els\u0151sorban a j<strong>iges<\/strong> technik\u00e1nak kedvez, feszes, szigor\u00fa p\u00e1lca.<\/p>\n<p>A legjobb \u00e1r-\u00e9rt\u00e9k ar\u00e1ny\u00fa botok egyike. Osztott EVA markolatot kapott. A botv\u00e9g ide\u00e1lis hosszban fekszik fel az alkaron.<\/p>\n<p>3000-es m\u00e9ret\u0171 ors\u00f3 haszn\u00e1lat\u00e1t javasoljuk, 0,5-1,5 PE zsin\u00f3rral felt\u00f6ltve.<\/p>\n<h4>Additional information<\/h4>\n<table class=\"woocommerce-product-attributes shop_attributes\" aria-label=\"Product Details\" data-no-translation-aria-label=\"\">\n\t\t\t<tr class=\"woocommerce-product-attributes-item woocommerce-product-attributes-item--attribute_pa_brand\">\n\t\t\t<th class=\"woocommerce-product-attributes-item__label\" scope=\"row\">Brand<\/th>\n\t\t\t<td class=\"woocommerce-product-attributes-item__value\"><p>Zetrix<\/p>\n<\/td>\n\t\t<\/tr>\n\t\t\t<tr class=\"woocommerce-product-attributes-item woocommerce-product-attributes-item--attribute_botcsal%c3%a1d\">\n\t\t\t<th class=\"woocommerce-product-attributes-item__label\" scope=\"row\">Botcsal\u00e1d<\/th>\n\t\t\t<td class=\"woocommerce-product-attributes-item__value\"><p>Solver<\/p>\n<\/td>\n\t\t<\/tr>\n\t\t\t<tr class=\"woocommerce-product-attributes-item woocommerce-product-attributes-item--attribute_t%c3%adpus\">\n\t\t\t<th class=\"woocommerce-product-attributes-item__label\" scope=\"row\">T\u00edpus<\/th>\n\t\t\t<td class=\"woocommerce-product-attributes-item__value\"><p>SLS-702M<\/p>\n<\/td>\n\t\t<\/tr>\n\t\t\t<tr class=\"woocommerce-product-attributes-item woocommerce-product-attributes-item--attribute_pa_meret\">\n\t\t\t<th class=\"woocommerce-product-attributes-item__label\" scope=\"row\">Size<\/th>\n\t\t\t<td class=\"woocommerce-product-attributes-item__value\"><p>213 cm<\/p>\n<\/td>\n\t\t<\/tr>\n\t\t\t<tr class=\"woocommerce-product-attributes-item woocommerce-product-attributes-item--attribute_dobos%c3%baly\">\n\t\t\t<th class=\"woocommerce-product-attributes-item__label\" scope=\"row\">Dobos\u00faly<\/th>\n\t\t\t<td class=\"woocommerce-product-attributes-item__value\"><p>6-24<\/p>\n<\/td>\n\t\t<\/tr>\n\t\t\t<tr class=\"woocommerce-product-attributes-item woocommerce-product-attributes-item--attribute_akci%c3%b3\">\n\t\t\t<th class=\"woocommerce-product-attributes-item__label\" scope=\"row\">Akci\u00f3<\/th>\n\t\t\t<td class=\"woocommerce-product-attributes-item__value\"><p>Fast<\/p>\n<\/td>\n\t\t<\/tr>\n\t\t\t<tr class=\"woocommerce-product-attributes-item woocommerce-product-attributes-item--attribute_s%c3%baly\">\n\t\t\t<th class=\"woocommerce-product-attributes-item__label\" scope=\"row\">S\u00faly<\/th>\n\t\t\t<td class=\"woocommerce-product-attributes-item__value\"><p>108 g<\/p>\n<\/td>\n\t\t<\/tr>\n\t\t\t<tr class=\"woocommerce-product-attributes-item woocommerce-product-attributes-item--attribute_tagok-sz%c3%a1ma\">\n\t\t\t<th class=\"woocommerce-product-attributes-item__label\" scope=\"row\">Tagok sz\u00e1ma<\/th>\n\t\t\t<td class=\"woocommerce-product-attributes-item__value\"><p>2<\/p>\n<\/td>\n\t\t<\/tr>\n\t\t\t<tr class=\"woocommerce-product-attributes-item woocommerce-product-attributes-item--attribute_pe\">\n\t\t\t<th class=\"woocommerce-product-attributes-item__label\" scope=\"row\">PE<\/th>\n\t\t\t<td class=\"woocommerce-product-attributes-item__value\"><p>0,5-1,5<\/p>\n<\/td>\n\t\t<\/tr>\n\t\t\t<tr class=\"woocommerce-product-attributes-item woocommerce-product-attributes-item--attribute_pa_madein\">\n\t\t\t<th class=\"woocommerce-product-attributes-item__label\" scope=\"row\">Country of origin<\/th>\n\t\t\t<td class=\"woocommerce-product-attributes-item__value\"><p>Oroszorsz\u00e1g<\/p>\n<\/td>\n\t\t<\/tr>\n\t<\/table>\n\n<p><iframe loading=\"lazy\" title=\"YouTube video player\" src=\"https:\/\/www.youtube.com\/embed\/EmqrkhAssGI?si=-0K4rwHrysqRrPiw&amp;start=38\" width=\"560\" height=\"315\" frameborder=\"0\" allowfullscreen=\"allowfullscreen\"><\/iframe><\/p>\n<p><iframe loading=\"lazy\" title=\"YouTube video player\" src=\"https:\/\/www.youtube.com\/embed\/V6FA0QX9nzI\" width=\"560\" height=\"315\" frameborder=\"0\" allowfullscreen=\"allowfullscreen\"><\/iframe><\/p>","protected":false},"excerpt":{"rendered":"<p>Az orosz Mida Company Zetrix Solver SLS-702M t\u00edpusjel\u0171 perget\u0151 botj\u00e1nak karakterisztik\u00e1ja els\u0151sorban a jiges technik\u00e1nak kedvez, feszes, szigor\u00fa p\u00e1lca. A legjobb \u00e1r-\u00e9rt\u00e9k ar\u00e1ny\u00fa botok egyike. Osztott EVA markolatot kapott. A botv\u00e9g ide\u00e1lis hosszban fekszik fel az alkaron. 3000-es m\u00e9ret\u0171 ors\u00f3 haszn\u00e1lat\u00e1t javasoljuk, 0,5-1,5 PE zsin\u00f3rral felt\u00f6ltve. Adatlap<\/p>","protected":false},"featured_media":9774,"comment_status":"open","ping_status":"closed","template":"","meta":[],"product_cat":[1748,1746,605],"product_tag":[1756,1753,1755,1754,1752],"class_list":{"0":"post-9772","1":"product","2":"type-product","3":"status-publish","4":"has-post-thumbnail","6":"product_brand-zetrix","7":"product_cat-l-m-mh-peregto-botok","8":"product_cat-pergeto-bot","9":"product_cat-ujdonsagok","10":"product_tag-m","11":"product_tag-pergeto-bot","12":"product_tag-sls-702m","13":"product_tag-solver","14":"product_tag-zetrix","16":"first","17":"outofstock","18":"sale","19":"shipping-taxable","20":"purchasable","21":"product-type-simple"},"supplier_id":null,"supplier_sku":"","barcode":null,"atum_controlled":true,"out_stock_date":"2023-10-31 12:33:57","out_stock_threshold":null,"inheritable":false,"inbound_stock":0,"stock_on_hold":0,"sold_today":0,"sales_last_days":0,"reserved_stock":0,"customer_returns":0,"warehouse_damage":0,"lost_in_post":0,"other_logs":0,"out_stock_days":896,"lost_sales":0,"has_location":false,"update_date":"2026-04-15T00:30:15","atum_locations":[],"atum_stock_status":"outofstock","restock_status":false,"low_stock_amount":"","sales_update_date":"2026-04-15T00:30:15","calc_backorders":null,"yoast_head":"<!-- This site is optimized with the Yoast SEO plugin v27.4 - https:\/\/yoast.com\/product\/yoast-seo-wordpress\/ -->\n<title>Zetrix Solver SLS-702M 2.13m 6-24g perget\u0151 bot - Ebihal<\/title>\n<meta name=\"robots\" content=\"index, follow, max-snippet:-1, max-image-preview:large, max-video-preview:-1\" \/>\n<link rel=\"canonical\" href=\"https:\/\/www.ebihal.hu\/en\/shop\/pergeto-bot\/l-m-mh-peregto-botok\/zetrix-solver-sls-702m-2-13m-6-24g-pergeto-bot\/\" \/>\n<meta property=\"og:locale\" content=\"en_GB\" \/>\n<meta property=\"og:type\" content=\"article\" \/>\n<meta property=\"og:title\" content=\"Zetrix Solver SLS-702M 2.13m 6-24g perget\u0151 bot - Ebihal\" \/>\n<meta property=\"og:description\" content=\"Az orosz Mida Company Zetrix Solver SLS-702M t\u00edpusjel\u0171 perget\u0151 botj\u00e1nak karakterisztik\u00e1ja els\u0151sorban a jiges technik\u00e1nak kedvez, feszes, szigor\u00fa p\u00e1lca. A legjobb \u00e1r-\u00e9rt\u00e9k ar\u00e1ny\u00fa botok egyike. Osztott EVA markolatot kapott. A botv\u00e9g ide\u00e1lis hosszban fekszik fel az alkaron. 3000-es m\u00e9ret\u0171 ors\u00f3 haszn\u00e1lat\u00e1t javasoljuk, 0,5-1,5 PE zsin\u00f3rral felt\u00f6ltve. Adatlap\" \/>\n<meta property=\"og:url\" content=\"https:\/\/www.ebihal.hu\/en\/shop\/pergeto-bot\/l-m-mh-peregto-botok\/zetrix-solver-sls-702m-2-13m-6-24g-pergeto-bot\/\" \/>\n<meta property=\"og:site_name\" content=\"Ebihal\" \/>\n<meta property=\"article:publisher\" content=\"https:\/\/www.facebook.com\/ebihal\" \/>\n<meta property=\"article:modified_time\" content=\"2023-10-31T12:33:56+00:00\" \/>\n<meta property=\"og:image\" content=\"https:\/\/www.ebihal.hu\/wp-content\/uploads\/2023\/05\/SLS-702M.jpg\" \/>\n\t<meta property=\"og:image:width\" content=\"1050\" \/>\n\t<meta property=\"og:image:height\" content=\"1050\" \/>\n\t<meta property=\"og:image:type\" content=\"image\/jpeg\" \/>\n<meta name=\"twitter:card\" content=\"summary_large_image\" \/>\n<meta name=\"twitter:label1\" content=\"Estimated reading time\" \/>\n\t<meta name=\"twitter:data1\" content=\"1 minute\" \/>\n<script type=\"application\/ld+json\" class=\"yoast-schema-graph\">{\"@context\":\"https:\\\/\\\/schema.org\",\"@graph\":[{\"@type\":\"WebPage\",\"@id\":\"https:\\\/\\\/www.ebihal.hu\\\/shop\\\/pergeto-bot\\\/l-m-mh-peregto-botok\\\/zetrix-solver-sls-702m-2-13m-6-24g-pergeto-bot\\\/\",\"url\":\"https:\\\/\\\/www.ebihal.hu\\\/shop\\\/pergeto-bot\\\/l-m-mh-peregto-botok\\\/zetrix-solver-sls-702m-2-13m-6-24g-pergeto-bot\\\/\",\"name\":\"Zetrix Solver SLS-702M 2.13m 6-24g perget\u0151 bot - Ebihal\",\"isPartOf\":{\"@id\":\"https:\\\/\\\/www.ebihal.hu\\\/#website\"},\"primaryImageOfPage\":{\"@id\":\"https:\\\/\\\/www.ebihal.hu\\\/shop\\\/pergeto-bot\\\/l-m-mh-peregto-botok\\\/zetrix-solver-sls-702m-2-13m-6-24g-pergeto-bot\\\/#primaryimage\"},\"image\":{\"@id\":\"https:\\\/\\\/www.ebihal.hu\\\/shop\\\/pergeto-bot\\\/l-m-mh-peregto-botok\\\/zetrix-solver-sls-702m-2-13m-6-24g-pergeto-bot\\\/#primaryimage\"},\"thumbnailUrl\":\"https:\\\/\\\/www.ebihal.hu\\\/wp-content\\\/uploads\\\/2023\\\/05\\\/SLS-702M.jpg\",\"datePublished\":\"2023-06-05T10:46:35+00:00\",\"dateModified\":\"2023-10-31T12:33:56+00:00\",\"breadcrumb\":{\"@id\":\"https:\\\/\\\/www.ebihal.hu\\\/shop\\\/pergeto-bot\\\/l-m-mh-peregto-botok\\\/zetrix-solver-sls-702m-2-13m-6-24g-pergeto-bot\\\/#breadcrumb\"},\"inLanguage\":\"en-GB\",\"potentialAction\":[{\"@type\":\"ReadAction\",\"target\":[\"https:\\\/\\\/www.ebihal.hu\\\/shop\\\/pergeto-bot\\\/l-m-mh-peregto-botok\\\/zetrix-solver-sls-702m-2-13m-6-24g-pergeto-bot\\\/\"]}]},{\"@type\":\"ImageObject\",\"inLanguage\":\"en-GB\",\"@id\":\"https:\\\/\\\/www.ebihal.hu\\\/shop\\\/pergeto-bot\\\/l-m-mh-peregto-botok\\\/zetrix-solver-sls-702m-2-13m-6-24g-pergeto-bot\\\/#primaryimage\",\"url\":\"https:\\\/\\\/www.ebihal.hu\\\/wp-content\\\/uploads\\\/2023\\\/05\\\/SLS-702M.jpg\",\"contentUrl\":\"https:\\\/\\\/www.ebihal.hu\\\/wp-content\\\/uploads\\\/2023\\\/05\\\/SLS-702M.jpg\",\"width\":1050,\"height\":1050,\"caption\":\"SLS-702M Zetrix Solver\"},{\"@type\":\"BreadcrumbList\",\"@id\":\"https:\\\/\\\/www.ebihal.hu\\\/shop\\\/pergeto-bot\\\/l-m-mh-peregto-botok\\\/zetrix-solver-sls-702m-2-13m-6-24g-pergeto-bot\\\/#breadcrumb\",\"itemListElement\":[{\"@type\":\"ListItem\",\"position\":1,\"name\":\"Kezd\u0151lap\",\"item\":\"https:\\\/\\\/www.ebihal.hu\\\/\"},{\"@type\":\"ListItem\",\"position\":2,\"name\":\"M\u0171csali \u00e1ruh\u00e1z\",\"item\":\"https:\\\/\\\/www.ebihal.hu\\\/\"},{\"@type\":\"ListItem\",\"position\":3,\"name\":\"Zetrix Solver SLS-702M 2.13m 6-24g perget\u0151 bot\"}]},{\"@type\":\"WebSite\",\"@id\":\"https:\\\/\\\/www.ebihal.hu\\\/#website\",\"url\":\"https:\\\/\\\/www.ebihal.hu\\\/\",\"name\":\"Ebihal\",\"description\":\"Fish &amp; Jigs\",\"publisher\":{\"@id\":\"https:\\\/\\\/www.ebihal.hu\\\/#organization\"},\"potentialAction\":[{\"@type\":\"SearchAction\",\"target\":{\"@type\":\"EntryPoint\",\"urlTemplate\":\"https:\\\/\\\/www.ebihal.hu\\\/?s={search_term_string}\"},\"query-input\":{\"@type\":\"PropertyValueSpecification\",\"valueRequired\":true,\"valueName\":\"search_term_string\"}}],\"inLanguage\":\"en-GB\"},{\"@type\":\"Organization\",\"@id\":\"https:\\\/\\\/www.ebihal.hu\\\/#organization\",\"name\":\"Bir\u00f3 Csaba egy\u00e9ni v\u00e1llalkoz\u00f3\",\"url\":\"https:\\\/\\\/www.ebihal.hu\\\/\",\"logo\":{\"@type\":\"ImageObject\",\"inLanguage\":\"en-GB\",\"@id\":\"https:\\\/\\\/www.ebihal.hu\\\/#\\\/schema\\\/logo\\\/image\\\/\",\"url\":\"https:\\\/\\\/www.ebihal.hu\\\/wp-content\\\/uploads\\\/2021\\\/02\\\/brand_logo_mini.png\",\"contentUrl\":\"https:\\\/\\\/www.ebihal.hu\\\/wp-content\\\/uploads\\\/2021\\\/02\\\/brand_logo_mini.png\",\"width\":300,\"height\":300,\"caption\":\"Bir\u00f3 Csaba egy\u00e9ni v\u00e1llalkoz\u00f3\"},\"image\":{\"@id\":\"https:\\\/\\\/www.ebihal.hu\\\/#\\\/schema\\\/logo\\\/image\\\/\"},\"sameAs\":[\"https:\\\/\\\/www.facebook.com\\\/ebihal\"]}]}<\/script>\n<!-- \/ Yoast SEO plugin. -->","yoast_head_json":{"title":"Zetrix Solver SLS-702M 2.13m 6-24g perget\u0151 bot - Ebihal","robots":{"index":"index","follow":"follow","max-snippet":"max-snippet:-1","max-image-preview":"max-image-preview:large","max-video-preview":"max-video-preview:-1"},"canonical":"https:\/\/www.ebihal.hu\/en\/shop\/pergeto-bot\/l-m-mh-peregto-botok\/zetrix-solver-sls-702m-2-13m-6-24g-pergeto-bot\/","og_locale":"en_GB","og_type":"article","og_title":"Zetrix Solver SLS-702M 2.13m 6-24g perget\u0151 bot - Ebihal","og_description":"Az orosz Mida Company Zetrix Solver SLS-702M t\u00edpusjel\u0171 perget\u0151 botj\u00e1nak karakterisztik\u00e1ja els\u0151sorban a jiges technik\u00e1nak kedvez, feszes, szigor\u00fa p\u00e1lca. A legjobb \u00e1r-\u00e9rt\u00e9k ar\u00e1ny\u00fa botok egyike. Osztott EVA markolatot kapott. A botv\u00e9g ide\u00e1lis hosszban fekszik fel az alkaron. 3000-es m\u00e9ret\u0171 ors\u00f3 haszn\u00e1lat\u00e1t javasoljuk, 0,5-1,5 PE zsin\u00f3rral felt\u00f6ltve. Adatlap","og_url":"https:\/\/www.ebihal.hu\/en\/shop\/pergeto-bot\/l-m-mh-peregto-botok\/zetrix-solver-sls-702m-2-13m-6-24g-pergeto-bot\/","og_site_name":"Ebihal","article_publisher":"https:\/\/www.facebook.com\/ebihal","article_modified_time":"2023-10-31T12:33:56+00:00","og_image":[{"width":1050,"height":1050,"url":"https:\/\/www.ebihal.hu\/wp-content\/uploads\/2023\/05\/SLS-702M.jpg","type":"image\/jpeg"}],"twitter_card":"summary_large_image","twitter_misc":{"Estimated reading time":"1 minute"},"schema":{"@context":"https:\/\/schema.org","@graph":[{"@type":"WebPage","@id":"https:\/\/www.ebihal.hu\/shop\/pergeto-bot\/l-m-mh-peregto-botok\/zetrix-solver-sls-702m-2-13m-6-24g-pergeto-bot\/","url":"https:\/\/www.ebihal.hu\/shop\/pergeto-bot\/l-m-mh-peregto-botok\/zetrix-solver-sls-702m-2-13m-6-24g-pergeto-bot\/","name":"Zetrix Solver SLS-702M 2.13m 6-24g perget\u0151 bot - Ebihal","isPartOf":{"@id":"https:\/\/www.ebihal.hu\/#website"},"primaryImageOfPage":{"@id":"https:\/\/www.ebihal.hu\/shop\/pergeto-bot\/l-m-mh-peregto-botok\/zetrix-solver-sls-702m-2-13m-6-24g-pergeto-bot\/#primaryimage"},"image":{"@id":"https:\/\/www.ebihal.hu\/shop\/pergeto-bot\/l-m-mh-peregto-botok\/zetrix-solver-sls-702m-2-13m-6-24g-pergeto-bot\/#primaryimage"},"thumbnailUrl":"https:\/\/www.ebihal.hu\/wp-content\/uploads\/2023\/05\/SLS-702M.jpg","datePublished":"2023-06-05T10:46:35+00:00","dateModified":"2023-10-31T12:33:56+00:00","breadcrumb":{"@id":"https:\/\/www.ebihal.hu\/shop\/pergeto-bot\/l-m-mh-peregto-botok\/zetrix-solver-sls-702m-2-13m-6-24g-pergeto-bot\/#breadcrumb"},"inLanguage":"en-GB","potentialAction":[{"@type":"ReadAction","target":["https:\/\/www.ebihal.hu\/shop\/pergeto-bot\/l-m-mh-peregto-botok\/zetrix-solver-sls-702m-2-13m-6-24g-pergeto-bot\/"]}]},{"@type":"ImageObject","inLanguage":"en-GB","@id":"https:\/\/www.ebihal.hu\/shop\/pergeto-bot\/l-m-mh-peregto-botok\/zetrix-solver-sls-702m-2-13m-6-24g-pergeto-bot\/#primaryimage","url":"https:\/\/www.ebihal.hu\/wp-content\/uploads\/2023\/05\/SLS-702M.jpg","contentUrl":"https:\/\/www.ebihal.hu\/wp-content\/uploads\/2023\/05\/SLS-702M.jpg","width":1050,"height":1050,"caption":"SLS-702M Zetrix Solver"},{"@type":"BreadcrumbList","@id":"https:\/\/www.ebihal.hu\/shop\/pergeto-bot\/l-m-mh-peregto-botok\/zetrix-solver-sls-702m-2-13m-6-24g-pergeto-bot\/#breadcrumb","itemListElement":[{"@type":"ListItem","position":1,"name":"Kezd\u0151lap","item":"https:\/\/www.ebihal.hu\/"},{"@type":"ListItem","position":2,"name":"M\u0171csali \u00e1ruh\u00e1z","item":"https:\/\/www.ebihal.hu\/"},{"@type":"ListItem","position":3,"name":"Zetrix Solver SLS-702M 2.13m 6-24g perget\u0151 bot"}]},{"@type":"WebSite","@id":"https:\/\/www.ebihal.hu\/#website","url":"https:\/\/www.ebihal.hu\/","name":"Ebihal","description":"Fish &amp; Jigs","publisher":{"@id":"https:\/\/www.ebihal.hu\/#organization"},"potentialAction":[{"@type":"SearchAction","target":{"@type":"EntryPoint","urlTemplate":"https:\/\/www.ebihal.hu\/?s={search_term_string}"},"query-input":{"@type":"PropertyValueSpecification","valueRequired":true,"valueName":"search_term_string"}}],"inLanguage":"en-GB"},{"@type":"Organization","@id":"https:\/\/www.ebihal.hu\/#organization","name":"Bir\u00f3 Csaba egy\u00e9ni v\u00e1llalkoz\u00f3","url":"https:\/\/www.ebihal.hu\/","logo":{"@type":"ImageObject","inLanguage":"en-GB","@id":"https:\/\/www.ebihal.hu\/#\/schema\/logo\/image\/","url":"https:\/\/www.ebihal.hu\/wp-content\/uploads\/2021\/02\/brand_logo_mini.png","contentUrl":"https:\/\/www.ebihal.hu\/wp-content\/uploads\/2021\/02\/brand_logo_mini.png","width":300,"height":300,"caption":"Bir\u00f3 Csaba egy\u00e9ni v\u00e1llalkoz\u00f3"},"image":{"@id":"https:\/\/www.ebihal.hu\/#\/schema\/logo\/image\/"},"sameAs":["https:\/\/www.facebook.com\/ebihal"]}]}},"_links":{"self":[{"href":"https:\/\/www.ebihal.hu\/en\/wp-json\/wp\/v2\/product\/9772","targetHints":{"allow":["GET"]}}],"collection":[{"href":"https:\/\/www.ebihal.hu\/en\/wp-json\/wp\/v2\/product"}],"about":[{"href":"https:\/\/www.ebihal.hu\/en\/wp-json\/wp\/v2\/types\/product"}],"replies":[{"embeddable":true,"href":"https:\/\/www.ebihal.hu\/en\/wp-json\/wp\/v2\/comments?post=9772"}],"wp:featuredmedia":[{"embeddable":true,"href":"https:\/\/www.ebihal.hu\/en\/wp-json\/wp\/v2\/media\/9774"}],"wp:attachment":[{"href":"https:\/\/www.ebihal.hu\/en\/wp-json\/wp\/v2\/media?parent=9772"}],"wp:term":[{"taxonomy":"product_cat","embeddable":true,"href":"https:\/\/www.ebihal.hu\/en\/wp-json\/wp\/v2\/product_cat?post=9772"},{"taxonomy":"product_tag","embeddable":true,"href":"https:\/\/www.ebihal.hu\/en\/wp-json\/wp\/v2\/product_tag?post=9772"}],"curies":[{"name":"wp","href":"https:\/\/api.w.org\/{rel}","templated":true}]}}