{"id":9683,"date":"2023-04-22T16:09:23","date_gmt":"2023-04-22T15:09:23","guid":{"rendered":"https:\/\/www.ebihal.hu\/?post_type=product&#038;p=9683"},"modified":"2025-12-14T14:13:06","modified_gmt":"2025-12-14T13:13:06","slug":"siberian-shaman-seryoga-twister-60-mm-017-uv","status":"publish","type":"product","link":"https:\/\/www.ebihal.hu\/en\/shop\/mucsali\/gumicsali\/saman\/seryoga\/seryoga-60-mm\/siberian-shaman-seryoga-twister-60-mm-017-uv\/","title":{"rendered":"Siberian Shaman Seryoga twister 60 mm 017 UV"},"content":{"rendered":"<p>A Siberian Shaman Seryoga <strong>twister<\/strong> egyedi testfel\u00e9p\u00edt\u00e9s\u00e9nek \u00e9s rendk\u00edv\u00fcl sz\u00edv\u00f3s anyag\u00e1nak k\u00f6sz\u00f6nhet\u0151en eredm\u00e9nyesen alkalmazhat\u00f3 mind a csuka, mind a s\u00fcll\u0151, k\u0151s\u00fcll\u0151 horg\u00e1szat\u00e1ban. Nagyon j\u00f3l m\u0171k\u00f6dik jigen \u00e9s offseten is. Nem billeg, stabilan tartja mag\u00e1t. Egyedi bord\u00e1zata rezg\u00e9seket kelt a v\u00edzben.<\/p>\n<p>60 mm hossz\u00fa, 1,2 g, 8 db\/csomag, <strong>aromatiz\u00e1lt<\/strong>, <strong>UV akt\u00edv<\/strong>, 017 sz\u00ednk\u00f3d.<\/p>\n<p><iframe loading=\"lazy\" title=\"YouTube video player\" src=\"https:\/\/www.youtube.com\/embed\/UFqV3dUMjBs\" width=\"560\" height=\"315\" frameborder=\"0\" allowfullscreen=\"allowfullscreen\"><\/iframe><\/p>\n<h4>Additional information<\/h4>\n<table class=\"woocommerce-product-attributes shop_attributes\" aria-label=\"Product Details\" data-no-translation-aria-label=\"\">\n\t\t\t<tr class=\"woocommerce-product-attributes-item woocommerce-product-attributes-item--weight\">\n\t\t\t<th class=\"woocommerce-product-attributes-item__label\" scope=\"row\" data-no-translation=\"\" data-trp-gettext=\"\">Weight<\/th>\n\t\t\t<td class=\"woocommerce-product-attributes-item__value\">0.02 kg<\/td>\n\t\t<\/tr>\n\t\t\t<tr class=\"woocommerce-product-attributes-item woocommerce-product-attributes-item--attribute_pa_brand\">\n\t\t\t<th class=\"woocommerce-product-attributes-item__label\" scope=\"row\">Brand<\/th>\n\t\t\t<td class=\"woocommerce-product-attributes-item__value\"><p>Siberian Shaman<\/p>\n<\/td>\n\t\t<\/tr>\n\t\t\t<tr class=\"woocommerce-product-attributes-item woocommerce-product-attributes-item--attribute_pa_szinkod\">\n\t\t\t<th class=\"woocommerce-product-attributes-item__label\" scope=\"row\">Color code<\/th>\n\t\t\t<td class=\"woocommerce-product-attributes-item__value\"><p>017<\/p>\n<\/td>\n\t\t<\/tr>\n\t\t\t<tr class=\"woocommerce-product-attributes-item woocommerce-product-attributes-item--attribute_pa_meret\">\n\t\t\t<th class=\"woocommerce-product-attributes-item__label\" scope=\"row\">Size<\/th>\n\t\t\t<td class=\"woocommerce-product-attributes-item__value\"><p>60 mm<\/p>\n<\/td>\n\t\t<\/tr>\n\t\t\t<tr class=\"woocommerce-product-attributes-item woocommerce-product-attributes-item--attribute_pa_madein\">\n\t\t\t<th class=\"woocommerce-product-attributes-item__label\" scope=\"row\">Country of origin<\/th>\n\t\t\t<td class=\"woocommerce-product-attributes-item__value\"><p>Oroszorsz\u00e1g<\/p>\n<\/td>\n\t\t<\/tr>\n\t\t\t<tr class=\"woocommerce-product-attributes-item woocommerce-product-attributes-item--attribute_pa_kiszereles\">\n\t\t\t<th class=\"woocommerce-product-attributes-item__label\" scope=\"row\">Packaging<\/th>\n\t\t\t<td class=\"woocommerce-product-attributes-item__value\"><p>1 plastic bag<\/p>\n<\/td>\n\t\t<\/tr>\n\t\t\t<tr class=\"woocommerce-product-attributes-item woocommerce-product-attributes-item--attribute_pa_darabszam\">\n\t\t\t<th class=\"woocommerce-product-attributes-item__label\" scope=\"row\">Darabsz\u00e1m<\/th>\n\t\t\t<td class=\"woocommerce-product-attributes-item__value\"><p>8<\/p>\n<\/td>\n\t\t<\/tr>\n\t<\/table>","protected":false},"excerpt":{"rendered":"<p>8 db\/csomag<\/p>","protected":false},"featured_media":9655,"comment_status":"open","ping_status":"closed","template":"","meta":[],"product_cat":[74,40,1742,1743,1701],"product_tag":[147,148,339,814,1745,1310,241,146],"class_list":{"0":"post-9683","1":"product","2":"type-product","3":"status-publish","4":"has-post-thumbnail","6":"product_brand-siberian-shaman","7":"product_cat-gumicsali","8":"product_cat-mucsali","9":"product_cat-seryoga","10":"product_cat-seryoga-60-mm","11":"product_cat-saman","12":"product_tag-csuka","13":"product_tag-harcsa","14":"product_tag-kosullo","15":"product_tag-l","16":"product_tag-seryoga","17":"product_tag-shad-twister","18":"product_tag-suger","19":"product_tag-sullo","21":"first","22":"instock","23":"shipping-taxable","24":"purchasable","25":"product-type-simple"},"supplier_id":null,"supplier_sku":"","barcode":null,"atum_controlled":true,"out_stock_date":null,"out_stock_threshold":null,"inheritable":false,"inbound_stock":0,"stock_on_hold":0,"sold_today":0,"sales_last_days":0,"reserved_stock":0,"customer_returns":0,"warehouse_damage":0,"lost_in_post":0,"other_logs":0,"out_stock_days":0,"lost_sales":0,"has_location":false,"update_date":"2026-04-15T00:31:26","atum_locations":[],"atum_stock_status":"instock","restock_status":false,"low_stock_amount":"","sales_update_date":"2026-04-15T00:31:26","calc_backorders":null,"yoast_head":"<!-- This site is optimized with the Yoast SEO plugin v27.4 - https:\/\/yoast.com\/product\/yoast-seo-wordpress\/ -->\n<title>Siberian Shaman Seryoga twister 60 mm 017 UV - Ebihal<\/title>\n<meta name=\"description\" content=\"A Siberian Shaman Seryoga twister egyedi fel\u00e9p\u00edt\u00e9s\u00e9nek \u00e9s sz\u00edv\u00f3s anyag\u00e1nak k\u00f6sz\u00f6nhet\u0151en eredm\u00e9nyes mind a csuka, mind a s\u00fcll\u0151 horg\u00e1szat\u00e1ban. 017 60 mm\" \/>\n<meta name=\"robots\" content=\"index, follow, max-snippet:-1, max-image-preview:large, max-video-preview:-1\" \/>\n<link rel=\"canonical\" href=\"https:\/\/www.ebihal.hu\/en\/shop\/mucsali\/gumicsali\/saman\/seryoga\/seryoga-60-mm\/siberian-shaman-seryoga-twister-60-mm-017-uv\/\" \/>\n<meta property=\"og:locale\" content=\"en_GB\" \/>\n<meta property=\"og:type\" content=\"article\" \/>\n<meta property=\"og:title\" content=\"Siberian Shaman Seryoga twister 60 mm 017 UV - Ebihal\" \/>\n<meta property=\"og:description\" content=\"A Siberian Shaman Seryoga twister egyedi fel\u00e9p\u00edt\u00e9s\u00e9nek \u00e9s sz\u00edv\u00f3s anyag\u00e1nak k\u00f6sz\u00f6nhet\u0151en eredm\u00e9nyes mind a csuka, mind a s\u00fcll\u0151 horg\u00e1szat\u00e1ban. 017 60 mm\" \/>\n<meta property=\"og:url\" content=\"https:\/\/www.ebihal.hu\/en\/shop\/mucsali\/gumicsali\/saman\/seryoga\/seryoga-60-mm\/siberian-shaman-seryoga-twister-60-mm-017-uv\/\" \/>\n<meta property=\"og:site_name\" content=\"Ebihal\" \/>\n<meta property=\"article:publisher\" content=\"https:\/\/www.facebook.com\/ebihal\" \/>\n<meta property=\"article:modified_time\" content=\"2025-12-14T13:13:06+00:00\" \/>\n<meta property=\"og:image\" content=\"https:\/\/www.ebihal.hu\/wp-content\/uploads\/2023\/04\/017b-1.png\" \/>\n\t<meta property=\"og:image:width\" content=\"640\" \/>\n\t<meta property=\"og:image:height\" content=\"640\" \/>\n\t<meta property=\"og:image:type\" content=\"image\/png\" \/>\n<meta name=\"twitter:card\" content=\"summary_large_image\" \/>\n<meta name=\"twitter:label1\" content=\"Estimated reading time\" \/>\n\t<meta name=\"twitter:data1\" content=\"1 minute\" \/>\n<script type=\"application\/ld+json\" class=\"yoast-schema-graph\">{\"@context\":\"https:\\\/\\\/schema.org\",\"@graph\":[{\"@type\":\"WebPage\",\"@id\":\"https:\\\/\\\/www.ebihal.hu\\\/en\\\/shop\\\/mucsali\\\/gumicsali\\\/saman\\\/seryoga\\\/seryoga-60-mm\\\/siberian-shaman-seryoga-twister-60-mm-017-uv\\\/\",\"url\":\"https:\\\/\\\/www.ebihal.hu\\\/en\\\/shop\\\/mucsali\\\/gumicsali\\\/saman\\\/seryoga\\\/seryoga-60-mm\\\/siberian-shaman-seryoga-twister-60-mm-017-uv\\\/\",\"name\":\"Siberian Shaman Seryoga twister 60 mm 017 UV - Ebihal\",\"isPartOf\":{\"@id\":\"https:\\\/\\\/www.ebihal.hu\\\/#website\"},\"primaryImageOfPage\":{\"@id\":\"https:\\\/\\\/www.ebihal.hu\\\/en\\\/shop\\\/mucsali\\\/gumicsali\\\/saman\\\/seryoga\\\/seryoga-60-mm\\\/siberian-shaman-seryoga-twister-60-mm-017-uv\\\/#primaryimage\"},\"image\":{\"@id\":\"https:\\\/\\\/www.ebihal.hu\\\/en\\\/shop\\\/mucsali\\\/gumicsali\\\/saman\\\/seryoga\\\/seryoga-60-mm\\\/siberian-shaman-seryoga-twister-60-mm-017-uv\\\/#primaryimage\"},\"thumbnailUrl\":\"https:\\\/\\\/www.ebihal.hu\\\/wp-content\\\/uploads\\\/2023\\\/04\\\/017b-1.png\",\"datePublished\":\"2023-04-22T15:09:23+00:00\",\"dateModified\":\"2025-12-14T13:13:06+00:00\",\"description\":\"A Siberian Shaman Seryoga twister egyedi fel\u00e9p\u00edt\u00e9s\u00e9nek \u00e9s sz\u00edv\u00f3s anyag\u00e1nak k\u00f6sz\u00f6nhet\u0151en eredm\u00e9nyes mind a csuka, mind a s\u00fcll\u0151 horg\u00e1szat\u00e1ban. 017 60 mm\",\"breadcrumb\":{\"@id\":\"https:\\\/\\\/www.ebihal.hu\\\/en\\\/shop\\\/mucsali\\\/gumicsali\\\/saman\\\/seryoga\\\/seryoga-60-mm\\\/siberian-shaman-seryoga-twister-60-mm-017-uv\\\/#breadcrumb\"},\"inLanguage\":\"en-GB\",\"potentialAction\":[{\"@type\":\"ReadAction\",\"target\":[\"https:\\\/\\\/www.ebihal.hu\\\/en\\\/shop\\\/mucsali\\\/gumicsali\\\/saman\\\/seryoga\\\/seryoga-60-mm\\\/siberian-shaman-seryoga-twister-60-mm-017-uv\\\/\"]}]},{\"@type\":\"ImageObject\",\"inLanguage\":\"en-GB\",\"@id\":\"https:\\\/\\\/www.ebihal.hu\\\/en\\\/shop\\\/mucsali\\\/gumicsali\\\/saman\\\/seryoga\\\/seryoga-60-mm\\\/siberian-shaman-seryoga-twister-60-mm-017-uv\\\/#primaryimage\",\"url\":\"https:\\\/\\\/www.ebihal.hu\\\/wp-content\\\/uploads\\\/2023\\\/04\\\/017b-1.png\",\"contentUrl\":\"https:\\\/\\\/www.ebihal.hu\\\/wp-content\\\/uploads\\\/2023\\\/04\\\/017b-1.png\",\"width\":640,\"height\":640,\"caption\":\"Siberian Shaman Seryoga twister 017\"},{\"@type\":\"BreadcrumbList\",\"@id\":\"https:\\\/\\\/www.ebihal.hu\\\/en\\\/shop\\\/mucsali\\\/gumicsali\\\/saman\\\/seryoga\\\/seryoga-60-mm\\\/siberian-shaman-seryoga-twister-60-mm-017-uv\\\/#breadcrumb\",\"itemListElement\":[{\"@type\":\"ListItem\",\"position\":1,\"name\":\"Kezd\u0151lap\",\"item\":\"https:\\\/\\\/www.ebihal.hu\\\/\"},{\"@type\":\"ListItem\",\"position\":2,\"name\":\"M\u0171csali \u00e1ruh\u00e1z\",\"item\":\"https:\\\/\\\/www.ebihal.hu\\\/\"},{\"@type\":\"ListItem\",\"position\":3,\"name\":\"Siberian Shaman Seryoga twister 60 mm 017 UV\"}]},{\"@type\":\"WebSite\",\"@id\":\"https:\\\/\\\/www.ebihal.hu\\\/#website\",\"url\":\"https:\\\/\\\/www.ebihal.hu\\\/\",\"name\":\"Ebihal\",\"description\":\"Fish &amp; Jigs\",\"publisher\":{\"@id\":\"https:\\\/\\\/www.ebihal.hu\\\/#organization\"},\"potentialAction\":[{\"@type\":\"SearchAction\",\"target\":{\"@type\":\"EntryPoint\",\"urlTemplate\":\"https:\\\/\\\/www.ebihal.hu\\\/?s={search_term_string}\"},\"query-input\":{\"@type\":\"PropertyValueSpecification\",\"valueRequired\":true,\"valueName\":\"search_term_string\"}}],\"inLanguage\":\"en-GB\"},{\"@type\":\"Organization\",\"@id\":\"https:\\\/\\\/www.ebihal.hu\\\/#organization\",\"name\":\"Bir\u00f3 Csaba egy\u00e9ni v\u00e1llalkoz\u00f3\",\"url\":\"https:\\\/\\\/www.ebihal.hu\\\/\",\"logo\":{\"@type\":\"ImageObject\",\"inLanguage\":\"en-GB\",\"@id\":\"https:\\\/\\\/www.ebihal.hu\\\/#\\\/schema\\\/logo\\\/image\\\/\",\"url\":\"https:\\\/\\\/www.ebihal.hu\\\/wp-content\\\/uploads\\\/2021\\\/02\\\/brand_logo_mini.png\",\"contentUrl\":\"https:\\\/\\\/www.ebihal.hu\\\/wp-content\\\/uploads\\\/2021\\\/02\\\/brand_logo_mini.png\",\"width\":300,\"height\":300,\"caption\":\"Bir\u00f3 Csaba egy\u00e9ni v\u00e1llalkoz\u00f3\"},\"image\":{\"@id\":\"https:\\\/\\\/www.ebihal.hu\\\/#\\\/schema\\\/logo\\\/image\\\/\"},\"sameAs\":[\"https:\\\/\\\/www.facebook.com\\\/ebihal\"]}]}<\/script>\n<!-- \/ Yoast SEO plugin. -->","yoast_head_json":{"title":"Siberian Shaman Seryoga twister 60 mm 017 UV - Ebihal","description":"A Siberian Shaman Seryoga twister egyedi fel\u00e9p\u00edt\u00e9s\u00e9nek \u00e9s sz\u00edv\u00f3s anyag\u00e1nak k\u00f6sz\u00f6nhet\u0151en eredm\u00e9nyes mind a csuka, mind a s\u00fcll\u0151 horg\u00e1szat\u00e1ban. 017 60 mm","robots":{"index":"index","follow":"follow","max-snippet":"max-snippet:-1","max-image-preview":"max-image-preview:large","max-video-preview":"max-video-preview:-1"},"canonical":"https:\/\/www.ebihal.hu\/en\/shop\/mucsali\/gumicsali\/saman\/seryoga\/seryoga-60-mm\/siberian-shaman-seryoga-twister-60-mm-017-uv\/","og_locale":"en_GB","og_type":"article","og_title":"Siberian Shaman Seryoga twister 60 mm 017 UV - Ebihal","og_description":"A Siberian Shaman Seryoga twister egyedi fel\u00e9p\u00edt\u00e9s\u00e9nek \u00e9s sz\u00edv\u00f3s anyag\u00e1nak k\u00f6sz\u00f6nhet\u0151en eredm\u00e9nyes mind a csuka, mind a s\u00fcll\u0151 horg\u00e1szat\u00e1ban. 017 60 mm","og_url":"https:\/\/www.ebihal.hu\/en\/shop\/mucsali\/gumicsali\/saman\/seryoga\/seryoga-60-mm\/siberian-shaman-seryoga-twister-60-mm-017-uv\/","og_site_name":"Ebihal","article_publisher":"https:\/\/www.facebook.com\/ebihal","article_modified_time":"2025-12-14T13:13:06+00:00","og_image":[{"width":640,"height":640,"url":"https:\/\/www.ebihal.hu\/wp-content\/uploads\/2023\/04\/017b-1.png","type":"image\/png"}],"twitter_card":"summary_large_image","twitter_misc":{"Estimated reading time":"1 minute"},"schema":{"@context":"https:\/\/schema.org","@graph":[{"@type":"WebPage","@id":"https:\/\/www.ebihal.hu\/en\/shop\/mucsali\/gumicsali\/saman\/seryoga\/seryoga-60-mm\/siberian-shaman-seryoga-twister-60-mm-017-uv\/","url":"https:\/\/www.ebihal.hu\/en\/shop\/mucsali\/gumicsali\/saman\/seryoga\/seryoga-60-mm\/siberian-shaman-seryoga-twister-60-mm-017-uv\/","name":"Siberian Shaman Seryoga twister 60 mm 017 UV - Ebihal","isPartOf":{"@id":"https:\/\/www.ebihal.hu\/#website"},"primaryImageOfPage":{"@id":"https:\/\/www.ebihal.hu\/en\/shop\/mucsali\/gumicsali\/saman\/seryoga\/seryoga-60-mm\/siberian-shaman-seryoga-twister-60-mm-017-uv\/#primaryimage"},"image":{"@id":"https:\/\/www.ebihal.hu\/en\/shop\/mucsali\/gumicsali\/saman\/seryoga\/seryoga-60-mm\/siberian-shaman-seryoga-twister-60-mm-017-uv\/#primaryimage"},"thumbnailUrl":"https:\/\/www.ebihal.hu\/wp-content\/uploads\/2023\/04\/017b-1.png","datePublished":"2023-04-22T15:09:23+00:00","dateModified":"2025-12-14T13:13:06+00:00","description":"A Siberian Shaman Seryoga twister egyedi fel\u00e9p\u00edt\u00e9s\u00e9nek \u00e9s sz\u00edv\u00f3s anyag\u00e1nak k\u00f6sz\u00f6nhet\u0151en eredm\u00e9nyes mind a csuka, mind a s\u00fcll\u0151 horg\u00e1szat\u00e1ban. 017 60 mm","breadcrumb":{"@id":"https:\/\/www.ebihal.hu\/en\/shop\/mucsali\/gumicsali\/saman\/seryoga\/seryoga-60-mm\/siberian-shaman-seryoga-twister-60-mm-017-uv\/#breadcrumb"},"inLanguage":"en-GB","potentialAction":[{"@type":"ReadAction","target":["https:\/\/www.ebihal.hu\/en\/shop\/mucsali\/gumicsali\/saman\/seryoga\/seryoga-60-mm\/siberian-shaman-seryoga-twister-60-mm-017-uv\/"]}]},{"@type":"ImageObject","inLanguage":"en-GB","@id":"https:\/\/www.ebihal.hu\/en\/shop\/mucsali\/gumicsali\/saman\/seryoga\/seryoga-60-mm\/siberian-shaman-seryoga-twister-60-mm-017-uv\/#primaryimage","url":"https:\/\/www.ebihal.hu\/wp-content\/uploads\/2023\/04\/017b-1.png","contentUrl":"https:\/\/www.ebihal.hu\/wp-content\/uploads\/2023\/04\/017b-1.png","width":640,"height":640,"caption":"Siberian Shaman Seryoga twister 017"},{"@type":"BreadcrumbList","@id":"https:\/\/www.ebihal.hu\/en\/shop\/mucsali\/gumicsali\/saman\/seryoga\/seryoga-60-mm\/siberian-shaman-seryoga-twister-60-mm-017-uv\/#breadcrumb","itemListElement":[{"@type":"ListItem","position":1,"name":"Kezd\u0151lap","item":"https:\/\/www.ebihal.hu\/"},{"@type":"ListItem","position":2,"name":"M\u0171csali \u00e1ruh\u00e1z","item":"https:\/\/www.ebihal.hu\/"},{"@type":"ListItem","position":3,"name":"Siberian Shaman Seryoga twister 60 mm 017 UV"}]},{"@type":"WebSite","@id":"https:\/\/www.ebihal.hu\/#website","url":"https:\/\/www.ebihal.hu\/","name":"Ebihal","description":"Fish &amp; Jigs","publisher":{"@id":"https:\/\/www.ebihal.hu\/#organization"},"potentialAction":[{"@type":"SearchAction","target":{"@type":"EntryPoint","urlTemplate":"https:\/\/www.ebihal.hu\/?s={search_term_string}"},"query-input":{"@type":"PropertyValueSpecification","valueRequired":true,"valueName":"search_term_string"}}],"inLanguage":"en-GB"},{"@type":"Organization","@id":"https:\/\/www.ebihal.hu\/#organization","name":"Bir\u00f3 Csaba egy\u00e9ni v\u00e1llalkoz\u00f3","url":"https:\/\/www.ebihal.hu\/","logo":{"@type":"ImageObject","inLanguage":"en-GB","@id":"https:\/\/www.ebihal.hu\/#\/schema\/logo\/image\/","url":"https:\/\/www.ebihal.hu\/wp-content\/uploads\/2021\/02\/brand_logo_mini.png","contentUrl":"https:\/\/www.ebihal.hu\/wp-content\/uploads\/2021\/02\/brand_logo_mini.png","width":300,"height":300,"caption":"Bir\u00f3 Csaba egy\u00e9ni v\u00e1llalkoz\u00f3"},"image":{"@id":"https:\/\/www.ebihal.hu\/#\/schema\/logo\/image\/"},"sameAs":["https:\/\/www.facebook.com\/ebihal"]}]}},"_links":{"self":[{"href":"https:\/\/www.ebihal.hu\/en\/wp-json\/wp\/v2\/product\/9683","targetHints":{"allow":["GET"]}}],"collection":[{"href":"https:\/\/www.ebihal.hu\/en\/wp-json\/wp\/v2\/product"}],"about":[{"href":"https:\/\/www.ebihal.hu\/en\/wp-json\/wp\/v2\/types\/product"}],"replies":[{"embeddable":true,"href":"https:\/\/www.ebihal.hu\/en\/wp-json\/wp\/v2\/comments?post=9683"}],"wp:featuredmedia":[{"embeddable":true,"href":"https:\/\/www.ebihal.hu\/en\/wp-json\/wp\/v2\/media\/9655"}],"wp:attachment":[{"href":"https:\/\/www.ebihal.hu\/en\/wp-json\/wp\/v2\/media?parent=9683"}],"wp:term":[{"taxonomy":"product_cat","embeddable":true,"href":"https:\/\/www.ebihal.hu\/en\/wp-json\/wp\/v2\/product_cat?post=9683"},{"taxonomy":"product_tag","embeddable":true,"href":"https:\/\/www.ebihal.hu\/en\/wp-json\/wp\/v2\/product_tag?post=9683"}],"curies":[{"name":"wp","href":"https:\/\/api.w.org\/{rel}","templated":true}]}}