{"id":9638,"date":"2023-04-22T12:36:02","date_gmt":"2023-04-22T11:36:02","guid":{"rendered":"https:\/\/www.ebihal.hu\/?post_type=product&#038;p=9638"},"modified":"2026-02-20T10:21:11","modified_gmt":"2026-02-20T09:21:11","slug":"siberian-shaman-vibromaxx-gumihal-017-uv","status":"publish","type":"product","link":"https:\/\/www.ebihal.hu\/en\/shop\/mucsali\/gumicsali\/saman\/vibromaxx\/siberian-shaman-vibromaxx-gumihal-017-uv\/","title":{"rendered":"Siberian Shaman VibromaXX gumihal 017 UV"},"content":{"rendered":"<p>A Siberian Shaman Vibromaxx gumihala az egyedi megold\u00e1sok t\u00e1rh\u00e1za: Red\u0151s teste k\u00fcl\u00f6nleges rugalmass\u00e1got ad, \u00e9s <strong>egyedi mozg\u00e1st<\/strong> k\u00f6lcs\u00f6n\u00f6z a guminak. A nyitott mellr\u00e9sz lehet\u0151s\u00e9get biztos\u00edt a roncsol\u00e1smentes <strong>kett\u0151shorog<\/strong> t\u0171z\u00e9sre. Nagyon sz\u00edv\u00f3s, ugyanakkor l\u00e1gy anyag\u00e1nak h\u00e1la, m\u00e1r a legkisebb mozd\u00edt\u00e1sra is meglibben a farokr\u00e9sz.<\/p>\n<p>12 cm hossz\u00fa, 10,5g, <strong>aromatiz\u00e1lt<\/strong>, <strong>UV akt\u00edv<\/strong>, 017 sz\u00ednk\u00f3d.<\/p>\n<p><iframe loading=\"lazy\" title=\"YouTube video player\" src=\"https:\/\/www.youtube.com\/embed\/U31PhwQUiVU\" width=\"560\" height=\"315\" frameborder=\"0\" allowfullscreen=\"allowfullscreen\"><\/iframe><\/p>\n<h4>Additional information<\/h4>\n<table class=\"woocommerce-product-attributes shop_attributes\" aria-label=\"Product Details\" data-no-translation-aria-label=\"\">\n\t\t\t<tr class=\"woocommerce-product-attributes-item woocommerce-product-attributes-item--weight\">\n\t\t\t<th class=\"woocommerce-product-attributes-item__label\" scope=\"row\" data-no-translation=\"\" data-trp-gettext=\"\">Weight<\/th>\n\t\t\t<td class=\"woocommerce-product-attributes-item__value\">0.06 kg<\/td>\n\t\t<\/tr>\n\t\t\t<tr class=\"woocommerce-product-attributes-item woocommerce-product-attributes-item--attribute_pa_brand\">\n\t\t\t<th class=\"woocommerce-product-attributes-item__label\" scope=\"row\">Brand<\/th>\n\t\t\t<td class=\"woocommerce-product-attributes-item__value\"><p>Siberian Shaman<\/p>\n<\/td>\n\t\t<\/tr>\n\t\t\t<tr class=\"woocommerce-product-attributes-item woocommerce-product-attributes-item--attribute_pa_szinkod\">\n\t\t\t<th class=\"woocommerce-product-attributes-item__label\" scope=\"row\">Color code<\/th>\n\t\t\t<td class=\"woocommerce-product-attributes-item__value\"><p>017<\/p>\n<\/td>\n\t\t<\/tr>\n\t\t\t<tr class=\"woocommerce-product-attributes-item woocommerce-product-attributes-item--attribute_pa_meret\">\n\t\t\t<th class=\"woocommerce-product-attributes-item__label\" scope=\"row\">Size<\/th>\n\t\t\t<td class=\"woocommerce-product-attributes-item__value\"><p>120 mm<\/p>\n<\/td>\n\t\t<\/tr>\n\t\t\t<tr class=\"woocommerce-product-attributes-item woocommerce-product-attributes-item--attribute_pa_madein\">\n\t\t\t<th class=\"woocommerce-product-attributes-item__label\" scope=\"row\">Country of origin<\/th>\n\t\t\t<td class=\"woocommerce-product-attributes-item__value\"><p>Oroszorsz\u00e1g<\/p>\n<\/td>\n\t\t<\/tr>\n\t\t\t<tr class=\"woocommerce-product-attributes-item woocommerce-product-attributes-item--attribute_pa_kiszereles\">\n\t\t\t<th class=\"woocommerce-product-attributes-item__label\" scope=\"row\">Packaging<\/th>\n\t\t\t<td class=\"woocommerce-product-attributes-item__value\"><p>1 piece<\/p>\n<\/td>\n\t\t<\/tr>\n\t<\/table>","protected":false},"excerpt":{"rendered":"<p>1 db gumihal<\/p>","protected":false},"featured_media":10109,"comment_status":"open","ping_status":"closed","template":"","meta":[],"product_cat":[74,40,1701,1740],"product_tag":[147,818,148,146,1741,817],"class_list":{"0":"post-9638","1":"product","2":"type-product","3":"status-publish","4":"has-post-thumbnail","6":"product_brand-siberian-shaman","7":"product_cat-gumicsali","8":"product_cat-mucsali","9":"product_cat-saman","10":"product_cat-vibromaxx","11":"product_tag-csuka","12":"product_tag-gumihal","13":"product_tag-harcsa","14":"product_tag-sullo","15":"product_tag-vibromaxx","16":"product_tag-xl","18":"first","19":"instock","20":"shipping-taxable","21":"purchasable","22":"product-type-simple"},"supplier_id":null,"supplier_sku":"","barcode":null,"atum_controlled":true,"out_stock_date":null,"out_stock_threshold":null,"inheritable":false,"inbound_stock":0,"stock_on_hold":0,"sold_today":0,"sales_last_days":0,"reserved_stock":0,"customer_returns":0,"warehouse_damage":0,"lost_in_post":0,"other_logs":0,"out_stock_days":0,"lost_sales":0,"has_location":false,"update_date":"2026-04-15T00:32:57","atum_locations":[],"atum_stock_status":"instock","restock_status":false,"low_stock_amount":"","sales_update_date":"2026-04-15T00:32:57","calc_backorders":null,"yoast_head":"<!-- This site is optimized with the Yoast SEO plugin v27.4 - https:\/\/yoast.com\/product\/yoast-seo-wordpress\/ -->\n<title>Siberian Shaman VibromaXX gumihal 017 UV - Ebihal<\/title>\n<meta name=\"description\" content=\"A Siberian Shaman Vibromaxx gumihala az egyedi megold\u00e1sok t\u00e1rh\u00e1za: Red\u0151s teste k\u00fcl\u00f6nleges rugalmass\u00e1got ad, \u00e9s egyedi mozg\u00e1st k\u00f6lcs\u00f6n\u00f6z a guminak. 017 UV\" \/>\n<meta name=\"robots\" content=\"index, follow, max-snippet:-1, max-image-preview:large, max-video-preview:-1\" \/>\n<link rel=\"canonical\" href=\"https:\/\/www.ebihal.hu\/en\/shop\/mucsali\/gumicsali\/saman\/vibromaxx\/siberian-shaman-vibromaxx-gumihal-017-uv\/\" \/>\n<meta property=\"og:locale\" content=\"en_GB\" \/>\n<meta property=\"og:type\" content=\"article\" \/>\n<meta property=\"og:title\" content=\"Siberian Shaman VibromaXX gumihal 017 UV - Ebihal\" \/>\n<meta property=\"og:description\" content=\"A Siberian Shaman Vibromaxx gumihala az egyedi megold\u00e1sok t\u00e1rh\u00e1za: Red\u0151s teste k\u00fcl\u00f6nleges rugalmass\u00e1got ad, \u00e9s egyedi mozg\u00e1st k\u00f6lcs\u00f6n\u00f6z a guminak. 017 UV\" \/>\n<meta property=\"og:url\" content=\"https:\/\/www.ebihal.hu\/en\/shop\/mucsali\/gumicsali\/saman\/vibromaxx\/siberian-shaman-vibromaxx-gumihal-017-uv\/\" \/>\n<meta property=\"og:site_name\" content=\"Ebihal\" \/>\n<meta property=\"article:publisher\" content=\"https:\/\/www.facebook.com\/ebihal\" \/>\n<meta property=\"article:modified_time\" content=\"2026-02-20T09:21:11+00:00\" \/>\n<meta property=\"og:image\" content=\"https:\/\/www.ebihal.hu\/wp-content\/uploads\/2023\/04\/17.jpg\" \/>\n\t<meta property=\"og:image:width\" content=\"1026\" \/>\n\t<meta property=\"og:image:height\" content=\"1026\" \/>\n\t<meta property=\"og:image:type\" content=\"image\/jpeg\" \/>\n<meta name=\"twitter:card\" content=\"summary_large_image\" \/>\n<meta name=\"twitter:label1\" content=\"Estimated reading time\" \/>\n\t<meta name=\"twitter:data1\" content=\"1 minute\" \/>\n<script type=\"application\/ld+json\" class=\"yoast-schema-graph\">{\"@context\":\"https:\\\/\\\/schema.org\",\"@graph\":[{\"@type\":\"WebPage\",\"@id\":\"https:\\\/\\\/www.ebihal.hu\\\/shop\\\/mucsali\\\/gumicsali\\\/saman\\\/vibromaxx\\\/siberian-shaman-vibromaxx-gumihal-017-uv\\\/\",\"url\":\"https:\\\/\\\/www.ebihal.hu\\\/shop\\\/mucsali\\\/gumicsali\\\/saman\\\/vibromaxx\\\/siberian-shaman-vibromaxx-gumihal-017-uv\\\/\",\"name\":\"Siberian Shaman VibromaXX gumihal 017 UV - Ebihal\",\"isPartOf\":{\"@id\":\"https:\\\/\\\/www.ebihal.hu\\\/#website\"},\"primaryImageOfPage\":{\"@id\":\"https:\\\/\\\/www.ebihal.hu\\\/shop\\\/mucsali\\\/gumicsali\\\/saman\\\/vibromaxx\\\/siberian-shaman-vibromaxx-gumihal-017-uv\\\/#primaryimage\"},\"image\":{\"@id\":\"https:\\\/\\\/www.ebihal.hu\\\/shop\\\/mucsali\\\/gumicsali\\\/saman\\\/vibromaxx\\\/siberian-shaman-vibromaxx-gumihal-017-uv\\\/#primaryimage\"},\"thumbnailUrl\":\"https:\\\/\\\/www.ebihal.hu\\\/wp-content\\\/uploads\\\/2023\\\/04\\\/17.jpg\",\"datePublished\":\"2023-04-22T11:36:02+00:00\",\"dateModified\":\"2026-02-20T09:21:11+00:00\",\"description\":\"A Siberian Shaman Vibromaxx gumihala az egyedi megold\u00e1sok t\u00e1rh\u00e1za: Red\u0151s teste k\u00fcl\u00f6nleges rugalmass\u00e1got ad, \u00e9s egyedi mozg\u00e1st k\u00f6lcs\u00f6n\u00f6z a guminak. 017 UV\",\"breadcrumb\":{\"@id\":\"https:\\\/\\\/www.ebihal.hu\\\/shop\\\/mucsali\\\/gumicsali\\\/saman\\\/vibromaxx\\\/siberian-shaman-vibromaxx-gumihal-017-uv\\\/#breadcrumb\"},\"inLanguage\":\"en-GB\",\"potentialAction\":[{\"@type\":\"ReadAction\",\"target\":[\"https:\\\/\\\/www.ebihal.hu\\\/shop\\\/mucsali\\\/gumicsali\\\/saman\\\/vibromaxx\\\/siberian-shaman-vibromaxx-gumihal-017-uv\\\/\"]}]},{\"@type\":\"ImageObject\",\"inLanguage\":\"en-GB\",\"@id\":\"https:\\\/\\\/www.ebihal.hu\\\/shop\\\/mucsali\\\/gumicsali\\\/saman\\\/vibromaxx\\\/siberian-shaman-vibromaxx-gumihal-017-uv\\\/#primaryimage\",\"url\":\"https:\\\/\\\/www.ebihal.hu\\\/wp-content\\\/uploads\\\/2023\\\/04\\\/17.jpg\",\"contentUrl\":\"https:\\\/\\\/www.ebihal.hu\\\/wp-content\\\/uploads\\\/2023\\\/04\\\/17.jpg\",\"width\":1026,\"height\":1026,\"caption\":\"Siberian Shaman Vibromaxx 017\"},{\"@type\":\"BreadcrumbList\",\"@id\":\"https:\\\/\\\/www.ebihal.hu\\\/shop\\\/mucsali\\\/gumicsali\\\/saman\\\/vibromaxx\\\/siberian-shaman-vibromaxx-gumihal-017-uv\\\/#breadcrumb\",\"itemListElement\":[{\"@type\":\"ListItem\",\"position\":1,\"name\":\"Kezd\u0151lap\",\"item\":\"https:\\\/\\\/www.ebihal.hu\\\/\"},{\"@type\":\"ListItem\",\"position\":2,\"name\":\"M\u0171csali \u00e1ruh\u00e1z\",\"item\":\"https:\\\/\\\/www.ebihal.hu\\\/\"},{\"@type\":\"ListItem\",\"position\":3,\"name\":\"Siberian Shaman VibromaXX gumihal 017 UV\"}]},{\"@type\":\"WebSite\",\"@id\":\"https:\\\/\\\/www.ebihal.hu\\\/#website\",\"url\":\"https:\\\/\\\/www.ebihal.hu\\\/\",\"name\":\"Ebihal\",\"description\":\"Fish &amp; Jigs\",\"publisher\":{\"@id\":\"https:\\\/\\\/www.ebihal.hu\\\/#organization\"},\"potentialAction\":[{\"@type\":\"SearchAction\",\"target\":{\"@type\":\"EntryPoint\",\"urlTemplate\":\"https:\\\/\\\/www.ebihal.hu\\\/?s={search_term_string}\"},\"query-input\":{\"@type\":\"PropertyValueSpecification\",\"valueRequired\":true,\"valueName\":\"search_term_string\"}}],\"inLanguage\":\"en-GB\"},{\"@type\":\"Organization\",\"@id\":\"https:\\\/\\\/www.ebihal.hu\\\/#organization\",\"name\":\"Bir\u00f3 Csaba egy\u00e9ni v\u00e1llalkoz\u00f3\",\"url\":\"https:\\\/\\\/www.ebihal.hu\\\/\",\"logo\":{\"@type\":\"ImageObject\",\"inLanguage\":\"en-GB\",\"@id\":\"https:\\\/\\\/www.ebihal.hu\\\/#\\\/schema\\\/logo\\\/image\\\/\",\"url\":\"https:\\\/\\\/www.ebihal.hu\\\/wp-content\\\/uploads\\\/2021\\\/02\\\/brand_logo_mini.png\",\"contentUrl\":\"https:\\\/\\\/www.ebihal.hu\\\/wp-content\\\/uploads\\\/2021\\\/02\\\/brand_logo_mini.png\",\"width\":300,\"height\":300,\"caption\":\"Bir\u00f3 Csaba egy\u00e9ni v\u00e1llalkoz\u00f3\"},\"image\":{\"@id\":\"https:\\\/\\\/www.ebihal.hu\\\/#\\\/schema\\\/logo\\\/image\\\/\"},\"sameAs\":[\"https:\\\/\\\/www.facebook.com\\\/ebihal\"]}]}<\/script>\n<!-- \/ Yoast SEO plugin. -->","yoast_head_json":{"title":"Siberian Shaman VibromaXX gumihal 017 UV - Ebihal","description":"A Siberian Shaman Vibromaxx gumihala az egyedi megold\u00e1sok t\u00e1rh\u00e1za: Red\u0151s teste k\u00fcl\u00f6nleges rugalmass\u00e1got ad, \u00e9s egyedi mozg\u00e1st k\u00f6lcs\u00f6n\u00f6z a guminak. 017 UV","robots":{"index":"index","follow":"follow","max-snippet":"max-snippet:-1","max-image-preview":"max-image-preview:large","max-video-preview":"max-video-preview:-1"},"canonical":"https:\/\/www.ebihal.hu\/en\/shop\/mucsali\/gumicsali\/saman\/vibromaxx\/siberian-shaman-vibromaxx-gumihal-017-uv\/","og_locale":"en_GB","og_type":"article","og_title":"Siberian Shaman VibromaXX gumihal 017 UV - Ebihal","og_description":"A Siberian Shaman Vibromaxx gumihala az egyedi megold\u00e1sok t\u00e1rh\u00e1za: Red\u0151s teste k\u00fcl\u00f6nleges rugalmass\u00e1got ad, \u00e9s egyedi mozg\u00e1st k\u00f6lcs\u00f6n\u00f6z a guminak. 017 UV","og_url":"https:\/\/www.ebihal.hu\/en\/shop\/mucsali\/gumicsali\/saman\/vibromaxx\/siberian-shaman-vibromaxx-gumihal-017-uv\/","og_site_name":"Ebihal","article_publisher":"https:\/\/www.facebook.com\/ebihal","article_modified_time":"2026-02-20T09:21:11+00:00","og_image":[{"width":1026,"height":1026,"url":"https:\/\/www.ebihal.hu\/wp-content\/uploads\/2023\/04\/17.jpg","type":"image\/jpeg"}],"twitter_card":"summary_large_image","twitter_misc":{"Estimated reading time":"1 minute"},"schema":{"@context":"https:\/\/schema.org","@graph":[{"@type":"WebPage","@id":"https:\/\/www.ebihal.hu\/shop\/mucsali\/gumicsali\/saman\/vibromaxx\/siberian-shaman-vibromaxx-gumihal-017-uv\/","url":"https:\/\/www.ebihal.hu\/shop\/mucsali\/gumicsali\/saman\/vibromaxx\/siberian-shaman-vibromaxx-gumihal-017-uv\/","name":"Siberian Shaman VibromaXX gumihal 017 UV - Ebihal","isPartOf":{"@id":"https:\/\/www.ebihal.hu\/#website"},"primaryImageOfPage":{"@id":"https:\/\/www.ebihal.hu\/shop\/mucsali\/gumicsali\/saman\/vibromaxx\/siberian-shaman-vibromaxx-gumihal-017-uv\/#primaryimage"},"image":{"@id":"https:\/\/www.ebihal.hu\/shop\/mucsali\/gumicsali\/saman\/vibromaxx\/siberian-shaman-vibromaxx-gumihal-017-uv\/#primaryimage"},"thumbnailUrl":"https:\/\/www.ebihal.hu\/wp-content\/uploads\/2023\/04\/17.jpg","datePublished":"2023-04-22T11:36:02+00:00","dateModified":"2026-02-20T09:21:11+00:00","description":"A Siberian Shaman Vibromaxx gumihala az egyedi megold\u00e1sok t\u00e1rh\u00e1za: Red\u0151s teste k\u00fcl\u00f6nleges rugalmass\u00e1got ad, \u00e9s egyedi mozg\u00e1st k\u00f6lcs\u00f6n\u00f6z a guminak. 017 UV","breadcrumb":{"@id":"https:\/\/www.ebihal.hu\/shop\/mucsali\/gumicsali\/saman\/vibromaxx\/siberian-shaman-vibromaxx-gumihal-017-uv\/#breadcrumb"},"inLanguage":"en-GB","potentialAction":[{"@type":"ReadAction","target":["https:\/\/www.ebihal.hu\/shop\/mucsali\/gumicsali\/saman\/vibromaxx\/siberian-shaman-vibromaxx-gumihal-017-uv\/"]}]},{"@type":"ImageObject","inLanguage":"en-GB","@id":"https:\/\/www.ebihal.hu\/shop\/mucsali\/gumicsali\/saman\/vibromaxx\/siberian-shaman-vibromaxx-gumihal-017-uv\/#primaryimage","url":"https:\/\/www.ebihal.hu\/wp-content\/uploads\/2023\/04\/17.jpg","contentUrl":"https:\/\/www.ebihal.hu\/wp-content\/uploads\/2023\/04\/17.jpg","width":1026,"height":1026,"caption":"Siberian Shaman Vibromaxx 017"},{"@type":"BreadcrumbList","@id":"https:\/\/www.ebihal.hu\/shop\/mucsali\/gumicsali\/saman\/vibromaxx\/siberian-shaman-vibromaxx-gumihal-017-uv\/#breadcrumb","itemListElement":[{"@type":"ListItem","position":1,"name":"Kezd\u0151lap","item":"https:\/\/www.ebihal.hu\/"},{"@type":"ListItem","position":2,"name":"M\u0171csali \u00e1ruh\u00e1z","item":"https:\/\/www.ebihal.hu\/"},{"@type":"ListItem","position":3,"name":"Siberian Shaman VibromaXX gumihal 017 UV"}]},{"@type":"WebSite","@id":"https:\/\/www.ebihal.hu\/#website","url":"https:\/\/www.ebihal.hu\/","name":"Ebihal","description":"Fish &amp; Jigs","publisher":{"@id":"https:\/\/www.ebihal.hu\/#organization"},"potentialAction":[{"@type":"SearchAction","target":{"@type":"EntryPoint","urlTemplate":"https:\/\/www.ebihal.hu\/?s={search_term_string}"},"query-input":{"@type":"PropertyValueSpecification","valueRequired":true,"valueName":"search_term_string"}}],"inLanguage":"en-GB"},{"@type":"Organization","@id":"https:\/\/www.ebihal.hu\/#organization","name":"Bir\u00f3 Csaba egy\u00e9ni v\u00e1llalkoz\u00f3","url":"https:\/\/www.ebihal.hu\/","logo":{"@type":"ImageObject","inLanguage":"en-GB","@id":"https:\/\/www.ebihal.hu\/#\/schema\/logo\/image\/","url":"https:\/\/www.ebihal.hu\/wp-content\/uploads\/2021\/02\/brand_logo_mini.png","contentUrl":"https:\/\/www.ebihal.hu\/wp-content\/uploads\/2021\/02\/brand_logo_mini.png","width":300,"height":300,"caption":"Bir\u00f3 Csaba egy\u00e9ni v\u00e1llalkoz\u00f3"},"image":{"@id":"https:\/\/www.ebihal.hu\/#\/schema\/logo\/image\/"},"sameAs":["https:\/\/www.facebook.com\/ebihal"]}]}},"_links":{"self":[{"href":"https:\/\/www.ebihal.hu\/en\/wp-json\/wp\/v2\/product\/9638","targetHints":{"allow":["GET"]}}],"collection":[{"href":"https:\/\/www.ebihal.hu\/en\/wp-json\/wp\/v2\/product"}],"about":[{"href":"https:\/\/www.ebihal.hu\/en\/wp-json\/wp\/v2\/types\/product"}],"replies":[{"embeddable":true,"href":"https:\/\/www.ebihal.hu\/en\/wp-json\/wp\/v2\/comments?post=9638"}],"wp:featuredmedia":[{"embeddable":true,"href":"https:\/\/www.ebihal.hu\/en\/wp-json\/wp\/v2\/media\/10109"}],"wp:attachment":[{"href":"https:\/\/www.ebihal.hu\/en\/wp-json\/wp\/v2\/media?parent=9638"}],"wp:term":[{"taxonomy":"product_cat","embeddable":true,"href":"https:\/\/www.ebihal.hu\/en\/wp-json\/wp\/v2\/product_cat?post=9638"},{"taxonomy":"product_tag","embeddable":true,"href":"https:\/\/www.ebihal.hu\/en\/wp-json\/wp\/v2\/product_tag?post=9638"}],"curies":[{"name":"wp","href":"https:\/\/api.w.org\/{rel}","templated":true}]}}