{"id":9630,"date":"2023-04-21T20:39:37","date_gmt":"2023-04-21T19:39:37","guid":{"rendered":"https:\/\/www.ebihal.hu\/?post_type=product&#038;p=9630"},"modified":"2026-01-30T12:53:39","modified_gmt":"2026-01-30T11:53:39","slug":"siberian-shaman-minoga-120-mm-025-uv","status":"publish","type":"product","link":"https:\/\/www.ebihal.hu\/en\/shop\/mucsali\/gumicsali\/saman\/minoga\/siberian-shaman-minoga-120-mm-025-uv\/","title":{"rendered":"Siberian Shaman Minoga 120 mm 025 UV"},"content":{"rendered":"<p>A Siberian Shaman Minoga szilikon csalija egyed\u00fcl\u00e1ll\u00f3 a maga nem\u00e9ben. <strong>Ing\u00f3l\u00e1t<\/strong> form\u00e1z, rendk\u00edv\u00fcl \u00e9leth\u0171 m\u00f3don. Szemei ragasztott gy\u00f6ngy\u00f6k, teste fogazott, elny\u00fajtott. Teste \u00e9s twister-farka k<strong>\u00edgy\u00f3z\u00f3<\/strong> mozg\u00e1s\u00e1nak a legt\u00f6bb ragadoz\u00f3 nem tud ellen\u00e1llni. Kiv\u00e1l\u00f3 csali csuk\u00e1ra, harcs\u00e1ra. Nagyon <strong>sz\u00edv\u00f3s<\/strong>, ellen\u00e1ll\u00f3\u00a0gumib\u00f3l k\u00e9sz\u00fcl.<\/p>\n<p>120 mm hossz\u00fa, 10 gramm, 1 db twister, <strong>aromatiz\u00e1lt<\/strong>, <strong>UV akt\u00edv<\/strong>, 025 sz\u00ednk\u00f3d.<\/p>\n<p><iframe loading=\"lazy\" title=\"YouTube video player\" src=\"https:\/\/www.youtube.com\/embed\/z34YgoWu668\" width=\"560\" height=\"315\" frameborder=\"0\" allowfullscreen=\"allowfullscreen\"><\/iframe><\/p>\n<h4>Additional information<\/h4>\n<table class=\"woocommerce-product-attributes shop_attributes\" aria-label=\"Product Details\" data-no-translation-aria-label=\"\">\n\t\t\t<tr class=\"woocommerce-product-attributes-item woocommerce-product-attributes-item--weight\">\n\t\t\t<th class=\"woocommerce-product-attributes-item__label\" scope=\"row\" data-no-translation=\"\" data-trp-gettext=\"\">Weight<\/th>\n\t\t\t<td class=\"woocommerce-product-attributes-item__value\">0.01 kg<\/td>\n\t\t<\/tr>\n\t\t\t<tr class=\"woocommerce-product-attributes-item woocommerce-product-attributes-item--attribute_pa_brand\">\n\t\t\t<th class=\"woocommerce-product-attributes-item__label\" scope=\"row\">Brand<\/th>\n\t\t\t<td class=\"woocommerce-product-attributes-item__value\"><p>Siberian Shaman<\/p>\n<\/td>\n\t\t<\/tr>\n\t\t\t<tr class=\"woocommerce-product-attributes-item woocommerce-product-attributes-item--attribute_pa_szinkod\">\n\t\t\t<th class=\"woocommerce-product-attributes-item__label\" scope=\"row\">Color code<\/th>\n\t\t\t<td class=\"woocommerce-product-attributes-item__value\"><p>025<\/p>\n<\/td>\n\t\t<\/tr>\n\t\t\t<tr class=\"woocommerce-product-attributes-item woocommerce-product-attributes-item--attribute_pa_meret\">\n\t\t\t<th class=\"woocommerce-product-attributes-item__label\" scope=\"row\">Size<\/th>\n\t\t\t<td class=\"woocommerce-product-attributes-item__value\"><p>120 mm<\/p>\n<\/td>\n\t\t<\/tr>\n\t\t\t<tr class=\"woocommerce-product-attributes-item woocommerce-product-attributes-item--attribute_pa_madein\">\n\t\t\t<th class=\"woocommerce-product-attributes-item__label\" scope=\"row\">Country of origin<\/th>\n\t\t\t<td class=\"woocommerce-product-attributes-item__value\"><p>Oroszorsz\u00e1g<\/p>\n<\/td>\n\t\t<\/tr>\n\t\t\t<tr class=\"woocommerce-product-attributes-item woocommerce-product-attributes-item--attribute_pa_kiszereles\">\n\t\t\t<th class=\"woocommerce-product-attributes-item__label\" scope=\"row\">Packaging<\/th>\n\t\t\t<td class=\"woocommerce-product-attributes-item__value\"><p>1 piece<\/p>\n<\/td>\n\t\t<\/tr>\n\t<\/table>","protected":false},"excerpt":{"rendered":"<p>1 db gumihal<\/p>","protected":false},"featured_media":9631,"comment_status":"open","ping_status":"closed","template":"","meta":[],"product_cat":[74,1738,40,1701],"product_tag":[147,148,1739,146,344,430,817],"class_list":{"0":"post-9630","1":"product","2":"type-product","3":"status-publish","4":"has-post-thumbnail","6":"product_brand-siberian-shaman","7":"product_cat-gumicsali","8":"product_cat-minoga","9":"product_cat-mucsali","10":"product_cat-saman","11":"product_tag-csuka","12":"product_tag-harcsa","13":"product_tag-minoga","14":"product_tag-sullo","15":"product_tag-twister","16":"product_tag-uv","17":"product_tag-xl","19":"first","20":"instock","21":"shipping-taxable","22":"purchasable","23":"product-type-simple"},"supplier_id":null,"supplier_sku":"","barcode":null,"atum_controlled":true,"out_stock_date":null,"out_stock_threshold":null,"inheritable":false,"inbound_stock":0,"stock_on_hold":0,"sold_today":0,"sales_last_days":0,"reserved_stock":0,"customer_returns":0,"warehouse_damage":0,"lost_in_post":0,"other_logs":0,"out_stock_days":0,"lost_sales":0,"has_location":false,"update_date":"2026-04-15T00:32:52","atum_locations":[],"atum_stock_status":"instock","restock_status":false,"low_stock_amount":"","sales_update_date":"2026-04-15T00:32:52","calc_backorders":null,"yoast_head":"<!-- This site is optimized with the Yoast SEO plugin v27.4 - https:\/\/yoast.com\/product\/yoast-seo-wordpress\/ -->\n<title>Siberian Shaman Minoga 120 mm 025 UV - Ebihal<\/title>\n<meta name=\"description\" content=\"A Siberian Shaman Minoga szilikon csalija egyed\u00fcl\u00e1ll\u00f3 a maga nem\u00e9ben. Ing\u00f3l\u00e1t form\u00e1z, rendk\u00edv\u00fcl \u00e9leth\u0171 m\u00f3don. K\u00edgy\u00f3z\u00f3 mozg\u00e1s\u00e1nak neh\u00e9z ellen\u00e1llni. 025\" \/>\n<meta name=\"robots\" content=\"index, follow, max-snippet:-1, max-image-preview:large, max-video-preview:-1\" \/>\n<link rel=\"canonical\" href=\"https:\/\/www.ebihal.hu\/en\/shop\/mucsali\/gumicsali\/saman\/minoga\/siberian-shaman-minoga-120-mm-025-uv\/\" \/>\n<meta property=\"og:locale\" content=\"en_GB\" \/>\n<meta property=\"og:type\" content=\"article\" \/>\n<meta property=\"og:title\" content=\"Siberian Shaman Minoga 120 mm 025 UV - Ebihal\" \/>\n<meta property=\"og:description\" content=\"A Siberian Shaman Minoga szilikon csalija egyed\u00fcl\u00e1ll\u00f3 a maga nem\u00e9ben. Ing\u00f3l\u00e1t form\u00e1z, rendk\u00edv\u00fcl \u00e9leth\u0171 m\u00f3don. K\u00edgy\u00f3z\u00f3 mozg\u00e1s\u00e1nak neh\u00e9z ellen\u00e1llni. 025\" \/>\n<meta property=\"og:url\" content=\"https:\/\/www.ebihal.hu\/en\/shop\/mucsali\/gumicsali\/saman\/minoga\/siberian-shaman-minoga-120-mm-025-uv\/\" \/>\n<meta property=\"og:site_name\" content=\"Ebihal\" \/>\n<meta property=\"article:publisher\" content=\"https:\/\/www.facebook.com\/ebihal\" \/>\n<meta property=\"article:modified_time\" content=\"2026-01-30T11:53:39+00:00\" \/>\n<meta property=\"og:image\" content=\"https:\/\/www.ebihal.hu\/wp-content\/uploads\/2023\/04\/minoga25.png\" \/>\n\t<meta property=\"og:image:width\" content=\"725\" \/>\n\t<meta property=\"og:image:height\" content=\"725\" \/>\n\t<meta property=\"og:image:type\" content=\"image\/png\" \/>\n<meta name=\"twitter:card\" content=\"summary_large_image\" \/>\n<meta name=\"twitter:label1\" content=\"Estimated reading time\" \/>\n\t<meta name=\"twitter:data1\" content=\"1 minute\" \/>\n<script type=\"application\/ld+json\" class=\"yoast-schema-graph\">{\"@context\":\"https:\\\/\\\/schema.org\",\"@graph\":[{\"@type\":\"WebPage\",\"@id\":\"https:\\\/\\\/www.ebihal.hu\\\/shop\\\/mucsali\\\/gumicsali\\\/saman\\\/minoga\\\/siberian-shaman-minoga-120-mm-025-uv\\\/\",\"url\":\"https:\\\/\\\/www.ebihal.hu\\\/shop\\\/mucsali\\\/gumicsali\\\/saman\\\/minoga\\\/siberian-shaman-minoga-120-mm-025-uv\\\/\",\"name\":\"Siberian Shaman Minoga 120 mm 025 UV - Ebihal\",\"isPartOf\":{\"@id\":\"https:\\\/\\\/www.ebihal.hu\\\/#website\"},\"primaryImageOfPage\":{\"@id\":\"https:\\\/\\\/www.ebihal.hu\\\/shop\\\/mucsali\\\/gumicsali\\\/saman\\\/minoga\\\/siberian-shaman-minoga-120-mm-025-uv\\\/#primaryimage\"},\"image\":{\"@id\":\"https:\\\/\\\/www.ebihal.hu\\\/shop\\\/mucsali\\\/gumicsali\\\/saman\\\/minoga\\\/siberian-shaman-minoga-120-mm-025-uv\\\/#primaryimage\"},\"thumbnailUrl\":\"https:\\\/\\\/www.ebihal.hu\\\/wp-content\\\/uploads\\\/2023\\\/04\\\/minoga25.png\",\"datePublished\":\"2023-04-21T19:39:37+00:00\",\"dateModified\":\"2026-01-30T11:53:39+00:00\",\"description\":\"A Siberian Shaman Minoga szilikon csalija egyed\u00fcl\u00e1ll\u00f3 a maga nem\u00e9ben. Ing\u00f3l\u00e1t form\u00e1z, rendk\u00edv\u00fcl \u00e9leth\u0171 m\u00f3don. K\u00edgy\u00f3z\u00f3 mozg\u00e1s\u00e1nak neh\u00e9z ellen\u00e1llni. 025\",\"breadcrumb\":{\"@id\":\"https:\\\/\\\/www.ebihal.hu\\\/shop\\\/mucsali\\\/gumicsali\\\/saman\\\/minoga\\\/siberian-shaman-minoga-120-mm-025-uv\\\/#breadcrumb\"},\"inLanguage\":\"en-GB\",\"potentialAction\":[{\"@type\":\"ReadAction\",\"target\":[\"https:\\\/\\\/www.ebihal.hu\\\/shop\\\/mucsali\\\/gumicsali\\\/saman\\\/minoga\\\/siberian-shaman-minoga-120-mm-025-uv\\\/\"]}]},{\"@type\":\"ImageObject\",\"inLanguage\":\"en-GB\",\"@id\":\"https:\\\/\\\/www.ebihal.hu\\\/shop\\\/mucsali\\\/gumicsali\\\/saman\\\/minoga\\\/siberian-shaman-minoga-120-mm-025-uv\\\/#primaryimage\",\"url\":\"https:\\\/\\\/www.ebihal.hu\\\/wp-content\\\/uploads\\\/2023\\\/04\\\/minoga25.png\",\"contentUrl\":\"https:\\\/\\\/www.ebihal.hu\\\/wp-content\\\/uploads\\\/2023\\\/04\\\/minoga25.png\",\"width\":725,\"height\":725,\"caption\":\"Siberian Shaman Minoga 025\"},{\"@type\":\"BreadcrumbList\",\"@id\":\"https:\\\/\\\/www.ebihal.hu\\\/shop\\\/mucsali\\\/gumicsali\\\/saman\\\/minoga\\\/siberian-shaman-minoga-120-mm-025-uv\\\/#breadcrumb\",\"itemListElement\":[{\"@type\":\"ListItem\",\"position\":1,\"name\":\"Kezd\u0151lap\",\"item\":\"https:\\\/\\\/www.ebihal.hu\\\/\"},{\"@type\":\"ListItem\",\"position\":2,\"name\":\"M\u0171csali \u00e1ruh\u00e1z\",\"item\":\"https:\\\/\\\/www.ebihal.hu\\\/\"},{\"@type\":\"ListItem\",\"position\":3,\"name\":\"Siberian Shaman Minoga 120 mm 025 UV\"}]},{\"@type\":\"WebSite\",\"@id\":\"https:\\\/\\\/www.ebihal.hu\\\/#website\",\"url\":\"https:\\\/\\\/www.ebihal.hu\\\/\",\"name\":\"Ebihal\",\"description\":\"Fish &amp; Jigs\",\"publisher\":{\"@id\":\"https:\\\/\\\/www.ebihal.hu\\\/#organization\"},\"potentialAction\":[{\"@type\":\"SearchAction\",\"target\":{\"@type\":\"EntryPoint\",\"urlTemplate\":\"https:\\\/\\\/www.ebihal.hu\\\/?s={search_term_string}\"},\"query-input\":{\"@type\":\"PropertyValueSpecification\",\"valueRequired\":true,\"valueName\":\"search_term_string\"}}],\"inLanguage\":\"en-GB\"},{\"@type\":\"Organization\",\"@id\":\"https:\\\/\\\/www.ebihal.hu\\\/#organization\",\"name\":\"Bir\u00f3 Csaba egy\u00e9ni v\u00e1llalkoz\u00f3\",\"url\":\"https:\\\/\\\/www.ebihal.hu\\\/\",\"logo\":{\"@type\":\"ImageObject\",\"inLanguage\":\"en-GB\",\"@id\":\"https:\\\/\\\/www.ebihal.hu\\\/#\\\/schema\\\/logo\\\/image\\\/\",\"url\":\"https:\\\/\\\/www.ebihal.hu\\\/wp-content\\\/uploads\\\/2021\\\/02\\\/brand_logo_mini.png\",\"contentUrl\":\"https:\\\/\\\/www.ebihal.hu\\\/wp-content\\\/uploads\\\/2021\\\/02\\\/brand_logo_mini.png\",\"width\":300,\"height\":300,\"caption\":\"Bir\u00f3 Csaba egy\u00e9ni v\u00e1llalkoz\u00f3\"},\"image\":{\"@id\":\"https:\\\/\\\/www.ebihal.hu\\\/#\\\/schema\\\/logo\\\/image\\\/\"},\"sameAs\":[\"https:\\\/\\\/www.facebook.com\\\/ebihal\"]}]}<\/script>\n<!-- \/ Yoast SEO plugin. -->","yoast_head_json":{"title":"Siberian Shaman Minoga 120 mm 025 UV - Ebihal","description":"A Siberian Shaman Minoga szilikon csalija egyed\u00fcl\u00e1ll\u00f3 a maga nem\u00e9ben. Ing\u00f3l\u00e1t form\u00e1z, rendk\u00edv\u00fcl \u00e9leth\u0171 m\u00f3don. K\u00edgy\u00f3z\u00f3 mozg\u00e1s\u00e1nak neh\u00e9z ellen\u00e1llni. 025","robots":{"index":"index","follow":"follow","max-snippet":"max-snippet:-1","max-image-preview":"max-image-preview:large","max-video-preview":"max-video-preview:-1"},"canonical":"https:\/\/www.ebihal.hu\/en\/shop\/mucsali\/gumicsali\/saman\/minoga\/siberian-shaman-minoga-120-mm-025-uv\/","og_locale":"en_GB","og_type":"article","og_title":"Siberian Shaman Minoga 120 mm 025 UV - Ebihal","og_description":"A Siberian Shaman Minoga szilikon csalija egyed\u00fcl\u00e1ll\u00f3 a maga nem\u00e9ben. Ing\u00f3l\u00e1t form\u00e1z, rendk\u00edv\u00fcl \u00e9leth\u0171 m\u00f3don. K\u00edgy\u00f3z\u00f3 mozg\u00e1s\u00e1nak neh\u00e9z ellen\u00e1llni. 025","og_url":"https:\/\/www.ebihal.hu\/en\/shop\/mucsali\/gumicsali\/saman\/minoga\/siberian-shaman-minoga-120-mm-025-uv\/","og_site_name":"Ebihal","article_publisher":"https:\/\/www.facebook.com\/ebihal","article_modified_time":"2026-01-30T11:53:39+00:00","og_image":[{"width":725,"height":725,"url":"https:\/\/www.ebihal.hu\/wp-content\/uploads\/2023\/04\/minoga25.png","type":"image\/png"}],"twitter_card":"summary_large_image","twitter_misc":{"Estimated reading time":"1 minute"},"schema":{"@context":"https:\/\/schema.org","@graph":[{"@type":"WebPage","@id":"https:\/\/www.ebihal.hu\/shop\/mucsali\/gumicsali\/saman\/minoga\/siberian-shaman-minoga-120-mm-025-uv\/","url":"https:\/\/www.ebihal.hu\/shop\/mucsali\/gumicsali\/saman\/minoga\/siberian-shaman-minoga-120-mm-025-uv\/","name":"Siberian Shaman Minoga 120 mm 025 UV - Ebihal","isPartOf":{"@id":"https:\/\/www.ebihal.hu\/#website"},"primaryImageOfPage":{"@id":"https:\/\/www.ebihal.hu\/shop\/mucsali\/gumicsali\/saman\/minoga\/siberian-shaman-minoga-120-mm-025-uv\/#primaryimage"},"image":{"@id":"https:\/\/www.ebihal.hu\/shop\/mucsali\/gumicsali\/saman\/minoga\/siberian-shaman-minoga-120-mm-025-uv\/#primaryimage"},"thumbnailUrl":"https:\/\/www.ebihal.hu\/wp-content\/uploads\/2023\/04\/minoga25.png","datePublished":"2023-04-21T19:39:37+00:00","dateModified":"2026-01-30T11:53:39+00:00","description":"A Siberian Shaman Minoga szilikon csalija egyed\u00fcl\u00e1ll\u00f3 a maga nem\u00e9ben. Ing\u00f3l\u00e1t form\u00e1z, rendk\u00edv\u00fcl \u00e9leth\u0171 m\u00f3don. K\u00edgy\u00f3z\u00f3 mozg\u00e1s\u00e1nak neh\u00e9z ellen\u00e1llni. 025","breadcrumb":{"@id":"https:\/\/www.ebihal.hu\/shop\/mucsali\/gumicsali\/saman\/minoga\/siberian-shaman-minoga-120-mm-025-uv\/#breadcrumb"},"inLanguage":"en-GB","potentialAction":[{"@type":"ReadAction","target":["https:\/\/www.ebihal.hu\/shop\/mucsali\/gumicsali\/saman\/minoga\/siberian-shaman-minoga-120-mm-025-uv\/"]}]},{"@type":"ImageObject","inLanguage":"en-GB","@id":"https:\/\/www.ebihal.hu\/shop\/mucsali\/gumicsali\/saman\/minoga\/siberian-shaman-minoga-120-mm-025-uv\/#primaryimage","url":"https:\/\/www.ebihal.hu\/wp-content\/uploads\/2023\/04\/minoga25.png","contentUrl":"https:\/\/www.ebihal.hu\/wp-content\/uploads\/2023\/04\/minoga25.png","width":725,"height":725,"caption":"Siberian Shaman Minoga 025"},{"@type":"BreadcrumbList","@id":"https:\/\/www.ebihal.hu\/shop\/mucsali\/gumicsali\/saman\/minoga\/siberian-shaman-minoga-120-mm-025-uv\/#breadcrumb","itemListElement":[{"@type":"ListItem","position":1,"name":"Kezd\u0151lap","item":"https:\/\/www.ebihal.hu\/"},{"@type":"ListItem","position":2,"name":"M\u0171csali \u00e1ruh\u00e1z","item":"https:\/\/www.ebihal.hu\/"},{"@type":"ListItem","position":3,"name":"Siberian Shaman Minoga 120 mm 025 UV"}]},{"@type":"WebSite","@id":"https:\/\/www.ebihal.hu\/#website","url":"https:\/\/www.ebihal.hu\/","name":"Ebihal","description":"Fish &amp; Jigs","publisher":{"@id":"https:\/\/www.ebihal.hu\/#organization"},"potentialAction":[{"@type":"SearchAction","target":{"@type":"EntryPoint","urlTemplate":"https:\/\/www.ebihal.hu\/?s={search_term_string}"},"query-input":{"@type":"PropertyValueSpecification","valueRequired":true,"valueName":"search_term_string"}}],"inLanguage":"en-GB"},{"@type":"Organization","@id":"https:\/\/www.ebihal.hu\/#organization","name":"Bir\u00f3 Csaba egy\u00e9ni v\u00e1llalkoz\u00f3","url":"https:\/\/www.ebihal.hu\/","logo":{"@type":"ImageObject","inLanguage":"en-GB","@id":"https:\/\/www.ebihal.hu\/#\/schema\/logo\/image\/","url":"https:\/\/www.ebihal.hu\/wp-content\/uploads\/2021\/02\/brand_logo_mini.png","contentUrl":"https:\/\/www.ebihal.hu\/wp-content\/uploads\/2021\/02\/brand_logo_mini.png","width":300,"height":300,"caption":"Bir\u00f3 Csaba egy\u00e9ni v\u00e1llalkoz\u00f3"},"image":{"@id":"https:\/\/www.ebihal.hu\/#\/schema\/logo\/image\/"},"sameAs":["https:\/\/www.facebook.com\/ebihal"]}]}},"_links":{"self":[{"href":"https:\/\/www.ebihal.hu\/en\/wp-json\/wp\/v2\/product\/9630","targetHints":{"allow":["GET"]}}],"collection":[{"href":"https:\/\/www.ebihal.hu\/en\/wp-json\/wp\/v2\/product"}],"about":[{"href":"https:\/\/www.ebihal.hu\/en\/wp-json\/wp\/v2\/types\/product"}],"replies":[{"embeddable":true,"href":"https:\/\/www.ebihal.hu\/en\/wp-json\/wp\/v2\/comments?post=9630"}],"wp:featuredmedia":[{"embeddable":true,"href":"https:\/\/www.ebihal.hu\/en\/wp-json\/wp\/v2\/media\/9631"}],"wp:attachment":[{"href":"https:\/\/www.ebihal.hu\/en\/wp-json\/wp\/v2\/media?parent=9630"}],"wp:term":[{"taxonomy":"product_cat","embeddable":true,"href":"https:\/\/www.ebihal.hu\/en\/wp-json\/wp\/v2\/product_cat?post=9630"},{"taxonomy":"product_tag","embeddable":true,"href":"https:\/\/www.ebihal.hu\/en\/wp-json\/wp\/v2\/product_tag?post=9630"}],"curies":[{"name":"wp","href":"https:\/\/api.w.org\/{rel}","templated":true}]}}