{"id":9475,"date":"2023-04-17T08:27:32","date_gmt":"2023-04-17T07:27:32","guid":{"rendered":"https:\/\/www.ebihal.hu\/?post_type=product&#038;p=9475"},"modified":"2025-12-15T19:48:09","modified_gmt":"2025-12-15T18:48:09","slug":"siberian-shaman-twins-ul-gumicsali-026-floating","status":"publish","type":"product","link":"https:\/\/www.ebihal.hu\/en\/shop\/mucsali\/gumicsali\/saman\/twins\/siberian-shaman-twins-ul-gumicsali-026-floating\/","title":{"rendered":"Siberian Shaman Twins UL gumicsali 026 FLOATING"},"content":{"rendered":"<p>A Siberian Shaman Twins guminak k\u00e9t alt\u00edpus\u00e1t tartalmazza a tasak. Minim\u00e1lis az elt\u00e9r\u00e9s k\u00f6z\u00f6tt\u00fck, csak a <strong>farokv\u00e9g\u00fck<\/strong> k\u00fcl\u00f6nb\u00f6zik: egyiknek bunk\u00f3s, m\u00e1siknak uszonyszer\u0171.<br \/>\nKev\u00e9s olyan csalival tal\u00e1lkoztunk a k\u00f6zelm\u00faltban, amit ennyire faln\u00e1nak a s\u00fcgerek. Term\u00e9szetesen m\u00e1s <strong>puhasz\u00e1j\u00fa<\/strong> halakra is eredm\u00e9nyesen haszn\u00e1lhat\u00f3.<br \/>\nAz Ebihalon aromaz\u00e1r\u00f3 <b>m\u0171anyag t\u00e9gelyben <\/b>ker\u00fcl forgalomba.<\/p>\n<p>37 mm hossz\u00fa, 30 db\/csomag, 026 sz\u00ednk\u00f3d, aromatiz\u00e1lt, <strong>floating<\/strong>.<\/p>\n<h4>Additional information<\/h4>\n<table class=\"woocommerce-product-attributes shop_attributes\" aria-label=\"Product Details\" data-no-translation-aria-label=\"\">\n\t\t\t<tr class=\"woocommerce-product-attributes-item woocommerce-product-attributes-item--attribute_pa_brand\">\n\t\t\t<th class=\"woocommerce-product-attributes-item__label\" scope=\"row\">Brand<\/th>\n\t\t\t<td class=\"woocommerce-product-attributes-item__value\"><p>Siberian Shaman<\/p>\n<\/td>\n\t\t<\/tr>\n\t\t\t<tr class=\"woocommerce-product-attributes-item woocommerce-product-attributes-item--attribute_pa_szinkod\">\n\t\t\t<th class=\"woocommerce-product-attributes-item__label\" scope=\"row\">Color code<\/th>\n\t\t\t<td class=\"woocommerce-product-attributes-item__value\"><p>026<\/p>\n<\/td>\n\t\t<\/tr>\n\t\t\t<tr class=\"woocommerce-product-attributes-item woocommerce-product-attributes-item--attribute_pa_meret\">\n\t\t\t<th class=\"woocommerce-product-attributes-item__label\" scope=\"row\">Size<\/th>\n\t\t\t<td class=\"woocommerce-product-attributes-item__value\"><p>37mm<\/p>\n<\/td>\n\t\t<\/tr>\n\t\t\t<tr class=\"woocommerce-product-attributes-item woocommerce-product-attributes-item--attribute_pa_madein\">\n\t\t\t<th class=\"woocommerce-product-attributes-item__label\" scope=\"row\">Country of origin<\/th>\n\t\t\t<td class=\"woocommerce-product-attributes-item__value\"><p>Oroszorsz\u00e1g<\/p>\n<\/td>\n\t\t<\/tr>\n\t\t\t<tr class=\"woocommerce-product-attributes-item woocommerce-product-attributes-item--attribute_pa_kiszereles\">\n\t\t\t<th class=\"woocommerce-product-attributes-item__label\" scope=\"row\">Packaging<\/th>\n\t\t\t<td class=\"woocommerce-product-attributes-item__value\"><p>1 doboz<\/p>\n<\/td>\n\t\t<\/tr>\n\t\t\t<tr class=\"woocommerce-product-attributes-item woocommerce-product-attributes-item--attribute_pa_darabszam\">\n\t\t\t<th class=\"woocommerce-product-attributes-item__label\" scope=\"row\">Darabsz\u00e1m<\/th>\n\t\t\t<td class=\"woocommerce-product-attributes-item__value\"><p>30<\/p>\n<\/td>\n\t\t<\/tr>\n\t<\/table>","protected":false},"excerpt":{"rendered":"<p>30 db\/doboz<\/p>","protected":false},"featured_media":10337,"comment_status":"open","ping_status":"closed","template":"","meta":[],"product_cat":[74,40,1701,1730,605],"product_tag":[815,239,1082,816,1424,823,240,1683,1728,241,1731,373],"class_list":{"0":"post-9475","1":"product","2":"type-product","3":"status-publish","4":"has-post-thumbnail","6":"product_brand-siberian-shaman","7":"product_cat-gumicsali","8":"product_cat-mucsali","9":"product_cat-saman","10":"product_cat-twins","11":"product_cat-ujdonsagok","12":"product_tag-bekes-halak","13":"product_tag-domolyko","14":"product_tag-floating","15":"product_tag-larva","16":"product_tag-mormishing","17":"product_tag-no-action","18":"product_tag-pisztrang","19":"product_tag-pisztrangsuger","20":"product_tag-shaman","21":"product_tag-suger","22":"product_tag-twins","23":"product_tag-ul","25":"first","26":"instock","27":"shipping-taxable","28":"purchasable","29":"product-type-simple"},"supplier_id":null,"supplier_sku":"","barcode":null,"atum_controlled":true,"out_stock_date":null,"out_stock_threshold":null,"inheritable":false,"inbound_stock":0,"stock_on_hold":0,"sold_today":0,"sales_last_days":0,"reserved_stock":0,"customer_returns":0,"warehouse_damage":0,"lost_in_post":0,"other_logs":0,"out_stock_days":0,"lost_sales":0,"has_location":false,"update_date":"2026-04-15T00:31:17","atum_locations":[],"atum_stock_status":"instock","restock_status":false,"low_stock_amount":"","sales_update_date":"2026-04-15T00:31:17","calc_backorders":null,"yoast_head":"<!-- This site is optimized with the Yoast SEO plugin v27.4 - https:\/\/yoast.com\/product\/yoast-seo-wordpress\/ -->\n<title>Siberian Shaman Twins UL gumicsali 026 FLOATING - Ebihal<\/title>\n<meta name=\"description\" content=\"A Siberian Shaman Twins guminak k\u00e9t alt\u00edpus\u00e1t tartalmazza a tasak. Egyiknek bunk\u00f3s, m\u00e1siknak uszonyszer\u0171 a farka. Floating. 026\" \/>\n<meta name=\"robots\" content=\"index, follow, max-snippet:-1, max-image-preview:large, max-video-preview:-1\" \/>\n<link rel=\"canonical\" href=\"https:\/\/www.ebihal.hu\/en\/shop\/mucsali\/gumicsali\/saman\/twins\/siberian-shaman-twins-ul-gumicsali-026-floating\/\" \/>\n<meta property=\"og:locale\" content=\"en_GB\" \/>\n<meta property=\"og:type\" content=\"article\" \/>\n<meta property=\"og:title\" content=\"Siberian Shaman Twins UL gumicsali 026 FLOATING - Ebihal\" \/>\n<meta property=\"og:description\" content=\"A Siberian Shaman Twins guminak k\u00e9t alt\u00edpus\u00e1t tartalmazza a tasak. Egyiknek bunk\u00f3s, m\u00e1siknak uszonyszer\u0171 a farka. Floating. 026\" \/>\n<meta property=\"og:url\" content=\"https:\/\/www.ebihal.hu\/en\/shop\/mucsali\/gumicsali\/saman\/twins\/siberian-shaman-twins-ul-gumicsali-026-floating\/\" \/>\n<meta property=\"og:site_name\" content=\"Ebihal\" \/>\n<meta property=\"article:publisher\" content=\"https:\/\/www.facebook.com\/ebihal\" \/>\n<meta property=\"article:modified_time\" content=\"2025-12-15T18:48:09+00:00\" \/>\n<meta property=\"og:image\" content=\"https:\/\/www.ebihal.hu\/wp-content\/uploads\/2023\/04\/26.png\" \/>\n\t<meta property=\"og:image:width\" content=\"640\" \/>\n\t<meta property=\"og:image:height\" content=\"640\" \/>\n\t<meta property=\"og:image:type\" content=\"image\/png\" \/>\n<meta name=\"twitter:card\" content=\"summary_large_image\" \/>\n<meta name=\"twitter:label1\" content=\"Estimated reading time\" \/>\n\t<meta name=\"twitter:data1\" content=\"1 minute\" \/>\n<script type=\"application\/ld+json\" class=\"yoast-schema-graph\">{\"@context\":\"https:\\\/\\\/schema.org\",\"@graph\":[{\"@type\":\"WebPage\",\"@id\":\"https:\\\/\\\/www.ebihal.hu\\\/shop\\\/mucsali\\\/gumicsali\\\/saman\\\/twins\\\/siberian-shaman-twins-ul-gumicsali-026-floating\\\/\",\"url\":\"https:\\\/\\\/www.ebihal.hu\\\/shop\\\/mucsali\\\/gumicsali\\\/saman\\\/twins\\\/siberian-shaman-twins-ul-gumicsali-026-floating\\\/\",\"name\":\"Siberian Shaman Twins UL gumicsali 026 FLOATING - Ebihal\",\"isPartOf\":{\"@id\":\"https:\\\/\\\/www.ebihal.hu\\\/#website\"},\"primaryImageOfPage\":{\"@id\":\"https:\\\/\\\/www.ebihal.hu\\\/shop\\\/mucsali\\\/gumicsali\\\/saman\\\/twins\\\/siberian-shaman-twins-ul-gumicsali-026-floating\\\/#primaryimage\"},\"image\":{\"@id\":\"https:\\\/\\\/www.ebihal.hu\\\/shop\\\/mucsali\\\/gumicsali\\\/saman\\\/twins\\\/siberian-shaman-twins-ul-gumicsali-026-floating\\\/#primaryimage\"},\"thumbnailUrl\":\"https:\\\/\\\/www.ebihal.hu\\\/wp-content\\\/uploads\\\/2023\\\/04\\\/26.png\",\"datePublished\":\"2023-04-17T07:27:32+00:00\",\"dateModified\":\"2025-12-15T18:48:09+00:00\",\"description\":\"A Siberian Shaman Twins guminak k\u00e9t alt\u00edpus\u00e1t tartalmazza a tasak. Egyiknek bunk\u00f3s, m\u00e1siknak uszonyszer\u0171 a farka. Floating. 026\",\"breadcrumb\":{\"@id\":\"https:\\\/\\\/www.ebihal.hu\\\/shop\\\/mucsali\\\/gumicsali\\\/saman\\\/twins\\\/siberian-shaman-twins-ul-gumicsali-026-floating\\\/#breadcrumb\"},\"inLanguage\":\"en-GB\",\"potentialAction\":[{\"@type\":\"ReadAction\",\"target\":[\"https:\\\/\\\/www.ebihal.hu\\\/shop\\\/mucsali\\\/gumicsali\\\/saman\\\/twins\\\/siberian-shaman-twins-ul-gumicsali-026-floating\\\/\"]}]},{\"@type\":\"ImageObject\",\"inLanguage\":\"en-GB\",\"@id\":\"https:\\\/\\\/www.ebihal.hu\\\/shop\\\/mucsali\\\/gumicsali\\\/saman\\\/twins\\\/siberian-shaman-twins-ul-gumicsali-026-floating\\\/#primaryimage\",\"url\":\"https:\\\/\\\/www.ebihal.hu\\\/wp-content\\\/uploads\\\/2023\\\/04\\\/26.png\",\"contentUrl\":\"https:\\\/\\\/www.ebihal.hu\\\/wp-content\\\/uploads\\\/2023\\\/04\\\/26.png\",\"width\":640,\"height\":640,\"caption\":\"Siberian Shaman TWINS 026\"},{\"@type\":\"BreadcrumbList\",\"@id\":\"https:\\\/\\\/www.ebihal.hu\\\/shop\\\/mucsali\\\/gumicsali\\\/saman\\\/twins\\\/siberian-shaman-twins-ul-gumicsali-026-floating\\\/#breadcrumb\",\"itemListElement\":[{\"@type\":\"ListItem\",\"position\":1,\"name\":\"Kezd\u0151lap\",\"item\":\"https:\\\/\\\/www.ebihal.hu\\\/\"},{\"@type\":\"ListItem\",\"position\":2,\"name\":\"M\u0171csali \u00e1ruh\u00e1z\",\"item\":\"https:\\\/\\\/www.ebihal.hu\\\/\"},{\"@type\":\"ListItem\",\"position\":3,\"name\":\"Siberian Shaman Twins UL gumicsali 026 FLOATING\"}]},{\"@type\":\"WebSite\",\"@id\":\"https:\\\/\\\/www.ebihal.hu\\\/#website\",\"url\":\"https:\\\/\\\/www.ebihal.hu\\\/\",\"name\":\"Ebihal\",\"description\":\"Fish &amp; Jigs\",\"publisher\":{\"@id\":\"https:\\\/\\\/www.ebihal.hu\\\/#organization\"},\"potentialAction\":[{\"@type\":\"SearchAction\",\"target\":{\"@type\":\"EntryPoint\",\"urlTemplate\":\"https:\\\/\\\/www.ebihal.hu\\\/?s={search_term_string}\"},\"query-input\":{\"@type\":\"PropertyValueSpecification\",\"valueRequired\":true,\"valueName\":\"search_term_string\"}}],\"inLanguage\":\"en-GB\"},{\"@type\":\"Organization\",\"@id\":\"https:\\\/\\\/www.ebihal.hu\\\/#organization\",\"name\":\"Bir\u00f3 Csaba egy\u00e9ni v\u00e1llalkoz\u00f3\",\"url\":\"https:\\\/\\\/www.ebihal.hu\\\/\",\"logo\":{\"@type\":\"ImageObject\",\"inLanguage\":\"en-GB\",\"@id\":\"https:\\\/\\\/www.ebihal.hu\\\/#\\\/schema\\\/logo\\\/image\\\/\",\"url\":\"https:\\\/\\\/www.ebihal.hu\\\/wp-content\\\/uploads\\\/2021\\\/02\\\/brand_logo_mini.png\",\"contentUrl\":\"https:\\\/\\\/www.ebihal.hu\\\/wp-content\\\/uploads\\\/2021\\\/02\\\/brand_logo_mini.png\",\"width\":300,\"height\":300,\"caption\":\"Bir\u00f3 Csaba egy\u00e9ni v\u00e1llalkoz\u00f3\"},\"image\":{\"@id\":\"https:\\\/\\\/www.ebihal.hu\\\/#\\\/schema\\\/logo\\\/image\\\/\"},\"sameAs\":[\"https:\\\/\\\/www.facebook.com\\\/ebihal\"]}]}<\/script>\n<!-- \/ Yoast SEO plugin. -->","yoast_head_json":{"title":"Siberian Shaman Twins UL gumicsali 026 FLOATING - Ebihal","description":"A Siberian Shaman Twins guminak k\u00e9t alt\u00edpus\u00e1t tartalmazza a tasak. Egyiknek bunk\u00f3s, m\u00e1siknak uszonyszer\u0171 a farka. Floating. 026","robots":{"index":"index","follow":"follow","max-snippet":"max-snippet:-1","max-image-preview":"max-image-preview:large","max-video-preview":"max-video-preview:-1"},"canonical":"https:\/\/www.ebihal.hu\/en\/shop\/mucsali\/gumicsali\/saman\/twins\/siberian-shaman-twins-ul-gumicsali-026-floating\/","og_locale":"en_GB","og_type":"article","og_title":"Siberian Shaman Twins UL gumicsali 026 FLOATING - Ebihal","og_description":"A Siberian Shaman Twins guminak k\u00e9t alt\u00edpus\u00e1t tartalmazza a tasak. Egyiknek bunk\u00f3s, m\u00e1siknak uszonyszer\u0171 a farka. Floating. 026","og_url":"https:\/\/www.ebihal.hu\/en\/shop\/mucsali\/gumicsali\/saman\/twins\/siberian-shaman-twins-ul-gumicsali-026-floating\/","og_site_name":"Ebihal","article_publisher":"https:\/\/www.facebook.com\/ebihal","article_modified_time":"2025-12-15T18:48:09+00:00","og_image":[{"width":640,"height":640,"url":"https:\/\/www.ebihal.hu\/wp-content\/uploads\/2023\/04\/26.png","type":"image\/png"}],"twitter_card":"summary_large_image","twitter_misc":{"Estimated reading time":"1 minute"},"schema":{"@context":"https:\/\/schema.org","@graph":[{"@type":"WebPage","@id":"https:\/\/www.ebihal.hu\/shop\/mucsali\/gumicsali\/saman\/twins\/siberian-shaman-twins-ul-gumicsali-026-floating\/","url":"https:\/\/www.ebihal.hu\/shop\/mucsali\/gumicsali\/saman\/twins\/siberian-shaman-twins-ul-gumicsali-026-floating\/","name":"Siberian Shaman Twins UL gumicsali 026 FLOATING - Ebihal","isPartOf":{"@id":"https:\/\/www.ebihal.hu\/#website"},"primaryImageOfPage":{"@id":"https:\/\/www.ebihal.hu\/shop\/mucsali\/gumicsali\/saman\/twins\/siberian-shaman-twins-ul-gumicsali-026-floating\/#primaryimage"},"image":{"@id":"https:\/\/www.ebihal.hu\/shop\/mucsali\/gumicsali\/saman\/twins\/siberian-shaman-twins-ul-gumicsali-026-floating\/#primaryimage"},"thumbnailUrl":"https:\/\/www.ebihal.hu\/wp-content\/uploads\/2023\/04\/26.png","datePublished":"2023-04-17T07:27:32+00:00","dateModified":"2025-12-15T18:48:09+00:00","description":"A Siberian Shaman Twins guminak k\u00e9t alt\u00edpus\u00e1t tartalmazza a tasak. Egyiknek bunk\u00f3s, m\u00e1siknak uszonyszer\u0171 a farka. Floating. 026","breadcrumb":{"@id":"https:\/\/www.ebihal.hu\/shop\/mucsali\/gumicsali\/saman\/twins\/siberian-shaman-twins-ul-gumicsali-026-floating\/#breadcrumb"},"inLanguage":"en-GB","potentialAction":[{"@type":"ReadAction","target":["https:\/\/www.ebihal.hu\/shop\/mucsali\/gumicsali\/saman\/twins\/siberian-shaman-twins-ul-gumicsali-026-floating\/"]}]},{"@type":"ImageObject","inLanguage":"en-GB","@id":"https:\/\/www.ebihal.hu\/shop\/mucsali\/gumicsali\/saman\/twins\/siberian-shaman-twins-ul-gumicsali-026-floating\/#primaryimage","url":"https:\/\/www.ebihal.hu\/wp-content\/uploads\/2023\/04\/26.png","contentUrl":"https:\/\/www.ebihal.hu\/wp-content\/uploads\/2023\/04\/26.png","width":640,"height":640,"caption":"Siberian Shaman TWINS 026"},{"@type":"BreadcrumbList","@id":"https:\/\/www.ebihal.hu\/shop\/mucsali\/gumicsali\/saman\/twins\/siberian-shaman-twins-ul-gumicsali-026-floating\/#breadcrumb","itemListElement":[{"@type":"ListItem","position":1,"name":"Kezd\u0151lap","item":"https:\/\/www.ebihal.hu\/"},{"@type":"ListItem","position":2,"name":"M\u0171csali \u00e1ruh\u00e1z","item":"https:\/\/www.ebihal.hu\/"},{"@type":"ListItem","position":3,"name":"Siberian Shaman Twins UL gumicsali 026 FLOATING"}]},{"@type":"WebSite","@id":"https:\/\/www.ebihal.hu\/#website","url":"https:\/\/www.ebihal.hu\/","name":"Ebihal","description":"Fish &amp; Jigs","publisher":{"@id":"https:\/\/www.ebihal.hu\/#organization"},"potentialAction":[{"@type":"SearchAction","target":{"@type":"EntryPoint","urlTemplate":"https:\/\/www.ebihal.hu\/?s={search_term_string}"},"query-input":{"@type":"PropertyValueSpecification","valueRequired":true,"valueName":"search_term_string"}}],"inLanguage":"en-GB"},{"@type":"Organization","@id":"https:\/\/www.ebihal.hu\/#organization","name":"Bir\u00f3 Csaba egy\u00e9ni v\u00e1llalkoz\u00f3","url":"https:\/\/www.ebihal.hu\/","logo":{"@type":"ImageObject","inLanguage":"en-GB","@id":"https:\/\/www.ebihal.hu\/#\/schema\/logo\/image\/","url":"https:\/\/www.ebihal.hu\/wp-content\/uploads\/2021\/02\/brand_logo_mini.png","contentUrl":"https:\/\/www.ebihal.hu\/wp-content\/uploads\/2021\/02\/brand_logo_mini.png","width":300,"height":300,"caption":"Bir\u00f3 Csaba egy\u00e9ni v\u00e1llalkoz\u00f3"},"image":{"@id":"https:\/\/www.ebihal.hu\/#\/schema\/logo\/image\/"},"sameAs":["https:\/\/www.facebook.com\/ebihal"]}]}},"_links":{"self":[{"href":"https:\/\/www.ebihal.hu\/en\/wp-json\/wp\/v2\/product\/9475","targetHints":{"allow":["GET"]}}],"collection":[{"href":"https:\/\/www.ebihal.hu\/en\/wp-json\/wp\/v2\/product"}],"about":[{"href":"https:\/\/www.ebihal.hu\/en\/wp-json\/wp\/v2\/types\/product"}],"replies":[{"embeddable":true,"href":"https:\/\/www.ebihal.hu\/en\/wp-json\/wp\/v2\/comments?post=9475"}],"wp:featuredmedia":[{"embeddable":true,"href":"https:\/\/www.ebihal.hu\/en\/wp-json\/wp\/v2\/media\/10337"}],"wp:attachment":[{"href":"https:\/\/www.ebihal.hu\/en\/wp-json\/wp\/v2\/media?parent=9475"}],"wp:term":[{"taxonomy":"product_cat","embeddable":true,"href":"https:\/\/www.ebihal.hu\/en\/wp-json\/wp\/v2\/product_cat?post=9475"},{"taxonomy":"product_tag","embeddable":true,"href":"https:\/\/www.ebihal.hu\/en\/wp-json\/wp\/v2\/product_tag?post=9475"}],"curies":[{"name":"wp","href":"https:\/\/api.w.org\/{rel}","templated":true}]}}