{"id":9345,"date":"2023-03-29T17:57:00","date_gmt":"2023-03-29T16:57:00","guid":{"rendered":"https:\/\/www.ebihal.hu\/?post_type=product&#038;p=9345"},"modified":"2025-09-21T22:26:45","modified_gmt":"2025-09-21T21:26:45","slug":"fish-bay-angolna-gumicsali-6cm-floating-12","status":"publish","type":"product","link":"https:\/\/www.ebihal.hu\/en\/shop\/mucsali\/gumicsali\/fishbay\/angolna\/fish-bay-angolna-gumicsali-6cm-floating-12\/","title":{"rendered":"Fish Bay Angolna gumicsali 6cm FLOATING #12"},"content":{"rendered":"<p>A\u00a0 lengyel Fish Bay W\u0119gorz (angolna) term\u00e9ke egy <strong>fel\u00fasz\u00f3<\/strong>, halfej\u0171, gy\u0171r\u0171sf\u00e9reg-test\u0171 csali, amely k\u00edgy\u00f3z\u00f3 mozg\u00e1s\u00e1val h\u00edvja fel mag\u00e1ra a ragadoz\u00f3k figyelm\u00e9t.<br \/>\nA <strong>t\u00f6m\u00f6r fej<\/strong> j\u00f3l tartja a horgot. Csak \u00e9pp annyira k\u00edgy\u00f3 test\u0171, hogy a kisebb sz\u00e1j\u00fa halak is egy szuszra be tudj\u00e1k nyelni, ne csak csipegess\u00e9k a v\u00e9g\u00e9t.<br \/>\nIde\u00e1lis s\u00fcg\u00e9r, k\u0151s\u00fcll\u0151, s\u00fcll\u0151 csal\u00e9tek.<\/p>\n<p><strong>6 cm<\/strong> hossz\u00fa, 0,8 g, #12 Orange sz\u00edn, <strong>floating<\/strong>, arom\u00e1s\u00edtott, ftal\u00e1t-mentes, <strong>10 db\/csomag<\/strong>.<\/p>\n<h4>Additional information<\/h4>\n<table class=\"woocommerce-product-attributes shop_attributes\" aria-label=\"Product Details\" data-no-translation-aria-label=\"\">\n\t\t\t<tr class=\"woocommerce-product-attributes-item woocommerce-product-attributes-item--weight\">\n\t\t\t<th class=\"woocommerce-product-attributes-item__label\" scope=\"row\" data-no-translation=\"\" data-trp-gettext=\"\">Weight<\/th>\n\t\t\t<td class=\"woocommerce-product-attributes-item__value\">0.013 kg<\/td>\n\t\t<\/tr>\n\t\t\t<tr class=\"woocommerce-product-attributes-item woocommerce-product-attributes-item--attribute_pa_brand\">\n\t\t\t<th class=\"woocommerce-product-attributes-item__label\" scope=\"row\">Brand<\/th>\n\t\t\t<td class=\"woocommerce-product-attributes-item__value\"><p>Fish Bay<\/p>\n<\/td>\n\t\t<\/tr>\n\t\t\t<tr class=\"woocommerce-product-attributes-item woocommerce-product-attributes-item--attribute_pa_color\">\n\t\t\t<th class=\"woocommerce-product-attributes-item__label\" scope=\"row\">Color<\/th>\n\t\t\t<td class=\"woocommerce-product-attributes-item__value\"><p>Orange<\/p>\n<\/td>\n\t\t<\/tr>\n\t\t\t<tr class=\"woocommerce-product-attributes-item woocommerce-product-attributes-item--attribute_pa_meret\">\n\t\t\t<th class=\"woocommerce-product-attributes-item__label\" scope=\"row\">Size<\/th>\n\t\t\t<td class=\"woocommerce-product-attributes-item__value\"><p>60 mm<\/p>\n<\/td>\n\t\t<\/tr>\n\t\t\t<tr class=\"woocommerce-product-attributes-item woocommerce-product-attributes-item--attribute_pa_madein\">\n\t\t\t<th class=\"woocommerce-product-attributes-item__label\" scope=\"row\">Country of origin<\/th>\n\t\t\t<td class=\"woocommerce-product-attributes-item__value\"><p>Lengyelorsz\u00e1g<\/p>\n<\/td>\n\t\t<\/tr>\n\t\t\t<tr class=\"woocommerce-product-attributes-item woocommerce-product-attributes-item--attribute_pa_kiszereles\">\n\t\t\t<th class=\"woocommerce-product-attributes-item__label\" scope=\"row\">Packaging<\/th>\n\t\t\t<td class=\"woocommerce-product-attributes-item__value\"><p>1 plastic bag<\/p>\n<\/td>\n\t\t<\/tr>\n\t\t\t<tr class=\"woocommerce-product-attributes-item woocommerce-product-attributes-item--attribute_pa_darabszam\">\n\t\t\t<th class=\"woocommerce-product-attributes-item__label\" scope=\"row\">Darabsz\u00e1m<\/th>\n\t\t\t<td class=\"woocommerce-product-attributes-item__value\"><p>10<\/p>\n<\/td>\n\t\t<\/tr>\n\t<\/table>","protected":false},"excerpt":{"rendered":"<p>10 db\/csomag<\/p>","protected":false},"featured_media":9353,"comment_status":"open","ping_status":"closed","template":"","meta":[],"product_cat":[1551,1549,74,40,605],"product_tag":[79,815,1552,1082,339,816,823,240,241,146,373],"class_list":{"0":"post-9345","1":"product","2":"type-product","3":"status-publish","4":"has-post-thumbnail","6":"product_brand-fishbay","7":"product_cat-angolna","8":"product_cat-fishbay","9":"product_cat-gumicsali","10":"product_cat-mucsali","11":"product_cat-ujdonsagok","12":"product_tag-angolna","13":"product_tag-bekes-halak","14":"product_tag-fish-bay","15":"product_tag-floating","16":"product_tag-kosullo","17":"product_tag-larva","18":"product_tag-no-action","19":"product_tag-pisztrang","20":"product_tag-suger","21":"product_tag-sullo","22":"product_tag-ul","24":"first","25":"instock","26":"shipping-taxable","27":"purchasable","28":"product-type-simple"},"supplier_id":null,"supplier_sku":"","barcode":null,"atum_controlled":true,"out_stock_date":null,"out_stock_threshold":null,"inheritable":false,"inbound_stock":0,"stock_on_hold":0,"sold_today":0,"sales_last_days":0,"reserved_stock":0,"customer_returns":0,"warehouse_damage":0,"lost_in_post":0,"other_logs":0,"out_stock_days":0,"lost_sales":0,"has_location":false,"update_date":"2026-04-15T00:30:57","atum_locations":[],"atum_stock_status":"instock","restock_status":false,"low_stock_amount":"","sales_update_date":"2026-04-15T00:30:57","calc_backorders":null,"yoast_head":"<!-- This site is optimized with the Yoast SEO plugin v27.4 - https:\/\/yoast.com\/product\/yoast-seo-wordpress\/ -->\n<title>Fish Bay Angolna gumicsali 6cm FLOATING #12 - Ebihal<\/title>\n<meta name=\"description\" content=\"A\u00a0 lengyel Fish Bay Angolna term\u00e9ke egy fel\u00fasz\u00f3, halfej\u0171, gy\u0171r\u0171sf\u00e9reg-test\u0171 csali, amely k\u00edgy\u00f3z\u00f3 mozg\u00e1s\u00e1val h\u00edvja fel mag\u00e1ra a ragadoz\u00f3k figyelm\u00e9t. Orange\" \/>\n<meta name=\"robots\" content=\"index, follow, max-snippet:-1, max-image-preview:large, max-video-preview:-1\" \/>\n<link rel=\"canonical\" href=\"https:\/\/www.ebihal.hu\/en\/shop\/mucsali\/gumicsali\/fishbay\/angolna\/fish-bay-angolna-gumicsali-6cm-floating-12\/\" \/>\n<meta property=\"og:locale\" content=\"en_GB\" \/>\n<meta property=\"og:type\" content=\"article\" \/>\n<meta property=\"og:title\" content=\"Fish Bay Angolna gumicsali 6cm FLOATING #12 - Ebihal\" \/>\n<meta property=\"og:description\" content=\"A\u00a0 lengyel Fish Bay Angolna term\u00e9ke egy fel\u00fasz\u00f3, halfej\u0171, gy\u0171r\u0171sf\u00e9reg-test\u0171 csali, amely k\u00edgy\u00f3z\u00f3 mozg\u00e1s\u00e1val h\u00edvja fel mag\u00e1ra a ragadoz\u00f3k figyelm\u00e9t. Orange\" \/>\n<meta property=\"og:url\" content=\"https:\/\/www.ebihal.hu\/en\/shop\/mucsali\/gumicsali\/fishbay\/angolna\/fish-bay-angolna-gumicsali-6cm-floating-12\/\" \/>\n<meta property=\"og:site_name\" content=\"Ebihal\" \/>\n<meta property=\"article:publisher\" content=\"https:\/\/www.facebook.com\/ebihal\" \/>\n<meta property=\"article:modified_time\" content=\"2025-09-21T21:26:45+00:00\" \/>\n<meta property=\"og:image\" content=\"https:\/\/www.ebihal.hu\/wp-content\/uploads\/2023\/03\/12b.png\" \/>\n\t<meta property=\"og:image:width\" content=\"500\" \/>\n\t<meta property=\"og:image:height\" content=\"500\" \/>\n\t<meta property=\"og:image:type\" content=\"image\/png\" \/>\n<meta name=\"twitter:card\" content=\"summary_large_image\" \/>\n<meta name=\"twitter:label1\" content=\"Estimated reading time\" \/>\n\t<meta name=\"twitter:data1\" content=\"1 minute\" \/>\n<script type=\"application\/ld+json\" class=\"yoast-schema-graph\">{\"@context\":\"https:\\\/\\\/schema.org\",\"@graph\":[{\"@type\":\"WebPage\",\"@id\":\"https:\\\/\\\/www.ebihal.hu\\\/en\\\/shop\\\/mucsali\\\/gumicsali\\\/fishbay\\\/angolna\\\/fish-bay-angolna-gumicsali-6cm-floating-12\\\/\",\"url\":\"https:\\\/\\\/www.ebihal.hu\\\/en\\\/shop\\\/mucsali\\\/gumicsali\\\/fishbay\\\/angolna\\\/fish-bay-angolna-gumicsali-6cm-floating-12\\\/\",\"name\":\"Fish Bay Angolna gumicsali 6cm FLOATING #12 - Ebihal\",\"isPartOf\":{\"@id\":\"https:\\\/\\\/www.ebihal.hu\\\/#website\"},\"primaryImageOfPage\":{\"@id\":\"https:\\\/\\\/www.ebihal.hu\\\/en\\\/shop\\\/mucsali\\\/gumicsali\\\/fishbay\\\/angolna\\\/fish-bay-angolna-gumicsali-6cm-floating-12\\\/#primaryimage\"},\"image\":{\"@id\":\"https:\\\/\\\/www.ebihal.hu\\\/en\\\/shop\\\/mucsali\\\/gumicsali\\\/fishbay\\\/angolna\\\/fish-bay-angolna-gumicsali-6cm-floating-12\\\/#primaryimage\"},\"thumbnailUrl\":\"https:\\\/\\\/www.ebihal.hu\\\/wp-content\\\/uploads\\\/2023\\\/03\\\/12b.png\",\"datePublished\":\"2023-03-29T16:57:00+00:00\",\"dateModified\":\"2025-09-21T21:26:45+00:00\",\"description\":\"A\u00a0 lengyel Fish Bay Angolna term\u00e9ke egy fel\u00fasz\u00f3, halfej\u0171, gy\u0171r\u0171sf\u00e9reg-test\u0171 csali, amely k\u00edgy\u00f3z\u00f3 mozg\u00e1s\u00e1val h\u00edvja fel mag\u00e1ra a ragadoz\u00f3k figyelm\u00e9t. Orange\",\"breadcrumb\":{\"@id\":\"https:\\\/\\\/www.ebihal.hu\\\/en\\\/shop\\\/mucsali\\\/gumicsali\\\/fishbay\\\/angolna\\\/fish-bay-angolna-gumicsali-6cm-floating-12\\\/#breadcrumb\"},\"inLanguage\":\"en-GB\",\"potentialAction\":[{\"@type\":\"ReadAction\",\"target\":[\"https:\\\/\\\/www.ebihal.hu\\\/en\\\/shop\\\/mucsali\\\/gumicsali\\\/fishbay\\\/angolna\\\/fish-bay-angolna-gumicsali-6cm-floating-12\\\/\"]}]},{\"@type\":\"ImageObject\",\"inLanguage\":\"en-GB\",\"@id\":\"https:\\\/\\\/www.ebihal.hu\\\/en\\\/shop\\\/mucsali\\\/gumicsali\\\/fishbay\\\/angolna\\\/fish-bay-angolna-gumicsali-6cm-floating-12\\\/#primaryimage\",\"url\":\"https:\\\/\\\/www.ebihal.hu\\\/wp-content\\\/uploads\\\/2023\\\/03\\\/12b.png\",\"contentUrl\":\"https:\\\/\\\/www.ebihal.hu\\\/wp-content\\\/uploads\\\/2023\\\/03\\\/12b.png\",\"width\":500,\"height\":500,\"caption\":\"Fish Bay Angolna 12\"},{\"@type\":\"BreadcrumbList\",\"@id\":\"https:\\\/\\\/www.ebihal.hu\\\/en\\\/shop\\\/mucsali\\\/gumicsali\\\/fishbay\\\/angolna\\\/fish-bay-angolna-gumicsali-6cm-floating-12\\\/#breadcrumb\",\"itemListElement\":[{\"@type\":\"ListItem\",\"position\":1,\"name\":\"Kezd\u0151lap\",\"item\":\"https:\\\/\\\/www.ebihal.hu\\\/\"},{\"@type\":\"ListItem\",\"position\":2,\"name\":\"M\u0171csali \u00e1ruh\u00e1z\",\"item\":\"https:\\\/\\\/www.ebihal.hu\\\/\"},{\"@type\":\"ListItem\",\"position\":3,\"name\":\"Fish Bay Angolna gumicsali 6cm FLOATING #12\"}]},{\"@type\":\"WebSite\",\"@id\":\"https:\\\/\\\/www.ebihal.hu\\\/#website\",\"url\":\"https:\\\/\\\/www.ebihal.hu\\\/\",\"name\":\"Ebihal\",\"description\":\"Fish &amp; Jigs\",\"publisher\":{\"@id\":\"https:\\\/\\\/www.ebihal.hu\\\/#organization\"},\"potentialAction\":[{\"@type\":\"SearchAction\",\"target\":{\"@type\":\"EntryPoint\",\"urlTemplate\":\"https:\\\/\\\/www.ebihal.hu\\\/?s={search_term_string}\"},\"query-input\":{\"@type\":\"PropertyValueSpecification\",\"valueRequired\":true,\"valueName\":\"search_term_string\"}}],\"inLanguage\":\"en-GB\"},{\"@type\":\"Organization\",\"@id\":\"https:\\\/\\\/www.ebihal.hu\\\/#organization\",\"name\":\"Bir\u00f3 Csaba egy\u00e9ni v\u00e1llalkoz\u00f3\",\"url\":\"https:\\\/\\\/www.ebihal.hu\\\/\",\"logo\":{\"@type\":\"ImageObject\",\"inLanguage\":\"en-GB\",\"@id\":\"https:\\\/\\\/www.ebihal.hu\\\/#\\\/schema\\\/logo\\\/image\\\/\",\"url\":\"https:\\\/\\\/www.ebihal.hu\\\/wp-content\\\/uploads\\\/2021\\\/02\\\/brand_logo_mini.png\",\"contentUrl\":\"https:\\\/\\\/www.ebihal.hu\\\/wp-content\\\/uploads\\\/2021\\\/02\\\/brand_logo_mini.png\",\"width\":300,\"height\":300,\"caption\":\"Bir\u00f3 Csaba egy\u00e9ni v\u00e1llalkoz\u00f3\"},\"image\":{\"@id\":\"https:\\\/\\\/www.ebihal.hu\\\/#\\\/schema\\\/logo\\\/image\\\/\"},\"sameAs\":[\"https:\\\/\\\/www.facebook.com\\\/ebihal\"]}]}<\/script>\n<!-- \/ Yoast SEO plugin. -->","yoast_head_json":{"title":"Fish Bay Angolna gumicsali 6cm FLOATING #12 - Ebihal","description":"A\u00a0 lengyel Fish Bay Angolna term\u00e9ke egy fel\u00fasz\u00f3, halfej\u0171, gy\u0171r\u0171sf\u00e9reg-test\u0171 csali, amely k\u00edgy\u00f3z\u00f3 mozg\u00e1s\u00e1val h\u00edvja fel mag\u00e1ra a ragadoz\u00f3k figyelm\u00e9t. Orange","robots":{"index":"index","follow":"follow","max-snippet":"max-snippet:-1","max-image-preview":"max-image-preview:large","max-video-preview":"max-video-preview:-1"},"canonical":"https:\/\/www.ebihal.hu\/en\/shop\/mucsali\/gumicsali\/fishbay\/angolna\/fish-bay-angolna-gumicsali-6cm-floating-12\/","og_locale":"en_GB","og_type":"article","og_title":"Fish Bay Angolna gumicsali 6cm FLOATING #12 - Ebihal","og_description":"A\u00a0 lengyel Fish Bay Angolna term\u00e9ke egy fel\u00fasz\u00f3, halfej\u0171, gy\u0171r\u0171sf\u00e9reg-test\u0171 csali, amely k\u00edgy\u00f3z\u00f3 mozg\u00e1s\u00e1val h\u00edvja fel mag\u00e1ra a ragadoz\u00f3k figyelm\u00e9t. Orange","og_url":"https:\/\/www.ebihal.hu\/en\/shop\/mucsali\/gumicsali\/fishbay\/angolna\/fish-bay-angolna-gumicsali-6cm-floating-12\/","og_site_name":"Ebihal","article_publisher":"https:\/\/www.facebook.com\/ebihal","article_modified_time":"2025-09-21T21:26:45+00:00","og_image":[{"width":500,"height":500,"url":"https:\/\/www.ebihal.hu\/wp-content\/uploads\/2023\/03\/12b.png","type":"image\/png"}],"twitter_card":"summary_large_image","twitter_misc":{"Estimated reading time":"1 minute"},"schema":{"@context":"https:\/\/schema.org","@graph":[{"@type":"WebPage","@id":"https:\/\/www.ebihal.hu\/en\/shop\/mucsali\/gumicsali\/fishbay\/angolna\/fish-bay-angolna-gumicsali-6cm-floating-12\/","url":"https:\/\/www.ebihal.hu\/en\/shop\/mucsali\/gumicsali\/fishbay\/angolna\/fish-bay-angolna-gumicsali-6cm-floating-12\/","name":"Fish Bay Angolna gumicsali 6cm FLOATING #12 - Ebihal","isPartOf":{"@id":"https:\/\/www.ebihal.hu\/#website"},"primaryImageOfPage":{"@id":"https:\/\/www.ebihal.hu\/en\/shop\/mucsali\/gumicsali\/fishbay\/angolna\/fish-bay-angolna-gumicsali-6cm-floating-12\/#primaryimage"},"image":{"@id":"https:\/\/www.ebihal.hu\/en\/shop\/mucsali\/gumicsali\/fishbay\/angolna\/fish-bay-angolna-gumicsali-6cm-floating-12\/#primaryimage"},"thumbnailUrl":"https:\/\/www.ebihal.hu\/wp-content\/uploads\/2023\/03\/12b.png","datePublished":"2023-03-29T16:57:00+00:00","dateModified":"2025-09-21T21:26:45+00:00","description":"A\u00a0 lengyel Fish Bay Angolna term\u00e9ke egy fel\u00fasz\u00f3, halfej\u0171, gy\u0171r\u0171sf\u00e9reg-test\u0171 csali, amely k\u00edgy\u00f3z\u00f3 mozg\u00e1s\u00e1val h\u00edvja fel mag\u00e1ra a ragadoz\u00f3k figyelm\u00e9t. Orange","breadcrumb":{"@id":"https:\/\/www.ebihal.hu\/en\/shop\/mucsali\/gumicsali\/fishbay\/angolna\/fish-bay-angolna-gumicsali-6cm-floating-12\/#breadcrumb"},"inLanguage":"en-GB","potentialAction":[{"@type":"ReadAction","target":["https:\/\/www.ebihal.hu\/en\/shop\/mucsali\/gumicsali\/fishbay\/angolna\/fish-bay-angolna-gumicsali-6cm-floating-12\/"]}]},{"@type":"ImageObject","inLanguage":"en-GB","@id":"https:\/\/www.ebihal.hu\/en\/shop\/mucsali\/gumicsali\/fishbay\/angolna\/fish-bay-angolna-gumicsali-6cm-floating-12\/#primaryimage","url":"https:\/\/www.ebihal.hu\/wp-content\/uploads\/2023\/03\/12b.png","contentUrl":"https:\/\/www.ebihal.hu\/wp-content\/uploads\/2023\/03\/12b.png","width":500,"height":500,"caption":"Fish Bay Angolna 12"},{"@type":"BreadcrumbList","@id":"https:\/\/www.ebihal.hu\/en\/shop\/mucsali\/gumicsali\/fishbay\/angolna\/fish-bay-angolna-gumicsali-6cm-floating-12\/#breadcrumb","itemListElement":[{"@type":"ListItem","position":1,"name":"Kezd\u0151lap","item":"https:\/\/www.ebihal.hu\/"},{"@type":"ListItem","position":2,"name":"M\u0171csali \u00e1ruh\u00e1z","item":"https:\/\/www.ebihal.hu\/"},{"@type":"ListItem","position":3,"name":"Fish Bay Angolna gumicsali 6cm FLOATING #12"}]},{"@type":"WebSite","@id":"https:\/\/www.ebihal.hu\/#website","url":"https:\/\/www.ebihal.hu\/","name":"Ebihal","description":"Fish &amp; Jigs","publisher":{"@id":"https:\/\/www.ebihal.hu\/#organization"},"potentialAction":[{"@type":"SearchAction","target":{"@type":"EntryPoint","urlTemplate":"https:\/\/www.ebihal.hu\/?s={search_term_string}"},"query-input":{"@type":"PropertyValueSpecification","valueRequired":true,"valueName":"search_term_string"}}],"inLanguage":"en-GB"},{"@type":"Organization","@id":"https:\/\/www.ebihal.hu\/#organization","name":"Bir\u00f3 Csaba egy\u00e9ni v\u00e1llalkoz\u00f3","url":"https:\/\/www.ebihal.hu\/","logo":{"@type":"ImageObject","inLanguage":"en-GB","@id":"https:\/\/www.ebihal.hu\/#\/schema\/logo\/image\/","url":"https:\/\/www.ebihal.hu\/wp-content\/uploads\/2021\/02\/brand_logo_mini.png","contentUrl":"https:\/\/www.ebihal.hu\/wp-content\/uploads\/2021\/02\/brand_logo_mini.png","width":300,"height":300,"caption":"Bir\u00f3 Csaba egy\u00e9ni v\u00e1llalkoz\u00f3"},"image":{"@id":"https:\/\/www.ebihal.hu\/#\/schema\/logo\/image\/"},"sameAs":["https:\/\/www.facebook.com\/ebihal"]}]}},"_links":{"self":[{"href":"https:\/\/www.ebihal.hu\/en\/wp-json\/wp\/v2\/product\/9345","targetHints":{"allow":["GET"]}}],"collection":[{"href":"https:\/\/www.ebihal.hu\/en\/wp-json\/wp\/v2\/product"}],"about":[{"href":"https:\/\/www.ebihal.hu\/en\/wp-json\/wp\/v2\/types\/product"}],"replies":[{"embeddable":true,"href":"https:\/\/www.ebihal.hu\/en\/wp-json\/wp\/v2\/comments?post=9345"}],"wp:featuredmedia":[{"embeddable":true,"href":"https:\/\/www.ebihal.hu\/en\/wp-json\/wp\/v2\/media\/9353"}],"wp:attachment":[{"href":"https:\/\/www.ebihal.hu\/en\/wp-json\/wp\/v2\/media?parent=9345"}],"wp:term":[{"taxonomy":"product_cat","embeddable":true,"href":"https:\/\/www.ebihal.hu\/en\/wp-json\/wp\/v2\/product_cat?post=9345"},{"taxonomy":"product_tag","embeddable":true,"href":"https:\/\/www.ebihal.hu\/en\/wp-json\/wp\/v2\/product_tag?post=9345"}],"curies":[{"name":"wp","href":"https:\/\/api.w.org\/{rel}","templated":true}]}}