{"id":9154,"date":"2023-03-17T16:40:06","date_gmt":"2023-03-17T15:40:06","guid":{"rendered":"https:\/\/www.ebihal.hu\/?post_type=product&#038;p=9154"},"modified":"2024-09-16T10:16:55","modified_gmt":"2024-09-16T09:16:55","slug":"boroda-baits-ivi-xl-float-worm","status":"publish","type":"product","link":"https:\/\/www.ebihal.hu\/en\/shop\/mucsali\/gumicsali\/boroda-baits\/boroda-ivi-xl-float\/boroda-baits-ivi-xl-float-worm\/","title":{"rendered":"Boroda Baits ivi XL Floating UV Worm"},"content":{"rendered":"<p>A Boroda Baits ivi XL <strong>f\u00f6ldigiliszta<\/strong> imit\u00e1ci\u00f3ja a h\u00edres perget\u0151horg\u00e1sz, \u0410\u0440\u0442\u0435\u043c \u041c\u0438\u0448\u0438\u043d<br \/>\nszakmai \u00fatmutat\u00e1sai alapj\u00e1n ker\u00fclt kifejleszt\u00e9sre. Rendk\u00edv\u00fcl <strong>l\u00e1gy<\/strong>, ugyanakkor <strong>sz\u00edv\u00f3s<\/strong>, er\u0151s, <strong>attrakt\u00e1nssal<\/strong> ell\u00e1tott <strong>floating<\/strong> csali. Els\u0151sorban patakpec\u00e1ra, pisztr\u00e1ng- \u00e9s domolyk\u00f3 horg\u00e1szat\u00e1ra aj\u00e1nlja a gy\u00e1rt\u00f3, de hazai vizeken a k\u0151s\u00fcll\u0151 \u00e9s a harcsa is sz\u00edvesen felveszi \u00e1ll\u00f3- \u00e9s foly\u00f3v\u00edzen egyar\u00e1nt. Kedvenc sz\u00edn\u00fcnkben tartjuk, ig\u00e9ny est\u00e9n tov\u00e1bbi sz\u00edneket is beszerz\u00fcnk.<\/p>\n<p>70 mm hossz\u00fa, 0,8 g, 10 db\/t\u00e9gely, arom\u00e1s\u00edtott, <strong>floating<\/strong>, <strong>UV akt\u00edv<\/strong>, Worm sz\u00edn.<\/p>\n<h4>Additional information<\/h4>\n<table class=\"woocommerce-product-attributes shop_attributes\" aria-label=\"Product Details\" data-no-translation-aria-label=\"\">\n\t\t\t<tr class=\"woocommerce-product-attributes-item woocommerce-product-attributes-item--weight\">\n\t\t\t<th class=\"woocommerce-product-attributes-item__label\" scope=\"row\" data-no-translation=\"\" data-trp-gettext=\"\">Weight<\/th>\n\t\t\t<td class=\"woocommerce-product-attributes-item__value\">0.04 kg<\/td>\n\t\t<\/tr>\n\t\t\t<tr class=\"woocommerce-product-attributes-item woocommerce-product-attributes-item--attribute_pa_brand\">\n\t\t\t<th class=\"woocommerce-product-attributes-item__label\" scope=\"row\">Brand<\/th>\n\t\t\t<td class=\"woocommerce-product-attributes-item__value\"><p>Boroda Baits<\/p>\n<\/td>\n\t\t<\/tr>\n\t\t\t<tr class=\"woocommerce-product-attributes-item woocommerce-product-attributes-item--attribute_pa_color\">\n\t\t\t<th class=\"woocommerce-product-attributes-item__label\" scope=\"row\">Color<\/th>\n\t\t\t<td class=\"woocommerce-product-attributes-item__value\"><p>Worm<\/p>\n<\/td>\n\t\t<\/tr>\n\t\t\t<tr class=\"woocommerce-product-attributes-item woocommerce-product-attributes-item--attribute_pa_szinkod\">\n\t\t\t<th class=\"woocommerce-product-attributes-item__label\" scope=\"row\">Color code<\/th>\n\t\t\t<td class=\"woocommerce-product-attributes-item__value\"><p>121<\/p>\n<\/td>\n\t\t<\/tr>\n\t\t\t<tr class=\"woocommerce-product-attributes-item woocommerce-product-attributes-item--attribute_pa_meret\">\n\t\t\t<th class=\"woocommerce-product-attributes-item__label\" scope=\"row\">Size<\/th>\n\t\t\t<td class=\"woocommerce-product-attributes-item__value\"><p>70 mm<\/p>\n<\/td>\n\t\t<\/tr>\n\t\t\t<tr class=\"woocommerce-product-attributes-item woocommerce-product-attributes-item--attribute_pa_madein\">\n\t\t\t<th class=\"woocommerce-product-attributes-item__label\" scope=\"row\">Country of origin<\/th>\n\t\t\t<td class=\"woocommerce-product-attributes-item__value\"><p>Oroszorsz\u00e1g<\/p>\n<\/td>\n\t\t<\/tr>\n\t\t\t<tr class=\"woocommerce-product-attributes-item woocommerce-product-attributes-item--attribute_pa_kiszereles\">\n\t\t\t<th class=\"woocommerce-product-attributes-item__label\" scope=\"row\">Packaging<\/th>\n\t\t\t<td class=\"woocommerce-product-attributes-item__value\"><p>1 doboz<\/p>\n<\/td>\n\t\t<\/tr>\n\t\t\t<tr class=\"woocommerce-product-attributes-item woocommerce-product-attributes-item--attribute_pa_darabszam\">\n\t\t\t<th class=\"woocommerce-product-attributes-item__label\" scope=\"row\">Darabsz\u00e1m<\/th>\n\t\t\t<td class=\"woocommerce-product-attributes-item__value\"><p>10<\/p>\n<\/td>\n\t\t<\/tr>\n\t<\/table>","protected":false},"excerpt":{"rendered":"<p>10 db\/doboz<\/p>","protected":false},"featured_media":9155,"comment_status":"open","ping_status":"closed","template":"","meta":[],"product_cat":[999,74,1692,40],"product_tag":[239,1082,148,1694,339,814,816,240,1683,241,373,430],"class_list":{"0":"post-9154","1":"product","2":"type-product","3":"status-publish","4":"has-post-thumbnail","6":"product_brand-boroda-baits","7":"product_cat-boroda-baits","8":"product_cat-gumicsali","9":"product_cat-boroda-ivi-xl-float","10":"product_cat-mucsali","11":"product_tag-domolyko","12":"product_tag-floating","13":"product_tag-harcsa","14":"product_tag-ivi","15":"product_tag-kosullo","16":"product_tag-l","17":"product_tag-larva","18":"product_tag-pisztrang","19":"product_tag-pisztrangsuger","20":"product_tag-suger","21":"product_tag-ul","22":"product_tag-uv","24":"first","25":"outofstock","26":"shipping-taxable","27":"purchasable","28":"product-type-simple"},"supplier_id":null,"supplier_sku":"","barcode":null,"atum_controlled":true,"out_stock_date":"2023-05-09 21:47:52","out_stock_threshold":null,"inheritable":false,"inbound_stock":0,"stock_on_hold":0,"sold_today":0,"sales_last_days":0,"reserved_stock":0,"customer_returns":0,"warehouse_damage":0,"lost_in_post":0,"other_logs":0,"out_stock_days":1071,"lost_sales":0,"has_location":false,"update_date":"2026-04-15T00:30:54","atum_locations":[],"atum_stock_status":"outofstock","restock_status":false,"low_stock_amount":"","sales_update_date":"2026-04-15T00:30:54","calc_backorders":null,"yoast_head":"<!-- This site is optimized with the Yoast SEO plugin v27.4 - https:\/\/yoast.com\/product\/yoast-seo-wordpress\/ -->\n<title>Boroda Baits ivi XL Floating UV Worm - Ebihal<\/title>\n<meta name=\"description\" content=\"A Boroda Baits ivi XL f\u00f6ldigiliszta imit\u00e1ci\u00f3ja a h\u00edres perget\u0151horg\u00e1sz, \u0410\u0440\u0442\u0435\u043c \u041c\u0438\u0448\u0438\u043d szakmai \u00fatmutat\u00e1sai alapj\u00e1n ker\u00fclt kifejleszt\u00e9sre. Worm. Floating. UV\" \/>\n<meta name=\"robots\" content=\"index, follow, max-snippet:-1, max-image-preview:large, max-video-preview:-1\" \/>\n<link rel=\"canonical\" href=\"https:\/\/www.ebihal.hu\/en\/shop\/mucsali\/gumicsali\/boroda-baits\/boroda-ivi-xl-float\/boroda-baits-ivi-xl-float-worm\/\" \/>\n<meta property=\"og:locale\" content=\"en_GB\" \/>\n<meta property=\"og:type\" content=\"article\" \/>\n<meta property=\"og:title\" content=\"Boroda Baits ivi XL Floating UV Worm - Ebihal\" \/>\n<meta property=\"og:description\" content=\"A Boroda Baits ivi XL f\u00f6ldigiliszta imit\u00e1ci\u00f3ja a h\u00edres perget\u0151horg\u00e1sz, \u0410\u0440\u0442\u0435\u043c \u041c\u0438\u0448\u0438\u043d szakmai \u00fatmutat\u00e1sai alapj\u00e1n ker\u00fclt kifejleszt\u00e9sre. Worm. Floating. UV\" \/>\n<meta property=\"og:url\" content=\"https:\/\/www.ebihal.hu\/en\/shop\/mucsali\/gumicsali\/boroda-baits\/boroda-ivi-xl-float\/boroda-baits-ivi-xl-float-worm\/\" \/>\n<meta property=\"og:site_name\" content=\"Ebihal\" \/>\n<meta property=\"article:publisher\" content=\"https:\/\/www.facebook.com\/ebihal\" \/>\n<meta property=\"article:modified_time\" content=\"2024-09-16T09:16:55+00:00\" \/>\n<meta property=\"og:image\" content=\"https:\/\/www.ebihal.hu\/wp-content\/uploads\/2023\/03\/worm.png\" \/>\n\t<meta property=\"og:image:width\" content=\"500\" \/>\n\t<meta property=\"og:image:height\" content=\"500\" \/>\n\t<meta property=\"og:image:type\" content=\"image\/png\" \/>\n<meta name=\"twitter:card\" content=\"summary_large_image\" \/>\n<meta name=\"twitter:label1\" content=\"Estimated reading time\" \/>\n\t<meta name=\"twitter:data1\" content=\"1 minute\" \/>\n<script type=\"application\/ld+json\" class=\"yoast-schema-graph\">{\"@context\":\"https:\\\/\\\/schema.org\",\"@graph\":[{\"@type\":\"WebPage\",\"@id\":\"https:\\\/\\\/www.ebihal.hu\\\/en\\\/shop\\\/mucsali\\\/gumicsali\\\/boroda-baits\\\/boroda-ivi-xl-float\\\/boroda-baits-ivi-xl-float-worm\\\/\",\"url\":\"https:\\\/\\\/www.ebihal.hu\\\/en\\\/shop\\\/mucsali\\\/gumicsali\\\/boroda-baits\\\/boroda-ivi-xl-float\\\/boroda-baits-ivi-xl-float-worm\\\/\",\"name\":\"Boroda Baits ivi XL Floating UV Worm - Ebihal\",\"isPartOf\":{\"@id\":\"https:\\\/\\\/www.ebihal.hu\\\/#website\"},\"primaryImageOfPage\":{\"@id\":\"https:\\\/\\\/www.ebihal.hu\\\/en\\\/shop\\\/mucsali\\\/gumicsali\\\/boroda-baits\\\/boroda-ivi-xl-float\\\/boroda-baits-ivi-xl-float-worm\\\/#primaryimage\"},\"image\":{\"@id\":\"https:\\\/\\\/www.ebihal.hu\\\/en\\\/shop\\\/mucsali\\\/gumicsali\\\/boroda-baits\\\/boroda-ivi-xl-float\\\/boroda-baits-ivi-xl-float-worm\\\/#primaryimage\"},\"thumbnailUrl\":\"https:\\\/\\\/www.ebihal.hu\\\/wp-content\\\/uploads\\\/2023\\\/03\\\/worm.png\",\"datePublished\":\"2023-03-17T15:40:06+00:00\",\"dateModified\":\"2024-09-16T09:16:55+00:00\",\"description\":\"A Boroda Baits ivi XL f\u00f6ldigiliszta imit\u00e1ci\u00f3ja a h\u00edres perget\u0151horg\u00e1sz, \u0410\u0440\u0442\u0435\u043c \u041c\u0438\u0448\u0438\u043d szakmai \u00fatmutat\u00e1sai alapj\u00e1n ker\u00fclt kifejleszt\u00e9sre. Worm. Floating. UV\",\"breadcrumb\":{\"@id\":\"https:\\\/\\\/www.ebihal.hu\\\/en\\\/shop\\\/mucsali\\\/gumicsali\\\/boroda-baits\\\/boroda-ivi-xl-float\\\/boroda-baits-ivi-xl-float-worm\\\/#breadcrumb\"},\"inLanguage\":\"en-GB\",\"potentialAction\":[{\"@type\":\"ReadAction\",\"target\":[\"https:\\\/\\\/www.ebihal.hu\\\/en\\\/shop\\\/mucsali\\\/gumicsali\\\/boroda-baits\\\/boroda-ivi-xl-float\\\/boroda-baits-ivi-xl-float-worm\\\/\"]}]},{\"@type\":\"ImageObject\",\"inLanguage\":\"en-GB\",\"@id\":\"https:\\\/\\\/www.ebihal.hu\\\/en\\\/shop\\\/mucsali\\\/gumicsali\\\/boroda-baits\\\/boroda-ivi-xl-float\\\/boroda-baits-ivi-xl-float-worm\\\/#primaryimage\",\"url\":\"https:\\\/\\\/www.ebihal.hu\\\/wp-content\\\/uploads\\\/2023\\\/03\\\/worm.png\",\"contentUrl\":\"https:\\\/\\\/www.ebihal.hu\\\/wp-content\\\/uploads\\\/2023\\\/03\\\/worm.png\",\"width\":500,\"height\":500,\"caption\":\"Boroda baits ivi XL\"},{\"@type\":\"BreadcrumbList\",\"@id\":\"https:\\\/\\\/www.ebihal.hu\\\/en\\\/shop\\\/mucsali\\\/gumicsali\\\/boroda-baits\\\/boroda-ivi-xl-float\\\/boroda-baits-ivi-xl-float-worm\\\/#breadcrumb\",\"itemListElement\":[{\"@type\":\"ListItem\",\"position\":1,\"name\":\"Kezd\u0151lap\",\"item\":\"https:\\\/\\\/www.ebihal.hu\\\/\"},{\"@type\":\"ListItem\",\"position\":2,\"name\":\"M\u0171csali \u00e1ruh\u00e1z\",\"item\":\"https:\\\/\\\/www.ebihal.hu\\\/\"},{\"@type\":\"ListItem\",\"position\":3,\"name\":\"Boroda Baits ivi XL Floating UV Worm\"}]},{\"@type\":\"WebSite\",\"@id\":\"https:\\\/\\\/www.ebihal.hu\\\/#website\",\"url\":\"https:\\\/\\\/www.ebihal.hu\\\/\",\"name\":\"Ebihal\",\"description\":\"Fish &amp; Jigs\",\"publisher\":{\"@id\":\"https:\\\/\\\/www.ebihal.hu\\\/#organization\"},\"potentialAction\":[{\"@type\":\"SearchAction\",\"target\":{\"@type\":\"EntryPoint\",\"urlTemplate\":\"https:\\\/\\\/www.ebihal.hu\\\/?s={search_term_string}\"},\"query-input\":{\"@type\":\"PropertyValueSpecification\",\"valueRequired\":true,\"valueName\":\"search_term_string\"}}],\"inLanguage\":\"en-GB\"},{\"@type\":\"Organization\",\"@id\":\"https:\\\/\\\/www.ebihal.hu\\\/#organization\",\"name\":\"Bir\u00f3 Csaba egy\u00e9ni v\u00e1llalkoz\u00f3\",\"url\":\"https:\\\/\\\/www.ebihal.hu\\\/\",\"logo\":{\"@type\":\"ImageObject\",\"inLanguage\":\"en-GB\",\"@id\":\"https:\\\/\\\/www.ebihal.hu\\\/#\\\/schema\\\/logo\\\/image\\\/\",\"url\":\"https:\\\/\\\/www.ebihal.hu\\\/wp-content\\\/uploads\\\/2021\\\/02\\\/brand_logo_mini.png\",\"contentUrl\":\"https:\\\/\\\/www.ebihal.hu\\\/wp-content\\\/uploads\\\/2021\\\/02\\\/brand_logo_mini.png\",\"width\":300,\"height\":300,\"caption\":\"Bir\u00f3 Csaba egy\u00e9ni v\u00e1llalkoz\u00f3\"},\"image\":{\"@id\":\"https:\\\/\\\/www.ebihal.hu\\\/#\\\/schema\\\/logo\\\/image\\\/\"},\"sameAs\":[\"https:\\\/\\\/www.facebook.com\\\/ebihal\"]}]}<\/script>\n<!-- \/ Yoast SEO plugin. -->","yoast_head_json":{"title":"Boroda Baits ivi XL Floating UV Worm - Ebihal","description":"A Boroda Baits ivi XL f\u00f6ldigiliszta imit\u00e1ci\u00f3ja a h\u00edres perget\u0151horg\u00e1sz, \u0410\u0440\u0442\u0435\u043c \u041c\u0438\u0448\u0438\u043d szakmai \u00fatmutat\u00e1sai alapj\u00e1n ker\u00fclt kifejleszt\u00e9sre. Worm. Floating. UV","robots":{"index":"index","follow":"follow","max-snippet":"max-snippet:-1","max-image-preview":"max-image-preview:large","max-video-preview":"max-video-preview:-1"},"canonical":"https:\/\/www.ebihal.hu\/en\/shop\/mucsali\/gumicsali\/boroda-baits\/boroda-ivi-xl-float\/boroda-baits-ivi-xl-float-worm\/","og_locale":"en_GB","og_type":"article","og_title":"Boroda Baits ivi XL Floating UV Worm - Ebihal","og_description":"A Boroda Baits ivi XL f\u00f6ldigiliszta imit\u00e1ci\u00f3ja a h\u00edres perget\u0151horg\u00e1sz, \u0410\u0440\u0442\u0435\u043c \u041c\u0438\u0448\u0438\u043d szakmai \u00fatmutat\u00e1sai alapj\u00e1n ker\u00fclt kifejleszt\u00e9sre. Worm. Floating. UV","og_url":"https:\/\/www.ebihal.hu\/en\/shop\/mucsali\/gumicsali\/boroda-baits\/boroda-ivi-xl-float\/boroda-baits-ivi-xl-float-worm\/","og_site_name":"Ebihal","article_publisher":"https:\/\/www.facebook.com\/ebihal","article_modified_time":"2024-09-16T09:16:55+00:00","og_image":[{"width":500,"height":500,"url":"https:\/\/www.ebihal.hu\/wp-content\/uploads\/2023\/03\/worm.png","type":"image\/png"}],"twitter_card":"summary_large_image","twitter_misc":{"Estimated reading time":"1 minute"},"schema":{"@context":"https:\/\/schema.org","@graph":[{"@type":"WebPage","@id":"https:\/\/www.ebihal.hu\/en\/shop\/mucsali\/gumicsali\/boroda-baits\/boroda-ivi-xl-float\/boroda-baits-ivi-xl-float-worm\/","url":"https:\/\/www.ebihal.hu\/en\/shop\/mucsali\/gumicsali\/boroda-baits\/boroda-ivi-xl-float\/boroda-baits-ivi-xl-float-worm\/","name":"Boroda Baits ivi XL Floating UV Worm - Ebihal","isPartOf":{"@id":"https:\/\/www.ebihal.hu\/#website"},"primaryImageOfPage":{"@id":"https:\/\/www.ebihal.hu\/en\/shop\/mucsali\/gumicsali\/boroda-baits\/boroda-ivi-xl-float\/boroda-baits-ivi-xl-float-worm\/#primaryimage"},"image":{"@id":"https:\/\/www.ebihal.hu\/en\/shop\/mucsali\/gumicsali\/boroda-baits\/boroda-ivi-xl-float\/boroda-baits-ivi-xl-float-worm\/#primaryimage"},"thumbnailUrl":"https:\/\/www.ebihal.hu\/wp-content\/uploads\/2023\/03\/worm.png","datePublished":"2023-03-17T15:40:06+00:00","dateModified":"2024-09-16T09:16:55+00:00","description":"A Boroda Baits ivi XL f\u00f6ldigiliszta imit\u00e1ci\u00f3ja a h\u00edres perget\u0151horg\u00e1sz, \u0410\u0440\u0442\u0435\u043c \u041c\u0438\u0448\u0438\u043d szakmai \u00fatmutat\u00e1sai alapj\u00e1n ker\u00fclt kifejleszt\u00e9sre. Worm. Floating. UV","breadcrumb":{"@id":"https:\/\/www.ebihal.hu\/en\/shop\/mucsali\/gumicsali\/boroda-baits\/boroda-ivi-xl-float\/boroda-baits-ivi-xl-float-worm\/#breadcrumb"},"inLanguage":"en-GB","potentialAction":[{"@type":"ReadAction","target":["https:\/\/www.ebihal.hu\/en\/shop\/mucsali\/gumicsali\/boroda-baits\/boroda-ivi-xl-float\/boroda-baits-ivi-xl-float-worm\/"]}]},{"@type":"ImageObject","inLanguage":"en-GB","@id":"https:\/\/www.ebihal.hu\/en\/shop\/mucsali\/gumicsali\/boroda-baits\/boroda-ivi-xl-float\/boroda-baits-ivi-xl-float-worm\/#primaryimage","url":"https:\/\/www.ebihal.hu\/wp-content\/uploads\/2023\/03\/worm.png","contentUrl":"https:\/\/www.ebihal.hu\/wp-content\/uploads\/2023\/03\/worm.png","width":500,"height":500,"caption":"Boroda baits ivi XL"},{"@type":"BreadcrumbList","@id":"https:\/\/www.ebihal.hu\/en\/shop\/mucsali\/gumicsali\/boroda-baits\/boroda-ivi-xl-float\/boroda-baits-ivi-xl-float-worm\/#breadcrumb","itemListElement":[{"@type":"ListItem","position":1,"name":"Kezd\u0151lap","item":"https:\/\/www.ebihal.hu\/"},{"@type":"ListItem","position":2,"name":"M\u0171csali \u00e1ruh\u00e1z","item":"https:\/\/www.ebihal.hu\/"},{"@type":"ListItem","position":3,"name":"Boroda Baits ivi XL Floating UV Worm"}]},{"@type":"WebSite","@id":"https:\/\/www.ebihal.hu\/#website","url":"https:\/\/www.ebihal.hu\/","name":"Ebihal","description":"Fish &amp; Jigs","publisher":{"@id":"https:\/\/www.ebihal.hu\/#organization"},"potentialAction":[{"@type":"SearchAction","target":{"@type":"EntryPoint","urlTemplate":"https:\/\/www.ebihal.hu\/?s={search_term_string}"},"query-input":{"@type":"PropertyValueSpecification","valueRequired":true,"valueName":"search_term_string"}}],"inLanguage":"en-GB"},{"@type":"Organization","@id":"https:\/\/www.ebihal.hu\/#organization","name":"Bir\u00f3 Csaba egy\u00e9ni v\u00e1llalkoz\u00f3","url":"https:\/\/www.ebihal.hu\/","logo":{"@type":"ImageObject","inLanguage":"en-GB","@id":"https:\/\/www.ebihal.hu\/#\/schema\/logo\/image\/","url":"https:\/\/www.ebihal.hu\/wp-content\/uploads\/2021\/02\/brand_logo_mini.png","contentUrl":"https:\/\/www.ebihal.hu\/wp-content\/uploads\/2021\/02\/brand_logo_mini.png","width":300,"height":300,"caption":"Bir\u00f3 Csaba egy\u00e9ni v\u00e1llalkoz\u00f3"},"image":{"@id":"https:\/\/www.ebihal.hu\/#\/schema\/logo\/image\/"},"sameAs":["https:\/\/www.facebook.com\/ebihal"]}]}},"_links":{"self":[{"href":"https:\/\/www.ebihal.hu\/en\/wp-json\/wp\/v2\/product\/9154","targetHints":{"allow":["GET"]}}],"collection":[{"href":"https:\/\/www.ebihal.hu\/en\/wp-json\/wp\/v2\/product"}],"about":[{"href":"https:\/\/www.ebihal.hu\/en\/wp-json\/wp\/v2\/types\/product"}],"replies":[{"embeddable":true,"href":"https:\/\/www.ebihal.hu\/en\/wp-json\/wp\/v2\/comments?post=9154"}],"wp:featuredmedia":[{"embeddable":true,"href":"https:\/\/www.ebihal.hu\/en\/wp-json\/wp\/v2\/media\/9155"}],"wp:attachment":[{"href":"https:\/\/www.ebihal.hu\/en\/wp-json\/wp\/v2\/media?parent=9154"}],"wp:term":[{"taxonomy":"product_cat","embeddable":true,"href":"https:\/\/www.ebihal.hu\/en\/wp-json\/wp\/v2\/product_cat?post=9154"},{"taxonomy":"product_tag","embeddable":true,"href":"https:\/\/www.ebihal.hu\/en\/wp-json\/wp\/v2\/product_tag?post=9154"}],"curies":[{"name":"wp","href":"https:\/\/api.w.org\/{rel}","templated":true}]}}