{"id":8866,"date":"2023-02-17T18:17:53","date_gmt":"2023-02-17T17:17:53","guid":{"rendered":"https:\/\/www.ebihal.hu\/?post_type=product&#038;p=8866"},"modified":"2026-03-24T11:06:12","modified_gmt":"2026-03-24T10:06:12","slug":"flagman-f78-single-horog","status":"publish","type":"product","link":"https:\/\/www.ebihal.hu\/en\/shop\/kiegeszitok\/horgok\/flagman-horog\/flagman-f78-single-horog\/","title":{"rendered":"Flagman F78 Single horog"},"content":{"rendered":"<p>Az ukr\u00e1n Flagman c\u00e9g hihetetlen\u00fcl <strong>v\u00e9kony h\u00fas\u00fa<\/strong> F78 Single horga egyed\u00fcl\u00e1ll\u00f3 a piacon. V\u00e9gtelen\u00fcl l\u00e9gies, ugyanakkor sz\u00edv\u00f3s, <strong>rugalmas<\/strong> is. F\u00e1raszt\u00e1skor j\u00f3l \u00fcl a nagyobb hal pof\u00e1j\u00e1ban, nem egyenesedik ki, illetve sz\u00f6gletes \u00f6b\u00f6lkialak\u00edt\u00e1s\u00e1nak k\u00f6sz\u00f6nhet\u0151en, a gumicsalik is nehezebben cs\u00fasznak le r\u00f3la. Nagy, kerek szemet, mikroszak\u00e1llat \u00e9s t\u0171\u00e9les hegyet kapott. Korr\u00f3zi\u00f3g\u00e1tl\u00f3 fekete nikkel bevonat v\u00e9di a k\u00fcls\u0151 hat\u00e1sokt\u00f3l.<\/p>\n<table>\n<tbody>\n<tr>\n<td>Size<\/td>\n<td>Cikksz\u00e1m<\/td>\n<td>\u00c1tm\u00e9r\u0151 mm<\/td>\n<td>Horog s\u00falya g<\/td>\n<td>horog\/csomag<\/td>\n<\/tr>\n<tr>\n<td>#12<\/td>\n<td>F78S12<\/td>\n<td>0,40<\/td>\n<td>0,122<\/td>\n<td>16 db<\/td>\n<\/tr>\n<tr>\n<td>#10<\/td>\n<td>F78S10<\/td>\n<td>0,45<\/td>\n<td>0,122<\/td>\n<td>16 db<\/td>\n<\/tr>\n<tr>\n<td>#8<\/td>\n<td>F78S08<\/td>\n<td>0,50<\/td>\n<td>0,122<\/td>\n<td>14 db<\/td>\n<\/tr>\n<tr>\n<td>#6<\/td>\n<td>F78S06<\/td>\n<td>0,65<\/td>\n<td>0,130<\/td>\n<td>13 db<\/td>\n<\/tr>\n<tr>\n<td>#4<\/td>\n<td>F78S04<\/td>\n<td>0,70<\/td>\n<td>0.146<\/td>\n<td>11 db<\/td>\n<\/tr>\n<tr>\n<td>#2<\/td>\n<td>F78S02<\/td>\n<td>0,76<\/td>\n<td>0,265<\/td>\n<td>10 db<\/td>\n<\/tr>\n<\/tbody>\n<\/table>\n<h4>Additional information<\/h4>\n<table class=\"woocommerce-product-attributes shop_attributes\" aria-label=\"Product Details\" data-no-translation-aria-label=\"\">\n\t\t\t<tr class=\"woocommerce-product-attributes-item woocommerce-product-attributes-item--weight\">\n\t\t\t<th class=\"woocommerce-product-attributes-item__label\" scope=\"row\" data-no-translation=\"\" data-trp-gettext=\"\">Weight<\/th>\n\t\t\t<td class=\"woocommerce-product-attributes-item__value\">0.01 kg<\/td>\n\t\t<\/tr>\n\t\t\t<tr class=\"woocommerce-product-attributes-item woocommerce-product-attributes-item--attribute_pa_brand\">\n\t\t\t<th class=\"woocommerce-product-attributes-item__label\" scope=\"row\">Brand<\/th>\n\t\t\t<td class=\"woocommerce-product-attributes-item__value\"><p>Flagman<\/p>\n<\/td>\n\t\t<\/tr>\n\t\t\t<tr class=\"woocommerce-product-attributes-item woocommerce-product-attributes-item--attribute_pa_horogmeret\">\n\t\t\t<th class=\"woocommerce-product-attributes-item__label\" scope=\"row\">Horogm\u00e9ret<\/th>\n\t\t\t<td class=\"woocommerce-product-attributes-item__value\"><p>#12, #10, #8, #6, #4, #2<\/p>\n<\/td>\n\t\t<\/tr>\n\t\t\t<tr class=\"woocommerce-product-attributes-item woocommerce-product-attributes-item--attribute_pa_madein\">\n\t\t\t<th class=\"woocommerce-product-attributes-item__label\" scope=\"row\">Country of origin<\/th>\n\t\t\t<td class=\"woocommerce-product-attributes-item__value\"><p>Ukrajna<\/p>\n<\/td>\n\t\t<\/tr>\n\t\t\t<tr class=\"woocommerce-product-attributes-item woocommerce-product-attributes-item--attribute_pa_kiszereles\">\n\t\t\t<th class=\"woocommerce-product-attributes-item__label\" scope=\"row\">Packaging<\/th>\n\t\t\t<td class=\"woocommerce-product-attributes-item__value\"><p>1 plastic bag<\/p>\n<\/td>\n\t\t<\/tr>\n\t<\/table>","protected":false},"excerpt":{"rendered":"<p>Az ukr\u00e1n Flagman c\u00e9g hihetetlen\u00fcl v\u00e9kony h\u00fas\u00fa F78 Single horga egyed\u00fcl\u00e1ll\u00f3 a piacon. V\u00e9gtelen\u00fcl l\u00e9gies, ugyanakkor sz\u00edv\u00f3s, rugalmas is. F\u00e1raszt\u00e1skor j\u00f3l \u00fcl a nagyobb hal pof\u00e1j\u00e1ban, nem egyenesedik ki, illetve sz\u00f6gletes \u00f6b\u00f6lkialak\u00edt\u00e1s\u00e1nak k\u00f6sz\u00f6nhet\u0151en, a gumicsalik is nehezebben cs\u00fasznak le r\u00f3la. Nagy, kerek szemet, mikroszak\u00e1llat \u00e9s t\u0171\u00e9les hegyet kapott. Korr\u00f3zi\u00f3g\u00e1tl\u00f3 fekete&hellip; <\/p>","protected":false},"featured_media":8867,"comment_status":"open","ping_status":"closed","template":"","meta":[],"product_cat":[1645,97,88,605],"product_tag":[1647,1646,271],"class_list":{"0":"post-8866","1":"product","2":"type-product","3":"status-publish","4":"has-post-thumbnail","6":"product_brand-flagman","7":"product_cat-flagman-horog","8":"product_cat-horgok","9":"product_cat-kiegeszitok","10":"product_cat-ujdonsagok","11":"product_tag-f78","12":"product_tag-flagman","13":"product_tag-horog","15":"first","16":"instock","17":"shipping-taxable","18":"purchasable","19":"product-type-variable"},"supplier_id":null,"supplier_sku":"","barcode":null,"atum_controlled":true,"out_stock_date":null,"out_stock_threshold":null,"inheritable":true,"inbound_stock":0,"stock_on_hold":0,"sold_today":0,"sales_last_days":0,"reserved_stock":0,"customer_returns":0,"warehouse_damage":0,"lost_in_post":0,"other_logs":0,"out_stock_days":0,"lost_sales":0,"has_location":false,"update_date":"2026-04-15T00:31:44","atum_locations":[],"atum_stock_status":"instock","restock_status":false,"low_stock_amount":"","sales_update_date":"2026-04-15T00:31:44","calc_backorders":null,"yoast_head":"<!-- This site is optimized with the Yoast SEO plugin v27.4 - https:\/\/yoast.com\/product\/yoast-seo-wordpress\/ -->\n<title>Flagman F78 Single horog - Ebihal<\/title>\n<meta name=\"description\" content=\"Az ukr\u00e1n Flagman c\u00e9g hihetetlen\u00fcl v\u00e9kony h\u00fas\u00fa F78 Single horga egyed\u00fcl\u00e1ll\u00f3 a piacon. V\u00e9gtelen\u00fcl l\u00e9gies, ugyanakkor sz\u00edv\u00f3s, rugalmas. #2-#12 m\u00e9ret.\" \/>\n<meta name=\"robots\" content=\"index, follow, max-snippet:-1, max-image-preview:large, max-video-preview:-1\" \/>\n<link rel=\"canonical\" href=\"https:\/\/www.ebihal.hu\/en\/shop\/kiegeszitok\/horgok\/flagman-horog\/flagman-f78-single-horog\/\" \/>\n<meta property=\"og:locale\" content=\"en_GB\" \/>\n<meta property=\"og:type\" content=\"article\" \/>\n<meta property=\"og:title\" content=\"Flagman F78 Single horog - Ebihal\" \/>\n<meta property=\"og:description\" content=\"Az ukr\u00e1n Flagman c\u00e9g hihetetlen\u00fcl v\u00e9kony h\u00fas\u00fa F78 Single horga egyed\u00fcl\u00e1ll\u00f3 a piacon. V\u00e9gtelen\u00fcl l\u00e9gies, ugyanakkor sz\u00edv\u00f3s, rugalmas. #2-#12 m\u00e9ret.\" \/>\n<meta property=\"og:url\" content=\"https:\/\/www.ebihal.hu\/en\/shop\/kiegeszitok\/horgok\/flagman-horog\/flagman-f78-single-horog\/\" \/>\n<meta property=\"og:site_name\" content=\"Ebihal\" \/>\n<meta property=\"article:publisher\" content=\"https:\/\/www.facebook.com\/ebihal\" \/>\n<meta property=\"article:modified_time\" content=\"2026-03-24T10:06:12+00:00\" \/>\n<meta property=\"og:image\" content=\"https:\/\/www.ebihal.hu\/wp-content\/uploads\/2023\/02\/f78-1.png\" \/>\n\t<meta property=\"og:image:width\" content=\"816\" \/>\n\t<meta property=\"og:image:height\" content=\"816\" \/>\n\t<meta property=\"og:image:type\" content=\"image\/png\" \/>\n<meta name=\"twitter:card\" content=\"summary_large_image\" \/>\n<meta name=\"twitter:label1\" content=\"Estimated reading time\" \/>\n\t<meta name=\"twitter:data1\" content=\"1 minute\" \/>\n<script type=\"application\/ld+json\" class=\"yoast-schema-graph\">{\"@context\":\"https:\\\/\\\/schema.org\",\"@graph\":[{\"@type\":\"WebPage\",\"@id\":\"https:\\\/\\\/www.ebihal.hu\\\/en\\\/shop\\\/kiegeszitok\\\/horgok\\\/flagman-horog\\\/flagman-f78-single-horog\\\/\",\"url\":\"https:\\\/\\\/www.ebihal.hu\\\/en\\\/shop\\\/kiegeszitok\\\/horgok\\\/flagman-horog\\\/flagman-f78-single-horog\\\/\",\"name\":\"Flagman F78 Single horog - Ebihal\",\"isPartOf\":{\"@id\":\"https:\\\/\\\/www.ebihal.hu\\\/#website\"},\"primaryImageOfPage\":{\"@id\":\"https:\\\/\\\/www.ebihal.hu\\\/en\\\/shop\\\/kiegeszitok\\\/horgok\\\/flagman-horog\\\/flagman-f78-single-horog\\\/#primaryimage\"},\"image\":{\"@id\":\"https:\\\/\\\/www.ebihal.hu\\\/en\\\/shop\\\/kiegeszitok\\\/horgok\\\/flagman-horog\\\/flagman-f78-single-horog\\\/#primaryimage\"},\"thumbnailUrl\":\"https:\\\/\\\/www.ebihal.hu\\\/wp-content\\\/uploads\\\/2023\\\/02\\\/f78-1.png\",\"datePublished\":\"2023-02-17T17:17:53+00:00\",\"dateModified\":\"2026-03-24T10:06:12+00:00\",\"description\":\"Az ukr\u00e1n Flagman c\u00e9g hihetetlen\u00fcl v\u00e9kony h\u00fas\u00fa F78 Single horga egyed\u00fcl\u00e1ll\u00f3 a piacon. V\u00e9gtelen\u00fcl l\u00e9gies, ugyanakkor sz\u00edv\u00f3s, rugalmas. #2-#12 m\u00e9ret.\",\"breadcrumb\":{\"@id\":\"https:\\\/\\\/www.ebihal.hu\\\/en\\\/shop\\\/kiegeszitok\\\/horgok\\\/flagman-horog\\\/flagman-f78-single-horog\\\/#breadcrumb\"},\"inLanguage\":\"en-GB\",\"potentialAction\":[{\"@type\":\"ReadAction\",\"target\":[\"https:\\\/\\\/www.ebihal.hu\\\/en\\\/shop\\\/kiegeszitok\\\/horgok\\\/flagman-horog\\\/flagman-f78-single-horog\\\/\"]}]},{\"@type\":\"ImageObject\",\"inLanguage\":\"en-GB\",\"@id\":\"https:\\\/\\\/www.ebihal.hu\\\/en\\\/shop\\\/kiegeszitok\\\/horgok\\\/flagman-horog\\\/flagman-f78-single-horog\\\/#primaryimage\",\"url\":\"https:\\\/\\\/www.ebihal.hu\\\/wp-content\\\/uploads\\\/2023\\\/02\\\/f78-1.png\",\"contentUrl\":\"https:\\\/\\\/www.ebihal.hu\\\/wp-content\\\/uploads\\\/2023\\\/02\\\/f78-1.png\",\"width\":816,\"height\":816,\"caption\":\"Flagman F78 horog\"},{\"@type\":\"BreadcrumbList\",\"@id\":\"https:\\\/\\\/www.ebihal.hu\\\/en\\\/shop\\\/kiegeszitok\\\/horgok\\\/flagman-horog\\\/flagman-f78-single-horog\\\/#breadcrumb\",\"itemListElement\":[{\"@type\":\"ListItem\",\"position\":1,\"name\":\"Kezd\u0151lap\",\"item\":\"https:\\\/\\\/www.ebihal.hu\\\/\"},{\"@type\":\"ListItem\",\"position\":2,\"name\":\"M\u0171csali \u00e1ruh\u00e1z\",\"item\":\"https:\\\/\\\/www.ebihal.hu\\\/\"},{\"@type\":\"ListItem\",\"position\":3,\"name\":\"Flagman F78 Single horog\"}]},{\"@type\":\"WebSite\",\"@id\":\"https:\\\/\\\/www.ebihal.hu\\\/#website\",\"url\":\"https:\\\/\\\/www.ebihal.hu\\\/\",\"name\":\"Ebihal\",\"description\":\"Fish &amp; Jigs\",\"publisher\":{\"@id\":\"https:\\\/\\\/www.ebihal.hu\\\/#organization\"},\"potentialAction\":[{\"@type\":\"SearchAction\",\"target\":{\"@type\":\"EntryPoint\",\"urlTemplate\":\"https:\\\/\\\/www.ebihal.hu\\\/?s={search_term_string}\"},\"query-input\":{\"@type\":\"PropertyValueSpecification\",\"valueRequired\":true,\"valueName\":\"search_term_string\"}}],\"inLanguage\":\"en-GB\"},{\"@type\":\"Organization\",\"@id\":\"https:\\\/\\\/www.ebihal.hu\\\/#organization\",\"name\":\"Bir\u00f3 Csaba egy\u00e9ni v\u00e1llalkoz\u00f3\",\"url\":\"https:\\\/\\\/www.ebihal.hu\\\/\",\"logo\":{\"@type\":\"ImageObject\",\"inLanguage\":\"en-GB\",\"@id\":\"https:\\\/\\\/www.ebihal.hu\\\/#\\\/schema\\\/logo\\\/image\\\/\",\"url\":\"https:\\\/\\\/www.ebihal.hu\\\/wp-content\\\/uploads\\\/2021\\\/02\\\/brand_logo_mini.png\",\"contentUrl\":\"https:\\\/\\\/www.ebihal.hu\\\/wp-content\\\/uploads\\\/2021\\\/02\\\/brand_logo_mini.png\",\"width\":300,\"height\":300,\"caption\":\"Bir\u00f3 Csaba egy\u00e9ni v\u00e1llalkoz\u00f3\"},\"image\":{\"@id\":\"https:\\\/\\\/www.ebihal.hu\\\/#\\\/schema\\\/logo\\\/image\\\/\"},\"sameAs\":[\"https:\\\/\\\/www.facebook.com\\\/ebihal\"]}]}<\/script>\n<!-- \/ Yoast SEO plugin. -->","yoast_head_json":{"title":"Flagman F78 Single horog - Ebihal","description":"Az ukr\u00e1n Flagman c\u00e9g hihetetlen\u00fcl v\u00e9kony h\u00fas\u00fa F78 Single horga egyed\u00fcl\u00e1ll\u00f3 a piacon. V\u00e9gtelen\u00fcl l\u00e9gies, ugyanakkor sz\u00edv\u00f3s, rugalmas. #2-#12 m\u00e9ret.","robots":{"index":"index","follow":"follow","max-snippet":"max-snippet:-1","max-image-preview":"max-image-preview:large","max-video-preview":"max-video-preview:-1"},"canonical":"https:\/\/www.ebihal.hu\/en\/shop\/kiegeszitok\/horgok\/flagman-horog\/flagman-f78-single-horog\/","og_locale":"en_GB","og_type":"article","og_title":"Flagman F78 Single horog - Ebihal","og_description":"Az ukr\u00e1n Flagman c\u00e9g hihetetlen\u00fcl v\u00e9kony h\u00fas\u00fa F78 Single horga egyed\u00fcl\u00e1ll\u00f3 a piacon. V\u00e9gtelen\u00fcl l\u00e9gies, ugyanakkor sz\u00edv\u00f3s, rugalmas. #2-#12 m\u00e9ret.","og_url":"https:\/\/www.ebihal.hu\/en\/shop\/kiegeszitok\/horgok\/flagman-horog\/flagman-f78-single-horog\/","og_site_name":"Ebihal","article_publisher":"https:\/\/www.facebook.com\/ebihal","article_modified_time":"2026-03-24T10:06:12+00:00","og_image":[{"width":816,"height":816,"url":"https:\/\/www.ebihal.hu\/wp-content\/uploads\/2023\/02\/f78-1.png","type":"image\/png"}],"twitter_card":"summary_large_image","twitter_misc":{"Estimated reading time":"1 minute"},"schema":{"@context":"https:\/\/schema.org","@graph":[{"@type":"WebPage","@id":"https:\/\/www.ebihal.hu\/en\/shop\/kiegeszitok\/horgok\/flagman-horog\/flagman-f78-single-horog\/","url":"https:\/\/www.ebihal.hu\/en\/shop\/kiegeszitok\/horgok\/flagman-horog\/flagman-f78-single-horog\/","name":"Flagman F78 Single horog - Ebihal","isPartOf":{"@id":"https:\/\/www.ebihal.hu\/#website"},"primaryImageOfPage":{"@id":"https:\/\/www.ebihal.hu\/en\/shop\/kiegeszitok\/horgok\/flagman-horog\/flagman-f78-single-horog\/#primaryimage"},"image":{"@id":"https:\/\/www.ebihal.hu\/en\/shop\/kiegeszitok\/horgok\/flagman-horog\/flagman-f78-single-horog\/#primaryimage"},"thumbnailUrl":"https:\/\/www.ebihal.hu\/wp-content\/uploads\/2023\/02\/f78-1.png","datePublished":"2023-02-17T17:17:53+00:00","dateModified":"2026-03-24T10:06:12+00:00","description":"Az ukr\u00e1n Flagman c\u00e9g hihetetlen\u00fcl v\u00e9kony h\u00fas\u00fa F78 Single horga egyed\u00fcl\u00e1ll\u00f3 a piacon. V\u00e9gtelen\u00fcl l\u00e9gies, ugyanakkor sz\u00edv\u00f3s, rugalmas. #2-#12 m\u00e9ret.","breadcrumb":{"@id":"https:\/\/www.ebihal.hu\/en\/shop\/kiegeszitok\/horgok\/flagman-horog\/flagman-f78-single-horog\/#breadcrumb"},"inLanguage":"en-GB","potentialAction":[{"@type":"ReadAction","target":["https:\/\/www.ebihal.hu\/en\/shop\/kiegeszitok\/horgok\/flagman-horog\/flagman-f78-single-horog\/"]}]},{"@type":"ImageObject","inLanguage":"en-GB","@id":"https:\/\/www.ebihal.hu\/en\/shop\/kiegeszitok\/horgok\/flagman-horog\/flagman-f78-single-horog\/#primaryimage","url":"https:\/\/www.ebihal.hu\/wp-content\/uploads\/2023\/02\/f78-1.png","contentUrl":"https:\/\/www.ebihal.hu\/wp-content\/uploads\/2023\/02\/f78-1.png","width":816,"height":816,"caption":"Flagman F78 horog"},{"@type":"BreadcrumbList","@id":"https:\/\/www.ebihal.hu\/en\/shop\/kiegeszitok\/horgok\/flagman-horog\/flagman-f78-single-horog\/#breadcrumb","itemListElement":[{"@type":"ListItem","position":1,"name":"Kezd\u0151lap","item":"https:\/\/www.ebihal.hu\/"},{"@type":"ListItem","position":2,"name":"M\u0171csali \u00e1ruh\u00e1z","item":"https:\/\/www.ebihal.hu\/"},{"@type":"ListItem","position":3,"name":"Flagman F78 Single horog"}]},{"@type":"WebSite","@id":"https:\/\/www.ebihal.hu\/#website","url":"https:\/\/www.ebihal.hu\/","name":"Ebihal","description":"Fish &amp; Jigs","publisher":{"@id":"https:\/\/www.ebihal.hu\/#organization"},"potentialAction":[{"@type":"SearchAction","target":{"@type":"EntryPoint","urlTemplate":"https:\/\/www.ebihal.hu\/?s={search_term_string}"},"query-input":{"@type":"PropertyValueSpecification","valueRequired":true,"valueName":"search_term_string"}}],"inLanguage":"en-GB"},{"@type":"Organization","@id":"https:\/\/www.ebihal.hu\/#organization","name":"Bir\u00f3 Csaba egy\u00e9ni v\u00e1llalkoz\u00f3","url":"https:\/\/www.ebihal.hu\/","logo":{"@type":"ImageObject","inLanguage":"en-GB","@id":"https:\/\/www.ebihal.hu\/#\/schema\/logo\/image\/","url":"https:\/\/www.ebihal.hu\/wp-content\/uploads\/2021\/02\/brand_logo_mini.png","contentUrl":"https:\/\/www.ebihal.hu\/wp-content\/uploads\/2021\/02\/brand_logo_mini.png","width":300,"height":300,"caption":"Bir\u00f3 Csaba egy\u00e9ni v\u00e1llalkoz\u00f3"},"image":{"@id":"https:\/\/www.ebihal.hu\/#\/schema\/logo\/image\/"},"sameAs":["https:\/\/www.facebook.com\/ebihal"]}]}},"_links":{"self":[{"href":"https:\/\/www.ebihal.hu\/en\/wp-json\/wp\/v2\/product\/8866","targetHints":{"allow":["GET"]}}],"collection":[{"href":"https:\/\/www.ebihal.hu\/en\/wp-json\/wp\/v2\/product"}],"about":[{"href":"https:\/\/www.ebihal.hu\/en\/wp-json\/wp\/v2\/types\/product"}],"replies":[{"embeddable":true,"href":"https:\/\/www.ebihal.hu\/en\/wp-json\/wp\/v2\/comments?post=8866"}],"wp:featuredmedia":[{"embeddable":true,"href":"https:\/\/www.ebihal.hu\/en\/wp-json\/wp\/v2\/media\/8867"}],"wp:attachment":[{"href":"https:\/\/www.ebihal.hu\/en\/wp-json\/wp\/v2\/media?parent=8866"}],"wp:term":[{"taxonomy":"product_cat","embeddable":true,"href":"https:\/\/www.ebihal.hu\/en\/wp-json\/wp\/v2\/product_cat?post=8866"},{"taxonomy":"product_tag","embeddable":true,"href":"https:\/\/www.ebihal.hu\/en\/wp-json\/wp\/v2\/product_tag?post=8866"}],"curies":[{"name":"wp","href":"https:\/\/api.w.org\/{rel}","templated":true}]}}