{"id":8828,"date":"2023-01-30T09:50:13","date_gmt":"2023-01-30T08:50:13","guid":{"rendered":"https:\/\/www.ebihal.hu\/?post_type=product&#038;p=8828"},"modified":"2025-07-29T15:40:18","modified_gmt":"2025-07-29T14:40:18","slug":"luremax-lm-5057-perforalt-pergeto-doboz","status":"publish","type":"product","link":"https:\/\/www.ebihal.hu\/en\/shop\/kiegeszitok\/horgok\/luremax-lm-5057-perforalt-pergeto-doboz\/","title":{"rendered":"Luremax LM 5057 perfor\u00e1lt perget\u0151 doboz"},"content":{"rendered":"<p>Az orosz Ecogroup c\u00e9g m\u0171csalik- \u00e9s jigfejek t\u00e1rol\u00e1s\u00e1ra tervezett <strong>massz\u00edv<\/strong> doboza szilikon-\u00e1ll\u00f3 anyagb\u00f3l k\u00e9sz\u00fcl. A Luremax LM5057 t\u00edpussz\u00e1m\u00fa doboz <strong>perfor\u00e1lt<\/strong>, szell\u0151z\u0151 fal\u00fa, maximum <strong>8\u00a0cell\u00e1ra<\/strong> oszthat\u00f3, ill. a\u00a0 kivehet\u0151 <strong>v\u00e1laszfalakkal<\/strong> szabadon \u00e1tszabhat\u00f3. A maximum 11 cm hossz\u00fa wobblerek sz\u00e1ll\u00edt\u00e1s\u00e1ra alkalmas dobozban a m\u0171csalik <strong>gyorsan sz\u00e1radnak<\/strong>, nem p\u00e1r\u00e1sodnak.<\/p>\n<p>Az LM 5057 doboz brutt\u00f3 m\u00e9rete: 23x12x3,6 cm. 122 gramm.<\/p>\n<h4>Additional information<\/h4>\n<table class=\"woocommerce-product-attributes shop_attributes\" aria-label=\"Product Details\" data-no-translation-aria-label=\"\">\n\t\t\t<tr class=\"woocommerce-product-attributes-item woocommerce-product-attributes-item--weight\">\n\t\t\t<th class=\"woocommerce-product-attributes-item__label\" scope=\"row\" data-no-translation=\"\" data-trp-gettext=\"\">Weight<\/th>\n\t\t\t<td class=\"woocommerce-product-attributes-item__value\">0.15 kg<\/td>\n\t\t<\/tr>\n\t\t\t<tr class=\"woocommerce-product-attributes-item woocommerce-product-attributes-item--attribute_pa_brand\">\n\t\t\t<th class=\"woocommerce-product-attributes-item__label\" scope=\"row\">Brand<\/th>\n\t\t\t<td class=\"woocommerce-product-attributes-item__value\"><p>LureMax<\/p>\n<\/td>\n\t\t<\/tr>\n\t\t\t<tr class=\"woocommerce-product-attributes-item woocommerce-product-attributes-item--attribute_pa_color\">\n\t\t\t<th class=\"woocommerce-product-attributes-item__label\" scope=\"row\">Color<\/th>\n\t\t\t<td class=\"woocommerce-product-attributes-item__value\"><p>Orange<\/p>\n<\/td>\n\t\t<\/tr>\n\t\t\t<tr class=\"woocommerce-product-attributes-item woocommerce-product-attributes-item--attribute_pa_kiszereles\">\n\t\t\t<th class=\"woocommerce-product-attributes-item__label\" scope=\"row\">Packaging<\/th>\n\t\t\t<td class=\"woocommerce-product-attributes-item__value\"><p>1 piece<\/p>\n<\/td>\n\t\t<\/tr>\n\t\t\t<tr class=\"woocommerce-product-attributes-item woocommerce-product-attributes-item--attribute_pa_madein\">\n\t\t\t<th class=\"woocommerce-product-attributes-item__label\" scope=\"row\">Country of origin<\/th>\n\t\t\t<td class=\"woocommerce-product-attributes-item__value\"><p>Oroszorsz\u00e1g<\/p>\n<\/td>\n\t\t<\/tr>\n\t<\/table>","protected":false},"excerpt":{"rendered":"<p>Az orosz Ecogroup c\u00e9g m\u0171csalik- \u00e9s jigfejek t\u00e1rol\u00e1s\u00e1ra tervezett massz\u00edv doboza szilikon-\u00e1ll\u00f3 anyagb\u00f3l k\u00e9sz\u00fcl. A Luremax LM5057 t\u00edpussz\u00e1m\u00fa doboz perfor\u00e1lt, szell\u0151z\u0151 fal\u00fa, maximum 8\u00a0cell\u00e1ra oszthat\u00f3, ill. a\u00a0 kivehet\u0151 v\u00e1laszfalakkal szabadon \u00e1tszabhat\u00f3. A maximum 11 cm hossz\u00fa wobblerek sz\u00e1ll\u00edt\u00e1s\u00e1ra alkalmas dobozban a m\u0171csalik gyorsan sz\u00e1radnak, nem p\u00e1r\u00e1sodnak. Az LM 5057 doboz&hellip; <\/p>","protected":false},"featured_media":8829,"comment_status":"open","ping_status":"closed","template":"","meta":[],"product_cat":[88,1622,97,605],"product_tag":[1563,1642,654,1643],"class_list":{"0":"post-8828","1":"product","2":"type-product","3":"status-publish","4":"has-post-thumbnail","6":"product_brand-luremax","7":"product_cat-kiegeszitok","8":"product_cat-pergeto-dobozok","9":"product_cat-horgok","10":"product_cat-ujdonsagok","11":"product_tag-doboz","12":"product_tag-lm-5057","13":"product_tag-luremax","14":"product_tag-perforalt","16":"first","17":"outofstock","18":"shipping-taxable","19":"purchasable","20":"product-type-simple"},"supplier_id":null,"supplier_sku":"","barcode":null,"atum_controlled":true,"out_stock_date":"2025-07-29 15:40:19","out_stock_threshold":null,"inheritable":false,"inbound_stock":0,"stock_on_hold":0,"sold_today":0,"sales_last_days":0,"reserved_stock":0,"customer_returns":0,"warehouse_damage":0,"lost_in_post":0,"other_logs":0,"out_stock_days":259,"lost_sales":67340,"has_location":false,"update_date":"2026-04-15T00:30:49","atum_locations":[],"atum_stock_status":"outofstock","restock_status":false,"low_stock_amount":"","sales_update_date":"2026-04-15T00:30:49","calc_backorders":null,"yoast_head":"<!-- This site is optimized with the Yoast SEO plugin v27.4 - https:\/\/yoast.com\/product\/yoast-seo-wordpress\/ -->\n<title>Luremax LM 5057 perfor\u00e1lt perget\u0151 doboz - Ebihal<\/title>\n<meta name=\"description\" content=\"A Luremax LM5057 t\u00edpussz\u00e1m\u00fa doboz perfor\u00e1lt, szell\u0151z\u0151 fal\u00fa, maximum 8\u00a0cell\u00e1ra oszthat\u00f3, ill. a\u00a0 kivehet\u0151 v\u00e1laszfalakkal szabadon \u00e1tszabhat\u00f3.\" \/>\n<meta name=\"robots\" content=\"index, follow, max-snippet:-1, max-image-preview:large, max-video-preview:-1\" \/>\n<link rel=\"canonical\" href=\"https:\/\/www.ebihal.hu\/en\/shop\/kiegeszitok\/horgok\/luremax-lm-5057-perforalt-pergeto-doboz\/\" \/>\n<meta property=\"og:locale\" content=\"en_GB\" \/>\n<meta property=\"og:type\" content=\"article\" \/>\n<meta property=\"og:title\" content=\"Luremax LM 5057 perfor\u00e1lt perget\u0151 doboz - Ebihal\" \/>\n<meta property=\"og:description\" content=\"A Luremax LM5057 t\u00edpussz\u00e1m\u00fa doboz perfor\u00e1lt, szell\u0151z\u0151 fal\u00fa, maximum 8\u00a0cell\u00e1ra oszthat\u00f3, ill. a\u00a0 kivehet\u0151 v\u00e1laszfalakkal szabadon \u00e1tszabhat\u00f3.\" \/>\n<meta property=\"og:url\" content=\"https:\/\/www.ebihal.hu\/en\/shop\/kiegeszitok\/horgok\/luremax-lm-5057-perforalt-pergeto-doboz\/\" \/>\n<meta property=\"og:site_name\" content=\"Ebihal\" \/>\n<meta property=\"article:publisher\" content=\"https:\/\/www.facebook.com\/ebihal\" \/>\n<meta property=\"article:modified_time\" content=\"2025-07-29T14:40:18+00:00\" \/>\n<meta property=\"og:image\" content=\"https:\/\/www.ebihal.hu\/wp-content\/uploads\/2023\/01\/lm5057.jpg\" \/>\n\t<meta property=\"og:image:width\" content=\"920\" \/>\n\t<meta property=\"og:image:height\" content=\"920\" \/>\n\t<meta property=\"og:image:type\" content=\"image\/jpeg\" \/>\n<meta name=\"twitter:card\" content=\"summary_large_image\" \/>\n<meta name=\"twitter:label1\" content=\"Estimated reading time\" \/>\n\t<meta name=\"twitter:data1\" content=\"1 minute\" \/>\n<script type=\"application\/ld+json\" class=\"yoast-schema-graph\">{\"@context\":\"https:\\\/\\\/schema.org\",\"@graph\":[{\"@type\":\"WebPage\",\"@id\":\"https:\\\/\\\/www.ebihal.hu\\\/shop\\\/kiegeszitok\\\/horgok\\\/luremax-lm-5057-perforalt-pergeto-doboz\\\/\",\"url\":\"https:\\\/\\\/www.ebihal.hu\\\/shop\\\/kiegeszitok\\\/horgok\\\/luremax-lm-5057-perforalt-pergeto-doboz\\\/\",\"name\":\"Luremax LM 5057 perfor\u00e1lt perget\u0151 doboz - Ebihal\",\"isPartOf\":{\"@id\":\"https:\\\/\\\/www.ebihal.hu\\\/#website\"},\"primaryImageOfPage\":{\"@id\":\"https:\\\/\\\/www.ebihal.hu\\\/shop\\\/kiegeszitok\\\/horgok\\\/luremax-lm-5057-perforalt-pergeto-doboz\\\/#primaryimage\"},\"image\":{\"@id\":\"https:\\\/\\\/www.ebihal.hu\\\/shop\\\/kiegeszitok\\\/horgok\\\/luremax-lm-5057-perforalt-pergeto-doboz\\\/#primaryimage\"},\"thumbnailUrl\":\"https:\\\/\\\/www.ebihal.hu\\\/wp-content\\\/uploads\\\/2023\\\/01\\\/lm5057.jpg\",\"datePublished\":\"2023-01-30T08:50:13+00:00\",\"dateModified\":\"2025-07-29T14:40:18+00:00\",\"description\":\"A Luremax LM5057 t\u00edpussz\u00e1m\u00fa doboz perfor\u00e1lt, szell\u0151z\u0151 fal\u00fa, maximum 8\u00a0cell\u00e1ra oszthat\u00f3, ill. a\u00a0 kivehet\u0151 v\u00e1laszfalakkal szabadon \u00e1tszabhat\u00f3.\",\"breadcrumb\":{\"@id\":\"https:\\\/\\\/www.ebihal.hu\\\/shop\\\/kiegeszitok\\\/horgok\\\/luremax-lm-5057-perforalt-pergeto-doboz\\\/#breadcrumb\"},\"inLanguage\":\"en-GB\",\"potentialAction\":[{\"@type\":\"ReadAction\",\"target\":[\"https:\\\/\\\/www.ebihal.hu\\\/shop\\\/kiegeszitok\\\/horgok\\\/luremax-lm-5057-perforalt-pergeto-doboz\\\/\"]}]},{\"@type\":\"ImageObject\",\"inLanguage\":\"en-GB\",\"@id\":\"https:\\\/\\\/www.ebihal.hu\\\/shop\\\/kiegeszitok\\\/horgok\\\/luremax-lm-5057-perforalt-pergeto-doboz\\\/#primaryimage\",\"url\":\"https:\\\/\\\/www.ebihal.hu\\\/wp-content\\\/uploads\\\/2023\\\/01\\\/lm5057.jpg\",\"contentUrl\":\"https:\\\/\\\/www.ebihal.hu\\\/wp-content\\\/uploads\\\/2023\\\/01\\\/lm5057.jpg\",\"width\":920,\"height\":920,\"caption\":\"Luremax LM5057 perget\u0151 doboz\"},{\"@type\":\"BreadcrumbList\",\"@id\":\"https:\\\/\\\/www.ebihal.hu\\\/shop\\\/kiegeszitok\\\/horgok\\\/luremax-lm-5057-perforalt-pergeto-doboz\\\/#breadcrumb\",\"itemListElement\":[{\"@type\":\"ListItem\",\"position\":1,\"name\":\"Kezd\u0151lap\",\"item\":\"https:\\\/\\\/www.ebihal.hu\\\/\"},{\"@type\":\"ListItem\",\"position\":2,\"name\":\"M\u0171csali \u00e1ruh\u00e1z\",\"item\":\"https:\\\/\\\/www.ebihal.hu\\\/\"},{\"@type\":\"ListItem\",\"position\":3,\"name\":\"Luremax LM 5057 perfor\u00e1lt perget\u0151 doboz\"}]},{\"@type\":\"WebSite\",\"@id\":\"https:\\\/\\\/www.ebihal.hu\\\/#website\",\"url\":\"https:\\\/\\\/www.ebihal.hu\\\/\",\"name\":\"Ebihal\",\"description\":\"Fish &amp; Jigs\",\"publisher\":{\"@id\":\"https:\\\/\\\/www.ebihal.hu\\\/#organization\"},\"potentialAction\":[{\"@type\":\"SearchAction\",\"target\":{\"@type\":\"EntryPoint\",\"urlTemplate\":\"https:\\\/\\\/www.ebihal.hu\\\/?s={search_term_string}\"},\"query-input\":{\"@type\":\"PropertyValueSpecification\",\"valueRequired\":true,\"valueName\":\"search_term_string\"}}],\"inLanguage\":\"en-GB\"},{\"@type\":\"Organization\",\"@id\":\"https:\\\/\\\/www.ebihal.hu\\\/#organization\",\"name\":\"Bir\u00f3 Csaba egy\u00e9ni v\u00e1llalkoz\u00f3\",\"url\":\"https:\\\/\\\/www.ebihal.hu\\\/\",\"logo\":{\"@type\":\"ImageObject\",\"inLanguage\":\"en-GB\",\"@id\":\"https:\\\/\\\/www.ebihal.hu\\\/#\\\/schema\\\/logo\\\/image\\\/\",\"url\":\"https:\\\/\\\/www.ebihal.hu\\\/wp-content\\\/uploads\\\/2021\\\/02\\\/brand_logo_mini.png\",\"contentUrl\":\"https:\\\/\\\/www.ebihal.hu\\\/wp-content\\\/uploads\\\/2021\\\/02\\\/brand_logo_mini.png\",\"width\":300,\"height\":300,\"caption\":\"Bir\u00f3 Csaba egy\u00e9ni v\u00e1llalkoz\u00f3\"},\"image\":{\"@id\":\"https:\\\/\\\/www.ebihal.hu\\\/#\\\/schema\\\/logo\\\/image\\\/\"},\"sameAs\":[\"https:\\\/\\\/www.facebook.com\\\/ebihal\"]}]}<\/script>\n<!-- \/ Yoast SEO plugin. -->","yoast_head_json":{"title":"Luremax LM 5057 perfor\u00e1lt perget\u0151 doboz - Ebihal","description":"A Luremax LM5057 t\u00edpussz\u00e1m\u00fa doboz perfor\u00e1lt, szell\u0151z\u0151 fal\u00fa, maximum 8\u00a0cell\u00e1ra oszthat\u00f3, ill. a\u00a0 kivehet\u0151 v\u00e1laszfalakkal szabadon \u00e1tszabhat\u00f3.","robots":{"index":"index","follow":"follow","max-snippet":"max-snippet:-1","max-image-preview":"max-image-preview:large","max-video-preview":"max-video-preview:-1"},"canonical":"https:\/\/www.ebihal.hu\/en\/shop\/kiegeszitok\/horgok\/luremax-lm-5057-perforalt-pergeto-doboz\/","og_locale":"en_GB","og_type":"article","og_title":"Luremax LM 5057 perfor\u00e1lt perget\u0151 doboz - Ebihal","og_description":"A Luremax LM5057 t\u00edpussz\u00e1m\u00fa doboz perfor\u00e1lt, szell\u0151z\u0151 fal\u00fa, maximum 8\u00a0cell\u00e1ra oszthat\u00f3, ill. a\u00a0 kivehet\u0151 v\u00e1laszfalakkal szabadon \u00e1tszabhat\u00f3.","og_url":"https:\/\/www.ebihal.hu\/en\/shop\/kiegeszitok\/horgok\/luremax-lm-5057-perforalt-pergeto-doboz\/","og_site_name":"Ebihal","article_publisher":"https:\/\/www.facebook.com\/ebihal","article_modified_time":"2025-07-29T14:40:18+00:00","og_image":[{"width":920,"height":920,"url":"https:\/\/www.ebihal.hu\/wp-content\/uploads\/2023\/01\/lm5057.jpg","type":"image\/jpeg"}],"twitter_card":"summary_large_image","twitter_misc":{"Estimated reading time":"1 minute"},"schema":{"@context":"https:\/\/schema.org","@graph":[{"@type":"WebPage","@id":"https:\/\/www.ebihal.hu\/shop\/kiegeszitok\/horgok\/luremax-lm-5057-perforalt-pergeto-doboz\/","url":"https:\/\/www.ebihal.hu\/shop\/kiegeszitok\/horgok\/luremax-lm-5057-perforalt-pergeto-doboz\/","name":"Luremax LM 5057 perfor\u00e1lt perget\u0151 doboz - Ebihal","isPartOf":{"@id":"https:\/\/www.ebihal.hu\/#website"},"primaryImageOfPage":{"@id":"https:\/\/www.ebihal.hu\/shop\/kiegeszitok\/horgok\/luremax-lm-5057-perforalt-pergeto-doboz\/#primaryimage"},"image":{"@id":"https:\/\/www.ebihal.hu\/shop\/kiegeszitok\/horgok\/luremax-lm-5057-perforalt-pergeto-doboz\/#primaryimage"},"thumbnailUrl":"https:\/\/www.ebihal.hu\/wp-content\/uploads\/2023\/01\/lm5057.jpg","datePublished":"2023-01-30T08:50:13+00:00","dateModified":"2025-07-29T14:40:18+00:00","description":"A Luremax LM5057 t\u00edpussz\u00e1m\u00fa doboz perfor\u00e1lt, szell\u0151z\u0151 fal\u00fa, maximum 8\u00a0cell\u00e1ra oszthat\u00f3, ill. a\u00a0 kivehet\u0151 v\u00e1laszfalakkal szabadon \u00e1tszabhat\u00f3.","breadcrumb":{"@id":"https:\/\/www.ebihal.hu\/shop\/kiegeszitok\/horgok\/luremax-lm-5057-perforalt-pergeto-doboz\/#breadcrumb"},"inLanguage":"en-GB","potentialAction":[{"@type":"ReadAction","target":["https:\/\/www.ebihal.hu\/shop\/kiegeszitok\/horgok\/luremax-lm-5057-perforalt-pergeto-doboz\/"]}]},{"@type":"ImageObject","inLanguage":"en-GB","@id":"https:\/\/www.ebihal.hu\/shop\/kiegeszitok\/horgok\/luremax-lm-5057-perforalt-pergeto-doboz\/#primaryimage","url":"https:\/\/www.ebihal.hu\/wp-content\/uploads\/2023\/01\/lm5057.jpg","contentUrl":"https:\/\/www.ebihal.hu\/wp-content\/uploads\/2023\/01\/lm5057.jpg","width":920,"height":920,"caption":"Luremax LM5057 perget\u0151 doboz"},{"@type":"BreadcrumbList","@id":"https:\/\/www.ebihal.hu\/shop\/kiegeszitok\/horgok\/luremax-lm-5057-perforalt-pergeto-doboz\/#breadcrumb","itemListElement":[{"@type":"ListItem","position":1,"name":"Kezd\u0151lap","item":"https:\/\/www.ebihal.hu\/"},{"@type":"ListItem","position":2,"name":"M\u0171csali \u00e1ruh\u00e1z","item":"https:\/\/www.ebihal.hu\/"},{"@type":"ListItem","position":3,"name":"Luremax LM 5057 perfor\u00e1lt perget\u0151 doboz"}]},{"@type":"WebSite","@id":"https:\/\/www.ebihal.hu\/#website","url":"https:\/\/www.ebihal.hu\/","name":"Ebihal","description":"Fish &amp; Jigs","publisher":{"@id":"https:\/\/www.ebihal.hu\/#organization"},"potentialAction":[{"@type":"SearchAction","target":{"@type":"EntryPoint","urlTemplate":"https:\/\/www.ebihal.hu\/?s={search_term_string}"},"query-input":{"@type":"PropertyValueSpecification","valueRequired":true,"valueName":"search_term_string"}}],"inLanguage":"en-GB"},{"@type":"Organization","@id":"https:\/\/www.ebihal.hu\/#organization","name":"Bir\u00f3 Csaba egy\u00e9ni v\u00e1llalkoz\u00f3","url":"https:\/\/www.ebihal.hu\/","logo":{"@type":"ImageObject","inLanguage":"en-GB","@id":"https:\/\/www.ebihal.hu\/#\/schema\/logo\/image\/","url":"https:\/\/www.ebihal.hu\/wp-content\/uploads\/2021\/02\/brand_logo_mini.png","contentUrl":"https:\/\/www.ebihal.hu\/wp-content\/uploads\/2021\/02\/brand_logo_mini.png","width":300,"height":300,"caption":"Bir\u00f3 Csaba egy\u00e9ni v\u00e1llalkoz\u00f3"},"image":{"@id":"https:\/\/www.ebihal.hu\/#\/schema\/logo\/image\/"},"sameAs":["https:\/\/www.facebook.com\/ebihal"]}]}},"_links":{"self":[{"href":"https:\/\/www.ebihal.hu\/en\/wp-json\/wp\/v2\/product\/8828","targetHints":{"allow":["GET"]}}],"collection":[{"href":"https:\/\/www.ebihal.hu\/en\/wp-json\/wp\/v2\/product"}],"about":[{"href":"https:\/\/www.ebihal.hu\/en\/wp-json\/wp\/v2\/types\/product"}],"replies":[{"embeddable":true,"href":"https:\/\/www.ebihal.hu\/en\/wp-json\/wp\/v2\/comments?post=8828"}],"wp:featuredmedia":[{"embeddable":true,"href":"https:\/\/www.ebihal.hu\/en\/wp-json\/wp\/v2\/media\/8829"}],"wp:attachment":[{"href":"https:\/\/www.ebihal.hu\/en\/wp-json\/wp\/v2\/media?parent=8828"}],"wp:term":[{"taxonomy":"product_cat","embeddable":true,"href":"https:\/\/www.ebihal.hu\/en\/wp-json\/wp\/v2\/product_cat?post=8828"},{"taxonomy":"product_tag","embeddable":true,"href":"https:\/\/www.ebihal.hu\/en\/wp-json\/wp\/v2\/product_tag?post=8828"}],"curies":[{"name":"wp","href":"https:\/\/api.w.org\/{rel}","templated":true}]}}