{"id":8632,"date":"2022-12-30T21:09:26","date_gmt":"2022-12-30T20:09:26","guid":{"rendered":"https:\/\/www.ebihal.hu\/?post_type=product&#038;p=8632"},"modified":"2026-02-10T13:01:51","modified_gmt":"2026-02-10T12:01:51","slug":"m5-craft-baby-cryfish-2-ul-gumirak-051","status":"publish","type":"product","link":"https:\/\/www.ebihal.hu\/en\/shop\/mucsali\/gumicsali\/m5-craft\/baby-cryfish\/m5-craft-baby-cryfish-2-ul-gumirak-051\/","title":{"rendered":"M5 Craft Baby Cryfish 2&#8243; UL gumir\u00e1k 051"},"content":{"rendered":"<p>Az M5 Craft Baby Cryfish csali ehet\u0151 szilikonb\u00f3l k\u00e9sz\u00fcl, term\u00e9szetes arom\u00e1val.<br \/>\nSemleges felhajt\u00f3er\u0151vel rendelkezik, \u00e9s a lehet\u0151 legval\u00f3s\u00e1gh\u0171bben ut\u00e1nozza az \u00e9l\u0151 r\u00e1kot.<br \/>\nUniverz\u00e1lis a m\u00e9rete, mind a s\u00fcg\u00e9r, mind a s\u00fcll\u0151, k\u0151s\u00fcll\u0151 lelkesen felveszi az els\u0151sorban a fen\u00e9k k\u00f6zel\u00e9ben felk\u00edn\u00e1lt, minden v\u00e9gtagj\u00e1val akt\u00edvan mozg\u00f3 r\u00e1kimit\u00e1ci\u00f3t.<\/p>\n<p>50 mm hossz\u00fa, arom\u00e1s\u00edtott, 0,8g, 10 db\/csomag, Chartreuse &#8211; 051 sz\u00ednk\u00f3d.<\/p>\n<h4>Additional information<\/h4>\n<table class=\"woocommerce-product-attributes shop_attributes\" aria-label=\"Product Details\" data-no-translation-aria-label=\"\">\n\t\t\t<tr class=\"woocommerce-product-attributes-item woocommerce-product-attributes-item--weight\">\n\t\t\t<th class=\"woocommerce-product-attributes-item__label\" scope=\"row\" data-no-translation=\"\" data-trp-gettext=\"\">Weight<\/th>\n\t\t\t<td class=\"woocommerce-product-attributes-item__value\">0.015 kg<\/td>\n\t\t<\/tr>\n\t\t\t<tr class=\"woocommerce-product-attributes-item woocommerce-product-attributes-item--attribute_pa_brand\">\n\t\t\t<th class=\"woocommerce-product-attributes-item__label\" scope=\"row\">Brand<\/th>\n\t\t\t<td class=\"woocommerce-product-attributes-item__value\"><p>M5 Craft<\/p>\n<\/td>\n\t\t<\/tr>\n\t\t\t<tr class=\"woocommerce-product-attributes-item woocommerce-product-attributes-item--attribute_pa_szinkod\">\n\t\t\t<th class=\"woocommerce-product-attributes-item__label\" scope=\"row\">Color code<\/th>\n\t\t\t<td class=\"woocommerce-product-attributes-item__value\"><p>051<\/p>\n<\/td>\n\t\t<\/tr>\n\t\t\t<tr class=\"woocommerce-product-attributes-item woocommerce-product-attributes-item--attribute_pa_meret\">\n\t\t\t<th class=\"woocommerce-product-attributes-item__label\" scope=\"row\">Size<\/th>\n\t\t\t<td class=\"woocommerce-product-attributes-item__value\"><p>50 mm<\/p>\n<\/td>\n\t\t<\/tr>\n\t\t\t<tr class=\"woocommerce-product-attributes-item woocommerce-product-attributes-item--attribute_pa_madein\">\n\t\t\t<th class=\"woocommerce-product-attributes-item__label\" scope=\"row\">Country of origin<\/th>\n\t\t\t<td class=\"woocommerce-product-attributes-item__value\"><p>Ukrajna<\/p>\n<\/td>\n\t\t<\/tr>\n\t\t\t<tr class=\"woocommerce-product-attributes-item woocommerce-product-attributes-item--attribute_pa_kiszereles\">\n\t\t\t<th class=\"woocommerce-product-attributes-item__label\" scope=\"row\">Packaging<\/th>\n\t\t\t<td class=\"woocommerce-product-attributes-item__value\"><p>1 plastic bag<\/p>\n<\/td>\n\t\t<\/tr>\n\t\t\t<tr class=\"woocommerce-product-attributes-item woocommerce-product-attributes-item--attribute_pa_darabszam\">\n\t\t\t<th class=\"woocommerce-product-attributes-item__label\" scope=\"row\">Darabsz\u00e1m<\/th>\n\t\t\t<td class=\"woocommerce-product-attributes-item__value\"><p>10<\/p>\n<\/td>\n\t\t<\/tr>\n\t<\/table>","protected":false},"excerpt":{"rendered":"<p>10 db\/csomag<\/p>","protected":false},"featured_media":8633,"comment_status":"open","ping_status":"closed","template":"","meta":[],"product_cat":[1619,74,1418,40],"product_tag":[819,339,1421,823,821,241,146,373],"class_list":{"0":"post-8632","1":"product","2":"type-product","3":"status-publish","4":"has-post-thumbnail","6":"product_brand-m5-craft","7":"product_cat-baby-cryfish","8":"product_cat-gumicsali","9":"product_cat-m5-craft","10":"product_cat-mucsali","11":"product_tag-fekete-suger","12":"product_tag-kosullo","13":"product_tag-m5-craft","14":"product_tag-no-action","15":"product_tag-rak","16":"product_tag-suger","17":"product_tag-sullo","18":"product_tag-ul","20":"first","21":"instock","22":"shipping-taxable","23":"purchasable","24":"product-type-simple"},"supplier_id":null,"supplier_sku":"","barcode":null,"atum_controlled":true,"out_stock_date":null,"out_stock_threshold":null,"inheritable":false,"inbound_stock":0,"stock_on_hold":0,"sold_today":0,"sales_last_days":0,"reserved_stock":0,"customer_returns":0,"warehouse_damage":0,"lost_in_post":0,"other_logs":0,"out_stock_days":0,"lost_sales":0,"has_location":false,"update_date":"2026-04-15T00:32:57","atum_locations":[],"atum_stock_status":"instock","restock_status":false,"low_stock_amount":"","sales_update_date":"2026-04-15T00:32:57","calc_backorders":null,"yoast_head":"<!-- This site is optimized with the Yoast SEO plugin v27.4 - https:\/\/yoast.com\/product\/yoast-seo-wordpress\/ -->\n<title>M5 Craft Baby Cryfish 2&quot; UL gumir\u00e1k 051 - Ebihal<\/title>\n<meta name=\"description\" content=\"Az M5 Craft Baby Cryfish 2&quot; csali ehet\u0151 szilikonb\u00f3l k\u00e9sz\u00fcl, term\u00e9szetes arom\u00e1val. Semleges felhajt\u00f3er\u0151vel rendelkezik. S\u00fcll\u0151, s\u00fcg\u00e9r im\u00e1dja. 051 sz\u00edn\" \/>\n<meta name=\"robots\" content=\"index, follow, max-snippet:-1, max-image-preview:large, max-video-preview:-1\" \/>\n<link rel=\"canonical\" href=\"https:\/\/www.ebihal.hu\/en\/shop\/mucsali\/gumicsali\/m5-craft\/baby-cryfish\/m5-craft-baby-cryfish-2-ul-gumirak-051\/\" \/>\n<meta property=\"og:locale\" content=\"en_GB\" \/>\n<meta property=\"og:type\" content=\"article\" \/>\n<meta property=\"og:title\" content=\"M5 Craft Baby Cryfish 2&quot; UL gumir\u00e1k 051 - Ebihal\" \/>\n<meta property=\"og:description\" content=\"Az M5 Craft Baby Cryfish 2&quot; csali ehet\u0151 szilikonb\u00f3l k\u00e9sz\u00fcl, term\u00e9szetes arom\u00e1val. Semleges felhajt\u00f3er\u0151vel rendelkezik. S\u00fcll\u0151, s\u00fcg\u00e9r im\u00e1dja. 051 sz\u00edn\" \/>\n<meta property=\"og:url\" content=\"https:\/\/www.ebihal.hu\/en\/shop\/mucsali\/gumicsali\/m5-craft\/baby-cryfish\/m5-craft-baby-cryfish-2-ul-gumirak-051\/\" \/>\n<meta property=\"og:site_name\" content=\"Ebihal\" \/>\n<meta property=\"article:publisher\" content=\"https:\/\/www.facebook.com\/ebihal\" \/>\n<meta property=\"article:modified_time\" content=\"2026-02-10T12:01:51+00:00\" \/>\n<meta property=\"og:image\" content=\"https:\/\/www.ebihal.hu\/wp-content\/uploads\/2022\/12\/051.jpg\" \/>\n\t<meta property=\"og:image:width\" content=\"600\" \/>\n\t<meta property=\"og:image:height\" content=\"600\" \/>\n\t<meta property=\"og:image:type\" content=\"image\/jpeg\" \/>\n<meta name=\"twitter:card\" content=\"summary_large_image\" \/>\n<meta name=\"twitter:label1\" content=\"Estimated reading time\" \/>\n\t<meta name=\"twitter:data1\" content=\"1 minute\" \/>\n<script type=\"application\/ld+json\" class=\"yoast-schema-graph\">{\"@context\":\"https:\\\/\\\/schema.org\",\"@graph\":[{\"@type\":\"WebPage\",\"@id\":\"https:\\\/\\\/www.ebihal.hu\\\/shop\\\/mucsali\\\/gumicsali\\\/m5-craft\\\/baby-cryfish\\\/m5-craft-baby-cryfish-2-ul-gumirak-051\\\/\",\"url\":\"https:\\\/\\\/www.ebihal.hu\\\/shop\\\/mucsali\\\/gumicsali\\\/m5-craft\\\/baby-cryfish\\\/m5-craft-baby-cryfish-2-ul-gumirak-051\\\/\",\"name\":\"M5 Craft Baby Cryfish 2\\\" UL gumir\u00e1k 051 - Ebihal\",\"isPartOf\":{\"@id\":\"https:\\\/\\\/www.ebihal.hu\\\/#website\"},\"primaryImageOfPage\":{\"@id\":\"https:\\\/\\\/www.ebihal.hu\\\/shop\\\/mucsali\\\/gumicsali\\\/m5-craft\\\/baby-cryfish\\\/m5-craft-baby-cryfish-2-ul-gumirak-051\\\/#primaryimage\"},\"image\":{\"@id\":\"https:\\\/\\\/www.ebihal.hu\\\/shop\\\/mucsali\\\/gumicsali\\\/m5-craft\\\/baby-cryfish\\\/m5-craft-baby-cryfish-2-ul-gumirak-051\\\/#primaryimage\"},\"thumbnailUrl\":\"https:\\\/\\\/www.ebihal.hu\\\/wp-content\\\/uploads\\\/2022\\\/12\\\/051.jpg\",\"datePublished\":\"2022-12-30T20:09:26+00:00\",\"dateModified\":\"2026-02-10T12:01:51+00:00\",\"description\":\"Az M5 Craft Baby Cryfish 2\\\" csali ehet\u0151 szilikonb\u00f3l k\u00e9sz\u00fcl, term\u00e9szetes arom\u00e1val. Semleges felhajt\u00f3er\u0151vel rendelkezik. S\u00fcll\u0151, s\u00fcg\u00e9r im\u00e1dja. 051 sz\u00edn\",\"breadcrumb\":{\"@id\":\"https:\\\/\\\/www.ebihal.hu\\\/shop\\\/mucsali\\\/gumicsali\\\/m5-craft\\\/baby-cryfish\\\/m5-craft-baby-cryfish-2-ul-gumirak-051\\\/#breadcrumb\"},\"inLanguage\":\"en-GB\",\"potentialAction\":[{\"@type\":\"ReadAction\",\"target\":[\"https:\\\/\\\/www.ebihal.hu\\\/shop\\\/mucsali\\\/gumicsali\\\/m5-craft\\\/baby-cryfish\\\/m5-craft-baby-cryfish-2-ul-gumirak-051\\\/\"]}]},{\"@type\":\"ImageObject\",\"inLanguage\":\"en-GB\",\"@id\":\"https:\\\/\\\/www.ebihal.hu\\\/shop\\\/mucsali\\\/gumicsali\\\/m5-craft\\\/baby-cryfish\\\/m5-craft-baby-cryfish-2-ul-gumirak-051\\\/#primaryimage\",\"url\":\"https:\\\/\\\/www.ebihal.hu\\\/wp-content\\\/uploads\\\/2022\\\/12\\\/051.jpg\",\"contentUrl\":\"https:\\\/\\\/www.ebihal.hu\\\/wp-content\\\/uploads\\\/2022\\\/12\\\/051.jpg\",\"width\":600,\"height\":600,\"caption\":\"M5 Craft Baby Cryfish 051\"},{\"@type\":\"BreadcrumbList\",\"@id\":\"https:\\\/\\\/www.ebihal.hu\\\/shop\\\/mucsali\\\/gumicsali\\\/m5-craft\\\/baby-cryfish\\\/m5-craft-baby-cryfish-2-ul-gumirak-051\\\/#breadcrumb\",\"itemListElement\":[{\"@type\":\"ListItem\",\"position\":1,\"name\":\"Kezd\u0151lap\",\"item\":\"https:\\\/\\\/www.ebihal.hu\\\/\"},{\"@type\":\"ListItem\",\"position\":2,\"name\":\"M\u0171csali \u00e1ruh\u00e1z\",\"item\":\"https:\\\/\\\/www.ebihal.hu\\\/\"},{\"@type\":\"ListItem\",\"position\":3,\"name\":\"M5 Craft Baby Cryfish 2&#8243; UL gumir\u00e1k 051\"}]},{\"@type\":\"WebSite\",\"@id\":\"https:\\\/\\\/www.ebihal.hu\\\/#website\",\"url\":\"https:\\\/\\\/www.ebihal.hu\\\/\",\"name\":\"Ebihal\",\"description\":\"Fish &amp; Jigs\",\"publisher\":{\"@id\":\"https:\\\/\\\/www.ebihal.hu\\\/#organization\"},\"potentialAction\":[{\"@type\":\"SearchAction\",\"target\":{\"@type\":\"EntryPoint\",\"urlTemplate\":\"https:\\\/\\\/www.ebihal.hu\\\/?s={search_term_string}\"},\"query-input\":{\"@type\":\"PropertyValueSpecification\",\"valueRequired\":true,\"valueName\":\"search_term_string\"}}],\"inLanguage\":\"en-GB\"},{\"@type\":\"Organization\",\"@id\":\"https:\\\/\\\/www.ebihal.hu\\\/#organization\",\"name\":\"Bir\u00f3 Csaba egy\u00e9ni v\u00e1llalkoz\u00f3\",\"url\":\"https:\\\/\\\/www.ebihal.hu\\\/\",\"logo\":{\"@type\":\"ImageObject\",\"inLanguage\":\"en-GB\",\"@id\":\"https:\\\/\\\/www.ebihal.hu\\\/#\\\/schema\\\/logo\\\/image\\\/\",\"url\":\"https:\\\/\\\/www.ebihal.hu\\\/wp-content\\\/uploads\\\/2021\\\/02\\\/brand_logo_mini.png\",\"contentUrl\":\"https:\\\/\\\/www.ebihal.hu\\\/wp-content\\\/uploads\\\/2021\\\/02\\\/brand_logo_mini.png\",\"width\":300,\"height\":300,\"caption\":\"Bir\u00f3 Csaba egy\u00e9ni v\u00e1llalkoz\u00f3\"},\"image\":{\"@id\":\"https:\\\/\\\/www.ebihal.hu\\\/#\\\/schema\\\/logo\\\/image\\\/\"},\"sameAs\":[\"https:\\\/\\\/www.facebook.com\\\/ebihal\"]}]}<\/script>\n<!-- \/ Yoast SEO plugin. -->","yoast_head_json":{"title":"M5 Craft Baby Cryfish 2\" UL gumir\u00e1k 051 - Ebihal","description":"Az M5 Craft Baby Cryfish 2\" csali ehet\u0151 szilikonb\u00f3l k\u00e9sz\u00fcl, term\u00e9szetes arom\u00e1val. Semleges felhajt\u00f3er\u0151vel rendelkezik. S\u00fcll\u0151, s\u00fcg\u00e9r im\u00e1dja. 051 sz\u00edn","robots":{"index":"index","follow":"follow","max-snippet":"max-snippet:-1","max-image-preview":"max-image-preview:large","max-video-preview":"max-video-preview:-1"},"canonical":"https:\/\/www.ebihal.hu\/en\/shop\/mucsali\/gumicsali\/m5-craft\/baby-cryfish\/m5-craft-baby-cryfish-2-ul-gumirak-051\/","og_locale":"en_GB","og_type":"article","og_title":"M5 Craft Baby Cryfish 2\" UL gumir\u00e1k 051 - Ebihal","og_description":"Az M5 Craft Baby Cryfish 2\" csali ehet\u0151 szilikonb\u00f3l k\u00e9sz\u00fcl, term\u00e9szetes arom\u00e1val. Semleges felhajt\u00f3er\u0151vel rendelkezik. S\u00fcll\u0151, s\u00fcg\u00e9r im\u00e1dja. 051 sz\u00edn","og_url":"https:\/\/www.ebihal.hu\/en\/shop\/mucsali\/gumicsali\/m5-craft\/baby-cryfish\/m5-craft-baby-cryfish-2-ul-gumirak-051\/","og_site_name":"Ebihal","article_publisher":"https:\/\/www.facebook.com\/ebihal","article_modified_time":"2026-02-10T12:01:51+00:00","og_image":[{"width":600,"height":600,"url":"https:\/\/www.ebihal.hu\/wp-content\/uploads\/2022\/12\/051.jpg","type":"image\/jpeg"}],"twitter_card":"summary_large_image","twitter_misc":{"Estimated reading time":"1 minute"},"schema":{"@context":"https:\/\/schema.org","@graph":[{"@type":"WebPage","@id":"https:\/\/www.ebihal.hu\/shop\/mucsali\/gumicsali\/m5-craft\/baby-cryfish\/m5-craft-baby-cryfish-2-ul-gumirak-051\/","url":"https:\/\/www.ebihal.hu\/shop\/mucsali\/gumicsali\/m5-craft\/baby-cryfish\/m5-craft-baby-cryfish-2-ul-gumirak-051\/","name":"M5 Craft Baby Cryfish 2\" UL gumir\u00e1k 051 - Ebihal","isPartOf":{"@id":"https:\/\/www.ebihal.hu\/#website"},"primaryImageOfPage":{"@id":"https:\/\/www.ebihal.hu\/shop\/mucsali\/gumicsali\/m5-craft\/baby-cryfish\/m5-craft-baby-cryfish-2-ul-gumirak-051\/#primaryimage"},"image":{"@id":"https:\/\/www.ebihal.hu\/shop\/mucsali\/gumicsali\/m5-craft\/baby-cryfish\/m5-craft-baby-cryfish-2-ul-gumirak-051\/#primaryimage"},"thumbnailUrl":"https:\/\/www.ebihal.hu\/wp-content\/uploads\/2022\/12\/051.jpg","datePublished":"2022-12-30T20:09:26+00:00","dateModified":"2026-02-10T12:01:51+00:00","description":"Az M5 Craft Baby Cryfish 2\" csali ehet\u0151 szilikonb\u00f3l k\u00e9sz\u00fcl, term\u00e9szetes arom\u00e1val. Semleges felhajt\u00f3er\u0151vel rendelkezik. S\u00fcll\u0151, s\u00fcg\u00e9r im\u00e1dja. 051 sz\u00edn","breadcrumb":{"@id":"https:\/\/www.ebihal.hu\/shop\/mucsali\/gumicsali\/m5-craft\/baby-cryfish\/m5-craft-baby-cryfish-2-ul-gumirak-051\/#breadcrumb"},"inLanguage":"en-GB","potentialAction":[{"@type":"ReadAction","target":["https:\/\/www.ebihal.hu\/shop\/mucsali\/gumicsali\/m5-craft\/baby-cryfish\/m5-craft-baby-cryfish-2-ul-gumirak-051\/"]}]},{"@type":"ImageObject","inLanguage":"en-GB","@id":"https:\/\/www.ebihal.hu\/shop\/mucsali\/gumicsali\/m5-craft\/baby-cryfish\/m5-craft-baby-cryfish-2-ul-gumirak-051\/#primaryimage","url":"https:\/\/www.ebihal.hu\/wp-content\/uploads\/2022\/12\/051.jpg","contentUrl":"https:\/\/www.ebihal.hu\/wp-content\/uploads\/2022\/12\/051.jpg","width":600,"height":600,"caption":"M5 Craft Baby Cryfish 051"},{"@type":"BreadcrumbList","@id":"https:\/\/www.ebihal.hu\/shop\/mucsali\/gumicsali\/m5-craft\/baby-cryfish\/m5-craft-baby-cryfish-2-ul-gumirak-051\/#breadcrumb","itemListElement":[{"@type":"ListItem","position":1,"name":"Kezd\u0151lap","item":"https:\/\/www.ebihal.hu\/"},{"@type":"ListItem","position":2,"name":"M\u0171csali \u00e1ruh\u00e1z","item":"https:\/\/www.ebihal.hu\/"},{"@type":"ListItem","position":3,"name":"M5 Craft Baby Cryfish 2&#8243; UL gumir\u00e1k 051"}]},{"@type":"WebSite","@id":"https:\/\/www.ebihal.hu\/#website","url":"https:\/\/www.ebihal.hu\/","name":"Ebihal","description":"Fish &amp; Jigs","publisher":{"@id":"https:\/\/www.ebihal.hu\/#organization"},"potentialAction":[{"@type":"SearchAction","target":{"@type":"EntryPoint","urlTemplate":"https:\/\/www.ebihal.hu\/?s={search_term_string}"},"query-input":{"@type":"PropertyValueSpecification","valueRequired":true,"valueName":"search_term_string"}}],"inLanguage":"en-GB"},{"@type":"Organization","@id":"https:\/\/www.ebihal.hu\/#organization","name":"Bir\u00f3 Csaba egy\u00e9ni v\u00e1llalkoz\u00f3","url":"https:\/\/www.ebihal.hu\/","logo":{"@type":"ImageObject","inLanguage":"en-GB","@id":"https:\/\/www.ebihal.hu\/#\/schema\/logo\/image\/","url":"https:\/\/www.ebihal.hu\/wp-content\/uploads\/2021\/02\/brand_logo_mini.png","contentUrl":"https:\/\/www.ebihal.hu\/wp-content\/uploads\/2021\/02\/brand_logo_mini.png","width":300,"height":300,"caption":"Bir\u00f3 Csaba egy\u00e9ni v\u00e1llalkoz\u00f3"},"image":{"@id":"https:\/\/www.ebihal.hu\/#\/schema\/logo\/image\/"},"sameAs":["https:\/\/www.facebook.com\/ebihal"]}]}},"_links":{"self":[{"href":"https:\/\/www.ebihal.hu\/en\/wp-json\/wp\/v2\/product\/8632","targetHints":{"allow":["GET"]}}],"collection":[{"href":"https:\/\/www.ebihal.hu\/en\/wp-json\/wp\/v2\/product"}],"about":[{"href":"https:\/\/www.ebihal.hu\/en\/wp-json\/wp\/v2\/types\/product"}],"replies":[{"embeddable":true,"href":"https:\/\/www.ebihal.hu\/en\/wp-json\/wp\/v2\/comments?post=8632"}],"wp:featuredmedia":[{"embeddable":true,"href":"https:\/\/www.ebihal.hu\/en\/wp-json\/wp\/v2\/media\/8633"}],"wp:attachment":[{"href":"https:\/\/www.ebihal.hu\/en\/wp-json\/wp\/v2\/media?parent=8632"}],"wp:term":[{"taxonomy":"product_cat","embeddable":true,"href":"https:\/\/www.ebihal.hu\/en\/wp-json\/wp\/v2\/product_cat?post=8632"},{"taxonomy":"product_tag","embeddable":true,"href":"https:\/\/www.ebihal.hu\/en\/wp-json\/wp\/v2\/product_tag?post=8632"}],"curies":[{"name":"wp","href":"https:\/\/api.w.org\/{rel}","templated":true}]}}