{"id":8548,"date":"2022-12-25T09:16:54","date_gmt":"2022-12-25T08:16:54","guid":{"rendered":"https:\/\/www.ebihal.hu\/?post_type=product&#038;p=8548"},"modified":"2026-03-05T08:26:59","modified_gmt":"2026-03-05T07:26:59","slug":"fanatik-goby-2-ul-gumicsali-026","status":"publish","type":"product","link":"https:\/\/www.ebihal.hu\/en\/shop\/mucsali\/gumicsali\/fanatik\/fanatik-goby\/fanatik-goby-2\/fanatik-goby-2-ul-gumicsali-026\/","title":{"rendered":"Fanatik Goby 2&#8243; UL gumicsali 026"},"content":{"rendered":"<p>A Fanatik c\u00e9g Goby elnevez\u00e9s\u0171 m\u0171csalija a haz\u00e1nkban is elterjedt, vizeinkben mind nagyobb sz\u00e1mban el\u0151fordul\u00f3, mederfen\u00e9k-lak\u00f3 <strong>g\u00e9bf\u00e9l\u00e9k<\/strong> val\u00f3s\u00e1gh\u0171 m\u00e1sa. A g\u00e9b a m\u00e9lyben vad\u00e1sz\u00f3 ragadoz\u00f3halak egyik kedvenc t\u00e1pl\u00e1l\u00e9ka.<\/p>\n<p>A j\u00f3l t\u0171zhet\u0151, massz\u00edv, nagy fej, a csalit kiegyens\u00falyoz\u00f3 mell\u00fasz\u00f3k, a l\u00e1gy, harm\u00f3nikaszer\u0171 farokny\u00e9l, a h\u00e1rty\u00e1s, sugaras farokv\u00e9g \u00e9s a t\u00f3v\u00edzb\u0151l kivont <strong>term\u00e9szetes \u00f6sszetev\u0151k<\/strong> hozz\u00e1ad\u00e1s\u00e1nak k\u00f6sz\u00f6nhet\u0151en a Fanatik Goby csali t\u00f6k\u00e9letesen hasonl\u00edt megihlet\u0151j\u00e9hez, a <a href=\"https:\/\/hu.wikipedia.org\/wiki\/G%C3%A9bf%C3%A9l%C3%A9k\" target=\"_blank\" rel=\"noopener\">g\u00e9bf\u00e9l\u00e9khez<\/a>. Legink\u00e1bb drop shot-on, chebun, rigeken felk\u00edn\u00e1lva mutatja meg er\u00e9nyeit.<\/p>\n<p>Els\u0151sorban s\u00fcll\u0151, k\u0151s\u00fcll\u0151, s\u00fcg\u00e9r veszi fel a 2 colos gumit.<\/p>\n<p>50 mm hossz\u00fa, 0,8 g, 9 db\/csomag, arom\u00e1s\u00edtott, 026 sz\u00ednk\u00f3d, formatart\u00f3 m\u0171anyag-csomagol\u00e1s.<\/p>\n<p><iframe loading=\"lazy\" title=\"YouTube video player\" src=\"https:\/\/www.youtube.com\/embed\/sB28vw9BIM0\" width=\"560\" height=\"315\" frameborder=\"0\" allowfullscreen=\"allowfullscreen\"><\/iframe><\/p>\n<h4>Additional information<\/h4>\n<table class=\"woocommerce-product-attributes shop_attributes\" aria-label=\"Product Details\" data-no-translation-aria-label=\"\">\n\t\t\t<tr class=\"woocommerce-product-attributes-item woocommerce-product-attributes-item--weight\">\n\t\t\t<th class=\"woocommerce-product-attributes-item__label\" scope=\"row\" data-no-translation=\"\" data-trp-gettext=\"\">Weight<\/th>\n\t\t\t<td class=\"woocommerce-product-attributes-item__value\">0.025 kg<\/td>\n\t\t<\/tr>\n\t\t\t<tr class=\"woocommerce-product-attributes-item woocommerce-product-attributes-item--attribute_pa_brand\">\n\t\t\t<th class=\"woocommerce-product-attributes-item__label\" scope=\"row\">Brand<\/th>\n\t\t\t<td class=\"woocommerce-product-attributes-item__value\"><p>Fanatik<\/p>\n<\/td>\n\t\t<\/tr>\n\t\t\t<tr class=\"woocommerce-product-attributes-item woocommerce-product-attributes-item--attribute_pa_szinkod\">\n\t\t\t<th class=\"woocommerce-product-attributes-item__label\" scope=\"row\">Color code<\/th>\n\t\t\t<td class=\"woocommerce-product-attributes-item__value\"><p>026<\/p>\n<\/td>\n\t\t<\/tr>\n\t\t\t<tr class=\"woocommerce-product-attributes-item woocommerce-product-attributes-item--attribute_pa_meret\">\n\t\t\t<th class=\"woocommerce-product-attributes-item__label\" scope=\"row\">Size<\/th>\n\t\t\t<td class=\"woocommerce-product-attributes-item__value\"><p>50 mm<\/p>\n<\/td>\n\t\t<\/tr>\n\t\t\t<tr class=\"woocommerce-product-attributes-item woocommerce-product-attributes-item--attribute_pa_madein\">\n\t\t\t<th class=\"woocommerce-product-attributes-item__label\" scope=\"row\">Country of origin<\/th>\n\t\t\t<td class=\"woocommerce-product-attributes-item__value\"><p>Ukrajna<\/p>\n<\/td>\n\t\t<\/tr>\n\t\t\t<tr class=\"woocommerce-product-attributes-item woocommerce-product-attributes-item--attribute_pa_kiszereles\">\n\t\t\t<th class=\"woocommerce-product-attributes-item__label\" scope=\"row\">Packaging<\/th>\n\t\t\t<td class=\"woocommerce-product-attributes-item__value\"><p>1 plastic bag<\/p>\n<\/td>\n\t\t<\/tr>\n\t\t\t<tr class=\"woocommerce-product-attributes-item woocommerce-product-attributes-item--attribute_pa_darabszam\">\n\t\t\t<th class=\"woocommerce-product-attributes-item__label\" scope=\"row\">Darabsz\u00e1m<\/th>\n\t\t\t<td class=\"woocommerce-product-attributes-item__value\"><p>9<\/p>\n<\/td>\n\t\t<\/tr>\n\t<\/table>","protected":false},"excerpt":{"rendered":"<p>9 db\/csomag<\/p>","protected":false},"featured_media":8549,"comment_status":"open","ping_status":"closed","template":"","meta":[],"product_cat":[1244,1613,1614,74,40,605],"product_tag":[1249,1605,339,823,241,146,373],"class_list":{"0":"post-8548","1":"product","2":"type-product","3":"status-publish","4":"has-post-thumbnail","6":"product_brand-fanatik","7":"product_cat-fanatik","8":"product_cat-fanatik-goby","9":"product_cat-fanatik-goby-2","10":"product_cat-gumicsali","11":"product_cat-mucsali","12":"product_cat-ujdonsagok","13":"product_tag-fanatik","14":"product_tag-goby","15":"product_tag-kosullo","16":"product_tag-no-action","17":"product_tag-suger","18":"product_tag-sullo","19":"product_tag-ul","21":"first","22":"instock","23":"shipping-taxable","24":"purchasable","25":"product-type-simple"},"supplier_id":null,"supplier_sku":"","barcode":null,"atum_controlled":true,"out_stock_date":null,"out_stock_threshold":null,"inheritable":false,"inbound_stock":0,"stock_on_hold":0,"sold_today":0,"sales_last_days":0,"reserved_stock":0,"customer_returns":0,"warehouse_damage":0,"lost_in_post":0,"other_logs":0,"out_stock_days":0,"lost_sales":0,"has_location":false,"update_date":"2026-04-15T00:32:41","atum_locations":[],"atum_stock_status":"instock","restock_status":false,"low_stock_amount":"","sales_update_date":"2026-04-15T00:32:41","calc_backorders":null,"yoast_head":"<!-- This site is optimized with the Yoast SEO plugin v27.4 - https:\/\/yoast.com\/product\/yoast-seo-wordpress\/ -->\n<title>Fanatik Goby 2&quot; UL gumicsali 026 - Ebihal<\/title>\n<meta name=\"description\" content=\"A Fanatik Goby m\u0171csali a haz\u00e1nkban is elterjedt, vizeinkben nagy sz\u00e1mban el\u0151fordul\u00f3, fen\u00e9klak\u00f3 t\u00e9pl\u00e1l\u00e1khal, a g\u00e9bf\u00e9l\u00e9k val\u00f3s\u00e1gh\u0171 m\u00e1sa. 026 sz\u00edn.\" \/>\n<meta name=\"robots\" content=\"index, follow, max-snippet:-1, max-image-preview:large, max-video-preview:-1\" \/>\n<link rel=\"canonical\" href=\"https:\/\/www.ebihal.hu\/en\/shop\/mucsali\/gumicsali\/fanatik\/fanatik-goby\/fanatik-goby-2\/fanatik-goby-2-ul-gumicsali-026\/\" \/>\n<meta property=\"og:locale\" content=\"en_GB\" \/>\n<meta property=\"og:type\" content=\"article\" \/>\n<meta property=\"og:title\" content=\"Fanatik Goby 2&quot; UL gumicsali 026 - Ebihal\" \/>\n<meta property=\"og:description\" content=\"A Fanatik Goby m\u0171csali a haz\u00e1nkban is elterjedt, vizeinkben nagy sz\u00e1mban el\u0151fordul\u00f3, fen\u00e9klak\u00f3 t\u00e9pl\u00e1l\u00e1khal, a g\u00e9bf\u00e9l\u00e9k val\u00f3s\u00e1gh\u0171 m\u00e1sa. 026 sz\u00edn.\" \/>\n<meta property=\"og:url\" content=\"https:\/\/www.ebihal.hu\/en\/shop\/mucsali\/gumicsali\/fanatik\/fanatik-goby\/fanatik-goby-2\/fanatik-goby-2-ul-gumicsali-026\/\" \/>\n<meta property=\"og:site_name\" content=\"Ebihal\" \/>\n<meta property=\"article:publisher\" content=\"https:\/\/www.facebook.com\/ebihal\" \/>\n<meta property=\"article:modified_time\" content=\"2026-03-05T07:26:59+00:00\" \/>\n<meta property=\"og:image\" content=\"https:\/\/www.ebihal.hu\/wp-content\/uploads\/2022\/12\/26.png\" \/>\n\t<meta property=\"og:image:width\" content=\"800\" \/>\n\t<meta property=\"og:image:height\" content=\"800\" \/>\n\t<meta property=\"og:image:type\" content=\"image\/png\" \/>\n<meta name=\"twitter:card\" content=\"summary_large_image\" \/>\n<meta name=\"twitter:label1\" content=\"Estimated reading time\" \/>\n\t<meta name=\"twitter:data1\" content=\"1 minute\" \/>\n<script type=\"application\/ld+json\" class=\"yoast-schema-graph\">{\"@context\":\"https:\\\/\\\/schema.org\",\"@graph\":[{\"@type\":\"WebPage\",\"@id\":\"https:\\\/\\\/www.ebihal.hu\\\/shop\\\/mucsali\\\/gumicsali\\\/fanatik\\\/fanatik-goby\\\/fanatik-goby-2\\\/fanatik-goby-2-ul-gumicsali-026\\\/\",\"url\":\"https:\\\/\\\/www.ebihal.hu\\\/shop\\\/mucsali\\\/gumicsali\\\/fanatik\\\/fanatik-goby\\\/fanatik-goby-2\\\/fanatik-goby-2-ul-gumicsali-026\\\/\",\"name\":\"Fanatik Goby 2\\\" UL gumicsali 026 - Ebihal\",\"isPartOf\":{\"@id\":\"https:\\\/\\\/www.ebihal.hu\\\/#website\"},\"primaryImageOfPage\":{\"@id\":\"https:\\\/\\\/www.ebihal.hu\\\/shop\\\/mucsali\\\/gumicsali\\\/fanatik\\\/fanatik-goby\\\/fanatik-goby-2\\\/fanatik-goby-2-ul-gumicsali-026\\\/#primaryimage\"},\"image\":{\"@id\":\"https:\\\/\\\/www.ebihal.hu\\\/shop\\\/mucsali\\\/gumicsali\\\/fanatik\\\/fanatik-goby\\\/fanatik-goby-2\\\/fanatik-goby-2-ul-gumicsali-026\\\/#primaryimage\"},\"thumbnailUrl\":\"https:\\\/\\\/www.ebihal.hu\\\/wp-content\\\/uploads\\\/2022\\\/12\\\/26.png\",\"datePublished\":\"2022-12-25T08:16:54+00:00\",\"dateModified\":\"2026-03-05T07:26:59+00:00\",\"description\":\"A Fanatik Goby m\u0171csali a haz\u00e1nkban is elterjedt, vizeinkben nagy sz\u00e1mban el\u0151fordul\u00f3, fen\u00e9klak\u00f3 t\u00e9pl\u00e1l\u00e1khal, a g\u00e9bf\u00e9l\u00e9k val\u00f3s\u00e1gh\u0171 m\u00e1sa. 026 sz\u00edn.\",\"breadcrumb\":{\"@id\":\"https:\\\/\\\/www.ebihal.hu\\\/shop\\\/mucsali\\\/gumicsali\\\/fanatik\\\/fanatik-goby\\\/fanatik-goby-2\\\/fanatik-goby-2-ul-gumicsali-026\\\/#breadcrumb\"},\"inLanguage\":\"en-GB\",\"potentialAction\":[{\"@type\":\"ReadAction\",\"target\":[\"https:\\\/\\\/www.ebihal.hu\\\/shop\\\/mucsali\\\/gumicsali\\\/fanatik\\\/fanatik-goby\\\/fanatik-goby-2\\\/fanatik-goby-2-ul-gumicsali-026\\\/\"]}]},{\"@type\":\"ImageObject\",\"inLanguage\":\"en-GB\",\"@id\":\"https:\\\/\\\/www.ebihal.hu\\\/shop\\\/mucsali\\\/gumicsali\\\/fanatik\\\/fanatik-goby\\\/fanatik-goby-2\\\/fanatik-goby-2-ul-gumicsali-026\\\/#primaryimage\",\"url\":\"https:\\\/\\\/www.ebihal.hu\\\/wp-content\\\/uploads\\\/2022\\\/12\\\/26.png\",\"contentUrl\":\"https:\\\/\\\/www.ebihal.hu\\\/wp-content\\\/uploads\\\/2022\\\/12\\\/26.png\",\"width\":800,\"height\":800,\"caption\":\"Fanatik Goby 026\"},{\"@type\":\"BreadcrumbList\",\"@id\":\"https:\\\/\\\/www.ebihal.hu\\\/shop\\\/mucsali\\\/gumicsali\\\/fanatik\\\/fanatik-goby\\\/fanatik-goby-2\\\/fanatik-goby-2-ul-gumicsali-026\\\/#breadcrumb\",\"itemListElement\":[{\"@type\":\"ListItem\",\"position\":1,\"name\":\"Kezd\u0151lap\",\"item\":\"https:\\\/\\\/www.ebihal.hu\\\/\"},{\"@type\":\"ListItem\",\"position\":2,\"name\":\"M\u0171csali \u00e1ruh\u00e1z\",\"item\":\"https:\\\/\\\/www.ebihal.hu\\\/\"},{\"@type\":\"ListItem\",\"position\":3,\"name\":\"Fanatik Goby 2&#8243; UL gumicsali 026\"}]},{\"@type\":\"WebSite\",\"@id\":\"https:\\\/\\\/www.ebihal.hu\\\/#website\",\"url\":\"https:\\\/\\\/www.ebihal.hu\\\/\",\"name\":\"Ebihal\",\"description\":\"Fish &amp; Jigs\",\"publisher\":{\"@id\":\"https:\\\/\\\/www.ebihal.hu\\\/#organization\"},\"potentialAction\":[{\"@type\":\"SearchAction\",\"target\":{\"@type\":\"EntryPoint\",\"urlTemplate\":\"https:\\\/\\\/www.ebihal.hu\\\/?s={search_term_string}\"},\"query-input\":{\"@type\":\"PropertyValueSpecification\",\"valueRequired\":true,\"valueName\":\"search_term_string\"}}],\"inLanguage\":\"en-GB\"},{\"@type\":\"Organization\",\"@id\":\"https:\\\/\\\/www.ebihal.hu\\\/#organization\",\"name\":\"Bir\u00f3 Csaba egy\u00e9ni v\u00e1llalkoz\u00f3\",\"url\":\"https:\\\/\\\/www.ebihal.hu\\\/\",\"logo\":{\"@type\":\"ImageObject\",\"inLanguage\":\"en-GB\",\"@id\":\"https:\\\/\\\/www.ebihal.hu\\\/#\\\/schema\\\/logo\\\/image\\\/\",\"url\":\"https:\\\/\\\/www.ebihal.hu\\\/wp-content\\\/uploads\\\/2021\\\/02\\\/brand_logo_mini.png\",\"contentUrl\":\"https:\\\/\\\/www.ebihal.hu\\\/wp-content\\\/uploads\\\/2021\\\/02\\\/brand_logo_mini.png\",\"width\":300,\"height\":300,\"caption\":\"Bir\u00f3 Csaba egy\u00e9ni v\u00e1llalkoz\u00f3\"},\"image\":{\"@id\":\"https:\\\/\\\/www.ebihal.hu\\\/#\\\/schema\\\/logo\\\/image\\\/\"},\"sameAs\":[\"https:\\\/\\\/www.facebook.com\\\/ebihal\"]}]}<\/script>\n<!-- \/ Yoast SEO plugin. -->","yoast_head_json":{"title":"Fanatik Goby 2\" UL gumicsali 026 - Ebihal","description":"A Fanatik Goby m\u0171csali a haz\u00e1nkban is elterjedt, vizeinkben nagy sz\u00e1mban el\u0151fordul\u00f3, fen\u00e9klak\u00f3 t\u00e9pl\u00e1l\u00e1khal, a g\u00e9bf\u00e9l\u00e9k val\u00f3s\u00e1gh\u0171 m\u00e1sa. 026 sz\u00edn.","robots":{"index":"index","follow":"follow","max-snippet":"max-snippet:-1","max-image-preview":"max-image-preview:large","max-video-preview":"max-video-preview:-1"},"canonical":"https:\/\/www.ebihal.hu\/en\/shop\/mucsali\/gumicsali\/fanatik\/fanatik-goby\/fanatik-goby-2\/fanatik-goby-2-ul-gumicsali-026\/","og_locale":"en_GB","og_type":"article","og_title":"Fanatik Goby 2\" UL gumicsali 026 - Ebihal","og_description":"A Fanatik Goby m\u0171csali a haz\u00e1nkban is elterjedt, vizeinkben nagy sz\u00e1mban el\u0151fordul\u00f3, fen\u00e9klak\u00f3 t\u00e9pl\u00e1l\u00e1khal, a g\u00e9bf\u00e9l\u00e9k val\u00f3s\u00e1gh\u0171 m\u00e1sa. 026 sz\u00edn.","og_url":"https:\/\/www.ebihal.hu\/en\/shop\/mucsali\/gumicsali\/fanatik\/fanatik-goby\/fanatik-goby-2\/fanatik-goby-2-ul-gumicsali-026\/","og_site_name":"Ebihal","article_publisher":"https:\/\/www.facebook.com\/ebihal","article_modified_time":"2026-03-05T07:26:59+00:00","og_image":[{"width":800,"height":800,"url":"https:\/\/www.ebihal.hu\/wp-content\/uploads\/2022\/12\/26.png","type":"image\/png"}],"twitter_card":"summary_large_image","twitter_misc":{"Estimated reading time":"1 minute"},"schema":{"@context":"https:\/\/schema.org","@graph":[{"@type":"WebPage","@id":"https:\/\/www.ebihal.hu\/shop\/mucsali\/gumicsali\/fanatik\/fanatik-goby\/fanatik-goby-2\/fanatik-goby-2-ul-gumicsali-026\/","url":"https:\/\/www.ebihal.hu\/shop\/mucsali\/gumicsali\/fanatik\/fanatik-goby\/fanatik-goby-2\/fanatik-goby-2-ul-gumicsali-026\/","name":"Fanatik Goby 2\" UL gumicsali 026 - Ebihal","isPartOf":{"@id":"https:\/\/www.ebihal.hu\/#website"},"primaryImageOfPage":{"@id":"https:\/\/www.ebihal.hu\/shop\/mucsali\/gumicsali\/fanatik\/fanatik-goby\/fanatik-goby-2\/fanatik-goby-2-ul-gumicsali-026\/#primaryimage"},"image":{"@id":"https:\/\/www.ebihal.hu\/shop\/mucsali\/gumicsali\/fanatik\/fanatik-goby\/fanatik-goby-2\/fanatik-goby-2-ul-gumicsali-026\/#primaryimage"},"thumbnailUrl":"https:\/\/www.ebihal.hu\/wp-content\/uploads\/2022\/12\/26.png","datePublished":"2022-12-25T08:16:54+00:00","dateModified":"2026-03-05T07:26:59+00:00","description":"A Fanatik Goby m\u0171csali a haz\u00e1nkban is elterjedt, vizeinkben nagy sz\u00e1mban el\u0151fordul\u00f3, fen\u00e9klak\u00f3 t\u00e9pl\u00e1l\u00e1khal, a g\u00e9bf\u00e9l\u00e9k val\u00f3s\u00e1gh\u0171 m\u00e1sa. 026 sz\u00edn.","breadcrumb":{"@id":"https:\/\/www.ebihal.hu\/shop\/mucsali\/gumicsali\/fanatik\/fanatik-goby\/fanatik-goby-2\/fanatik-goby-2-ul-gumicsali-026\/#breadcrumb"},"inLanguage":"en-GB","potentialAction":[{"@type":"ReadAction","target":["https:\/\/www.ebihal.hu\/shop\/mucsali\/gumicsali\/fanatik\/fanatik-goby\/fanatik-goby-2\/fanatik-goby-2-ul-gumicsali-026\/"]}]},{"@type":"ImageObject","inLanguage":"en-GB","@id":"https:\/\/www.ebihal.hu\/shop\/mucsali\/gumicsali\/fanatik\/fanatik-goby\/fanatik-goby-2\/fanatik-goby-2-ul-gumicsali-026\/#primaryimage","url":"https:\/\/www.ebihal.hu\/wp-content\/uploads\/2022\/12\/26.png","contentUrl":"https:\/\/www.ebihal.hu\/wp-content\/uploads\/2022\/12\/26.png","width":800,"height":800,"caption":"Fanatik Goby 026"},{"@type":"BreadcrumbList","@id":"https:\/\/www.ebihal.hu\/shop\/mucsali\/gumicsali\/fanatik\/fanatik-goby\/fanatik-goby-2\/fanatik-goby-2-ul-gumicsali-026\/#breadcrumb","itemListElement":[{"@type":"ListItem","position":1,"name":"Kezd\u0151lap","item":"https:\/\/www.ebihal.hu\/"},{"@type":"ListItem","position":2,"name":"M\u0171csali \u00e1ruh\u00e1z","item":"https:\/\/www.ebihal.hu\/"},{"@type":"ListItem","position":3,"name":"Fanatik Goby 2&#8243; UL gumicsali 026"}]},{"@type":"WebSite","@id":"https:\/\/www.ebihal.hu\/#website","url":"https:\/\/www.ebihal.hu\/","name":"Ebihal","description":"Fish &amp; Jigs","publisher":{"@id":"https:\/\/www.ebihal.hu\/#organization"},"potentialAction":[{"@type":"SearchAction","target":{"@type":"EntryPoint","urlTemplate":"https:\/\/www.ebihal.hu\/?s={search_term_string}"},"query-input":{"@type":"PropertyValueSpecification","valueRequired":true,"valueName":"search_term_string"}}],"inLanguage":"en-GB"},{"@type":"Organization","@id":"https:\/\/www.ebihal.hu\/#organization","name":"Bir\u00f3 Csaba egy\u00e9ni v\u00e1llalkoz\u00f3","url":"https:\/\/www.ebihal.hu\/","logo":{"@type":"ImageObject","inLanguage":"en-GB","@id":"https:\/\/www.ebihal.hu\/#\/schema\/logo\/image\/","url":"https:\/\/www.ebihal.hu\/wp-content\/uploads\/2021\/02\/brand_logo_mini.png","contentUrl":"https:\/\/www.ebihal.hu\/wp-content\/uploads\/2021\/02\/brand_logo_mini.png","width":300,"height":300,"caption":"Bir\u00f3 Csaba egy\u00e9ni v\u00e1llalkoz\u00f3"},"image":{"@id":"https:\/\/www.ebihal.hu\/#\/schema\/logo\/image\/"},"sameAs":["https:\/\/www.facebook.com\/ebihal"]}]}},"_links":{"self":[{"href":"https:\/\/www.ebihal.hu\/en\/wp-json\/wp\/v2\/product\/8548","targetHints":{"allow":["GET"]}}],"collection":[{"href":"https:\/\/www.ebihal.hu\/en\/wp-json\/wp\/v2\/product"}],"about":[{"href":"https:\/\/www.ebihal.hu\/en\/wp-json\/wp\/v2\/types\/product"}],"replies":[{"embeddable":true,"href":"https:\/\/www.ebihal.hu\/en\/wp-json\/wp\/v2\/comments?post=8548"}],"wp:featuredmedia":[{"embeddable":true,"href":"https:\/\/www.ebihal.hu\/en\/wp-json\/wp\/v2\/media\/8549"}],"wp:attachment":[{"href":"https:\/\/www.ebihal.hu\/en\/wp-json\/wp\/v2\/media?parent=8548"}],"wp:term":[{"taxonomy":"product_cat","embeddable":true,"href":"https:\/\/www.ebihal.hu\/en\/wp-json\/wp\/v2\/product_cat?post=8548"},{"taxonomy":"product_tag","embeddable":true,"href":"https:\/\/www.ebihal.hu\/en\/wp-json\/wp\/v2\/product_tag?post=8548"}],"curies":[{"name":"wp","href":"https:\/\/api.w.org\/{rel}","templated":true}]}}