{"id":8131,"date":"2022-10-07T14:59:41","date_gmt":"2022-10-07T13:59:41","guid":{"rendered":"https:\/\/www.ebihal.hu\/?post_type=product&#038;p=8131"},"modified":"2026-02-06T11:02:52","modified_gmt":"2026-02-06T10:02:52","slug":"fanatik-raider-rakutanzat-2-2-023","status":"publish","type":"product","link":"https:\/\/www.ebihal.hu\/en\/shop\/mucsali\/gumicsali\/fanatik\/fanatik-raider\/raider2-2\/fanatik-raider-rakutanzat-2-2-023\/","title":{"rendered":"Fanatik Raider r\u00e1kut\u00e1nzat 2.2&#8243; 023"},"content":{"rendered":"<p>Az ukr\u00e1n Fanatik c\u00e9g Raider elnevez\u00e9s\u0171 folyami r\u00e1k imit\u00e1ci\u00f3ja az egyik legkiv\u00e1l\u00f3bb UL gumi, amit teszthorg\u00e1szaink valaha haszn\u00e1lnak. Legkisebb m\u00e9rete a s\u00fcgerek \u00e9s a kisebb test\u0171 ragadoz\u00f3k kedvence. M\u00e9g a passz\u00edv halak is ut\u00e1na v\u00e1gnak, mivel tudj\u00e1k, hogy kev\u00e9s energi\u00e1val zs\u00e1km\u00e1nyul ejthet\u0151k a r\u00e1kok. Csak a hazai vizeken bev\u00e1lt sz\u00ednekben tartjuk.<\/p>\n<p>Hossza 56 mm \/ 2,2&#8243;, 8 db\/csomag, \u00edzes\u00edtett, 023 sz\u00edn.<\/p>\n<p><iframe loading=\"lazy\" title=\"YouTube video player\" src=\"https:\/\/www.youtube.com\/embed\/PDO-d5Dm3AI?start=629\" width=\"560\" height=\"315\" frameborder=\"0\" allowfullscreen=\"allowfullscreen\"><\/iframe><\/p>\n<h4>Additional information<\/h4>\n<table class=\"woocommerce-product-attributes shop_attributes\" aria-label=\"Product Details\" data-no-translation-aria-label=\"\">\n\t\t\t<tr class=\"woocommerce-product-attributes-item woocommerce-product-attributes-item--attribute_pa_brand\">\n\t\t\t<th class=\"woocommerce-product-attributes-item__label\" scope=\"row\">Brand<\/th>\n\t\t\t<td class=\"woocommerce-product-attributes-item__value\"><p>Fanatik<\/p>\n<\/td>\n\t\t<\/tr>\n\t\t\t<tr class=\"woocommerce-product-attributes-item woocommerce-product-attributes-item--attribute_pa_meret\">\n\t\t\t<th class=\"woocommerce-product-attributes-item__label\" scope=\"row\">Size<\/th>\n\t\t\t<td class=\"woocommerce-product-attributes-item__value\"><p>56 mm<\/p>\n<\/td>\n\t\t<\/tr>\n\t\t\t<tr class=\"woocommerce-product-attributes-item woocommerce-product-attributes-item--attribute_pa_szinkod\">\n\t\t\t<th class=\"woocommerce-product-attributes-item__label\" scope=\"row\">Color code<\/th>\n\t\t\t<td class=\"woocommerce-product-attributes-item__value\"><p>023<\/p>\n<\/td>\n\t\t<\/tr>\n\t\t\t<tr class=\"woocommerce-product-attributes-item woocommerce-product-attributes-item--attribute_pa_madein\">\n\t\t\t<th class=\"woocommerce-product-attributes-item__label\" scope=\"row\">Country of origin<\/th>\n\t\t\t<td class=\"woocommerce-product-attributes-item__value\"><p>Ukrajna<\/p>\n<\/td>\n\t\t<\/tr>\n\t\t\t<tr class=\"woocommerce-product-attributes-item woocommerce-product-attributes-item--attribute_pa_kiszereles\">\n\t\t\t<th class=\"woocommerce-product-attributes-item__label\" scope=\"row\">Packaging<\/th>\n\t\t\t<td class=\"woocommerce-product-attributes-item__value\"><p>1 plastic bag<\/p>\n<\/td>\n\t\t<\/tr>\n\t<\/table>","protected":false},"excerpt":{"rendered":"<p>Az ukr\u00e1n Fanatik c\u00e9g Raider elnevez\u00e9s\u0171 folyami r\u00e1k imit\u00e1ci\u00f3ja az egyik legkiv\u00e1l\u00f3bb UL gumi, amit teszthorg\u00e1szaink valaha haszn\u00e1lnak. Legkisebb m\u00e9rete a s\u00fcgerek \u00e9s a kisebb test\u0171 ragadoz\u00f3k kedvence. M\u00e9g a passz\u00edv halak is ut\u00e1na v\u00e1gnak, mivel tudj\u00e1k, hogy kev\u00e9s energi\u00e1val zs\u00e1km\u00e1nyul ejthet\u0151k a r\u00e1kok. Csak a hazai vizeken bev\u00e1lt sz\u00ednekben&hellip; <\/p>","protected":false},"featured_media":6538,"comment_status":"open","ping_status":"closed","template":"","meta":[],"product_cat":[1244,74,40,1395,1561],"product_tag":[815,239,1249,339,823,240,1396,821,241,373],"class_list":{"0":"post-8131","1":"product","2":"type-product","3":"status-publish","4":"has-post-thumbnail","6":"product_brand-fanatik","7":"product_cat-fanatik","8":"product_cat-gumicsali","9":"product_cat-mucsali","10":"product_cat-fanatik-raider","11":"product_cat-raider2-2","12":"product_tag-bekes-halak","13":"product_tag-domolyko","14":"product_tag-fanatik","15":"product_tag-kosullo","16":"product_tag-no-action","17":"product_tag-pisztrang","18":"product_tag-raider","19":"product_tag-rak","20":"product_tag-suger","21":"product_tag-ul","23":"first","24":"instock","25":"sale","26":"shipping-taxable","27":"purchasable","28":"product-type-simple"},"supplier_id":null,"supplier_sku":"","barcode":null,"atum_controlled":true,"out_stock_date":null,"out_stock_threshold":null,"inheritable":false,"inbound_stock":0,"stock_on_hold":0,"sold_today":0,"sales_last_days":0,"reserved_stock":0,"customer_returns":0,"warehouse_damage":0,"lost_in_post":0,"other_logs":0,"out_stock_days":0,"lost_sales":0,"has_location":false,"update_date":"2026-04-15T00:32:50","atum_locations":[],"atum_stock_status":"instock","restock_status":false,"low_stock_amount":"","sales_update_date":"2026-04-15T00:32:50","calc_backorders":null,"yoast_head":"<!-- This site is optimized with the Yoast SEO plugin v27.4 - https:\/\/yoast.com\/product\/yoast-seo-wordpress\/ -->\n<title>Fanatik Raider r\u00e1kut\u00e1nzat 2.2&quot; 023 - Ebihal<\/title>\n<meta name=\"description\" content=\"Az ukr\u00e1n Fanatik c\u00e9g Raider elnevez\u00e9s\u0171 folyami r\u00e1k imit\u00e1ci\u00f3ja az egyik legkiv\u00e1l\u00f3bb UL gumi. A kisebb test\u0171 ragadoz\u00f3k kedvence. 023\" \/>\n<meta name=\"robots\" content=\"index, follow, max-snippet:-1, max-image-preview:large, max-video-preview:-1\" \/>\n<link rel=\"canonical\" href=\"https:\/\/www.ebihal.hu\/en\/shop\/mucsali\/gumicsali\/fanatik\/fanatik-raider\/raider2-2\/fanatik-raider-rakutanzat-2-2-023\/\" \/>\n<meta property=\"og:locale\" content=\"en_GB\" \/>\n<meta property=\"og:type\" content=\"article\" \/>\n<meta property=\"og:title\" content=\"Fanatik Raider r\u00e1kut\u00e1nzat 2.2&quot; 023 - Ebihal\" \/>\n<meta property=\"og:description\" content=\"Az ukr\u00e1n Fanatik c\u00e9g Raider elnevez\u00e9s\u0171 folyami r\u00e1k imit\u00e1ci\u00f3ja az egyik legkiv\u00e1l\u00f3bb UL gumi. A kisebb test\u0171 ragadoz\u00f3k kedvence. 023\" \/>\n<meta property=\"og:url\" content=\"https:\/\/www.ebihal.hu\/en\/shop\/mucsali\/gumicsali\/fanatik\/fanatik-raider\/raider2-2\/fanatik-raider-rakutanzat-2-2-023\/\" \/>\n<meta property=\"og:site_name\" content=\"Ebihal\" \/>\n<meta property=\"article:publisher\" content=\"https:\/\/www.facebook.com\/ebihal\" \/>\n<meta property=\"article:modified_time\" content=\"2026-02-06T10:02:52+00:00\" \/>\n<meta property=\"og:image\" content=\"https:\/\/www.ebihal.hu\/wp-content\/uploads\/2021\/12\/23.png\" \/>\n\t<meta property=\"og:image:width\" content=\"500\" \/>\n\t<meta property=\"og:image:height\" content=\"500\" \/>\n\t<meta property=\"og:image:type\" content=\"image\/png\" \/>\n<meta name=\"twitter:card\" content=\"summary_large_image\" \/>\n<meta name=\"twitter:label1\" content=\"Estimated reading time\" \/>\n\t<meta name=\"twitter:data1\" content=\"1 minute\" \/>\n<script type=\"application\/ld+json\" class=\"yoast-schema-graph\">{\"@context\":\"https:\\\/\\\/schema.org\",\"@graph\":[{\"@type\":\"WebPage\",\"@id\":\"https:\\\/\\\/www.ebihal.hu\\\/shop\\\/mucsali\\\/gumicsali\\\/fanatik\\\/fanatik-raider\\\/raider2-2\\\/fanatik-raider-rakutanzat-2-2-023\\\/\",\"url\":\"https:\\\/\\\/www.ebihal.hu\\\/shop\\\/mucsali\\\/gumicsali\\\/fanatik\\\/fanatik-raider\\\/raider2-2\\\/fanatik-raider-rakutanzat-2-2-023\\\/\",\"name\":\"Fanatik Raider r\u00e1kut\u00e1nzat 2.2\\\" 023 - Ebihal\",\"isPartOf\":{\"@id\":\"https:\\\/\\\/www.ebihal.hu\\\/#website\"},\"primaryImageOfPage\":{\"@id\":\"https:\\\/\\\/www.ebihal.hu\\\/shop\\\/mucsali\\\/gumicsali\\\/fanatik\\\/fanatik-raider\\\/raider2-2\\\/fanatik-raider-rakutanzat-2-2-023\\\/#primaryimage\"},\"image\":{\"@id\":\"https:\\\/\\\/www.ebihal.hu\\\/shop\\\/mucsali\\\/gumicsali\\\/fanatik\\\/fanatik-raider\\\/raider2-2\\\/fanatik-raider-rakutanzat-2-2-023\\\/#primaryimage\"},\"thumbnailUrl\":\"https:\\\/\\\/www.ebihal.hu\\\/wp-content\\\/uploads\\\/2021\\\/12\\\/23.png\",\"datePublished\":\"2022-10-07T13:59:41+00:00\",\"dateModified\":\"2026-02-06T10:02:52+00:00\",\"description\":\"Az ukr\u00e1n Fanatik c\u00e9g Raider elnevez\u00e9s\u0171 folyami r\u00e1k imit\u00e1ci\u00f3ja az egyik legkiv\u00e1l\u00f3bb UL gumi. A kisebb test\u0171 ragadoz\u00f3k kedvence. 023\",\"breadcrumb\":{\"@id\":\"https:\\\/\\\/www.ebihal.hu\\\/shop\\\/mucsali\\\/gumicsali\\\/fanatik\\\/fanatik-raider\\\/raider2-2\\\/fanatik-raider-rakutanzat-2-2-023\\\/#breadcrumb\"},\"inLanguage\":\"en-GB\",\"potentialAction\":[{\"@type\":\"ReadAction\",\"target\":[\"https:\\\/\\\/www.ebihal.hu\\\/shop\\\/mucsali\\\/gumicsali\\\/fanatik\\\/fanatik-raider\\\/raider2-2\\\/fanatik-raider-rakutanzat-2-2-023\\\/\"]}]},{\"@type\":\"ImageObject\",\"inLanguage\":\"en-GB\",\"@id\":\"https:\\\/\\\/www.ebihal.hu\\\/shop\\\/mucsali\\\/gumicsali\\\/fanatik\\\/fanatik-raider\\\/raider2-2\\\/fanatik-raider-rakutanzat-2-2-023\\\/#primaryimage\",\"url\":\"https:\\\/\\\/www.ebihal.hu\\\/wp-content\\\/uploads\\\/2021\\\/12\\\/23.png\",\"contentUrl\":\"https:\\\/\\\/www.ebihal.hu\\\/wp-content\\\/uploads\\\/2021\\\/12\\\/23.png\",\"width\":500,\"height\":500,\"caption\":\"Fanatik Raider 023\"},{\"@type\":\"BreadcrumbList\",\"@id\":\"https:\\\/\\\/www.ebihal.hu\\\/shop\\\/mucsali\\\/gumicsali\\\/fanatik\\\/fanatik-raider\\\/raider2-2\\\/fanatik-raider-rakutanzat-2-2-023\\\/#breadcrumb\",\"itemListElement\":[{\"@type\":\"ListItem\",\"position\":1,\"name\":\"Kezd\u0151lap\",\"item\":\"https:\\\/\\\/www.ebihal.hu\\\/\"},{\"@type\":\"ListItem\",\"position\":2,\"name\":\"M\u0171csali \u00e1ruh\u00e1z\",\"item\":\"https:\\\/\\\/www.ebihal.hu\\\/\"},{\"@type\":\"ListItem\",\"position\":3,\"name\":\"Fanatik Raider r\u00e1kut\u00e1nzat 2.2&#8243; 023\"}]},{\"@type\":\"WebSite\",\"@id\":\"https:\\\/\\\/www.ebihal.hu\\\/#website\",\"url\":\"https:\\\/\\\/www.ebihal.hu\\\/\",\"name\":\"Ebihal\",\"description\":\"Fish &amp; Jigs\",\"publisher\":{\"@id\":\"https:\\\/\\\/www.ebihal.hu\\\/#organization\"},\"potentialAction\":[{\"@type\":\"SearchAction\",\"target\":{\"@type\":\"EntryPoint\",\"urlTemplate\":\"https:\\\/\\\/www.ebihal.hu\\\/?s={search_term_string}\"},\"query-input\":{\"@type\":\"PropertyValueSpecification\",\"valueRequired\":true,\"valueName\":\"search_term_string\"}}],\"inLanguage\":\"en-GB\"},{\"@type\":\"Organization\",\"@id\":\"https:\\\/\\\/www.ebihal.hu\\\/#organization\",\"name\":\"Bir\u00f3 Csaba egy\u00e9ni v\u00e1llalkoz\u00f3\",\"url\":\"https:\\\/\\\/www.ebihal.hu\\\/\",\"logo\":{\"@type\":\"ImageObject\",\"inLanguage\":\"en-GB\",\"@id\":\"https:\\\/\\\/www.ebihal.hu\\\/#\\\/schema\\\/logo\\\/image\\\/\",\"url\":\"https:\\\/\\\/www.ebihal.hu\\\/wp-content\\\/uploads\\\/2021\\\/02\\\/brand_logo_mini.png\",\"contentUrl\":\"https:\\\/\\\/www.ebihal.hu\\\/wp-content\\\/uploads\\\/2021\\\/02\\\/brand_logo_mini.png\",\"width\":300,\"height\":300,\"caption\":\"Bir\u00f3 Csaba egy\u00e9ni v\u00e1llalkoz\u00f3\"},\"image\":{\"@id\":\"https:\\\/\\\/www.ebihal.hu\\\/#\\\/schema\\\/logo\\\/image\\\/\"},\"sameAs\":[\"https:\\\/\\\/www.facebook.com\\\/ebihal\"]}]}<\/script>\n<!-- \/ Yoast SEO plugin. -->","yoast_head_json":{"title":"Fanatik Raider r\u00e1kut\u00e1nzat 2.2\" 023 - Ebihal","description":"Az ukr\u00e1n Fanatik c\u00e9g Raider elnevez\u00e9s\u0171 folyami r\u00e1k imit\u00e1ci\u00f3ja az egyik legkiv\u00e1l\u00f3bb UL gumi. A kisebb test\u0171 ragadoz\u00f3k kedvence. 023","robots":{"index":"index","follow":"follow","max-snippet":"max-snippet:-1","max-image-preview":"max-image-preview:large","max-video-preview":"max-video-preview:-1"},"canonical":"https:\/\/www.ebihal.hu\/en\/shop\/mucsali\/gumicsali\/fanatik\/fanatik-raider\/raider2-2\/fanatik-raider-rakutanzat-2-2-023\/","og_locale":"en_GB","og_type":"article","og_title":"Fanatik Raider r\u00e1kut\u00e1nzat 2.2\" 023 - Ebihal","og_description":"Az ukr\u00e1n Fanatik c\u00e9g Raider elnevez\u00e9s\u0171 folyami r\u00e1k imit\u00e1ci\u00f3ja az egyik legkiv\u00e1l\u00f3bb UL gumi. A kisebb test\u0171 ragadoz\u00f3k kedvence. 023","og_url":"https:\/\/www.ebihal.hu\/en\/shop\/mucsali\/gumicsali\/fanatik\/fanatik-raider\/raider2-2\/fanatik-raider-rakutanzat-2-2-023\/","og_site_name":"Ebihal","article_publisher":"https:\/\/www.facebook.com\/ebihal","article_modified_time":"2026-02-06T10:02:52+00:00","og_image":[{"width":500,"height":500,"url":"https:\/\/www.ebihal.hu\/wp-content\/uploads\/2021\/12\/23.png","type":"image\/png"}],"twitter_card":"summary_large_image","twitter_misc":{"Estimated reading time":"1 minute"},"schema":{"@context":"https:\/\/schema.org","@graph":[{"@type":"WebPage","@id":"https:\/\/www.ebihal.hu\/shop\/mucsali\/gumicsali\/fanatik\/fanatik-raider\/raider2-2\/fanatik-raider-rakutanzat-2-2-023\/","url":"https:\/\/www.ebihal.hu\/shop\/mucsali\/gumicsali\/fanatik\/fanatik-raider\/raider2-2\/fanatik-raider-rakutanzat-2-2-023\/","name":"Fanatik Raider r\u00e1kut\u00e1nzat 2.2\" 023 - Ebihal","isPartOf":{"@id":"https:\/\/www.ebihal.hu\/#website"},"primaryImageOfPage":{"@id":"https:\/\/www.ebihal.hu\/shop\/mucsali\/gumicsali\/fanatik\/fanatik-raider\/raider2-2\/fanatik-raider-rakutanzat-2-2-023\/#primaryimage"},"image":{"@id":"https:\/\/www.ebihal.hu\/shop\/mucsali\/gumicsali\/fanatik\/fanatik-raider\/raider2-2\/fanatik-raider-rakutanzat-2-2-023\/#primaryimage"},"thumbnailUrl":"https:\/\/www.ebihal.hu\/wp-content\/uploads\/2021\/12\/23.png","datePublished":"2022-10-07T13:59:41+00:00","dateModified":"2026-02-06T10:02:52+00:00","description":"Az ukr\u00e1n Fanatik c\u00e9g Raider elnevez\u00e9s\u0171 folyami r\u00e1k imit\u00e1ci\u00f3ja az egyik legkiv\u00e1l\u00f3bb UL gumi. A kisebb test\u0171 ragadoz\u00f3k kedvence. 023","breadcrumb":{"@id":"https:\/\/www.ebihal.hu\/shop\/mucsali\/gumicsali\/fanatik\/fanatik-raider\/raider2-2\/fanatik-raider-rakutanzat-2-2-023\/#breadcrumb"},"inLanguage":"en-GB","potentialAction":[{"@type":"ReadAction","target":["https:\/\/www.ebihal.hu\/shop\/mucsali\/gumicsali\/fanatik\/fanatik-raider\/raider2-2\/fanatik-raider-rakutanzat-2-2-023\/"]}]},{"@type":"ImageObject","inLanguage":"en-GB","@id":"https:\/\/www.ebihal.hu\/shop\/mucsali\/gumicsali\/fanatik\/fanatik-raider\/raider2-2\/fanatik-raider-rakutanzat-2-2-023\/#primaryimage","url":"https:\/\/www.ebihal.hu\/wp-content\/uploads\/2021\/12\/23.png","contentUrl":"https:\/\/www.ebihal.hu\/wp-content\/uploads\/2021\/12\/23.png","width":500,"height":500,"caption":"Fanatik Raider 023"},{"@type":"BreadcrumbList","@id":"https:\/\/www.ebihal.hu\/shop\/mucsali\/gumicsali\/fanatik\/fanatik-raider\/raider2-2\/fanatik-raider-rakutanzat-2-2-023\/#breadcrumb","itemListElement":[{"@type":"ListItem","position":1,"name":"Kezd\u0151lap","item":"https:\/\/www.ebihal.hu\/"},{"@type":"ListItem","position":2,"name":"M\u0171csali \u00e1ruh\u00e1z","item":"https:\/\/www.ebihal.hu\/"},{"@type":"ListItem","position":3,"name":"Fanatik Raider r\u00e1kut\u00e1nzat 2.2&#8243; 023"}]},{"@type":"WebSite","@id":"https:\/\/www.ebihal.hu\/#website","url":"https:\/\/www.ebihal.hu\/","name":"Ebihal","description":"Fish &amp; Jigs","publisher":{"@id":"https:\/\/www.ebihal.hu\/#organization"},"potentialAction":[{"@type":"SearchAction","target":{"@type":"EntryPoint","urlTemplate":"https:\/\/www.ebihal.hu\/?s={search_term_string}"},"query-input":{"@type":"PropertyValueSpecification","valueRequired":true,"valueName":"search_term_string"}}],"inLanguage":"en-GB"},{"@type":"Organization","@id":"https:\/\/www.ebihal.hu\/#organization","name":"Bir\u00f3 Csaba egy\u00e9ni v\u00e1llalkoz\u00f3","url":"https:\/\/www.ebihal.hu\/","logo":{"@type":"ImageObject","inLanguage":"en-GB","@id":"https:\/\/www.ebihal.hu\/#\/schema\/logo\/image\/","url":"https:\/\/www.ebihal.hu\/wp-content\/uploads\/2021\/02\/brand_logo_mini.png","contentUrl":"https:\/\/www.ebihal.hu\/wp-content\/uploads\/2021\/02\/brand_logo_mini.png","width":300,"height":300,"caption":"Bir\u00f3 Csaba egy\u00e9ni v\u00e1llalkoz\u00f3"},"image":{"@id":"https:\/\/www.ebihal.hu\/#\/schema\/logo\/image\/"},"sameAs":["https:\/\/www.facebook.com\/ebihal"]}]}},"_links":{"self":[{"href":"https:\/\/www.ebihal.hu\/en\/wp-json\/wp\/v2\/product\/8131","targetHints":{"allow":["GET"]}}],"collection":[{"href":"https:\/\/www.ebihal.hu\/en\/wp-json\/wp\/v2\/product"}],"about":[{"href":"https:\/\/www.ebihal.hu\/en\/wp-json\/wp\/v2\/types\/product"}],"replies":[{"embeddable":true,"href":"https:\/\/www.ebihal.hu\/en\/wp-json\/wp\/v2\/comments?post=8131"}],"wp:featuredmedia":[{"embeddable":true,"href":"https:\/\/www.ebihal.hu\/en\/wp-json\/wp\/v2\/media\/6538"}],"wp:attachment":[{"href":"https:\/\/www.ebihal.hu\/en\/wp-json\/wp\/v2\/media?parent=8131"}],"wp:term":[{"taxonomy":"product_cat","embeddable":true,"href":"https:\/\/www.ebihal.hu\/en\/wp-json\/wp\/v2\/product_cat?post=8131"},{"taxonomy":"product_tag","embeddable":true,"href":"https:\/\/www.ebihal.hu\/en\/wp-json\/wp\/v2\/product_tag?post=8131"}],"curies":[{"name":"wp","href":"https:\/\/api.w.org\/{rel}","templated":true}]}}