{"id":7832,"date":"2022-08-13T13:48:38","date_gmt":"2022-08-13T12:48:38","guid":{"rendered":"https:\/\/www.ebihal.hu\/?post_type=product&#038;p=7832"},"modified":"2026-03-05T08:28:58","modified_gmt":"2026-03-05T07:28:58","slug":"fanatik-classic-17-ul-gumihal-005","status":"publish","type":"product","link":"https:\/\/www.ebihal.hu\/en\/shop\/mucsali\/gumicsali\/fanatik\/fanatik-classic\/classic-1-7\/fanatik-classic-17-ul-gumihal-005\/","title":{"rendered":"Fanatik Classic 1,7&#8243; UL gumihal 005"},"content":{"rendered":"<p>A Fanatik Classic csalik rendk\u00edv\u00fcl er\u0151s, rugalmas szilikonb\u00f3l k\u00e9sz\u00fclnek. A Classic csal\u00e1d legkisebb tagja igazi s\u00fcg\u00e9r- \u00e9s s\u00fcll\u0151m\u00e1gnes. Fark\u00e1nak kifejez\u0151 j\u00e1t\u00e9ka, a test bord\u00e1zata \u00e1ltal keltett rezg\u00e9sek felkeltik m\u00e9g a passz\u00edv ragadoz\u00f3k figyelm\u00e9t is. Jelzett m\u00e9ret\u00e9n\u00e9l nagyobbnak t\u0171nik a val\u00f3s\u00e1gban, k\u00f6sz\u00f6nhet\u0151en a meger\u0151s\u00edtett testt\u00e1j\u00e9knak. Sz\u00edv\u00f3s, rugalmas szilikonb\u00f3l k\u00e9sz\u00fcl, tal\u00e1n a k\u00edn\u00e1lat legjobban \u00fajrat\u0171zhet\u0151 szilikonja. Nagyon j\u00f3l \u00e1llja a harap\u00e1st, a g\u00e9bek sem fogj\u00e1k lecs\u00edpni a fark\u00e1t.<\/p>\n<p>42 mm hossz\u00fa, 1 g t\u00f6meg\u0171, 9 db\/csomag, 005 sz\u00ednk\u00f3d.<\/p>\n<h4>Additional information<\/h4>","protected":false},"excerpt":{"rendered":"<p>A Fanatik Classic csalik rendk\u00edv\u00fcl er\u0151s, rugalmas szilikonb\u00f3l k\u00e9sz\u00fclnek. A Classic csal\u00e1d legkisebb tagja igazi s\u00fcg\u00e9r- \u00e9s s\u00fcll\u0151m\u00e1gnes. Fark\u00e1nak kifejez\u0151 j\u00e1t\u00e9ka, a test bord\u00e1zata \u00e1ltal keltett rezg\u00e9sek felkeltik m\u00e9g a passz\u00edv ragadoz\u00f3k figyelm\u00e9t is. Jelzett m\u00e9ret\u00e9n\u00e9l nagyobbnak t\u0171nik a val\u00f3s\u00e1gban, k\u00f6sz\u00f6nhet\u0151en a meger\u0151s\u00edtett testt\u00e1j\u00e9knak. Sz\u00edv\u00f3s, rugalmas szilikonb\u00f3l k\u00e9sz\u00fcl, tal\u00e1n a&hellip; <\/p>","protected":false},"featured_media":7833,"comment_status":"open","ping_status":"closed","template":"","meta":[],"product_cat":[1541,1542,1244,74,40],"product_tag":[815,356,239,1249,339,241,146,373],"class_list":{"0":"post-7832","1":"product","2":"type-product","3":"status-publish","4":"has-post-thumbnail","6":"product_brand-fanatik","7":"product_cat-fanatik-classic","8":"product_cat-classic-1-7","9":"product_cat-fanatik","10":"product_cat-gumicsali","11":"product_cat-mucsali","12":"product_tag-bekes-halak","13":"product_tag-classic","14":"product_tag-domolyko","15":"product_tag-fanatik","16":"product_tag-kosullo","17":"product_tag-suger","18":"product_tag-sullo","19":"product_tag-ul","21":"first","22":"instock","23":"sale","24":"shipping-taxable","25":"purchasable","26":"product-type-simple"},"supplier_id":null,"supplier_sku":"","barcode":null,"atum_controlled":true,"out_stock_date":null,"out_stock_threshold":null,"inheritable":false,"inbound_stock":0,"stock_on_hold":0,"sold_today":0,"sales_last_days":0,"reserved_stock":0,"customer_returns":0,"warehouse_damage":0,"lost_in_post":0,"other_logs":0,"out_stock_days":0,"lost_sales":0,"has_location":false,"update_date":"2026-04-15T00:32:40","atum_locations":[],"atum_stock_status":"instock","restock_status":false,"low_stock_amount":"","sales_update_date":"2026-04-15T00:32:40","calc_backorders":null,"yoast_head":"<!-- This site is optimized with the Yoast SEO plugin v27.4 - https:\/\/yoast.com\/product\/yoast-seo-wordpress\/ -->\n<title>Fanatik Classic 1,7&quot; UL gumihal 005 - Ebihal<\/title>\n<meta name=\"description\" content=\"A Fanatik Classic csalik rendk\u00edv\u00fcl er\u0151s, rugalmas szilikonb\u00f3l k\u00e9sz\u00fclnek. A Classic csal\u00e1d legkisebb tagja igazi s\u00fcg\u00e9r- \u00e9s s\u00fcll\u0151m\u00e1gnes. 005 sz\u00ednk\u00f3d, 42 mm.\" \/>\n<meta name=\"robots\" content=\"index, follow, max-snippet:-1, max-image-preview:large, max-video-preview:-1\" \/>\n<link rel=\"canonical\" href=\"https:\/\/www.ebihal.hu\/en\/shop\/mucsali\/gumicsali\/fanatik\/fanatik-classic\/classic-1-7\/fanatik-classic-17-ul-gumihal-005\/\" \/>\n<meta property=\"og:locale\" content=\"en_GB\" \/>\n<meta property=\"og:type\" content=\"article\" \/>\n<meta property=\"og:title\" content=\"Fanatik Classic 1,7&quot; UL gumihal 005 - Ebihal\" \/>\n<meta property=\"og:description\" content=\"A Fanatik Classic csalik rendk\u00edv\u00fcl er\u0151s, rugalmas szilikonb\u00f3l k\u00e9sz\u00fclnek. A Classic csal\u00e1d legkisebb tagja igazi s\u00fcg\u00e9r- \u00e9s s\u00fcll\u0151m\u00e1gnes. 005 sz\u00ednk\u00f3d, 42 mm.\" \/>\n<meta property=\"og:url\" content=\"https:\/\/www.ebihal.hu\/en\/shop\/mucsali\/gumicsali\/fanatik\/fanatik-classic\/classic-1-7\/fanatik-classic-17-ul-gumihal-005\/\" \/>\n<meta property=\"og:site_name\" content=\"Ebihal\" \/>\n<meta property=\"article:publisher\" content=\"https:\/\/www.facebook.com\/ebihal\" \/>\n<meta property=\"article:modified_time\" content=\"2026-03-05T07:28:58+00:00\" \/>\n<meta property=\"og:image\" content=\"https:\/\/www.ebihal.hu\/wp-content\/uploads\/2022\/08\/005.png\" \/>\n\t<meta property=\"og:image:width\" content=\"800\" \/>\n\t<meta property=\"og:image:height\" content=\"800\" \/>\n\t<meta property=\"og:image:type\" content=\"image\/png\" \/>\n<meta name=\"twitter:card\" content=\"summary_large_image\" \/>\n<meta name=\"twitter:label1\" content=\"Estimated reading time\" \/>\n\t<meta name=\"twitter:data1\" content=\"1 minute\" \/>\n<script type=\"application\/ld+json\" class=\"yoast-schema-graph\">{\"@context\":\"https:\\\/\\\/schema.org\",\"@graph\":[{\"@type\":\"WebPage\",\"@id\":\"https:\\\/\\\/www.ebihal.hu\\\/shop\\\/mucsali\\\/gumicsali\\\/fanatik\\\/fanatik-classic\\\/classic-1-7\\\/fanatik-classic-17-ul-gumihal-005\\\/\",\"url\":\"https:\\\/\\\/www.ebihal.hu\\\/shop\\\/mucsali\\\/gumicsali\\\/fanatik\\\/fanatik-classic\\\/classic-1-7\\\/fanatik-classic-17-ul-gumihal-005\\\/\",\"name\":\"Fanatik Classic 1,7\\\" UL gumihal 005 - Ebihal\",\"isPartOf\":{\"@id\":\"https:\\\/\\\/www.ebihal.hu\\\/#website\"},\"primaryImageOfPage\":{\"@id\":\"https:\\\/\\\/www.ebihal.hu\\\/shop\\\/mucsali\\\/gumicsali\\\/fanatik\\\/fanatik-classic\\\/classic-1-7\\\/fanatik-classic-17-ul-gumihal-005\\\/#primaryimage\"},\"image\":{\"@id\":\"https:\\\/\\\/www.ebihal.hu\\\/shop\\\/mucsali\\\/gumicsali\\\/fanatik\\\/fanatik-classic\\\/classic-1-7\\\/fanatik-classic-17-ul-gumihal-005\\\/#primaryimage\"},\"thumbnailUrl\":\"https:\\\/\\\/www.ebihal.hu\\\/wp-content\\\/uploads\\\/2022\\\/08\\\/005.png\",\"datePublished\":\"2022-08-13T12:48:38+00:00\",\"dateModified\":\"2026-03-05T07:28:58+00:00\",\"description\":\"A Fanatik Classic csalik rendk\u00edv\u00fcl er\u0151s, rugalmas szilikonb\u00f3l k\u00e9sz\u00fclnek. A Classic csal\u00e1d legkisebb tagja igazi s\u00fcg\u00e9r- \u00e9s s\u00fcll\u0151m\u00e1gnes. 005 sz\u00ednk\u00f3d, 42 mm.\",\"breadcrumb\":{\"@id\":\"https:\\\/\\\/www.ebihal.hu\\\/shop\\\/mucsali\\\/gumicsali\\\/fanatik\\\/fanatik-classic\\\/classic-1-7\\\/fanatik-classic-17-ul-gumihal-005\\\/#breadcrumb\"},\"inLanguage\":\"en-GB\",\"potentialAction\":[{\"@type\":\"ReadAction\",\"target\":[\"https:\\\/\\\/www.ebihal.hu\\\/shop\\\/mucsali\\\/gumicsali\\\/fanatik\\\/fanatik-classic\\\/classic-1-7\\\/fanatik-classic-17-ul-gumihal-005\\\/\"]}]},{\"@type\":\"ImageObject\",\"inLanguage\":\"en-GB\",\"@id\":\"https:\\\/\\\/www.ebihal.hu\\\/shop\\\/mucsali\\\/gumicsali\\\/fanatik\\\/fanatik-classic\\\/classic-1-7\\\/fanatik-classic-17-ul-gumihal-005\\\/#primaryimage\",\"url\":\"https:\\\/\\\/www.ebihal.hu\\\/wp-content\\\/uploads\\\/2022\\\/08\\\/005.png\",\"contentUrl\":\"https:\\\/\\\/www.ebihal.hu\\\/wp-content\\\/uploads\\\/2022\\\/08\\\/005.png\",\"width\":800,\"height\":800,\"caption\":\"Fanatik Classic 005 gumihal\"},{\"@type\":\"BreadcrumbList\",\"@id\":\"https:\\\/\\\/www.ebihal.hu\\\/shop\\\/mucsali\\\/gumicsali\\\/fanatik\\\/fanatik-classic\\\/classic-1-7\\\/fanatik-classic-17-ul-gumihal-005\\\/#breadcrumb\",\"itemListElement\":[{\"@type\":\"ListItem\",\"position\":1,\"name\":\"Kezd\u0151lap\",\"item\":\"https:\\\/\\\/www.ebihal.hu\\\/\"},{\"@type\":\"ListItem\",\"position\":2,\"name\":\"M\u0171csali \u00e1ruh\u00e1z\",\"item\":\"https:\\\/\\\/www.ebihal.hu\\\/\"},{\"@type\":\"ListItem\",\"position\":3,\"name\":\"Fanatik Classic 1,7&#8243; UL gumihal 005\"}]},{\"@type\":\"WebSite\",\"@id\":\"https:\\\/\\\/www.ebihal.hu\\\/#website\",\"url\":\"https:\\\/\\\/www.ebihal.hu\\\/\",\"name\":\"Ebihal\",\"description\":\"Fish &amp; Jigs\",\"publisher\":{\"@id\":\"https:\\\/\\\/www.ebihal.hu\\\/#organization\"},\"potentialAction\":[{\"@type\":\"SearchAction\",\"target\":{\"@type\":\"EntryPoint\",\"urlTemplate\":\"https:\\\/\\\/www.ebihal.hu\\\/?s={search_term_string}\"},\"query-input\":{\"@type\":\"PropertyValueSpecification\",\"valueRequired\":true,\"valueName\":\"search_term_string\"}}],\"inLanguage\":\"en-GB\"},{\"@type\":\"Organization\",\"@id\":\"https:\\\/\\\/www.ebihal.hu\\\/#organization\",\"name\":\"Bir\u00f3 Csaba egy\u00e9ni v\u00e1llalkoz\u00f3\",\"url\":\"https:\\\/\\\/www.ebihal.hu\\\/\",\"logo\":{\"@type\":\"ImageObject\",\"inLanguage\":\"en-GB\",\"@id\":\"https:\\\/\\\/www.ebihal.hu\\\/#\\\/schema\\\/logo\\\/image\\\/\",\"url\":\"https:\\\/\\\/www.ebihal.hu\\\/wp-content\\\/uploads\\\/2021\\\/02\\\/brand_logo_mini.png\",\"contentUrl\":\"https:\\\/\\\/www.ebihal.hu\\\/wp-content\\\/uploads\\\/2021\\\/02\\\/brand_logo_mini.png\",\"width\":300,\"height\":300,\"caption\":\"Bir\u00f3 Csaba egy\u00e9ni v\u00e1llalkoz\u00f3\"},\"image\":{\"@id\":\"https:\\\/\\\/www.ebihal.hu\\\/#\\\/schema\\\/logo\\\/image\\\/\"},\"sameAs\":[\"https:\\\/\\\/www.facebook.com\\\/ebihal\"]}]}<\/script>\n<!-- \/ Yoast SEO plugin. -->","yoast_head_json":{"title":"Fanatik Classic 1,7\" UL gumihal 005 - Ebihal","description":"A Fanatik Classic csalik rendk\u00edv\u00fcl er\u0151s, rugalmas szilikonb\u00f3l k\u00e9sz\u00fclnek. A Classic csal\u00e1d legkisebb tagja igazi s\u00fcg\u00e9r- \u00e9s s\u00fcll\u0151m\u00e1gnes. 005 sz\u00ednk\u00f3d, 42 mm.","robots":{"index":"index","follow":"follow","max-snippet":"max-snippet:-1","max-image-preview":"max-image-preview:large","max-video-preview":"max-video-preview:-1"},"canonical":"https:\/\/www.ebihal.hu\/en\/shop\/mucsali\/gumicsali\/fanatik\/fanatik-classic\/classic-1-7\/fanatik-classic-17-ul-gumihal-005\/","og_locale":"en_GB","og_type":"article","og_title":"Fanatik Classic 1,7\" UL gumihal 005 - Ebihal","og_description":"A Fanatik Classic csalik rendk\u00edv\u00fcl er\u0151s, rugalmas szilikonb\u00f3l k\u00e9sz\u00fclnek. A Classic csal\u00e1d legkisebb tagja igazi s\u00fcg\u00e9r- \u00e9s s\u00fcll\u0151m\u00e1gnes. 005 sz\u00ednk\u00f3d, 42 mm.","og_url":"https:\/\/www.ebihal.hu\/en\/shop\/mucsali\/gumicsali\/fanatik\/fanatik-classic\/classic-1-7\/fanatik-classic-17-ul-gumihal-005\/","og_site_name":"Ebihal","article_publisher":"https:\/\/www.facebook.com\/ebihal","article_modified_time":"2026-03-05T07:28:58+00:00","og_image":[{"width":800,"height":800,"url":"https:\/\/www.ebihal.hu\/wp-content\/uploads\/2022\/08\/005.png","type":"image\/png"}],"twitter_card":"summary_large_image","twitter_misc":{"Estimated reading time":"1 minute"},"schema":{"@context":"https:\/\/schema.org","@graph":[{"@type":"WebPage","@id":"https:\/\/www.ebihal.hu\/shop\/mucsali\/gumicsali\/fanatik\/fanatik-classic\/classic-1-7\/fanatik-classic-17-ul-gumihal-005\/","url":"https:\/\/www.ebihal.hu\/shop\/mucsali\/gumicsali\/fanatik\/fanatik-classic\/classic-1-7\/fanatik-classic-17-ul-gumihal-005\/","name":"Fanatik Classic 1,7\" UL gumihal 005 - Ebihal","isPartOf":{"@id":"https:\/\/www.ebihal.hu\/#website"},"primaryImageOfPage":{"@id":"https:\/\/www.ebihal.hu\/shop\/mucsali\/gumicsali\/fanatik\/fanatik-classic\/classic-1-7\/fanatik-classic-17-ul-gumihal-005\/#primaryimage"},"image":{"@id":"https:\/\/www.ebihal.hu\/shop\/mucsali\/gumicsali\/fanatik\/fanatik-classic\/classic-1-7\/fanatik-classic-17-ul-gumihal-005\/#primaryimage"},"thumbnailUrl":"https:\/\/www.ebihal.hu\/wp-content\/uploads\/2022\/08\/005.png","datePublished":"2022-08-13T12:48:38+00:00","dateModified":"2026-03-05T07:28:58+00:00","description":"A Fanatik Classic csalik rendk\u00edv\u00fcl er\u0151s, rugalmas szilikonb\u00f3l k\u00e9sz\u00fclnek. A Classic csal\u00e1d legkisebb tagja igazi s\u00fcg\u00e9r- \u00e9s s\u00fcll\u0151m\u00e1gnes. 005 sz\u00ednk\u00f3d, 42 mm.","breadcrumb":{"@id":"https:\/\/www.ebihal.hu\/shop\/mucsali\/gumicsali\/fanatik\/fanatik-classic\/classic-1-7\/fanatik-classic-17-ul-gumihal-005\/#breadcrumb"},"inLanguage":"en-GB","potentialAction":[{"@type":"ReadAction","target":["https:\/\/www.ebihal.hu\/shop\/mucsali\/gumicsali\/fanatik\/fanatik-classic\/classic-1-7\/fanatik-classic-17-ul-gumihal-005\/"]}]},{"@type":"ImageObject","inLanguage":"en-GB","@id":"https:\/\/www.ebihal.hu\/shop\/mucsali\/gumicsali\/fanatik\/fanatik-classic\/classic-1-7\/fanatik-classic-17-ul-gumihal-005\/#primaryimage","url":"https:\/\/www.ebihal.hu\/wp-content\/uploads\/2022\/08\/005.png","contentUrl":"https:\/\/www.ebihal.hu\/wp-content\/uploads\/2022\/08\/005.png","width":800,"height":800,"caption":"Fanatik Classic 005 gumihal"},{"@type":"BreadcrumbList","@id":"https:\/\/www.ebihal.hu\/shop\/mucsali\/gumicsali\/fanatik\/fanatik-classic\/classic-1-7\/fanatik-classic-17-ul-gumihal-005\/#breadcrumb","itemListElement":[{"@type":"ListItem","position":1,"name":"Kezd\u0151lap","item":"https:\/\/www.ebihal.hu\/"},{"@type":"ListItem","position":2,"name":"M\u0171csali \u00e1ruh\u00e1z","item":"https:\/\/www.ebihal.hu\/"},{"@type":"ListItem","position":3,"name":"Fanatik Classic 1,7&#8243; UL gumihal 005"}]},{"@type":"WebSite","@id":"https:\/\/www.ebihal.hu\/#website","url":"https:\/\/www.ebihal.hu\/","name":"Ebihal","description":"Fish &amp; Jigs","publisher":{"@id":"https:\/\/www.ebihal.hu\/#organization"},"potentialAction":[{"@type":"SearchAction","target":{"@type":"EntryPoint","urlTemplate":"https:\/\/www.ebihal.hu\/?s={search_term_string}"},"query-input":{"@type":"PropertyValueSpecification","valueRequired":true,"valueName":"search_term_string"}}],"inLanguage":"en-GB"},{"@type":"Organization","@id":"https:\/\/www.ebihal.hu\/#organization","name":"Bir\u00f3 Csaba egy\u00e9ni v\u00e1llalkoz\u00f3","url":"https:\/\/www.ebihal.hu\/","logo":{"@type":"ImageObject","inLanguage":"en-GB","@id":"https:\/\/www.ebihal.hu\/#\/schema\/logo\/image\/","url":"https:\/\/www.ebihal.hu\/wp-content\/uploads\/2021\/02\/brand_logo_mini.png","contentUrl":"https:\/\/www.ebihal.hu\/wp-content\/uploads\/2021\/02\/brand_logo_mini.png","width":300,"height":300,"caption":"Bir\u00f3 Csaba egy\u00e9ni v\u00e1llalkoz\u00f3"},"image":{"@id":"https:\/\/www.ebihal.hu\/#\/schema\/logo\/image\/"},"sameAs":["https:\/\/www.facebook.com\/ebihal"]}]}},"_links":{"self":[{"href":"https:\/\/www.ebihal.hu\/en\/wp-json\/wp\/v2\/product\/7832","targetHints":{"allow":["GET"]}}],"collection":[{"href":"https:\/\/www.ebihal.hu\/en\/wp-json\/wp\/v2\/product"}],"about":[{"href":"https:\/\/www.ebihal.hu\/en\/wp-json\/wp\/v2\/types\/product"}],"replies":[{"embeddable":true,"href":"https:\/\/www.ebihal.hu\/en\/wp-json\/wp\/v2\/comments?post=7832"}],"wp:featuredmedia":[{"embeddable":true,"href":"https:\/\/www.ebihal.hu\/en\/wp-json\/wp\/v2\/media\/7833"}],"wp:attachment":[{"href":"https:\/\/www.ebihal.hu\/en\/wp-json\/wp\/v2\/media?parent=7832"}],"wp:term":[{"taxonomy":"product_cat","embeddable":true,"href":"https:\/\/www.ebihal.hu\/en\/wp-json\/wp\/v2\/product_cat?post=7832"},{"taxonomy":"product_tag","embeddable":true,"href":"https:\/\/www.ebihal.hu\/en\/wp-json\/wp\/v2\/product_tag?post=7832"}],"curies":[{"name":"wp","href":"https:\/\/api.w.org\/{rel}","templated":true}]}}