{"id":7722,"date":"2022-06-28T19:13:41","date_gmt":"2022-06-28T18:13:41","guid":{"rendered":"https:\/\/www.ebihal.hu\/?post_type=product&#038;p=7722"},"modified":"2025-12-08T08:55:50","modified_gmt":"2025-12-08T07:55:50","slug":"m5-craft-radiator-2-gumicsali-021","status":"publish","type":"product","link":"https:\/\/www.ebihal.hu\/en\/shop\/mucsali\/gumicsali\/m5-craft\/radiator\/m5-craft-radiator-2-gumicsali-021\/","title":{"rendered":"M5 Craft Radiator 2&#8243; gumicsali 021"},"content":{"rendered":"<p>Az ukr\u00e1n M5 Craft Radiator csalij\u00e1t kifejezetten csuk\u00e1k becserk\u00e9sz\u00e9sre tervezt\u00e9k sek\u00e9ly v\u00edzben t\u00f6rt\u00e9n\u0151 horg\u00e1szatra, part menti, ben\u0151tt v\u00edzfel\u00fcletekre, \u00e9s olyan k\u00f6r\u00fclm\u00e9nyek k\u00f6z\u00e9, ahol a csalit hosszabb sz\u00fcnetekkel vezetj\u00fck. A gyakorlatban a Radiator egyform\u00e1n j\u00f3 v\u00e1laszt\u00e1snak bizonyult k\u00f6zepes m\u00e9ret\u0171 csuka- \u00e9s s\u00fcll\u0151 horg\u00e1szat\u00e1ra.<br \/>\nHazai vizeken kifejezetten j\u00f3l teljes\u00edtett <strong>drop-shotos<\/strong> szerel\u00e9ken is, s\u00fcll\u0151re, k\u0151s\u00fcll\u0151re, s\u00fcg\u00e9rre val\u00f3 horg\u00e1szatkor.<\/p>\n<p>50 mm hossz\u00fa, 7 db\/csomag, Violet sz\u00edn, \u00edzes\u00edtett, 021 sz\u00ednk\u00f3d.<\/p>\n<h4>Additional information<\/h4>\n<table class=\"woocommerce-product-attributes shop_attributes\" aria-label=\"Product Details\" data-no-translation-aria-label=\"\">\n\t\t\t<tr class=\"woocommerce-product-attributes-item woocommerce-product-attributes-item--attribute_pa_brand\">\n\t\t\t<th class=\"woocommerce-product-attributes-item__label\" scope=\"row\">Brand<\/th>\n\t\t\t<td class=\"woocommerce-product-attributes-item__value\"><p>M5 Craft<\/p>\n<\/td>\n\t\t<\/tr>\n\t\t\t<tr class=\"woocommerce-product-attributes-item woocommerce-product-attributes-item--attribute_pa_color\">\n\t\t\t<th class=\"woocommerce-product-attributes-item__label\" scope=\"row\">Color<\/th>\n\t\t\t<td class=\"woocommerce-product-attributes-item__value\"><p>Violet<\/p>\n<\/td>\n\t\t<\/tr>\n\t\t\t<tr class=\"woocommerce-product-attributes-item woocommerce-product-attributes-item--attribute_pa_szinkod\">\n\t\t\t<th class=\"woocommerce-product-attributes-item__label\" scope=\"row\">Color code<\/th>\n\t\t\t<td class=\"woocommerce-product-attributes-item__value\"><p>021<\/p>\n<\/td>\n\t\t<\/tr>\n\t\t\t<tr class=\"woocommerce-product-attributes-item woocommerce-product-attributes-item--attribute_pa_madein\">\n\t\t\t<th class=\"woocommerce-product-attributes-item__label\" scope=\"row\">Country of origin<\/th>\n\t\t\t<td class=\"woocommerce-product-attributes-item__value\"><p>Ukrajna<\/p>\n<\/td>\n\t\t<\/tr>\n\t\t\t<tr class=\"woocommerce-product-attributes-item woocommerce-product-attributes-item--attribute_pa_kiszereles\">\n\t\t\t<th class=\"woocommerce-product-attributes-item__label\" scope=\"row\">Packaging<\/th>\n\t\t\t<td class=\"woocommerce-product-attributes-item__value\"><p>1 plastic bag<\/p>\n<\/td>\n\t\t<\/tr>\n\t\t\t<tr class=\"woocommerce-product-attributes-item woocommerce-product-attributes-item--attribute_pa_izesites\">\n\t\t\t<th class=\"woocommerce-product-attributes-item__label\" scope=\"row\">\u00cdzes\u00edt\u00e9s<\/th>\n\t\t\t<td class=\"woocommerce-product-attributes-item__value\"><p>Lazac<\/p>\n<\/td>\n\t\t<\/tr>\n\t<\/table>","protected":false},"excerpt":{"rendered":"<p>Az ukr\u00e1n M5 Craft Radiator csalij\u00e1t kifejezetten csuk\u00e1k becserk\u00e9sz\u00e9sre tervezt\u00e9k sek\u00e9ly v\u00edzben t\u00f6rt\u00e9n\u0151 horg\u00e1szatra, part menti, ben\u0151tt v\u00edzfel\u00fcletekre, \u00e9s olyan k\u00f6r\u00fclm\u00e9nyek k\u00f6z\u00e9, ahol a csalit hosszabb sz\u00fcnetekkel vezetj\u00fck. A gyakorlatban a Radiator egyform\u00e1n j\u00f3 v\u00e1laszt\u00e1snak bizonyult k\u00f6zepes m\u00e9ret\u0171 csuka- \u00e9s s\u00fcll\u0151 horg\u00e1szat\u00e1ra. Hazai vizeken kifejezetten j\u00f3l teljes\u00edtett drop-shotos szerel\u00e9ken is,&hellip; <\/p>","protected":false},"featured_media":7723,"comment_status":"open","ping_status":"closed","template":"","meta":[],"product_cat":[74,1418,40,1538,605],"product_tag":[147,339,814,1421,1539,821,241,146,373],"class_list":{"0":"post-7722","1":"product","2":"type-product","3":"status-publish","4":"has-post-thumbnail","6":"product_brand-m5-craft","7":"product_cat-gumicsali","8":"product_cat-m5-craft","9":"product_cat-mucsali","10":"product_cat-radiator","11":"product_cat-ujdonsagok","12":"product_tag-csuka","13":"product_tag-kosullo","14":"product_tag-l","15":"product_tag-m5-craft","16":"product_tag-radiator","17":"product_tag-rak","18":"product_tag-suger","19":"product_tag-sullo","20":"product_tag-ul","22":"first","23":"instock","24":"shipping-taxable","25":"purchasable","26":"product-type-simple"},"supplier_id":null,"supplier_sku":"","barcode":null,"atum_controlled":true,"out_stock_date":null,"out_stock_threshold":null,"inheritable":false,"inbound_stock":0,"stock_on_hold":0,"sold_today":0,"sales_last_days":0,"reserved_stock":0,"customer_returns":0,"warehouse_damage":0,"lost_in_post":0,"other_logs":0,"out_stock_days":0,"lost_sales":0,"has_location":false,"update_date":"2026-04-15T00:30:59","atum_locations":[],"atum_stock_status":"instock","restock_status":false,"low_stock_amount":"","sales_update_date":"2026-04-15T00:30:59","calc_backorders":null,"yoast_head":"<!-- This site is optimized with the Yoast SEO plugin v27.4 - https:\/\/yoast.com\/product\/yoast-seo-wordpress\/ -->\n<title>M5 Craft Radiator 2&quot; gumicsali 021 - Ebihal<\/title>\n<meta name=\"description\" content=\"Az M5 Craft Radiator gumicsalij\u00e1t kifejezetten csuk\u00e1k becserk\u00e9sz\u00e9sre tervezt\u00e9k, de j\u00f3 v\u00e1laszt\u00e1s s\u00fcll\u0151re is. 021\" \/>\n<meta name=\"robots\" content=\"index, follow, max-snippet:-1, max-image-preview:large, max-video-preview:-1\" \/>\n<link rel=\"canonical\" href=\"https:\/\/www.ebihal.hu\/en\/shop\/mucsali\/gumicsali\/m5-craft\/radiator\/m5-craft-radiator-2-gumicsali-021\/\" \/>\n<meta property=\"og:locale\" content=\"en_GB\" \/>\n<meta property=\"og:type\" content=\"article\" \/>\n<meta property=\"og:title\" content=\"M5 Craft Radiator 2&quot; gumicsali 021 - Ebihal\" \/>\n<meta property=\"og:description\" content=\"Az M5 Craft Radiator gumicsalij\u00e1t kifejezetten csuk\u00e1k becserk\u00e9sz\u00e9sre tervezt\u00e9k, de j\u00f3 v\u00e1laszt\u00e1s s\u00fcll\u0151re is. 021\" \/>\n<meta property=\"og:url\" content=\"https:\/\/www.ebihal.hu\/en\/shop\/mucsali\/gumicsali\/m5-craft\/radiator\/m5-craft-radiator-2-gumicsali-021\/\" \/>\n<meta property=\"og:site_name\" content=\"Ebihal\" \/>\n<meta property=\"article:publisher\" content=\"https:\/\/www.facebook.com\/ebihal\" \/>\n<meta property=\"article:modified_time\" content=\"2025-12-08T07:55:50+00:00\" \/>\n<meta property=\"og:image\" content=\"https:\/\/www.ebihal.hu\/wp-content\/uploads\/2022\/06\/21-2.jpg\" \/>\n\t<meta property=\"og:image:width\" content=\"600\" \/>\n\t<meta property=\"og:image:height\" content=\"600\" \/>\n\t<meta property=\"og:image:type\" content=\"image\/jpeg\" \/>\n<meta name=\"twitter:card\" content=\"summary_large_image\" \/>\n<meta name=\"twitter:label1\" content=\"Estimated reading time\" \/>\n\t<meta name=\"twitter:data1\" content=\"1 minute\" \/>\n<script type=\"application\/ld+json\" class=\"yoast-schema-graph\">{\"@context\":\"https:\\\/\\\/schema.org\",\"@graph\":[{\"@type\":\"WebPage\",\"@id\":\"https:\\\/\\\/www.ebihal.hu\\\/shop\\\/mucsali\\\/gumicsali\\\/m5-craft\\\/radiator\\\/m5-craft-radiator-2-gumicsali-021\\\/\",\"url\":\"https:\\\/\\\/www.ebihal.hu\\\/shop\\\/mucsali\\\/gumicsali\\\/m5-craft\\\/radiator\\\/m5-craft-radiator-2-gumicsali-021\\\/\",\"name\":\"M5 Craft Radiator 2\\\" gumicsali 021 - Ebihal\",\"isPartOf\":{\"@id\":\"https:\\\/\\\/www.ebihal.hu\\\/#website\"},\"primaryImageOfPage\":{\"@id\":\"https:\\\/\\\/www.ebihal.hu\\\/shop\\\/mucsali\\\/gumicsali\\\/m5-craft\\\/radiator\\\/m5-craft-radiator-2-gumicsali-021\\\/#primaryimage\"},\"image\":{\"@id\":\"https:\\\/\\\/www.ebihal.hu\\\/shop\\\/mucsali\\\/gumicsali\\\/m5-craft\\\/radiator\\\/m5-craft-radiator-2-gumicsali-021\\\/#primaryimage\"},\"thumbnailUrl\":\"https:\\\/\\\/www.ebihal.hu\\\/wp-content\\\/uploads\\\/2022\\\/06\\\/21-2.jpg\",\"datePublished\":\"2022-06-28T18:13:41+00:00\",\"dateModified\":\"2025-12-08T07:55:50+00:00\",\"description\":\"Az M5 Craft Radiator gumicsalij\u00e1t kifejezetten csuk\u00e1k becserk\u00e9sz\u00e9sre tervezt\u00e9k, de j\u00f3 v\u00e1laszt\u00e1s s\u00fcll\u0151re is. 021\",\"breadcrumb\":{\"@id\":\"https:\\\/\\\/www.ebihal.hu\\\/shop\\\/mucsali\\\/gumicsali\\\/m5-craft\\\/radiator\\\/m5-craft-radiator-2-gumicsali-021\\\/#breadcrumb\"},\"inLanguage\":\"en-GB\",\"potentialAction\":[{\"@type\":\"ReadAction\",\"target\":[\"https:\\\/\\\/www.ebihal.hu\\\/shop\\\/mucsali\\\/gumicsali\\\/m5-craft\\\/radiator\\\/m5-craft-radiator-2-gumicsali-021\\\/\"]}]},{\"@type\":\"ImageObject\",\"inLanguage\":\"en-GB\",\"@id\":\"https:\\\/\\\/www.ebihal.hu\\\/shop\\\/mucsali\\\/gumicsali\\\/m5-craft\\\/radiator\\\/m5-craft-radiator-2-gumicsali-021\\\/#primaryimage\",\"url\":\"https:\\\/\\\/www.ebihal.hu\\\/wp-content\\\/uploads\\\/2022\\\/06\\\/21-2.jpg\",\"contentUrl\":\"https:\\\/\\\/www.ebihal.hu\\\/wp-content\\\/uploads\\\/2022\\\/06\\\/21-2.jpg\",\"width\":600,\"height\":600,\"caption\":\"M5 Craft Radiator 2\\\" 021\"},{\"@type\":\"BreadcrumbList\",\"@id\":\"https:\\\/\\\/www.ebihal.hu\\\/shop\\\/mucsali\\\/gumicsali\\\/m5-craft\\\/radiator\\\/m5-craft-radiator-2-gumicsali-021\\\/#breadcrumb\",\"itemListElement\":[{\"@type\":\"ListItem\",\"position\":1,\"name\":\"Kezd\u0151lap\",\"item\":\"https:\\\/\\\/www.ebihal.hu\\\/\"},{\"@type\":\"ListItem\",\"position\":2,\"name\":\"M\u0171csali \u00e1ruh\u00e1z\",\"item\":\"https:\\\/\\\/www.ebihal.hu\\\/\"},{\"@type\":\"ListItem\",\"position\":3,\"name\":\"M5 Craft Radiator 2&#8243; gumicsali 021\"}]},{\"@type\":\"WebSite\",\"@id\":\"https:\\\/\\\/www.ebihal.hu\\\/#website\",\"url\":\"https:\\\/\\\/www.ebihal.hu\\\/\",\"name\":\"Ebihal\",\"description\":\"Fish &amp; Jigs\",\"publisher\":{\"@id\":\"https:\\\/\\\/www.ebihal.hu\\\/#organization\"},\"potentialAction\":[{\"@type\":\"SearchAction\",\"target\":{\"@type\":\"EntryPoint\",\"urlTemplate\":\"https:\\\/\\\/www.ebihal.hu\\\/?s={search_term_string}\"},\"query-input\":{\"@type\":\"PropertyValueSpecification\",\"valueRequired\":true,\"valueName\":\"search_term_string\"}}],\"inLanguage\":\"en-GB\"},{\"@type\":\"Organization\",\"@id\":\"https:\\\/\\\/www.ebihal.hu\\\/#organization\",\"name\":\"Bir\u00f3 Csaba egy\u00e9ni v\u00e1llalkoz\u00f3\",\"url\":\"https:\\\/\\\/www.ebihal.hu\\\/\",\"logo\":{\"@type\":\"ImageObject\",\"inLanguage\":\"en-GB\",\"@id\":\"https:\\\/\\\/www.ebihal.hu\\\/#\\\/schema\\\/logo\\\/image\\\/\",\"url\":\"https:\\\/\\\/www.ebihal.hu\\\/wp-content\\\/uploads\\\/2021\\\/02\\\/brand_logo_mini.png\",\"contentUrl\":\"https:\\\/\\\/www.ebihal.hu\\\/wp-content\\\/uploads\\\/2021\\\/02\\\/brand_logo_mini.png\",\"width\":300,\"height\":300,\"caption\":\"Bir\u00f3 Csaba egy\u00e9ni v\u00e1llalkoz\u00f3\"},\"image\":{\"@id\":\"https:\\\/\\\/www.ebihal.hu\\\/#\\\/schema\\\/logo\\\/image\\\/\"},\"sameAs\":[\"https:\\\/\\\/www.facebook.com\\\/ebihal\"]}]}<\/script>\n<!-- \/ Yoast SEO plugin. -->","yoast_head_json":{"title":"M5 Craft Radiator 2\" gumicsali 021 - Ebihal","description":"Az M5 Craft Radiator gumicsalij\u00e1t kifejezetten csuk\u00e1k becserk\u00e9sz\u00e9sre tervezt\u00e9k, de j\u00f3 v\u00e1laszt\u00e1s s\u00fcll\u0151re is. 021","robots":{"index":"index","follow":"follow","max-snippet":"max-snippet:-1","max-image-preview":"max-image-preview:large","max-video-preview":"max-video-preview:-1"},"canonical":"https:\/\/www.ebihal.hu\/en\/shop\/mucsali\/gumicsali\/m5-craft\/radiator\/m5-craft-radiator-2-gumicsali-021\/","og_locale":"en_GB","og_type":"article","og_title":"M5 Craft Radiator 2\" gumicsali 021 - Ebihal","og_description":"Az M5 Craft Radiator gumicsalij\u00e1t kifejezetten csuk\u00e1k becserk\u00e9sz\u00e9sre tervezt\u00e9k, de j\u00f3 v\u00e1laszt\u00e1s s\u00fcll\u0151re is. 021","og_url":"https:\/\/www.ebihal.hu\/en\/shop\/mucsali\/gumicsali\/m5-craft\/radiator\/m5-craft-radiator-2-gumicsali-021\/","og_site_name":"Ebihal","article_publisher":"https:\/\/www.facebook.com\/ebihal","article_modified_time":"2025-12-08T07:55:50+00:00","og_image":[{"width":600,"height":600,"url":"https:\/\/www.ebihal.hu\/wp-content\/uploads\/2022\/06\/21-2.jpg","type":"image\/jpeg"}],"twitter_card":"summary_large_image","twitter_misc":{"Estimated reading time":"1 minute"},"schema":{"@context":"https:\/\/schema.org","@graph":[{"@type":"WebPage","@id":"https:\/\/www.ebihal.hu\/shop\/mucsali\/gumicsali\/m5-craft\/radiator\/m5-craft-radiator-2-gumicsali-021\/","url":"https:\/\/www.ebihal.hu\/shop\/mucsali\/gumicsali\/m5-craft\/radiator\/m5-craft-radiator-2-gumicsali-021\/","name":"M5 Craft Radiator 2\" gumicsali 021 - Ebihal","isPartOf":{"@id":"https:\/\/www.ebihal.hu\/#website"},"primaryImageOfPage":{"@id":"https:\/\/www.ebihal.hu\/shop\/mucsali\/gumicsali\/m5-craft\/radiator\/m5-craft-radiator-2-gumicsali-021\/#primaryimage"},"image":{"@id":"https:\/\/www.ebihal.hu\/shop\/mucsali\/gumicsali\/m5-craft\/radiator\/m5-craft-radiator-2-gumicsali-021\/#primaryimage"},"thumbnailUrl":"https:\/\/www.ebihal.hu\/wp-content\/uploads\/2022\/06\/21-2.jpg","datePublished":"2022-06-28T18:13:41+00:00","dateModified":"2025-12-08T07:55:50+00:00","description":"Az M5 Craft Radiator gumicsalij\u00e1t kifejezetten csuk\u00e1k becserk\u00e9sz\u00e9sre tervezt\u00e9k, de j\u00f3 v\u00e1laszt\u00e1s s\u00fcll\u0151re is. 021","breadcrumb":{"@id":"https:\/\/www.ebihal.hu\/shop\/mucsali\/gumicsali\/m5-craft\/radiator\/m5-craft-radiator-2-gumicsali-021\/#breadcrumb"},"inLanguage":"en-GB","potentialAction":[{"@type":"ReadAction","target":["https:\/\/www.ebihal.hu\/shop\/mucsali\/gumicsali\/m5-craft\/radiator\/m5-craft-radiator-2-gumicsali-021\/"]}]},{"@type":"ImageObject","inLanguage":"en-GB","@id":"https:\/\/www.ebihal.hu\/shop\/mucsali\/gumicsali\/m5-craft\/radiator\/m5-craft-radiator-2-gumicsali-021\/#primaryimage","url":"https:\/\/www.ebihal.hu\/wp-content\/uploads\/2022\/06\/21-2.jpg","contentUrl":"https:\/\/www.ebihal.hu\/wp-content\/uploads\/2022\/06\/21-2.jpg","width":600,"height":600,"caption":"M5 Craft Radiator 2\" 021"},{"@type":"BreadcrumbList","@id":"https:\/\/www.ebihal.hu\/shop\/mucsali\/gumicsali\/m5-craft\/radiator\/m5-craft-radiator-2-gumicsali-021\/#breadcrumb","itemListElement":[{"@type":"ListItem","position":1,"name":"Kezd\u0151lap","item":"https:\/\/www.ebihal.hu\/"},{"@type":"ListItem","position":2,"name":"M\u0171csali \u00e1ruh\u00e1z","item":"https:\/\/www.ebihal.hu\/"},{"@type":"ListItem","position":3,"name":"M5 Craft Radiator 2&#8243; gumicsali 021"}]},{"@type":"WebSite","@id":"https:\/\/www.ebihal.hu\/#website","url":"https:\/\/www.ebihal.hu\/","name":"Ebihal","description":"Fish &amp; Jigs","publisher":{"@id":"https:\/\/www.ebihal.hu\/#organization"},"potentialAction":[{"@type":"SearchAction","target":{"@type":"EntryPoint","urlTemplate":"https:\/\/www.ebihal.hu\/?s={search_term_string}"},"query-input":{"@type":"PropertyValueSpecification","valueRequired":true,"valueName":"search_term_string"}}],"inLanguage":"en-GB"},{"@type":"Organization","@id":"https:\/\/www.ebihal.hu\/#organization","name":"Bir\u00f3 Csaba egy\u00e9ni v\u00e1llalkoz\u00f3","url":"https:\/\/www.ebihal.hu\/","logo":{"@type":"ImageObject","inLanguage":"en-GB","@id":"https:\/\/www.ebihal.hu\/#\/schema\/logo\/image\/","url":"https:\/\/www.ebihal.hu\/wp-content\/uploads\/2021\/02\/brand_logo_mini.png","contentUrl":"https:\/\/www.ebihal.hu\/wp-content\/uploads\/2021\/02\/brand_logo_mini.png","width":300,"height":300,"caption":"Bir\u00f3 Csaba egy\u00e9ni v\u00e1llalkoz\u00f3"},"image":{"@id":"https:\/\/www.ebihal.hu\/#\/schema\/logo\/image\/"},"sameAs":["https:\/\/www.facebook.com\/ebihal"]}]}},"_links":{"self":[{"href":"https:\/\/www.ebihal.hu\/en\/wp-json\/wp\/v2\/product\/7722","targetHints":{"allow":["GET"]}}],"collection":[{"href":"https:\/\/www.ebihal.hu\/en\/wp-json\/wp\/v2\/product"}],"about":[{"href":"https:\/\/www.ebihal.hu\/en\/wp-json\/wp\/v2\/types\/product"}],"replies":[{"embeddable":true,"href":"https:\/\/www.ebihal.hu\/en\/wp-json\/wp\/v2\/comments?post=7722"}],"wp:featuredmedia":[{"embeddable":true,"href":"https:\/\/www.ebihal.hu\/en\/wp-json\/wp\/v2\/media\/7723"}],"wp:attachment":[{"href":"https:\/\/www.ebihal.hu\/en\/wp-json\/wp\/v2\/media?parent=7722"}],"wp:term":[{"taxonomy":"product_cat","embeddable":true,"href":"https:\/\/www.ebihal.hu\/en\/wp-json\/wp\/v2\/product_cat?post=7722"},{"taxonomy":"product_tag","embeddable":true,"href":"https:\/\/www.ebihal.hu\/en\/wp-json\/wp\/v2\/product_tag?post=7722"}],"curies":[{"name":"wp","href":"https:\/\/api.w.org\/{rel}","templated":true}]}}