{"id":7639,"date":"2022-06-27T21:02:40","date_gmt":"2022-06-27T20:02:40","guid":{"rendered":"https:\/\/www.ebihal.hu\/?post_type=product&#038;p=7639"},"modified":"2025-04-18T09:57:30","modified_gmt":"2025-04-18T08:57:30","slug":"m5-craft-chubby-shad-2-2-gumihal-042","status":"publish","type":"product","link":"https:\/\/www.ebihal.hu\/en\/shop\/mucsali\/gumicsali\/m5-craft\/chubby-shad\/chubby-shad-2-2\/m5-craft-chubby-shad-2-2-gumihal-042\/","title":{"rendered":"M5 Craft Chubby Shad 2.2&#8243; gumihal 042"},"content":{"rendered":"<p>Az ukr\u00e1n M5 Craft m\u0171hely legn\u00e9pszer\u0171bb gumihala, a Chubby Shad ebben a m\u00e9retben els\u0151sorban a s\u00fcll\u0151, k\u0151s\u00fcll\u0151, s\u00fcg\u00e9r horg\u00e1szatakor lehet igen eredm\u00e9nyes.<\/p>\n<p>K\u00fcl\u00f6nleges testfel\u00e9p\u00edt\u00e9s\u00e9nek, nem szokv\u00e1nyos helyzet\u0171-ir\u00e1ny\u00fa bord\u00e1zat\u00e1nak k\u00f6sz\u00f6nhet\u0151en er\u0151s rezg\u00e9seket kelt a v\u00edzben. A legkisebb ejt\u00e9skor sem esik ki a ritmusb\u00f3l, faroklap\u00e1tja intenz\u00edven veret, mik\u00f6zben mozg\u00e1sba hozza\u00a0 a faroknyelet is. Massz\u00edv gumib\u00f3l k\u00e9sz\u00fcl, a felt\u0171z\u00f6tt horog sok\u00e1ig tart.<\/p>\n<p>55 mm hossz\u00fa, 7 db\/csomag, arom\u00e1s\u00edtott, 042 sz\u00ednk\u00f3d.<\/p>\n<h4>Additional information<\/h4>\n<table class=\"woocommerce-product-attributes shop_attributes\" aria-label=\"Product Details\" data-no-translation-aria-label=\"\">\n\t\t\t<tr class=\"woocommerce-product-attributes-item woocommerce-product-attributes-item--attribute_pa_brand\">\n\t\t\t<th class=\"woocommerce-product-attributes-item__label\" scope=\"row\">Brand<\/th>\n\t\t\t<td class=\"woocommerce-product-attributes-item__value\"><p>M5 Craft<\/p>\n<\/td>\n\t\t<\/tr>\n\t\t\t<tr class=\"woocommerce-product-attributes-item woocommerce-product-attributes-item--attribute_pa_szinkod\">\n\t\t\t<th class=\"woocommerce-product-attributes-item__label\" scope=\"row\">Color code<\/th>\n\t\t\t<td class=\"woocommerce-product-attributes-item__value\"><p>042<\/p>\n<\/td>\n\t\t<\/tr>\n\t\t\t<tr class=\"woocommerce-product-attributes-item woocommerce-product-attributes-item--attribute_pa_meret\">\n\t\t\t<th class=\"woocommerce-product-attributes-item__label\" scope=\"row\">Size<\/th>\n\t\t\t<td class=\"woocommerce-product-attributes-item__value\"><p>55 mm<\/p>\n<\/td>\n\t\t<\/tr>\n\t\t\t<tr class=\"woocommerce-product-attributes-item woocommerce-product-attributes-item--attribute_pa_madein\">\n\t\t\t<th class=\"woocommerce-product-attributes-item__label\" scope=\"row\">Country of origin<\/th>\n\t\t\t<td class=\"woocommerce-product-attributes-item__value\"><p>Ukrajna<\/p>\n<\/td>\n\t\t<\/tr>\n\t\t\t<tr class=\"woocommerce-product-attributes-item woocommerce-product-attributes-item--attribute_pa_kiszereles\">\n\t\t\t<th class=\"woocommerce-product-attributes-item__label\" scope=\"row\">Packaging<\/th>\n\t\t\t<td class=\"woocommerce-product-attributes-item__value\"><p>1 plastic bag<\/p>\n<\/td>\n\t\t<\/tr>\n\t<\/table>","protected":false},"excerpt":{"rendered":"<p>Az ukr\u00e1n M5 Craft m\u0171hely legn\u00e9pszer\u0171bb gumihala, a Chubby Shad ebben a m\u00e9retben els\u0151sorban a s\u00fcll\u0151, k\u0151s\u00fcll\u0151, s\u00fcg\u00e9r horg\u00e1szatakor lehet igen eredm\u00e9nyes. K\u00fcl\u00f6nleges testfel\u00e9p\u00edt\u00e9s\u00e9nek, nem szokv\u00e1nyos helyzet\u0171-ir\u00e1ny\u00fa bord\u00e1zat\u00e1nak k\u00f6sz\u00f6nhet\u0151en er\u0151s rezg\u00e9seket kelt a v\u00edzben. A legkisebb ejt\u00e9skor sem esik ki a ritmusb\u00f3l, faroklap\u00e1tja intenz\u00edven veret, mik\u00f6zben mozg\u00e1sba hozza\u00a0 a faroknyelet&hellip; <\/p>","protected":false},"featured_media":7640,"comment_status":"open","ping_status":"closed","template":"","meta":[],"product_cat":[1526,1527,74,1418,40,605],"product_tag":[1529,818,339,814,1421,241,146,373],"class_list":{"0":"post-7639","1":"product","2":"type-product","3":"status-publish","4":"has-post-thumbnail","6":"product_brand-m5-craft","7":"product_cat-chubby-shad","8":"product_cat-chubby-shad-2-2","9":"product_cat-gumicsali","10":"product_cat-m5-craft","11":"product_cat-mucsali","12":"product_cat-ujdonsagok","13":"product_tag-chubby-shad","14":"product_tag-gumihal","15":"product_tag-kosullo","16":"product_tag-l","17":"product_tag-m5-craft","18":"product_tag-suger","19":"product_tag-sullo","20":"product_tag-ul","22":"first","23":"instock","24":"shipping-taxable","25":"purchasable","26":"product-type-simple"},"supplier_id":null,"supplier_sku":"","barcode":null,"atum_controlled":true,"out_stock_date":null,"out_stock_threshold":null,"inheritable":false,"inbound_stock":0,"stock_on_hold":0,"sold_today":0,"sales_last_days":0,"reserved_stock":0,"customer_returns":0,"warehouse_damage":0,"lost_in_post":0,"other_logs":0,"out_stock_days":0,"lost_sales":0,"has_location":false,"update_date":"2026-04-15T00:32:32","atum_locations":[],"atum_stock_status":"instock","restock_status":false,"low_stock_amount":"","sales_update_date":"2026-04-15T00:32:32","calc_backorders":null,"yoast_head":"<!-- This site is optimized with the Yoast SEO plugin v27.4 - https:\/\/yoast.com\/product\/yoast-seo-wordpress\/ -->\n<title>M5 Craft Chubby Shad 2.2&quot; gumihal 042 - Ebihal<\/title>\n<meta name=\"description\" content=\"Az ukr\u00e1n M5 Craft m\u0171hely legn\u00e9pszer\u0171bb gumihala, a Chubby Shad ebben a m\u00e9retben els\u0151sorban s\u00fcll\u0151re, k\u0151s\u00fcll\u0151re, s\u00fcg\u00e9rre eredm\u00e9nyes. 042\" \/>\n<meta name=\"robots\" content=\"index, follow, max-snippet:-1, max-image-preview:large, max-video-preview:-1\" \/>\n<link rel=\"canonical\" href=\"https:\/\/www.ebihal.hu\/en\/shop\/mucsali\/gumicsali\/m5-craft\/chubby-shad\/chubby-shad-2-2\/m5-craft-chubby-shad-2-2-gumihal-042\/\" \/>\n<meta property=\"og:locale\" content=\"en_GB\" \/>\n<meta property=\"og:type\" content=\"article\" \/>\n<meta property=\"og:title\" content=\"M5 Craft Chubby Shad 2.2&quot; gumihal 042 - Ebihal\" \/>\n<meta property=\"og:description\" content=\"Az ukr\u00e1n M5 Craft m\u0171hely legn\u00e9pszer\u0171bb gumihala, a Chubby Shad ebben a m\u00e9retben els\u0151sorban s\u00fcll\u0151re, k\u0151s\u00fcll\u0151re, s\u00fcg\u00e9rre eredm\u00e9nyes. 042\" \/>\n<meta property=\"og:url\" content=\"https:\/\/www.ebihal.hu\/en\/shop\/mucsali\/gumicsali\/m5-craft\/chubby-shad\/chubby-shad-2-2\/m5-craft-chubby-shad-2-2-gumihal-042\/\" \/>\n<meta property=\"og:site_name\" content=\"Ebihal\" \/>\n<meta property=\"article:publisher\" content=\"https:\/\/www.facebook.com\/ebihal\" \/>\n<meta property=\"article:modified_time\" content=\"2025-04-18T08:57:30+00:00\" \/>\n<meta property=\"og:image\" content=\"https:\/\/www.ebihal.hu\/wp-content\/uploads\/2022\/06\/42.jpg\" \/>\n\t<meta property=\"og:image:width\" content=\"600\" \/>\n\t<meta property=\"og:image:height\" content=\"600\" \/>\n\t<meta property=\"og:image:type\" content=\"image\/jpeg\" \/>\n<meta name=\"twitter:card\" content=\"summary_large_image\" \/>\n<meta name=\"twitter:label1\" content=\"Estimated reading time\" \/>\n\t<meta name=\"twitter:data1\" content=\"1 minute\" \/>\n<script type=\"application\/ld+json\" class=\"yoast-schema-graph\">{\"@context\":\"https:\\\/\\\/schema.org\",\"@graph\":[{\"@type\":\"WebPage\",\"@id\":\"https:\\\/\\\/www.ebihal.hu\\\/shop\\\/mucsali\\\/gumicsali\\\/m5-craft\\\/chubby-shad\\\/chubby-shad-2-2\\\/m5-craft-chubby-shad-2-2-gumihal-042\\\/\",\"url\":\"https:\\\/\\\/www.ebihal.hu\\\/shop\\\/mucsali\\\/gumicsali\\\/m5-craft\\\/chubby-shad\\\/chubby-shad-2-2\\\/m5-craft-chubby-shad-2-2-gumihal-042\\\/\",\"name\":\"M5 Craft Chubby Shad 2.2\\\" gumihal 042 - Ebihal\",\"isPartOf\":{\"@id\":\"https:\\\/\\\/www.ebihal.hu\\\/#website\"},\"primaryImageOfPage\":{\"@id\":\"https:\\\/\\\/www.ebihal.hu\\\/shop\\\/mucsali\\\/gumicsali\\\/m5-craft\\\/chubby-shad\\\/chubby-shad-2-2\\\/m5-craft-chubby-shad-2-2-gumihal-042\\\/#primaryimage\"},\"image\":{\"@id\":\"https:\\\/\\\/www.ebihal.hu\\\/shop\\\/mucsali\\\/gumicsali\\\/m5-craft\\\/chubby-shad\\\/chubby-shad-2-2\\\/m5-craft-chubby-shad-2-2-gumihal-042\\\/#primaryimage\"},\"thumbnailUrl\":\"https:\\\/\\\/www.ebihal.hu\\\/wp-content\\\/uploads\\\/2022\\\/06\\\/42.jpg\",\"datePublished\":\"2022-06-27T20:02:40+00:00\",\"dateModified\":\"2025-04-18T08:57:30+00:00\",\"description\":\"Az ukr\u00e1n M5 Craft m\u0171hely legn\u00e9pszer\u0171bb gumihala, a Chubby Shad ebben a m\u00e9retben els\u0151sorban s\u00fcll\u0151re, k\u0151s\u00fcll\u0151re, s\u00fcg\u00e9rre eredm\u00e9nyes. 042\",\"breadcrumb\":{\"@id\":\"https:\\\/\\\/www.ebihal.hu\\\/shop\\\/mucsali\\\/gumicsali\\\/m5-craft\\\/chubby-shad\\\/chubby-shad-2-2\\\/m5-craft-chubby-shad-2-2-gumihal-042\\\/#breadcrumb\"},\"inLanguage\":\"en-GB\",\"potentialAction\":[{\"@type\":\"ReadAction\",\"target\":[\"https:\\\/\\\/www.ebihal.hu\\\/shop\\\/mucsali\\\/gumicsali\\\/m5-craft\\\/chubby-shad\\\/chubby-shad-2-2\\\/m5-craft-chubby-shad-2-2-gumihal-042\\\/\"]}]},{\"@type\":\"ImageObject\",\"inLanguage\":\"en-GB\",\"@id\":\"https:\\\/\\\/www.ebihal.hu\\\/shop\\\/mucsali\\\/gumicsali\\\/m5-craft\\\/chubby-shad\\\/chubby-shad-2-2\\\/m5-craft-chubby-shad-2-2-gumihal-042\\\/#primaryimage\",\"url\":\"https:\\\/\\\/www.ebihal.hu\\\/wp-content\\\/uploads\\\/2022\\\/06\\\/42.jpg\",\"contentUrl\":\"https:\\\/\\\/www.ebihal.hu\\\/wp-content\\\/uploads\\\/2022\\\/06\\\/42.jpg\",\"width\":600,\"height\":600,\"caption\":\"M5 Craft Chubby Shad 042\"},{\"@type\":\"BreadcrumbList\",\"@id\":\"https:\\\/\\\/www.ebihal.hu\\\/shop\\\/mucsali\\\/gumicsali\\\/m5-craft\\\/chubby-shad\\\/chubby-shad-2-2\\\/m5-craft-chubby-shad-2-2-gumihal-042\\\/#breadcrumb\",\"itemListElement\":[{\"@type\":\"ListItem\",\"position\":1,\"name\":\"Kezd\u0151lap\",\"item\":\"https:\\\/\\\/www.ebihal.hu\\\/\"},{\"@type\":\"ListItem\",\"position\":2,\"name\":\"M\u0171csali \u00e1ruh\u00e1z\",\"item\":\"https:\\\/\\\/www.ebihal.hu\\\/\"},{\"@type\":\"ListItem\",\"position\":3,\"name\":\"M5 Craft Chubby Shad 2.2&#8243; gumihal 042\"}]},{\"@type\":\"WebSite\",\"@id\":\"https:\\\/\\\/www.ebihal.hu\\\/#website\",\"url\":\"https:\\\/\\\/www.ebihal.hu\\\/\",\"name\":\"Ebihal\",\"description\":\"Fish &amp; Jigs\",\"publisher\":{\"@id\":\"https:\\\/\\\/www.ebihal.hu\\\/#organization\"},\"potentialAction\":[{\"@type\":\"SearchAction\",\"target\":{\"@type\":\"EntryPoint\",\"urlTemplate\":\"https:\\\/\\\/www.ebihal.hu\\\/?s={search_term_string}\"},\"query-input\":{\"@type\":\"PropertyValueSpecification\",\"valueRequired\":true,\"valueName\":\"search_term_string\"}}],\"inLanguage\":\"en-GB\"},{\"@type\":\"Organization\",\"@id\":\"https:\\\/\\\/www.ebihal.hu\\\/#organization\",\"name\":\"Bir\u00f3 Csaba egy\u00e9ni v\u00e1llalkoz\u00f3\",\"url\":\"https:\\\/\\\/www.ebihal.hu\\\/\",\"logo\":{\"@type\":\"ImageObject\",\"inLanguage\":\"en-GB\",\"@id\":\"https:\\\/\\\/www.ebihal.hu\\\/#\\\/schema\\\/logo\\\/image\\\/\",\"url\":\"https:\\\/\\\/www.ebihal.hu\\\/wp-content\\\/uploads\\\/2021\\\/02\\\/brand_logo_mini.png\",\"contentUrl\":\"https:\\\/\\\/www.ebihal.hu\\\/wp-content\\\/uploads\\\/2021\\\/02\\\/brand_logo_mini.png\",\"width\":300,\"height\":300,\"caption\":\"Bir\u00f3 Csaba egy\u00e9ni v\u00e1llalkoz\u00f3\"},\"image\":{\"@id\":\"https:\\\/\\\/www.ebihal.hu\\\/#\\\/schema\\\/logo\\\/image\\\/\"},\"sameAs\":[\"https:\\\/\\\/www.facebook.com\\\/ebihal\"]}]}<\/script>\n<!-- \/ Yoast SEO plugin. -->","yoast_head_json":{"title":"M5 Craft Chubby Shad 2.2\" gumihal 042 - Ebihal","description":"Az ukr\u00e1n M5 Craft m\u0171hely legn\u00e9pszer\u0171bb gumihala, a Chubby Shad ebben a m\u00e9retben els\u0151sorban s\u00fcll\u0151re, k\u0151s\u00fcll\u0151re, s\u00fcg\u00e9rre eredm\u00e9nyes. 042","robots":{"index":"index","follow":"follow","max-snippet":"max-snippet:-1","max-image-preview":"max-image-preview:large","max-video-preview":"max-video-preview:-1"},"canonical":"https:\/\/www.ebihal.hu\/en\/shop\/mucsali\/gumicsali\/m5-craft\/chubby-shad\/chubby-shad-2-2\/m5-craft-chubby-shad-2-2-gumihal-042\/","og_locale":"en_GB","og_type":"article","og_title":"M5 Craft Chubby Shad 2.2\" gumihal 042 - Ebihal","og_description":"Az ukr\u00e1n M5 Craft m\u0171hely legn\u00e9pszer\u0171bb gumihala, a Chubby Shad ebben a m\u00e9retben els\u0151sorban s\u00fcll\u0151re, k\u0151s\u00fcll\u0151re, s\u00fcg\u00e9rre eredm\u00e9nyes. 042","og_url":"https:\/\/www.ebihal.hu\/en\/shop\/mucsali\/gumicsali\/m5-craft\/chubby-shad\/chubby-shad-2-2\/m5-craft-chubby-shad-2-2-gumihal-042\/","og_site_name":"Ebihal","article_publisher":"https:\/\/www.facebook.com\/ebihal","article_modified_time":"2025-04-18T08:57:30+00:00","og_image":[{"width":600,"height":600,"url":"https:\/\/www.ebihal.hu\/wp-content\/uploads\/2022\/06\/42.jpg","type":"image\/jpeg"}],"twitter_card":"summary_large_image","twitter_misc":{"Estimated reading time":"1 minute"},"schema":{"@context":"https:\/\/schema.org","@graph":[{"@type":"WebPage","@id":"https:\/\/www.ebihal.hu\/shop\/mucsali\/gumicsali\/m5-craft\/chubby-shad\/chubby-shad-2-2\/m5-craft-chubby-shad-2-2-gumihal-042\/","url":"https:\/\/www.ebihal.hu\/shop\/mucsali\/gumicsali\/m5-craft\/chubby-shad\/chubby-shad-2-2\/m5-craft-chubby-shad-2-2-gumihal-042\/","name":"M5 Craft Chubby Shad 2.2\" gumihal 042 - Ebihal","isPartOf":{"@id":"https:\/\/www.ebihal.hu\/#website"},"primaryImageOfPage":{"@id":"https:\/\/www.ebihal.hu\/shop\/mucsali\/gumicsali\/m5-craft\/chubby-shad\/chubby-shad-2-2\/m5-craft-chubby-shad-2-2-gumihal-042\/#primaryimage"},"image":{"@id":"https:\/\/www.ebihal.hu\/shop\/mucsali\/gumicsali\/m5-craft\/chubby-shad\/chubby-shad-2-2\/m5-craft-chubby-shad-2-2-gumihal-042\/#primaryimage"},"thumbnailUrl":"https:\/\/www.ebihal.hu\/wp-content\/uploads\/2022\/06\/42.jpg","datePublished":"2022-06-27T20:02:40+00:00","dateModified":"2025-04-18T08:57:30+00:00","description":"Az ukr\u00e1n M5 Craft m\u0171hely legn\u00e9pszer\u0171bb gumihala, a Chubby Shad ebben a m\u00e9retben els\u0151sorban s\u00fcll\u0151re, k\u0151s\u00fcll\u0151re, s\u00fcg\u00e9rre eredm\u00e9nyes. 042","breadcrumb":{"@id":"https:\/\/www.ebihal.hu\/shop\/mucsali\/gumicsali\/m5-craft\/chubby-shad\/chubby-shad-2-2\/m5-craft-chubby-shad-2-2-gumihal-042\/#breadcrumb"},"inLanguage":"en-GB","potentialAction":[{"@type":"ReadAction","target":["https:\/\/www.ebihal.hu\/shop\/mucsali\/gumicsali\/m5-craft\/chubby-shad\/chubby-shad-2-2\/m5-craft-chubby-shad-2-2-gumihal-042\/"]}]},{"@type":"ImageObject","inLanguage":"en-GB","@id":"https:\/\/www.ebihal.hu\/shop\/mucsali\/gumicsali\/m5-craft\/chubby-shad\/chubby-shad-2-2\/m5-craft-chubby-shad-2-2-gumihal-042\/#primaryimage","url":"https:\/\/www.ebihal.hu\/wp-content\/uploads\/2022\/06\/42.jpg","contentUrl":"https:\/\/www.ebihal.hu\/wp-content\/uploads\/2022\/06\/42.jpg","width":600,"height":600,"caption":"M5 Craft Chubby Shad 042"},{"@type":"BreadcrumbList","@id":"https:\/\/www.ebihal.hu\/shop\/mucsali\/gumicsali\/m5-craft\/chubby-shad\/chubby-shad-2-2\/m5-craft-chubby-shad-2-2-gumihal-042\/#breadcrumb","itemListElement":[{"@type":"ListItem","position":1,"name":"Kezd\u0151lap","item":"https:\/\/www.ebihal.hu\/"},{"@type":"ListItem","position":2,"name":"M\u0171csali \u00e1ruh\u00e1z","item":"https:\/\/www.ebihal.hu\/"},{"@type":"ListItem","position":3,"name":"M5 Craft Chubby Shad 2.2&#8243; gumihal 042"}]},{"@type":"WebSite","@id":"https:\/\/www.ebihal.hu\/#website","url":"https:\/\/www.ebihal.hu\/","name":"Ebihal","description":"Fish &amp; Jigs","publisher":{"@id":"https:\/\/www.ebihal.hu\/#organization"},"potentialAction":[{"@type":"SearchAction","target":{"@type":"EntryPoint","urlTemplate":"https:\/\/www.ebihal.hu\/?s={search_term_string}"},"query-input":{"@type":"PropertyValueSpecification","valueRequired":true,"valueName":"search_term_string"}}],"inLanguage":"en-GB"},{"@type":"Organization","@id":"https:\/\/www.ebihal.hu\/#organization","name":"Bir\u00f3 Csaba egy\u00e9ni v\u00e1llalkoz\u00f3","url":"https:\/\/www.ebihal.hu\/","logo":{"@type":"ImageObject","inLanguage":"en-GB","@id":"https:\/\/www.ebihal.hu\/#\/schema\/logo\/image\/","url":"https:\/\/www.ebihal.hu\/wp-content\/uploads\/2021\/02\/brand_logo_mini.png","contentUrl":"https:\/\/www.ebihal.hu\/wp-content\/uploads\/2021\/02\/brand_logo_mini.png","width":300,"height":300,"caption":"Bir\u00f3 Csaba egy\u00e9ni v\u00e1llalkoz\u00f3"},"image":{"@id":"https:\/\/www.ebihal.hu\/#\/schema\/logo\/image\/"},"sameAs":["https:\/\/www.facebook.com\/ebihal"]}]}},"_links":{"self":[{"href":"https:\/\/www.ebihal.hu\/en\/wp-json\/wp\/v2\/product\/7639","targetHints":{"allow":["GET"]}}],"collection":[{"href":"https:\/\/www.ebihal.hu\/en\/wp-json\/wp\/v2\/product"}],"about":[{"href":"https:\/\/www.ebihal.hu\/en\/wp-json\/wp\/v2\/types\/product"}],"replies":[{"embeddable":true,"href":"https:\/\/www.ebihal.hu\/en\/wp-json\/wp\/v2\/comments?post=7639"}],"wp:featuredmedia":[{"embeddable":true,"href":"https:\/\/www.ebihal.hu\/en\/wp-json\/wp\/v2\/media\/7640"}],"wp:attachment":[{"href":"https:\/\/www.ebihal.hu\/en\/wp-json\/wp\/v2\/media?parent=7639"}],"wp:term":[{"taxonomy":"product_cat","embeddable":true,"href":"https:\/\/www.ebihal.hu\/en\/wp-json\/wp\/v2\/product_cat?post=7639"},{"taxonomy":"product_tag","embeddable":true,"href":"https:\/\/www.ebihal.hu\/en\/wp-json\/wp\/v2\/product_tag?post=7639"}],"curies":[{"name":"wp","href":"https:\/\/api.w.org\/{rel}","templated":true}]}}