{"id":7507,"date":"2022-05-29T09:32:56","date_gmt":"2022-05-29T08:32:56","guid":{"rendered":"https:\/\/www.ebihal.hu\/?post_type=product&#038;p=7507"},"modified":"2026-04-01T19:01:23","modified_gmt":"2026-04-01T18:01:23","slug":"akkoi-reflex-cyclone-r09-26-g-uv","status":"publish","type":"product","link":"https:\/\/www.ebihal.hu\/en\/shop\/mucsali\/villanto\/akkoi-reflex\/akkoi-reflex-cyclone\/akkoi-reflex-cyclone-r09-26-g-uv\/","title":{"rendered":"Akkoi Reflex Cyclone R09 2,6 g UV"},"content":{"rendered":"<p>A villant\u00f3 karcs\u00fa test\u0171 \u00e9s sz\u00ednes sz\u00e1rny\u00fa rovarokat ut\u00e1noz.<\/p>\n<p>Els\u0151sorban patakpec\u00e1ra, foly\u00f3v\u00edzre aj\u00e1nlom, pisztr\u00e1ng, domolyk\u00f3 a c\u00e9lhal vele.<br \/>\n2,6 g, hossza 32 mm, sz\u00e9less\u00e9ge 12 mm. 1 mm vastag s\u00e1rgar\u00e9zb\u0151l k\u00e9sz\u00fcl, UV akt\u00edv, egy\u00e1g\u00fa Mustad horoggal szerelve.<\/p>\n<p><iframe loading=\"lazy\" src=\"https:\/\/www.youtube.com\/embed\/SWxLEKdODeM\" width=\"560\" height=\"315\" frameborder=\"0\" allowfullscreen=\"allowfullscreen\"><\/iframe><\/p>\n<h4>Additional information<\/h4>\n<table class=\"woocommerce-product-attributes shop_attributes\" aria-label=\"Product Details\" data-no-translation-aria-label=\"\">\n\t\t\t<tr class=\"woocommerce-product-attributes-item woocommerce-product-attributes-item--weight\">\n\t\t\t<th class=\"woocommerce-product-attributes-item__label\" scope=\"row\" data-no-translation=\"\" data-trp-gettext=\"\">Weight<\/th>\n\t\t\t<td class=\"woocommerce-product-attributes-item__value\">0.005 kg<\/td>\n\t\t<\/tr>\n\t\t\t<tr class=\"woocommerce-product-attributes-item woocommerce-product-attributes-item--attribute_pa_brand\">\n\t\t\t<th class=\"woocommerce-product-attributes-item__label\" scope=\"row\">Brand<\/th>\n\t\t\t<td class=\"woocommerce-product-attributes-item__value\"><p>Akkoi<\/p>\n<\/td>\n\t\t<\/tr>\n\t\t\t<tr class=\"woocommerce-product-attributes-item woocommerce-product-attributes-item--attribute_pa_akkoi-szinkod\">\n\t\t\t<th class=\"woocommerce-product-attributes-item__label\" scope=\"row\">Akkoi sz\u00ednk\u00f3d<\/th>\n\t\t\t<td class=\"woocommerce-product-attributes-item__value\"><p>R09<\/p>\n<\/td>\n\t\t<\/tr>\n\t\t\t<tr class=\"woocommerce-product-attributes-item woocommerce-product-attributes-item--attribute_pa_madein\">\n\t\t\t<th class=\"woocommerce-product-attributes-item__label\" scope=\"row\">Country of origin<\/th>\n\t\t\t<td class=\"woocommerce-product-attributes-item__value\"><p>Oroszorsz\u00e1g<\/p>\n<\/td>\n\t\t<\/tr>\n\t\t\t<tr class=\"woocommerce-product-attributes-item woocommerce-product-attributes-item--attribute_pa_kiszereles\">\n\t\t\t<th class=\"woocommerce-product-attributes-item__label\" scope=\"row\">Packaging<\/th>\n\t\t\t<td class=\"woocommerce-product-attributes-item__value\"><p>1 piece<\/p>\n<\/td>\n\t\t<\/tr>\n\t<\/table>","protected":false},"excerpt":{"rendered":"<p>UV akt\u00edv<\/p>","protected":false},"featured_media":7508,"comment_status":"open","ping_status":"closed","template":"","meta":[],"product_cat":[422,913,40,413],"product_tag":[282,424,239,240,423,146,826,373,430],"class_list":{"0":"post-7507","1":"product","2":"type-product","3":"status-publish","4":"has-post-thumbnail","6":"product_brand-akkoi","7":"product_cat-akkoi-reflex","8":"product_cat-akkoi-reflex-cyclone","9":"product_cat-mucsali","10":"product_cat-villanto","11":"product_tag-akkoi","12":"product_tag-cyclone","13":"product_tag-domolyko","14":"product_tag-pisztrang","15":"product_tag-reflex","16":"product_tag-sullo","17":"product_tag-tamolygo","18":"product_tag-ul","19":"product_tag-uv","21":"first","22":"outofstock","23":"shipping-taxable","24":"purchasable","25":"product-type-simple"},"supplier_id":1899,"supplier_sku":"","barcode":null,"atum_controlled":true,"out_stock_date":"2026-04-01 19:01:23","out_stock_threshold":null,"inheritable":false,"inbound_stock":0,"stock_on_hold":1,"sold_today":0,"sales_last_days":1,"reserved_stock":0,"customer_returns":0,"warehouse_damage":0,"lost_in_post":0,"other_logs":0,"out_stock_days":13,"lost_sales":2702,"has_location":false,"update_date":"2026-04-15T00:31:34","atum_locations":[],"atum_stock_status":"outofstock","restock_status":false,"low_stock_amount":"","sales_update_date":"2026-04-15T00:31:34","calc_backorders":null,"yoast_head":"<!-- This site is optimized with the Yoast SEO plugin v27.4 - https:\/\/yoast.com\/product\/yoast-seo-wordpress\/ -->\n<title>Akkoi Reflex Cyclone R09 2,6 g UV - Ebihal<\/title>\n<meta name=\"description\" content=\"A villant\u00f3 karcs\u00fa test\u0171 \u00e9s sz\u00ednes sz\u00e1rny\u00fa rovarokat ut\u00e1noz. Els\u0151sorban UL pec\u00e1hoz aj\u00e1nljuk. #R09. UV akt\u00edv.\" \/>\n<meta name=\"robots\" content=\"index, follow, max-snippet:-1, max-image-preview:large, max-video-preview:-1\" \/>\n<link rel=\"canonical\" href=\"https:\/\/www.ebihal.hu\/en\/shop\/mucsali\/villanto\/akkoi-reflex\/akkoi-reflex-cyclone\/akkoi-reflex-cyclone-r09-26-g-uv\/\" \/>\n<meta property=\"og:locale\" content=\"en_GB\" \/>\n<meta property=\"og:type\" content=\"article\" \/>\n<meta property=\"og:title\" content=\"Akkoi Reflex Cyclone R09 2,6 g UV - Ebihal\" \/>\n<meta property=\"og:description\" content=\"A villant\u00f3 karcs\u00fa test\u0171 \u00e9s sz\u00ednes sz\u00e1rny\u00fa rovarokat ut\u00e1noz. Els\u0151sorban UL pec\u00e1hoz aj\u00e1nljuk. #R09. UV akt\u00edv.\" \/>\n<meta property=\"og:url\" content=\"https:\/\/www.ebihal.hu\/en\/shop\/mucsali\/villanto\/akkoi-reflex\/akkoi-reflex-cyclone\/akkoi-reflex-cyclone-r09-26-g-uv\/\" \/>\n<meta property=\"og:site_name\" content=\"Ebihal\" \/>\n<meta property=\"article:publisher\" content=\"https:\/\/www.facebook.com\/ebihal\" \/>\n<meta property=\"article:modified_time\" content=\"2026-04-01T18:01:23+00:00\" \/>\n<meta property=\"og:image\" content=\"https:\/\/www.ebihal.hu\/wp-content\/uploads\/2022\/05\/cyclone-r09.jpg\" \/>\n\t<meta property=\"og:image:width\" content=\"760\" \/>\n\t<meta property=\"og:image:height\" content=\"760\" \/>\n\t<meta property=\"og:image:type\" content=\"image\/jpeg\" \/>\n<meta name=\"twitter:card\" content=\"summary_large_image\" \/>\n<meta name=\"twitter:label1\" content=\"Estimated reading time\" \/>\n\t<meta name=\"twitter:data1\" content=\"1 minute\" \/>\n<script type=\"application\/ld+json\" class=\"yoast-schema-graph\">{\"@context\":\"https:\\\/\\\/schema.org\",\"@graph\":[{\"@type\":\"WebPage\",\"@id\":\"https:\\\/\\\/www.ebihal.hu\\\/shop\\\/mucsali\\\/villanto\\\/akkoi-reflex\\\/akkoi-reflex-cyclone\\\/akkoi-reflex-cyclone-r09-26-g-uv\\\/\",\"url\":\"https:\\\/\\\/www.ebihal.hu\\\/shop\\\/mucsali\\\/villanto\\\/akkoi-reflex\\\/akkoi-reflex-cyclone\\\/akkoi-reflex-cyclone-r09-26-g-uv\\\/\",\"name\":\"Akkoi Reflex Cyclone R09 2,6 g UV - Ebihal\",\"isPartOf\":{\"@id\":\"https:\\\/\\\/www.ebihal.hu\\\/#website\"},\"primaryImageOfPage\":{\"@id\":\"https:\\\/\\\/www.ebihal.hu\\\/shop\\\/mucsali\\\/villanto\\\/akkoi-reflex\\\/akkoi-reflex-cyclone\\\/akkoi-reflex-cyclone-r09-26-g-uv\\\/#primaryimage\"},\"image\":{\"@id\":\"https:\\\/\\\/www.ebihal.hu\\\/shop\\\/mucsali\\\/villanto\\\/akkoi-reflex\\\/akkoi-reflex-cyclone\\\/akkoi-reflex-cyclone-r09-26-g-uv\\\/#primaryimage\"},\"thumbnailUrl\":\"https:\\\/\\\/www.ebihal.hu\\\/wp-content\\\/uploads\\\/2022\\\/05\\\/cyclone-r09.jpg\",\"datePublished\":\"2022-05-29T08:32:56+00:00\",\"dateModified\":\"2026-04-01T18:01:23+00:00\",\"description\":\"A villant\u00f3 karcs\u00fa test\u0171 \u00e9s sz\u00ednes sz\u00e1rny\u00fa rovarokat ut\u00e1noz. Els\u0151sorban UL pec\u00e1hoz aj\u00e1nljuk. #R09. UV akt\u00edv.\",\"breadcrumb\":{\"@id\":\"https:\\\/\\\/www.ebihal.hu\\\/shop\\\/mucsali\\\/villanto\\\/akkoi-reflex\\\/akkoi-reflex-cyclone\\\/akkoi-reflex-cyclone-r09-26-g-uv\\\/#breadcrumb\"},\"inLanguage\":\"en-GB\",\"potentialAction\":[{\"@type\":\"ReadAction\",\"target\":[\"https:\\\/\\\/www.ebihal.hu\\\/shop\\\/mucsali\\\/villanto\\\/akkoi-reflex\\\/akkoi-reflex-cyclone\\\/akkoi-reflex-cyclone-r09-26-g-uv\\\/\"]}]},{\"@type\":\"ImageObject\",\"inLanguage\":\"en-GB\",\"@id\":\"https:\\\/\\\/www.ebihal.hu\\\/shop\\\/mucsali\\\/villanto\\\/akkoi-reflex\\\/akkoi-reflex-cyclone\\\/akkoi-reflex-cyclone-r09-26-g-uv\\\/#primaryimage\",\"url\":\"https:\\\/\\\/www.ebihal.hu\\\/wp-content\\\/uploads\\\/2022\\\/05\\\/cyclone-r09.jpg\",\"contentUrl\":\"https:\\\/\\\/www.ebihal.hu\\\/wp-content\\\/uploads\\\/2022\\\/05\\\/cyclone-r09.jpg\",\"width\":760,\"height\":760,\"caption\":\"Akkoi Reflex Cyclone R09\"},{\"@type\":\"BreadcrumbList\",\"@id\":\"https:\\\/\\\/www.ebihal.hu\\\/shop\\\/mucsali\\\/villanto\\\/akkoi-reflex\\\/akkoi-reflex-cyclone\\\/akkoi-reflex-cyclone-r09-26-g-uv\\\/#breadcrumb\",\"itemListElement\":[{\"@type\":\"ListItem\",\"position\":1,\"name\":\"Kezd\u0151lap\",\"item\":\"https:\\\/\\\/www.ebihal.hu\\\/\"},{\"@type\":\"ListItem\",\"position\":2,\"name\":\"M\u0171csali \u00e1ruh\u00e1z\",\"item\":\"https:\\\/\\\/www.ebihal.hu\\\/\"},{\"@type\":\"ListItem\",\"position\":3,\"name\":\"Akkoi Reflex Cyclone R09 2,6 g UV\"}]},{\"@type\":\"WebSite\",\"@id\":\"https:\\\/\\\/www.ebihal.hu\\\/#website\",\"url\":\"https:\\\/\\\/www.ebihal.hu\\\/\",\"name\":\"Ebihal\",\"description\":\"Fish &amp; Jigs\",\"publisher\":{\"@id\":\"https:\\\/\\\/www.ebihal.hu\\\/#organization\"},\"potentialAction\":[{\"@type\":\"SearchAction\",\"target\":{\"@type\":\"EntryPoint\",\"urlTemplate\":\"https:\\\/\\\/www.ebihal.hu\\\/?s={search_term_string}\"},\"query-input\":{\"@type\":\"PropertyValueSpecification\",\"valueRequired\":true,\"valueName\":\"search_term_string\"}}],\"inLanguage\":\"en-GB\"},{\"@type\":\"Organization\",\"@id\":\"https:\\\/\\\/www.ebihal.hu\\\/#organization\",\"name\":\"Bir\u00f3 Csaba egy\u00e9ni v\u00e1llalkoz\u00f3\",\"url\":\"https:\\\/\\\/www.ebihal.hu\\\/\",\"logo\":{\"@type\":\"ImageObject\",\"inLanguage\":\"en-GB\",\"@id\":\"https:\\\/\\\/www.ebihal.hu\\\/#\\\/schema\\\/logo\\\/image\\\/\",\"url\":\"https:\\\/\\\/www.ebihal.hu\\\/wp-content\\\/uploads\\\/2021\\\/02\\\/brand_logo_mini.png\",\"contentUrl\":\"https:\\\/\\\/www.ebihal.hu\\\/wp-content\\\/uploads\\\/2021\\\/02\\\/brand_logo_mini.png\",\"width\":300,\"height\":300,\"caption\":\"Bir\u00f3 Csaba egy\u00e9ni v\u00e1llalkoz\u00f3\"},\"image\":{\"@id\":\"https:\\\/\\\/www.ebihal.hu\\\/#\\\/schema\\\/logo\\\/image\\\/\"},\"sameAs\":[\"https:\\\/\\\/www.facebook.com\\\/ebihal\"]}]}<\/script>\n<!-- \/ Yoast SEO plugin. -->","yoast_head_json":{"title":"Akkoi Reflex Cyclone R09 2,6 g UV - Ebihal","description":"A villant\u00f3 karcs\u00fa test\u0171 \u00e9s sz\u00ednes sz\u00e1rny\u00fa rovarokat ut\u00e1noz. Els\u0151sorban UL pec\u00e1hoz aj\u00e1nljuk. #R09. UV akt\u00edv.","robots":{"index":"index","follow":"follow","max-snippet":"max-snippet:-1","max-image-preview":"max-image-preview:large","max-video-preview":"max-video-preview:-1"},"canonical":"https:\/\/www.ebihal.hu\/en\/shop\/mucsali\/villanto\/akkoi-reflex\/akkoi-reflex-cyclone\/akkoi-reflex-cyclone-r09-26-g-uv\/","og_locale":"en_GB","og_type":"article","og_title":"Akkoi Reflex Cyclone R09 2,6 g UV - Ebihal","og_description":"A villant\u00f3 karcs\u00fa test\u0171 \u00e9s sz\u00ednes sz\u00e1rny\u00fa rovarokat ut\u00e1noz. Els\u0151sorban UL pec\u00e1hoz aj\u00e1nljuk. #R09. UV akt\u00edv.","og_url":"https:\/\/www.ebihal.hu\/en\/shop\/mucsali\/villanto\/akkoi-reflex\/akkoi-reflex-cyclone\/akkoi-reflex-cyclone-r09-26-g-uv\/","og_site_name":"Ebihal","article_publisher":"https:\/\/www.facebook.com\/ebihal","article_modified_time":"2026-04-01T18:01:23+00:00","og_image":[{"width":760,"height":760,"url":"https:\/\/www.ebihal.hu\/wp-content\/uploads\/2022\/05\/cyclone-r09.jpg","type":"image\/jpeg"}],"twitter_card":"summary_large_image","twitter_misc":{"Estimated reading time":"1 minute"},"schema":{"@context":"https:\/\/schema.org","@graph":[{"@type":"WebPage","@id":"https:\/\/www.ebihal.hu\/shop\/mucsali\/villanto\/akkoi-reflex\/akkoi-reflex-cyclone\/akkoi-reflex-cyclone-r09-26-g-uv\/","url":"https:\/\/www.ebihal.hu\/shop\/mucsali\/villanto\/akkoi-reflex\/akkoi-reflex-cyclone\/akkoi-reflex-cyclone-r09-26-g-uv\/","name":"Akkoi Reflex Cyclone R09 2,6 g UV - Ebihal","isPartOf":{"@id":"https:\/\/www.ebihal.hu\/#website"},"primaryImageOfPage":{"@id":"https:\/\/www.ebihal.hu\/shop\/mucsali\/villanto\/akkoi-reflex\/akkoi-reflex-cyclone\/akkoi-reflex-cyclone-r09-26-g-uv\/#primaryimage"},"image":{"@id":"https:\/\/www.ebihal.hu\/shop\/mucsali\/villanto\/akkoi-reflex\/akkoi-reflex-cyclone\/akkoi-reflex-cyclone-r09-26-g-uv\/#primaryimage"},"thumbnailUrl":"https:\/\/www.ebihal.hu\/wp-content\/uploads\/2022\/05\/cyclone-r09.jpg","datePublished":"2022-05-29T08:32:56+00:00","dateModified":"2026-04-01T18:01:23+00:00","description":"A villant\u00f3 karcs\u00fa test\u0171 \u00e9s sz\u00ednes sz\u00e1rny\u00fa rovarokat ut\u00e1noz. Els\u0151sorban UL pec\u00e1hoz aj\u00e1nljuk. #R09. UV akt\u00edv.","breadcrumb":{"@id":"https:\/\/www.ebihal.hu\/shop\/mucsali\/villanto\/akkoi-reflex\/akkoi-reflex-cyclone\/akkoi-reflex-cyclone-r09-26-g-uv\/#breadcrumb"},"inLanguage":"en-GB","potentialAction":[{"@type":"ReadAction","target":["https:\/\/www.ebihal.hu\/shop\/mucsali\/villanto\/akkoi-reflex\/akkoi-reflex-cyclone\/akkoi-reflex-cyclone-r09-26-g-uv\/"]}]},{"@type":"ImageObject","inLanguage":"en-GB","@id":"https:\/\/www.ebihal.hu\/shop\/mucsali\/villanto\/akkoi-reflex\/akkoi-reflex-cyclone\/akkoi-reflex-cyclone-r09-26-g-uv\/#primaryimage","url":"https:\/\/www.ebihal.hu\/wp-content\/uploads\/2022\/05\/cyclone-r09.jpg","contentUrl":"https:\/\/www.ebihal.hu\/wp-content\/uploads\/2022\/05\/cyclone-r09.jpg","width":760,"height":760,"caption":"Akkoi Reflex Cyclone R09"},{"@type":"BreadcrumbList","@id":"https:\/\/www.ebihal.hu\/shop\/mucsali\/villanto\/akkoi-reflex\/akkoi-reflex-cyclone\/akkoi-reflex-cyclone-r09-26-g-uv\/#breadcrumb","itemListElement":[{"@type":"ListItem","position":1,"name":"Kezd\u0151lap","item":"https:\/\/www.ebihal.hu\/"},{"@type":"ListItem","position":2,"name":"M\u0171csali \u00e1ruh\u00e1z","item":"https:\/\/www.ebihal.hu\/"},{"@type":"ListItem","position":3,"name":"Akkoi Reflex Cyclone R09 2,6 g UV"}]},{"@type":"WebSite","@id":"https:\/\/www.ebihal.hu\/#website","url":"https:\/\/www.ebihal.hu\/","name":"Ebihal","description":"Fish &amp; Jigs","publisher":{"@id":"https:\/\/www.ebihal.hu\/#organization"},"potentialAction":[{"@type":"SearchAction","target":{"@type":"EntryPoint","urlTemplate":"https:\/\/www.ebihal.hu\/?s={search_term_string}"},"query-input":{"@type":"PropertyValueSpecification","valueRequired":true,"valueName":"search_term_string"}}],"inLanguage":"en-GB"},{"@type":"Organization","@id":"https:\/\/www.ebihal.hu\/#organization","name":"Bir\u00f3 Csaba egy\u00e9ni v\u00e1llalkoz\u00f3","url":"https:\/\/www.ebihal.hu\/","logo":{"@type":"ImageObject","inLanguage":"en-GB","@id":"https:\/\/www.ebihal.hu\/#\/schema\/logo\/image\/","url":"https:\/\/www.ebihal.hu\/wp-content\/uploads\/2021\/02\/brand_logo_mini.png","contentUrl":"https:\/\/www.ebihal.hu\/wp-content\/uploads\/2021\/02\/brand_logo_mini.png","width":300,"height":300,"caption":"Bir\u00f3 Csaba egy\u00e9ni v\u00e1llalkoz\u00f3"},"image":{"@id":"https:\/\/www.ebihal.hu\/#\/schema\/logo\/image\/"},"sameAs":["https:\/\/www.facebook.com\/ebihal"]}]}},"_links":{"self":[{"href":"https:\/\/www.ebihal.hu\/en\/wp-json\/wp\/v2\/product\/7507","targetHints":{"allow":["GET"]}}],"collection":[{"href":"https:\/\/www.ebihal.hu\/en\/wp-json\/wp\/v2\/product"}],"about":[{"href":"https:\/\/www.ebihal.hu\/en\/wp-json\/wp\/v2\/types\/product"}],"replies":[{"embeddable":true,"href":"https:\/\/www.ebihal.hu\/en\/wp-json\/wp\/v2\/comments?post=7507"}],"wp:featuredmedia":[{"embeddable":true,"href":"https:\/\/www.ebihal.hu\/en\/wp-json\/wp\/v2\/media\/7508"}],"wp:attachment":[{"href":"https:\/\/www.ebihal.hu\/en\/wp-json\/wp\/v2\/media?parent=7507"}],"wp:term":[{"taxonomy":"product_cat","embeddable":true,"href":"https:\/\/www.ebihal.hu\/en\/wp-json\/wp\/v2\/product_cat?post=7507"},{"taxonomy":"product_tag","embeddable":true,"href":"https:\/\/www.ebihal.hu\/en\/wp-json\/wp\/v2\/product_tag?post=7507"}],"curies":[{"name":"wp","href":"https:\/\/api.w.org\/{rel}","templated":true}]}}