{"id":7452,"date":"2022-05-27T17:06:06","date_gmt":"2022-05-27T16:06:06","guid":{"rendered":"https:\/\/www.ebihal.hu\/?post_type=product&#038;p=7452"},"modified":"2026-03-11T16:06:12","modified_gmt":"2026-03-11T15:06:12","slug":"gurza-not-a-knot-kapocs-wrapping-snap","status":"publish","type":"product","link":"https:\/\/www.ebihal.hu\/en\/shop\/kiegeszitok\/szerelvenyek\/gurza-not-a-knot-kapocs-wrapping-snap\/","title":{"rendered":"Gurza not-a-knot kapocs wrapping snap"},"content":{"rendered":"<p>Az ukr\u00e1n Gurza c\u00e9g not-a-knot kapcsai kiv\u00e1l\u00f3 min\u0151s\u00e9g\u0171 rozsdamentes, t\u00fckr\u00f6z\u0151d\u00e9smentes ac\u00e9lb\u00f3l k\u00e9sz\u00fclnek.<\/p>\n<div class=\"tab-content\">\n<div id=\"tab-description\" class=\"tab-pane active\" role=\"tabpanel\">\n<table>\n<tbody>\n<tr>\n<td>\u2116<\/td>\n<td><span style=\"vertical-align: inherit;\">Katal\u00f3gus k\u00f3d<\/span><\/td>\n<td>Huzal\u00e1tm\u00e9r\u0151 mm<\/td>\n<td><span style=\"vertical-align: inherit;\">Teherb\u00edr\u00e1s\/kg<\/span><\/td>\n<td>db\/csomag<\/td>\n<\/tr>\n<tr>\n<td>UL<\/td>\n<td>SN-8100-001<\/td>\n<td>0,40<\/td>\n<td>6,0<\/td>\n<td>10<\/td>\n<\/tr>\n<tr>\n<td>L<\/td>\n<td>SN-8100-002<\/td>\n<td>0,45<\/td>\n<td>9,0<\/td>\n<td>10<\/td>\n<\/tr>\n<tr>\n<td>M<\/td>\n<td>SN-8100-003<\/td>\n<td>0,55<\/td>\n<td>15,0<\/td>\n<td>10<\/td>\n<\/tr>\n<tr>\n<td>MH<\/td>\n<td>SN-8100-004<\/td>\n<td>0,70<\/td>\n<td>22,0<\/td>\n<td>10<\/td>\n<\/tr>\n<tr>\n<td>H<\/td>\n<td>SN-8100-005<\/td>\n<td>0,90<\/td>\n<td>35,0<\/td>\n<td>10<\/td>\n<\/tr>\n<\/tbody>\n<\/table>\n<\/div>\n<div id=\"tab-review\" class=\"tab-pane\" role=\"tabpanel\">\n<form id=\"form-review\" class=\"form-horizontal\" action=\"\">\n<div class=\"buttons clearfix\" style=\"margin-bottom: 0px;\">\n<div class=\"pull-right\"><\/div>\n<\/div>\n<input type=\"hidden\" name=\"trp-form-language\" value=\"en\"\/><\/form>\n<\/div>\n<\/div>\n<h4>Additional information<\/h4>\n<table class=\"woocommerce-product-attributes shop_attributes\" aria-label=\"Product Details\" data-no-translation-aria-label=\"\">\n\t\t\t<tr class=\"woocommerce-product-attributes-item woocommerce-product-attributes-item--attribute_pa_brand\">\n\t\t\t<th class=\"woocommerce-product-attributes-item__label\" scope=\"row\">Brand<\/th>\n\t\t\t<td class=\"woocommerce-product-attributes-item__value\"><p>Gurza<\/p>\n<\/td>\n\t\t<\/tr>\n\t\t\t<tr class=\"woocommerce-product-attributes-item woocommerce-product-attributes-item--attribute_pa_meret\">\n\t\t\t<th class=\"woocommerce-product-attributes-item__label\" scope=\"row\">Size<\/th>\n\t\t\t<td class=\"woocommerce-product-attributes-item__value\"><p>M, L, UL<\/p>\n<\/td>\n\t\t<\/tr>\n\t\t\t<tr class=\"woocommerce-product-attributes-item woocommerce-product-attributes-item--attribute_pa_madein\">\n\t\t\t<th class=\"woocommerce-product-attributes-item__label\" scope=\"row\">Country of origin<\/th>\n\t\t\t<td class=\"woocommerce-product-attributes-item__value\"><p>Ukrajna<\/p>\n<\/td>\n\t\t<\/tr>\n\t\t\t<tr class=\"woocommerce-product-attributes-item woocommerce-product-attributes-item--attribute_pa_kiszereles\">\n\t\t\t<th class=\"woocommerce-product-attributes-item__label\" scope=\"row\">Packaging<\/th>\n\t\t\t<td class=\"woocommerce-product-attributes-item__value\"><p>1 plastic bag<\/p>\n<\/td>\n\t\t<\/tr>\n\t<\/table>","protected":false},"excerpt":{"rendered":"<p>10 db\/csomag<\/p>","protected":false},"featured_media":7453,"comment_status":"open","ping_status":"closed","template":"","meta":[],"product_cat":[88,957],"product_tag":[255,1165],"class_list":{"0":"post-7452","1":"product","2":"type-product","3":"status-publish","4":"has-post-thumbnail","6":"product_brand-gurza","7":"product_cat-kiegeszitok","8":"product_cat-szerelvenyek","9":"product_tag-gurza","10":"product_tag-not-a-knot","12":"first","13":"instock","14":"shipping-taxable","15":"purchasable","16":"product-type-variable"},"supplier_id":null,"supplier_sku":"","barcode":null,"atum_controlled":true,"out_stock_date":null,"out_stock_threshold":null,"inheritable":true,"inbound_stock":0,"stock_on_hold":2,"sold_today":0,"sales_last_days":0,"reserved_stock":0,"customer_returns":0,"warehouse_damage":0,"lost_in_post":0,"other_logs":0,"out_stock_days":0,"lost_sales":0,"has_location":false,"update_date":"2026-04-15T00:31:48","atum_locations":[],"atum_stock_status":"instock","restock_status":false,"low_stock_amount":"","sales_update_date":"2026-04-15T00:31:48","calc_backorders":null,"yoast_head":"<!-- This site is optimized with the Yoast SEO plugin v27.4 - https:\/\/yoast.com\/product\/yoast-seo-wordpress\/ -->\n<title>Gurza not-a-knot kapocs wrapping snap - Ebihal<\/title>\n<meta name=\"description\" content=\"Az ukr\u00e1n Gurza c\u00e9g not-a-knot kapcsai kiv\u00e1l\u00f3 min\u0151s\u00e9g\u0171 rozsdamentes, t\u00fckr\u00f6z\u0151d\u00e9smentes ac\u00e9lb\u00f3l k\u00e9sz\u00fclnek.\" \/>\n<meta name=\"robots\" content=\"index, follow, max-snippet:-1, max-image-preview:large, max-video-preview:-1\" \/>\n<link rel=\"canonical\" href=\"https:\/\/www.ebihal.hu\/en\/shop\/kiegeszitok\/szerelvenyek\/gurza-not-a-knot-kapocs-wrapping-snap\/\" \/>\n<meta property=\"og:locale\" content=\"en_GB\" \/>\n<meta property=\"og:type\" content=\"article\" \/>\n<meta property=\"og:title\" content=\"Gurza not-a-knot kapocs wrapping snap - Ebihal\" \/>\n<meta property=\"og:description\" content=\"Az ukr\u00e1n Gurza c\u00e9g not-a-knot kapcsai kiv\u00e1l\u00f3 min\u0151s\u00e9g\u0171 rozsdamentes, t\u00fckr\u00f6z\u0151d\u00e9smentes ac\u00e9lb\u00f3l k\u00e9sz\u00fclnek.\" \/>\n<meta property=\"og:url\" content=\"https:\/\/www.ebihal.hu\/en\/shop\/kiegeszitok\/szerelvenyek\/gurza-not-a-knot-kapocs-wrapping-snap\/\" \/>\n<meta property=\"og:site_name\" content=\"Ebihal\" \/>\n<meta property=\"article:publisher\" content=\"https:\/\/www.facebook.com\/ebihal\" \/>\n<meta property=\"article:modified_time\" content=\"2026-03-11T15:06:12+00:00\" \/>\n<meta property=\"og:image\" content=\"https:\/\/www.ebihal.hu\/wp-content\/uploads\/2022\/05\/WRAPPING-SNAP-AC.jpg\" \/>\n\t<meta property=\"og:image:width\" content=\"1000\" \/>\n\t<meta property=\"og:image:height\" content=\"1000\" \/>\n\t<meta property=\"og:image:type\" content=\"image\/jpeg\" \/>\n<meta name=\"twitter:card\" content=\"summary_large_image\" \/>\n<meta name=\"twitter:label1\" content=\"Estimated reading time\" \/>\n\t<meta name=\"twitter:data1\" content=\"1 minute\" \/>\n<script type=\"application\/ld+json\" class=\"yoast-schema-graph\">{\"@context\":\"https:\\\/\\\/schema.org\",\"@graph\":[{\"@type\":\"WebPage\",\"@id\":\"https:\\\/\\\/www.ebihal.hu\\\/shop\\\/kiegeszitok\\\/szerelvenyek\\\/gurza-not-a-knot-kapocs-wrapping-snap\\\/\",\"url\":\"https:\\\/\\\/www.ebihal.hu\\\/shop\\\/kiegeszitok\\\/szerelvenyek\\\/gurza-not-a-knot-kapocs-wrapping-snap\\\/\",\"name\":\"Gurza not-a-knot kapocs wrapping snap - Ebihal\",\"isPartOf\":{\"@id\":\"https:\\\/\\\/www.ebihal.hu\\\/#website\"},\"primaryImageOfPage\":{\"@id\":\"https:\\\/\\\/www.ebihal.hu\\\/shop\\\/kiegeszitok\\\/szerelvenyek\\\/gurza-not-a-knot-kapocs-wrapping-snap\\\/#primaryimage\"},\"image\":{\"@id\":\"https:\\\/\\\/www.ebihal.hu\\\/shop\\\/kiegeszitok\\\/szerelvenyek\\\/gurza-not-a-knot-kapocs-wrapping-snap\\\/#primaryimage\"},\"thumbnailUrl\":\"https:\\\/\\\/www.ebihal.hu\\\/wp-content\\\/uploads\\\/2022\\\/05\\\/WRAPPING-SNAP-AC.jpg\",\"datePublished\":\"2022-05-27T16:06:06+00:00\",\"dateModified\":\"2026-03-11T15:06:12+00:00\",\"description\":\"Az ukr\u00e1n Gurza c\u00e9g not-a-knot kapcsai kiv\u00e1l\u00f3 min\u0151s\u00e9g\u0171 rozsdamentes, t\u00fckr\u00f6z\u0151d\u00e9smentes ac\u00e9lb\u00f3l k\u00e9sz\u00fclnek.\",\"breadcrumb\":{\"@id\":\"https:\\\/\\\/www.ebihal.hu\\\/shop\\\/kiegeszitok\\\/szerelvenyek\\\/gurza-not-a-knot-kapocs-wrapping-snap\\\/#breadcrumb\"},\"inLanguage\":\"en-GB\",\"potentialAction\":[{\"@type\":\"ReadAction\",\"target\":[\"https:\\\/\\\/www.ebihal.hu\\\/shop\\\/kiegeszitok\\\/szerelvenyek\\\/gurza-not-a-knot-kapocs-wrapping-snap\\\/\"]}]},{\"@type\":\"ImageObject\",\"inLanguage\":\"en-GB\",\"@id\":\"https:\\\/\\\/www.ebihal.hu\\\/shop\\\/kiegeszitok\\\/szerelvenyek\\\/gurza-not-a-knot-kapocs-wrapping-snap\\\/#primaryimage\",\"url\":\"https:\\\/\\\/www.ebihal.hu\\\/wp-content\\\/uploads\\\/2022\\\/05\\\/WRAPPING-SNAP-AC.jpg\",\"contentUrl\":\"https:\\\/\\\/www.ebihal.hu\\\/wp-content\\\/uploads\\\/2022\\\/05\\\/WRAPPING-SNAP-AC.jpg\",\"width\":1000,\"height\":1000,\"caption\":\"Gurza not-a-knot kapocs\"},{\"@type\":\"BreadcrumbList\",\"@id\":\"https:\\\/\\\/www.ebihal.hu\\\/shop\\\/kiegeszitok\\\/szerelvenyek\\\/gurza-not-a-knot-kapocs-wrapping-snap\\\/#breadcrumb\",\"itemListElement\":[{\"@type\":\"ListItem\",\"position\":1,\"name\":\"Kezd\u0151lap\",\"item\":\"https:\\\/\\\/www.ebihal.hu\\\/\"},{\"@type\":\"ListItem\",\"position\":2,\"name\":\"M\u0171csali \u00e1ruh\u00e1z\",\"item\":\"https:\\\/\\\/www.ebihal.hu\\\/\"},{\"@type\":\"ListItem\",\"position\":3,\"name\":\"Gurza not-a-knot kapocs wrapping snap\"}]},{\"@type\":\"WebSite\",\"@id\":\"https:\\\/\\\/www.ebihal.hu\\\/#website\",\"url\":\"https:\\\/\\\/www.ebihal.hu\\\/\",\"name\":\"Ebihal\",\"description\":\"Fish &amp; Jigs\",\"publisher\":{\"@id\":\"https:\\\/\\\/www.ebihal.hu\\\/#organization\"},\"potentialAction\":[{\"@type\":\"SearchAction\",\"target\":{\"@type\":\"EntryPoint\",\"urlTemplate\":\"https:\\\/\\\/www.ebihal.hu\\\/?s={search_term_string}\"},\"query-input\":{\"@type\":\"PropertyValueSpecification\",\"valueRequired\":true,\"valueName\":\"search_term_string\"}}],\"inLanguage\":\"en-GB\"},{\"@type\":\"Organization\",\"@id\":\"https:\\\/\\\/www.ebihal.hu\\\/#organization\",\"name\":\"Bir\u00f3 Csaba egy\u00e9ni v\u00e1llalkoz\u00f3\",\"url\":\"https:\\\/\\\/www.ebihal.hu\\\/\",\"logo\":{\"@type\":\"ImageObject\",\"inLanguage\":\"en-GB\",\"@id\":\"https:\\\/\\\/www.ebihal.hu\\\/#\\\/schema\\\/logo\\\/image\\\/\",\"url\":\"https:\\\/\\\/www.ebihal.hu\\\/wp-content\\\/uploads\\\/2021\\\/02\\\/brand_logo_mini.png\",\"contentUrl\":\"https:\\\/\\\/www.ebihal.hu\\\/wp-content\\\/uploads\\\/2021\\\/02\\\/brand_logo_mini.png\",\"width\":300,\"height\":300,\"caption\":\"Bir\u00f3 Csaba egy\u00e9ni v\u00e1llalkoz\u00f3\"},\"image\":{\"@id\":\"https:\\\/\\\/www.ebihal.hu\\\/#\\\/schema\\\/logo\\\/image\\\/\"},\"sameAs\":[\"https:\\\/\\\/www.facebook.com\\\/ebihal\"]}]}<\/script>\n<!-- \/ Yoast SEO plugin. -->","yoast_head_json":{"title":"Gurza not-a-knot kapocs wrapping snap - Ebihal","description":"Az ukr\u00e1n Gurza c\u00e9g not-a-knot kapcsai kiv\u00e1l\u00f3 min\u0151s\u00e9g\u0171 rozsdamentes, t\u00fckr\u00f6z\u0151d\u00e9smentes ac\u00e9lb\u00f3l k\u00e9sz\u00fclnek.","robots":{"index":"index","follow":"follow","max-snippet":"max-snippet:-1","max-image-preview":"max-image-preview:large","max-video-preview":"max-video-preview:-1"},"canonical":"https:\/\/www.ebihal.hu\/en\/shop\/kiegeszitok\/szerelvenyek\/gurza-not-a-knot-kapocs-wrapping-snap\/","og_locale":"en_GB","og_type":"article","og_title":"Gurza not-a-knot kapocs wrapping snap - Ebihal","og_description":"Az ukr\u00e1n Gurza c\u00e9g not-a-knot kapcsai kiv\u00e1l\u00f3 min\u0151s\u00e9g\u0171 rozsdamentes, t\u00fckr\u00f6z\u0151d\u00e9smentes ac\u00e9lb\u00f3l k\u00e9sz\u00fclnek.","og_url":"https:\/\/www.ebihal.hu\/en\/shop\/kiegeszitok\/szerelvenyek\/gurza-not-a-knot-kapocs-wrapping-snap\/","og_site_name":"Ebihal","article_publisher":"https:\/\/www.facebook.com\/ebihal","article_modified_time":"2026-03-11T15:06:12+00:00","og_image":[{"width":1000,"height":1000,"url":"https:\/\/www.ebihal.hu\/wp-content\/uploads\/2022\/05\/WRAPPING-SNAP-AC.jpg","type":"image\/jpeg"}],"twitter_card":"summary_large_image","twitter_misc":{"Estimated reading time":"1 minute"},"schema":{"@context":"https:\/\/schema.org","@graph":[{"@type":"WebPage","@id":"https:\/\/www.ebihal.hu\/shop\/kiegeszitok\/szerelvenyek\/gurza-not-a-knot-kapocs-wrapping-snap\/","url":"https:\/\/www.ebihal.hu\/shop\/kiegeszitok\/szerelvenyek\/gurza-not-a-knot-kapocs-wrapping-snap\/","name":"Gurza not-a-knot kapocs wrapping snap - Ebihal","isPartOf":{"@id":"https:\/\/www.ebihal.hu\/#website"},"primaryImageOfPage":{"@id":"https:\/\/www.ebihal.hu\/shop\/kiegeszitok\/szerelvenyek\/gurza-not-a-knot-kapocs-wrapping-snap\/#primaryimage"},"image":{"@id":"https:\/\/www.ebihal.hu\/shop\/kiegeszitok\/szerelvenyek\/gurza-not-a-knot-kapocs-wrapping-snap\/#primaryimage"},"thumbnailUrl":"https:\/\/www.ebihal.hu\/wp-content\/uploads\/2022\/05\/WRAPPING-SNAP-AC.jpg","datePublished":"2022-05-27T16:06:06+00:00","dateModified":"2026-03-11T15:06:12+00:00","description":"Az ukr\u00e1n Gurza c\u00e9g not-a-knot kapcsai kiv\u00e1l\u00f3 min\u0151s\u00e9g\u0171 rozsdamentes, t\u00fckr\u00f6z\u0151d\u00e9smentes ac\u00e9lb\u00f3l k\u00e9sz\u00fclnek.","breadcrumb":{"@id":"https:\/\/www.ebihal.hu\/shop\/kiegeszitok\/szerelvenyek\/gurza-not-a-knot-kapocs-wrapping-snap\/#breadcrumb"},"inLanguage":"en-GB","potentialAction":[{"@type":"ReadAction","target":["https:\/\/www.ebihal.hu\/shop\/kiegeszitok\/szerelvenyek\/gurza-not-a-knot-kapocs-wrapping-snap\/"]}]},{"@type":"ImageObject","inLanguage":"en-GB","@id":"https:\/\/www.ebihal.hu\/shop\/kiegeszitok\/szerelvenyek\/gurza-not-a-knot-kapocs-wrapping-snap\/#primaryimage","url":"https:\/\/www.ebihal.hu\/wp-content\/uploads\/2022\/05\/WRAPPING-SNAP-AC.jpg","contentUrl":"https:\/\/www.ebihal.hu\/wp-content\/uploads\/2022\/05\/WRAPPING-SNAP-AC.jpg","width":1000,"height":1000,"caption":"Gurza not-a-knot kapocs"},{"@type":"BreadcrumbList","@id":"https:\/\/www.ebihal.hu\/shop\/kiegeszitok\/szerelvenyek\/gurza-not-a-knot-kapocs-wrapping-snap\/#breadcrumb","itemListElement":[{"@type":"ListItem","position":1,"name":"Kezd\u0151lap","item":"https:\/\/www.ebihal.hu\/"},{"@type":"ListItem","position":2,"name":"M\u0171csali \u00e1ruh\u00e1z","item":"https:\/\/www.ebihal.hu\/"},{"@type":"ListItem","position":3,"name":"Gurza not-a-knot kapocs wrapping snap"}]},{"@type":"WebSite","@id":"https:\/\/www.ebihal.hu\/#website","url":"https:\/\/www.ebihal.hu\/","name":"Ebihal","description":"Fish &amp; Jigs","publisher":{"@id":"https:\/\/www.ebihal.hu\/#organization"},"potentialAction":[{"@type":"SearchAction","target":{"@type":"EntryPoint","urlTemplate":"https:\/\/www.ebihal.hu\/?s={search_term_string}"},"query-input":{"@type":"PropertyValueSpecification","valueRequired":true,"valueName":"search_term_string"}}],"inLanguage":"en-GB"},{"@type":"Organization","@id":"https:\/\/www.ebihal.hu\/#organization","name":"Bir\u00f3 Csaba egy\u00e9ni v\u00e1llalkoz\u00f3","url":"https:\/\/www.ebihal.hu\/","logo":{"@type":"ImageObject","inLanguage":"en-GB","@id":"https:\/\/www.ebihal.hu\/#\/schema\/logo\/image\/","url":"https:\/\/www.ebihal.hu\/wp-content\/uploads\/2021\/02\/brand_logo_mini.png","contentUrl":"https:\/\/www.ebihal.hu\/wp-content\/uploads\/2021\/02\/brand_logo_mini.png","width":300,"height":300,"caption":"Bir\u00f3 Csaba egy\u00e9ni v\u00e1llalkoz\u00f3"},"image":{"@id":"https:\/\/www.ebihal.hu\/#\/schema\/logo\/image\/"},"sameAs":["https:\/\/www.facebook.com\/ebihal"]}]}},"_links":{"self":[{"href":"https:\/\/www.ebihal.hu\/en\/wp-json\/wp\/v2\/product\/7452","targetHints":{"allow":["GET"]}}],"collection":[{"href":"https:\/\/www.ebihal.hu\/en\/wp-json\/wp\/v2\/product"}],"about":[{"href":"https:\/\/www.ebihal.hu\/en\/wp-json\/wp\/v2\/types\/product"}],"replies":[{"embeddable":true,"href":"https:\/\/www.ebihal.hu\/en\/wp-json\/wp\/v2\/comments?post=7452"}],"wp:featuredmedia":[{"embeddable":true,"href":"https:\/\/www.ebihal.hu\/en\/wp-json\/wp\/v2\/media\/7453"}],"wp:attachment":[{"href":"https:\/\/www.ebihal.hu\/en\/wp-json\/wp\/v2\/media?parent=7452"}],"wp:term":[{"taxonomy":"product_cat","embeddable":true,"href":"https:\/\/www.ebihal.hu\/en\/wp-json\/wp\/v2\/product_cat?post=7452"},{"taxonomy":"product_tag","embeddable":true,"href":"https:\/\/www.ebihal.hu\/en\/wp-json\/wp\/v2\/product_tag?post=7452"}],"curies":[{"name":"wp","href":"https:\/\/api.w.org\/{rel}","templated":true}]}}