{"id":7289,"date":"2022-03-06T09:56:41","date_gmt":"2022-03-06T08:56:41","guid":{"rendered":"https:\/\/www.ebihal.hu\/?post_type=product&#038;p=7289"},"modified":"2025-12-07T16:30:44","modified_gmt":"2025-12-07T15:30:44","slug":"boroda-baits-crawler-45mm-blue-night","status":"publish","type":"product","link":"https:\/\/www.ebihal.hu\/en\/shop\/mucsali\/gumicsali\/boroda-baits\/crawler-45\/boroda-baits-crawler-45mm-blue-night\/","title":{"rendered":"Boroda Baits Crawler 45mm Blue Night"},"content":{"rendered":"<p>A Boroda Baits Crawler &#8222;passz\u00edv&#8221; gumicsalija a folyami r\u00e1k val\u00f3s\u00e1gh\u0171 ut\u00e1nzata. Minden \u00edz\u00e9ben mozog, remeg, mint a kocsonya. Az oll\u00f3i t\u00fals\u00falyozottak, dobver\u0151k\u00e9nt csattognak, mik\u00f6zben a t\u00f6bbi ny\u00falv\u00e1nya is \u00e9l\u00e9nk t\u00e1ncot j\u00e1r. <a href=\"https:\/\/www.ebihal.hu\/en\/shop\/kiegeszitok\/olmok\/jika-rig-olomsuly\/\">Jig rigen<\/a> felk\u00edn\u00e1lva csod\u00e1kra k\u00e9pes. A legjobb r\u00e1kimit\u00e1ci\u00f3nak tartom a piacon.<\/p>\n<p>4,5 cm hossz\u00fa, 2 g s\u00faly\u00fa, arom\u00e1s\u00edtott, s\u00fcllyed\u0151, 6 db\/t\u00e9gely, Blue Night sz\u00edn.<\/p>\n<p><iframe loading=\"lazy\" title=\"YouTube video player\" src=\"https:\/\/www.youtube.com\/embed\/3pgnNZNvtaA?start=207\" width=\"560\" height=\"315\" frameborder=\"0\" allowfullscreen=\"allowfullscreen\"><\/iframe><\/p>\n<h4>Additional information<\/h4>\n<table class=\"woocommerce-product-attributes shop_attributes\" aria-label=\"Product Details\" data-no-translation-aria-label=\"\">\n\t\t\t<tr class=\"woocommerce-product-attributes-item woocommerce-product-attributes-item--attribute_pa_brand\">\n\t\t\t<th class=\"woocommerce-product-attributes-item__label\" scope=\"row\">Brand<\/th>\n\t\t\t<td class=\"woocommerce-product-attributes-item__value\"><p>Boroda Baits<\/p>\n<\/td>\n\t\t<\/tr>\n\t\t\t<tr class=\"woocommerce-product-attributes-item woocommerce-product-attributes-item--attribute_pa_color\">\n\t\t\t<th class=\"woocommerce-product-attributes-item__label\" scope=\"row\">Color<\/th>\n\t\t\t<td class=\"woocommerce-product-attributes-item__value\"><p>Blue Night<\/p>\n<\/td>\n\t\t<\/tr>\n\t\t\t<tr class=\"woocommerce-product-attributes-item woocommerce-product-attributes-item--attribute_pa_szinkod\">\n\t\t\t<th class=\"woocommerce-product-attributes-item__label\" scope=\"row\">Color code<\/th>\n\t\t\t<td class=\"woocommerce-product-attributes-item__value\"><p>139<\/p>\n<\/td>\n\t\t<\/tr>\n\t\t\t<tr class=\"woocommerce-product-attributes-item woocommerce-product-attributes-item--attribute_pa_meret\">\n\t\t\t<th class=\"woocommerce-product-attributes-item__label\" scope=\"row\">Size<\/th>\n\t\t\t<td class=\"woocommerce-product-attributes-item__value\"><p>45 mm<\/p>\n<\/td>\n\t\t<\/tr>\n\t\t\t<tr class=\"woocommerce-product-attributes-item woocommerce-product-attributes-item--attribute_pa_madein\">\n\t\t\t<th class=\"woocommerce-product-attributes-item__label\" scope=\"row\">Country of origin<\/th>\n\t\t\t<td class=\"woocommerce-product-attributes-item__value\"><p>Oroszorsz\u00e1g<\/p>\n<\/td>\n\t\t<\/tr>\n\t\t\t<tr class=\"woocommerce-product-attributes-item woocommerce-product-attributes-item--attribute_pa_kiszereles\">\n\t\t\t<th class=\"woocommerce-product-attributes-item__label\" scope=\"row\">Packaging<\/th>\n\t\t\t<td class=\"woocommerce-product-attributes-item__value\"><p>1 doboz<\/p>\n<\/td>\n\t\t<\/tr>\n\t<\/table>","protected":false},"excerpt":{"rendered":"<p>A Boroda Baits Crawler &#8222;passz\u00edv&#8221; gumicsalija a folyami r\u00e1k val\u00f3s\u00e1gh\u0171 ut\u00e1nzata. Minden \u00edz\u00e9ben mozog, remeg, mint a kocsonya. Az oll\u00f3i t\u00fals\u00falyozottak, dobver\u0151k\u00e9nt csattognak, mik\u00f6zben a t\u00f6bbi ny\u00falv\u00e1nya is \u00e9l\u00e9nk t\u00e1ncot j\u00e1r. Jig rigen felk\u00edn\u00e1lva csod\u00e1kra k\u00e9pes. A legjobb r\u00e1kimit\u00e1ci\u00f3nak tartom a piacon. 4,5 cm hossz\u00fa, 2 g s\u00faly\u00fa, arom\u00e1s\u00edtott, s\u00fcllyed\u0151,&hellip; <\/p>","protected":false},"featured_media":7290,"comment_status":"open","ping_status":"closed","template":"","meta":[],"product_cat":[999,1490,74,40,605],"product_tag":[147,819,148,339,823,821,241,146,373],"class_list":{"0":"post-7289","1":"product","2":"type-product","3":"status-publish","4":"has-post-thumbnail","6":"product_brand-boroda-baits","7":"product_cat-boroda-baits","8":"product_cat-crawler-45","9":"product_cat-gumicsali","10":"product_cat-mucsali","11":"product_cat-ujdonsagok","12":"product_tag-csuka","13":"product_tag-fekete-suger","14":"product_tag-harcsa","15":"product_tag-kosullo","16":"product_tag-no-action","17":"product_tag-rak","18":"product_tag-suger","19":"product_tag-sullo","20":"product_tag-ul","22":"first","23":"instock","24":"sale","25":"shipping-taxable","26":"purchasable","27":"product-type-simple"},"supplier_id":null,"supplier_sku":"","barcode":null,"atum_controlled":true,"out_stock_date":null,"out_stock_threshold":null,"inheritable":false,"inbound_stock":0,"stock_on_hold":0,"sold_today":0,"sales_last_days":0,"reserved_stock":0,"customer_returns":0,"warehouse_damage":0,"lost_in_post":0,"other_logs":0,"out_stock_days":0,"lost_sales":0,"has_location":false,"update_date":"2026-04-09T00:27:35","atum_locations":[],"atum_stock_status":"instock","restock_status":false,"low_stock_amount":"","sales_update_date":"2026-04-09T00:27:35","calc_backorders":null,"yoast_head":"<!-- This site is optimized with the Yoast SEO plugin v27.3 - https:\/\/yoast.com\/product\/yoast-seo-wordpress\/ -->\n<title>Boroda Baits Crawler 45mm Blue Night - Ebihal<\/title>\n<meta name=\"description\" content=\"A Boroda Baits Crawler &quot;passz\u00edv&quot; gumicsalija a folyami r\u00e1k val\u00f3s\u00e1gh\u0171 ut\u00e1nzata. Minden \u00edz\u00e9ben mozog, remeg, mint a kocsonya. Blue Night.\" \/>\n<meta name=\"robots\" content=\"index, follow, max-snippet:-1, max-image-preview:large, max-video-preview:-1\" \/>\n<link rel=\"canonical\" href=\"https:\/\/www.ebihal.hu\/en\/shop\/mucsali\/gumicsali\/boroda-baits\/crawler-45\/boroda-baits-crawler-45mm-blue-night\/\" \/>\n<meta property=\"og:locale\" content=\"en_GB\" \/>\n<meta property=\"og:type\" content=\"article\" \/>\n<meta property=\"og:title\" content=\"Boroda Baits Crawler 45mm Blue Night - Ebihal\" \/>\n<meta property=\"og:description\" content=\"A Boroda Baits Crawler &quot;passz\u00edv&quot; gumicsalija a folyami r\u00e1k val\u00f3s\u00e1gh\u0171 ut\u00e1nzata. Minden \u00edz\u00e9ben mozog, remeg, mint a kocsonya. Blue Night.\" \/>\n<meta property=\"og:url\" content=\"https:\/\/www.ebihal.hu\/en\/shop\/mucsali\/gumicsali\/boroda-baits\/crawler-45\/boroda-baits-crawler-45mm-blue-night\/\" \/>\n<meta property=\"og:site_name\" content=\"Ebihal\" \/>\n<meta property=\"article:publisher\" content=\"https:\/\/www.facebook.com\/ebihal\" \/>\n<meta property=\"article:modified_time\" content=\"2025-12-07T15:30:44+00:00\" \/>\n<meta property=\"og:image\" content=\"https:\/\/www.ebihal.hu\/wp-content\/uploads\/2022\/03\/139_blue-night.jpg\" \/>\n\t<meta property=\"og:image:width\" content=\"500\" \/>\n\t<meta property=\"og:image:height\" content=\"500\" \/>\n\t<meta property=\"og:image:type\" content=\"image\/jpeg\" \/>\n<meta name=\"twitter:card\" content=\"summary_large_image\" \/>\n<meta name=\"twitter:label1\" content=\"Estimated reading time\" \/>\n\t<meta name=\"twitter:data1\" content=\"1 minute\" \/>\n<script type=\"application\/ld+json\" class=\"yoast-schema-graph\">{\"@context\":\"https:\\\/\\\/schema.org\",\"@graph\":[{\"@type\":\"WebPage\",\"@id\":\"https:\\\/\\\/www.ebihal.hu\\\/shop\\\/mucsali\\\/gumicsali\\\/boroda-baits\\\/crawler-45\\\/boroda-baits-crawler-45mm-blue-night\\\/\",\"url\":\"https:\\\/\\\/www.ebihal.hu\\\/shop\\\/mucsali\\\/gumicsali\\\/boroda-baits\\\/crawler-45\\\/boroda-baits-crawler-45mm-blue-night\\\/\",\"name\":\"Boroda Baits Crawler 45mm Blue Night - Ebihal\",\"isPartOf\":{\"@id\":\"https:\\\/\\\/www.ebihal.hu\\\/#website\"},\"primaryImageOfPage\":{\"@id\":\"https:\\\/\\\/www.ebihal.hu\\\/shop\\\/mucsali\\\/gumicsali\\\/boroda-baits\\\/crawler-45\\\/boroda-baits-crawler-45mm-blue-night\\\/#primaryimage\"},\"image\":{\"@id\":\"https:\\\/\\\/www.ebihal.hu\\\/shop\\\/mucsali\\\/gumicsali\\\/boroda-baits\\\/crawler-45\\\/boroda-baits-crawler-45mm-blue-night\\\/#primaryimage\"},\"thumbnailUrl\":\"https:\\\/\\\/www.ebihal.hu\\\/wp-content\\\/uploads\\\/2022\\\/03\\\/139_blue-night.jpg\",\"datePublished\":\"2022-03-06T08:56:41+00:00\",\"dateModified\":\"2025-12-07T15:30:44+00:00\",\"description\":\"A Boroda Baits Crawler \\\"passz\u00edv\\\" gumicsalija a folyami r\u00e1k val\u00f3s\u00e1gh\u0171 ut\u00e1nzata. Minden \u00edz\u00e9ben mozog, remeg, mint a kocsonya. Blue Night.\",\"breadcrumb\":{\"@id\":\"https:\\\/\\\/www.ebihal.hu\\\/shop\\\/mucsali\\\/gumicsali\\\/boroda-baits\\\/crawler-45\\\/boroda-baits-crawler-45mm-blue-night\\\/#breadcrumb\"},\"inLanguage\":\"en-GB\",\"potentialAction\":[{\"@type\":\"ReadAction\",\"target\":[\"https:\\\/\\\/www.ebihal.hu\\\/shop\\\/mucsali\\\/gumicsali\\\/boroda-baits\\\/crawler-45\\\/boroda-baits-crawler-45mm-blue-night\\\/\"]}]},{\"@type\":\"ImageObject\",\"inLanguage\":\"en-GB\",\"@id\":\"https:\\\/\\\/www.ebihal.hu\\\/shop\\\/mucsali\\\/gumicsali\\\/boroda-baits\\\/crawler-45\\\/boroda-baits-crawler-45mm-blue-night\\\/#primaryimage\",\"url\":\"https:\\\/\\\/www.ebihal.hu\\\/wp-content\\\/uploads\\\/2022\\\/03\\\/139_blue-night.jpg\",\"contentUrl\":\"https:\\\/\\\/www.ebihal.hu\\\/wp-content\\\/uploads\\\/2022\\\/03\\\/139_blue-night.jpg\",\"width\":500,\"height\":500,\"caption\":\"Boroda Baits Crawler gumicsali Blue Night\"},{\"@type\":\"BreadcrumbList\",\"@id\":\"https:\\\/\\\/www.ebihal.hu\\\/shop\\\/mucsali\\\/gumicsali\\\/boroda-baits\\\/crawler-45\\\/boroda-baits-crawler-45mm-blue-night\\\/#breadcrumb\",\"itemListElement\":[{\"@type\":\"ListItem\",\"position\":1,\"name\":\"Kezd\u0151lap\",\"item\":\"https:\\\/\\\/www.ebihal.hu\\\/\"},{\"@type\":\"ListItem\",\"position\":2,\"name\":\"M\u0171csali \u00e1ruh\u00e1z\",\"item\":\"https:\\\/\\\/www.ebihal.hu\\\/\"},{\"@type\":\"ListItem\",\"position\":3,\"name\":\"Boroda Baits Crawler 45mm Blue Night\"}]},{\"@type\":\"WebSite\",\"@id\":\"https:\\\/\\\/www.ebihal.hu\\\/#website\",\"url\":\"https:\\\/\\\/www.ebihal.hu\\\/\",\"name\":\"Ebihal\",\"description\":\"Fish &amp; Jigs\",\"publisher\":{\"@id\":\"https:\\\/\\\/www.ebihal.hu\\\/#organization\"},\"potentialAction\":[{\"@type\":\"SearchAction\",\"target\":{\"@type\":\"EntryPoint\",\"urlTemplate\":\"https:\\\/\\\/www.ebihal.hu\\\/?s={search_term_string}\"},\"query-input\":{\"@type\":\"PropertyValueSpecification\",\"valueRequired\":true,\"valueName\":\"search_term_string\"}}],\"inLanguage\":\"en-GB\"},{\"@type\":\"Organization\",\"@id\":\"https:\\\/\\\/www.ebihal.hu\\\/#organization\",\"name\":\"Bir\u00f3 Csaba egy\u00e9ni v\u00e1llalkoz\u00f3\",\"url\":\"https:\\\/\\\/www.ebihal.hu\\\/\",\"logo\":{\"@type\":\"ImageObject\",\"inLanguage\":\"en-GB\",\"@id\":\"https:\\\/\\\/www.ebihal.hu\\\/#\\\/schema\\\/logo\\\/image\\\/\",\"url\":\"https:\\\/\\\/www.ebihal.hu\\\/wp-content\\\/uploads\\\/2021\\\/02\\\/brand_logo_mini.png\",\"contentUrl\":\"https:\\\/\\\/www.ebihal.hu\\\/wp-content\\\/uploads\\\/2021\\\/02\\\/brand_logo_mini.png\",\"width\":300,\"height\":300,\"caption\":\"Bir\u00f3 Csaba egy\u00e9ni v\u00e1llalkoz\u00f3\"},\"image\":{\"@id\":\"https:\\\/\\\/www.ebihal.hu\\\/#\\\/schema\\\/logo\\\/image\\\/\"},\"sameAs\":[\"https:\\\/\\\/www.facebook.com\\\/ebihal\"]}]}<\/script>\n<!-- \/ Yoast SEO plugin. -->","yoast_head_json":{"title":"Boroda Baits Crawler 45mm Blue Night - Ebihal","description":"A Boroda Baits Crawler \"passz\u00edv\" gumicsalija a folyami r\u00e1k val\u00f3s\u00e1gh\u0171 ut\u00e1nzata. Minden \u00edz\u00e9ben mozog, remeg, mint a kocsonya. Blue Night.","robots":{"index":"index","follow":"follow","max-snippet":"max-snippet:-1","max-image-preview":"max-image-preview:large","max-video-preview":"max-video-preview:-1"},"canonical":"https:\/\/www.ebihal.hu\/en\/shop\/mucsali\/gumicsali\/boroda-baits\/crawler-45\/boroda-baits-crawler-45mm-blue-night\/","og_locale":"en_GB","og_type":"article","og_title":"Boroda Baits Crawler 45mm Blue Night - Ebihal","og_description":"A Boroda Baits Crawler \"passz\u00edv\" gumicsalija a folyami r\u00e1k val\u00f3s\u00e1gh\u0171 ut\u00e1nzata. Minden \u00edz\u00e9ben mozog, remeg, mint a kocsonya. Blue Night.","og_url":"https:\/\/www.ebihal.hu\/en\/shop\/mucsali\/gumicsali\/boroda-baits\/crawler-45\/boroda-baits-crawler-45mm-blue-night\/","og_site_name":"Ebihal","article_publisher":"https:\/\/www.facebook.com\/ebihal","article_modified_time":"2025-12-07T15:30:44+00:00","og_image":[{"width":500,"height":500,"url":"https:\/\/www.ebihal.hu\/wp-content\/uploads\/2022\/03\/139_blue-night.jpg","type":"image\/jpeg"}],"twitter_card":"summary_large_image","twitter_misc":{"Estimated reading time":"1 minute"},"schema":{"@context":"https:\/\/schema.org","@graph":[{"@type":"WebPage","@id":"https:\/\/www.ebihal.hu\/shop\/mucsali\/gumicsali\/boroda-baits\/crawler-45\/boroda-baits-crawler-45mm-blue-night\/","url":"https:\/\/www.ebihal.hu\/shop\/mucsali\/gumicsali\/boroda-baits\/crawler-45\/boroda-baits-crawler-45mm-blue-night\/","name":"Boroda Baits Crawler 45mm Blue Night - Ebihal","isPartOf":{"@id":"https:\/\/www.ebihal.hu\/#website"},"primaryImageOfPage":{"@id":"https:\/\/www.ebihal.hu\/shop\/mucsali\/gumicsali\/boroda-baits\/crawler-45\/boroda-baits-crawler-45mm-blue-night\/#primaryimage"},"image":{"@id":"https:\/\/www.ebihal.hu\/shop\/mucsali\/gumicsali\/boroda-baits\/crawler-45\/boroda-baits-crawler-45mm-blue-night\/#primaryimage"},"thumbnailUrl":"https:\/\/www.ebihal.hu\/wp-content\/uploads\/2022\/03\/139_blue-night.jpg","datePublished":"2022-03-06T08:56:41+00:00","dateModified":"2025-12-07T15:30:44+00:00","description":"A Boroda Baits Crawler \"passz\u00edv\" gumicsalija a folyami r\u00e1k val\u00f3s\u00e1gh\u0171 ut\u00e1nzata. Minden \u00edz\u00e9ben mozog, remeg, mint a kocsonya. Blue Night.","breadcrumb":{"@id":"https:\/\/www.ebihal.hu\/shop\/mucsali\/gumicsali\/boroda-baits\/crawler-45\/boroda-baits-crawler-45mm-blue-night\/#breadcrumb"},"inLanguage":"en-GB","potentialAction":[{"@type":"ReadAction","target":["https:\/\/www.ebihal.hu\/shop\/mucsali\/gumicsali\/boroda-baits\/crawler-45\/boroda-baits-crawler-45mm-blue-night\/"]}]},{"@type":"ImageObject","inLanguage":"en-GB","@id":"https:\/\/www.ebihal.hu\/shop\/mucsali\/gumicsali\/boroda-baits\/crawler-45\/boroda-baits-crawler-45mm-blue-night\/#primaryimage","url":"https:\/\/www.ebihal.hu\/wp-content\/uploads\/2022\/03\/139_blue-night.jpg","contentUrl":"https:\/\/www.ebihal.hu\/wp-content\/uploads\/2022\/03\/139_blue-night.jpg","width":500,"height":500,"caption":"Boroda Baits Crawler gumicsali Blue Night"},{"@type":"BreadcrumbList","@id":"https:\/\/www.ebihal.hu\/shop\/mucsali\/gumicsali\/boroda-baits\/crawler-45\/boroda-baits-crawler-45mm-blue-night\/#breadcrumb","itemListElement":[{"@type":"ListItem","position":1,"name":"Kezd\u0151lap","item":"https:\/\/www.ebihal.hu\/"},{"@type":"ListItem","position":2,"name":"M\u0171csali \u00e1ruh\u00e1z","item":"https:\/\/www.ebihal.hu\/"},{"@type":"ListItem","position":3,"name":"Boroda Baits Crawler 45mm Blue Night"}]},{"@type":"WebSite","@id":"https:\/\/www.ebihal.hu\/#website","url":"https:\/\/www.ebihal.hu\/","name":"Ebihal","description":"Fish &amp; Jigs","publisher":{"@id":"https:\/\/www.ebihal.hu\/#organization"},"potentialAction":[{"@type":"SearchAction","target":{"@type":"EntryPoint","urlTemplate":"https:\/\/www.ebihal.hu\/?s={search_term_string}"},"query-input":{"@type":"PropertyValueSpecification","valueRequired":true,"valueName":"search_term_string"}}],"inLanguage":"en-GB"},{"@type":"Organization","@id":"https:\/\/www.ebihal.hu\/#organization","name":"Bir\u00f3 Csaba egy\u00e9ni v\u00e1llalkoz\u00f3","url":"https:\/\/www.ebihal.hu\/","logo":{"@type":"ImageObject","inLanguage":"en-GB","@id":"https:\/\/www.ebihal.hu\/#\/schema\/logo\/image\/","url":"https:\/\/www.ebihal.hu\/wp-content\/uploads\/2021\/02\/brand_logo_mini.png","contentUrl":"https:\/\/www.ebihal.hu\/wp-content\/uploads\/2021\/02\/brand_logo_mini.png","width":300,"height":300,"caption":"Bir\u00f3 Csaba egy\u00e9ni v\u00e1llalkoz\u00f3"},"image":{"@id":"https:\/\/www.ebihal.hu\/#\/schema\/logo\/image\/"},"sameAs":["https:\/\/www.facebook.com\/ebihal"]}]}},"_links":{"self":[{"href":"https:\/\/www.ebihal.hu\/en\/wp-json\/wp\/v2\/product\/7289","targetHints":{"allow":["GET"]}}],"collection":[{"href":"https:\/\/www.ebihal.hu\/en\/wp-json\/wp\/v2\/product"}],"about":[{"href":"https:\/\/www.ebihal.hu\/en\/wp-json\/wp\/v2\/types\/product"}],"replies":[{"embeddable":true,"href":"https:\/\/www.ebihal.hu\/en\/wp-json\/wp\/v2\/comments?post=7289"}],"wp:featuredmedia":[{"embeddable":true,"href":"https:\/\/www.ebihal.hu\/en\/wp-json\/wp\/v2\/media\/7290"}],"wp:attachment":[{"href":"https:\/\/www.ebihal.hu\/en\/wp-json\/wp\/v2\/media?parent=7289"}],"wp:term":[{"taxonomy":"product_cat","embeddable":true,"href":"https:\/\/www.ebihal.hu\/en\/wp-json\/wp\/v2\/product_cat?post=7289"},{"taxonomy":"product_tag","embeddable":true,"href":"https:\/\/www.ebihal.hu\/en\/wp-json\/wp\/v2\/product_tag?post=7289"}],"curies":[{"name":"wp","href":"https:\/\/api.w.org\/{rel}","templated":true}]}}