{"id":6988,"date":"2022-01-24T13:42:17","date_gmt":"2022-01-24T12:42:17","guid":{"rendered":"https:\/\/www.ebihal.hu\/?post_type=product&#038;p=6988"},"modified":"2026-03-28T23:35:10","modified_gmt":"2026-03-28T22:35:10","slug":"jig-rig-szivar-alaku-olom","status":"publish","type":"product","link":"https:\/\/www.ebihal.hu\/en\/shop\/kiegeszitok\/olom-tungsten-sulyok\/olom-sulyok\/jig-rig-szivar-alaku-olom\/","title":{"rendered":"Jig-rig, jika rig szivar p\u00e1lca alak\u00fa \u00f3lom"},"content":{"rendered":"<p>Szivar alak\u00fa, \u00f3lomb\u00f3l \u00f6nt\u00f6tt rigjeinket 3, 3.5, 4, 5, 7 \u00e9s 10 grammos m\u00e9retben forgalmazzuk.<\/p>\n<h4>Additional information<\/h4>\n<table class=\"woocommerce-product-attributes shop_attributes\" aria-label=\"Product Details\" data-no-translation-aria-label=\"\">\n\t\t\t<tr class=\"woocommerce-product-attributes-item woocommerce-product-attributes-item--weight\">\n\t\t\t<th class=\"woocommerce-product-attributes-item__label\" scope=\"row\" data-no-translation=\"\" data-trp-gettext=\"\">Weight<\/th>\n\t\t\t<td class=\"woocommerce-product-attributes-item__value\" data-no-translation=\"\" data-trp-gettext=\"\">N\/A<\/td>\n\t\t<\/tr>\n\t\t\t<tr class=\"woocommerce-product-attributes-item woocommerce-product-attributes-item--attribute_pa_brand\">\n\t\t\t<th class=\"woocommerce-product-attributes-item__label\" scope=\"row\">Brand<\/th>\n\t\t\t<td class=\"woocommerce-product-attributes-item__value\"><p>Ebihal<\/p>\n<\/td>\n\t\t<\/tr>\n\t\t\t<tr class=\"woocommerce-product-attributes-item woocommerce-product-attributes-item--attribute_pa_meret\">\n\t\t\t<th class=\"woocommerce-product-attributes-item__label\" scope=\"row\">Size<\/th>\n\t\t\t<td class=\"woocommerce-product-attributes-item__value\"><p>3g, 3.5g, 4g, 5g, 7g, 10g<\/p>\n<\/td>\n\t\t<\/tr>\n\t\t\t<tr class=\"woocommerce-product-attributes-item woocommerce-product-attributes-item--attribute_pa_madein\">\n\t\t\t<th class=\"woocommerce-product-attributes-item__label\" scope=\"row\">Country of origin<\/th>\n\t\t\t<td class=\"woocommerce-product-attributes-item__value\"><p>Ukrajna<\/p>\n<\/td>\n\t\t<\/tr>\n\t\t\t<tr class=\"woocommerce-product-attributes-item woocommerce-product-attributes-item--attribute_pa_kiszereles\">\n\t\t\t<th class=\"woocommerce-product-attributes-item__label\" scope=\"row\">Packaging<\/th>\n\t\t\t<td class=\"woocommerce-product-attributes-item__value\"><p>1 piece<\/p>\n<\/td>\n\t\t<\/tr>\n\t<\/table>","protected":false},"excerpt":{"rendered":"<p>1 db \u00f3lom<\/p>","protected":false},"featured_media":6989,"comment_status":"open","ping_status":"closed","template":"","meta":[],"product_cat":[1499,98],"product_tag":[1270],"class_list":{"0":"post-6988","1":"product","2":"type-product","3":"status-publish","4":"has-post-thumbnail","6":"product_brand-ebihal","7":"product_cat-olom-sulyok","8":"product_cat-olom-tungsten-sulyok","9":"product_tag-jig-rig","11":"first","12":"instock","13":"shipping-taxable","14":"purchasable","15":"product-type-variable"},"supplier_id":null,"supplier_sku":"","barcode":null,"atum_controlled":true,"out_stock_date":null,"out_stock_threshold":null,"inheritable":true,"inbound_stock":0,"stock_on_hold":0,"sold_today":0,"sales_last_days":0,"reserved_stock":0,"customer_returns":0,"warehouse_damage":0,"lost_in_post":0,"other_logs":0,"out_stock_days":0,"lost_sales":0,"has_location":false,"update_date":"2026-04-15T00:31:46","atum_locations":[],"atum_stock_status":"instock","restock_status":false,"low_stock_amount":"","sales_update_date":"2026-04-15T00:31:46","calc_backorders":null,"yoast_head":"<!-- This site is optimized with the Yoast SEO plugin v27.4 - https:\/\/yoast.com\/product\/yoast-seo-wordpress\/ -->\n<title>Jig-rig, jika rig szivar p\u00e1lca alak\u00fa \u00f3lom - Ebihal<\/title>\n<meta name=\"description\" content=\"Szivar alak\u00fa, \u00f3lomb\u00f3l \u00f6nt\u00f6tt rigjeinket 3, 3.5, 4, 5, 7\u00e9s 10 grammos m\u00e9retben forgalmazzuk. Jika rig, jig rig, Texas rig, Carolina rig.\" \/>\n<meta name=\"robots\" content=\"index, follow, max-snippet:-1, max-image-preview:large, max-video-preview:-1\" \/>\n<link rel=\"canonical\" href=\"https:\/\/www.ebihal.hu\/en\/shop\/kiegeszitok\/olom-tungsten-sulyok\/olom-sulyok\/jig-rig-szivar-alaku-olom\/\" \/>\n<meta property=\"og:locale\" content=\"en_GB\" \/>\n<meta property=\"og:type\" content=\"article\" \/>\n<meta property=\"og:title\" content=\"Jig-rig, jika rig szivar p\u00e1lca alak\u00fa \u00f3lom - Ebihal\" \/>\n<meta property=\"og:description\" content=\"Szivar alak\u00fa, \u00f3lomb\u00f3l \u00f6nt\u00f6tt rigjeinket 3, 3.5, 4, 5, 7\u00e9s 10 grammos m\u00e9retben forgalmazzuk. Jika rig, jig rig, Texas rig, Carolina rig.\" \/>\n<meta property=\"og:url\" content=\"https:\/\/www.ebihal.hu\/en\/shop\/kiegeszitok\/olom-tungsten-sulyok\/olom-sulyok\/jig-rig-szivar-alaku-olom\/\" \/>\n<meta property=\"og:site_name\" content=\"Ebihal\" \/>\n<meta property=\"article:publisher\" content=\"https:\/\/www.facebook.com\/ebihal\" \/>\n<meta property=\"article:modified_time\" content=\"2026-03-28T22:35:10+00:00\" \/>\n<meta property=\"og:image\" content=\"https:\/\/www.ebihal.hu\/wp-content\/uploads\/2022\/01\/jigrig-szivar.jpg\" \/>\n\t<meta property=\"og:image:width\" content=\"600\" \/>\n\t<meta property=\"og:image:height\" content=\"600\" \/>\n\t<meta property=\"og:image:type\" content=\"image\/jpeg\" \/>\n<meta name=\"twitter:card\" content=\"summary_large_image\" \/>\n<meta name=\"twitter:label1\" content=\"Estimated reading time\" \/>\n\t<meta name=\"twitter:data1\" content=\"1 minute\" \/>\n<script type=\"application\/ld+json\" class=\"yoast-schema-graph\">{\"@context\":\"https:\\\/\\\/schema.org\",\"@graph\":[{\"@type\":\"WebPage\",\"@id\":\"https:\\\/\\\/www.ebihal.hu\\\/shop\\\/kiegeszitok\\\/olom-tungsten-sulyok\\\/olom-sulyok\\\/jig-rig-szivar-alaku-olom\\\/\",\"url\":\"https:\\\/\\\/www.ebihal.hu\\\/shop\\\/kiegeszitok\\\/olom-tungsten-sulyok\\\/olom-sulyok\\\/jig-rig-szivar-alaku-olom\\\/\",\"name\":\"Jig-rig, jika rig szivar p\u00e1lca alak\u00fa \u00f3lom - Ebihal\",\"isPartOf\":{\"@id\":\"https:\\\/\\\/www.ebihal.hu\\\/#website\"},\"primaryImageOfPage\":{\"@id\":\"https:\\\/\\\/www.ebihal.hu\\\/shop\\\/kiegeszitok\\\/olom-tungsten-sulyok\\\/olom-sulyok\\\/jig-rig-szivar-alaku-olom\\\/#primaryimage\"},\"image\":{\"@id\":\"https:\\\/\\\/www.ebihal.hu\\\/shop\\\/kiegeszitok\\\/olom-tungsten-sulyok\\\/olom-sulyok\\\/jig-rig-szivar-alaku-olom\\\/#primaryimage\"},\"thumbnailUrl\":\"https:\\\/\\\/www.ebihal.hu\\\/wp-content\\\/uploads\\\/2022\\\/01\\\/jigrig-szivar.jpg\",\"datePublished\":\"2022-01-24T12:42:17+00:00\",\"dateModified\":\"2026-03-28T22:35:10+00:00\",\"description\":\"Szivar alak\u00fa, \u00f3lomb\u00f3l \u00f6nt\u00f6tt rigjeinket 3, 3.5, 4, 5, 7\u00e9s 10 grammos m\u00e9retben forgalmazzuk. Jika rig, jig rig, Texas rig, Carolina rig.\",\"breadcrumb\":{\"@id\":\"https:\\\/\\\/www.ebihal.hu\\\/shop\\\/kiegeszitok\\\/olom-tungsten-sulyok\\\/olom-sulyok\\\/jig-rig-szivar-alaku-olom\\\/#breadcrumb\"},\"inLanguage\":\"en-GB\",\"potentialAction\":[{\"@type\":\"ReadAction\",\"target\":[\"https:\\\/\\\/www.ebihal.hu\\\/shop\\\/kiegeszitok\\\/olom-tungsten-sulyok\\\/olom-sulyok\\\/jig-rig-szivar-alaku-olom\\\/\"]}]},{\"@type\":\"ImageObject\",\"inLanguage\":\"en-GB\",\"@id\":\"https:\\\/\\\/www.ebihal.hu\\\/shop\\\/kiegeszitok\\\/olom-tungsten-sulyok\\\/olom-sulyok\\\/jig-rig-szivar-alaku-olom\\\/#primaryimage\",\"url\":\"https:\\\/\\\/www.ebihal.hu\\\/wp-content\\\/uploads\\\/2022\\\/01\\\/jigrig-szivar.jpg\",\"contentUrl\":\"https:\\\/\\\/www.ebihal.hu\\\/wp-content\\\/uploads\\\/2022\\\/01\\\/jigrig-szivar.jpg\",\"width\":600,\"height\":600,\"caption\":\"Jig rig\"},{\"@type\":\"BreadcrumbList\",\"@id\":\"https:\\\/\\\/www.ebihal.hu\\\/shop\\\/kiegeszitok\\\/olom-tungsten-sulyok\\\/olom-sulyok\\\/jig-rig-szivar-alaku-olom\\\/#breadcrumb\",\"itemListElement\":[{\"@type\":\"ListItem\",\"position\":1,\"name\":\"Kezd\u0151lap\",\"item\":\"https:\\\/\\\/www.ebihal.hu\\\/\"},{\"@type\":\"ListItem\",\"position\":2,\"name\":\"M\u0171csali \u00e1ruh\u00e1z\",\"item\":\"https:\\\/\\\/www.ebihal.hu\\\/\"},{\"@type\":\"ListItem\",\"position\":3,\"name\":\"Jig-rig, jika rig szivar p\u00e1lca alak\u00fa \u00f3lom\"}]},{\"@type\":\"WebSite\",\"@id\":\"https:\\\/\\\/www.ebihal.hu\\\/#website\",\"url\":\"https:\\\/\\\/www.ebihal.hu\\\/\",\"name\":\"Ebihal\",\"description\":\"Fish &amp; Jigs\",\"publisher\":{\"@id\":\"https:\\\/\\\/www.ebihal.hu\\\/#organization\"},\"potentialAction\":[{\"@type\":\"SearchAction\",\"target\":{\"@type\":\"EntryPoint\",\"urlTemplate\":\"https:\\\/\\\/www.ebihal.hu\\\/?s={search_term_string}\"},\"query-input\":{\"@type\":\"PropertyValueSpecification\",\"valueRequired\":true,\"valueName\":\"search_term_string\"}}],\"inLanguage\":\"en-GB\"},{\"@type\":\"Organization\",\"@id\":\"https:\\\/\\\/www.ebihal.hu\\\/#organization\",\"name\":\"Bir\u00f3 Csaba egy\u00e9ni v\u00e1llalkoz\u00f3\",\"url\":\"https:\\\/\\\/www.ebihal.hu\\\/\",\"logo\":{\"@type\":\"ImageObject\",\"inLanguage\":\"en-GB\",\"@id\":\"https:\\\/\\\/www.ebihal.hu\\\/#\\\/schema\\\/logo\\\/image\\\/\",\"url\":\"https:\\\/\\\/www.ebihal.hu\\\/wp-content\\\/uploads\\\/2021\\\/02\\\/brand_logo_mini.png\",\"contentUrl\":\"https:\\\/\\\/www.ebihal.hu\\\/wp-content\\\/uploads\\\/2021\\\/02\\\/brand_logo_mini.png\",\"width\":300,\"height\":300,\"caption\":\"Bir\u00f3 Csaba egy\u00e9ni v\u00e1llalkoz\u00f3\"},\"image\":{\"@id\":\"https:\\\/\\\/www.ebihal.hu\\\/#\\\/schema\\\/logo\\\/image\\\/\"},\"sameAs\":[\"https:\\\/\\\/www.facebook.com\\\/ebihal\"]}]}<\/script>\n<!-- \/ Yoast SEO plugin. -->","yoast_head_json":{"title":"Jig-rig, jika rig szivar p\u00e1lca alak\u00fa \u00f3lom - Ebihal","description":"Szivar alak\u00fa, \u00f3lomb\u00f3l \u00f6nt\u00f6tt rigjeinket 3, 3.5, 4, 5, 7\u00e9s 10 grammos m\u00e9retben forgalmazzuk. Jika rig, jig rig, Texas rig, Carolina rig.","robots":{"index":"index","follow":"follow","max-snippet":"max-snippet:-1","max-image-preview":"max-image-preview:large","max-video-preview":"max-video-preview:-1"},"canonical":"https:\/\/www.ebihal.hu\/en\/shop\/kiegeszitok\/olom-tungsten-sulyok\/olom-sulyok\/jig-rig-szivar-alaku-olom\/","og_locale":"en_GB","og_type":"article","og_title":"Jig-rig, jika rig szivar p\u00e1lca alak\u00fa \u00f3lom - Ebihal","og_description":"Szivar alak\u00fa, \u00f3lomb\u00f3l \u00f6nt\u00f6tt rigjeinket 3, 3.5, 4, 5, 7\u00e9s 10 grammos m\u00e9retben forgalmazzuk. Jika rig, jig rig, Texas rig, Carolina rig.","og_url":"https:\/\/www.ebihal.hu\/en\/shop\/kiegeszitok\/olom-tungsten-sulyok\/olom-sulyok\/jig-rig-szivar-alaku-olom\/","og_site_name":"Ebihal","article_publisher":"https:\/\/www.facebook.com\/ebihal","article_modified_time":"2026-03-28T22:35:10+00:00","og_image":[{"width":600,"height":600,"url":"https:\/\/www.ebihal.hu\/wp-content\/uploads\/2022\/01\/jigrig-szivar.jpg","type":"image\/jpeg"}],"twitter_card":"summary_large_image","twitter_misc":{"Estimated reading time":"1 minute"},"schema":{"@context":"https:\/\/schema.org","@graph":[{"@type":"WebPage","@id":"https:\/\/www.ebihal.hu\/shop\/kiegeszitok\/olom-tungsten-sulyok\/olom-sulyok\/jig-rig-szivar-alaku-olom\/","url":"https:\/\/www.ebihal.hu\/shop\/kiegeszitok\/olom-tungsten-sulyok\/olom-sulyok\/jig-rig-szivar-alaku-olom\/","name":"Jig-rig, jika rig szivar p\u00e1lca alak\u00fa \u00f3lom - Ebihal","isPartOf":{"@id":"https:\/\/www.ebihal.hu\/#website"},"primaryImageOfPage":{"@id":"https:\/\/www.ebihal.hu\/shop\/kiegeszitok\/olom-tungsten-sulyok\/olom-sulyok\/jig-rig-szivar-alaku-olom\/#primaryimage"},"image":{"@id":"https:\/\/www.ebihal.hu\/shop\/kiegeszitok\/olom-tungsten-sulyok\/olom-sulyok\/jig-rig-szivar-alaku-olom\/#primaryimage"},"thumbnailUrl":"https:\/\/www.ebihal.hu\/wp-content\/uploads\/2022\/01\/jigrig-szivar.jpg","datePublished":"2022-01-24T12:42:17+00:00","dateModified":"2026-03-28T22:35:10+00:00","description":"Szivar alak\u00fa, \u00f3lomb\u00f3l \u00f6nt\u00f6tt rigjeinket 3, 3.5, 4, 5, 7\u00e9s 10 grammos m\u00e9retben forgalmazzuk. Jika rig, jig rig, Texas rig, Carolina rig.","breadcrumb":{"@id":"https:\/\/www.ebihal.hu\/shop\/kiegeszitok\/olom-tungsten-sulyok\/olom-sulyok\/jig-rig-szivar-alaku-olom\/#breadcrumb"},"inLanguage":"en-GB","potentialAction":[{"@type":"ReadAction","target":["https:\/\/www.ebihal.hu\/shop\/kiegeszitok\/olom-tungsten-sulyok\/olom-sulyok\/jig-rig-szivar-alaku-olom\/"]}]},{"@type":"ImageObject","inLanguage":"en-GB","@id":"https:\/\/www.ebihal.hu\/shop\/kiegeszitok\/olom-tungsten-sulyok\/olom-sulyok\/jig-rig-szivar-alaku-olom\/#primaryimage","url":"https:\/\/www.ebihal.hu\/wp-content\/uploads\/2022\/01\/jigrig-szivar.jpg","contentUrl":"https:\/\/www.ebihal.hu\/wp-content\/uploads\/2022\/01\/jigrig-szivar.jpg","width":600,"height":600,"caption":"Jig rig"},{"@type":"BreadcrumbList","@id":"https:\/\/www.ebihal.hu\/shop\/kiegeszitok\/olom-tungsten-sulyok\/olom-sulyok\/jig-rig-szivar-alaku-olom\/#breadcrumb","itemListElement":[{"@type":"ListItem","position":1,"name":"Kezd\u0151lap","item":"https:\/\/www.ebihal.hu\/"},{"@type":"ListItem","position":2,"name":"M\u0171csali \u00e1ruh\u00e1z","item":"https:\/\/www.ebihal.hu\/"},{"@type":"ListItem","position":3,"name":"Jig-rig, jika rig szivar p\u00e1lca alak\u00fa \u00f3lom"}]},{"@type":"WebSite","@id":"https:\/\/www.ebihal.hu\/#website","url":"https:\/\/www.ebihal.hu\/","name":"Ebihal","description":"Fish &amp; Jigs","publisher":{"@id":"https:\/\/www.ebihal.hu\/#organization"},"potentialAction":[{"@type":"SearchAction","target":{"@type":"EntryPoint","urlTemplate":"https:\/\/www.ebihal.hu\/?s={search_term_string}"},"query-input":{"@type":"PropertyValueSpecification","valueRequired":true,"valueName":"search_term_string"}}],"inLanguage":"en-GB"},{"@type":"Organization","@id":"https:\/\/www.ebihal.hu\/#organization","name":"Bir\u00f3 Csaba egy\u00e9ni v\u00e1llalkoz\u00f3","url":"https:\/\/www.ebihal.hu\/","logo":{"@type":"ImageObject","inLanguage":"en-GB","@id":"https:\/\/www.ebihal.hu\/#\/schema\/logo\/image\/","url":"https:\/\/www.ebihal.hu\/wp-content\/uploads\/2021\/02\/brand_logo_mini.png","contentUrl":"https:\/\/www.ebihal.hu\/wp-content\/uploads\/2021\/02\/brand_logo_mini.png","width":300,"height":300,"caption":"Bir\u00f3 Csaba egy\u00e9ni v\u00e1llalkoz\u00f3"},"image":{"@id":"https:\/\/www.ebihal.hu\/#\/schema\/logo\/image\/"},"sameAs":["https:\/\/www.facebook.com\/ebihal"]}]}},"_links":{"self":[{"href":"https:\/\/www.ebihal.hu\/en\/wp-json\/wp\/v2\/product\/6988","targetHints":{"allow":["GET"]}}],"collection":[{"href":"https:\/\/www.ebihal.hu\/en\/wp-json\/wp\/v2\/product"}],"about":[{"href":"https:\/\/www.ebihal.hu\/en\/wp-json\/wp\/v2\/types\/product"}],"replies":[{"embeddable":true,"href":"https:\/\/www.ebihal.hu\/en\/wp-json\/wp\/v2\/comments?post=6988"}],"wp:featuredmedia":[{"embeddable":true,"href":"https:\/\/www.ebihal.hu\/en\/wp-json\/wp\/v2\/media\/6989"}],"wp:attachment":[{"href":"https:\/\/www.ebihal.hu\/en\/wp-json\/wp\/v2\/media?parent=6988"}],"wp:term":[{"taxonomy":"product_cat","embeddable":true,"href":"https:\/\/www.ebihal.hu\/en\/wp-json\/wp\/v2\/product_cat?post=6988"},{"taxonomy":"product_tag","embeddable":true,"href":"https:\/\/www.ebihal.hu\/en\/wp-json\/wp\/v2\/product_tag?post=6988"}],"curies":[{"name":"wp","href":"https:\/\/api.w.org\/{rel}","templated":true}]}}