{"id":6715,"date":"2022-01-07T17:25:10","date_gmt":"2022-01-07T16:25:10","guid":{"rendered":"https:\/\/www.ebihal.hu\/?post_type=product&#038;p=6715"},"modified":"2025-12-30T18:38:04","modified_gmt":"2025-12-30T17:38:04","slug":"m5-craft-joker-1-8-033-ul-gumihal","status":"publish","type":"product","link":"https:\/\/www.ebihal.hu\/en\/shop\/mucsali\/gumicsali\/m5-craft\/joker\/m5-craft-joker-1-8-033-ul-gumihal\/","title":{"rendered":"M5 Craft Joker 1.8&#8243; 033 UL gumihal"},"content":{"rendered":"<p>Az M5 Craft Joker gumihal, kis m\u00e9rete ellen\u00e9re rendk\u00edv\u00fcl \u00e9leth\u0171, r\u00e9szletgazdag kidolgozotts\u00e1g\u00fa, ivad\u00e9khalat ut\u00e1nz\u00f3 csali.<br \/>\nOptim\u00e1lis merevs\u00e9g\u0171 szegment\u00e1lt test, az oldals\u00f3 fel\u00fcleten ferde, sek\u00e9ly bord\u00e1k \u00e9s akt\u00edv, l\u00e1gy\u00a0 farok\u00fasz\u00f3 jellemzi. J\u00f3 ellen\u00e1ll\u00f3k\u00e9pess\u00e9ge a fogak, gerebenfogak k\u00f6z\u00f6tt is megmutatkozik. S\u00fcg\u00e9r, s\u00fcll\u0151, k\u0151s\u00fcll\u0151 az els\u0151dleges c\u00e9lhala.<br \/>\nA <strong>drop-shot szerel\u00e9k<\/strong> \u00e1ll neki a legjobban. Ukr\u00e1n bar\u00e1taink &#8222;gyerekcsalinak&#8221; tartj\u00e1k, mivel a perget\u00e9ssel ismerked\u0151 sr\u00e1cok v\u00e9gszerel\u00e9k\u00e9t rendre ezzel a gumival \u00e9s 1-5 grammos jig-riggel szerelik. \u00dagy v\u00e9lik, egy k\u00f6nnyen vezethet\u0151, rendk\u00edv\u00fcl hibat\u0171r\u0151 s\u00fcg\u00e9rbar\u00e1t csali a Joker. A siker garant\u00e1lt.<br \/>\nHagyom\u00e1nyos jigel\u00e9sre korongfark\u00fa testv\u00e9r\u00e9t, a Joker Shad-et aj\u00e1nljuk.<\/p>\n<p>4,5 cm hossz\u00fa, arom\u00e1s\u00edtott, 10 db\/csomag, Motor oil sz\u00edn, 033 sz\u00ednk\u00f3d.<\/p>\n<h4>Additional information<\/h4>\n<table class=\"woocommerce-product-attributes shop_attributes\" aria-label=\"Product Details\" data-no-translation-aria-label=\"\">\n\t\t\t<tr class=\"woocommerce-product-attributes-item woocommerce-product-attributes-item--attribute_pa_brand\">\n\t\t\t<th class=\"woocommerce-product-attributes-item__label\" scope=\"row\">Brand<\/th>\n\t\t\t<td class=\"woocommerce-product-attributes-item__value\"><p>M5 Craft<\/p>\n<\/td>\n\t\t<\/tr>\n\t\t\t<tr class=\"woocommerce-product-attributes-item woocommerce-product-attributes-item--attribute_pa_szinkod\">\n\t\t\t<th class=\"woocommerce-product-attributes-item__label\" scope=\"row\">Color code<\/th>\n\t\t\t<td class=\"woocommerce-product-attributes-item__value\"><p>033<\/p>\n<\/td>\n\t\t<\/tr>\n\t\t\t<tr class=\"woocommerce-product-attributes-item woocommerce-product-attributes-item--attribute_pa_color\">\n\t\t\t<th class=\"woocommerce-product-attributes-item__label\" scope=\"row\">Color<\/th>\n\t\t\t<td class=\"woocommerce-product-attributes-item__value\"><p>Motor oil<\/p>\n<\/td>\n\t\t<\/tr>\n\t\t\t<tr class=\"woocommerce-product-attributes-item woocommerce-product-attributes-item--attribute_pa_meret\">\n\t\t\t<th class=\"woocommerce-product-attributes-item__label\" scope=\"row\">Size<\/th>\n\t\t\t<td class=\"woocommerce-product-attributes-item__value\"><p>37mm<\/p>\n<\/td>\n\t\t<\/tr>\n\t\t\t<tr class=\"woocommerce-product-attributes-item woocommerce-product-attributes-item--attribute_pa_madein\">\n\t\t\t<th class=\"woocommerce-product-attributes-item__label\" scope=\"row\">Country of origin<\/th>\n\t\t\t<td class=\"woocommerce-product-attributes-item__value\"><p>Ukrajna<\/p>\n<\/td>\n\t\t<\/tr>\n\t\t\t<tr class=\"woocommerce-product-attributes-item woocommerce-product-attributes-item--attribute_pa_kiszereles\">\n\t\t\t<th class=\"woocommerce-product-attributes-item__label\" scope=\"row\">Packaging<\/th>\n\t\t\t<td class=\"woocommerce-product-attributes-item__value\"><p>1 plastic bag<\/p>\n<\/td>\n\t\t<\/tr>\n\t<\/table>","protected":false},"excerpt":{"rendered":"<p>10 db\/csomag<\/p>","protected":false},"featured_media":6716,"comment_status":"open","ping_status":"closed","template":"","meta":[],"product_cat":[74,1443,1418,40],"product_tag":[818,1434,339,1421,1424,1423,823,241,146,373],"class_list":{"0":"post-6715","1":"product","2":"type-product","3":"status-publish","4":"has-post-thumbnail","6":"product_brand-m5-craft","7":"product_cat-gumicsali","8":"product_cat-joker","9":"product_cat-m5-craft","10":"product_cat-mucsali","11":"product_tag-gumihal","12":"product_tag-joker-shad","13":"product_tag-kosullo","14":"product_tag-m5-craft","15":"product_tag-mormishing","16":"product_tag-nanojig","17":"product_tag-no-action","18":"product_tag-suger","19":"product_tag-sullo","20":"product_tag-ul","22":"first","23":"instock","24":"sale","25":"shipping-taxable","26":"purchasable","27":"product-type-simple"},"supplier_id":null,"supplier_sku":"","barcode":null,"atum_controlled":true,"out_stock_date":null,"out_stock_threshold":null,"inheritable":false,"inbound_stock":0,"stock_on_hold":0,"sold_today":0,"sales_last_days":0,"reserved_stock":0,"customer_returns":0,"warehouse_damage":0,"lost_in_post":0,"other_logs":0,"out_stock_days":0,"lost_sales":0,"has_location":false,"update_date":"2026-04-15T00:32:30","atum_locations":[],"atum_stock_status":"instock","restock_status":false,"low_stock_amount":"","sales_update_date":"2026-04-15T00:32:30","calc_backorders":null,"yoast_head":"<!-- This site is optimized with the Yoast SEO plugin v27.4 - https:\/\/yoast.com\/product\/yoast-seo-wordpress\/ -->\n<title>M5 Craft Joker 1.8&quot; 033 UL gumihal - Ebihal<\/title>\n<meta name=\"description\" content=\"Az M5 Craft Joker gumihal, kis m\u00e9rete ellen\u00e9re rendk\u00edv\u00fcl \u00e9leth\u0171, r\u00e9szletgazdag kidolgozotts\u00e1g\u00fa, ivad\u00e9khalat ut\u00e1nz\u00f3 csali. 033 Drop-shot\" \/>\n<meta name=\"robots\" content=\"index, follow, max-snippet:-1, max-image-preview:large, max-video-preview:-1\" \/>\n<link rel=\"canonical\" href=\"https:\/\/www.ebihal.hu\/en\/shop\/mucsali\/gumicsali\/m5-craft\/joker\/m5-craft-joker-1-8-033-ul-gumihal\/\" \/>\n<meta property=\"og:locale\" content=\"en_GB\" \/>\n<meta property=\"og:type\" content=\"article\" \/>\n<meta property=\"og:title\" content=\"M5 Craft Joker 1.8&quot; 033 UL gumihal - Ebihal\" \/>\n<meta property=\"og:description\" content=\"Az M5 Craft Joker gumihal, kis m\u00e9rete ellen\u00e9re rendk\u00edv\u00fcl \u00e9leth\u0171, r\u00e9szletgazdag kidolgozotts\u00e1g\u00fa, ivad\u00e9khalat ut\u00e1nz\u00f3 csali. 033 Drop-shot\" \/>\n<meta property=\"og:url\" content=\"https:\/\/www.ebihal.hu\/en\/shop\/mucsali\/gumicsali\/m5-craft\/joker\/m5-craft-joker-1-8-033-ul-gumihal\/\" \/>\n<meta property=\"og:site_name\" content=\"Ebihal\" \/>\n<meta property=\"article:publisher\" content=\"https:\/\/www.facebook.com\/ebihal\" \/>\n<meta property=\"article:modified_time\" content=\"2025-12-30T17:38:04+00:00\" \/>\n<meta property=\"og:image\" content=\"https:\/\/www.ebihal.hu\/wp-content\/uploads\/2022\/01\/33-2.jpg\" \/>\n\t<meta property=\"og:image:width\" content=\"600\" \/>\n\t<meta property=\"og:image:height\" content=\"600\" \/>\n\t<meta property=\"og:image:type\" content=\"image\/jpeg\" \/>\n<meta name=\"twitter:card\" content=\"summary_large_image\" \/>\n<meta name=\"twitter:label1\" content=\"Estimated reading time\" \/>\n\t<meta name=\"twitter:data1\" content=\"1 minute\" \/>\n<script type=\"application\/ld+json\" class=\"yoast-schema-graph\">{\"@context\":\"https:\\\/\\\/schema.org\",\"@graph\":[{\"@type\":\"WebPage\",\"@id\":\"https:\\\/\\\/www.ebihal.hu\\\/shop\\\/mucsali\\\/gumicsali\\\/m5-craft\\\/joker\\\/m5-craft-joker-1-8-033-ul-gumihal\\\/\",\"url\":\"https:\\\/\\\/www.ebihal.hu\\\/shop\\\/mucsali\\\/gumicsali\\\/m5-craft\\\/joker\\\/m5-craft-joker-1-8-033-ul-gumihal\\\/\",\"name\":\"M5 Craft Joker 1.8\\\" 033 UL gumihal - Ebihal\",\"isPartOf\":{\"@id\":\"https:\\\/\\\/www.ebihal.hu\\\/#website\"},\"primaryImageOfPage\":{\"@id\":\"https:\\\/\\\/www.ebihal.hu\\\/shop\\\/mucsali\\\/gumicsali\\\/m5-craft\\\/joker\\\/m5-craft-joker-1-8-033-ul-gumihal\\\/#primaryimage\"},\"image\":{\"@id\":\"https:\\\/\\\/www.ebihal.hu\\\/shop\\\/mucsali\\\/gumicsali\\\/m5-craft\\\/joker\\\/m5-craft-joker-1-8-033-ul-gumihal\\\/#primaryimage\"},\"thumbnailUrl\":\"https:\\\/\\\/www.ebihal.hu\\\/wp-content\\\/uploads\\\/2022\\\/01\\\/33-2.jpg\",\"datePublished\":\"2022-01-07T16:25:10+00:00\",\"dateModified\":\"2025-12-30T17:38:04+00:00\",\"description\":\"Az M5 Craft Joker gumihal, kis m\u00e9rete ellen\u00e9re rendk\u00edv\u00fcl \u00e9leth\u0171, r\u00e9szletgazdag kidolgozotts\u00e1g\u00fa, ivad\u00e9khalat ut\u00e1nz\u00f3 csali. 033 Drop-shot\",\"breadcrumb\":{\"@id\":\"https:\\\/\\\/www.ebihal.hu\\\/shop\\\/mucsali\\\/gumicsali\\\/m5-craft\\\/joker\\\/m5-craft-joker-1-8-033-ul-gumihal\\\/#breadcrumb\"},\"inLanguage\":\"en-GB\",\"potentialAction\":[{\"@type\":\"ReadAction\",\"target\":[\"https:\\\/\\\/www.ebihal.hu\\\/shop\\\/mucsali\\\/gumicsali\\\/m5-craft\\\/joker\\\/m5-craft-joker-1-8-033-ul-gumihal\\\/\"]}]},{\"@type\":\"ImageObject\",\"inLanguage\":\"en-GB\",\"@id\":\"https:\\\/\\\/www.ebihal.hu\\\/shop\\\/mucsali\\\/gumicsali\\\/m5-craft\\\/joker\\\/m5-craft-joker-1-8-033-ul-gumihal\\\/#primaryimage\",\"url\":\"https:\\\/\\\/www.ebihal.hu\\\/wp-content\\\/uploads\\\/2022\\\/01\\\/33-2.jpg\",\"contentUrl\":\"https:\\\/\\\/www.ebihal.hu\\\/wp-content\\\/uploads\\\/2022\\\/01\\\/33-2.jpg\",\"width\":600,\"height\":600,\"caption\":\"M5 Craft Joker gumihal 033\"},{\"@type\":\"BreadcrumbList\",\"@id\":\"https:\\\/\\\/www.ebihal.hu\\\/shop\\\/mucsali\\\/gumicsali\\\/m5-craft\\\/joker\\\/m5-craft-joker-1-8-033-ul-gumihal\\\/#breadcrumb\",\"itemListElement\":[{\"@type\":\"ListItem\",\"position\":1,\"name\":\"Kezd\u0151lap\",\"item\":\"https:\\\/\\\/www.ebihal.hu\\\/\"},{\"@type\":\"ListItem\",\"position\":2,\"name\":\"M\u0171csali \u00e1ruh\u00e1z\",\"item\":\"https:\\\/\\\/www.ebihal.hu\\\/\"},{\"@type\":\"ListItem\",\"position\":3,\"name\":\"M5 Craft Joker 1.8&#8243; 033 UL gumihal\"}]},{\"@type\":\"WebSite\",\"@id\":\"https:\\\/\\\/www.ebihal.hu\\\/#website\",\"url\":\"https:\\\/\\\/www.ebihal.hu\\\/\",\"name\":\"Ebihal\",\"description\":\"Fish &amp; Jigs\",\"publisher\":{\"@id\":\"https:\\\/\\\/www.ebihal.hu\\\/#organization\"},\"potentialAction\":[{\"@type\":\"SearchAction\",\"target\":{\"@type\":\"EntryPoint\",\"urlTemplate\":\"https:\\\/\\\/www.ebihal.hu\\\/?s={search_term_string}\"},\"query-input\":{\"@type\":\"PropertyValueSpecification\",\"valueRequired\":true,\"valueName\":\"search_term_string\"}}],\"inLanguage\":\"en-GB\"},{\"@type\":\"Organization\",\"@id\":\"https:\\\/\\\/www.ebihal.hu\\\/#organization\",\"name\":\"Bir\u00f3 Csaba egy\u00e9ni v\u00e1llalkoz\u00f3\",\"url\":\"https:\\\/\\\/www.ebihal.hu\\\/\",\"logo\":{\"@type\":\"ImageObject\",\"inLanguage\":\"en-GB\",\"@id\":\"https:\\\/\\\/www.ebihal.hu\\\/#\\\/schema\\\/logo\\\/image\\\/\",\"url\":\"https:\\\/\\\/www.ebihal.hu\\\/wp-content\\\/uploads\\\/2021\\\/02\\\/brand_logo_mini.png\",\"contentUrl\":\"https:\\\/\\\/www.ebihal.hu\\\/wp-content\\\/uploads\\\/2021\\\/02\\\/brand_logo_mini.png\",\"width\":300,\"height\":300,\"caption\":\"Bir\u00f3 Csaba egy\u00e9ni v\u00e1llalkoz\u00f3\"},\"image\":{\"@id\":\"https:\\\/\\\/www.ebihal.hu\\\/#\\\/schema\\\/logo\\\/image\\\/\"},\"sameAs\":[\"https:\\\/\\\/www.facebook.com\\\/ebihal\"]}]}<\/script>\n<!-- \/ Yoast SEO plugin. -->","yoast_head_json":{"title":"M5 Craft Joker 1.8\" 033 UL gumihal - Ebihal","description":"Az M5 Craft Joker gumihal, kis m\u00e9rete ellen\u00e9re rendk\u00edv\u00fcl \u00e9leth\u0171, r\u00e9szletgazdag kidolgozotts\u00e1g\u00fa, ivad\u00e9khalat ut\u00e1nz\u00f3 csali. 033 Drop-shot","robots":{"index":"index","follow":"follow","max-snippet":"max-snippet:-1","max-image-preview":"max-image-preview:large","max-video-preview":"max-video-preview:-1"},"canonical":"https:\/\/www.ebihal.hu\/en\/shop\/mucsali\/gumicsali\/m5-craft\/joker\/m5-craft-joker-1-8-033-ul-gumihal\/","og_locale":"en_GB","og_type":"article","og_title":"M5 Craft Joker 1.8\" 033 UL gumihal - Ebihal","og_description":"Az M5 Craft Joker gumihal, kis m\u00e9rete ellen\u00e9re rendk\u00edv\u00fcl \u00e9leth\u0171, r\u00e9szletgazdag kidolgozotts\u00e1g\u00fa, ivad\u00e9khalat ut\u00e1nz\u00f3 csali. 033 Drop-shot","og_url":"https:\/\/www.ebihal.hu\/en\/shop\/mucsali\/gumicsali\/m5-craft\/joker\/m5-craft-joker-1-8-033-ul-gumihal\/","og_site_name":"Ebihal","article_publisher":"https:\/\/www.facebook.com\/ebihal","article_modified_time":"2025-12-30T17:38:04+00:00","og_image":[{"width":600,"height":600,"url":"https:\/\/www.ebihal.hu\/wp-content\/uploads\/2022\/01\/33-2.jpg","type":"image\/jpeg"}],"twitter_card":"summary_large_image","twitter_misc":{"Estimated reading time":"1 minute"},"schema":{"@context":"https:\/\/schema.org","@graph":[{"@type":"WebPage","@id":"https:\/\/www.ebihal.hu\/shop\/mucsali\/gumicsali\/m5-craft\/joker\/m5-craft-joker-1-8-033-ul-gumihal\/","url":"https:\/\/www.ebihal.hu\/shop\/mucsali\/gumicsali\/m5-craft\/joker\/m5-craft-joker-1-8-033-ul-gumihal\/","name":"M5 Craft Joker 1.8\" 033 UL gumihal - Ebihal","isPartOf":{"@id":"https:\/\/www.ebihal.hu\/#website"},"primaryImageOfPage":{"@id":"https:\/\/www.ebihal.hu\/shop\/mucsali\/gumicsali\/m5-craft\/joker\/m5-craft-joker-1-8-033-ul-gumihal\/#primaryimage"},"image":{"@id":"https:\/\/www.ebihal.hu\/shop\/mucsali\/gumicsali\/m5-craft\/joker\/m5-craft-joker-1-8-033-ul-gumihal\/#primaryimage"},"thumbnailUrl":"https:\/\/www.ebihal.hu\/wp-content\/uploads\/2022\/01\/33-2.jpg","datePublished":"2022-01-07T16:25:10+00:00","dateModified":"2025-12-30T17:38:04+00:00","description":"Az M5 Craft Joker gumihal, kis m\u00e9rete ellen\u00e9re rendk\u00edv\u00fcl \u00e9leth\u0171, r\u00e9szletgazdag kidolgozotts\u00e1g\u00fa, ivad\u00e9khalat ut\u00e1nz\u00f3 csali. 033 Drop-shot","breadcrumb":{"@id":"https:\/\/www.ebihal.hu\/shop\/mucsali\/gumicsali\/m5-craft\/joker\/m5-craft-joker-1-8-033-ul-gumihal\/#breadcrumb"},"inLanguage":"en-GB","potentialAction":[{"@type":"ReadAction","target":["https:\/\/www.ebihal.hu\/shop\/mucsali\/gumicsali\/m5-craft\/joker\/m5-craft-joker-1-8-033-ul-gumihal\/"]}]},{"@type":"ImageObject","inLanguage":"en-GB","@id":"https:\/\/www.ebihal.hu\/shop\/mucsali\/gumicsali\/m5-craft\/joker\/m5-craft-joker-1-8-033-ul-gumihal\/#primaryimage","url":"https:\/\/www.ebihal.hu\/wp-content\/uploads\/2022\/01\/33-2.jpg","contentUrl":"https:\/\/www.ebihal.hu\/wp-content\/uploads\/2022\/01\/33-2.jpg","width":600,"height":600,"caption":"M5 Craft Joker gumihal 033"},{"@type":"BreadcrumbList","@id":"https:\/\/www.ebihal.hu\/shop\/mucsali\/gumicsali\/m5-craft\/joker\/m5-craft-joker-1-8-033-ul-gumihal\/#breadcrumb","itemListElement":[{"@type":"ListItem","position":1,"name":"Kezd\u0151lap","item":"https:\/\/www.ebihal.hu\/"},{"@type":"ListItem","position":2,"name":"M\u0171csali \u00e1ruh\u00e1z","item":"https:\/\/www.ebihal.hu\/"},{"@type":"ListItem","position":3,"name":"M5 Craft Joker 1.8&#8243; 033 UL gumihal"}]},{"@type":"WebSite","@id":"https:\/\/www.ebihal.hu\/#website","url":"https:\/\/www.ebihal.hu\/","name":"Ebihal","description":"Fish &amp; Jigs","publisher":{"@id":"https:\/\/www.ebihal.hu\/#organization"},"potentialAction":[{"@type":"SearchAction","target":{"@type":"EntryPoint","urlTemplate":"https:\/\/www.ebihal.hu\/?s={search_term_string}"},"query-input":{"@type":"PropertyValueSpecification","valueRequired":true,"valueName":"search_term_string"}}],"inLanguage":"en-GB"},{"@type":"Organization","@id":"https:\/\/www.ebihal.hu\/#organization","name":"Bir\u00f3 Csaba egy\u00e9ni v\u00e1llalkoz\u00f3","url":"https:\/\/www.ebihal.hu\/","logo":{"@type":"ImageObject","inLanguage":"en-GB","@id":"https:\/\/www.ebihal.hu\/#\/schema\/logo\/image\/","url":"https:\/\/www.ebihal.hu\/wp-content\/uploads\/2021\/02\/brand_logo_mini.png","contentUrl":"https:\/\/www.ebihal.hu\/wp-content\/uploads\/2021\/02\/brand_logo_mini.png","width":300,"height":300,"caption":"Bir\u00f3 Csaba egy\u00e9ni v\u00e1llalkoz\u00f3"},"image":{"@id":"https:\/\/www.ebihal.hu\/#\/schema\/logo\/image\/"},"sameAs":["https:\/\/www.facebook.com\/ebihal"]}]}},"_links":{"self":[{"href":"https:\/\/www.ebihal.hu\/en\/wp-json\/wp\/v2\/product\/6715","targetHints":{"allow":["GET"]}}],"collection":[{"href":"https:\/\/www.ebihal.hu\/en\/wp-json\/wp\/v2\/product"}],"about":[{"href":"https:\/\/www.ebihal.hu\/en\/wp-json\/wp\/v2\/types\/product"}],"replies":[{"embeddable":true,"href":"https:\/\/www.ebihal.hu\/en\/wp-json\/wp\/v2\/comments?post=6715"}],"wp:featuredmedia":[{"embeddable":true,"href":"https:\/\/www.ebihal.hu\/en\/wp-json\/wp\/v2\/media\/6716"}],"wp:attachment":[{"href":"https:\/\/www.ebihal.hu\/en\/wp-json\/wp\/v2\/media?parent=6715"}],"wp:term":[{"taxonomy":"product_cat","embeddable":true,"href":"https:\/\/www.ebihal.hu\/en\/wp-json\/wp\/v2\/product_cat?post=6715"},{"taxonomy":"product_tag","embeddable":true,"href":"https:\/\/www.ebihal.hu\/en\/wp-json\/wp\/v2\/product_tag?post=6715"}],"curies":[{"name":"wp","href":"https:\/\/api.w.org\/{rel}","templated":true}]}}