{"id":6189,"date":"2021-11-18T13:14:29","date_gmt":"2021-11-18T12:14:29","guid":{"rendered":"https:\/\/www.ebihal.hu\/?post_type=product&#038;p=6189"},"modified":"2026-02-25T22:02:06","modified_gmt":"2026-02-25T21:02:06","slug":"bullet-olomsuly","status":"publish","type":"product","link":"https:\/\/www.ebihal.hu\/en\/shop\/kiegeszitok\/olom-tungsten-sulyok\/olom-sulyok\/bullet-olomsuly\/","title":{"rendered":"Bullet \u00f3loms\u00faly"},"content":{"rendered":"<p>A\u00a0 Carolina- \u00e9s Texas rig szerel\u00e9k n\u00e9lk\u00fcl\u00f6zhetetlen kell\u00e9ke a l\u00f6ved\u00e9k \u00f3lom, amelynek hosszanti furata szolg\u00e1l a zsin\u00f3rra val\u00f3 felf\u0171z\u00e9sre, a szoknya alj\u00e1ban l\u00e9v\u0151 m\u00e9lyed\u00e9s a gy\u00f6ngy \u00fctk\u00f6ztet\u00e9s\u00e9re.<\/p>\n<p>2, 3, 3.5, 5 \u00e9s 7g m\u00e9retben.<\/p>\n<h4>Additional information<\/h4>\n<table class=\"woocommerce-product-attributes shop_attributes\" aria-label=\"Product Details\" data-no-translation-aria-label=\"\">\n\t\t\t<tr class=\"woocommerce-product-attributes-item woocommerce-product-attributes-item--attribute_pa_brand\">\n\t\t\t<th class=\"woocommerce-product-attributes-item__label\" scope=\"row\">Brand<\/th>\n\t\t\t<td class=\"woocommerce-product-attributes-item__value\"><p>Ebihal<\/p>\n<\/td>\n\t\t<\/tr>\n\t\t\t<tr class=\"woocommerce-product-attributes-item woocommerce-product-attributes-item--attribute_pa_meret\">\n\t\t\t<th class=\"woocommerce-product-attributes-item__label\" scope=\"row\">Size<\/th>\n\t\t\t<td class=\"woocommerce-product-attributes-item__value\"><p>2g, 3g, 3,5g, 5g, 7g<\/p>\n<\/td>\n\t\t<\/tr>\n\t\t\t<tr class=\"woocommerce-product-attributes-item woocommerce-product-attributes-item--attribute_pa_madein\">\n\t\t\t<th class=\"woocommerce-product-attributes-item__label\" scope=\"row\">Country of origin<\/th>\n\t\t\t<td class=\"woocommerce-product-attributes-item__value\"><p>Hungary<\/p>\n<\/td>\n\t\t<\/tr>\n\t\t\t<tr class=\"woocommerce-product-attributes-item woocommerce-product-attributes-item--attribute_pa_kiszereles\">\n\t\t\t<th class=\"woocommerce-product-attributes-item__label\" scope=\"row\">Packaging<\/th>\n\t\t\t<td class=\"woocommerce-product-attributes-item__value\"><p>1 piece<\/p>\n<\/td>\n\t\t<\/tr>\n\t<\/table>\n\n<p><a href=\"https:\/\/www.ebihal.hu\/wp-content\/uploads\/2021\/11\/rigek.jpg\"><img loading=\"lazy\" decoding=\"async\" class=\"aligncenter size-full wp-image-6190\" src=\"https:\/\/www.ebihal.hu\/wp-content\/uploads\/2021\/11\/rigek.jpg\" alt=\"\" width=\"1000\" height=\"843\" srcset=\"https:\/\/www.ebihal.hu\/wp-content\/uploads\/2021\/11\/rigek.jpg 1000w, https:\/\/www.ebihal.hu\/wp-content\/uploads\/2021\/11\/rigek-300x253.jpg 300w, https:\/\/www.ebihal.hu\/wp-content\/uploads\/2021\/11\/rigek-768x647.jpg 768w, https:\/\/www.ebihal.hu\/wp-content\/uploads\/2021\/11\/rigek-14x12.jpg 14w, https:\/\/www.ebihal.hu\/wp-content\/uploads\/2021\/11\/rigek-600x506.jpg 600w\" sizes=\"auto, (max-width: 1000px) 100vw, 1000px\" \/><\/a><\/p>","protected":false},"excerpt":{"rendered":"<p>1 db bullet \u00f3lom<\/p>","protected":false},"featured_media":6188,"comment_status":"open","ping_status":"closed","template":"","meta":[],"product_cat":[88,1499,98],"product_tag":[1179,578],"class_list":{"0":"post-6189","1":"product","2":"type-product","3":"status-publish","4":"has-post-thumbnail","6":"product_brand-ebihal","7":"product_cat-kiegeszitok","8":"product_cat-olom-sulyok","9":"product_cat-olom-tungsten-sulyok","10":"product_tag-bullet","11":"product_tag-olom","13":"first","14":"instock","15":"sale","16":"shipping-taxable","17":"purchasable","18":"product-type-variable"},"supplier_id":null,"supplier_sku":"","barcode":null,"atum_controlled":true,"out_stock_date":null,"out_stock_threshold":null,"inheritable":true,"inbound_stock":0,"stock_on_hold":0,"sold_today":0,"sales_last_days":0,"reserved_stock":0,"customer_returns":0,"warehouse_damage":0,"lost_in_post":0,"other_logs":0,"out_stock_days":0,"lost_sales":0,"has_location":false,"update_date":"2026-04-09T00:26:31","atum_locations":[],"atum_stock_status":"instock","restock_status":false,"low_stock_amount":"","sales_update_date":"2026-04-09T00:26:31","calc_backorders":null,"yoast_head":"<!-- This site is optimized with the Yoast SEO plugin v27.3 - https:\/\/yoast.com\/product\/yoast-seo-wordpress\/ -->\n<title>Bullet \u00f3loms\u00faly - Ebihal<\/title>\n<meta name=\"description\" content=\"A\u00a0 Carolina- \u00e9s Texas rig szerel\u00e9k n\u00e9lk\u00fcl\u00f6zhetetlen kell\u00e9ke a l\u00f6ved\u00e9k\/bullet \u00f3lom. 2, 3, 3.5, 5 \u00e9s 7 g m\u00e9retben tartjuk.\" \/>\n<meta name=\"robots\" content=\"index, follow, max-snippet:-1, max-image-preview:large, max-video-preview:-1\" \/>\n<link rel=\"canonical\" href=\"https:\/\/www.ebihal.hu\/en\/shop\/kiegeszitok\/olom-tungsten-sulyok\/olom-sulyok\/bullet-olomsuly\/\" \/>\n<meta property=\"og:locale\" content=\"en_GB\" \/>\n<meta property=\"og:type\" content=\"article\" \/>\n<meta property=\"og:title\" content=\"Bullet \u00f3loms\u00faly - Ebihal\" \/>\n<meta property=\"og:description\" content=\"A\u00a0 Carolina- \u00e9s Texas rig szerel\u00e9k n\u00e9lk\u00fcl\u00f6zhetetlen kell\u00e9ke a l\u00f6ved\u00e9k\/bullet \u00f3lom. 2, 3, 3.5, 5 \u00e9s 7 g m\u00e9retben tartjuk.\" \/>\n<meta property=\"og:url\" content=\"https:\/\/www.ebihal.hu\/en\/shop\/kiegeszitok\/olom-tungsten-sulyok\/olom-sulyok\/bullet-olomsuly\/\" \/>\n<meta property=\"og:site_name\" content=\"Ebihal\" \/>\n<meta property=\"article:publisher\" content=\"https:\/\/www.facebook.com\/ebihal\" \/>\n<meta property=\"article:modified_time\" content=\"2026-02-25T21:02:06+00:00\" \/>\n<meta property=\"og:image\" content=\"https:\/\/www.ebihal.hu\/wp-content\/uploads\/2021\/11\/foo-14.jpg\" \/>\n\t<meta property=\"og:image:width\" content=\"666\" \/>\n\t<meta property=\"og:image:height\" content=\"666\" \/>\n\t<meta property=\"og:image:type\" content=\"image\/jpeg\" \/>\n<meta name=\"twitter:card\" content=\"summary_large_image\" \/>\n<meta name=\"twitter:label1\" content=\"Estimated reading time\" \/>\n\t<meta name=\"twitter:data1\" content=\"1 minute\" \/>\n<script type=\"application\/ld+json\" class=\"yoast-schema-graph\">{\"@context\":\"https:\\\/\\\/schema.org\",\"@graph\":[{\"@type\":\"WebPage\",\"@id\":\"https:\\\/\\\/www.ebihal.hu\\\/shop\\\/kiegeszitok\\\/olom-tungsten-sulyok\\\/olom-sulyok\\\/bullet-olomsuly\\\/\",\"url\":\"https:\\\/\\\/www.ebihal.hu\\\/shop\\\/kiegeszitok\\\/olom-tungsten-sulyok\\\/olom-sulyok\\\/bullet-olomsuly\\\/\",\"name\":\"Bullet \u00f3loms\u00faly - Ebihal\",\"isPartOf\":{\"@id\":\"https:\\\/\\\/www.ebihal.hu\\\/#website\"},\"primaryImageOfPage\":{\"@id\":\"https:\\\/\\\/www.ebihal.hu\\\/shop\\\/kiegeszitok\\\/olom-tungsten-sulyok\\\/olom-sulyok\\\/bullet-olomsuly\\\/#primaryimage\"},\"image\":{\"@id\":\"https:\\\/\\\/www.ebihal.hu\\\/shop\\\/kiegeszitok\\\/olom-tungsten-sulyok\\\/olom-sulyok\\\/bullet-olomsuly\\\/#primaryimage\"},\"thumbnailUrl\":\"https:\\\/\\\/www.ebihal.hu\\\/wp-content\\\/uploads\\\/2021\\\/11\\\/foo-14.jpg\",\"datePublished\":\"2021-11-18T12:14:29+00:00\",\"dateModified\":\"2026-02-25T21:02:06+00:00\",\"description\":\"A\u00a0 Carolina- \u00e9s Texas rig szerel\u00e9k n\u00e9lk\u00fcl\u00f6zhetetlen kell\u00e9ke a l\u00f6ved\u00e9k\\\/bullet \u00f3lom. 2, 3, 3.5, 5 \u00e9s 7 g m\u00e9retben tartjuk.\",\"breadcrumb\":{\"@id\":\"https:\\\/\\\/www.ebihal.hu\\\/shop\\\/kiegeszitok\\\/olom-tungsten-sulyok\\\/olom-sulyok\\\/bullet-olomsuly\\\/#breadcrumb\"},\"inLanguage\":\"en-GB\",\"potentialAction\":[{\"@type\":\"ReadAction\",\"target\":[\"https:\\\/\\\/www.ebihal.hu\\\/shop\\\/kiegeszitok\\\/olom-tungsten-sulyok\\\/olom-sulyok\\\/bullet-olomsuly\\\/\"]}]},{\"@type\":\"ImageObject\",\"inLanguage\":\"en-GB\",\"@id\":\"https:\\\/\\\/www.ebihal.hu\\\/shop\\\/kiegeszitok\\\/olom-tungsten-sulyok\\\/olom-sulyok\\\/bullet-olomsuly\\\/#primaryimage\",\"url\":\"https:\\\/\\\/www.ebihal.hu\\\/wp-content\\\/uploads\\\/2021\\\/11\\\/foo-14.jpg\",\"contentUrl\":\"https:\\\/\\\/www.ebihal.hu\\\/wp-content\\\/uploads\\\/2021\\\/11\\\/foo-14.jpg\",\"width\":666,\"height\":666,\"caption\":\"Ebihal bullet \u00f3lom\"},{\"@type\":\"BreadcrumbList\",\"@id\":\"https:\\\/\\\/www.ebihal.hu\\\/shop\\\/kiegeszitok\\\/olom-tungsten-sulyok\\\/olom-sulyok\\\/bullet-olomsuly\\\/#breadcrumb\",\"itemListElement\":[{\"@type\":\"ListItem\",\"position\":1,\"name\":\"Kezd\u0151lap\",\"item\":\"https:\\\/\\\/www.ebihal.hu\\\/\"},{\"@type\":\"ListItem\",\"position\":2,\"name\":\"M\u0171csali \u00e1ruh\u00e1z\",\"item\":\"https:\\\/\\\/www.ebihal.hu\\\/\"},{\"@type\":\"ListItem\",\"position\":3,\"name\":\"Bullet \u00f3loms\u00faly\"}]},{\"@type\":\"WebSite\",\"@id\":\"https:\\\/\\\/www.ebihal.hu\\\/#website\",\"url\":\"https:\\\/\\\/www.ebihal.hu\\\/\",\"name\":\"Ebihal\",\"description\":\"Fish &amp; Jigs\",\"publisher\":{\"@id\":\"https:\\\/\\\/www.ebihal.hu\\\/#organization\"},\"potentialAction\":[{\"@type\":\"SearchAction\",\"target\":{\"@type\":\"EntryPoint\",\"urlTemplate\":\"https:\\\/\\\/www.ebihal.hu\\\/?s={search_term_string}\"},\"query-input\":{\"@type\":\"PropertyValueSpecification\",\"valueRequired\":true,\"valueName\":\"search_term_string\"}}],\"inLanguage\":\"en-GB\"},{\"@type\":\"Organization\",\"@id\":\"https:\\\/\\\/www.ebihal.hu\\\/#organization\",\"name\":\"Bir\u00f3 Csaba egy\u00e9ni v\u00e1llalkoz\u00f3\",\"url\":\"https:\\\/\\\/www.ebihal.hu\\\/\",\"logo\":{\"@type\":\"ImageObject\",\"inLanguage\":\"en-GB\",\"@id\":\"https:\\\/\\\/www.ebihal.hu\\\/#\\\/schema\\\/logo\\\/image\\\/\",\"url\":\"https:\\\/\\\/www.ebihal.hu\\\/wp-content\\\/uploads\\\/2021\\\/02\\\/brand_logo_mini.png\",\"contentUrl\":\"https:\\\/\\\/www.ebihal.hu\\\/wp-content\\\/uploads\\\/2021\\\/02\\\/brand_logo_mini.png\",\"width\":300,\"height\":300,\"caption\":\"Bir\u00f3 Csaba egy\u00e9ni v\u00e1llalkoz\u00f3\"},\"image\":{\"@id\":\"https:\\\/\\\/www.ebihal.hu\\\/#\\\/schema\\\/logo\\\/image\\\/\"},\"sameAs\":[\"https:\\\/\\\/www.facebook.com\\\/ebihal\"]}]}<\/script>\n<!-- \/ Yoast SEO plugin. -->","yoast_head_json":{"title":"Bullet \u00f3loms\u00faly - Ebihal","description":"A\u00a0 Carolina- \u00e9s Texas rig szerel\u00e9k n\u00e9lk\u00fcl\u00f6zhetetlen kell\u00e9ke a l\u00f6ved\u00e9k\/bullet \u00f3lom. 2, 3, 3.5, 5 \u00e9s 7 g m\u00e9retben tartjuk.","robots":{"index":"index","follow":"follow","max-snippet":"max-snippet:-1","max-image-preview":"max-image-preview:large","max-video-preview":"max-video-preview:-1"},"canonical":"https:\/\/www.ebihal.hu\/en\/shop\/kiegeszitok\/olom-tungsten-sulyok\/olom-sulyok\/bullet-olomsuly\/","og_locale":"en_GB","og_type":"article","og_title":"Bullet \u00f3loms\u00faly - Ebihal","og_description":"A\u00a0 Carolina- \u00e9s Texas rig szerel\u00e9k n\u00e9lk\u00fcl\u00f6zhetetlen kell\u00e9ke a l\u00f6ved\u00e9k\/bullet \u00f3lom. 2, 3, 3.5, 5 \u00e9s 7 g m\u00e9retben tartjuk.","og_url":"https:\/\/www.ebihal.hu\/en\/shop\/kiegeszitok\/olom-tungsten-sulyok\/olom-sulyok\/bullet-olomsuly\/","og_site_name":"Ebihal","article_publisher":"https:\/\/www.facebook.com\/ebihal","article_modified_time":"2026-02-25T21:02:06+00:00","og_image":[{"width":666,"height":666,"url":"https:\/\/www.ebihal.hu\/wp-content\/uploads\/2021\/11\/foo-14.jpg","type":"image\/jpeg"}],"twitter_card":"summary_large_image","twitter_misc":{"Estimated reading time":"1 minute"},"schema":{"@context":"https:\/\/schema.org","@graph":[{"@type":"WebPage","@id":"https:\/\/www.ebihal.hu\/shop\/kiegeszitok\/olom-tungsten-sulyok\/olom-sulyok\/bullet-olomsuly\/","url":"https:\/\/www.ebihal.hu\/shop\/kiegeszitok\/olom-tungsten-sulyok\/olom-sulyok\/bullet-olomsuly\/","name":"Bullet \u00f3loms\u00faly - Ebihal","isPartOf":{"@id":"https:\/\/www.ebihal.hu\/#website"},"primaryImageOfPage":{"@id":"https:\/\/www.ebihal.hu\/shop\/kiegeszitok\/olom-tungsten-sulyok\/olom-sulyok\/bullet-olomsuly\/#primaryimage"},"image":{"@id":"https:\/\/www.ebihal.hu\/shop\/kiegeszitok\/olom-tungsten-sulyok\/olom-sulyok\/bullet-olomsuly\/#primaryimage"},"thumbnailUrl":"https:\/\/www.ebihal.hu\/wp-content\/uploads\/2021\/11\/foo-14.jpg","datePublished":"2021-11-18T12:14:29+00:00","dateModified":"2026-02-25T21:02:06+00:00","description":"A\u00a0 Carolina- \u00e9s Texas rig szerel\u00e9k n\u00e9lk\u00fcl\u00f6zhetetlen kell\u00e9ke a l\u00f6ved\u00e9k\/bullet \u00f3lom. 2, 3, 3.5, 5 \u00e9s 7 g m\u00e9retben tartjuk.","breadcrumb":{"@id":"https:\/\/www.ebihal.hu\/shop\/kiegeszitok\/olom-tungsten-sulyok\/olom-sulyok\/bullet-olomsuly\/#breadcrumb"},"inLanguage":"en-GB","potentialAction":[{"@type":"ReadAction","target":["https:\/\/www.ebihal.hu\/shop\/kiegeszitok\/olom-tungsten-sulyok\/olom-sulyok\/bullet-olomsuly\/"]}]},{"@type":"ImageObject","inLanguage":"en-GB","@id":"https:\/\/www.ebihal.hu\/shop\/kiegeszitok\/olom-tungsten-sulyok\/olom-sulyok\/bullet-olomsuly\/#primaryimage","url":"https:\/\/www.ebihal.hu\/wp-content\/uploads\/2021\/11\/foo-14.jpg","contentUrl":"https:\/\/www.ebihal.hu\/wp-content\/uploads\/2021\/11\/foo-14.jpg","width":666,"height":666,"caption":"Ebihal bullet \u00f3lom"},{"@type":"BreadcrumbList","@id":"https:\/\/www.ebihal.hu\/shop\/kiegeszitok\/olom-tungsten-sulyok\/olom-sulyok\/bullet-olomsuly\/#breadcrumb","itemListElement":[{"@type":"ListItem","position":1,"name":"Kezd\u0151lap","item":"https:\/\/www.ebihal.hu\/"},{"@type":"ListItem","position":2,"name":"M\u0171csali \u00e1ruh\u00e1z","item":"https:\/\/www.ebihal.hu\/"},{"@type":"ListItem","position":3,"name":"Bullet \u00f3loms\u00faly"}]},{"@type":"WebSite","@id":"https:\/\/www.ebihal.hu\/#website","url":"https:\/\/www.ebihal.hu\/","name":"Ebihal","description":"Fish &amp; Jigs","publisher":{"@id":"https:\/\/www.ebihal.hu\/#organization"},"potentialAction":[{"@type":"SearchAction","target":{"@type":"EntryPoint","urlTemplate":"https:\/\/www.ebihal.hu\/?s={search_term_string}"},"query-input":{"@type":"PropertyValueSpecification","valueRequired":true,"valueName":"search_term_string"}}],"inLanguage":"en-GB"},{"@type":"Organization","@id":"https:\/\/www.ebihal.hu\/#organization","name":"Bir\u00f3 Csaba egy\u00e9ni v\u00e1llalkoz\u00f3","url":"https:\/\/www.ebihal.hu\/","logo":{"@type":"ImageObject","inLanguage":"en-GB","@id":"https:\/\/www.ebihal.hu\/#\/schema\/logo\/image\/","url":"https:\/\/www.ebihal.hu\/wp-content\/uploads\/2021\/02\/brand_logo_mini.png","contentUrl":"https:\/\/www.ebihal.hu\/wp-content\/uploads\/2021\/02\/brand_logo_mini.png","width":300,"height":300,"caption":"Bir\u00f3 Csaba egy\u00e9ni v\u00e1llalkoz\u00f3"},"image":{"@id":"https:\/\/www.ebihal.hu\/#\/schema\/logo\/image\/"},"sameAs":["https:\/\/www.facebook.com\/ebihal"]}]}},"_links":{"self":[{"href":"https:\/\/www.ebihal.hu\/en\/wp-json\/wp\/v2\/product\/6189","targetHints":{"allow":["GET"]}}],"collection":[{"href":"https:\/\/www.ebihal.hu\/en\/wp-json\/wp\/v2\/product"}],"about":[{"href":"https:\/\/www.ebihal.hu\/en\/wp-json\/wp\/v2\/types\/product"}],"replies":[{"embeddable":true,"href":"https:\/\/www.ebihal.hu\/en\/wp-json\/wp\/v2\/comments?post=6189"}],"wp:featuredmedia":[{"embeddable":true,"href":"https:\/\/www.ebihal.hu\/en\/wp-json\/wp\/v2\/media\/6188"}],"wp:attachment":[{"href":"https:\/\/www.ebihal.hu\/en\/wp-json\/wp\/v2\/media?parent=6189"}],"wp:term":[{"taxonomy":"product_cat","embeddable":true,"href":"https:\/\/www.ebihal.hu\/en\/wp-json\/wp\/v2\/product_cat?post=6189"},{"taxonomy":"product_tag","embeddable":true,"href":"https:\/\/www.ebihal.hu\/en\/wp-json\/wp\/v2\/product_tag?post=6189"}],"curies":[{"name":"wp","href":"https:\/\/api.w.org\/{rel}","templated":true}]}}