{"id":5916,"date":"2021-11-11T09:25:27","date_gmt":"2021-11-11T08:25:27","guid":{"rendered":"https:\/\/www.ebihal.hu\/?post_type=product&#038;p=5916"},"modified":"2025-12-16T10:07:47","modified_gmt":"2025-12-16T09:07:47","slug":"elpi-swifty-deluxe-9cm-hot-fish-orange-gumihal","status":"publish","type":"product","link":"https:\/\/www.ebihal.hu\/en\/shop\/mucsali\/gumicsali\/elpi-lures\/elpi-swifty\/elpi-swifty-deluxe-9cm-hot-fish-orange-gumihal\/","title":{"rendered":"ELPI Swifty Deluxe 9cm Hot Fish Orange gumihal"},"content":{"rendered":"<p class=\"font_8\">Az ELPI Swifty gumihala 9, 11 \u00e9s 15 cm-es m\u00e9retben k\u00e9sz\u00fcl, mi a legkisebb csal\u00e1dtagot vett\u00fck fel az Ebihal k\u00edn\u00e1lat\u00e1ba. Ez egy kiv\u00e9telesen egyenletes mozg\u00e1s\u00fa csalisorozat, ami 3 g felett kezd \u00e9lni igaz\u00e1n. Farka k\u00f6zepes frekvenci\u00e1val mozog, amely mozg\u00e1s az eg\u00e9sz testet \u00e1tj\u00e1rja. Ugyanakkor a test az ing\u00e1hoz hasonl\u00f3 mozg\u00e1st is v\u00e9gez, ami nagyon vonz\u00f3 a ragadoz\u00f3k sz\u00e1m\u00e1ra. Els\u0151sorban csuk\u00e1ra \u00e9s harcs\u00e1ra aj\u00e1nljuk. De a kapit\u00e1lis s\u00fcll\u0151k is el\u0151szeretettel felveszik.<\/p>\n<p>A Deluxe sz\u00edneket k\u00e9zzel festik.<\/p>\n<p>90 mm hossz\u00fa, 8,6 g s\u00faly\u00fa, Hot Fish Orange sz\u00edn, 1 db gumihal.<\/p>\n<h4>Additional information<\/h4>\n<table class=\"woocommerce-product-attributes shop_attributes\" aria-label=\"Product Details\" data-no-translation-aria-label=\"\">\n\t\t\t<tr class=\"woocommerce-product-attributes-item woocommerce-product-attributes-item--attribute_pa_brand\">\n\t\t\t<th class=\"woocommerce-product-attributes-item__label\" scope=\"row\">Brand<\/th>\n\t\t\t<td class=\"woocommerce-product-attributes-item__value\"><p>ELPI<\/p>\n<\/td>\n\t\t<\/tr>\n\t\t\t<tr class=\"woocommerce-product-attributes-item woocommerce-product-attributes-item--attribute_pa_color\">\n\t\t\t<th class=\"woocommerce-product-attributes-item__label\" scope=\"row\">Color<\/th>\n\t\t\t<td class=\"woocommerce-product-attributes-item__value\"><p>Hot Fish Orange<\/p>\n<\/td>\n\t\t<\/tr>\n\t\t\t<tr class=\"woocommerce-product-attributes-item woocommerce-product-attributes-item--attribute_pa_meret\">\n\t\t\t<th class=\"woocommerce-product-attributes-item__label\" scope=\"row\">Size<\/th>\n\t\t\t<td class=\"woocommerce-product-attributes-item__value\"><p>90 mm<\/p>\n<\/td>\n\t\t<\/tr>\n\t\t\t<tr class=\"woocommerce-product-attributes-item woocommerce-product-attributes-item--attribute_pa_madein\">\n\t\t\t<th class=\"woocommerce-product-attributes-item__label\" scope=\"row\">Country of origin<\/th>\n\t\t\t<td class=\"woocommerce-product-attributes-item__value\"><p>Szerbia<\/p>\n<\/td>\n\t\t<\/tr>\n\t\t\t<tr class=\"woocommerce-product-attributes-item woocommerce-product-attributes-item--attribute_pa_kiszereles\">\n\t\t\t<th class=\"woocommerce-product-attributes-item__label\" scope=\"row\">Packaging<\/th>\n\t\t\t<td class=\"woocommerce-product-attributes-item__value\"><p>1 piece<\/p>\n<\/td>\n\t\t<\/tr>\n\t<\/table>","protected":false},"excerpt":{"rendered":"<p>1 db gumihal<\/p>","protected":false},"featured_media":5917,"comment_status":"open","ping_status":"closed","template":"","meta":[],"product_cat":[1271,74,1467,40,1290],"product_tag":[147,1276,818,148,814,204,146,1291],"class_list":{"0":"post-5916","1":"product","2":"type-product","3":"status-publish","4":"has-post-thumbnail","6":"product_brand-elpi-lures","7":"product_cat-elpi-lures","8":"product_cat-gumicsali","9":"product_cat-outlet-kiarusitas","10":"product_cat-mucsali","11":"product_cat-elpi-swifty","12":"product_tag-csuka","13":"product_tag-elpi","14":"product_tag-gumihal","15":"product_tag-harcsa","16":"product_tag-l","17":"product_tag-shad","18":"product_tag-sullo","19":"product_tag-swifty","21":"first","22":"instock","23":"sale","24":"shipping-taxable","25":"purchasable","26":"product-type-simple"},"supplier_id":null,"supplier_sku":"","barcode":null,"atum_controlled":true,"out_stock_date":null,"out_stock_threshold":null,"inheritable":false,"inbound_stock":0,"stock_on_hold":0,"sold_today":0,"sales_last_days":0,"reserved_stock":0,"customer_returns":0,"warehouse_damage":0,"lost_in_post":0,"other_logs":0,"out_stock_days":0,"lost_sales":0,"has_location":false,"update_date":"2026-04-15T00:30:34","atum_locations":[],"atum_stock_status":"instock","restock_status":false,"low_stock_amount":"","sales_update_date":"2026-04-15T00:30:34","calc_backorders":null,"yoast_head":"<!-- This site is optimized with the Yoast SEO plugin v27.4 - https:\/\/yoast.com\/product\/yoast-seo-wordpress\/ -->\n<title>ELPI Swifty Deluxe 9cm Hot Fish Orange gumihal - Ebihal<\/title>\n<meta name=\"description\" content=\"Az ELPI Swifty gumihala 9 cm hossz\u00fa. Egy kiv\u00e9telesen egyenletes mozg\u00e1s\u00fa csali. Els\u0151sorban csuk\u00e1ra \u00e9s harcs\u00e1ra aj\u00e1nljuk. Hot Fish Orange.\" \/>\n<meta name=\"robots\" content=\"index, follow, max-snippet:-1, max-image-preview:large, max-video-preview:-1\" \/>\n<link rel=\"canonical\" href=\"https:\/\/www.ebihal.hu\/en\/shop\/mucsali\/gumicsali\/elpi-lures\/elpi-swifty\/elpi-swifty-deluxe-9cm-hot-fish-orange-gumihal\/\" \/>\n<meta property=\"og:locale\" content=\"en_GB\" \/>\n<meta property=\"og:type\" content=\"article\" \/>\n<meta property=\"og:title\" content=\"ELPI Swifty Deluxe 9cm Hot Fish Orange gumihal - Ebihal\" \/>\n<meta property=\"og:description\" content=\"Az ELPI Swifty gumihala 9 cm hossz\u00fa. Egy kiv\u00e9telesen egyenletes mozg\u00e1s\u00fa csali. Els\u0151sorban csuk\u00e1ra \u00e9s harcs\u00e1ra aj\u00e1nljuk. Hot Fish Orange.\" \/>\n<meta property=\"og:url\" content=\"https:\/\/www.ebihal.hu\/en\/shop\/mucsali\/gumicsali\/elpi-lures\/elpi-swifty\/elpi-swifty-deluxe-9cm-hot-fish-orange-gumihal\/\" \/>\n<meta property=\"og:site_name\" content=\"Ebihal\" \/>\n<meta property=\"article:publisher\" content=\"https:\/\/www.facebook.com\/ebihal\" \/>\n<meta property=\"article:modified_time\" content=\"2025-12-16T09:07:47+00:00\" \/>\n<meta property=\"og:image\" content=\"https:\/\/www.ebihal.hu\/wp-content\/uploads\/2021\/11\/swifty_hot_fish_orange.jpg\" \/>\n\t<meta property=\"og:image:width\" content=\"556\" \/>\n\t<meta property=\"og:image:height\" content=\"556\" \/>\n\t<meta property=\"og:image:type\" content=\"image\/jpeg\" \/>\n<meta name=\"twitter:card\" content=\"summary_large_image\" \/>\n<meta name=\"twitter:label1\" content=\"Estimated reading time\" \/>\n\t<meta name=\"twitter:data1\" content=\"1 minute\" \/>\n<script type=\"application\/ld+json\" class=\"yoast-schema-graph\">{\"@context\":\"https:\\\/\\\/schema.org\",\"@graph\":[{\"@type\":\"WebPage\",\"@id\":\"https:\\\/\\\/www.ebihal.hu\\\/shop\\\/mucsali\\\/gumicsali\\\/elpi-lures\\\/elpi-swifty\\\/elpi-swifty-deluxe-9cm-hot-fish-orange-gumihal\\\/\",\"url\":\"https:\\\/\\\/www.ebihal.hu\\\/shop\\\/mucsali\\\/gumicsali\\\/elpi-lures\\\/elpi-swifty\\\/elpi-swifty-deluxe-9cm-hot-fish-orange-gumihal\\\/\",\"name\":\"ELPI Swifty Deluxe 9cm Hot Fish Orange gumihal - Ebihal\",\"isPartOf\":{\"@id\":\"https:\\\/\\\/www.ebihal.hu\\\/#website\"},\"primaryImageOfPage\":{\"@id\":\"https:\\\/\\\/www.ebihal.hu\\\/shop\\\/mucsali\\\/gumicsali\\\/elpi-lures\\\/elpi-swifty\\\/elpi-swifty-deluxe-9cm-hot-fish-orange-gumihal\\\/#primaryimage\"},\"image\":{\"@id\":\"https:\\\/\\\/www.ebihal.hu\\\/shop\\\/mucsali\\\/gumicsali\\\/elpi-lures\\\/elpi-swifty\\\/elpi-swifty-deluxe-9cm-hot-fish-orange-gumihal\\\/#primaryimage\"},\"thumbnailUrl\":\"https:\\\/\\\/www.ebihal.hu\\\/wp-content\\\/uploads\\\/2021\\\/11\\\/swifty_hot_fish_orange.jpg\",\"datePublished\":\"2021-11-11T08:25:27+00:00\",\"dateModified\":\"2025-12-16T09:07:47+00:00\",\"description\":\"Az ELPI Swifty gumihala 9 cm hossz\u00fa. Egy kiv\u00e9telesen egyenletes mozg\u00e1s\u00fa csali. Els\u0151sorban csuk\u00e1ra \u00e9s harcs\u00e1ra aj\u00e1nljuk. Hot Fish Orange.\",\"breadcrumb\":{\"@id\":\"https:\\\/\\\/www.ebihal.hu\\\/shop\\\/mucsali\\\/gumicsali\\\/elpi-lures\\\/elpi-swifty\\\/elpi-swifty-deluxe-9cm-hot-fish-orange-gumihal\\\/#breadcrumb\"},\"inLanguage\":\"en-GB\",\"potentialAction\":[{\"@type\":\"ReadAction\",\"target\":[\"https:\\\/\\\/www.ebihal.hu\\\/shop\\\/mucsali\\\/gumicsali\\\/elpi-lures\\\/elpi-swifty\\\/elpi-swifty-deluxe-9cm-hot-fish-orange-gumihal\\\/\"]}]},{\"@type\":\"ImageObject\",\"inLanguage\":\"en-GB\",\"@id\":\"https:\\\/\\\/www.ebihal.hu\\\/shop\\\/mucsali\\\/gumicsali\\\/elpi-lures\\\/elpi-swifty\\\/elpi-swifty-deluxe-9cm-hot-fish-orange-gumihal\\\/#primaryimage\",\"url\":\"https:\\\/\\\/www.ebihal.hu\\\/wp-content\\\/uploads\\\/2021\\\/11\\\/swifty_hot_fish_orange.jpg\",\"contentUrl\":\"https:\\\/\\\/www.ebihal.hu\\\/wp-content\\\/uploads\\\/2021\\\/11\\\/swifty_hot_fish_orange.jpg\",\"width\":556,\"height\":556,\"caption\":\"ELPI Swifty Hot Fish Orange gumihal\"},{\"@type\":\"BreadcrumbList\",\"@id\":\"https:\\\/\\\/www.ebihal.hu\\\/shop\\\/mucsali\\\/gumicsali\\\/elpi-lures\\\/elpi-swifty\\\/elpi-swifty-deluxe-9cm-hot-fish-orange-gumihal\\\/#breadcrumb\",\"itemListElement\":[{\"@type\":\"ListItem\",\"position\":1,\"name\":\"Kezd\u0151lap\",\"item\":\"https:\\\/\\\/www.ebihal.hu\\\/\"},{\"@type\":\"ListItem\",\"position\":2,\"name\":\"M\u0171csali \u00e1ruh\u00e1z\",\"item\":\"https:\\\/\\\/www.ebihal.hu\\\/\"},{\"@type\":\"ListItem\",\"position\":3,\"name\":\"ELPI Swifty Deluxe 9cm Hot Fish Orange gumihal\"}]},{\"@type\":\"WebSite\",\"@id\":\"https:\\\/\\\/www.ebihal.hu\\\/#website\",\"url\":\"https:\\\/\\\/www.ebihal.hu\\\/\",\"name\":\"Ebihal\",\"description\":\"Fish &amp; Jigs\",\"publisher\":{\"@id\":\"https:\\\/\\\/www.ebihal.hu\\\/#organization\"},\"potentialAction\":[{\"@type\":\"SearchAction\",\"target\":{\"@type\":\"EntryPoint\",\"urlTemplate\":\"https:\\\/\\\/www.ebihal.hu\\\/?s={search_term_string}\"},\"query-input\":{\"@type\":\"PropertyValueSpecification\",\"valueRequired\":true,\"valueName\":\"search_term_string\"}}],\"inLanguage\":\"en-GB\"},{\"@type\":\"Organization\",\"@id\":\"https:\\\/\\\/www.ebihal.hu\\\/#organization\",\"name\":\"Bir\u00f3 Csaba egy\u00e9ni v\u00e1llalkoz\u00f3\",\"url\":\"https:\\\/\\\/www.ebihal.hu\\\/\",\"logo\":{\"@type\":\"ImageObject\",\"inLanguage\":\"en-GB\",\"@id\":\"https:\\\/\\\/www.ebihal.hu\\\/#\\\/schema\\\/logo\\\/image\\\/\",\"url\":\"https:\\\/\\\/www.ebihal.hu\\\/wp-content\\\/uploads\\\/2021\\\/02\\\/brand_logo_mini.png\",\"contentUrl\":\"https:\\\/\\\/www.ebihal.hu\\\/wp-content\\\/uploads\\\/2021\\\/02\\\/brand_logo_mini.png\",\"width\":300,\"height\":300,\"caption\":\"Bir\u00f3 Csaba egy\u00e9ni v\u00e1llalkoz\u00f3\"},\"image\":{\"@id\":\"https:\\\/\\\/www.ebihal.hu\\\/#\\\/schema\\\/logo\\\/image\\\/\"},\"sameAs\":[\"https:\\\/\\\/www.facebook.com\\\/ebihal\"]}]}<\/script>\n<!-- \/ Yoast SEO plugin. -->","yoast_head_json":{"title":"ELPI Swifty Deluxe 9cm Hot Fish Orange gumihal - Ebihal","description":"Az ELPI Swifty gumihala 9 cm hossz\u00fa. Egy kiv\u00e9telesen egyenletes mozg\u00e1s\u00fa csali. Els\u0151sorban csuk\u00e1ra \u00e9s harcs\u00e1ra aj\u00e1nljuk. Hot Fish Orange.","robots":{"index":"index","follow":"follow","max-snippet":"max-snippet:-1","max-image-preview":"max-image-preview:large","max-video-preview":"max-video-preview:-1"},"canonical":"https:\/\/www.ebihal.hu\/en\/shop\/mucsali\/gumicsali\/elpi-lures\/elpi-swifty\/elpi-swifty-deluxe-9cm-hot-fish-orange-gumihal\/","og_locale":"en_GB","og_type":"article","og_title":"ELPI Swifty Deluxe 9cm Hot Fish Orange gumihal - Ebihal","og_description":"Az ELPI Swifty gumihala 9 cm hossz\u00fa. Egy kiv\u00e9telesen egyenletes mozg\u00e1s\u00fa csali. Els\u0151sorban csuk\u00e1ra \u00e9s harcs\u00e1ra aj\u00e1nljuk. Hot Fish Orange.","og_url":"https:\/\/www.ebihal.hu\/en\/shop\/mucsali\/gumicsali\/elpi-lures\/elpi-swifty\/elpi-swifty-deluxe-9cm-hot-fish-orange-gumihal\/","og_site_name":"Ebihal","article_publisher":"https:\/\/www.facebook.com\/ebihal","article_modified_time":"2025-12-16T09:07:47+00:00","og_image":[{"width":556,"height":556,"url":"https:\/\/www.ebihal.hu\/wp-content\/uploads\/2021\/11\/swifty_hot_fish_orange.jpg","type":"image\/jpeg"}],"twitter_card":"summary_large_image","twitter_misc":{"Estimated reading time":"1 minute"},"schema":{"@context":"https:\/\/schema.org","@graph":[{"@type":"WebPage","@id":"https:\/\/www.ebihal.hu\/shop\/mucsali\/gumicsali\/elpi-lures\/elpi-swifty\/elpi-swifty-deluxe-9cm-hot-fish-orange-gumihal\/","url":"https:\/\/www.ebihal.hu\/shop\/mucsali\/gumicsali\/elpi-lures\/elpi-swifty\/elpi-swifty-deluxe-9cm-hot-fish-orange-gumihal\/","name":"ELPI Swifty Deluxe 9cm Hot Fish Orange gumihal - Ebihal","isPartOf":{"@id":"https:\/\/www.ebihal.hu\/#website"},"primaryImageOfPage":{"@id":"https:\/\/www.ebihal.hu\/shop\/mucsali\/gumicsali\/elpi-lures\/elpi-swifty\/elpi-swifty-deluxe-9cm-hot-fish-orange-gumihal\/#primaryimage"},"image":{"@id":"https:\/\/www.ebihal.hu\/shop\/mucsali\/gumicsali\/elpi-lures\/elpi-swifty\/elpi-swifty-deluxe-9cm-hot-fish-orange-gumihal\/#primaryimage"},"thumbnailUrl":"https:\/\/www.ebihal.hu\/wp-content\/uploads\/2021\/11\/swifty_hot_fish_orange.jpg","datePublished":"2021-11-11T08:25:27+00:00","dateModified":"2025-12-16T09:07:47+00:00","description":"Az ELPI Swifty gumihala 9 cm hossz\u00fa. Egy kiv\u00e9telesen egyenletes mozg\u00e1s\u00fa csali. Els\u0151sorban csuk\u00e1ra \u00e9s harcs\u00e1ra aj\u00e1nljuk. Hot Fish Orange.","breadcrumb":{"@id":"https:\/\/www.ebihal.hu\/shop\/mucsali\/gumicsali\/elpi-lures\/elpi-swifty\/elpi-swifty-deluxe-9cm-hot-fish-orange-gumihal\/#breadcrumb"},"inLanguage":"en-GB","potentialAction":[{"@type":"ReadAction","target":["https:\/\/www.ebihal.hu\/shop\/mucsali\/gumicsali\/elpi-lures\/elpi-swifty\/elpi-swifty-deluxe-9cm-hot-fish-orange-gumihal\/"]}]},{"@type":"ImageObject","inLanguage":"en-GB","@id":"https:\/\/www.ebihal.hu\/shop\/mucsali\/gumicsali\/elpi-lures\/elpi-swifty\/elpi-swifty-deluxe-9cm-hot-fish-orange-gumihal\/#primaryimage","url":"https:\/\/www.ebihal.hu\/wp-content\/uploads\/2021\/11\/swifty_hot_fish_orange.jpg","contentUrl":"https:\/\/www.ebihal.hu\/wp-content\/uploads\/2021\/11\/swifty_hot_fish_orange.jpg","width":556,"height":556,"caption":"ELPI Swifty Hot Fish Orange gumihal"},{"@type":"BreadcrumbList","@id":"https:\/\/www.ebihal.hu\/shop\/mucsali\/gumicsali\/elpi-lures\/elpi-swifty\/elpi-swifty-deluxe-9cm-hot-fish-orange-gumihal\/#breadcrumb","itemListElement":[{"@type":"ListItem","position":1,"name":"Kezd\u0151lap","item":"https:\/\/www.ebihal.hu\/"},{"@type":"ListItem","position":2,"name":"M\u0171csali \u00e1ruh\u00e1z","item":"https:\/\/www.ebihal.hu\/"},{"@type":"ListItem","position":3,"name":"ELPI Swifty Deluxe 9cm Hot Fish Orange gumihal"}]},{"@type":"WebSite","@id":"https:\/\/www.ebihal.hu\/#website","url":"https:\/\/www.ebihal.hu\/","name":"Ebihal","description":"Fish &amp; Jigs","publisher":{"@id":"https:\/\/www.ebihal.hu\/#organization"},"potentialAction":[{"@type":"SearchAction","target":{"@type":"EntryPoint","urlTemplate":"https:\/\/www.ebihal.hu\/?s={search_term_string}"},"query-input":{"@type":"PropertyValueSpecification","valueRequired":true,"valueName":"search_term_string"}}],"inLanguage":"en-GB"},{"@type":"Organization","@id":"https:\/\/www.ebihal.hu\/#organization","name":"Bir\u00f3 Csaba egy\u00e9ni v\u00e1llalkoz\u00f3","url":"https:\/\/www.ebihal.hu\/","logo":{"@type":"ImageObject","inLanguage":"en-GB","@id":"https:\/\/www.ebihal.hu\/#\/schema\/logo\/image\/","url":"https:\/\/www.ebihal.hu\/wp-content\/uploads\/2021\/02\/brand_logo_mini.png","contentUrl":"https:\/\/www.ebihal.hu\/wp-content\/uploads\/2021\/02\/brand_logo_mini.png","width":300,"height":300,"caption":"Bir\u00f3 Csaba egy\u00e9ni v\u00e1llalkoz\u00f3"},"image":{"@id":"https:\/\/www.ebihal.hu\/#\/schema\/logo\/image\/"},"sameAs":["https:\/\/www.facebook.com\/ebihal"]}]}},"_links":{"self":[{"href":"https:\/\/www.ebihal.hu\/en\/wp-json\/wp\/v2\/product\/5916","targetHints":{"allow":["GET"]}}],"collection":[{"href":"https:\/\/www.ebihal.hu\/en\/wp-json\/wp\/v2\/product"}],"about":[{"href":"https:\/\/www.ebihal.hu\/en\/wp-json\/wp\/v2\/types\/product"}],"replies":[{"embeddable":true,"href":"https:\/\/www.ebihal.hu\/en\/wp-json\/wp\/v2\/comments?post=5916"}],"wp:featuredmedia":[{"embeddable":true,"href":"https:\/\/www.ebihal.hu\/en\/wp-json\/wp\/v2\/media\/5917"}],"wp:attachment":[{"href":"https:\/\/www.ebihal.hu\/en\/wp-json\/wp\/v2\/media?parent=5916"}],"wp:term":[{"taxonomy":"product_cat","embeddable":true,"href":"https:\/\/www.ebihal.hu\/en\/wp-json\/wp\/v2\/product_cat?post=5916"},{"taxonomy":"product_tag","embeddable":true,"href":"https:\/\/www.ebihal.hu\/en\/wp-json\/wp\/v2\/product_tag?post=5916"}],"curies":[{"name":"wp","href":"https:\/\/api.w.org\/{rel}","templated":true}]}}