{"id":5643,"date":"2021-11-02T17:59:38","date_gmt":"2021-11-02T16:59:38","guid":{"rendered":"https:\/\/www.ebihal.hu\/?post_type=product&#038;p=5643"},"modified":"2026-03-10T19:58:49","modified_gmt":"2026-03-10T18:58:49","slug":"fanatik-larva-2-022-gumicsali","status":"publish","type":"product","link":"https:\/\/www.ebihal.hu\/en\/shop\/mucsali\/gumicsali\/fanatik\/fanatik-larva\/larva-2\/fanatik-larva-2-022-gumicsali\/","title":{"rendered":"Fanatik Larva 2&#8243; 022 gumicsali"},"content":{"rendered":"<p>Az ukr\u00e1n Fanatik c\u00e9g kiv\u00e1l\u00f3 szilikonjai k\u00f6z\u00fcl kiemelkedik a Larva sorozat. Mind \u00e1llag\u00e1ban, mind sz\u00ednez\u00e9s\u00e9ben rendk\u00edv\u00fcl ig\u00e9nyes munka. Horog\u00e1ll\u00f3s\u00e1ga h\u00edresen j\u00f3 &#8211; a l\u00e1gys\u00e1g, rugalmass\u00e1g nem megy a sz\u00edv\u00f3ss\u00e1g rov\u00e1s\u00e1ra. Hazai horg\u00e1szok b\u00edztat\u00e1s\u00e1ra, a legfog\u00f3sabb sz\u00ednekben tartjuk. T\u0171zhet\u0151 direktben jigfejre, de m\u00e9g ink\u00e1bb haszn\u00e1ljuk chebuval, jig-rigen, <strong>drop-shoton<\/strong>!<br \/>\nV\u00e9lem\u00e9ny\u00fcnk szerint az egyik legjobb <strong>szitak\u00f6t\u0151 imit\u00e1ci\u00f3<\/strong> a piacon, b\u00e1r van m\u00e9g egy igencsak \u00edg\u00e9retes m\u00e1rka ezen a fronton, \u0151 pedig a Perch&#8217;ik c\u00e9g <a href=\"https:\/\/www.ebihal.hu\/en\/horgaszat\/mucsali\/gumicsali\/perchik\/beetle\/\">Beetle New<\/a> l\u00e1rv\u00e1ja.<\/p>\n<p>50 mm hossz\u00fa, aromatiz\u00e1lt,\u00a0 #022 sz\u00ednk\u00f3d, 8 db\/csomag.<\/p>\n<p><iframe loading=\"lazy\" title=\"YouTube video player\" src=\"https:\/\/www.youtube.com\/embed\/E2s4WoiAANo\" width=\"560\" height=\"315\" frameborder=\"0\" allowfullscreen=\"allowfullscreen\"><\/iframe><\/p>\n<h4>Additional information<\/h4>\n<table class=\"woocommerce-product-attributes shop_attributes\" aria-label=\"Product Details\" data-no-translation-aria-label=\"\">\n\t\t\t<tr class=\"woocommerce-product-attributes-item woocommerce-product-attributes-item--attribute_pa_brand\">\n\t\t\t<th class=\"woocommerce-product-attributes-item__label\" scope=\"row\">Brand<\/th>\n\t\t\t<td class=\"woocommerce-product-attributes-item__value\"><p>Fanatik<\/p>\n<\/td>\n\t\t<\/tr>\n\t\t\t<tr class=\"woocommerce-product-attributes-item woocommerce-product-attributes-item--attribute_pa_szinkod\">\n\t\t\t<th class=\"woocommerce-product-attributes-item__label\" scope=\"row\">Color code<\/th>\n\t\t\t<td class=\"woocommerce-product-attributes-item__value\"><p>022<\/p>\n<\/td>\n\t\t<\/tr>\n\t\t\t<tr class=\"woocommerce-product-attributes-item woocommerce-product-attributes-item--attribute_pa_meret\">\n\t\t\t<th class=\"woocommerce-product-attributes-item__label\" scope=\"row\">Size<\/th>\n\t\t\t<td class=\"woocommerce-product-attributes-item__value\"><p>50 mm<\/p>\n<\/td>\n\t\t<\/tr>\n\t\t\t<tr class=\"woocommerce-product-attributes-item woocommerce-product-attributes-item--attribute_pa_madein\">\n\t\t\t<th class=\"woocommerce-product-attributes-item__label\" scope=\"row\">Country of origin<\/th>\n\t\t\t<td class=\"woocommerce-product-attributes-item__value\"><p>Ukrajna<\/p>\n<\/td>\n\t\t<\/tr>\n\t\t\t<tr class=\"woocommerce-product-attributes-item woocommerce-product-attributes-item--attribute_pa_kiszereles\">\n\t\t\t<th class=\"woocommerce-product-attributes-item__label\" scope=\"row\">Packaging<\/th>\n\t\t\t<td class=\"woocommerce-product-attributes-item__value\"><p>1 plastic bag<\/p>\n<\/td>\n\t\t<\/tr>\n\t<\/table>","protected":false},"excerpt":{"rendered":"<p>8 db\/csomag<\/p>","protected":false},"featured_media":12688,"comment_status":"open","ping_status":"closed","template":"","meta":[],"product_cat":[1244,74,1257,1259,40,605],"product_tag":[815,239,1249,339,814,816,240,241,373],"class_list":{"0":"post-5643","1":"product","2":"type-product","3":"status-publish","4":"has-post-thumbnail","6":"product_brand-fanatik","7":"product_cat-fanatik","8":"product_cat-gumicsali","9":"product_cat-fanatik-larva","10":"product_cat-larva-2","11":"product_cat-mucsali","12":"product_cat-ujdonsagok","13":"product_tag-bekes-halak","14":"product_tag-domolyko","15":"product_tag-fanatik","16":"product_tag-kosullo","17":"product_tag-l","18":"product_tag-larva","19":"product_tag-pisztrang","20":"product_tag-suger","21":"product_tag-ul","23":"first","24":"instock","25":"sale","26":"shipping-taxable","27":"purchasable","28":"product-type-simple"},"supplier_id":null,"supplier_sku":"","barcode":null,"atum_controlled":true,"out_stock_date":null,"out_stock_threshold":null,"inheritable":false,"inbound_stock":0,"stock_on_hold":0,"sold_today":0,"sales_last_days":0,"reserved_stock":0,"customer_returns":0,"warehouse_damage":0,"lost_in_post":0,"other_logs":0,"out_stock_days":0,"lost_sales":0,"has_location":false,"update_date":"2026-04-15T00:31:48","atum_locations":[],"atum_stock_status":"instock","restock_status":false,"low_stock_amount":"","sales_update_date":"2026-04-15T00:31:48","calc_backorders":null,"yoast_head":"<!-- This site is optimized with the Yoast SEO plugin v27.4 - https:\/\/yoast.com\/product\/yoast-seo-wordpress\/ -->\n<title>Fanatik Larva 2&quot; 022 gumicsali - Ebihal<\/title>\n<meta name=\"description\" content=\"A Fanatik Larva az egyik legjobb UL csali. Horog\u00e1ll\u00f3s\u00e1ga h\u00edresen j\u00f3 - a l\u00e1gys\u00e1g, rugalmass\u00e1g nem megy a sz\u00edv\u00f3ss\u00e1g rov\u00e1s\u00e1ra. #022 sz\u00edn, 50 mm.\" \/>\n<meta name=\"robots\" content=\"index, follow, max-snippet:-1, max-image-preview:large, max-video-preview:-1\" \/>\n<link rel=\"canonical\" href=\"https:\/\/www.ebihal.hu\/en\/shop\/mucsali\/gumicsali\/fanatik\/fanatik-larva\/larva-2\/fanatik-larva-2-022-gumicsali\/\" \/>\n<meta property=\"og:locale\" content=\"en_GB\" \/>\n<meta property=\"og:type\" content=\"article\" \/>\n<meta property=\"og:title\" content=\"Fanatik Larva 2&quot; 022 gumicsali - Ebihal\" \/>\n<meta property=\"og:description\" content=\"A Fanatik Larva az egyik legjobb UL csali. Horog\u00e1ll\u00f3s\u00e1ga h\u00edresen j\u00f3 - a l\u00e1gys\u00e1g, rugalmass\u00e1g nem megy a sz\u00edv\u00f3ss\u00e1g rov\u00e1s\u00e1ra. #022 sz\u00edn, 50 mm.\" \/>\n<meta property=\"og:url\" content=\"https:\/\/www.ebihal.hu\/en\/shop\/mucsali\/gumicsali\/fanatik\/fanatik-larva\/larva-2\/fanatik-larva-2-022-gumicsali\/\" \/>\n<meta property=\"og:site_name\" content=\"Ebihal\" \/>\n<meta property=\"article:publisher\" content=\"https:\/\/www.facebook.com\/ebihal\" \/>\n<meta property=\"article:modified_time\" content=\"2026-03-10T18:58:49+00:00\" \/>\n<meta property=\"og:image\" content=\"https:\/\/www.ebihal.hu\/wp-content\/uploads\/2024\/11\/fanatik-larva-022-2025.png\" \/>\n\t<meta property=\"og:image:width\" content=\"500\" \/>\n\t<meta property=\"og:image:height\" content=\"500\" \/>\n\t<meta property=\"og:image:type\" content=\"image\/png\" \/>\n<meta name=\"twitter:card\" content=\"summary_large_image\" \/>\n<meta name=\"twitter:label1\" content=\"Estimated reading time\" \/>\n\t<meta name=\"twitter:data1\" content=\"1 minute\" \/>\n<script type=\"application\/ld+json\" class=\"yoast-schema-graph\">{\"@context\":\"https:\\\/\\\/schema.org\",\"@graph\":[{\"@type\":\"WebPage\",\"@id\":\"https:\\\/\\\/www.ebihal.hu\\\/shop\\\/mucsali\\\/gumicsali\\\/fanatik\\\/fanatik-larva\\\/larva-2\\\/fanatik-larva-2-022-gumicsali\\\/\",\"url\":\"https:\\\/\\\/www.ebihal.hu\\\/shop\\\/mucsali\\\/gumicsali\\\/fanatik\\\/fanatik-larva\\\/larva-2\\\/fanatik-larva-2-022-gumicsali\\\/\",\"name\":\"Fanatik Larva 2\\\" 022 gumicsali - Ebihal\",\"isPartOf\":{\"@id\":\"https:\\\/\\\/www.ebihal.hu\\\/#website\"},\"primaryImageOfPage\":{\"@id\":\"https:\\\/\\\/www.ebihal.hu\\\/shop\\\/mucsali\\\/gumicsali\\\/fanatik\\\/fanatik-larva\\\/larva-2\\\/fanatik-larva-2-022-gumicsali\\\/#primaryimage\"},\"image\":{\"@id\":\"https:\\\/\\\/www.ebihal.hu\\\/shop\\\/mucsali\\\/gumicsali\\\/fanatik\\\/fanatik-larva\\\/larva-2\\\/fanatik-larva-2-022-gumicsali\\\/#primaryimage\"},\"thumbnailUrl\":\"https:\\\/\\\/www.ebihal.hu\\\/wp-content\\\/uploads\\\/2024\\\/11\\\/fanatik-larva-022-2025.png\",\"datePublished\":\"2021-11-02T16:59:38+00:00\",\"dateModified\":\"2026-03-10T18:58:49+00:00\",\"description\":\"A Fanatik Larva az egyik legjobb UL csali. Horog\u00e1ll\u00f3s\u00e1ga h\u00edresen j\u00f3 - a l\u00e1gys\u00e1g, rugalmass\u00e1g nem megy a sz\u00edv\u00f3ss\u00e1g rov\u00e1s\u00e1ra. #022 sz\u00edn, 50 mm.\",\"breadcrumb\":{\"@id\":\"https:\\\/\\\/www.ebihal.hu\\\/shop\\\/mucsali\\\/gumicsali\\\/fanatik\\\/fanatik-larva\\\/larva-2\\\/fanatik-larva-2-022-gumicsali\\\/#breadcrumb\"},\"inLanguage\":\"en-GB\",\"potentialAction\":[{\"@type\":\"ReadAction\",\"target\":[\"https:\\\/\\\/www.ebihal.hu\\\/shop\\\/mucsali\\\/gumicsali\\\/fanatik\\\/fanatik-larva\\\/larva-2\\\/fanatik-larva-2-022-gumicsali\\\/\"]}]},{\"@type\":\"ImageObject\",\"inLanguage\":\"en-GB\",\"@id\":\"https:\\\/\\\/www.ebihal.hu\\\/shop\\\/mucsali\\\/gumicsali\\\/fanatik\\\/fanatik-larva\\\/larva-2\\\/fanatik-larva-2-022-gumicsali\\\/#primaryimage\",\"url\":\"https:\\\/\\\/www.ebihal.hu\\\/wp-content\\\/uploads\\\/2024\\\/11\\\/fanatik-larva-022-2025.png\",\"contentUrl\":\"https:\\\/\\\/www.ebihal.hu\\\/wp-content\\\/uploads\\\/2024\\\/11\\\/fanatik-larva-022-2025.png\",\"width\":500,\"height\":500,\"caption\":\"Fanatik Larva 022\"},{\"@type\":\"BreadcrumbList\",\"@id\":\"https:\\\/\\\/www.ebihal.hu\\\/shop\\\/mucsali\\\/gumicsali\\\/fanatik\\\/fanatik-larva\\\/larva-2\\\/fanatik-larva-2-022-gumicsali\\\/#breadcrumb\",\"itemListElement\":[{\"@type\":\"ListItem\",\"position\":1,\"name\":\"Kezd\u0151lap\",\"item\":\"https:\\\/\\\/www.ebihal.hu\\\/\"},{\"@type\":\"ListItem\",\"position\":2,\"name\":\"M\u0171csali \u00e1ruh\u00e1z\",\"item\":\"https:\\\/\\\/www.ebihal.hu\\\/\"},{\"@type\":\"ListItem\",\"position\":3,\"name\":\"Fanatik Larva 2&#8243; 022 gumicsali\"}]},{\"@type\":\"WebSite\",\"@id\":\"https:\\\/\\\/www.ebihal.hu\\\/#website\",\"url\":\"https:\\\/\\\/www.ebihal.hu\\\/\",\"name\":\"Ebihal\",\"description\":\"Fish &amp; Jigs\",\"publisher\":{\"@id\":\"https:\\\/\\\/www.ebihal.hu\\\/#organization\"},\"potentialAction\":[{\"@type\":\"SearchAction\",\"target\":{\"@type\":\"EntryPoint\",\"urlTemplate\":\"https:\\\/\\\/www.ebihal.hu\\\/?s={search_term_string}\"},\"query-input\":{\"@type\":\"PropertyValueSpecification\",\"valueRequired\":true,\"valueName\":\"search_term_string\"}}],\"inLanguage\":\"en-GB\"},{\"@type\":\"Organization\",\"@id\":\"https:\\\/\\\/www.ebihal.hu\\\/#organization\",\"name\":\"Bir\u00f3 Csaba egy\u00e9ni v\u00e1llalkoz\u00f3\",\"url\":\"https:\\\/\\\/www.ebihal.hu\\\/\",\"logo\":{\"@type\":\"ImageObject\",\"inLanguage\":\"en-GB\",\"@id\":\"https:\\\/\\\/www.ebihal.hu\\\/#\\\/schema\\\/logo\\\/image\\\/\",\"url\":\"https:\\\/\\\/www.ebihal.hu\\\/wp-content\\\/uploads\\\/2021\\\/02\\\/brand_logo_mini.png\",\"contentUrl\":\"https:\\\/\\\/www.ebihal.hu\\\/wp-content\\\/uploads\\\/2021\\\/02\\\/brand_logo_mini.png\",\"width\":300,\"height\":300,\"caption\":\"Bir\u00f3 Csaba egy\u00e9ni v\u00e1llalkoz\u00f3\"},\"image\":{\"@id\":\"https:\\\/\\\/www.ebihal.hu\\\/#\\\/schema\\\/logo\\\/image\\\/\"},\"sameAs\":[\"https:\\\/\\\/www.facebook.com\\\/ebihal\"]}]}<\/script>\n<!-- \/ Yoast SEO plugin. -->","yoast_head_json":{"title":"Fanatik Larva 2\" 022 gumicsali - Ebihal","description":"A Fanatik Larva az egyik legjobb UL csali. Horog\u00e1ll\u00f3s\u00e1ga h\u00edresen j\u00f3 - a l\u00e1gys\u00e1g, rugalmass\u00e1g nem megy a sz\u00edv\u00f3ss\u00e1g rov\u00e1s\u00e1ra. #022 sz\u00edn, 50 mm.","robots":{"index":"index","follow":"follow","max-snippet":"max-snippet:-1","max-image-preview":"max-image-preview:large","max-video-preview":"max-video-preview:-1"},"canonical":"https:\/\/www.ebihal.hu\/en\/shop\/mucsali\/gumicsali\/fanatik\/fanatik-larva\/larva-2\/fanatik-larva-2-022-gumicsali\/","og_locale":"en_GB","og_type":"article","og_title":"Fanatik Larva 2\" 022 gumicsali - Ebihal","og_description":"A Fanatik Larva az egyik legjobb UL csali. Horog\u00e1ll\u00f3s\u00e1ga h\u00edresen j\u00f3 - a l\u00e1gys\u00e1g, rugalmass\u00e1g nem megy a sz\u00edv\u00f3ss\u00e1g rov\u00e1s\u00e1ra. #022 sz\u00edn, 50 mm.","og_url":"https:\/\/www.ebihal.hu\/en\/shop\/mucsali\/gumicsali\/fanatik\/fanatik-larva\/larva-2\/fanatik-larva-2-022-gumicsali\/","og_site_name":"Ebihal","article_publisher":"https:\/\/www.facebook.com\/ebihal","article_modified_time":"2026-03-10T18:58:49+00:00","og_image":[{"width":500,"height":500,"url":"https:\/\/www.ebihal.hu\/wp-content\/uploads\/2024\/11\/fanatik-larva-022-2025.png","type":"image\/png"}],"twitter_card":"summary_large_image","twitter_misc":{"Estimated reading time":"1 minute"},"schema":{"@context":"https:\/\/schema.org","@graph":[{"@type":"WebPage","@id":"https:\/\/www.ebihal.hu\/shop\/mucsali\/gumicsali\/fanatik\/fanatik-larva\/larva-2\/fanatik-larva-2-022-gumicsali\/","url":"https:\/\/www.ebihal.hu\/shop\/mucsali\/gumicsali\/fanatik\/fanatik-larva\/larva-2\/fanatik-larva-2-022-gumicsali\/","name":"Fanatik Larva 2\" 022 gumicsali - Ebihal","isPartOf":{"@id":"https:\/\/www.ebihal.hu\/#website"},"primaryImageOfPage":{"@id":"https:\/\/www.ebihal.hu\/shop\/mucsali\/gumicsali\/fanatik\/fanatik-larva\/larva-2\/fanatik-larva-2-022-gumicsali\/#primaryimage"},"image":{"@id":"https:\/\/www.ebihal.hu\/shop\/mucsali\/gumicsali\/fanatik\/fanatik-larva\/larva-2\/fanatik-larva-2-022-gumicsali\/#primaryimage"},"thumbnailUrl":"https:\/\/www.ebihal.hu\/wp-content\/uploads\/2024\/11\/fanatik-larva-022-2025.png","datePublished":"2021-11-02T16:59:38+00:00","dateModified":"2026-03-10T18:58:49+00:00","description":"A Fanatik Larva az egyik legjobb UL csali. Horog\u00e1ll\u00f3s\u00e1ga h\u00edresen j\u00f3 - a l\u00e1gys\u00e1g, rugalmass\u00e1g nem megy a sz\u00edv\u00f3ss\u00e1g rov\u00e1s\u00e1ra. #022 sz\u00edn, 50 mm.","breadcrumb":{"@id":"https:\/\/www.ebihal.hu\/shop\/mucsali\/gumicsali\/fanatik\/fanatik-larva\/larva-2\/fanatik-larva-2-022-gumicsali\/#breadcrumb"},"inLanguage":"en-GB","potentialAction":[{"@type":"ReadAction","target":["https:\/\/www.ebihal.hu\/shop\/mucsali\/gumicsali\/fanatik\/fanatik-larva\/larva-2\/fanatik-larva-2-022-gumicsali\/"]}]},{"@type":"ImageObject","inLanguage":"en-GB","@id":"https:\/\/www.ebihal.hu\/shop\/mucsali\/gumicsali\/fanatik\/fanatik-larva\/larva-2\/fanatik-larva-2-022-gumicsali\/#primaryimage","url":"https:\/\/www.ebihal.hu\/wp-content\/uploads\/2024\/11\/fanatik-larva-022-2025.png","contentUrl":"https:\/\/www.ebihal.hu\/wp-content\/uploads\/2024\/11\/fanatik-larva-022-2025.png","width":500,"height":500,"caption":"Fanatik Larva 022"},{"@type":"BreadcrumbList","@id":"https:\/\/www.ebihal.hu\/shop\/mucsali\/gumicsali\/fanatik\/fanatik-larva\/larva-2\/fanatik-larva-2-022-gumicsali\/#breadcrumb","itemListElement":[{"@type":"ListItem","position":1,"name":"Kezd\u0151lap","item":"https:\/\/www.ebihal.hu\/"},{"@type":"ListItem","position":2,"name":"M\u0171csali \u00e1ruh\u00e1z","item":"https:\/\/www.ebihal.hu\/"},{"@type":"ListItem","position":3,"name":"Fanatik Larva 2&#8243; 022 gumicsali"}]},{"@type":"WebSite","@id":"https:\/\/www.ebihal.hu\/#website","url":"https:\/\/www.ebihal.hu\/","name":"Ebihal","description":"Fish &amp; Jigs","publisher":{"@id":"https:\/\/www.ebihal.hu\/#organization"},"potentialAction":[{"@type":"SearchAction","target":{"@type":"EntryPoint","urlTemplate":"https:\/\/www.ebihal.hu\/?s={search_term_string}"},"query-input":{"@type":"PropertyValueSpecification","valueRequired":true,"valueName":"search_term_string"}}],"inLanguage":"en-GB"},{"@type":"Organization","@id":"https:\/\/www.ebihal.hu\/#organization","name":"Bir\u00f3 Csaba egy\u00e9ni v\u00e1llalkoz\u00f3","url":"https:\/\/www.ebihal.hu\/","logo":{"@type":"ImageObject","inLanguage":"en-GB","@id":"https:\/\/www.ebihal.hu\/#\/schema\/logo\/image\/","url":"https:\/\/www.ebihal.hu\/wp-content\/uploads\/2021\/02\/brand_logo_mini.png","contentUrl":"https:\/\/www.ebihal.hu\/wp-content\/uploads\/2021\/02\/brand_logo_mini.png","width":300,"height":300,"caption":"Bir\u00f3 Csaba egy\u00e9ni v\u00e1llalkoz\u00f3"},"image":{"@id":"https:\/\/www.ebihal.hu\/#\/schema\/logo\/image\/"},"sameAs":["https:\/\/www.facebook.com\/ebihal"]}]}},"_links":{"self":[{"href":"https:\/\/www.ebihal.hu\/en\/wp-json\/wp\/v2\/product\/5643","targetHints":{"allow":["GET"]}}],"collection":[{"href":"https:\/\/www.ebihal.hu\/en\/wp-json\/wp\/v2\/product"}],"about":[{"href":"https:\/\/www.ebihal.hu\/en\/wp-json\/wp\/v2\/types\/product"}],"replies":[{"embeddable":true,"href":"https:\/\/www.ebihal.hu\/en\/wp-json\/wp\/v2\/comments?post=5643"}],"wp:featuredmedia":[{"embeddable":true,"href":"https:\/\/www.ebihal.hu\/en\/wp-json\/wp\/v2\/media\/12688"}],"wp:attachment":[{"href":"https:\/\/www.ebihal.hu\/en\/wp-json\/wp\/v2\/media?parent=5643"}],"wp:term":[{"taxonomy":"product_cat","embeddable":true,"href":"https:\/\/www.ebihal.hu\/en\/wp-json\/wp\/v2\/product_cat?post=5643"},{"taxonomy":"product_tag","embeddable":true,"href":"https:\/\/www.ebihal.hu\/en\/wp-json\/wp\/v2\/product_tag?post=5643"}],"curies":[{"name":"wp","href":"https:\/\/api.w.org\/{rel}","templated":true}]}}