{"id":5291,"date":"2021-09-05T10:53:10","date_gmt":"2021-09-05T09:53:10","guid":{"rendered":"https:\/\/www.ebihal.hu\/?post_type=product&#038;p=5291"},"modified":"2021-10-25T21:28:59","modified_gmt":"2021-10-25T20:28:59","slug":"zumpe-rutele-tamolygo-villanto-32g-05009","status":"publish","type":"product","link":"https:\/\/www.ebihal.hu\/en\/shop\/mucsali\/villanto\/zumpe\/zumpe-rutele-villanto\/zumpe-rutele-tamolygo-villanto-32g-05009\/","title":{"rendered":"Zump\u0117 R\u016btel\u0117 t\u00e1molyg\u00f3 villant\u00f3 32g 05009"},"content":{"rendered":"<p>A Litv\u00e1n Zump\u0117 m\u00e1rka a Baltikumban fogalomm\u00e1 v\u00e1lt az ut\u00f3bbi \u00e9vtizedekben. Ami itthon Ott\u00f3 b\u00e1csi, az a keleti v\u00e9geken a Zump\u0117. A <strong>R\u016btel\u0117<\/strong> sorozat klasszikus kanalai els\u0151sorban kapit\u00e1lis m\u00e9ret\u0171 <strong>csuk\u00e1kra<\/strong> lehetnek eredm\u00e9nyesek. Nagy t\u00f6mege lehet\u0151v\u00e9 teszi t\u00e1volabbi helyek, m\u00e9lyebb r\u00e9tegek meghorg\u00e1sz\u00e1s\u00e1t is.<\/p>\n<p>32g a s\u00falya, ac\u00e9l test, piros s\u00e1vos fon\u00e1k, hossz\u00fas\u00e1ga 9 cm, sz\u00e9less\u00e9ge 3,1 cm.<\/p>\n<h4>Additional information<\/h4>\n<table class=\"woocommerce-product-attributes shop_attributes\" aria-label=\"Product Details\" data-no-translation-aria-label=\"\">\n\t\t\t<tr class=\"woocommerce-product-attributes-item woocommerce-product-attributes-item--weight\">\n\t\t\t<th class=\"woocommerce-product-attributes-item__label\" scope=\"row\" data-no-translation=\"\" data-trp-gettext=\"\">Weight<\/th>\n\t\t\t<td class=\"woocommerce-product-attributes-item__value\">0.03 kg<\/td>\n\t\t<\/tr>\n\t\t\t<tr class=\"woocommerce-product-attributes-item woocommerce-product-attributes-item--attribute_pa_brand\">\n\t\t\t<th class=\"woocommerce-product-attributes-item__label\" scope=\"row\">Brand<\/th>\n\t\t\t<td class=\"woocommerce-product-attributes-item__value\"><p>Zump\u0117<\/p>\n<\/td>\n\t\t<\/tr>\n\t\t\t<tr class=\"woocommerce-product-attributes-item woocommerce-product-attributes-item--attribute_pa_meret\">\n\t\t\t<th class=\"woocommerce-product-attributes-item__label\" scope=\"row\">Size<\/th>\n\t\t\t<td class=\"woocommerce-product-attributes-item__value\"><p>32g<\/p>\n<\/td>\n\t\t<\/tr>\n\t\t\t<tr class=\"woocommerce-product-attributes-item woocommerce-product-attributes-item--attribute_pa_madein\">\n\t\t\t<th class=\"woocommerce-product-attributes-item__label\" scope=\"row\">Country of origin<\/th>\n\t\t\t<td class=\"woocommerce-product-attributes-item__value\"><p>Litv\u00e1nia<\/p>\n<\/td>\n\t\t<\/tr>\n\t\t\t<tr class=\"woocommerce-product-attributes-item woocommerce-product-attributes-item--attribute_pa_kiszereles\">\n\t\t\t<th class=\"woocommerce-product-attributes-item__label\" scope=\"row\">Packaging<\/th>\n\t\t\t<td class=\"woocommerce-product-attributes-item__value\"><p>1 piece<\/p>\n<\/td>\n\t\t<\/tr>\n\t<\/table>","protected":false},"excerpt":{"rendered":"<p>A Litv\u00e1n Zump\u0117 m\u00e1rka a Baltikumban fogalomm\u00e1 v\u00e1lt az ut\u00f3bbi \u00e9vtizedekben. Ami itthon Ott\u00f3 b\u00e1csi, az a keleti v\u00e9geken a Zump\u0117. A R\u016btel\u0117 sorozat klasszikus kanalai els\u0151sorban kapit\u00e1lis m\u00e9ret\u0171 csuk\u00e1kra lehetnek eredm\u00e9nyesek. Nagy t\u00f6mege lehet\u0151v\u00e9 teszi t\u00e1volabbi helyek, m\u00e9lyebb r\u00e9tegek meghorg\u00e1sz\u00e1s\u00e1t is. 32g a s\u00falya, ac\u00e9l test, piros s\u00e1vos fon\u00e1k,&hellip; <\/p>","protected":false},"featured_media":5292,"comment_status":"open","ping_status":"closed","template":"","meta":[],"product_cat":[40,1230,413,951],"product_tag":[147,1231,817,962],"class_list":{"0":"post-5291","1":"product","2":"type-product","3":"status-publish","4":"has-post-thumbnail","6":"product_brand-zumpe","7":"product_cat-mucsali","8":"product_cat-zumpe-rutele-villanto","9":"product_cat-villanto","10":"product_cat-zumpe","11":"product_tag-csuka","12":"product_tag-rutele","13":"product_tag-xl","14":"product_tag-zumpe","16":"first","17":"instock","18":"shipping-taxable","19":"purchasable","20":"product-type-simple"},"supplier_id":null,"supplier_sku":"","barcode":null,"atum_controlled":true,"out_stock_date":null,"out_stock_threshold":null,"inheritable":false,"inbound_stock":0,"stock_on_hold":0,"sold_today":0,"sales_last_days":0,"reserved_stock":0,"customer_returns":0,"warehouse_damage":0,"lost_in_post":0,"other_logs":0,"out_stock_days":0,"lost_sales":0,"has_location":false,"update_date":"2026-04-15T00:31:57","atum_locations":[],"atum_stock_status":"instock","restock_status":false,"low_stock_amount":"","sales_update_date":"2026-04-15T00:31:57","calc_backorders":null,"yoast_head":"<!-- This site is optimized with the Yoast SEO plugin v27.4 - https:\/\/yoast.com\/product\/yoast-seo-wordpress\/ -->\n<title>Zump\u0117 R\u016btel\u0117 t\u00e1molyg\u00f3 villant\u00f3 32g 05009 - Ebihal<\/title>\n<meta name=\"description\" content=\"A Litv\u00e1n Zump\u0117 m\u00e1rka a Baltikumban fogalomm\u00e1 v\u00e1lt az ut\u00f3bbi \u00e9vtizedekben. A R\u016btel\u0117 sorozat kanalai csuk\u00e1ra lehetnek eredm\u00e9nyesek.\" \/>\n<meta name=\"robots\" content=\"index, follow, max-snippet:-1, max-image-preview:large, max-video-preview:-1\" \/>\n<link rel=\"canonical\" href=\"https:\/\/www.ebihal.hu\/en\/shop\/mucsali\/villanto\/zumpe\/zumpe-rutele-villanto\/zumpe-rutele-tamolygo-villanto-32g-05009\/\" \/>\n<meta property=\"og:locale\" content=\"en_GB\" \/>\n<meta property=\"og:type\" content=\"article\" \/>\n<meta property=\"og:title\" content=\"Zump\u0117 R\u016btel\u0117 t\u00e1molyg\u00f3 villant\u00f3 32g 05009 - Ebihal\" \/>\n<meta property=\"og:description\" content=\"A Litv\u00e1n Zump\u0117 m\u00e1rka a Baltikumban fogalomm\u00e1 v\u00e1lt az ut\u00f3bbi \u00e9vtizedekben. A R\u016btel\u0117 sorozat kanalai csuk\u00e1ra lehetnek eredm\u00e9nyesek.\" \/>\n<meta property=\"og:url\" content=\"https:\/\/www.ebihal.hu\/en\/shop\/mucsali\/villanto\/zumpe\/zumpe-rutele-villanto\/zumpe-rutele-tamolygo-villanto-32g-05009\/\" \/>\n<meta property=\"og:site_name\" content=\"Ebihal\" \/>\n<meta property=\"article:publisher\" content=\"https:\/\/www.facebook.com\/ebihal\" \/>\n<meta property=\"article:modified_time\" content=\"2021-10-25T20:28:59+00:00\" \/>\n<meta property=\"og:image\" content=\"https:\/\/www.ebihal.hu\/wp-content\/uploads\/2021\/09\/05009.jpg\" \/>\n\t<meta property=\"og:image:width\" content=\"600\" \/>\n\t<meta property=\"og:image:height\" content=\"600\" \/>\n\t<meta property=\"og:image:type\" content=\"image\/jpeg\" \/>\n<meta name=\"twitter:card\" content=\"summary_large_image\" \/>\n<meta name=\"twitter:label1\" content=\"Estimated reading time\" \/>\n\t<meta name=\"twitter:data1\" content=\"1 minute\" \/>\n<script type=\"application\/ld+json\" class=\"yoast-schema-graph\">{\"@context\":\"https:\\\/\\\/schema.org\",\"@graph\":[{\"@type\":\"WebPage\",\"@id\":\"https:\\\/\\\/www.ebihal.hu\\\/shop\\\/mucsali\\\/villanto\\\/zumpe\\\/zumpe-rutele-villanto\\\/zumpe-rutele-tamolygo-villanto-32g-05009\\\/\",\"url\":\"https:\\\/\\\/www.ebihal.hu\\\/shop\\\/mucsali\\\/villanto\\\/zumpe\\\/zumpe-rutele-villanto\\\/zumpe-rutele-tamolygo-villanto-32g-05009\\\/\",\"name\":\"Zump\u0117 R\u016btel\u0117 t\u00e1molyg\u00f3 villant\u00f3 32g 05009 - Ebihal\",\"isPartOf\":{\"@id\":\"https:\\\/\\\/www.ebihal.hu\\\/#website\"},\"primaryImageOfPage\":{\"@id\":\"https:\\\/\\\/www.ebihal.hu\\\/shop\\\/mucsali\\\/villanto\\\/zumpe\\\/zumpe-rutele-villanto\\\/zumpe-rutele-tamolygo-villanto-32g-05009\\\/#primaryimage\"},\"image\":{\"@id\":\"https:\\\/\\\/www.ebihal.hu\\\/shop\\\/mucsali\\\/villanto\\\/zumpe\\\/zumpe-rutele-villanto\\\/zumpe-rutele-tamolygo-villanto-32g-05009\\\/#primaryimage\"},\"thumbnailUrl\":\"https:\\\/\\\/www.ebihal.hu\\\/wp-content\\\/uploads\\\/2021\\\/09\\\/05009.jpg\",\"datePublished\":\"2021-09-05T09:53:10+00:00\",\"dateModified\":\"2021-10-25T20:28:59+00:00\",\"description\":\"A Litv\u00e1n Zump\u0117 m\u00e1rka a Baltikumban fogalomm\u00e1 v\u00e1lt az ut\u00f3bbi \u00e9vtizedekben. A R\u016btel\u0117 sorozat kanalai csuk\u00e1ra lehetnek eredm\u00e9nyesek.\",\"breadcrumb\":{\"@id\":\"https:\\\/\\\/www.ebihal.hu\\\/shop\\\/mucsali\\\/villanto\\\/zumpe\\\/zumpe-rutele-villanto\\\/zumpe-rutele-tamolygo-villanto-32g-05009\\\/#breadcrumb\"},\"inLanguage\":\"en-GB\",\"potentialAction\":[{\"@type\":\"ReadAction\",\"target\":[\"https:\\\/\\\/www.ebihal.hu\\\/shop\\\/mucsali\\\/villanto\\\/zumpe\\\/zumpe-rutele-villanto\\\/zumpe-rutele-tamolygo-villanto-32g-05009\\\/\"]}]},{\"@type\":\"ImageObject\",\"inLanguage\":\"en-GB\",\"@id\":\"https:\\\/\\\/www.ebihal.hu\\\/shop\\\/mucsali\\\/villanto\\\/zumpe\\\/zumpe-rutele-villanto\\\/zumpe-rutele-tamolygo-villanto-32g-05009\\\/#primaryimage\",\"url\":\"https:\\\/\\\/www.ebihal.hu\\\/wp-content\\\/uploads\\\/2021\\\/09\\\/05009.jpg\",\"contentUrl\":\"https:\\\/\\\/www.ebihal.hu\\\/wp-content\\\/uploads\\\/2021\\\/09\\\/05009.jpg\",\"width\":600,\"height\":600,\"caption\":\"Zumpe R\u016btel\u0117 t\u00e1molyg\u00f3 kan\u00e1l\"},{\"@type\":\"BreadcrumbList\",\"@id\":\"https:\\\/\\\/www.ebihal.hu\\\/shop\\\/mucsali\\\/villanto\\\/zumpe\\\/zumpe-rutele-villanto\\\/zumpe-rutele-tamolygo-villanto-32g-05009\\\/#breadcrumb\",\"itemListElement\":[{\"@type\":\"ListItem\",\"position\":1,\"name\":\"Kezd\u0151lap\",\"item\":\"https:\\\/\\\/www.ebihal.hu\\\/\"},{\"@type\":\"ListItem\",\"position\":2,\"name\":\"M\u0171csali \u00e1ruh\u00e1z\",\"item\":\"https:\\\/\\\/www.ebihal.hu\\\/\"},{\"@type\":\"ListItem\",\"position\":3,\"name\":\"Zump\u0117 R\u016btel\u0117 t\u00e1molyg\u00f3 villant\u00f3 32g 05009\"}]},{\"@type\":\"WebSite\",\"@id\":\"https:\\\/\\\/www.ebihal.hu\\\/#website\",\"url\":\"https:\\\/\\\/www.ebihal.hu\\\/\",\"name\":\"Ebihal\",\"description\":\"Fish &amp; Jigs\",\"publisher\":{\"@id\":\"https:\\\/\\\/www.ebihal.hu\\\/#organization\"},\"potentialAction\":[{\"@type\":\"SearchAction\",\"target\":{\"@type\":\"EntryPoint\",\"urlTemplate\":\"https:\\\/\\\/www.ebihal.hu\\\/?s={search_term_string}\"},\"query-input\":{\"@type\":\"PropertyValueSpecification\",\"valueRequired\":true,\"valueName\":\"search_term_string\"}}],\"inLanguage\":\"en-GB\"},{\"@type\":\"Organization\",\"@id\":\"https:\\\/\\\/www.ebihal.hu\\\/#organization\",\"name\":\"Bir\u00f3 Csaba egy\u00e9ni v\u00e1llalkoz\u00f3\",\"url\":\"https:\\\/\\\/www.ebihal.hu\\\/\",\"logo\":{\"@type\":\"ImageObject\",\"inLanguage\":\"en-GB\",\"@id\":\"https:\\\/\\\/www.ebihal.hu\\\/#\\\/schema\\\/logo\\\/image\\\/\",\"url\":\"https:\\\/\\\/www.ebihal.hu\\\/wp-content\\\/uploads\\\/2021\\\/02\\\/brand_logo_mini.png\",\"contentUrl\":\"https:\\\/\\\/www.ebihal.hu\\\/wp-content\\\/uploads\\\/2021\\\/02\\\/brand_logo_mini.png\",\"width\":300,\"height\":300,\"caption\":\"Bir\u00f3 Csaba egy\u00e9ni v\u00e1llalkoz\u00f3\"},\"image\":{\"@id\":\"https:\\\/\\\/www.ebihal.hu\\\/#\\\/schema\\\/logo\\\/image\\\/\"},\"sameAs\":[\"https:\\\/\\\/www.facebook.com\\\/ebihal\"]}]}<\/script>\n<!-- \/ Yoast SEO plugin. -->","yoast_head_json":{"title":"Zump\u0117 R\u016btel\u0117 t\u00e1molyg\u00f3 villant\u00f3 32g 05009 - Ebihal","description":"A Litv\u00e1n Zump\u0117 m\u00e1rka a Baltikumban fogalomm\u00e1 v\u00e1lt az ut\u00f3bbi \u00e9vtizedekben. A R\u016btel\u0117 sorozat kanalai csuk\u00e1ra lehetnek eredm\u00e9nyesek.","robots":{"index":"index","follow":"follow","max-snippet":"max-snippet:-1","max-image-preview":"max-image-preview:large","max-video-preview":"max-video-preview:-1"},"canonical":"https:\/\/www.ebihal.hu\/en\/shop\/mucsali\/villanto\/zumpe\/zumpe-rutele-villanto\/zumpe-rutele-tamolygo-villanto-32g-05009\/","og_locale":"en_GB","og_type":"article","og_title":"Zump\u0117 R\u016btel\u0117 t\u00e1molyg\u00f3 villant\u00f3 32g 05009 - Ebihal","og_description":"A Litv\u00e1n Zump\u0117 m\u00e1rka a Baltikumban fogalomm\u00e1 v\u00e1lt az ut\u00f3bbi \u00e9vtizedekben. A R\u016btel\u0117 sorozat kanalai csuk\u00e1ra lehetnek eredm\u00e9nyesek.","og_url":"https:\/\/www.ebihal.hu\/en\/shop\/mucsali\/villanto\/zumpe\/zumpe-rutele-villanto\/zumpe-rutele-tamolygo-villanto-32g-05009\/","og_site_name":"Ebihal","article_publisher":"https:\/\/www.facebook.com\/ebihal","article_modified_time":"2021-10-25T20:28:59+00:00","og_image":[{"width":600,"height":600,"url":"https:\/\/www.ebihal.hu\/wp-content\/uploads\/2021\/09\/05009.jpg","type":"image\/jpeg"}],"twitter_card":"summary_large_image","twitter_misc":{"Estimated reading time":"1 minute"},"schema":{"@context":"https:\/\/schema.org","@graph":[{"@type":"WebPage","@id":"https:\/\/www.ebihal.hu\/shop\/mucsali\/villanto\/zumpe\/zumpe-rutele-villanto\/zumpe-rutele-tamolygo-villanto-32g-05009\/","url":"https:\/\/www.ebihal.hu\/shop\/mucsali\/villanto\/zumpe\/zumpe-rutele-villanto\/zumpe-rutele-tamolygo-villanto-32g-05009\/","name":"Zump\u0117 R\u016btel\u0117 t\u00e1molyg\u00f3 villant\u00f3 32g 05009 - Ebihal","isPartOf":{"@id":"https:\/\/www.ebihal.hu\/#website"},"primaryImageOfPage":{"@id":"https:\/\/www.ebihal.hu\/shop\/mucsali\/villanto\/zumpe\/zumpe-rutele-villanto\/zumpe-rutele-tamolygo-villanto-32g-05009\/#primaryimage"},"image":{"@id":"https:\/\/www.ebihal.hu\/shop\/mucsali\/villanto\/zumpe\/zumpe-rutele-villanto\/zumpe-rutele-tamolygo-villanto-32g-05009\/#primaryimage"},"thumbnailUrl":"https:\/\/www.ebihal.hu\/wp-content\/uploads\/2021\/09\/05009.jpg","datePublished":"2021-09-05T09:53:10+00:00","dateModified":"2021-10-25T20:28:59+00:00","description":"A Litv\u00e1n Zump\u0117 m\u00e1rka a Baltikumban fogalomm\u00e1 v\u00e1lt az ut\u00f3bbi \u00e9vtizedekben. A R\u016btel\u0117 sorozat kanalai csuk\u00e1ra lehetnek eredm\u00e9nyesek.","breadcrumb":{"@id":"https:\/\/www.ebihal.hu\/shop\/mucsali\/villanto\/zumpe\/zumpe-rutele-villanto\/zumpe-rutele-tamolygo-villanto-32g-05009\/#breadcrumb"},"inLanguage":"en-GB","potentialAction":[{"@type":"ReadAction","target":["https:\/\/www.ebihal.hu\/shop\/mucsali\/villanto\/zumpe\/zumpe-rutele-villanto\/zumpe-rutele-tamolygo-villanto-32g-05009\/"]}]},{"@type":"ImageObject","inLanguage":"en-GB","@id":"https:\/\/www.ebihal.hu\/shop\/mucsali\/villanto\/zumpe\/zumpe-rutele-villanto\/zumpe-rutele-tamolygo-villanto-32g-05009\/#primaryimage","url":"https:\/\/www.ebihal.hu\/wp-content\/uploads\/2021\/09\/05009.jpg","contentUrl":"https:\/\/www.ebihal.hu\/wp-content\/uploads\/2021\/09\/05009.jpg","width":600,"height":600,"caption":"Zumpe R\u016btel\u0117 t\u00e1molyg\u00f3 kan\u00e1l"},{"@type":"BreadcrumbList","@id":"https:\/\/www.ebihal.hu\/shop\/mucsali\/villanto\/zumpe\/zumpe-rutele-villanto\/zumpe-rutele-tamolygo-villanto-32g-05009\/#breadcrumb","itemListElement":[{"@type":"ListItem","position":1,"name":"Kezd\u0151lap","item":"https:\/\/www.ebihal.hu\/"},{"@type":"ListItem","position":2,"name":"M\u0171csali \u00e1ruh\u00e1z","item":"https:\/\/www.ebihal.hu\/"},{"@type":"ListItem","position":3,"name":"Zump\u0117 R\u016btel\u0117 t\u00e1molyg\u00f3 villant\u00f3 32g 05009"}]},{"@type":"WebSite","@id":"https:\/\/www.ebihal.hu\/#website","url":"https:\/\/www.ebihal.hu\/","name":"Ebihal","description":"Fish &amp; Jigs","publisher":{"@id":"https:\/\/www.ebihal.hu\/#organization"},"potentialAction":[{"@type":"SearchAction","target":{"@type":"EntryPoint","urlTemplate":"https:\/\/www.ebihal.hu\/?s={search_term_string}"},"query-input":{"@type":"PropertyValueSpecification","valueRequired":true,"valueName":"search_term_string"}}],"inLanguage":"en-GB"},{"@type":"Organization","@id":"https:\/\/www.ebihal.hu\/#organization","name":"Bir\u00f3 Csaba egy\u00e9ni v\u00e1llalkoz\u00f3","url":"https:\/\/www.ebihal.hu\/","logo":{"@type":"ImageObject","inLanguage":"en-GB","@id":"https:\/\/www.ebihal.hu\/#\/schema\/logo\/image\/","url":"https:\/\/www.ebihal.hu\/wp-content\/uploads\/2021\/02\/brand_logo_mini.png","contentUrl":"https:\/\/www.ebihal.hu\/wp-content\/uploads\/2021\/02\/brand_logo_mini.png","width":300,"height":300,"caption":"Bir\u00f3 Csaba egy\u00e9ni v\u00e1llalkoz\u00f3"},"image":{"@id":"https:\/\/www.ebihal.hu\/#\/schema\/logo\/image\/"},"sameAs":["https:\/\/www.facebook.com\/ebihal"]}]}},"_links":{"self":[{"href":"https:\/\/www.ebihal.hu\/en\/wp-json\/wp\/v2\/product\/5291","targetHints":{"allow":["GET"]}}],"collection":[{"href":"https:\/\/www.ebihal.hu\/en\/wp-json\/wp\/v2\/product"}],"about":[{"href":"https:\/\/www.ebihal.hu\/en\/wp-json\/wp\/v2\/types\/product"}],"replies":[{"embeddable":true,"href":"https:\/\/www.ebihal.hu\/en\/wp-json\/wp\/v2\/comments?post=5291"}],"wp:featuredmedia":[{"embeddable":true,"href":"https:\/\/www.ebihal.hu\/en\/wp-json\/wp\/v2\/media\/5292"}],"wp:attachment":[{"href":"https:\/\/www.ebihal.hu\/en\/wp-json\/wp\/v2\/media?parent=5291"}],"wp:term":[{"taxonomy":"product_cat","embeddable":true,"href":"https:\/\/www.ebihal.hu\/en\/wp-json\/wp\/v2\/product_cat?post=5291"},{"taxonomy":"product_tag","embeddable":true,"href":"https:\/\/www.ebihal.hu\/en\/wp-json\/wp\/v2\/product_tag?post=5291"}],"curies":[{"name":"wp","href":"https:\/\/api.w.org\/{rel}","templated":true}]}}