{"id":4833,"date":"2021-08-14T08:41:36","date_gmt":"2021-08-14T07:41:36","guid":{"rendered":"https:\/\/www.ebihal.hu\/?post_type=product&#038;p=4833"},"modified":"2026-03-19T07:04:21","modified_gmt":"2026-03-19T06:04:21","slug":"imago-lures-szocske-45mm-f-gn-wobbler","status":"publish","type":"product","link":"https:\/\/www.ebihal.hu\/en\/shop\/mucsali\/hard_baits\/imago-lures\/hopper\/imago-lures-szocske-45mm-f-gn-wobbler\/","title":{"rendered":"Imago Lures sz\u00f6cske 45mm F-GN wobbler"},"content":{"rendered":"<p>Az Imago Lures m\u00e1rka n\u00e9pszer\u0171 sz\u00f6cske-sorozat\u00e1nak egyik jeles k\u00e9pvisel\u0151je ez az \u00e9letnagys\u00e1g\u00fa k\u00e9zm\u0171ves wobbler. Tipikus felsz\u00edni csali. Patakon ak\u00e1r lefel\u00e9-, ak\u00e1r felfel\u00e9-, de keresztben vezetne is meg\u0151rzi stabilit\u00e1s\u00e1t. Ide\u00e1lis domolyk\u00f3, balin, s\u00fcg\u00e9r, pisztr\u00e1ng horg\u00e1szat\u00e1ra.<br \/>\n4,5 cm hossz\u00fa, 3,3 g s\u00faly\u00fa, mer\u00fcl\u00e9si m\u00e9lys\u00e9ge 0-0,1 m, floating, Owner h\u00e1rmashorog.<\/p>\n<table class=\"woocommerce-product-attributes shop_attributes\" aria-label=\"Product Details\" data-no-translation-aria-label=\"\">\n\t\t\t<tr class=\"woocommerce-product-attributes-item woocommerce-product-attributes-item--attribute_pa_brand\">\n\t\t\t<th class=\"woocommerce-product-attributes-item__label\" scope=\"row\">Brand<\/th>\n\t\t\t<td class=\"woocommerce-product-attributes-item__value\"><p>Imago Lures<\/p>\n<\/td>\n\t\t<\/tr>\n\t\t\t<tr class=\"woocommerce-product-attributes-item woocommerce-product-attributes-item--attribute_pa_meret\">\n\t\t\t<th class=\"woocommerce-product-attributes-item__label\" scope=\"row\">Size<\/th>\n\t\t\t<td class=\"woocommerce-product-attributes-item__value\"><p>45 mm<\/p>\n<\/td>\n\t\t<\/tr>\n\t\t\t<tr class=\"woocommerce-product-attributes-item woocommerce-product-attributes-item--attribute_pa_szinkod\">\n\t\t\t<th class=\"woocommerce-product-attributes-item__label\" scope=\"row\">Color code<\/th>\n\t\t\t<td class=\"woocommerce-product-attributes-item__value\"><p>GN<\/p>\n<\/td>\n\t\t<\/tr>\n\t\t\t<tr class=\"woocommerce-product-attributes-item woocommerce-product-attributes-item--attribute_mer%c3%bcl%c3%a9si-m%c3%a9lys%c3%a9g\">\n\t\t\t<th class=\"woocommerce-product-attributes-item__label\" scope=\"row\">Mer\u00fcl\u00e9si m\u00e9lys\u00e9g<\/th>\n\t\t\t<td class=\"woocommerce-product-attributes-item__value\"><p>0-0,1 m<\/p>\n<\/td>\n\t\t<\/tr>\n\t\t\t<tr class=\"woocommerce-product-attributes-item woocommerce-product-attributes-item--attribute_pa_madein\">\n\t\t\t<th class=\"woocommerce-product-attributes-item__label\" scope=\"row\">Country of origin<\/th>\n\t\t\t<td class=\"woocommerce-product-attributes-item__value\"><p>Lengyelorsz\u00e1g<\/p>\n<\/td>\n\t\t<\/tr>\n\t\t\t<tr class=\"woocommerce-product-attributes-item woocommerce-product-attributes-item--attribute_pa_kiszereles\">\n\t\t\t<th class=\"woocommerce-product-attributes-item__label\" scope=\"row\">Packaging<\/th>\n\t\t\t<td class=\"woocommerce-product-attributes-item__value\"><p>1 piece<\/p>\n<\/td>\n\t\t<\/tr>\n\t<\/table>\n\n<p>&nbsp;<\/p>","protected":false},"excerpt":{"rendered":"<p>Az Imago Lures m\u00e1rka n\u00e9pszer\u0171 sz\u00f6cske-sorozat\u00e1nak egyik jeles k\u00e9pvisel\u0151je ez az \u00e9letnagys\u00e1g\u00fa k\u00e9zm\u0171ves wobbler. Tipikus felsz\u00edni csali. Patakon ak\u00e1r lefel\u00e9-, ak\u00e1r felfel\u00e9-, de keresztben vezetne is meg\u0151rzi stabilit\u00e1s\u00e1t. Ide\u00e1lis domolyk\u00f3, balin, s\u00fcg\u00e9r, pisztr\u00e1ng horg\u00e1szat\u00e1ra. 4,5 cm hossz\u00fa, 3,3 g s\u00faly\u00fa, mer\u00fcl\u00e9si m\u00e9lys\u00e9ge 0-0,1 m, floating, Owner h\u00e1rmashorog. &nbsp;<\/p>","protected":false},"featured_media":3884,"comment_status":"open","ping_status":"closed","template":"","meta":[],"product_cat":[970,40,1920,605,41],"product_tag":[197,239,971,824,240,822,241,972,373],"class_list":{"0":"post-4833","1":"product","2":"type-product","3":"status-publish","4":"has-post-thumbnail","6":"product_brand-imago-lures","7":"product_cat-imago-lures","8":"product_cat-mucsali","9":"product_cat-hopper","10":"product_cat-ujdonsagok","11":"product_cat-hard_baits","12":"product_tag-balin","13":"product_tag-domolyko","14":"product_tag-imago-lures","15":"product_tag-jaszkeszeg","16":"product_tag-pisztrang","17":"product_tag-rovar","18":"product_tag-suger","19":"product_tag-szucske","20":"product_tag-ul","22":"first","23":"instock","24":"shipping-taxable","25":"purchasable","26":"product-type-simple"},"supplier_id":null,"supplier_sku":"","barcode":null,"atum_controlled":true,"out_stock_date":null,"out_stock_threshold":null,"inheritable":false,"inbound_stock":0,"stock_on_hold":0,"sold_today":0,"sales_last_days":0,"reserved_stock":0,"customer_returns":0,"warehouse_damage":0,"lost_in_post":0,"other_logs":0,"out_stock_days":0,"lost_sales":0,"has_location":false,"update_date":"2026-04-15T00:32:58","atum_locations":[],"atum_stock_status":"instock","restock_status":false,"low_stock_amount":1,"sales_update_date":"2026-04-15T00:32:58","calc_backorders":null,"yoast_head":"<!-- This site is optimized with the Yoast SEO plugin v27.4 - https:\/\/yoast.com\/product\/yoast-seo-wordpress\/ -->\n<title>Imago Lures sz\u00f6cske 45mm F-GN wobbler - Ebihal<\/title>\n<meta name=\"description\" content=\"Az Imago Lures wobblere tipikus felsz\u00edni csali. Ide\u00e1lis domolyk\u00f3, balin, s\u00fcg\u00e9r, pisztr\u00e1ng horg\u00e1szat\u00e1ra. HR-45-F-GN\" \/>\n<meta name=\"robots\" content=\"index, follow, max-snippet:-1, max-image-preview:large, max-video-preview:-1\" \/>\n<link rel=\"canonical\" href=\"https:\/\/www.ebihal.hu\/en\/shop\/mucsali\/hard_baits\/imago-lures\/hopper\/imago-lures-szocske-45mm-f-gn-wobbler\/\" \/>\n<meta property=\"og:locale\" content=\"en_GB\" \/>\n<meta property=\"og:type\" content=\"article\" \/>\n<meta property=\"og:title\" content=\"Imago Lures sz\u00f6cske 45mm F-GN wobbler - Ebihal\" \/>\n<meta property=\"og:description\" content=\"Az Imago Lures wobblere tipikus felsz\u00edni csali. Ide\u00e1lis domolyk\u00f3, balin, s\u00fcg\u00e9r, pisztr\u00e1ng horg\u00e1szat\u00e1ra. HR-45-F-GN\" \/>\n<meta property=\"og:url\" content=\"https:\/\/www.ebihal.hu\/en\/shop\/mucsali\/hard_baits\/imago-lures\/hopper\/imago-lures-szocske-45mm-f-gn-wobbler\/\" \/>\n<meta property=\"og:site_name\" content=\"Ebihal\" \/>\n<meta property=\"article:publisher\" content=\"https:\/\/www.facebook.com\/ebihal\" \/>\n<meta property=\"article:modified_time\" content=\"2026-03-19T06:04:21+00:00\" \/>\n<meta property=\"og:image\" content=\"https:\/\/www.ebihal.hu\/wp-content\/uploads\/2021\/05\/HR35FGN.jpg\" \/>\n\t<meta property=\"og:image:width\" content=\"800\" \/>\n\t<meta property=\"og:image:height\" content=\"800\" \/>\n\t<meta property=\"og:image:type\" content=\"image\/jpeg\" \/>\n<meta name=\"twitter:card\" content=\"summary_large_image\" \/>\n<meta name=\"twitter:label1\" content=\"Estimated reading time\" \/>\n\t<meta name=\"twitter:data1\" content=\"1 minute\" \/>\n<script type=\"application\/ld+json\" class=\"yoast-schema-graph\">{\"@context\":\"https:\\\/\\\/schema.org\",\"@graph\":[{\"@type\":\"WebPage\",\"@id\":\"https:\\\/\\\/www.ebihal.hu\\\/shop\\\/mucsali\\\/hard_baits\\\/imago-lures\\\/hopper\\\/imago-lures-szocske-45mm-f-gn-wobbler\\\/\",\"url\":\"https:\\\/\\\/www.ebihal.hu\\\/shop\\\/mucsali\\\/hard_baits\\\/imago-lures\\\/hopper\\\/imago-lures-szocske-45mm-f-gn-wobbler\\\/\",\"name\":\"Imago Lures sz\u00f6cske 45mm F-GN wobbler - Ebihal\",\"isPartOf\":{\"@id\":\"https:\\\/\\\/www.ebihal.hu\\\/#website\"},\"primaryImageOfPage\":{\"@id\":\"https:\\\/\\\/www.ebihal.hu\\\/shop\\\/mucsali\\\/hard_baits\\\/imago-lures\\\/hopper\\\/imago-lures-szocske-45mm-f-gn-wobbler\\\/#primaryimage\"},\"image\":{\"@id\":\"https:\\\/\\\/www.ebihal.hu\\\/shop\\\/mucsali\\\/hard_baits\\\/imago-lures\\\/hopper\\\/imago-lures-szocske-45mm-f-gn-wobbler\\\/#primaryimage\"},\"thumbnailUrl\":\"https:\\\/\\\/www.ebihal.hu\\\/wp-content\\\/uploads\\\/2021\\\/05\\\/HR35FGN.jpg\",\"datePublished\":\"2021-08-14T07:41:36+00:00\",\"dateModified\":\"2026-03-19T06:04:21+00:00\",\"description\":\"Az Imago Lures wobblere tipikus felsz\u00edni csali. Ide\u00e1lis domolyk\u00f3, balin, s\u00fcg\u00e9r, pisztr\u00e1ng horg\u00e1szat\u00e1ra. HR-45-F-GN\",\"breadcrumb\":{\"@id\":\"https:\\\/\\\/www.ebihal.hu\\\/shop\\\/mucsali\\\/hard_baits\\\/imago-lures\\\/hopper\\\/imago-lures-szocske-45mm-f-gn-wobbler\\\/#breadcrumb\"},\"inLanguage\":\"en-GB\",\"potentialAction\":[{\"@type\":\"ReadAction\",\"target\":[\"https:\\\/\\\/www.ebihal.hu\\\/shop\\\/mucsali\\\/hard_baits\\\/imago-lures\\\/hopper\\\/imago-lures-szocske-45mm-f-gn-wobbler\\\/\"]}]},{\"@type\":\"ImageObject\",\"inLanguage\":\"en-GB\",\"@id\":\"https:\\\/\\\/www.ebihal.hu\\\/shop\\\/mucsali\\\/hard_baits\\\/imago-lures\\\/hopper\\\/imago-lures-szocske-45mm-f-gn-wobbler\\\/#primaryimage\",\"url\":\"https:\\\/\\\/www.ebihal.hu\\\/wp-content\\\/uploads\\\/2021\\\/05\\\/HR35FGN.jpg\",\"contentUrl\":\"https:\\\/\\\/www.ebihal.hu\\\/wp-content\\\/uploads\\\/2021\\\/05\\\/HR35FGN.jpg\",\"width\":800,\"height\":800,\"caption\":\"Imago Lures sz\u00f6cske wobbler\"},{\"@type\":\"BreadcrumbList\",\"@id\":\"https:\\\/\\\/www.ebihal.hu\\\/shop\\\/mucsali\\\/hard_baits\\\/imago-lures\\\/hopper\\\/imago-lures-szocske-45mm-f-gn-wobbler\\\/#breadcrumb\",\"itemListElement\":[{\"@type\":\"ListItem\",\"position\":1,\"name\":\"Kezd\u0151lap\",\"item\":\"https:\\\/\\\/www.ebihal.hu\\\/\"},{\"@type\":\"ListItem\",\"position\":2,\"name\":\"M\u0171csali \u00e1ruh\u00e1z\",\"item\":\"https:\\\/\\\/www.ebihal.hu\\\/\"},{\"@type\":\"ListItem\",\"position\":3,\"name\":\"Imago Lures sz\u00f6cske 45mm F-GN wobbler\"}]},{\"@type\":\"WebSite\",\"@id\":\"https:\\\/\\\/www.ebihal.hu\\\/#website\",\"url\":\"https:\\\/\\\/www.ebihal.hu\\\/\",\"name\":\"Ebihal\",\"description\":\"Fish &amp; Jigs\",\"publisher\":{\"@id\":\"https:\\\/\\\/www.ebihal.hu\\\/#organization\"},\"potentialAction\":[{\"@type\":\"SearchAction\",\"target\":{\"@type\":\"EntryPoint\",\"urlTemplate\":\"https:\\\/\\\/www.ebihal.hu\\\/?s={search_term_string}\"},\"query-input\":{\"@type\":\"PropertyValueSpecification\",\"valueRequired\":true,\"valueName\":\"search_term_string\"}}],\"inLanguage\":\"en-GB\"},{\"@type\":\"Organization\",\"@id\":\"https:\\\/\\\/www.ebihal.hu\\\/#organization\",\"name\":\"Bir\u00f3 Csaba egy\u00e9ni v\u00e1llalkoz\u00f3\",\"url\":\"https:\\\/\\\/www.ebihal.hu\\\/\",\"logo\":{\"@type\":\"ImageObject\",\"inLanguage\":\"en-GB\",\"@id\":\"https:\\\/\\\/www.ebihal.hu\\\/#\\\/schema\\\/logo\\\/image\\\/\",\"url\":\"https:\\\/\\\/www.ebihal.hu\\\/wp-content\\\/uploads\\\/2021\\\/02\\\/brand_logo_mini.png\",\"contentUrl\":\"https:\\\/\\\/www.ebihal.hu\\\/wp-content\\\/uploads\\\/2021\\\/02\\\/brand_logo_mini.png\",\"width\":300,\"height\":300,\"caption\":\"Bir\u00f3 Csaba egy\u00e9ni v\u00e1llalkoz\u00f3\"},\"image\":{\"@id\":\"https:\\\/\\\/www.ebihal.hu\\\/#\\\/schema\\\/logo\\\/image\\\/\"},\"sameAs\":[\"https:\\\/\\\/www.facebook.com\\\/ebihal\"]}]}<\/script>\n<!-- \/ Yoast SEO plugin. -->","yoast_head_json":{"title":"Imago Lures sz\u00f6cske 45mm F-GN wobbler - Ebihal","description":"Az Imago Lures wobblere tipikus felsz\u00edni csali. Ide\u00e1lis domolyk\u00f3, balin, s\u00fcg\u00e9r, pisztr\u00e1ng horg\u00e1szat\u00e1ra. HR-45-F-GN","robots":{"index":"index","follow":"follow","max-snippet":"max-snippet:-1","max-image-preview":"max-image-preview:large","max-video-preview":"max-video-preview:-1"},"canonical":"https:\/\/www.ebihal.hu\/en\/shop\/mucsali\/hard_baits\/imago-lures\/hopper\/imago-lures-szocske-45mm-f-gn-wobbler\/","og_locale":"en_GB","og_type":"article","og_title":"Imago Lures sz\u00f6cske 45mm F-GN wobbler - Ebihal","og_description":"Az Imago Lures wobblere tipikus felsz\u00edni csali. Ide\u00e1lis domolyk\u00f3, balin, s\u00fcg\u00e9r, pisztr\u00e1ng horg\u00e1szat\u00e1ra. HR-45-F-GN","og_url":"https:\/\/www.ebihal.hu\/en\/shop\/mucsali\/hard_baits\/imago-lures\/hopper\/imago-lures-szocske-45mm-f-gn-wobbler\/","og_site_name":"Ebihal","article_publisher":"https:\/\/www.facebook.com\/ebihal","article_modified_time":"2026-03-19T06:04:21+00:00","og_image":[{"width":800,"height":800,"url":"https:\/\/www.ebihal.hu\/wp-content\/uploads\/2021\/05\/HR35FGN.jpg","type":"image\/jpeg"}],"twitter_card":"summary_large_image","twitter_misc":{"Estimated reading time":"1 minute"},"schema":{"@context":"https:\/\/schema.org","@graph":[{"@type":"WebPage","@id":"https:\/\/www.ebihal.hu\/shop\/mucsali\/hard_baits\/imago-lures\/hopper\/imago-lures-szocske-45mm-f-gn-wobbler\/","url":"https:\/\/www.ebihal.hu\/shop\/mucsali\/hard_baits\/imago-lures\/hopper\/imago-lures-szocske-45mm-f-gn-wobbler\/","name":"Imago Lures sz\u00f6cske 45mm F-GN wobbler - Ebihal","isPartOf":{"@id":"https:\/\/www.ebihal.hu\/#website"},"primaryImageOfPage":{"@id":"https:\/\/www.ebihal.hu\/shop\/mucsali\/hard_baits\/imago-lures\/hopper\/imago-lures-szocske-45mm-f-gn-wobbler\/#primaryimage"},"image":{"@id":"https:\/\/www.ebihal.hu\/shop\/mucsali\/hard_baits\/imago-lures\/hopper\/imago-lures-szocske-45mm-f-gn-wobbler\/#primaryimage"},"thumbnailUrl":"https:\/\/www.ebihal.hu\/wp-content\/uploads\/2021\/05\/HR35FGN.jpg","datePublished":"2021-08-14T07:41:36+00:00","dateModified":"2026-03-19T06:04:21+00:00","description":"Az Imago Lures wobblere tipikus felsz\u00edni csali. Ide\u00e1lis domolyk\u00f3, balin, s\u00fcg\u00e9r, pisztr\u00e1ng horg\u00e1szat\u00e1ra. HR-45-F-GN","breadcrumb":{"@id":"https:\/\/www.ebihal.hu\/shop\/mucsali\/hard_baits\/imago-lures\/hopper\/imago-lures-szocske-45mm-f-gn-wobbler\/#breadcrumb"},"inLanguage":"en-GB","potentialAction":[{"@type":"ReadAction","target":["https:\/\/www.ebihal.hu\/shop\/mucsali\/hard_baits\/imago-lures\/hopper\/imago-lures-szocske-45mm-f-gn-wobbler\/"]}]},{"@type":"ImageObject","inLanguage":"en-GB","@id":"https:\/\/www.ebihal.hu\/shop\/mucsali\/hard_baits\/imago-lures\/hopper\/imago-lures-szocske-45mm-f-gn-wobbler\/#primaryimage","url":"https:\/\/www.ebihal.hu\/wp-content\/uploads\/2021\/05\/HR35FGN.jpg","contentUrl":"https:\/\/www.ebihal.hu\/wp-content\/uploads\/2021\/05\/HR35FGN.jpg","width":800,"height":800,"caption":"Imago Lures sz\u00f6cske wobbler"},{"@type":"BreadcrumbList","@id":"https:\/\/www.ebihal.hu\/shop\/mucsali\/hard_baits\/imago-lures\/hopper\/imago-lures-szocske-45mm-f-gn-wobbler\/#breadcrumb","itemListElement":[{"@type":"ListItem","position":1,"name":"Kezd\u0151lap","item":"https:\/\/www.ebihal.hu\/"},{"@type":"ListItem","position":2,"name":"M\u0171csali \u00e1ruh\u00e1z","item":"https:\/\/www.ebihal.hu\/"},{"@type":"ListItem","position":3,"name":"Imago Lures sz\u00f6cske 45mm F-GN wobbler"}]},{"@type":"WebSite","@id":"https:\/\/www.ebihal.hu\/#website","url":"https:\/\/www.ebihal.hu\/","name":"Ebihal","description":"Fish &amp; Jigs","publisher":{"@id":"https:\/\/www.ebihal.hu\/#organization"},"potentialAction":[{"@type":"SearchAction","target":{"@type":"EntryPoint","urlTemplate":"https:\/\/www.ebihal.hu\/?s={search_term_string}"},"query-input":{"@type":"PropertyValueSpecification","valueRequired":true,"valueName":"search_term_string"}}],"inLanguage":"en-GB"},{"@type":"Organization","@id":"https:\/\/www.ebihal.hu\/#organization","name":"Bir\u00f3 Csaba egy\u00e9ni v\u00e1llalkoz\u00f3","url":"https:\/\/www.ebihal.hu\/","logo":{"@type":"ImageObject","inLanguage":"en-GB","@id":"https:\/\/www.ebihal.hu\/#\/schema\/logo\/image\/","url":"https:\/\/www.ebihal.hu\/wp-content\/uploads\/2021\/02\/brand_logo_mini.png","contentUrl":"https:\/\/www.ebihal.hu\/wp-content\/uploads\/2021\/02\/brand_logo_mini.png","width":300,"height":300,"caption":"Bir\u00f3 Csaba egy\u00e9ni v\u00e1llalkoz\u00f3"},"image":{"@id":"https:\/\/www.ebihal.hu\/#\/schema\/logo\/image\/"},"sameAs":["https:\/\/www.facebook.com\/ebihal"]}]}},"_links":{"self":[{"href":"https:\/\/www.ebihal.hu\/en\/wp-json\/wp\/v2\/product\/4833","targetHints":{"allow":["GET"]}}],"collection":[{"href":"https:\/\/www.ebihal.hu\/en\/wp-json\/wp\/v2\/product"}],"about":[{"href":"https:\/\/www.ebihal.hu\/en\/wp-json\/wp\/v2\/types\/product"}],"replies":[{"embeddable":true,"href":"https:\/\/www.ebihal.hu\/en\/wp-json\/wp\/v2\/comments?post=4833"}],"wp:featuredmedia":[{"embeddable":true,"href":"https:\/\/www.ebihal.hu\/en\/wp-json\/wp\/v2\/media\/3884"}],"wp:attachment":[{"href":"https:\/\/www.ebihal.hu\/en\/wp-json\/wp\/v2\/media?parent=4833"}],"wp:term":[{"taxonomy":"product_cat","embeddable":true,"href":"https:\/\/www.ebihal.hu\/en\/wp-json\/wp\/v2\/product_cat?post=4833"},{"taxonomy":"product_tag","embeddable":true,"href":"https:\/\/www.ebihal.hu\/en\/wp-json\/wp\/v2\/product_tag?post=4833"}],"curies":[{"name":"wp","href":"https:\/\/api.w.org\/{rel}","templated":true}]}}