{"id":4467,"date":"2021-06-16T07:08:46","date_gmt":"2021-06-16T06:08:46","guid":{"rendered":"https:\/\/www.ebihal.hu\/?post_type=product&#038;p=4467"},"modified":"2025-10-14T20:01:40","modified_gmt":"2025-10-14T19:01:40","slug":"narval-choppy-tail-john-snow-18-cm","status":"publish","type":"product","link":"https:\/\/www.ebihal.hu\/en\/shop\/mucsali\/gumicsali\/narval\/choppy-tail\/choppy-tail-18cm\/narval-choppy-tail-john-snow-18-cm\/","title":{"rendered":"Narval Choppy Tail John Snow 18 cm"},"content":{"rendered":"<p>Ez a csali minden \u00e9rtelemben univerz\u00e1lis. Ennek a modellnek a f\u0151 hangs\u00falya a farka &#8211; ar\u00e1nytalanul neh\u00e9z \u00e9s t\u00falm\u00e9retes. Szokatlan, hogy egy ilyen karcs\u00fa testhez ennyire t\u00falm\u00e9retezett farokr\u00e9szt rendeljenek a tervez\u0151k. De meg\u00e9rtj\u00fck az ok\u00e1t, ha megn\u00e9zz\u00fck az al\u00e1bbi vide\u00f3kat. A &#8222;vibrotail&#8221; minim\u00e1lis sebess\u00e9gn\u00e9l is beindul, de t\u00f6k\u00e9letesen m\u0171k\u00f6dik gyors sodr\u00e1sban is, nem vereti sz\u00e9t mag\u00e1t. Diszkr\u00e9t billeg\u00e9s is kieg\u00e9sz\u00edti a faroktekerget\u00e9st.<\/p>\n<p>Csuk\u00e1ra \u00e9s harcs\u00e1ra igen eredm\u00e9nyesen haszn\u00e1lhat\u00f3.<\/p>\n<p>A Choppy Tail John Snow 18 cm-es hosszban kiv\u00e1l\u00f3 rep\u00fcl\u00e9si tulajdons\u00e1gokkal rendelkezik, nagy t\u00e1vols\u00e1gokra dobhat\u00f3.<\/p>\n<p>32 g a s\u00falya, 18 cm hossz\u00fa, 1 db gumihal (3 db rendel\u00e9se eset\u00e9n bontatlan, gy\u00e1ri csomagol\u00e1s\u00e1ban sz\u00e1ll\u00edtjuk).<\/p>\n<p><iframe loading=\"lazy\" src=\"https:\/\/www.youtube.com\/embed\/Y92S9cSHJRA\" width=\"560\" height=\"315\" frameborder=\"0\" allowfullscreen=\"allowfullscreen\"><\/iframe><\/p>\n<p><iframe loading=\"lazy\" src=\"https:\/\/www.youtube.com\/embed\/WHq_YBj9FpU\" width=\"560\" height=\"315\" frameborder=\"0\" allowfullscreen=\"allowfullscreen\"><\/iframe><\/p>\n<h4>Additional information<\/h4>\n<table class=\"woocommerce-product-attributes shop_attributes\" aria-label=\"Product Details\" data-no-translation-aria-label=\"\">\n\t\t\t<tr class=\"woocommerce-product-attributes-item woocommerce-product-attributes-item--weight\">\n\t\t\t<th class=\"woocommerce-product-attributes-item__label\" scope=\"row\" data-no-translation=\"\" data-trp-gettext=\"\">Weight<\/th>\n\t\t\t<td class=\"woocommerce-product-attributes-item__value\">0.04 kg<\/td>\n\t\t<\/tr>\n\t\t\t<tr class=\"woocommerce-product-attributes-item woocommerce-product-attributes-item--attribute_pa_brand\">\n\t\t\t<th class=\"woocommerce-product-attributes-item__label\" scope=\"row\">Brand<\/th>\n\t\t\t<td class=\"woocommerce-product-attributes-item__value\"><p>Narval<\/p>\n<\/td>\n\t\t<\/tr>\n\t\t\t<tr class=\"woocommerce-product-attributes-item woocommerce-product-attributes-item--attribute_pa_color\">\n\t\t\t<th class=\"woocommerce-product-attributes-item__label\" scope=\"row\">Color<\/th>\n\t\t\t<td class=\"woocommerce-product-attributes-item__value\"><p>John Snow<\/p>\n<\/td>\n\t\t<\/tr>\n\t\t\t<tr class=\"woocommerce-product-attributes-item woocommerce-product-attributes-item--attribute_pa_meret\">\n\t\t\t<th class=\"woocommerce-product-attributes-item__label\" scope=\"row\">Size<\/th>\n\t\t\t<td class=\"woocommerce-product-attributes-item__value\"><p>180 mm<\/p>\n<\/td>\n\t\t<\/tr>\n\t\t\t<tr class=\"woocommerce-product-attributes-item woocommerce-product-attributes-item--attribute_pa_madein\">\n\t\t\t<th class=\"woocommerce-product-attributes-item__label\" scope=\"row\">Country of origin<\/th>\n\t\t\t<td class=\"woocommerce-product-attributes-item__value\"><p>Oroszorsz\u00e1g<\/p>\n<\/td>\n\t\t<\/tr>\n\t\t\t<tr class=\"woocommerce-product-attributes-item woocommerce-product-attributes-item--attribute_pa_kiszereles\">\n\t\t\t<th class=\"woocommerce-product-attributes-item__label\" scope=\"row\">Packaging<\/th>\n\t\t\t<td class=\"woocommerce-product-attributes-item__value\"><p>1 piece<\/p>\n<\/td>\n\t\t<\/tr>\n\t<\/table>","protected":false},"excerpt":{"rendered":"<p>1 db gumihal<\/p>","protected":false},"featured_media":4454,"comment_status":"open","ping_status":"closed","template":"","meta":[],"product_cat":[1116,139,138],"product_tag":[143,147,818,148,199,814,142],"class_list":{"0":"post-4467","1":"product","2":"type-product","3":"status-publish","4":"has-post-thumbnail","6":"product_brand-narval","7":"product_cat-choppy-tail-18cm","8":"product_cat-choppy-tail","9":"product_cat-narval","10":"product_tag-choppy-tail","11":"product_tag-csuka","12":"product_tag-gumihal","13":"product_tag-harcsa","14":"product_tag-john-snow","15":"product_tag-l","16":"product_tag-narval","18":"first","19":"instock","20":"shipping-taxable","21":"purchasable","22":"product-type-simple"},"supplier_id":1899,"supplier_sku":"","barcode":null,"atum_controlled":true,"out_stock_date":null,"out_stock_threshold":null,"inheritable":false,"inbound_stock":0,"stock_on_hold":0,"sold_today":0,"sales_last_days":0,"reserved_stock":0,"customer_returns":0,"warehouse_damage":0,"lost_in_post":0,"other_logs":0,"out_stock_days":0,"lost_sales":0,"has_location":false,"update_date":"2026-04-15T00:30:26","atum_locations":[],"atum_stock_status":"instock","restock_status":false,"low_stock_amount":"","sales_update_date":"2026-04-15T00:30:26","calc_backorders":null,"yoast_head":"<!-- This site is optimized with the Yoast SEO plugin v27.4 - https:\/\/yoast.com\/product\/yoast-seo-wordpress\/ -->\n<title>Narval Choppy Tail John Snow 18 cm gumihal - Ebihal<\/title>\n<meta name=\"description\" content=\"A Choppy Tail igazi mindenes csali. A farok minim\u00e1lis sebess\u00e9gn\u00e9l is beindul. A Magic Motoroil 18 cm-es hosszban a csuk\u00e1k-harcs\u00e1k kedvence.\" \/>\n<meta name=\"robots\" content=\"index, follow, max-snippet:-1, max-image-preview:large, max-video-preview:-1\" \/>\n<link rel=\"canonical\" href=\"https:\/\/www.ebihal.hu\/en\/shop\/mucsali\/gumicsali\/narval\/choppy-tail\/choppy-tail-18cm\/narval-choppy-tail-john-snow-18-cm\/\" \/>\n<meta property=\"og:locale\" content=\"en_GB\" \/>\n<meta property=\"og:type\" content=\"article\" \/>\n<meta property=\"og:title\" content=\"Narval Choppy Tail John Snow 18 cm gumihal - Ebihal\" \/>\n<meta property=\"og:description\" content=\"A Choppy Tail igazi mindenes csali. A farok minim\u00e1lis sebess\u00e9gn\u00e9l is beindul. A Magic Motoroil 18 cm-es hosszban a csuk\u00e1k-harcs\u00e1k kedvence.\" \/>\n<meta property=\"og:url\" content=\"https:\/\/www.ebihal.hu\/en\/shop\/mucsali\/gumicsali\/narval\/choppy-tail\/choppy-tail-18cm\/narval-choppy-tail-john-snow-18-cm\/\" \/>\n<meta property=\"og:site_name\" content=\"Ebihal\" \/>\n<meta property=\"article:publisher\" content=\"https:\/\/www.facebook.com\/ebihal\" \/>\n<meta property=\"article:modified_time\" content=\"2025-10-14T19:01:40+00:00\" \/>\n<meta property=\"og:image\" content=\"https:\/\/www.ebihal.hu\/wp-content\/uploads\/2021\/06\/012.jpg\" \/>\n\t<meta property=\"og:image:width\" content=\"400\" \/>\n\t<meta property=\"og:image:height\" content=\"400\" \/>\n\t<meta property=\"og:image:type\" content=\"image\/jpeg\" \/>\n<meta name=\"twitter:card\" content=\"summary_large_image\" \/>\n<meta name=\"twitter:label1\" content=\"Estimated reading time\" \/>\n\t<meta name=\"twitter:data1\" content=\"1 minute\" \/>\n<script type=\"application\/ld+json\" class=\"yoast-schema-graph\">{\"@context\":\"https:\\\/\\\/schema.org\",\"@graph\":[{\"@type\":\"WebPage\",\"@id\":\"https:\\\/\\\/www.ebihal.hu\\\/shop\\\/mucsali\\\/gumicsali\\\/narval\\\/choppy-tail\\\/choppy-tail-18cm\\\/narval-choppy-tail-john-snow-18-cm\\\/\",\"url\":\"https:\\\/\\\/www.ebihal.hu\\\/shop\\\/mucsali\\\/gumicsali\\\/narval\\\/choppy-tail\\\/choppy-tail-18cm\\\/narval-choppy-tail-john-snow-18-cm\\\/\",\"name\":\"Narval Choppy Tail John Snow 18 cm gumihal - Ebihal\",\"isPartOf\":{\"@id\":\"https:\\\/\\\/www.ebihal.hu\\\/#website\"},\"primaryImageOfPage\":{\"@id\":\"https:\\\/\\\/www.ebihal.hu\\\/shop\\\/mucsali\\\/gumicsali\\\/narval\\\/choppy-tail\\\/choppy-tail-18cm\\\/narval-choppy-tail-john-snow-18-cm\\\/#primaryimage\"},\"image\":{\"@id\":\"https:\\\/\\\/www.ebihal.hu\\\/shop\\\/mucsali\\\/gumicsali\\\/narval\\\/choppy-tail\\\/choppy-tail-18cm\\\/narval-choppy-tail-john-snow-18-cm\\\/#primaryimage\"},\"thumbnailUrl\":\"https:\\\/\\\/www.ebihal.hu\\\/wp-content\\\/uploads\\\/2021\\\/06\\\/012.jpg\",\"datePublished\":\"2021-06-16T06:08:46+00:00\",\"dateModified\":\"2025-10-14T19:01:40+00:00\",\"description\":\"A Choppy Tail igazi mindenes csali. A farok minim\u00e1lis sebess\u00e9gn\u00e9l is beindul. A Magic Motoroil 18 cm-es hosszban a csuk\u00e1k-harcs\u00e1k kedvence.\",\"breadcrumb\":{\"@id\":\"https:\\\/\\\/www.ebihal.hu\\\/shop\\\/mucsali\\\/gumicsali\\\/narval\\\/choppy-tail\\\/choppy-tail-18cm\\\/narval-choppy-tail-john-snow-18-cm\\\/#breadcrumb\"},\"inLanguage\":\"en-GB\",\"potentialAction\":[{\"@type\":\"ReadAction\",\"target\":[\"https:\\\/\\\/www.ebihal.hu\\\/shop\\\/mucsali\\\/gumicsali\\\/narval\\\/choppy-tail\\\/choppy-tail-18cm\\\/narval-choppy-tail-john-snow-18-cm\\\/\"]}]},{\"@type\":\"ImageObject\",\"inLanguage\":\"en-GB\",\"@id\":\"https:\\\/\\\/www.ebihal.hu\\\/shop\\\/mucsali\\\/gumicsali\\\/narval\\\/choppy-tail\\\/choppy-tail-18cm\\\/narval-choppy-tail-john-snow-18-cm\\\/#primaryimage\",\"url\":\"https:\\\/\\\/www.ebihal.hu\\\/wp-content\\\/uploads\\\/2021\\\/06\\\/012.jpg\",\"contentUrl\":\"https:\\\/\\\/www.ebihal.hu\\\/wp-content\\\/uploads\\\/2021\\\/06\\\/012.jpg\",\"width\":400,\"height\":400,\"caption\":\"Narval Choppy Tail John Snow 12 cm\"},{\"@type\":\"BreadcrumbList\",\"@id\":\"https:\\\/\\\/www.ebihal.hu\\\/shop\\\/mucsali\\\/gumicsali\\\/narval\\\/choppy-tail\\\/choppy-tail-18cm\\\/narval-choppy-tail-john-snow-18-cm\\\/#breadcrumb\",\"itemListElement\":[{\"@type\":\"ListItem\",\"position\":1,\"name\":\"Kezd\u0151lap\",\"item\":\"https:\\\/\\\/www.ebihal.hu\\\/\"},{\"@type\":\"ListItem\",\"position\":2,\"name\":\"M\u0171csali \u00e1ruh\u00e1z\",\"item\":\"https:\\\/\\\/www.ebihal.hu\\\/\"},{\"@type\":\"ListItem\",\"position\":3,\"name\":\"Narval Choppy Tail John Snow 18 cm\"}]},{\"@type\":\"WebSite\",\"@id\":\"https:\\\/\\\/www.ebihal.hu\\\/#website\",\"url\":\"https:\\\/\\\/www.ebihal.hu\\\/\",\"name\":\"Ebihal\",\"description\":\"Fish &amp; Jigs\",\"publisher\":{\"@id\":\"https:\\\/\\\/www.ebihal.hu\\\/#organization\"},\"potentialAction\":[{\"@type\":\"SearchAction\",\"target\":{\"@type\":\"EntryPoint\",\"urlTemplate\":\"https:\\\/\\\/www.ebihal.hu\\\/?s={search_term_string}\"},\"query-input\":{\"@type\":\"PropertyValueSpecification\",\"valueRequired\":true,\"valueName\":\"search_term_string\"}}],\"inLanguage\":\"en-GB\"},{\"@type\":\"Organization\",\"@id\":\"https:\\\/\\\/www.ebihal.hu\\\/#organization\",\"name\":\"Bir\u00f3 Csaba egy\u00e9ni v\u00e1llalkoz\u00f3\",\"url\":\"https:\\\/\\\/www.ebihal.hu\\\/\",\"logo\":{\"@type\":\"ImageObject\",\"inLanguage\":\"en-GB\",\"@id\":\"https:\\\/\\\/www.ebihal.hu\\\/#\\\/schema\\\/logo\\\/image\\\/\",\"url\":\"https:\\\/\\\/www.ebihal.hu\\\/wp-content\\\/uploads\\\/2021\\\/02\\\/brand_logo_mini.png\",\"contentUrl\":\"https:\\\/\\\/www.ebihal.hu\\\/wp-content\\\/uploads\\\/2021\\\/02\\\/brand_logo_mini.png\",\"width\":300,\"height\":300,\"caption\":\"Bir\u00f3 Csaba egy\u00e9ni v\u00e1llalkoz\u00f3\"},\"image\":{\"@id\":\"https:\\\/\\\/www.ebihal.hu\\\/#\\\/schema\\\/logo\\\/image\\\/\"},\"sameAs\":[\"https:\\\/\\\/www.facebook.com\\\/ebihal\"]}]}<\/script>\n<!-- \/ Yoast SEO plugin. -->","yoast_head_json":{"title":"Narval Choppy Tail John Snow 18 cm gumihal - Ebihal","description":"A Choppy Tail igazi mindenes csali. A farok minim\u00e1lis sebess\u00e9gn\u00e9l is beindul. A Magic Motoroil 18 cm-es hosszban a csuk\u00e1k-harcs\u00e1k kedvence.","robots":{"index":"index","follow":"follow","max-snippet":"max-snippet:-1","max-image-preview":"max-image-preview:large","max-video-preview":"max-video-preview:-1"},"canonical":"https:\/\/www.ebihal.hu\/en\/shop\/mucsali\/gumicsali\/narval\/choppy-tail\/choppy-tail-18cm\/narval-choppy-tail-john-snow-18-cm\/","og_locale":"en_GB","og_type":"article","og_title":"Narval Choppy Tail John Snow 18 cm gumihal - Ebihal","og_description":"A Choppy Tail igazi mindenes csali. A farok minim\u00e1lis sebess\u00e9gn\u00e9l is beindul. A Magic Motoroil 18 cm-es hosszban a csuk\u00e1k-harcs\u00e1k kedvence.","og_url":"https:\/\/www.ebihal.hu\/en\/shop\/mucsali\/gumicsali\/narval\/choppy-tail\/choppy-tail-18cm\/narval-choppy-tail-john-snow-18-cm\/","og_site_name":"Ebihal","article_publisher":"https:\/\/www.facebook.com\/ebihal","article_modified_time":"2025-10-14T19:01:40+00:00","og_image":[{"width":400,"height":400,"url":"https:\/\/www.ebihal.hu\/wp-content\/uploads\/2021\/06\/012.jpg","type":"image\/jpeg"}],"twitter_card":"summary_large_image","twitter_misc":{"Estimated reading time":"1 minute"},"schema":{"@context":"https:\/\/schema.org","@graph":[{"@type":"WebPage","@id":"https:\/\/www.ebihal.hu\/shop\/mucsali\/gumicsali\/narval\/choppy-tail\/choppy-tail-18cm\/narval-choppy-tail-john-snow-18-cm\/","url":"https:\/\/www.ebihal.hu\/shop\/mucsali\/gumicsali\/narval\/choppy-tail\/choppy-tail-18cm\/narval-choppy-tail-john-snow-18-cm\/","name":"Narval Choppy Tail John Snow 18 cm gumihal - Ebihal","isPartOf":{"@id":"https:\/\/www.ebihal.hu\/#website"},"primaryImageOfPage":{"@id":"https:\/\/www.ebihal.hu\/shop\/mucsali\/gumicsali\/narval\/choppy-tail\/choppy-tail-18cm\/narval-choppy-tail-john-snow-18-cm\/#primaryimage"},"image":{"@id":"https:\/\/www.ebihal.hu\/shop\/mucsali\/gumicsali\/narval\/choppy-tail\/choppy-tail-18cm\/narval-choppy-tail-john-snow-18-cm\/#primaryimage"},"thumbnailUrl":"https:\/\/www.ebihal.hu\/wp-content\/uploads\/2021\/06\/012.jpg","datePublished":"2021-06-16T06:08:46+00:00","dateModified":"2025-10-14T19:01:40+00:00","description":"A Choppy Tail igazi mindenes csali. A farok minim\u00e1lis sebess\u00e9gn\u00e9l is beindul. A Magic Motoroil 18 cm-es hosszban a csuk\u00e1k-harcs\u00e1k kedvence.","breadcrumb":{"@id":"https:\/\/www.ebihal.hu\/shop\/mucsali\/gumicsali\/narval\/choppy-tail\/choppy-tail-18cm\/narval-choppy-tail-john-snow-18-cm\/#breadcrumb"},"inLanguage":"en-GB","potentialAction":[{"@type":"ReadAction","target":["https:\/\/www.ebihal.hu\/shop\/mucsali\/gumicsali\/narval\/choppy-tail\/choppy-tail-18cm\/narval-choppy-tail-john-snow-18-cm\/"]}]},{"@type":"ImageObject","inLanguage":"en-GB","@id":"https:\/\/www.ebihal.hu\/shop\/mucsali\/gumicsali\/narval\/choppy-tail\/choppy-tail-18cm\/narval-choppy-tail-john-snow-18-cm\/#primaryimage","url":"https:\/\/www.ebihal.hu\/wp-content\/uploads\/2021\/06\/012.jpg","contentUrl":"https:\/\/www.ebihal.hu\/wp-content\/uploads\/2021\/06\/012.jpg","width":400,"height":400,"caption":"Narval Choppy Tail John Snow 12 cm"},{"@type":"BreadcrumbList","@id":"https:\/\/www.ebihal.hu\/shop\/mucsali\/gumicsali\/narval\/choppy-tail\/choppy-tail-18cm\/narval-choppy-tail-john-snow-18-cm\/#breadcrumb","itemListElement":[{"@type":"ListItem","position":1,"name":"Kezd\u0151lap","item":"https:\/\/www.ebihal.hu\/"},{"@type":"ListItem","position":2,"name":"M\u0171csali \u00e1ruh\u00e1z","item":"https:\/\/www.ebihal.hu\/"},{"@type":"ListItem","position":3,"name":"Narval Choppy Tail John Snow 18 cm"}]},{"@type":"WebSite","@id":"https:\/\/www.ebihal.hu\/#website","url":"https:\/\/www.ebihal.hu\/","name":"Ebihal","description":"Fish &amp; Jigs","publisher":{"@id":"https:\/\/www.ebihal.hu\/#organization"},"potentialAction":[{"@type":"SearchAction","target":{"@type":"EntryPoint","urlTemplate":"https:\/\/www.ebihal.hu\/?s={search_term_string}"},"query-input":{"@type":"PropertyValueSpecification","valueRequired":true,"valueName":"search_term_string"}}],"inLanguage":"en-GB"},{"@type":"Organization","@id":"https:\/\/www.ebihal.hu\/#organization","name":"Bir\u00f3 Csaba egy\u00e9ni v\u00e1llalkoz\u00f3","url":"https:\/\/www.ebihal.hu\/","logo":{"@type":"ImageObject","inLanguage":"en-GB","@id":"https:\/\/www.ebihal.hu\/#\/schema\/logo\/image\/","url":"https:\/\/www.ebihal.hu\/wp-content\/uploads\/2021\/02\/brand_logo_mini.png","contentUrl":"https:\/\/www.ebihal.hu\/wp-content\/uploads\/2021\/02\/brand_logo_mini.png","width":300,"height":300,"caption":"Bir\u00f3 Csaba egy\u00e9ni v\u00e1llalkoz\u00f3"},"image":{"@id":"https:\/\/www.ebihal.hu\/#\/schema\/logo\/image\/"},"sameAs":["https:\/\/www.facebook.com\/ebihal"]}]}},"_links":{"self":[{"href":"https:\/\/www.ebihal.hu\/en\/wp-json\/wp\/v2\/product\/4467","targetHints":{"allow":["GET"]}}],"collection":[{"href":"https:\/\/www.ebihal.hu\/en\/wp-json\/wp\/v2\/product"}],"about":[{"href":"https:\/\/www.ebihal.hu\/en\/wp-json\/wp\/v2\/types\/product"}],"replies":[{"embeddable":true,"href":"https:\/\/www.ebihal.hu\/en\/wp-json\/wp\/v2\/comments?post=4467"}],"wp:featuredmedia":[{"embeddable":true,"href":"https:\/\/www.ebihal.hu\/en\/wp-json\/wp\/v2\/media\/4454"}],"wp:attachment":[{"href":"https:\/\/www.ebihal.hu\/en\/wp-json\/wp\/v2\/media?parent=4467"}],"wp:term":[{"taxonomy":"product_cat","embeddable":true,"href":"https:\/\/www.ebihal.hu\/en\/wp-json\/wp\/v2\/product_cat?post=4467"},{"taxonomy":"product_tag","embeddable":true,"href":"https:\/\/www.ebihal.hu\/en\/wp-json\/wp\/v2\/product_tag?post=4467"}],"curies":[{"name":"wp","href":"https:\/\/api.w.org\/{rel}","templated":true}]}}