{"id":4369,"date":"2021-06-05T15:41:47","date_gmt":"2021-06-05T14:41:47","guid":{"rendered":"https:\/\/www.ebihal.hu\/?post_type=product&#038;p=4369"},"modified":"2025-07-10T12:14:26","modified_gmt":"2025-07-10T11:14:26","slug":"boroda-baits-phantom-55mm-fluo-chartreuse-twister","status":"publish","type":"product","link":"https:\/\/www.ebihal.hu\/en\/shop\/mucsali\/gumicsali\/boroda-baits\/boroda-phantom\/phantom-55\/boroda-baits-phantom-55mm-fluo-chartreuse-twister\/","title":{"rendered":"Boroda Baits Phantom 55mm Fluo Chartreuse UV twister"},"content":{"rendered":"<p>A Boroda Baits Phantom twister m\u00e9lyen szegment\u00e1lt sz\u00f6gletes teste \u00e9s v\u00e9kony, hossz\u00fa farka er\u0151s rezonanci\u00e1t kelt a v\u00edzben. A test oldallapjai hosszir\u00e1nyban m\u00e9ly\u00edt\u00e9st kaptak. Er\u0151s, rugalmas UL csali.<br \/>\nLazacarom\u00e1val \u00e9s f\u00e9regolajjal vonj\u00e1k be a felsz\u00edn\u00e9t.<br \/>\nSim\u00edt\u00f3z\u00e1ras tasakban ker\u00fcl forgalomba.<br \/>\n55 mm hossz\u00fa, 0.8 g s\u00faly\u00fa, 7 db\/csomag, UV akt\u00edv. Fluo Chartreuse &amp; Black Flakes sz\u00edn.<\/p>\n<p><iframe loading=\"lazy\" title=\"YouTube video player\" src=\"https:\/\/www.youtube.com\/embed\/ouiQ4FdvYl8\" width=\"560\" height=\"315\" frameborder=\"0\" allowfullscreen=\"allowfullscreen\"><\/iframe><\/p>\n<h4>Additional information<\/h4>\n<table class=\"woocommerce-product-attributes shop_attributes\" aria-label=\"Product Details\" data-no-translation-aria-label=\"\">\n\t\t\t<tr class=\"woocommerce-product-attributes-item woocommerce-product-attributes-item--weight\">\n\t\t\t<th class=\"woocommerce-product-attributes-item__label\" scope=\"row\" data-no-translation=\"\" data-trp-gettext=\"\">Weight<\/th>\n\t\t\t<td class=\"woocommerce-product-attributes-item__value\">0.01 kg<\/td>\n\t\t<\/tr>\n\t\t\t<tr class=\"woocommerce-product-attributes-item woocommerce-product-attributes-item--attribute_pa_brand\">\n\t\t\t<th class=\"woocommerce-product-attributes-item__label\" scope=\"row\">Brand<\/th>\n\t\t\t<td class=\"woocommerce-product-attributes-item__value\"><p>Boroda Baits<\/p>\n<\/td>\n\t\t<\/tr>\n\t\t\t<tr class=\"woocommerce-product-attributes-item woocommerce-product-attributes-item--attribute_pa_color\">\n\t\t\t<th class=\"woocommerce-product-attributes-item__label\" scope=\"row\">Color<\/th>\n\t\t\t<td class=\"woocommerce-product-attributes-item__value\"><p>Fluo Chartreuse<\/p>\n<\/td>\n\t\t<\/tr>\n\t\t\t<tr class=\"woocommerce-product-attributes-item woocommerce-product-attributes-item--attribute_pa_szinkod\">\n\t\t\t<th class=\"woocommerce-product-attributes-item__label\" scope=\"row\">Color code<\/th>\n\t\t\t<td class=\"woocommerce-product-attributes-item__value\"><p>132<\/p>\n<\/td>\n\t\t<\/tr>\n\t\t\t<tr class=\"woocommerce-product-attributes-item woocommerce-product-attributes-item--attribute_pa_meret\">\n\t\t\t<th class=\"woocommerce-product-attributes-item__label\" scope=\"row\">Size<\/th>\n\t\t\t<td class=\"woocommerce-product-attributes-item__value\"><p>55 mm<\/p>\n<\/td>\n\t\t<\/tr>\n\t\t\t<tr class=\"woocommerce-product-attributes-item woocommerce-product-attributes-item--attribute_pa_madein\">\n\t\t\t<th class=\"woocommerce-product-attributes-item__label\" scope=\"row\">Country of origin<\/th>\n\t\t\t<td class=\"woocommerce-product-attributes-item__value\"><p>Oroszorsz\u00e1g<\/p>\n<\/td>\n\t\t<\/tr>\n\t\t\t<tr class=\"woocommerce-product-attributes-item woocommerce-product-attributes-item--attribute_pa_kiszereles\">\n\t\t\t<th class=\"woocommerce-product-attributes-item__label\" scope=\"row\">Packaging<\/th>\n\t\t\t<td class=\"woocommerce-product-attributes-item__value\"><p>1 plastic bag<\/p>\n<\/td>\n\t\t<\/tr>\n\t<\/table>","protected":false},"excerpt":{"rendered":"<p>7 db\/csomag<\/p>","protected":false},"featured_media":4253,"comment_status":"open","ping_status":"closed","template":"","meta":[],"product_cat":[999,74,40,1008,1011],"product_tag":[1020,339,1079,241,344,373,430],"class_list":{"0":"post-4369","1":"product","2":"type-product","3":"status-publish","4":"has-post-thumbnail","6":"product_brand-boroda-baits","7":"product_cat-boroda-baits","8":"product_cat-gumicsali","9":"product_cat-mucsali","10":"product_cat-boroda-phantom","11":"product_cat-phantom-55","12":"product_tag-boroda-baits","13":"product_tag-kosullo","14":"product_tag-phantom","15":"product_tag-suger","16":"product_tag-twister","17":"product_tag-ul","18":"product_tag-uv","20":"first","21":"instock","22":"sale","23":"shipping-taxable","24":"purchasable","25":"product-type-simple"},"supplier_id":null,"supplier_sku":"","barcode":null,"atum_controlled":true,"out_stock_date":null,"out_stock_threshold":null,"inheritable":false,"inbound_stock":0,"stock_on_hold":0,"sold_today":0,"sales_last_days":0,"reserved_stock":0,"customer_returns":0,"warehouse_damage":0,"lost_in_post":0,"other_logs":0,"out_stock_days":0,"lost_sales":0,"has_location":false,"update_date":"2026-04-14T00:33:22","atum_locations":[],"atum_stock_status":"instock","restock_status":false,"low_stock_amount":1,"sales_update_date":"2026-04-14T00:33:22","calc_backorders":null,"yoast_head":"<!-- This site is optimized with the Yoast SEO plugin v27.4 - https:\/\/yoast.com\/product\/yoast-seo-wordpress\/ -->\n<title>Boroda Baits Phantom 55mm Fluo Chartreuse UV twister - Ebihal<\/title>\n<meta name=\"description\" content=\"A Boroda Baits Phantom twister m\u00e9lyen szegment\u00e1lt sz\u00f6gletes teste \u00e9s hossz\u00fa farka er\u0151s rezonanci\u00e1t kelt a v\u00edzben. 5,5 cm. Fluo Chartreuse.\" \/>\n<meta name=\"robots\" content=\"index, follow, max-snippet:-1, max-image-preview:large, max-video-preview:-1\" \/>\n<link rel=\"canonical\" href=\"https:\/\/www.ebihal.hu\/en\/shop\/mucsali\/gumicsali\/boroda-baits\/boroda-phantom\/phantom-55\/boroda-baits-phantom-55mm-fluo-chartreuse-twister\/\" \/>\n<meta property=\"og:locale\" content=\"en_GB\" \/>\n<meta property=\"og:type\" content=\"article\" \/>\n<meta property=\"og:title\" content=\"Boroda Baits Phantom 55mm Fluo Chartreuse UV twister - Ebihal\" \/>\n<meta property=\"og:description\" content=\"A Boroda Baits Phantom twister m\u00e9lyen szegment\u00e1lt sz\u00f6gletes teste \u00e9s hossz\u00fa farka er\u0151s rezonanci\u00e1t kelt a v\u00edzben. 5,5 cm. Fluo Chartreuse.\" \/>\n<meta property=\"og:url\" content=\"https:\/\/www.ebihal.hu\/en\/shop\/mucsali\/gumicsali\/boroda-baits\/boroda-phantom\/phantom-55\/boroda-baits-phantom-55mm-fluo-chartreuse-twister\/\" \/>\n<meta property=\"og:site_name\" content=\"Ebihal\" \/>\n<meta property=\"article:publisher\" content=\"https:\/\/www.facebook.com\/ebihal\" \/>\n<meta property=\"article:modified_time\" content=\"2025-07-10T11:14:26+00:00\" \/>\n<meta property=\"og:image\" content=\"https:\/\/www.ebihal.hu\/wp-content\/uploads\/2021\/06\/132-fluo-chartreuse-pepper.png\" \/>\n\t<meta property=\"og:image:width\" content=\"666\" \/>\n\t<meta property=\"og:image:height\" content=\"666\" \/>\n\t<meta property=\"og:image:type\" content=\"image\/png\" \/>\n<meta name=\"twitter:card\" content=\"summary_large_image\" \/>\n<meta name=\"twitter:label1\" content=\"Estimated reading time\" \/>\n\t<meta name=\"twitter:data1\" content=\"1 minute\" \/>\n<script type=\"application\/ld+json\" class=\"yoast-schema-graph\">{\"@context\":\"https:\\\/\\\/schema.org\",\"@graph\":[{\"@type\":\"WebPage\",\"@id\":\"https:\\\/\\\/www.ebihal.hu\\\/shop\\\/mucsali\\\/gumicsali\\\/boroda-baits\\\/boroda-phantom\\\/phantom-55\\\/boroda-baits-phantom-55mm-fluo-chartreuse-twister\\\/\",\"url\":\"https:\\\/\\\/www.ebihal.hu\\\/shop\\\/mucsali\\\/gumicsali\\\/boroda-baits\\\/boroda-phantom\\\/phantom-55\\\/boroda-baits-phantom-55mm-fluo-chartreuse-twister\\\/\",\"name\":\"Boroda Baits Phantom 55mm Fluo Chartreuse UV twister - Ebihal\",\"isPartOf\":{\"@id\":\"https:\\\/\\\/www.ebihal.hu\\\/#website\"},\"primaryImageOfPage\":{\"@id\":\"https:\\\/\\\/www.ebihal.hu\\\/shop\\\/mucsali\\\/gumicsali\\\/boroda-baits\\\/boroda-phantom\\\/phantom-55\\\/boroda-baits-phantom-55mm-fluo-chartreuse-twister\\\/#primaryimage\"},\"image\":{\"@id\":\"https:\\\/\\\/www.ebihal.hu\\\/shop\\\/mucsali\\\/gumicsali\\\/boroda-baits\\\/boroda-phantom\\\/phantom-55\\\/boroda-baits-phantom-55mm-fluo-chartreuse-twister\\\/#primaryimage\"},\"thumbnailUrl\":\"https:\\\/\\\/www.ebihal.hu\\\/wp-content\\\/uploads\\\/2021\\\/06\\\/132-fluo-chartreuse-pepper.png\",\"datePublished\":\"2021-06-05T14:41:47+00:00\",\"dateModified\":\"2025-07-10T11:14:26+00:00\",\"description\":\"A Boroda Baits Phantom twister m\u00e9lyen szegment\u00e1lt sz\u00f6gletes teste \u00e9s hossz\u00fa farka er\u0151s rezonanci\u00e1t kelt a v\u00edzben. 5,5 cm. Fluo Chartreuse.\",\"breadcrumb\":{\"@id\":\"https:\\\/\\\/www.ebihal.hu\\\/shop\\\/mucsali\\\/gumicsali\\\/boroda-baits\\\/boroda-phantom\\\/phantom-55\\\/boroda-baits-phantom-55mm-fluo-chartreuse-twister\\\/#breadcrumb\"},\"inLanguage\":\"en-GB\",\"potentialAction\":[{\"@type\":\"ReadAction\",\"target\":[\"https:\\\/\\\/www.ebihal.hu\\\/shop\\\/mucsali\\\/gumicsali\\\/boroda-baits\\\/boroda-phantom\\\/phantom-55\\\/boroda-baits-phantom-55mm-fluo-chartreuse-twister\\\/\"]}]},{\"@type\":\"ImageObject\",\"inLanguage\":\"en-GB\",\"@id\":\"https:\\\/\\\/www.ebihal.hu\\\/shop\\\/mucsali\\\/gumicsali\\\/boroda-baits\\\/boroda-phantom\\\/phantom-55\\\/boroda-baits-phantom-55mm-fluo-chartreuse-twister\\\/#primaryimage\",\"url\":\"https:\\\/\\\/www.ebihal.hu\\\/wp-content\\\/uploads\\\/2021\\\/06\\\/132-fluo-chartreuse-pepper.png\",\"contentUrl\":\"https:\\\/\\\/www.ebihal.hu\\\/wp-content\\\/uploads\\\/2021\\\/06\\\/132-fluo-chartreuse-pepper.png\",\"width\":666,\"height\":666,\"caption\":\"Boroda Baits Phantom 55 mm Fluo Chartreuse\"},{\"@type\":\"BreadcrumbList\",\"@id\":\"https:\\\/\\\/www.ebihal.hu\\\/shop\\\/mucsali\\\/gumicsali\\\/boroda-baits\\\/boroda-phantom\\\/phantom-55\\\/boroda-baits-phantom-55mm-fluo-chartreuse-twister\\\/#breadcrumb\",\"itemListElement\":[{\"@type\":\"ListItem\",\"position\":1,\"name\":\"Kezd\u0151lap\",\"item\":\"https:\\\/\\\/www.ebihal.hu\\\/\"},{\"@type\":\"ListItem\",\"position\":2,\"name\":\"M\u0171csali \u00e1ruh\u00e1z\",\"item\":\"https:\\\/\\\/www.ebihal.hu\\\/\"},{\"@type\":\"ListItem\",\"position\":3,\"name\":\"Boroda Baits Phantom 55mm Fluo Chartreuse UV twister\"}]},{\"@type\":\"WebSite\",\"@id\":\"https:\\\/\\\/www.ebihal.hu\\\/#website\",\"url\":\"https:\\\/\\\/www.ebihal.hu\\\/\",\"name\":\"Ebihal\",\"description\":\"Fish &amp; Jigs\",\"publisher\":{\"@id\":\"https:\\\/\\\/www.ebihal.hu\\\/#organization\"},\"potentialAction\":[{\"@type\":\"SearchAction\",\"target\":{\"@type\":\"EntryPoint\",\"urlTemplate\":\"https:\\\/\\\/www.ebihal.hu\\\/?s={search_term_string}\"},\"query-input\":{\"@type\":\"PropertyValueSpecification\",\"valueRequired\":true,\"valueName\":\"search_term_string\"}}],\"inLanguage\":\"en-GB\"},{\"@type\":\"Organization\",\"@id\":\"https:\\\/\\\/www.ebihal.hu\\\/#organization\",\"name\":\"Bir\u00f3 Csaba egy\u00e9ni v\u00e1llalkoz\u00f3\",\"url\":\"https:\\\/\\\/www.ebihal.hu\\\/\",\"logo\":{\"@type\":\"ImageObject\",\"inLanguage\":\"en-GB\",\"@id\":\"https:\\\/\\\/www.ebihal.hu\\\/#\\\/schema\\\/logo\\\/image\\\/\",\"url\":\"https:\\\/\\\/www.ebihal.hu\\\/wp-content\\\/uploads\\\/2021\\\/02\\\/brand_logo_mini.png\",\"contentUrl\":\"https:\\\/\\\/www.ebihal.hu\\\/wp-content\\\/uploads\\\/2021\\\/02\\\/brand_logo_mini.png\",\"width\":300,\"height\":300,\"caption\":\"Bir\u00f3 Csaba egy\u00e9ni v\u00e1llalkoz\u00f3\"},\"image\":{\"@id\":\"https:\\\/\\\/www.ebihal.hu\\\/#\\\/schema\\\/logo\\\/image\\\/\"},\"sameAs\":[\"https:\\\/\\\/www.facebook.com\\\/ebihal\"]}]}<\/script>\n<!-- \/ Yoast SEO plugin. -->","yoast_head_json":{"title":"Boroda Baits Phantom 55mm Fluo Chartreuse UV twister - Ebihal","description":"A Boroda Baits Phantom twister m\u00e9lyen szegment\u00e1lt sz\u00f6gletes teste \u00e9s hossz\u00fa farka er\u0151s rezonanci\u00e1t kelt a v\u00edzben. 5,5 cm. Fluo Chartreuse.","robots":{"index":"index","follow":"follow","max-snippet":"max-snippet:-1","max-image-preview":"max-image-preview:large","max-video-preview":"max-video-preview:-1"},"canonical":"https:\/\/www.ebihal.hu\/en\/shop\/mucsali\/gumicsali\/boroda-baits\/boroda-phantom\/phantom-55\/boroda-baits-phantom-55mm-fluo-chartreuse-twister\/","og_locale":"en_GB","og_type":"article","og_title":"Boroda Baits Phantom 55mm Fluo Chartreuse UV twister - Ebihal","og_description":"A Boroda Baits Phantom twister m\u00e9lyen szegment\u00e1lt sz\u00f6gletes teste \u00e9s hossz\u00fa farka er\u0151s rezonanci\u00e1t kelt a v\u00edzben. 5,5 cm. Fluo Chartreuse.","og_url":"https:\/\/www.ebihal.hu\/en\/shop\/mucsali\/gumicsali\/boroda-baits\/boroda-phantom\/phantom-55\/boroda-baits-phantom-55mm-fluo-chartreuse-twister\/","og_site_name":"Ebihal","article_publisher":"https:\/\/www.facebook.com\/ebihal","article_modified_time":"2025-07-10T11:14:26+00:00","og_image":[{"width":666,"height":666,"url":"https:\/\/www.ebihal.hu\/wp-content\/uploads\/2021\/06\/132-fluo-chartreuse-pepper.png","type":"image\/png"}],"twitter_card":"summary_large_image","twitter_misc":{"Estimated reading time":"1 minute"},"schema":{"@context":"https:\/\/schema.org","@graph":[{"@type":"WebPage","@id":"https:\/\/www.ebihal.hu\/shop\/mucsali\/gumicsali\/boroda-baits\/boroda-phantom\/phantom-55\/boroda-baits-phantom-55mm-fluo-chartreuse-twister\/","url":"https:\/\/www.ebihal.hu\/shop\/mucsali\/gumicsali\/boroda-baits\/boroda-phantom\/phantom-55\/boroda-baits-phantom-55mm-fluo-chartreuse-twister\/","name":"Boroda Baits Phantom 55mm Fluo Chartreuse UV twister - Ebihal","isPartOf":{"@id":"https:\/\/www.ebihal.hu\/#website"},"primaryImageOfPage":{"@id":"https:\/\/www.ebihal.hu\/shop\/mucsali\/gumicsali\/boroda-baits\/boroda-phantom\/phantom-55\/boroda-baits-phantom-55mm-fluo-chartreuse-twister\/#primaryimage"},"image":{"@id":"https:\/\/www.ebihal.hu\/shop\/mucsali\/gumicsali\/boroda-baits\/boroda-phantom\/phantom-55\/boroda-baits-phantom-55mm-fluo-chartreuse-twister\/#primaryimage"},"thumbnailUrl":"https:\/\/www.ebihal.hu\/wp-content\/uploads\/2021\/06\/132-fluo-chartreuse-pepper.png","datePublished":"2021-06-05T14:41:47+00:00","dateModified":"2025-07-10T11:14:26+00:00","description":"A Boroda Baits Phantom twister m\u00e9lyen szegment\u00e1lt sz\u00f6gletes teste \u00e9s hossz\u00fa farka er\u0151s rezonanci\u00e1t kelt a v\u00edzben. 5,5 cm. Fluo Chartreuse.","breadcrumb":{"@id":"https:\/\/www.ebihal.hu\/shop\/mucsali\/gumicsali\/boroda-baits\/boroda-phantom\/phantom-55\/boroda-baits-phantom-55mm-fluo-chartreuse-twister\/#breadcrumb"},"inLanguage":"en-GB","potentialAction":[{"@type":"ReadAction","target":["https:\/\/www.ebihal.hu\/shop\/mucsali\/gumicsali\/boroda-baits\/boroda-phantom\/phantom-55\/boroda-baits-phantom-55mm-fluo-chartreuse-twister\/"]}]},{"@type":"ImageObject","inLanguage":"en-GB","@id":"https:\/\/www.ebihal.hu\/shop\/mucsali\/gumicsali\/boroda-baits\/boroda-phantom\/phantom-55\/boroda-baits-phantom-55mm-fluo-chartreuse-twister\/#primaryimage","url":"https:\/\/www.ebihal.hu\/wp-content\/uploads\/2021\/06\/132-fluo-chartreuse-pepper.png","contentUrl":"https:\/\/www.ebihal.hu\/wp-content\/uploads\/2021\/06\/132-fluo-chartreuse-pepper.png","width":666,"height":666,"caption":"Boroda Baits Phantom 55 mm Fluo Chartreuse"},{"@type":"BreadcrumbList","@id":"https:\/\/www.ebihal.hu\/shop\/mucsali\/gumicsali\/boroda-baits\/boroda-phantom\/phantom-55\/boroda-baits-phantom-55mm-fluo-chartreuse-twister\/#breadcrumb","itemListElement":[{"@type":"ListItem","position":1,"name":"Kezd\u0151lap","item":"https:\/\/www.ebihal.hu\/"},{"@type":"ListItem","position":2,"name":"M\u0171csali \u00e1ruh\u00e1z","item":"https:\/\/www.ebihal.hu\/"},{"@type":"ListItem","position":3,"name":"Boroda Baits Phantom 55mm Fluo Chartreuse UV twister"}]},{"@type":"WebSite","@id":"https:\/\/www.ebihal.hu\/#website","url":"https:\/\/www.ebihal.hu\/","name":"Ebihal","description":"Fish &amp; Jigs","publisher":{"@id":"https:\/\/www.ebihal.hu\/#organization"},"potentialAction":[{"@type":"SearchAction","target":{"@type":"EntryPoint","urlTemplate":"https:\/\/www.ebihal.hu\/?s={search_term_string}"},"query-input":{"@type":"PropertyValueSpecification","valueRequired":true,"valueName":"search_term_string"}}],"inLanguage":"en-GB"},{"@type":"Organization","@id":"https:\/\/www.ebihal.hu\/#organization","name":"Bir\u00f3 Csaba egy\u00e9ni v\u00e1llalkoz\u00f3","url":"https:\/\/www.ebihal.hu\/","logo":{"@type":"ImageObject","inLanguage":"en-GB","@id":"https:\/\/www.ebihal.hu\/#\/schema\/logo\/image\/","url":"https:\/\/www.ebihal.hu\/wp-content\/uploads\/2021\/02\/brand_logo_mini.png","contentUrl":"https:\/\/www.ebihal.hu\/wp-content\/uploads\/2021\/02\/brand_logo_mini.png","width":300,"height":300,"caption":"Bir\u00f3 Csaba egy\u00e9ni v\u00e1llalkoz\u00f3"},"image":{"@id":"https:\/\/www.ebihal.hu\/#\/schema\/logo\/image\/"},"sameAs":["https:\/\/www.facebook.com\/ebihal"]}]}},"_links":{"self":[{"href":"https:\/\/www.ebihal.hu\/en\/wp-json\/wp\/v2\/product\/4369","targetHints":{"allow":["GET"]}}],"collection":[{"href":"https:\/\/www.ebihal.hu\/en\/wp-json\/wp\/v2\/product"}],"about":[{"href":"https:\/\/www.ebihal.hu\/en\/wp-json\/wp\/v2\/types\/product"}],"replies":[{"embeddable":true,"href":"https:\/\/www.ebihal.hu\/en\/wp-json\/wp\/v2\/comments?post=4369"}],"wp:featuredmedia":[{"embeddable":true,"href":"https:\/\/www.ebihal.hu\/en\/wp-json\/wp\/v2\/media\/4253"}],"wp:attachment":[{"href":"https:\/\/www.ebihal.hu\/en\/wp-json\/wp\/v2\/media?parent=4369"}],"wp:term":[{"taxonomy":"product_cat","embeddable":true,"href":"https:\/\/www.ebihal.hu\/en\/wp-json\/wp\/v2\/product_cat?post=4369"},{"taxonomy":"product_tag","embeddable":true,"href":"https:\/\/www.ebihal.hu\/en\/wp-json\/wp\/v2\/product_tag?post=4369"}],"curies":[{"name":"wp","href":"https:\/\/api.w.org\/{rel}","templated":true}]}}