{"id":4352,"date":"2021-06-05T15:04:46","date_gmt":"2021-06-05T14:04:46","guid":{"rendered":"https:\/\/www.ebihal.hu\/?post_type=product&#038;p=4352"},"modified":"2025-09-21T17:48:03","modified_gmt":"2025-09-21T16:48:03","slug":"boroda-baits-mexer-tail-90mm-violet-twister","status":"publish","type":"product","link":"https:\/\/www.ebihal.hu\/en\/shop\/mucsali\/gumicsali\/boroda-baits\/mexer-tail\/boroda-baits-mexer-tail-90mm-violet-twister\/","title":{"rendered":"Boroda Baits Mexer Tail 90mm Violet twister"},"content":{"rendered":"<p>A Boroda Baits Mexer Tail gumicsali m\u00e9lyen szegment\u00e1lt hengeres teste a sz\u00e1lkav\u00e9geken szem\u00f6lcs\u00f6ket kapott. A f\u00e9regszer\u0171 test egy rugalmas, r\u00f6vid, mini twisterfarokban v\u00e9gz\u0151dik. L\u00e1gy szilikonb\u00f3l k\u00e9sz\u00fclt, ez\u00e9rt a csali a legkisebb mozd\u00edt\u00e1sra is \u00e9letre kel.<\/p>\n<p>9 cm hossz\u00fa, 4,5 g s\u00faly\u00fa, 1 db gumihal. Violet sz\u00edn. (4 db v\u00e1s\u00e1rl\u00e1sa eset\u00e9n eredeti egys\u00e9g-csomagol\u00e1sban sz\u00e1ll\u00edtjuk.)<\/p>\n<p><iframe loading=\"lazy\" title=\"YouTube video player\" src=\"https:\/\/www.youtube.com\/embed\/G1fZNbIsWeo\" width=\"560\" height=\"315\" frameborder=\"0\" allowfullscreen=\"allowfullscreen\"><\/iframe><\/p>\n<h4>Additional information<\/h4>\n<table class=\"woocommerce-product-attributes shop_attributes\" aria-label=\"Product Details\" data-no-translation-aria-label=\"\">\n\t\t\t<tr class=\"woocommerce-product-attributes-item woocommerce-product-attributes-item--weight\">\n\t\t\t<th class=\"woocommerce-product-attributes-item__label\" scope=\"row\" data-no-translation=\"\" data-trp-gettext=\"\">Weight<\/th>\n\t\t\t<td class=\"woocommerce-product-attributes-item__value\">0.01 kg<\/td>\n\t\t<\/tr>\n\t\t\t<tr class=\"woocommerce-product-attributes-item woocommerce-product-attributes-item--attribute_pa_brand\">\n\t\t\t<th class=\"woocommerce-product-attributes-item__label\" scope=\"row\">Brand<\/th>\n\t\t\t<td class=\"woocommerce-product-attributes-item__value\"><p>Boroda Baits<\/p>\n<\/td>\n\t\t<\/tr>\n\t\t\t<tr class=\"woocommerce-product-attributes-item woocommerce-product-attributes-item--attribute_pa_color\">\n\t\t\t<th class=\"woocommerce-product-attributes-item__label\" scope=\"row\">Color<\/th>\n\t\t\t<td class=\"woocommerce-product-attributes-item__value\"><p>Violet<\/p>\n<\/td>\n\t\t<\/tr>\n\t\t\t<tr class=\"woocommerce-product-attributes-item woocommerce-product-attributes-item--attribute_pa_szinkod\">\n\t\t\t<th class=\"woocommerce-product-attributes-item__label\" scope=\"row\">Color code<\/th>\n\t\t\t<td class=\"woocommerce-product-attributes-item__value\"><p>140<\/p>\n<\/td>\n\t\t<\/tr>\n\t\t\t<tr class=\"woocommerce-product-attributes-item woocommerce-product-attributes-item--attribute_pa_meret\">\n\t\t\t<th class=\"woocommerce-product-attributes-item__label\" scope=\"row\">Size<\/th>\n\t\t\t<td class=\"woocommerce-product-attributes-item__value\"><p>90 mm<\/p>\n<\/td>\n\t\t<\/tr>\n\t\t\t<tr class=\"woocommerce-product-attributes-item woocommerce-product-attributes-item--attribute_pa_madein\">\n\t\t\t<th class=\"woocommerce-product-attributes-item__label\" scope=\"row\">Country of origin<\/th>\n\t\t\t<td class=\"woocommerce-product-attributes-item__value\"><p>Oroszorsz\u00e1g<\/p>\n<\/td>\n\t\t<\/tr>\n\t\t\t<tr class=\"woocommerce-product-attributes-item woocommerce-product-attributes-item--attribute_pa_kiszereles\">\n\t\t\t<th class=\"woocommerce-product-attributes-item__label\" scope=\"row\">Packaging<\/th>\n\t\t\t<td class=\"woocommerce-product-attributes-item__value\"><p>1 piece<\/p>\n<\/td>\n\t\t<\/tr>\n\t<\/table>","protected":false},"excerpt":{"rendered":"<p>1 db gumicsali<\/p>","protected":false},"featured_media":4353,"comment_status":"open","ping_status":"closed","template":"","meta":[],"product_cat":[999,74,1002,40],"product_tag":[1020,147,148,814,1099,823,146,344],"class_list":{"0":"post-4352","1":"product","2":"type-product","3":"status-publish","4":"has-post-thumbnail","6":"product_brand-boroda-baits","7":"product_cat-boroda-baits","8":"product_cat-gumicsali","9":"product_cat-mexer-tail","10":"product_cat-mucsali","11":"product_tag-boroda-baits","12":"product_tag-csuka","13":"product_tag-harcsa","14":"product_tag-l","15":"product_tag-mexer-tail","16":"product_tag-no-action","17":"product_tag-sullo","18":"product_tag-twister","20":"first","21":"instock","22":"sale","23":"shipping-taxable","24":"purchasable","25":"product-type-simple"},"supplier_id":null,"supplier_sku":"","barcode":null,"atum_controlled":true,"out_stock_date":null,"out_stock_threshold":null,"inheritable":false,"inbound_stock":0,"stock_on_hold":0,"sold_today":0,"sales_last_days":0,"reserved_stock":0,"customer_returns":0,"warehouse_damage":0,"lost_in_post":0,"other_logs":0,"out_stock_days":0,"lost_sales":0,"has_location":false,"update_date":"2026-04-15T00:30:19","atum_locations":[],"atum_stock_status":"instock","restock_status":false,"low_stock_amount":1,"sales_update_date":"2026-04-15T00:30:19","calc_backorders":null,"yoast_head":"<!-- This site is optimized with the Yoast SEO plugin v27.4 - https:\/\/yoast.com\/product\/yoast-seo-wordpress\/ -->\n<title>Boroda Baits Mexer Tail 90mm Violet twister - Ebihal<\/title>\n<meta name=\"description\" content=\"A Boroda Baits Mexer Tail gumicsali szegment\u00e1lt teste a sz\u00e1lkav\u00e9geken szem\u00f6lcs\u00f6s. A f\u00e9regszer\u0171 test mini twisterfarokban v\u00e9gz\u0151dik. Violet\" \/>\n<meta name=\"robots\" content=\"index, follow, max-snippet:-1, max-image-preview:large, max-video-preview:-1\" \/>\n<link rel=\"canonical\" href=\"https:\/\/www.ebihal.hu\/en\/shop\/mucsali\/gumicsali\/boroda-baits\/mexer-tail\/boroda-baits-mexer-tail-90mm-violet-twister\/\" \/>\n<meta property=\"og:locale\" content=\"en_GB\" \/>\n<meta property=\"og:type\" content=\"article\" \/>\n<meta property=\"og:title\" content=\"Boroda Baits Mexer Tail 90mm Violet twister - Ebihal\" \/>\n<meta property=\"og:description\" content=\"A Boroda Baits Mexer Tail gumicsali szegment\u00e1lt teste a sz\u00e1lkav\u00e9geken szem\u00f6lcs\u00f6s. A f\u00e9regszer\u0171 test mini twisterfarokban v\u00e9gz\u0151dik. Violet\" \/>\n<meta property=\"og:url\" content=\"https:\/\/www.ebihal.hu\/en\/shop\/mucsali\/gumicsali\/boroda-baits\/mexer-tail\/boroda-baits-mexer-tail-90mm-violet-twister\/\" \/>\n<meta property=\"og:site_name\" content=\"Ebihal\" \/>\n<meta property=\"article:publisher\" content=\"https:\/\/www.facebook.com\/ebihal\" \/>\n<meta property=\"article:modified_time\" content=\"2025-09-21T16:48:03+00:00\" \/>\n<meta property=\"og:image\" content=\"https:\/\/www.ebihal.hu\/wp-content\/uploads\/2021\/06\/140-violet-3.png\" \/>\n\t<meta property=\"og:image:width\" content=\"666\" \/>\n\t<meta property=\"og:image:height\" content=\"666\" \/>\n\t<meta property=\"og:image:type\" content=\"image\/png\" \/>\n<meta name=\"twitter:card\" content=\"summary_large_image\" \/>\n<meta name=\"twitter:label1\" content=\"Estimated reading time\" \/>\n\t<meta name=\"twitter:data1\" content=\"1 minute\" \/>\n<script type=\"application\/ld+json\" class=\"yoast-schema-graph\">{\"@context\":\"https:\\\/\\\/schema.org\",\"@graph\":[{\"@type\":\"WebPage\",\"@id\":\"https:\\\/\\\/www.ebihal.hu\\\/shop\\\/mucsali\\\/gumicsali\\\/boroda-baits\\\/mexer-tail\\\/boroda-baits-mexer-tail-90mm-violet-twister\\\/\",\"url\":\"https:\\\/\\\/www.ebihal.hu\\\/shop\\\/mucsali\\\/gumicsali\\\/boroda-baits\\\/mexer-tail\\\/boroda-baits-mexer-tail-90mm-violet-twister\\\/\",\"name\":\"Boroda Baits Mexer Tail 90mm Violet twister - Ebihal\",\"isPartOf\":{\"@id\":\"https:\\\/\\\/www.ebihal.hu\\\/#website\"},\"primaryImageOfPage\":{\"@id\":\"https:\\\/\\\/www.ebihal.hu\\\/shop\\\/mucsali\\\/gumicsali\\\/boroda-baits\\\/mexer-tail\\\/boroda-baits-mexer-tail-90mm-violet-twister\\\/#primaryimage\"},\"image\":{\"@id\":\"https:\\\/\\\/www.ebihal.hu\\\/shop\\\/mucsali\\\/gumicsali\\\/boroda-baits\\\/mexer-tail\\\/boroda-baits-mexer-tail-90mm-violet-twister\\\/#primaryimage\"},\"thumbnailUrl\":\"https:\\\/\\\/www.ebihal.hu\\\/wp-content\\\/uploads\\\/2021\\\/06\\\/140-violet-3.png\",\"datePublished\":\"2021-06-05T14:04:46+00:00\",\"dateModified\":\"2025-09-21T16:48:03+00:00\",\"description\":\"A Boroda Baits Mexer Tail gumicsali szegment\u00e1lt teste a sz\u00e1lkav\u00e9geken szem\u00f6lcs\u00f6s. A f\u00e9regszer\u0171 test mini twisterfarokban v\u00e9gz\u0151dik. Violet\",\"breadcrumb\":{\"@id\":\"https:\\\/\\\/www.ebihal.hu\\\/shop\\\/mucsali\\\/gumicsali\\\/boroda-baits\\\/mexer-tail\\\/boroda-baits-mexer-tail-90mm-violet-twister\\\/#breadcrumb\"},\"inLanguage\":\"en-GB\",\"potentialAction\":[{\"@type\":\"ReadAction\",\"target\":[\"https:\\\/\\\/www.ebihal.hu\\\/shop\\\/mucsali\\\/gumicsali\\\/boroda-baits\\\/mexer-tail\\\/boroda-baits-mexer-tail-90mm-violet-twister\\\/\"]}]},{\"@type\":\"ImageObject\",\"inLanguage\":\"en-GB\",\"@id\":\"https:\\\/\\\/www.ebihal.hu\\\/shop\\\/mucsali\\\/gumicsali\\\/boroda-baits\\\/mexer-tail\\\/boroda-baits-mexer-tail-90mm-violet-twister\\\/#primaryimage\",\"url\":\"https:\\\/\\\/www.ebihal.hu\\\/wp-content\\\/uploads\\\/2021\\\/06\\\/140-violet-3.png\",\"contentUrl\":\"https:\\\/\\\/www.ebihal.hu\\\/wp-content\\\/uploads\\\/2021\\\/06\\\/140-violet-3.png\",\"width\":666,\"height\":666,\"caption\":\"Boroda Baits Mexer Tail 90 mm Violet\"},{\"@type\":\"BreadcrumbList\",\"@id\":\"https:\\\/\\\/www.ebihal.hu\\\/shop\\\/mucsali\\\/gumicsali\\\/boroda-baits\\\/mexer-tail\\\/boroda-baits-mexer-tail-90mm-violet-twister\\\/#breadcrumb\",\"itemListElement\":[{\"@type\":\"ListItem\",\"position\":1,\"name\":\"Kezd\u0151lap\",\"item\":\"https:\\\/\\\/www.ebihal.hu\\\/\"},{\"@type\":\"ListItem\",\"position\":2,\"name\":\"M\u0171csali \u00e1ruh\u00e1z\",\"item\":\"https:\\\/\\\/www.ebihal.hu\\\/\"},{\"@type\":\"ListItem\",\"position\":3,\"name\":\"Boroda Baits Mexer Tail 90mm Violet twister\"}]},{\"@type\":\"WebSite\",\"@id\":\"https:\\\/\\\/www.ebihal.hu\\\/#website\",\"url\":\"https:\\\/\\\/www.ebihal.hu\\\/\",\"name\":\"Ebihal\",\"description\":\"Fish &amp; Jigs\",\"publisher\":{\"@id\":\"https:\\\/\\\/www.ebihal.hu\\\/#organization\"},\"potentialAction\":[{\"@type\":\"SearchAction\",\"target\":{\"@type\":\"EntryPoint\",\"urlTemplate\":\"https:\\\/\\\/www.ebihal.hu\\\/?s={search_term_string}\"},\"query-input\":{\"@type\":\"PropertyValueSpecification\",\"valueRequired\":true,\"valueName\":\"search_term_string\"}}],\"inLanguage\":\"en-GB\"},{\"@type\":\"Organization\",\"@id\":\"https:\\\/\\\/www.ebihal.hu\\\/#organization\",\"name\":\"Bir\u00f3 Csaba egy\u00e9ni v\u00e1llalkoz\u00f3\",\"url\":\"https:\\\/\\\/www.ebihal.hu\\\/\",\"logo\":{\"@type\":\"ImageObject\",\"inLanguage\":\"en-GB\",\"@id\":\"https:\\\/\\\/www.ebihal.hu\\\/#\\\/schema\\\/logo\\\/image\\\/\",\"url\":\"https:\\\/\\\/www.ebihal.hu\\\/wp-content\\\/uploads\\\/2021\\\/02\\\/brand_logo_mini.png\",\"contentUrl\":\"https:\\\/\\\/www.ebihal.hu\\\/wp-content\\\/uploads\\\/2021\\\/02\\\/brand_logo_mini.png\",\"width\":300,\"height\":300,\"caption\":\"Bir\u00f3 Csaba egy\u00e9ni v\u00e1llalkoz\u00f3\"},\"image\":{\"@id\":\"https:\\\/\\\/www.ebihal.hu\\\/#\\\/schema\\\/logo\\\/image\\\/\"},\"sameAs\":[\"https:\\\/\\\/www.facebook.com\\\/ebihal\"]}]}<\/script>\n<!-- \/ Yoast SEO plugin. -->","yoast_head_json":{"title":"Boroda Baits Mexer Tail 90mm Violet twister - Ebihal","description":"A Boroda Baits Mexer Tail gumicsali szegment\u00e1lt teste a sz\u00e1lkav\u00e9geken szem\u00f6lcs\u00f6s. A f\u00e9regszer\u0171 test mini twisterfarokban v\u00e9gz\u0151dik. Violet","robots":{"index":"index","follow":"follow","max-snippet":"max-snippet:-1","max-image-preview":"max-image-preview:large","max-video-preview":"max-video-preview:-1"},"canonical":"https:\/\/www.ebihal.hu\/en\/shop\/mucsali\/gumicsali\/boroda-baits\/mexer-tail\/boroda-baits-mexer-tail-90mm-violet-twister\/","og_locale":"en_GB","og_type":"article","og_title":"Boroda Baits Mexer Tail 90mm Violet twister - Ebihal","og_description":"A Boroda Baits Mexer Tail gumicsali szegment\u00e1lt teste a sz\u00e1lkav\u00e9geken szem\u00f6lcs\u00f6s. A f\u00e9regszer\u0171 test mini twisterfarokban v\u00e9gz\u0151dik. Violet","og_url":"https:\/\/www.ebihal.hu\/en\/shop\/mucsali\/gumicsali\/boroda-baits\/mexer-tail\/boroda-baits-mexer-tail-90mm-violet-twister\/","og_site_name":"Ebihal","article_publisher":"https:\/\/www.facebook.com\/ebihal","article_modified_time":"2025-09-21T16:48:03+00:00","og_image":[{"width":666,"height":666,"url":"https:\/\/www.ebihal.hu\/wp-content\/uploads\/2021\/06\/140-violet-3.png","type":"image\/png"}],"twitter_card":"summary_large_image","twitter_misc":{"Estimated reading time":"1 minute"},"schema":{"@context":"https:\/\/schema.org","@graph":[{"@type":"WebPage","@id":"https:\/\/www.ebihal.hu\/shop\/mucsali\/gumicsali\/boroda-baits\/mexer-tail\/boroda-baits-mexer-tail-90mm-violet-twister\/","url":"https:\/\/www.ebihal.hu\/shop\/mucsali\/gumicsali\/boroda-baits\/mexer-tail\/boroda-baits-mexer-tail-90mm-violet-twister\/","name":"Boroda Baits Mexer Tail 90mm Violet twister - Ebihal","isPartOf":{"@id":"https:\/\/www.ebihal.hu\/#website"},"primaryImageOfPage":{"@id":"https:\/\/www.ebihal.hu\/shop\/mucsali\/gumicsali\/boroda-baits\/mexer-tail\/boroda-baits-mexer-tail-90mm-violet-twister\/#primaryimage"},"image":{"@id":"https:\/\/www.ebihal.hu\/shop\/mucsali\/gumicsali\/boroda-baits\/mexer-tail\/boroda-baits-mexer-tail-90mm-violet-twister\/#primaryimage"},"thumbnailUrl":"https:\/\/www.ebihal.hu\/wp-content\/uploads\/2021\/06\/140-violet-3.png","datePublished":"2021-06-05T14:04:46+00:00","dateModified":"2025-09-21T16:48:03+00:00","description":"A Boroda Baits Mexer Tail gumicsali szegment\u00e1lt teste a sz\u00e1lkav\u00e9geken szem\u00f6lcs\u00f6s. A f\u00e9regszer\u0171 test mini twisterfarokban v\u00e9gz\u0151dik. Violet","breadcrumb":{"@id":"https:\/\/www.ebihal.hu\/shop\/mucsali\/gumicsali\/boroda-baits\/mexer-tail\/boroda-baits-mexer-tail-90mm-violet-twister\/#breadcrumb"},"inLanguage":"en-GB","potentialAction":[{"@type":"ReadAction","target":["https:\/\/www.ebihal.hu\/shop\/mucsali\/gumicsali\/boroda-baits\/mexer-tail\/boroda-baits-mexer-tail-90mm-violet-twister\/"]}]},{"@type":"ImageObject","inLanguage":"en-GB","@id":"https:\/\/www.ebihal.hu\/shop\/mucsali\/gumicsali\/boroda-baits\/mexer-tail\/boroda-baits-mexer-tail-90mm-violet-twister\/#primaryimage","url":"https:\/\/www.ebihal.hu\/wp-content\/uploads\/2021\/06\/140-violet-3.png","contentUrl":"https:\/\/www.ebihal.hu\/wp-content\/uploads\/2021\/06\/140-violet-3.png","width":666,"height":666,"caption":"Boroda Baits Mexer Tail 90 mm Violet"},{"@type":"BreadcrumbList","@id":"https:\/\/www.ebihal.hu\/shop\/mucsali\/gumicsali\/boroda-baits\/mexer-tail\/boroda-baits-mexer-tail-90mm-violet-twister\/#breadcrumb","itemListElement":[{"@type":"ListItem","position":1,"name":"Kezd\u0151lap","item":"https:\/\/www.ebihal.hu\/"},{"@type":"ListItem","position":2,"name":"M\u0171csali \u00e1ruh\u00e1z","item":"https:\/\/www.ebihal.hu\/"},{"@type":"ListItem","position":3,"name":"Boroda Baits Mexer Tail 90mm Violet twister"}]},{"@type":"WebSite","@id":"https:\/\/www.ebihal.hu\/#website","url":"https:\/\/www.ebihal.hu\/","name":"Ebihal","description":"Fish &amp; Jigs","publisher":{"@id":"https:\/\/www.ebihal.hu\/#organization"},"potentialAction":[{"@type":"SearchAction","target":{"@type":"EntryPoint","urlTemplate":"https:\/\/www.ebihal.hu\/?s={search_term_string}"},"query-input":{"@type":"PropertyValueSpecification","valueRequired":true,"valueName":"search_term_string"}}],"inLanguage":"en-GB"},{"@type":"Organization","@id":"https:\/\/www.ebihal.hu\/#organization","name":"Bir\u00f3 Csaba egy\u00e9ni v\u00e1llalkoz\u00f3","url":"https:\/\/www.ebihal.hu\/","logo":{"@type":"ImageObject","inLanguage":"en-GB","@id":"https:\/\/www.ebihal.hu\/#\/schema\/logo\/image\/","url":"https:\/\/www.ebihal.hu\/wp-content\/uploads\/2021\/02\/brand_logo_mini.png","contentUrl":"https:\/\/www.ebihal.hu\/wp-content\/uploads\/2021\/02\/brand_logo_mini.png","width":300,"height":300,"caption":"Bir\u00f3 Csaba egy\u00e9ni v\u00e1llalkoz\u00f3"},"image":{"@id":"https:\/\/www.ebihal.hu\/#\/schema\/logo\/image\/"},"sameAs":["https:\/\/www.facebook.com\/ebihal"]}]}},"_links":{"self":[{"href":"https:\/\/www.ebihal.hu\/en\/wp-json\/wp\/v2\/product\/4352","targetHints":{"allow":["GET"]}}],"collection":[{"href":"https:\/\/www.ebihal.hu\/en\/wp-json\/wp\/v2\/product"}],"about":[{"href":"https:\/\/www.ebihal.hu\/en\/wp-json\/wp\/v2\/types\/product"}],"replies":[{"embeddable":true,"href":"https:\/\/www.ebihal.hu\/en\/wp-json\/wp\/v2\/comments?post=4352"}],"wp:featuredmedia":[{"embeddable":true,"href":"https:\/\/www.ebihal.hu\/en\/wp-json\/wp\/v2\/media\/4353"}],"wp:attachment":[{"href":"https:\/\/www.ebihal.hu\/en\/wp-json\/wp\/v2\/media?parent=4352"}],"wp:term":[{"taxonomy":"product_cat","embeddable":true,"href":"https:\/\/www.ebihal.hu\/en\/wp-json\/wp\/v2\/product_cat?post=4352"},{"taxonomy":"product_tag","embeddable":true,"href":"https:\/\/www.ebihal.hu\/en\/wp-json\/wp\/v2\/product_tag?post=4352"}],"curies":[{"name":"wp","href":"https:\/\/api.w.org\/{rel}","templated":true}]}}