{"id":3919,"date":"2021-05-03T14:48:53","date_gmt":"2021-05-03T13:48:53","guid":{"rendered":"https:\/\/www.ebihal.hu\/?post_type=product&#038;p=3919"},"modified":"2026-03-19T07:06:47","modified_gmt":"2026-03-19T06:06:47","slug":"imago-lures-cserebogar-25f-surface-exclusive-wobbler","status":"publish","type":"product","link":"https:\/\/www.ebihal.hu\/en\/shop\/mucsali\/hard_baits\/imago-lures\/maybug\/imago-lures-cserebogar-25f-surface-exclusive-wobbler\/","title":{"rendered":"Imago Lures cserebog\u00e1r 2,5F Surface Exclusive wobbler"},"content":{"rendered":"<p>A m\u00e1jusi cserebog\u00e1r a felsz\u00ednen t\u00e1pl\u00e1lkoz\u00f3 halaink k\u00f6zkedvelt vad\u00e1sz-zs\u00e1km\u00e1nya. A Maybug minden verzi\u00f3ja felsz\u00edni wobbler, de a m\u0171csali a felsz\u00edn alatt is vezethet\u0151. A wobbler &#8222;Surface Exclusive&#8221; v\u00e1ltozata szilikon l\u00e1bakkal rendelkezik.<\/p>\n<p>B\u00e1r a term\u00e9szetes k\u00f6rnyezetben a m\u00e1jusi cserebog\u00e1r rajz\u00e1si ideje \u00e1prilis v\u00e9ge &#8211; j\u00falius v\u00e9ge k\u00f6z\u00f6tti id\u0151szakra esik, a csalit eg\u00e9szen novemberig hat\u00e9konyan lehet haszn\u00e1lni. Domolyk\u00f3, s\u00fcg\u00e9r, balin, pisztr\u00e1ng, keszegf\u00e9l\u00e9k, ponty sz\u00e1m\u00e1ra jelenthet vesz\u00e9lyt az Imago Lures realisztikus cserebogara.<\/p>\n<p>25 mm hossz\u00fa, 1,4 g s\u00faly\u00fa, mer\u00fcl\u00e9si m\u00e9lys\u00e9g: 0-0,1 m, #12 Owner h\u00e1rmashorog.<\/p>\n<table class=\"woocommerce-product-attributes shop_attributes\" aria-label=\"Product Details\" data-no-translation-aria-label=\"\">\n\t\t\t<tr class=\"woocommerce-product-attributes-item woocommerce-product-attributes-item--weight\">\n\t\t\t<th class=\"woocommerce-product-attributes-item__label\" scope=\"row\" data-no-translation=\"\" data-trp-gettext=\"\">Weight<\/th>\n\t\t\t<td class=\"woocommerce-product-attributes-item__value\">0.015 kg<\/td>\n\t\t<\/tr>\n\t\t\t<tr class=\"woocommerce-product-attributes-item woocommerce-product-attributes-item--attribute_pa_brand\">\n\t\t\t<th class=\"woocommerce-product-attributes-item__label\" scope=\"row\">Brand<\/th>\n\t\t\t<td class=\"woocommerce-product-attributes-item__value\"><p>Imago Lures<\/p>\n<\/td>\n\t\t<\/tr>\n\t\t\t<tr class=\"woocommerce-product-attributes-item woocommerce-product-attributes-item--attribute_pa_meret\">\n\t\t\t<th class=\"woocommerce-product-attributes-item__label\" scope=\"row\">Size<\/th>\n\t\t\t<td class=\"woocommerce-product-attributes-item__value\"><p>25 mm<\/p>\n<\/td>\n\t\t<\/tr>\n\t\t\t<tr class=\"woocommerce-product-attributes-item woocommerce-product-attributes-item--attribute_pa_szinkod\">\n\t\t\t<th class=\"woocommerce-product-attributes-item__label\" scope=\"row\">Color code<\/th>\n\t\t\t<td class=\"woocommerce-product-attributes-item__value\"><p>BK<\/p>\n<\/td>\n\t\t<\/tr>\n\t\t\t<tr class=\"woocommerce-product-attributes-item woocommerce-product-attributes-item--attribute_mer%c3%bcl%c3%a9si-m%c3%a9lys%c3%a9g\">\n\t\t\t<th class=\"woocommerce-product-attributes-item__label\" scope=\"row\">Mer\u00fcl\u00e9si m\u00e9lys\u00e9g<\/th>\n\t\t\t<td class=\"woocommerce-product-attributes-item__value\"><p>0-0,1 m<\/p>\n<\/td>\n\t\t<\/tr>\n\t\t\t<tr class=\"woocommerce-product-attributes-item woocommerce-product-attributes-item--attribute_pa_horogmeret\">\n\t\t\t<th class=\"woocommerce-product-attributes-item__label\" scope=\"row\">Horogm\u00e9ret<\/th>\n\t\t\t<td class=\"woocommerce-product-attributes-item__value\"><p>#12<\/p>\n<\/td>\n\t\t<\/tr>\n\t\t\t<tr class=\"woocommerce-product-attributes-item woocommerce-product-attributes-item--attribute_pa_madein\">\n\t\t\t<th class=\"woocommerce-product-attributes-item__label\" scope=\"row\">Country of origin<\/th>\n\t\t\t<td class=\"woocommerce-product-attributes-item__value\"><p>Lengyelorsz\u00e1g<\/p>\n<\/td>\n\t\t<\/tr>\n\t\t\t<tr class=\"woocommerce-product-attributes-item woocommerce-product-attributes-item--attribute_pa_kiszereles\">\n\t\t\t<th class=\"woocommerce-product-attributes-item__label\" scope=\"row\">Packaging<\/th>\n\t\t\t<td class=\"woocommerce-product-attributes-item__value\"><p>1 piece<\/p>\n<\/td>\n\t\t<\/tr>\n\t<\/table>","protected":false},"excerpt":{"rendered":"<p>A m\u00e1jusi cserebog\u00e1r a felsz\u00ednen t\u00e1pl\u00e1lkoz\u00f3 halaink k\u00f6zkedvelt vad\u00e1sz-zs\u00e1km\u00e1nya. A Maybug minden verzi\u00f3ja felsz\u00edni wobbler, de a m\u0171csali a felsz\u00edn alatt is vezethet\u0151. A wobbler &#8222;Surface Exclusive&#8221; v\u00e1ltozata szilikon l\u00e1bakkal rendelkezik. B\u00e1r a term\u00e9szetes k\u00f6rnyezetben a m\u00e1jusi cserebog\u00e1r rajz\u00e1si ideje \u00e1prilis v\u00e9ge &#8211; j\u00falius v\u00e9ge k\u00f6z\u00f6tti id\u0151szakra esik, a csalit&hellip; <\/p>","protected":false},"featured_media":3920,"comment_status":"open","ping_status":"closed","template":"","meta":[],"product_cat":[1925,970,40,41],"product_tag":[197,815,978,239,971,824,240,822,241,373,112],"class_list":{"0":"post-3919","1":"product","2":"type-product","3":"status-publish","4":"has-post-thumbnail","6":"product_brand-imago-lures","7":"product_cat-maybug","8":"product_cat-imago-lures","9":"product_cat-mucsali","10":"product_cat-hard_baits","11":"product_tag-balin","12":"product_tag-bekes-halak","13":"product_tag-cserebogar","14":"product_tag-domolyko","15":"product_tag-imago-lures","16":"product_tag-jaszkeszeg","17":"product_tag-pisztrang","18":"product_tag-rovar","19":"product_tag-suger","20":"product_tag-ul","21":"product_tag-wobbler","23":"first","24":"instock","25":"shipping-taxable","26":"purchasable","27":"product-type-simple"},"supplier_id":null,"supplier_sku":"","barcode":null,"atum_controlled":true,"out_stock_date":null,"out_stock_threshold":null,"inheritable":false,"inbound_stock":0,"stock_on_hold":0,"sold_today":0,"sales_last_days":0,"reserved_stock":0,"customer_returns":0,"warehouse_damage":0,"lost_in_post":0,"other_logs":0,"out_stock_days":0,"lost_sales":0,"has_location":false,"update_date":"2026-04-15T00:32:55","atum_locations":[],"atum_stock_status":"instock","restock_status":false,"low_stock_amount":"","sales_update_date":"2026-04-15T00:32:55","calc_backorders":null,"yoast_head":"<!-- This site is optimized with the Yoast SEO plugin v27.4 - https:\/\/yoast.com\/product\/yoast-seo-wordpress\/ -->\n<title>Imago Lures cserebog\u00e1r 2,5F Surface Exclusive wobbler - Ebihal<\/title>\n<meta name=\"description\" content=\"A Maybug felsz\u00edni wobbler, de a felsz\u00edn alatt is vezethet\u0151. A &quot;Surface Exclusive&quot; v\u00e1ltozat szilikon l\u00e1bakkal rendelkezik. MBRLSE-25-BK\" \/>\n<meta name=\"robots\" content=\"index, follow, max-snippet:-1, max-image-preview:large, max-video-preview:-1\" \/>\n<link rel=\"canonical\" href=\"https:\/\/www.ebihal.hu\/en\/shop\/mucsali\/hard_baits\/imago-lures\/maybug\/imago-lures-cserebogar-25f-surface-exclusive-wobbler\/\" \/>\n<meta property=\"og:locale\" content=\"en_GB\" \/>\n<meta property=\"og:type\" content=\"article\" \/>\n<meta property=\"og:title\" content=\"Imago Lures cserebog\u00e1r 2,5F Surface Exclusive wobbler - Ebihal\" \/>\n<meta property=\"og:description\" content=\"A Maybug felsz\u00edni wobbler, de a felsz\u00edn alatt is vezethet\u0151. A &quot;Surface Exclusive&quot; v\u00e1ltozat szilikon l\u00e1bakkal rendelkezik. MBRLSE-25-BK\" \/>\n<meta property=\"og:url\" content=\"https:\/\/www.ebihal.hu\/en\/shop\/mucsali\/hard_baits\/imago-lures\/maybug\/imago-lures-cserebogar-25f-surface-exclusive-wobbler\/\" \/>\n<meta property=\"og:site_name\" content=\"Ebihal\" \/>\n<meta property=\"article:publisher\" content=\"https:\/\/www.facebook.com\/ebihal\" \/>\n<meta property=\"article:modified_time\" content=\"2026-03-19T06:06:47+00:00\" \/>\n<meta property=\"og:image\" content=\"https:\/\/www.ebihal.hu\/wp-content\/uploads\/2021\/05\/MBRLSE25BK.jpg\" \/>\n\t<meta property=\"og:image:width\" content=\"800\" \/>\n\t<meta property=\"og:image:height\" content=\"800\" \/>\n\t<meta property=\"og:image:type\" content=\"image\/jpeg\" \/>\n<meta name=\"twitter:card\" content=\"summary_large_image\" \/>\n<meta name=\"twitter:label1\" content=\"Estimated reading time\" \/>\n\t<meta name=\"twitter:data1\" content=\"1 minute\" \/>\n<script type=\"application\/ld+json\" class=\"yoast-schema-graph\">{\"@context\":\"https:\\\/\\\/schema.org\",\"@graph\":[{\"@type\":\"WebPage\",\"@id\":\"https:\\\/\\\/www.ebihal.hu\\\/shop\\\/mucsali\\\/hard_baits\\\/imago-lures\\\/maybug\\\/imago-lures-cserebogar-25f-surface-exclusive-wobbler\\\/\",\"url\":\"https:\\\/\\\/www.ebihal.hu\\\/shop\\\/mucsali\\\/hard_baits\\\/imago-lures\\\/maybug\\\/imago-lures-cserebogar-25f-surface-exclusive-wobbler\\\/\",\"name\":\"Imago Lures cserebog\u00e1r 2,5F Surface Exclusive wobbler - Ebihal\",\"isPartOf\":{\"@id\":\"https:\\\/\\\/www.ebihal.hu\\\/#website\"},\"primaryImageOfPage\":{\"@id\":\"https:\\\/\\\/www.ebihal.hu\\\/shop\\\/mucsali\\\/hard_baits\\\/imago-lures\\\/maybug\\\/imago-lures-cserebogar-25f-surface-exclusive-wobbler\\\/#primaryimage\"},\"image\":{\"@id\":\"https:\\\/\\\/www.ebihal.hu\\\/shop\\\/mucsali\\\/hard_baits\\\/imago-lures\\\/maybug\\\/imago-lures-cserebogar-25f-surface-exclusive-wobbler\\\/#primaryimage\"},\"thumbnailUrl\":\"https:\\\/\\\/www.ebihal.hu\\\/wp-content\\\/uploads\\\/2021\\\/05\\\/MBRLSE25BK.jpg\",\"datePublished\":\"2021-05-03T13:48:53+00:00\",\"dateModified\":\"2026-03-19T06:06:47+00:00\",\"description\":\"A Maybug felsz\u00edni wobbler, de a felsz\u00edn alatt is vezethet\u0151. A \\\"Surface Exclusive\\\" v\u00e1ltozat szilikon l\u00e1bakkal rendelkezik. MBRLSE-25-BK\",\"breadcrumb\":{\"@id\":\"https:\\\/\\\/www.ebihal.hu\\\/shop\\\/mucsali\\\/hard_baits\\\/imago-lures\\\/maybug\\\/imago-lures-cserebogar-25f-surface-exclusive-wobbler\\\/#breadcrumb\"},\"inLanguage\":\"en-GB\",\"potentialAction\":[{\"@type\":\"ReadAction\",\"target\":[\"https:\\\/\\\/www.ebihal.hu\\\/shop\\\/mucsali\\\/hard_baits\\\/imago-lures\\\/maybug\\\/imago-lures-cserebogar-25f-surface-exclusive-wobbler\\\/\"]}]},{\"@type\":\"ImageObject\",\"inLanguage\":\"en-GB\",\"@id\":\"https:\\\/\\\/www.ebihal.hu\\\/shop\\\/mucsali\\\/hard_baits\\\/imago-lures\\\/maybug\\\/imago-lures-cserebogar-25f-surface-exclusive-wobbler\\\/#primaryimage\",\"url\":\"https:\\\/\\\/www.ebihal.hu\\\/wp-content\\\/uploads\\\/2021\\\/05\\\/MBRLSE25BK.jpg\",\"contentUrl\":\"https:\\\/\\\/www.ebihal.hu\\\/wp-content\\\/uploads\\\/2021\\\/05\\\/MBRLSE25BK.jpg\",\"width\":800,\"height\":800,\"caption\":\"Imago Lures m\u00e1jusi cserebog\u00e1r\"},{\"@type\":\"BreadcrumbList\",\"@id\":\"https:\\\/\\\/www.ebihal.hu\\\/shop\\\/mucsali\\\/hard_baits\\\/imago-lures\\\/maybug\\\/imago-lures-cserebogar-25f-surface-exclusive-wobbler\\\/#breadcrumb\",\"itemListElement\":[{\"@type\":\"ListItem\",\"position\":1,\"name\":\"Kezd\u0151lap\",\"item\":\"https:\\\/\\\/www.ebihal.hu\\\/\"},{\"@type\":\"ListItem\",\"position\":2,\"name\":\"M\u0171csali \u00e1ruh\u00e1z\",\"item\":\"https:\\\/\\\/www.ebihal.hu\\\/\"},{\"@type\":\"ListItem\",\"position\":3,\"name\":\"Imago Lures cserebog\u00e1r 2,5F Surface Exclusive wobbler\"}]},{\"@type\":\"WebSite\",\"@id\":\"https:\\\/\\\/www.ebihal.hu\\\/#website\",\"url\":\"https:\\\/\\\/www.ebihal.hu\\\/\",\"name\":\"Ebihal\",\"description\":\"Fish &amp; Jigs\",\"publisher\":{\"@id\":\"https:\\\/\\\/www.ebihal.hu\\\/#organization\"},\"potentialAction\":[{\"@type\":\"SearchAction\",\"target\":{\"@type\":\"EntryPoint\",\"urlTemplate\":\"https:\\\/\\\/www.ebihal.hu\\\/?s={search_term_string}\"},\"query-input\":{\"@type\":\"PropertyValueSpecification\",\"valueRequired\":true,\"valueName\":\"search_term_string\"}}],\"inLanguage\":\"en-GB\"},{\"@type\":\"Organization\",\"@id\":\"https:\\\/\\\/www.ebihal.hu\\\/#organization\",\"name\":\"Bir\u00f3 Csaba egy\u00e9ni v\u00e1llalkoz\u00f3\",\"url\":\"https:\\\/\\\/www.ebihal.hu\\\/\",\"logo\":{\"@type\":\"ImageObject\",\"inLanguage\":\"en-GB\",\"@id\":\"https:\\\/\\\/www.ebihal.hu\\\/#\\\/schema\\\/logo\\\/image\\\/\",\"url\":\"https:\\\/\\\/www.ebihal.hu\\\/wp-content\\\/uploads\\\/2021\\\/02\\\/brand_logo_mini.png\",\"contentUrl\":\"https:\\\/\\\/www.ebihal.hu\\\/wp-content\\\/uploads\\\/2021\\\/02\\\/brand_logo_mini.png\",\"width\":300,\"height\":300,\"caption\":\"Bir\u00f3 Csaba egy\u00e9ni v\u00e1llalkoz\u00f3\"},\"image\":{\"@id\":\"https:\\\/\\\/www.ebihal.hu\\\/#\\\/schema\\\/logo\\\/image\\\/\"},\"sameAs\":[\"https:\\\/\\\/www.facebook.com\\\/ebihal\"]}]}<\/script>\n<!-- \/ Yoast SEO plugin. -->","yoast_head_json":{"title":"Imago Lures cserebog\u00e1r 2,5F Surface Exclusive wobbler - Ebihal","description":"A Maybug felsz\u00edni wobbler, de a felsz\u00edn alatt is vezethet\u0151. A \"Surface Exclusive\" v\u00e1ltozat szilikon l\u00e1bakkal rendelkezik. MBRLSE-25-BK","robots":{"index":"index","follow":"follow","max-snippet":"max-snippet:-1","max-image-preview":"max-image-preview:large","max-video-preview":"max-video-preview:-1"},"canonical":"https:\/\/www.ebihal.hu\/en\/shop\/mucsali\/hard_baits\/imago-lures\/maybug\/imago-lures-cserebogar-25f-surface-exclusive-wobbler\/","og_locale":"en_GB","og_type":"article","og_title":"Imago Lures cserebog\u00e1r 2,5F Surface Exclusive wobbler - Ebihal","og_description":"A Maybug felsz\u00edni wobbler, de a felsz\u00edn alatt is vezethet\u0151. A \"Surface Exclusive\" v\u00e1ltozat szilikon l\u00e1bakkal rendelkezik. MBRLSE-25-BK","og_url":"https:\/\/www.ebihal.hu\/en\/shop\/mucsali\/hard_baits\/imago-lures\/maybug\/imago-lures-cserebogar-25f-surface-exclusive-wobbler\/","og_site_name":"Ebihal","article_publisher":"https:\/\/www.facebook.com\/ebihal","article_modified_time":"2026-03-19T06:06:47+00:00","og_image":[{"width":800,"height":800,"url":"https:\/\/www.ebihal.hu\/wp-content\/uploads\/2021\/05\/MBRLSE25BK.jpg","type":"image\/jpeg"}],"twitter_card":"summary_large_image","twitter_misc":{"Estimated reading time":"1 minute"},"schema":{"@context":"https:\/\/schema.org","@graph":[{"@type":"WebPage","@id":"https:\/\/www.ebihal.hu\/shop\/mucsali\/hard_baits\/imago-lures\/maybug\/imago-lures-cserebogar-25f-surface-exclusive-wobbler\/","url":"https:\/\/www.ebihal.hu\/shop\/mucsali\/hard_baits\/imago-lures\/maybug\/imago-lures-cserebogar-25f-surface-exclusive-wobbler\/","name":"Imago Lures cserebog\u00e1r 2,5F Surface Exclusive wobbler - Ebihal","isPartOf":{"@id":"https:\/\/www.ebihal.hu\/#website"},"primaryImageOfPage":{"@id":"https:\/\/www.ebihal.hu\/shop\/mucsali\/hard_baits\/imago-lures\/maybug\/imago-lures-cserebogar-25f-surface-exclusive-wobbler\/#primaryimage"},"image":{"@id":"https:\/\/www.ebihal.hu\/shop\/mucsali\/hard_baits\/imago-lures\/maybug\/imago-lures-cserebogar-25f-surface-exclusive-wobbler\/#primaryimage"},"thumbnailUrl":"https:\/\/www.ebihal.hu\/wp-content\/uploads\/2021\/05\/MBRLSE25BK.jpg","datePublished":"2021-05-03T13:48:53+00:00","dateModified":"2026-03-19T06:06:47+00:00","description":"A Maybug felsz\u00edni wobbler, de a felsz\u00edn alatt is vezethet\u0151. A \"Surface Exclusive\" v\u00e1ltozat szilikon l\u00e1bakkal rendelkezik. MBRLSE-25-BK","breadcrumb":{"@id":"https:\/\/www.ebihal.hu\/shop\/mucsali\/hard_baits\/imago-lures\/maybug\/imago-lures-cserebogar-25f-surface-exclusive-wobbler\/#breadcrumb"},"inLanguage":"en-GB","potentialAction":[{"@type":"ReadAction","target":["https:\/\/www.ebihal.hu\/shop\/mucsali\/hard_baits\/imago-lures\/maybug\/imago-lures-cserebogar-25f-surface-exclusive-wobbler\/"]}]},{"@type":"ImageObject","inLanguage":"en-GB","@id":"https:\/\/www.ebihal.hu\/shop\/mucsali\/hard_baits\/imago-lures\/maybug\/imago-lures-cserebogar-25f-surface-exclusive-wobbler\/#primaryimage","url":"https:\/\/www.ebihal.hu\/wp-content\/uploads\/2021\/05\/MBRLSE25BK.jpg","contentUrl":"https:\/\/www.ebihal.hu\/wp-content\/uploads\/2021\/05\/MBRLSE25BK.jpg","width":800,"height":800,"caption":"Imago Lures m\u00e1jusi cserebog\u00e1r"},{"@type":"BreadcrumbList","@id":"https:\/\/www.ebihal.hu\/shop\/mucsali\/hard_baits\/imago-lures\/maybug\/imago-lures-cserebogar-25f-surface-exclusive-wobbler\/#breadcrumb","itemListElement":[{"@type":"ListItem","position":1,"name":"Kezd\u0151lap","item":"https:\/\/www.ebihal.hu\/"},{"@type":"ListItem","position":2,"name":"M\u0171csali \u00e1ruh\u00e1z","item":"https:\/\/www.ebihal.hu\/"},{"@type":"ListItem","position":3,"name":"Imago Lures cserebog\u00e1r 2,5F Surface Exclusive wobbler"}]},{"@type":"WebSite","@id":"https:\/\/www.ebihal.hu\/#website","url":"https:\/\/www.ebihal.hu\/","name":"Ebihal","description":"Fish &amp; Jigs","publisher":{"@id":"https:\/\/www.ebihal.hu\/#organization"},"potentialAction":[{"@type":"SearchAction","target":{"@type":"EntryPoint","urlTemplate":"https:\/\/www.ebihal.hu\/?s={search_term_string}"},"query-input":{"@type":"PropertyValueSpecification","valueRequired":true,"valueName":"search_term_string"}}],"inLanguage":"en-GB"},{"@type":"Organization","@id":"https:\/\/www.ebihal.hu\/#organization","name":"Bir\u00f3 Csaba egy\u00e9ni v\u00e1llalkoz\u00f3","url":"https:\/\/www.ebihal.hu\/","logo":{"@type":"ImageObject","inLanguage":"en-GB","@id":"https:\/\/www.ebihal.hu\/#\/schema\/logo\/image\/","url":"https:\/\/www.ebihal.hu\/wp-content\/uploads\/2021\/02\/brand_logo_mini.png","contentUrl":"https:\/\/www.ebihal.hu\/wp-content\/uploads\/2021\/02\/brand_logo_mini.png","width":300,"height":300,"caption":"Bir\u00f3 Csaba egy\u00e9ni v\u00e1llalkoz\u00f3"},"image":{"@id":"https:\/\/www.ebihal.hu\/#\/schema\/logo\/image\/"},"sameAs":["https:\/\/www.facebook.com\/ebihal"]}]}},"_links":{"self":[{"href":"https:\/\/www.ebihal.hu\/en\/wp-json\/wp\/v2\/product\/3919","targetHints":{"allow":["GET"]}}],"collection":[{"href":"https:\/\/www.ebihal.hu\/en\/wp-json\/wp\/v2\/product"}],"about":[{"href":"https:\/\/www.ebihal.hu\/en\/wp-json\/wp\/v2\/types\/product"}],"replies":[{"embeddable":true,"href":"https:\/\/www.ebihal.hu\/en\/wp-json\/wp\/v2\/comments?post=3919"}],"wp:featuredmedia":[{"embeddable":true,"href":"https:\/\/www.ebihal.hu\/en\/wp-json\/wp\/v2\/media\/3920"}],"wp:attachment":[{"href":"https:\/\/www.ebihal.hu\/en\/wp-json\/wp\/v2\/media?parent=3919"}],"wp:term":[{"taxonomy":"product_cat","embeddable":true,"href":"https:\/\/www.ebihal.hu\/en\/wp-json\/wp\/v2\/product_cat?post=3919"},{"taxonomy":"product_tag","embeddable":true,"href":"https:\/\/www.ebihal.hu\/en\/wp-json\/wp\/v2\/product_tag?post=3919"}],"curies":[{"name":"wp","href":"https:\/\/api.w.org\/{rel}","templated":true}]}}