{"id":3417,"date":"2021-03-30T12:32:59","date_gmt":"2021-03-30T11:32:59","guid":{"rendered":"https:\/\/www.ebihal.hu\/?post_type=product&#038;p=3417"},"modified":"2026-03-09T03:20:14","modified_gmt":"2026-03-09T02:20:14","slug":"prime-mushy-larva-35mm-natural-olive","status":"publish","type":"product","link":"https:\/\/www.ebihal.hu\/en\/shop\/mucsali\/gumicsali\/prime\/prime-mushy-larva\/prime-mushy-larva-35mm-natural-olive\/","title":{"rendered":"PRIME Mushy larva 35mm Natural Olive FLOATING"},"content":{"rendered":"<p>A kolozsv\u00e1ri Lucian Cicos versenyhorg\u00e1sz Mushy Larva csalija rendk\u00edv\u00fcli l\u00e1gys\u00e1g\u00e1val, citrusos, sajtos, halas \u00edzes\u00edt\u00e9s\u00e9vel minden UL horg\u00e1sz sz\u00edv\u00e9be be fogja lopni mag\u00e1t. A szitak\u00f6t\u0151 l\u00e1rva imit\u00e1ci\u00f3k k\u00f6z\u00fcl a l\u00e1gys\u00e1g\u00e1b\u00f3l ad\u00f3d\u00f3 realisztikus, \u00edzenk\u00e9nti mozg\u00e1s\u00e1val t\u0171nik ki. 2 \u00e9ves fejleszt\u0151munka eredm\u00e9nyek\u00e9nt sz\u00fcletett meg a modell.<br \/>\nK\u00e9sz\u00edt\u0151je, s\u00fcg\u00e9r, domolyk\u00f3, pisztr\u00e1ng, b\u00e9k\u00e9s halak horg\u00e1szat\u00e1hoz aj\u00e1nlja.<\/p>\n<p>3,5 cm hossz\u00fa, 1 g s\u00faly\u00fa, 8 db \/ csomag, floating, Natural Olive.<\/p>\n<h4>Additional information<\/h4>\n<table class=\"woocommerce-product-attributes shop_attributes\" aria-label=\"Product Details\" data-no-translation-aria-label=\"\">\n\t\t\t<tr class=\"woocommerce-product-attributes-item woocommerce-product-attributes-item--weight\">\n\t\t\t<th class=\"woocommerce-product-attributes-item__label\" scope=\"row\" data-no-translation=\"\" data-trp-gettext=\"\">Weight<\/th>\n\t\t\t<td class=\"woocommerce-product-attributes-item__value\">0.02 kg<\/td>\n\t\t<\/tr>\n\t\t\t<tr class=\"woocommerce-product-attributes-item woocommerce-product-attributes-item--attribute_pa_brand\">\n\t\t\t<th class=\"woocommerce-product-attributes-item__label\" scope=\"row\">Brand<\/th>\n\t\t\t<td class=\"woocommerce-product-attributes-item__value\"><p>PRIME<\/p>\n<\/td>\n\t\t<\/tr>\n\t\t\t<tr class=\"woocommerce-product-attributes-item woocommerce-product-attributes-item--attribute_pa_color\">\n\t\t\t<th class=\"woocommerce-product-attributes-item__label\" scope=\"row\">Color<\/th>\n\t\t\t<td class=\"woocommerce-product-attributes-item__value\"><p>Natural Olive<\/p>\n<\/td>\n\t\t<\/tr>\n\t\t\t<tr class=\"woocommerce-product-attributes-item woocommerce-product-attributes-item--attribute_pa_meret\">\n\t\t\t<th class=\"woocommerce-product-attributes-item__label\" scope=\"row\">Size<\/th>\n\t\t\t<td class=\"woocommerce-product-attributes-item__value\"><p>35 mm<\/p>\n<\/td>\n\t\t<\/tr>\n\t\t\t<tr class=\"woocommerce-product-attributes-item woocommerce-product-attributes-item--attribute_pa_madein\">\n\t\t\t<th class=\"woocommerce-product-attributes-item__label\" scope=\"row\">Country of origin<\/th>\n\t\t\t<td class=\"woocommerce-product-attributes-item__value\"><p>Rom\u00e1nia<\/p>\n<\/td>\n\t\t<\/tr>\n\t\t\t<tr class=\"woocommerce-product-attributes-item woocommerce-product-attributes-item--attribute_pa_kiszereles\">\n\t\t\t<th class=\"woocommerce-product-attributes-item__label\" scope=\"row\">Packaging<\/th>\n\t\t\t<td class=\"woocommerce-product-attributes-item__value\"><p>1 plastic bag<\/p>\n<\/td>\n\t\t<\/tr>\n\t<\/table>","protected":false},"excerpt":{"rendered":"<p>8 db\/csomag<\/p>","protected":false},"featured_media":12577,"comment_status":"open","ping_status":"closed","template":"","meta":[],"product_cat":[898,832],"product_tag":[815,239,1082,816,899,895,240,283,241,373],"class_list":{"0":"post-3417","1":"product","2":"type-product","3":"status-publish","4":"has-post-thumbnail","6":"product_brand-prime","7":"product_cat-prime-mushy-larva","8":"product_cat-prime","9":"product_tag-bekes-halak","10":"product_tag-domolyko","11":"product_tag-floating","12":"product_tag-larva","13":"product_tag-mushy-larva","14":"product_tag-natural-olive","15":"product_tag-pisztrang","16":"product_tag-prime","17":"product_tag-suger","18":"product_tag-ul","20":"first","21":"outofstock","22":"shipping-taxable","23":"purchasable","24":"product-type-simple"},"supplier_id":1901,"supplier_sku":"","barcode":null,"atum_controlled":true,"out_stock_date":"2026-03-09 03:20:15","out_stock_threshold":null,"inheritable":false,"inbound_stock":0,"stock_on_hold":0,"sold_today":0,"sales_last_days":0,"reserved_stock":0,"customer_returns":0,"warehouse_damage":0,"lost_in_post":0,"other_logs":0,"out_stock_days":36,"lost_sales":19182,"has_location":false,"update_date":"2026-04-15T00:31:50","atum_locations":[],"atum_stock_status":"outofstock","restock_status":false,"low_stock_amount":"","sales_update_date":"2026-04-15T00:31:50","calc_backorders":null,"yoast_head":"<!-- This site is optimized with the Yoast SEO plugin v27.4 - https:\/\/yoast.com\/product\/yoast-seo-wordpress\/ -->\n<title>PRIME Mushy larva 35mm Natural Olive FLOATING - Ebihal<\/title>\n<meta name=\"description\" content=\"A Prime Mushy larva UL csalija l\u00e1gys\u00e1g\u00e1val, \u00edzes\u00edt\u00e9s\u00e9vel minden domolyk\u00f3-, s\u00fcg\u00e9r-, pisztr\u00e1nghorg\u00e1sz sz\u00edv\u00e9be belopja mag\u00e1t. Natural Olive.\" \/>\n<meta name=\"robots\" content=\"index, follow, max-snippet:-1, max-image-preview:large, max-video-preview:-1\" \/>\n<link rel=\"canonical\" href=\"https:\/\/www.ebihal.hu\/en\/shop\/mucsali\/gumicsali\/prime\/prime-mushy-larva\/prime-mushy-larva-35mm-natural-olive\/\" \/>\n<meta property=\"og:locale\" content=\"en_GB\" \/>\n<meta property=\"og:type\" content=\"article\" \/>\n<meta property=\"og:title\" content=\"PRIME Mushy larva 35mm Natural Olive FLOATING - Ebihal\" \/>\n<meta property=\"og:description\" content=\"A Prime Mushy larva UL csalija l\u00e1gys\u00e1g\u00e1val, \u00edzes\u00edt\u00e9s\u00e9vel minden domolyk\u00f3-, s\u00fcg\u00e9r-, pisztr\u00e1nghorg\u00e1sz sz\u00edv\u00e9be belopja mag\u00e1t. Natural Olive.\" \/>\n<meta property=\"og:url\" content=\"https:\/\/www.ebihal.hu\/en\/shop\/mucsali\/gumicsali\/prime\/prime-mushy-larva\/prime-mushy-larva-35mm-natural-olive\/\" \/>\n<meta property=\"og:site_name\" content=\"Ebihal\" \/>\n<meta property=\"article:publisher\" content=\"https:\/\/www.facebook.com\/ebihal\" \/>\n<meta property=\"article:modified_time\" content=\"2026-03-09T02:20:14+00:00\" \/>\n<meta property=\"og:image\" content=\"https:\/\/www.ebihal.hu\/wp-content\/uploads\/2021\/03\/olive.png\" \/>\n\t<meta property=\"og:image:width\" content=\"551\" \/>\n\t<meta property=\"og:image:height\" content=\"551\" \/>\n\t<meta property=\"og:image:type\" content=\"image\/png\" \/>\n<meta name=\"twitter:card\" content=\"summary_large_image\" \/>\n<meta name=\"twitter:label1\" content=\"Estimated reading time\" \/>\n\t<meta name=\"twitter:data1\" content=\"1 minute\" \/>\n<script type=\"application\/ld+json\" class=\"yoast-schema-graph\">{\"@context\":\"https:\\\/\\\/schema.org\",\"@graph\":[{\"@type\":\"WebPage\",\"@id\":\"https:\\\/\\\/www.ebihal.hu\\\/shop\\\/mucsali\\\/gumicsali\\\/prime\\\/prime-mushy-larva\\\/prime-mushy-larva-35mm-natural-olive\\\/\",\"url\":\"https:\\\/\\\/www.ebihal.hu\\\/shop\\\/mucsali\\\/gumicsali\\\/prime\\\/prime-mushy-larva\\\/prime-mushy-larva-35mm-natural-olive\\\/\",\"name\":\"PRIME Mushy larva 35mm Natural Olive FLOATING - Ebihal\",\"isPartOf\":{\"@id\":\"https:\\\/\\\/www.ebihal.hu\\\/#website\"},\"primaryImageOfPage\":{\"@id\":\"https:\\\/\\\/www.ebihal.hu\\\/shop\\\/mucsali\\\/gumicsali\\\/prime\\\/prime-mushy-larva\\\/prime-mushy-larva-35mm-natural-olive\\\/#primaryimage\"},\"image\":{\"@id\":\"https:\\\/\\\/www.ebihal.hu\\\/shop\\\/mucsali\\\/gumicsali\\\/prime\\\/prime-mushy-larva\\\/prime-mushy-larva-35mm-natural-olive\\\/#primaryimage\"},\"thumbnailUrl\":\"https:\\\/\\\/www.ebihal.hu\\\/wp-content\\\/uploads\\\/2021\\\/03\\\/olive.png\",\"datePublished\":\"2021-03-30T11:32:59+00:00\",\"dateModified\":\"2026-03-09T02:20:14+00:00\",\"description\":\"A Prime Mushy larva UL csalija l\u00e1gys\u00e1g\u00e1val, \u00edzes\u00edt\u00e9s\u00e9vel minden domolyk\u00f3-, s\u00fcg\u00e9r-, pisztr\u00e1nghorg\u00e1sz sz\u00edv\u00e9be belopja mag\u00e1t. Natural Olive.\",\"breadcrumb\":{\"@id\":\"https:\\\/\\\/www.ebihal.hu\\\/shop\\\/mucsali\\\/gumicsali\\\/prime\\\/prime-mushy-larva\\\/prime-mushy-larva-35mm-natural-olive\\\/#breadcrumb\"},\"inLanguage\":\"en-GB\",\"potentialAction\":[{\"@type\":\"ReadAction\",\"target\":[\"https:\\\/\\\/www.ebihal.hu\\\/shop\\\/mucsali\\\/gumicsali\\\/prime\\\/prime-mushy-larva\\\/prime-mushy-larva-35mm-natural-olive\\\/\"]}]},{\"@type\":\"ImageObject\",\"inLanguage\":\"en-GB\",\"@id\":\"https:\\\/\\\/www.ebihal.hu\\\/shop\\\/mucsali\\\/gumicsali\\\/prime\\\/prime-mushy-larva\\\/prime-mushy-larva-35mm-natural-olive\\\/#primaryimage\",\"url\":\"https:\\\/\\\/www.ebihal.hu\\\/wp-content\\\/uploads\\\/2021\\\/03\\\/olive.png\",\"contentUrl\":\"https:\\\/\\\/www.ebihal.hu\\\/wp-content\\\/uploads\\\/2021\\\/03\\\/olive.png\",\"width\":551,\"height\":551,\"caption\":\"PRIME Mushy larva natural olive\"},{\"@type\":\"BreadcrumbList\",\"@id\":\"https:\\\/\\\/www.ebihal.hu\\\/shop\\\/mucsali\\\/gumicsali\\\/prime\\\/prime-mushy-larva\\\/prime-mushy-larva-35mm-natural-olive\\\/#breadcrumb\",\"itemListElement\":[{\"@type\":\"ListItem\",\"position\":1,\"name\":\"Kezd\u0151lap\",\"item\":\"https:\\\/\\\/www.ebihal.hu\\\/\"},{\"@type\":\"ListItem\",\"position\":2,\"name\":\"M\u0171csali \u00e1ruh\u00e1z\",\"item\":\"https:\\\/\\\/www.ebihal.hu\\\/\"},{\"@type\":\"ListItem\",\"position\":3,\"name\":\"PRIME Mushy larva 35mm Natural Olive FLOATING\"}]},{\"@type\":\"WebSite\",\"@id\":\"https:\\\/\\\/www.ebihal.hu\\\/#website\",\"url\":\"https:\\\/\\\/www.ebihal.hu\\\/\",\"name\":\"Ebihal\",\"description\":\"Fish &amp; Jigs\",\"publisher\":{\"@id\":\"https:\\\/\\\/www.ebihal.hu\\\/#organization\"},\"potentialAction\":[{\"@type\":\"SearchAction\",\"target\":{\"@type\":\"EntryPoint\",\"urlTemplate\":\"https:\\\/\\\/www.ebihal.hu\\\/?s={search_term_string}\"},\"query-input\":{\"@type\":\"PropertyValueSpecification\",\"valueRequired\":true,\"valueName\":\"search_term_string\"}}],\"inLanguage\":\"en-GB\"},{\"@type\":\"Organization\",\"@id\":\"https:\\\/\\\/www.ebihal.hu\\\/#organization\",\"name\":\"Bir\u00f3 Csaba egy\u00e9ni v\u00e1llalkoz\u00f3\",\"url\":\"https:\\\/\\\/www.ebihal.hu\\\/\",\"logo\":{\"@type\":\"ImageObject\",\"inLanguage\":\"en-GB\",\"@id\":\"https:\\\/\\\/www.ebihal.hu\\\/#\\\/schema\\\/logo\\\/image\\\/\",\"url\":\"https:\\\/\\\/www.ebihal.hu\\\/wp-content\\\/uploads\\\/2021\\\/02\\\/brand_logo_mini.png\",\"contentUrl\":\"https:\\\/\\\/www.ebihal.hu\\\/wp-content\\\/uploads\\\/2021\\\/02\\\/brand_logo_mini.png\",\"width\":300,\"height\":300,\"caption\":\"Bir\u00f3 Csaba egy\u00e9ni v\u00e1llalkoz\u00f3\"},\"image\":{\"@id\":\"https:\\\/\\\/www.ebihal.hu\\\/#\\\/schema\\\/logo\\\/image\\\/\"},\"sameAs\":[\"https:\\\/\\\/www.facebook.com\\\/ebihal\"]}]}<\/script>\n<!-- \/ Yoast SEO plugin. -->","yoast_head_json":{"title":"PRIME Mushy larva 35mm Natural Olive FLOATING - Ebihal","description":"A Prime Mushy larva UL csalija l\u00e1gys\u00e1g\u00e1val, \u00edzes\u00edt\u00e9s\u00e9vel minden domolyk\u00f3-, s\u00fcg\u00e9r-, pisztr\u00e1nghorg\u00e1sz sz\u00edv\u00e9be belopja mag\u00e1t. Natural Olive.","robots":{"index":"index","follow":"follow","max-snippet":"max-snippet:-1","max-image-preview":"max-image-preview:large","max-video-preview":"max-video-preview:-1"},"canonical":"https:\/\/www.ebihal.hu\/en\/shop\/mucsali\/gumicsali\/prime\/prime-mushy-larva\/prime-mushy-larva-35mm-natural-olive\/","og_locale":"en_GB","og_type":"article","og_title":"PRIME Mushy larva 35mm Natural Olive FLOATING - Ebihal","og_description":"A Prime Mushy larva UL csalija l\u00e1gys\u00e1g\u00e1val, \u00edzes\u00edt\u00e9s\u00e9vel minden domolyk\u00f3-, s\u00fcg\u00e9r-, pisztr\u00e1nghorg\u00e1sz sz\u00edv\u00e9be belopja mag\u00e1t. Natural Olive.","og_url":"https:\/\/www.ebihal.hu\/en\/shop\/mucsali\/gumicsali\/prime\/prime-mushy-larva\/prime-mushy-larva-35mm-natural-olive\/","og_site_name":"Ebihal","article_publisher":"https:\/\/www.facebook.com\/ebihal","article_modified_time":"2026-03-09T02:20:14+00:00","og_image":[{"width":551,"height":551,"url":"https:\/\/www.ebihal.hu\/wp-content\/uploads\/2021\/03\/olive.png","type":"image\/png"}],"twitter_card":"summary_large_image","twitter_misc":{"Estimated reading time":"1 minute"},"schema":{"@context":"https:\/\/schema.org","@graph":[{"@type":"WebPage","@id":"https:\/\/www.ebihal.hu\/shop\/mucsali\/gumicsali\/prime\/prime-mushy-larva\/prime-mushy-larva-35mm-natural-olive\/","url":"https:\/\/www.ebihal.hu\/shop\/mucsali\/gumicsali\/prime\/prime-mushy-larva\/prime-mushy-larva-35mm-natural-olive\/","name":"PRIME Mushy larva 35mm Natural Olive FLOATING - Ebihal","isPartOf":{"@id":"https:\/\/www.ebihal.hu\/#website"},"primaryImageOfPage":{"@id":"https:\/\/www.ebihal.hu\/shop\/mucsali\/gumicsali\/prime\/prime-mushy-larva\/prime-mushy-larva-35mm-natural-olive\/#primaryimage"},"image":{"@id":"https:\/\/www.ebihal.hu\/shop\/mucsali\/gumicsali\/prime\/prime-mushy-larva\/prime-mushy-larva-35mm-natural-olive\/#primaryimage"},"thumbnailUrl":"https:\/\/www.ebihal.hu\/wp-content\/uploads\/2021\/03\/olive.png","datePublished":"2021-03-30T11:32:59+00:00","dateModified":"2026-03-09T02:20:14+00:00","description":"A Prime Mushy larva UL csalija l\u00e1gys\u00e1g\u00e1val, \u00edzes\u00edt\u00e9s\u00e9vel minden domolyk\u00f3-, s\u00fcg\u00e9r-, pisztr\u00e1nghorg\u00e1sz sz\u00edv\u00e9be belopja mag\u00e1t. Natural Olive.","breadcrumb":{"@id":"https:\/\/www.ebihal.hu\/shop\/mucsali\/gumicsali\/prime\/prime-mushy-larva\/prime-mushy-larva-35mm-natural-olive\/#breadcrumb"},"inLanguage":"en-GB","potentialAction":[{"@type":"ReadAction","target":["https:\/\/www.ebihal.hu\/shop\/mucsali\/gumicsali\/prime\/prime-mushy-larva\/prime-mushy-larva-35mm-natural-olive\/"]}]},{"@type":"ImageObject","inLanguage":"en-GB","@id":"https:\/\/www.ebihal.hu\/shop\/mucsali\/gumicsali\/prime\/prime-mushy-larva\/prime-mushy-larva-35mm-natural-olive\/#primaryimage","url":"https:\/\/www.ebihal.hu\/wp-content\/uploads\/2021\/03\/olive.png","contentUrl":"https:\/\/www.ebihal.hu\/wp-content\/uploads\/2021\/03\/olive.png","width":551,"height":551,"caption":"PRIME Mushy larva natural olive"},{"@type":"BreadcrumbList","@id":"https:\/\/www.ebihal.hu\/shop\/mucsali\/gumicsali\/prime\/prime-mushy-larva\/prime-mushy-larva-35mm-natural-olive\/#breadcrumb","itemListElement":[{"@type":"ListItem","position":1,"name":"Kezd\u0151lap","item":"https:\/\/www.ebihal.hu\/"},{"@type":"ListItem","position":2,"name":"M\u0171csali \u00e1ruh\u00e1z","item":"https:\/\/www.ebihal.hu\/"},{"@type":"ListItem","position":3,"name":"PRIME Mushy larva 35mm Natural Olive FLOATING"}]},{"@type":"WebSite","@id":"https:\/\/www.ebihal.hu\/#website","url":"https:\/\/www.ebihal.hu\/","name":"Ebihal","description":"Fish &amp; Jigs","publisher":{"@id":"https:\/\/www.ebihal.hu\/#organization"},"potentialAction":[{"@type":"SearchAction","target":{"@type":"EntryPoint","urlTemplate":"https:\/\/www.ebihal.hu\/?s={search_term_string}"},"query-input":{"@type":"PropertyValueSpecification","valueRequired":true,"valueName":"search_term_string"}}],"inLanguage":"en-GB"},{"@type":"Organization","@id":"https:\/\/www.ebihal.hu\/#organization","name":"Bir\u00f3 Csaba egy\u00e9ni v\u00e1llalkoz\u00f3","url":"https:\/\/www.ebihal.hu\/","logo":{"@type":"ImageObject","inLanguage":"en-GB","@id":"https:\/\/www.ebihal.hu\/#\/schema\/logo\/image\/","url":"https:\/\/www.ebihal.hu\/wp-content\/uploads\/2021\/02\/brand_logo_mini.png","contentUrl":"https:\/\/www.ebihal.hu\/wp-content\/uploads\/2021\/02\/brand_logo_mini.png","width":300,"height":300,"caption":"Bir\u00f3 Csaba egy\u00e9ni v\u00e1llalkoz\u00f3"},"image":{"@id":"https:\/\/www.ebihal.hu\/#\/schema\/logo\/image\/"},"sameAs":["https:\/\/www.facebook.com\/ebihal"]}]}},"_links":{"self":[{"href":"https:\/\/www.ebihal.hu\/en\/wp-json\/wp\/v2\/product\/3417","targetHints":{"allow":["GET"]}}],"collection":[{"href":"https:\/\/www.ebihal.hu\/en\/wp-json\/wp\/v2\/product"}],"about":[{"href":"https:\/\/www.ebihal.hu\/en\/wp-json\/wp\/v2\/types\/product"}],"replies":[{"embeddable":true,"href":"https:\/\/www.ebihal.hu\/en\/wp-json\/wp\/v2\/comments?post=3417"}],"wp:featuredmedia":[{"embeddable":true,"href":"https:\/\/www.ebihal.hu\/en\/wp-json\/wp\/v2\/media\/12577"}],"wp:attachment":[{"href":"https:\/\/www.ebihal.hu\/en\/wp-json\/wp\/v2\/media?parent=3417"}],"wp:term":[{"taxonomy":"product_cat","embeddable":true,"href":"https:\/\/www.ebihal.hu\/en\/wp-json\/wp\/v2\/product_cat?post=3417"},{"taxonomy":"product_tag","embeddable":true,"href":"https:\/\/www.ebihal.hu\/en\/wp-json\/wp\/v2\/product_tag?post=3417"}],"curies":[{"name":"wp","href":"https:\/\/api.w.org\/{rel}","templated":true}]}}