{"id":3210,"date":"2021-03-21T20:49:40","date_gmt":"2021-03-21T19:49:40","guid":{"rendered":"https:\/\/www.ebihal.hu\/?post_type=product&#038;p=3210"},"modified":"2026-04-06T20:11:49","modified_gmt":"2026-04-06T19:11:49","slug":"prime-linked-worms-25mm-green-mo","status":"publish","type":"product","link":"https:\/\/www.ebihal.hu\/en\/shop\/mucsali\/gumicsali\/prime\/prime-linked-worms\/prime-linked-worms-25mm-green-mo\/","title":{"rendered":"PRIME Linked worms 25mm Green MO"},"content":{"rendered":"<p>A kolozsv\u00e1ri Lucian Cicos versenyhorg\u00e1sz UL csalija rendk\u00edv\u00fcli l\u00e1gys\u00e1g\u00e1val, \u00edzes\u00edt\u00e9s\u00e9vel minden domolyk\u00f3-, s\u00fcg\u00e9r-, pisztr\u00e1nghorg\u00e1sz sz\u00edv\u00e9be be fogja lopni mag\u00e1t. B\u00e9k\u00e9s halakra is eredm\u00e9nyesen alkalmazhat\u00f3.<br \/>\nA k\u00e9sz\u00edt\u0151je s\u00fcg\u00e9r, domolyk\u00f3, pisztr\u00e1ng, ponty, keszegf\u00e9l\u00e9k horg\u00e1szat\u00e1hoz aj\u00e1nlja.<\/p>\n<p>2,5 cm hossz\u00fa, n\u00e9gyes\u00e9vel \u00f6ntve, 1,5 g\/link s\u00faly\u00fa, <strong>32 db\/csomag<\/strong>, floating, Green MO.<\/p>\n<p><iframe loading=\"lazy\" title=\"YouTube video player\" src=\"https:\/\/www.youtube.com\/embed\/kyoXc6AP2O4\" width=\"560\" height=\"315\" frameborder=\"0\" allowfullscreen=\"allowfullscreen\"><\/iframe><\/p>\n<h4>Additional information<\/h4>\n<p><code><table class=\"woocommerce-product-attributes shop_attributes\" aria-label=\"Product Details\" data-no-translation-aria-label=\"\">\n\t\t\t<tr class=\"woocommerce-product-attributes-item woocommerce-product-attributes-item--attribute_pa_brand\">\n\t\t\t<th class=\"woocommerce-product-attributes-item__label\" scope=\"row\">Brand<\/th>\n\t\t\t<td class=\"woocommerce-product-attributes-item__value\"><p>PRIME<\/p>\n<\/td>\n\t\t<\/tr>\n\t\t\t<tr class=\"woocommerce-product-attributes-item woocommerce-product-attributes-item--attribute_pa_color\">\n\t\t\t<th class=\"woocommerce-product-attributes-item__label\" scope=\"row\">Color<\/th>\n\t\t\t<td class=\"woocommerce-product-attributes-item__value\"><p>Green MO<\/p>\n<\/td>\n\t\t<\/tr>\n\t\t\t<tr class=\"woocommerce-product-attributes-item woocommerce-product-attributes-item--attribute_pa_meret\">\n\t\t\t<th class=\"woocommerce-product-attributes-item__label\" scope=\"row\">Size<\/th>\n\t\t\t<td class=\"woocommerce-product-attributes-item__value\"><p>25 mm<\/p>\n<\/td>\n\t\t<\/tr>\n\t\t\t<tr class=\"woocommerce-product-attributes-item woocommerce-product-attributes-item--attribute_pa_madein\">\n\t\t\t<th class=\"woocommerce-product-attributes-item__label\" scope=\"row\">Country of origin<\/th>\n\t\t\t<td class=\"woocommerce-product-attributes-item__value\"><p>Rom\u00e1nia<\/p>\n<\/td>\n\t\t<\/tr>\n\t\t\t<tr class=\"woocommerce-product-attributes-item woocommerce-product-attributes-item--attribute_pa_kiszereles\">\n\t\t\t<th class=\"woocommerce-product-attributes-item__label\" scope=\"row\">Packaging<\/th>\n\t\t\t<td class=\"woocommerce-product-attributes-item__value\"><p>1 plastic bag<\/p>\n<\/td>\n\t\t<\/tr>\n\t<\/table>\n<\/code><\/p>","protected":false},"excerpt":{"rendered":"<p>32 db\/csomag<\/p>","protected":false},"featured_media":3211,"comment_status":"open","ping_status":"closed","template":"","meta":[],"product_cat":[837,832],"product_tag":[815,239,857,816,848,240,283,241,373],"class_list":{"0":"post-3210","1":"product","2":"type-product","3":"status-publish","4":"has-post-thumbnail","6":"product_brand-prime","7":"product_cat-prime-linked-worms","8":"product_cat-prime","9":"product_tag-bekes-halak","10":"product_tag-domolyko","11":"product_tag-green-mo","12":"product_tag-larva","13":"product_tag-linked-worms","14":"product_tag-pisztrang","15":"product_tag-prime","16":"product_tag-suger","17":"product_tag-ul","19":"first","20":"instock","21":"shipping-taxable","22":"purchasable","23":"product-type-simple"},"supplier_id":1901,"supplier_sku":"","barcode":null,"atum_controlled":true,"out_stock_date":null,"out_stock_threshold":null,"inheritable":false,"inbound_stock":0,"stock_on_hold":1,"sold_today":0,"sales_last_days":1,"reserved_stock":0,"customer_returns":0,"warehouse_damage":0,"lost_in_post":0,"other_logs":0,"out_stock_days":0,"lost_sales":0,"has_location":false,"update_date":"2026-04-15T00:31:37","atum_locations":[],"atum_stock_status":"instock","restock_status":false,"low_stock_amount":"","sales_update_date":"2026-04-15T00:31:37","calc_backorders":null,"yoast_head":"<!-- This site is optimized with the Yoast SEO plugin v27.4 - https:\/\/yoast.com\/product\/yoast-seo-wordpress\/ -->\n<title>PRIME Linked worms 25mm Green MO - Ebihal<\/title>\n<meta name=\"description\" content=\"A Prime Linked worms UL csalija rendk\u00edv\u00fcli l\u00e1gys\u00e1g\u00e1val, \u00edzes\u00edt\u00e9s\u00e9vel minden domolyk\u00f3-, s\u00fcg\u00e9r-, pisztr\u00e1nghorg\u00e1sz sz\u00edv\u00e9ve belopja mag\u00e1t. Green MO.\" \/>\n<meta name=\"robots\" content=\"index, follow, max-snippet:-1, max-image-preview:large, max-video-preview:-1\" \/>\n<link rel=\"canonical\" href=\"https:\/\/www.ebihal.hu\/en\/shop\/mucsali\/gumicsali\/prime\/prime-linked-worms\/prime-linked-worms-25mm-green-mo\/\" \/>\n<meta property=\"og:locale\" content=\"en_GB\" \/>\n<meta property=\"og:type\" content=\"article\" \/>\n<meta property=\"og:title\" content=\"PRIME Linked worms 25mm Green MO - Ebihal\" \/>\n<meta property=\"og:description\" content=\"A Prime Linked worms UL csalija rendk\u00edv\u00fcli l\u00e1gys\u00e1g\u00e1val, \u00edzes\u00edt\u00e9s\u00e9vel minden domolyk\u00f3-, s\u00fcg\u00e9r-, pisztr\u00e1nghorg\u00e1sz sz\u00edv\u00e9ve belopja mag\u00e1t. Green MO.\" \/>\n<meta property=\"og:url\" content=\"https:\/\/www.ebihal.hu\/en\/shop\/mucsali\/gumicsali\/prime\/prime-linked-worms\/prime-linked-worms-25mm-green-mo\/\" \/>\n<meta property=\"og:site_name\" content=\"Ebihal\" \/>\n<meta property=\"article:publisher\" content=\"https:\/\/www.facebook.com\/ebihal\" \/>\n<meta property=\"article:modified_time\" content=\"2026-04-06T19:11:49+00:00\" \/>\n<meta property=\"og:image\" content=\"https:\/\/www.ebihal.hu\/wp-content\/uploads\/2021\/03\/linked-motor-oil.jpg\" \/>\n\t<meta property=\"og:image:width\" content=\"600\" \/>\n\t<meta property=\"og:image:height\" content=\"600\" \/>\n\t<meta property=\"og:image:type\" content=\"image\/jpeg\" \/>\n<meta name=\"twitter:card\" content=\"summary_large_image\" \/>\n<meta name=\"twitter:label1\" content=\"Estimated reading time\" \/>\n\t<meta name=\"twitter:data1\" content=\"1 minute\" \/>\n<script type=\"application\/ld+json\" class=\"yoast-schema-graph\">{\"@context\":\"https:\\\/\\\/schema.org\",\"@graph\":[{\"@type\":\"WebPage\",\"@id\":\"https:\\\/\\\/www.ebihal.hu\\\/shop\\\/mucsali\\\/gumicsali\\\/prime\\\/prime-linked-worms\\\/prime-linked-worms-25mm-green-mo\\\/\",\"url\":\"https:\\\/\\\/www.ebihal.hu\\\/shop\\\/mucsali\\\/gumicsali\\\/prime\\\/prime-linked-worms\\\/prime-linked-worms-25mm-green-mo\\\/\",\"name\":\"PRIME Linked worms 25mm Green MO - Ebihal\",\"isPartOf\":{\"@id\":\"https:\\\/\\\/www.ebihal.hu\\\/#website\"},\"primaryImageOfPage\":{\"@id\":\"https:\\\/\\\/www.ebihal.hu\\\/shop\\\/mucsali\\\/gumicsali\\\/prime\\\/prime-linked-worms\\\/prime-linked-worms-25mm-green-mo\\\/#primaryimage\"},\"image\":{\"@id\":\"https:\\\/\\\/www.ebihal.hu\\\/shop\\\/mucsali\\\/gumicsali\\\/prime\\\/prime-linked-worms\\\/prime-linked-worms-25mm-green-mo\\\/#primaryimage\"},\"thumbnailUrl\":\"https:\\\/\\\/www.ebihal.hu\\\/wp-content\\\/uploads\\\/2021\\\/03\\\/linked-motor-oil.jpg\",\"datePublished\":\"2021-03-21T19:49:40+00:00\",\"dateModified\":\"2026-04-06T19:11:49+00:00\",\"description\":\"A Prime Linked worms UL csalija rendk\u00edv\u00fcli l\u00e1gys\u00e1g\u00e1val, \u00edzes\u00edt\u00e9s\u00e9vel minden domolyk\u00f3-, s\u00fcg\u00e9r-, pisztr\u00e1nghorg\u00e1sz sz\u00edv\u00e9ve belopja mag\u00e1t. Green MO.\",\"breadcrumb\":{\"@id\":\"https:\\\/\\\/www.ebihal.hu\\\/shop\\\/mucsali\\\/gumicsali\\\/prime\\\/prime-linked-worms\\\/prime-linked-worms-25mm-green-mo\\\/#breadcrumb\"},\"inLanguage\":\"en-GB\",\"potentialAction\":[{\"@type\":\"ReadAction\",\"target\":[\"https:\\\/\\\/www.ebihal.hu\\\/shop\\\/mucsali\\\/gumicsali\\\/prime\\\/prime-linked-worms\\\/prime-linked-worms-25mm-green-mo\\\/\"]}]},{\"@type\":\"ImageObject\",\"inLanguage\":\"en-GB\",\"@id\":\"https:\\\/\\\/www.ebihal.hu\\\/shop\\\/mucsali\\\/gumicsali\\\/prime\\\/prime-linked-worms\\\/prime-linked-worms-25mm-green-mo\\\/#primaryimage\",\"url\":\"https:\\\/\\\/www.ebihal.hu\\\/wp-content\\\/uploads\\\/2021\\\/03\\\/linked-motor-oil.jpg\",\"contentUrl\":\"https:\\\/\\\/www.ebihal.hu\\\/wp-content\\\/uploads\\\/2021\\\/03\\\/linked-motor-oil.jpg\",\"width\":600,\"height\":600,\"caption\":\"Prime Lineked worms\"},{\"@type\":\"BreadcrumbList\",\"@id\":\"https:\\\/\\\/www.ebihal.hu\\\/shop\\\/mucsali\\\/gumicsali\\\/prime\\\/prime-linked-worms\\\/prime-linked-worms-25mm-green-mo\\\/#breadcrumb\",\"itemListElement\":[{\"@type\":\"ListItem\",\"position\":1,\"name\":\"Kezd\u0151lap\",\"item\":\"https:\\\/\\\/www.ebihal.hu\\\/\"},{\"@type\":\"ListItem\",\"position\":2,\"name\":\"M\u0171csali \u00e1ruh\u00e1z\",\"item\":\"https:\\\/\\\/www.ebihal.hu\\\/\"},{\"@type\":\"ListItem\",\"position\":3,\"name\":\"PRIME Linked worms 25mm Green MO\"}]},{\"@type\":\"WebSite\",\"@id\":\"https:\\\/\\\/www.ebihal.hu\\\/#website\",\"url\":\"https:\\\/\\\/www.ebihal.hu\\\/\",\"name\":\"Ebihal\",\"description\":\"Fish &amp; Jigs\",\"publisher\":{\"@id\":\"https:\\\/\\\/www.ebihal.hu\\\/#organization\"},\"potentialAction\":[{\"@type\":\"SearchAction\",\"target\":{\"@type\":\"EntryPoint\",\"urlTemplate\":\"https:\\\/\\\/www.ebihal.hu\\\/?s={search_term_string}\"},\"query-input\":{\"@type\":\"PropertyValueSpecification\",\"valueRequired\":true,\"valueName\":\"search_term_string\"}}],\"inLanguage\":\"en-GB\"},{\"@type\":\"Organization\",\"@id\":\"https:\\\/\\\/www.ebihal.hu\\\/#organization\",\"name\":\"Bir\u00f3 Csaba egy\u00e9ni v\u00e1llalkoz\u00f3\",\"url\":\"https:\\\/\\\/www.ebihal.hu\\\/\",\"logo\":{\"@type\":\"ImageObject\",\"inLanguage\":\"en-GB\",\"@id\":\"https:\\\/\\\/www.ebihal.hu\\\/#\\\/schema\\\/logo\\\/image\\\/\",\"url\":\"https:\\\/\\\/www.ebihal.hu\\\/wp-content\\\/uploads\\\/2021\\\/02\\\/brand_logo_mini.png\",\"contentUrl\":\"https:\\\/\\\/www.ebihal.hu\\\/wp-content\\\/uploads\\\/2021\\\/02\\\/brand_logo_mini.png\",\"width\":300,\"height\":300,\"caption\":\"Bir\u00f3 Csaba egy\u00e9ni v\u00e1llalkoz\u00f3\"},\"image\":{\"@id\":\"https:\\\/\\\/www.ebihal.hu\\\/#\\\/schema\\\/logo\\\/image\\\/\"},\"sameAs\":[\"https:\\\/\\\/www.facebook.com\\\/ebihal\"]}]}<\/script>\n<!-- \/ Yoast SEO plugin. -->","yoast_head_json":{"title":"PRIME Linked worms 25mm Green MO - Ebihal","description":"A Prime Linked worms UL csalija rendk\u00edv\u00fcli l\u00e1gys\u00e1g\u00e1val, \u00edzes\u00edt\u00e9s\u00e9vel minden domolyk\u00f3-, s\u00fcg\u00e9r-, pisztr\u00e1nghorg\u00e1sz sz\u00edv\u00e9ve belopja mag\u00e1t. Green MO.","robots":{"index":"index","follow":"follow","max-snippet":"max-snippet:-1","max-image-preview":"max-image-preview:large","max-video-preview":"max-video-preview:-1"},"canonical":"https:\/\/www.ebihal.hu\/en\/shop\/mucsali\/gumicsali\/prime\/prime-linked-worms\/prime-linked-worms-25mm-green-mo\/","og_locale":"en_GB","og_type":"article","og_title":"PRIME Linked worms 25mm Green MO - Ebihal","og_description":"A Prime Linked worms UL csalija rendk\u00edv\u00fcli l\u00e1gys\u00e1g\u00e1val, \u00edzes\u00edt\u00e9s\u00e9vel minden domolyk\u00f3-, s\u00fcg\u00e9r-, pisztr\u00e1nghorg\u00e1sz sz\u00edv\u00e9ve belopja mag\u00e1t. Green MO.","og_url":"https:\/\/www.ebihal.hu\/en\/shop\/mucsali\/gumicsali\/prime\/prime-linked-worms\/prime-linked-worms-25mm-green-mo\/","og_site_name":"Ebihal","article_publisher":"https:\/\/www.facebook.com\/ebihal","article_modified_time":"2026-04-06T19:11:49+00:00","og_image":[{"width":600,"height":600,"url":"https:\/\/www.ebihal.hu\/wp-content\/uploads\/2021\/03\/linked-motor-oil.jpg","type":"image\/jpeg"}],"twitter_card":"summary_large_image","twitter_misc":{"Estimated reading time":"1 minute"},"schema":{"@context":"https:\/\/schema.org","@graph":[{"@type":"WebPage","@id":"https:\/\/www.ebihal.hu\/shop\/mucsali\/gumicsali\/prime\/prime-linked-worms\/prime-linked-worms-25mm-green-mo\/","url":"https:\/\/www.ebihal.hu\/shop\/mucsali\/gumicsali\/prime\/prime-linked-worms\/prime-linked-worms-25mm-green-mo\/","name":"PRIME Linked worms 25mm Green MO - Ebihal","isPartOf":{"@id":"https:\/\/www.ebihal.hu\/#website"},"primaryImageOfPage":{"@id":"https:\/\/www.ebihal.hu\/shop\/mucsali\/gumicsali\/prime\/prime-linked-worms\/prime-linked-worms-25mm-green-mo\/#primaryimage"},"image":{"@id":"https:\/\/www.ebihal.hu\/shop\/mucsali\/gumicsali\/prime\/prime-linked-worms\/prime-linked-worms-25mm-green-mo\/#primaryimage"},"thumbnailUrl":"https:\/\/www.ebihal.hu\/wp-content\/uploads\/2021\/03\/linked-motor-oil.jpg","datePublished":"2021-03-21T19:49:40+00:00","dateModified":"2026-04-06T19:11:49+00:00","description":"A Prime Linked worms UL csalija rendk\u00edv\u00fcli l\u00e1gys\u00e1g\u00e1val, \u00edzes\u00edt\u00e9s\u00e9vel minden domolyk\u00f3-, s\u00fcg\u00e9r-, pisztr\u00e1nghorg\u00e1sz sz\u00edv\u00e9ve belopja mag\u00e1t. Green MO.","breadcrumb":{"@id":"https:\/\/www.ebihal.hu\/shop\/mucsali\/gumicsali\/prime\/prime-linked-worms\/prime-linked-worms-25mm-green-mo\/#breadcrumb"},"inLanguage":"en-GB","potentialAction":[{"@type":"ReadAction","target":["https:\/\/www.ebihal.hu\/shop\/mucsali\/gumicsali\/prime\/prime-linked-worms\/prime-linked-worms-25mm-green-mo\/"]}]},{"@type":"ImageObject","inLanguage":"en-GB","@id":"https:\/\/www.ebihal.hu\/shop\/mucsali\/gumicsali\/prime\/prime-linked-worms\/prime-linked-worms-25mm-green-mo\/#primaryimage","url":"https:\/\/www.ebihal.hu\/wp-content\/uploads\/2021\/03\/linked-motor-oil.jpg","contentUrl":"https:\/\/www.ebihal.hu\/wp-content\/uploads\/2021\/03\/linked-motor-oil.jpg","width":600,"height":600,"caption":"Prime Lineked worms"},{"@type":"BreadcrumbList","@id":"https:\/\/www.ebihal.hu\/shop\/mucsali\/gumicsali\/prime\/prime-linked-worms\/prime-linked-worms-25mm-green-mo\/#breadcrumb","itemListElement":[{"@type":"ListItem","position":1,"name":"Kezd\u0151lap","item":"https:\/\/www.ebihal.hu\/"},{"@type":"ListItem","position":2,"name":"M\u0171csali \u00e1ruh\u00e1z","item":"https:\/\/www.ebihal.hu\/"},{"@type":"ListItem","position":3,"name":"PRIME Linked worms 25mm Green MO"}]},{"@type":"WebSite","@id":"https:\/\/www.ebihal.hu\/#website","url":"https:\/\/www.ebihal.hu\/","name":"Ebihal","description":"Fish &amp; Jigs","publisher":{"@id":"https:\/\/www.ebihal.hu\/#organization"},"potentialAction":[{"@type":"SearchAction","target":{"@type":"EntryPoint","urlTemplate":"https:\/\/www.ebihal.hu\/?s={search_term_string}"},"query-input":{"@type":"PropertyValueSpecification","valueRequired":true,"valueName":"search_term_string"}}],"inLanguage":"en-GB"},{"@type":"Organization","@id":"https:\/\/www.ebihal.hu\/#organization","name":"Bir\u00f3 Csaba egy\u00e9ni v\u00e1llalkoz\u00f3","url":"https:\/\/www.ebihal.hu\/","logo":{"@type":"ImageObject","inLanguage":"en-GB","@id":"https:\/\/www.ebihal.hu\/#\/schema\/logo\/image\/","url":"https:\/\/www.ebihal.hu\/wp-content\/uploads\/2021\/02\/brand_logo_mini.png","contentUrl":"https:\/\/www.ebihal.hu\/wp-content\/uploads\/2021\/02\/brand_logo_mini.png","width":300,"height":300,"caption":"Bir\u00f3 Csaba egy\u00e9ni v\u00e1llalkoz\u00f3"},"image":{"@id":"https:\/\/www.ebihal.hu\/#\/schema\/logo\/image\/"},"sameAs":["https:\/\/www.facebook.com\/ebihal"]}]}},"_links":{"self":[{"href":"https:\/\/www.ebihal.hu\/en\/wp-json\/wp\/v2\/product\/3210","targetHints":{"allow":["GET"]}}],"collection":[{"href":"https:\/\/www.ebihal.hu\/en\/wp-json\/wp\/v2\/product"}],"about":[{"href":"https:\/\/www.ebihal.hu\/en\/wp-json\/wp\/v2\/types\/product"}],"replies":[{"embeddable":true,"href":"https:\/\/www.ebihal.hu\/en\/wp-json\/wp\/v2\/comments?post=3210"}],"wp:featuredmedia":[{"embeddable":true,"href":"https:\/\/www.ebihal.hu\/en\/wp-json\/wp\/v2\/media\/3211"}],"wp:attachment":[{"href":"https:\/\/www.ebihal.hu\/en\/wp-json\/wp\/v2\/media?parent=3210"}],"wp:term":[{"taxonomy":"product_cat","embeddable":true,"href":"https:\/\/www.ebihal.hu\/en\/wp-json\/wp\/v2\/product_cat?post=3210"},{"taxonomy":"product_tag","embeddable":true,"href":"https:\/\/www.ebihal.hu\/en\/wp-json\/wp\/v2\/product_tag?post=3210"}],"curies":[{"name":"wp","href":"https:\/\/api.w.org\/{rel}","templated":true}]}}