{"id":2934,"date":"2021-03-11T19:51:44","date_gmt":"2021-03-11T18:51:44","guid":{"rendered":"https:\/\/www.ebihal.hu\/?post_type=product&#038;p=2934"},"modified":"2026-01-29T08:00:06","modified_gmt":"2026-01-29T07:00:06","slug":"iam-format-diplomat-5cm-f11","status":"publish","type":"product","link":"https:\/\/www.ebihal.hu\/en\/shop\/mucsali\/gumicsali\/iam-format\/iam-diplomat\/iam-format-diplomat-50mm\/iam-format-diplomat-5cm-f11\/","title":{"rendered":"IAM Format Diplomat 5cm #F11"},"content":{"rendered":"<p>Az <a href=\"https:\/\/www.ebihal.hu\/en\/horgaszat\/mucsali\/gumicsali\/akkoi\/akkoi-diplomat\/\">Akkoi \u00e1ltal gy\u00e1rtott Diplomat<\/a> meg\u00fajult, \u00e9s IAM Format m\u00e1rkan\u00e9v alatt kelt \u00faj \u00e9letre. Mindk\u00e9t csali pr\u00e9mium min\u0151s\u00e9g\u0171, az Ebihal legn\u00e9pszer\u0171bb gumija.<br \/>\nTeljesen friss\u00edtett\u00e9k a sz\u00ednpalett\u00e1t, az IAM Diplomat arom\u00e1s\u00edtott olajjal lett bevonva, \u00e9s megv\u00e1ltoztatt\u00e1k a gumi \u00f6sszet\u00e9tel\u00e9t is. A hatalmas faroklap\u00e1t lass\u00fa, kom\u00f3tos mozg\u00e1st biztos\u00edt a guminak bevontat\u00e1skor. Nem r\u00e1zza sz\u00e9t mag\u00e1t, fell\u00e9p\u00e9se eleg\u00e1ns, \u00f6reguras, kifejezetten diplomatikus. S\u00fcll\u0151k, s\u00fcgerek nagy kedvence.<br \/>\n50 mm hossz\u00fa, 0,7 g, 8 db\/csomag.<\/p>\n<h4>Additional information<\/h4>\n<table class=\"woocommerce-product-attributes shop_attributes\" aria-label=\"Product Details\" data-no-translation-aria-label=\"\">\n\t\t\t<tr class=\"woocommerce-product-attributes-item woocommerce-product-attributes-item--attribute_pa_brand\">\n\t\t\t<th class=\"woocommerce-product-attributes-item__label\" scope=\"row\">Brand<\/th>\n\t\t\t<td class=\"woocommerce-product-attributes-item__value\"><p>IAM Format<\/p>\n<\/td>\n\t\t<\/tr>\n\t\t\t<tr class=\"woocommerce-product-attributes-item woocommerce-product-attributes-item--attribute_pa_szinkod\">\n\t\t\t<th class=\"woocommerce-product-attributes-item__label\" scope=\"row\">Color code<\/th>\n\t\t\t<td class=\"woocommerce-product-attributes-item__value\"><p>F11<\/p>\n<\/td>\n\t\t<\/tr>\n\t\t\t<tr class=\"woocommerce-product-attributes-item woocommerce-product-attributes-item--attribute_pa_meret\">\n\t\t\t<th class=\"woocommerce-product-attributes-item__label\" scope=\"row\">Size<\/th>\n\t\t\t<td class=\"woocommerce-product-attributes-item__value\"><p>50 mm<\/p>\n<\/td>\n\t\t<\/tr>\n\t\t\t<tr class=\"woocommerce-product-attributes-item woocommerce-product-attributes-item--attribute_pa_madein\">\n\t\t\t<th class=\"woocommerce-product-attributes-item__label\" scope=\"row\">Country of origin<\/th>\n\t\t\t<td class=\"woocommerce-product-attributes-item__value\"><p>Oroszorsz\u00e1g<\/p>\n<\/td>\n\t\t<\/tr>\n\t\t\t<tr class=\"woocommerce-product-attributes-item woocommerce-product-attributes-item--attribute_pa_kiszereles\">\n\t\t\t<th class=\"woocommerce-product-attributes-item__label\" scope=\"row\">Packaging<\/th>\n\t\t\t<td class=\"woocommerce-product-attributes-item__value\"><p>1 plastic bag<\/p>\n<\/td>\n\t\t<\/tr>\n\t<\/table>","protected":false},"excerpt":{"rendered":"<p>8 db\/csomag<\/p>","protected":false},"featured_media":2935,"comment_status":"open","ping_status":"closed","template":"","meta":[],"product_cat":[765,74,627,613,40],"product_tag":[767,197,290,239,762,819,818,716,339,814,240,241,146,373],"class_list":{"0":"post-2934","1":"product","2":"type-product","3":"status-publish","4":"has-post-thumbnail","6":"product_brand-iam-format","7":"product_cat-iam-format-diplomat-50mm","8":"product_cat-gumicsali","9":"product_cat-iam-diplomat","10":"product_cat-iam-format","11":"product_cat-mucsali","12":"product_tag-50-mm","13":"product_tag-balin","14":"product_tag-diplomat","15":"product_tag-domolyko","16":"product_tag-f23","17":"product_tag-fekete-suger","18":"product_tag-gumihal","19":"product_tag-iam-format","20":"product_tag-kosullo","21":"product_tag-l","22":"product_tag-pisztrang","23":"product_tag-suger","24":"product_tag-sullo","25":"product_tag-ul","27":"first","28":"instock","29":"shipping-taxable","30":"purchasable","31":"product-type-simple"},"supplier_id":1899,"supplier_sku":"","barcode":null,"atum_controlled":true,"out_stock_date":null,"out_stock_threshold":null,"inheritable":false,"inbound_stock":0,"stock_on_hold":0,"sold_today":0,"sales_last_days":0,"reserved_stock":0,"customer_returns":0,"warehouse_damage":0,"lost_in_post":0,"other_logs":0,"out_stock_days":0,"lost_sales":0,"has_location":false,"update_date":"2026-04-15T00:31:27","atum_locations":[],"atum_stock_status":"instock","restock_status":false,"low_stock_amount":"","sales_update_date":"2026-04-15T00:31:27","calc_backorders":null,"yoast_head":"<!-- This site is optimized with the Yoast SEO plugin v27.4 - https:\/\/yoast.com\/product\/yoast-seo-wordpress\/ -->\n<title>IAM Format Diplomat 5cm #F11 gumihal - Ebihal<\/title>\n<meta name=\"description\" content=\"A hatalmas faroklap\u00e1t lass\u00fa, kom\u00f3tos mozg\u00e1st biztos\u00edt a guminak bevontat\u00e1skor. S\u00fcll\u0151k, s\u00fcgerek nagy kedvence. #F11 sz\u00ednk\u00f3d.\" \/>\n<meta name=\"robots\" content=\"index, follow, max-snippet:-1, max-image-preview:large, max-video-preview:-1\" \/>\n<link rel=\"canonical\" href=\"https:\/\/www.ebihal.hu\/en\/shop\/mucsali\/gumicsali\/iam-format\/iam-diplomat\/iam-format-diplomat-50mm\/iam-format-diplomat-5cm-f11\/\" \/>\n<meta property=\"og:locale\" content=\"en_GB\" \/>\n<meta property=\"og:type\" content=\"article\" \/>\n<meta property=\"og:title\" content=\"IAM Format Diplomat 5cm #F11 gumihal - Ebihal\" \/>\n<meta property=\"og:description\" content=\"A hatalmas faroklap\u00e1t lass\u00fa, kom\u00f3tos mozg\u00e1st biztos\u00edt a guminak bevontat\u00e1skor. S\u00fcll\u0151k, s\u00fcgerek nagy kedvence. #F11 sz\u00ednk\u00f3d.\" \/>\n<meta property=\"og:url\" content=\"https:\/\/www.ebihal.hu\/en\/shop\/mucsali\/gumicsali\/iam-format\/iam-diplomat\/iam-format-diplomat-50mm\/iam-format-diplomat-5cm-f11\/\" \/>\n<meta property=\"og:site_name\" content=\"Ebihal\" \/>\n<meta property=\"article:publisher\" content=\"https:\/\/www.facebook.com\/ebihal\" \/>\n<meta property=\"article:modified_time\" content=\"2026-01-29T07:00:06+00:00\" \/>\n<meta property=\"og:image\" content=\"https:\/\/www.ebihal.hu\/wp-content\/uploads\/2021\/03\/f11-1.jpg\" \/>\n\t<meta property=\"og:image:width\" content=\"400\" \/>\n\t<meta property=\"og:image:height\" content=\"400\" \/>\n\t<meta property=\"og:image:type\" content=\"image\/jpeg\" \/>\n<meta name=\"twitter:card\" content=\"summary_large_image\" \/>\n<meta name=\"twitter:label1\" content=\"Estimated reading time\" \/>\n\t<meta name=\"twitter:data1\" content=\"1 minute\" \/>\n<script type=\"application\/ld+json\" class=\"yoast-schema-graph\">{\"@context\":\"https:\\\/\\\/schema.org\",\"@graph\":[{\"@type\":\"WebPage\",\"@id\":\"https:\\\/\\\/www.ebihal.hu\\\/shop\\\/mucsali\\\/gumicsali\\\/iam-format\\\/iam-diplomat\\\/iam-format-diplomat-50mm\\\/iam-format-diplomat-5cm-f11\\\/\",\"url\":\"https:\\\/\\\/www.ebihal.hu\\\/shop\\\/mucsali\\\/gumicsali\\\/iam-format\\\/iam-diplomat\\\/iam-format-diplomat-50mm\\\/iam-format-diplomat-5cm-f11\\\/\",\"name\":\"IAM Format Diplomat 5cm #F11 gumihal - Ebihal\",\"isPartOf\":{\"@id\":\"https:\\\/\\\/www.ebihal.hu\\\/#website\"},\"primaryImageOfPage\":{\"@id\":\"https:\\\/\\\/www.ebihal.hu\\\/shop\\\/mucsali\\\/gumicsali\\\/iam-format\\\/iam-diplomat\\\/iam-format-diplomat-50mm\\\/iam-format-diplomat-5cm-f11\\\/#primaryimage\"},\"image\":{\"@id\":\"https:\\\/\\\/www.ebihal.hu\\\/shop\\\/mucsali\\\/gumicsali\\\/iam-format\\\/iam-diplomat\\\/iam-format-diplomat-50mm\\\/iam-format-diplomat-5cm-f11\\\/#primaryimage\"},\"thumbnailUrl\":\"https:\\\/\\\/www.ebihal.hu\\\/wp-content\\\/uploads\\\/2021\\\/03\\\/f11-1.jpg\",\"datePublished\":\"2021-03-11T18:51:44+00:00\",\"dateModified\":\"2026-01-29T07:00:06+00:00\",\"description\":\"A hatalmas faroklap\u00e1t lass\u00fa, kom\u00f3tos mozg\u00e1st biztos\u00edt a guminak bevontat\u00e1skor. S\u00fcll\u0151k, s\u00fcgerek nagy kedvence. #F11 sz\u00ednk\u00f3d.\",\"breadcrumb\":{\"@id\":\"https:\\\/\\\/www.ebihal.hu\\\/shop\\\/mucsali\\\/gumicsali\\\/iam-format\\\/iam-diplomat\\\/iam-format-diplomat-50mm\\\/iam-format-diplomat-5cm-f11\\\/#breadcrumb\"},\"inLanguage\":\"en-GB\",\"potentialAction\":[{\"@type\":\"ReadAction\",\"target\":[\"https:\\\/\\\/www.ebihal.hu\\\/shop\\\/mucsali\\\/gumicsali\\\/iam-format\\\/iam-diplomat\\\/iam-format-diplomat-50mm\\\/iam-format-diplomat-5cm-f11\\\/\"]}]},{\"@type\":\"ImageObject\",\"inLanguage\":\"en-GB\",\"@id\":\"https:\\\/\\\/www.ebihal.hu\\\/shop\\\/mucsali\\\/gumicsali\\\/iam-format\\\/iam-diplomat\\\/iam-format-diplomat-50mm\\\/iam-format-diplomat-5cm-f11\\\/#primaryimage\",\"url\":\"https:\\\/\\\/www.ebihal.hu\\\/wp-content\\\/uploads\\\/2021\\\/03\\\/f11-1.jpg\",\"contentUrl\":\"https:\\\/\\\/www.ebihal.hu\\\/wp-content\\\/uploads\\\/2021\\\/03\\\/f11-1.jpg\",\"width\":400,\"height\":400,\"caption\":\"IAM Format Diplomat 74 mm #F11\"},{\"@type\":\"BreadcrumbList\",\"@id\":\"https:\\\/\\\/www.ebihal.hu\\\/shop\\\/mucsali\\\/gumicsali\\\/iam-format\\\/iam-diplomat\\\/iam-format-diplomat-50mm\\\/iam-format-diplomat-5cm-f11\\\/#breadcrumb\",\"itemListElement\":[{\"@type\":\"ListItem\",\"position\":1,\"name\":\"Kezd\u0151lap\",\"item\":\"https:\\\/\\\/www.ebihal.hu\\\/\"},{\"@type\":\"ListItem\",\"position\":2,\"name\":\"M\u0171csali \u00e1ruh\u00e1z\",\"item\":\"https:\\\/\\\/www.ebihal.hu\\\/\"},{\"@type\":\"ListItem\",\"position\":3,\"name\":\"IAM Format Diplomat 5cm #F11\"}]},{\"@type\":\"WebSite\",\"@id\":\"https:\\\/\\\/www.ebihal.hu\\\/#website\",\"url\":\"https:\\\/\\\/www.ebihal.hu\\\/\",\"name\":\"Ebihal\",\"description\":\"Fish &amp; Jigs\",\"publisher\":{\"@id\":\"https:\\\/\\\/www.ebihal.hu\\\/#organization\"},\"potentialAction\":[{\"@type\":\"SearchAction\",\"target\":{\"@type\":\"EntryPoint\",\"urlTemplate\":\"https:\\\/\\\/www.ebihal.hu\\\/?s={search_term_string}\"},\"query-input\":{\"@type\":\"PropertyValueSpecification\",\"valueRequired\":true,\"valueName\":\"search_term_string\"}}],\"inLanguage\":\"en-GB\"},{\"@type\":\"Organization\",\"@id\":\"https:\\\/\\\/www.ebihal.hu\\\/#organization\",\"name\":\"Bir\u00f3 Csaba egy\u00e9ni v\u00e1llalkoz\u00f3\",\"url\":\"https:\\\/\\\/www.ebihal.hu\\\/\",\"logo\":{\"@type\":\"ImageObject\",\"inLanguage\":\"en-GB\",\"@id\":\"https:\\\/\\\/www.ebihal.hu\\\/#\\\/schema\\\/logo\\\/image\\\/\",\"url\":\"https:\\\/\\\/www.ebihal.hu\\\/wp-content\\\/uploads\\\/2021\\\/02\\\/brand_logo_mini.png\",\"contentUrl\":\"https:\\\/\\\/www.ebihal.hu\\\/wp-content\\\/uploads\\\/2021\\\/02\\\/brand_logo_mini.png\",\"width\":300,\"height\":300,\"caption\":\"Bir\u00f3 Csaba egy\u00e9ni v\u00e1llalkoz\u00f3\"},\"image\":{\"@id\":\"https:\\\/\\\/www.ebihal.hu\\\/#\\\/schema\\\/logo\\\/image\\\/\"},\"sameAs\":[\"https:\\\/\\\/www.facebook.com\\\/ebihal\"]}]}<\/script>\n<!-- \/ Yoast SEO plugin. -->","yoast_head_json":{"title":"IAM Format Diplomat 5cm #F11 gumihal - Ebihal","description":"A hatalmas faroklap\u00e1t lass\u00fa, kom\u00f3tos mozg\u00e1st biztos\u00edt a guminak bevontat\u00e1skor. S\u00fcll\u0151k, s\u00fcgerek nagy kedvence. #F11 sz\u00ednk\u00f3d.","robots":{"index":"index","follow":"follow","max-snippet":"max-snippet:-1","max-image-preview":"max-image-preview:large","max-video-preview":"max-video-preview:-1"},"canonical":"https:\/\/www.ebihal.hu\/en\/shop\/mucsali\/gumicsali\/iam-format\/iam-diplomat\/iam-format-diplomat-50mm\/iam-format-diplomat-5cm-f11\/","og_locale":"en_GB","og_type":"article","og_title":"IAM Format Diplomat 5cm #F11 gumihal - Ebihal","og_description":"A hatalmas faroklap\u00e1t lass\u00fa, kom\u00f3tos mozg\u00e1st biztos\u00edt a guminak bevontat\u00e1skor. S\u00fcll\u0151k, s\u00fcgerek nagy kedvence. #F11 sz\u00ednk\u00f3d.","og_url":"https:\/\/www.ebihal.hu\/en\/shop\/mucsali\/gumicsali\/iam-format\/iam-diplomat\/iam-format-diplomat-50mm\/iam-format-diplomat-5cm-f11\/","og_site_name":"Ebihal","article_publisher":"https:\/\/www.facebook.com\/ebihal","article_modified_time":"2026-01-29T07:00:06+00:00","og_image":[{"width":400,"height":400,"url":"https:\/\/www.ebihal.hu\/wp-content\/uploads\/2021\/03\/f11-1.jpg","type":"image\/jpeg"}],"twitter_card":"summary_large_image","twitter_misc":{"Estimated reading time":"1 minute"},"schema":{"@context":"https:\/\/schema.org","@graph":[{"@type":"WebPage","@id":"https:\/\/www.ebihal.hu\/shop\/mucsali\/gumicsali\/iam-format\/iam-diplomat\/iam-format-diplomat-50mm\/iam-format-diplomat-5cm-f11\/","url":"https:\/\/www.ebihal.hu\/shop\/mucsali\/gumicsali\/iam-format\/iam-diplomat\/iam-format-diplomat-50mm\/iam-format-diplomat-5cm-f11\/","name":"IAM Format Diplomat 5cm #F11 gumihal - Ebihal","isPartOf":{"@id":"https:\/\/www.ebihal.hu\/#website"},"primaryImageOfPage":{"@id":"https:\/\/www.ebihal.hu\/shop\/mucsali\/gumicsali\/iam-format\/iam-diplomat\/iam-format-diplomat-50mm\/iam-format-diplomat-5cm-f11\/#primaryimage"},"image":{"@id":"https:\/\/www.ebihal.hu\/shop\/mucsali\/gumicsali\/iam-format\/iam-diplomat\/iam-format-diplomat-50mm\/iam-format-diplomat-5cm-f11\/#primaryimage"},"thumbnailUrl":"https:\/\/www.ebihal.hu\/wp-content\/uploads\/2021\/03\/f11-1.jpg","datePublished":"2021-03-11T18:51:44+00:00","dateModified":"2026-01-29T07:00:06+00:00","description":"A hatalmas faroklap\u00e1t lass\u00fa, kom\u00f3tos mozg\u00e1st biztos\u00edt a guminak bevontat\u00e1skor. S\u00fcll\u0151k, s\u00fcgerek nagy kedvence. #F11 sz\u00ednk\u00f3d.","breadcrumb":{"@id":"https:\/\/www.ebihal.hu\/shop\/mucsali\/gumicsali\/iam-format\/iam-diplomat\/iam-format-diplomat-50mm\/iam-format-diplomat-5cm-f11\/#breadcrumb"},"inLanguage":"en-GB","potentialAction":[{"@type":"ReadAction","target":["https:\/\/www.ebihal.hu\/shop\/mucsali\/gumicsali\/iam-format\/iam-diplomat\/iam-format-diplomat-50mm\/iam-format-diplomat-5cm-f11\/"]}]},{"@type":"ImageObject","inLanguage":"en-GB","@id":"https:\/\/www.ebihal.hu\/shop\/mucsali\/gumicsali\/iam-format\/iam-diplomat\/iam-format-diplomat-50mm\/iam-format-diplomat-5cm-f11\/#primaryimage","url":"https:\/\/www.ebihal.hu\/wp-content\/uploads\/2021\/03\/f11-1.jpg","contentUrl":"https:\/\/www.ebihal.hu\/wp-content\/uploads\/2021\/03\/f11-1.jpg","width":400,"height":400,"caption":"IAM Format Diplomat 74 mm #F11"},{"@type":"BreadcrumbList","@id":"https:\/\/www.ebihal.hu\/shop\/mucsali\/gumicsali\/iam-format\/iam-diplomat\/iam-format-diplomat-50mm\/iam-format-diplomat-5cm-f11\/#breadcrumb","itemListElement":[{"@type":"ListItem","position":1,"name":"Kezd\u0151lap","item":"https:\/\/www.ebihal.hu\/"},{"@type":"ListItem","position":2,"name":"M\u0171csali \u00e1ruh\u00e1z","item":"https:\/\/www.ebihal.hu\/"},{"@type":"ListItem","position":3,"name":"IAM Format Diplomat 5cm #F11"}]},{"@type":"WebSite","@id":"https:\/\/www.ebihal.hu\/#website","url":"https:\/\/www.ebihal.hu\/","name":"Ebihal","description":"Fish &amp; Jigs","publisher":{"@id":"https:\/\/www.ebihal.hu\/#organization"},"potentialAction":[{"@type":"SearchAction","target":{"@type":"EntryPoint","urlTemplate":"https:\/\/www.ebihal.hu\/?s={search_term_string}"},"query-input":{"@type":"PropertyValueSpecification","valueRequired":true,"valueName":"search_term_string"}}],"inLanguage":"en-GB"},{"@type":"Organization","@id":"https:\/\/www.ebihal.hu\/#organization","name":"Bir\u00f3 Csaba egy\u00e9ni v\u00e1llalkoz\u00f3","url":"https:\/\/www.ebihal.hu\/","logo":{"@type":"ImageObject","inLanguage":"en-GB","@id":"https:\/\/www.ebihal.hu\/#\/schema\/logo\/image\/","url":"https:\/\/www.ebihal.hu\/wp-content\/uploads\/2021\/02\/brand_logo_mini.png","contentUrl":"https:\/\/www.ebihal.hu\/wp-content\/uploads\/2021\/02\/brand_logo_mini.png","width":300,"height":300,"caption":"Bir\u00f3 Csaba egy\u00e9ni v\u00e1llalkoz\u00f3"},"image":{"@id":"https:\/\/www.ebihal.hu\/#\/schema\/logo\/image\/"},"sameAs":["https:\/\/www.facebook.com\/ebihal"]}]}},"_links":{"self":[{"href":"https:\/\/www.ebihal.hu\/en\/wp-json\/wp\/v2\/product\/2934","targetHints":{"allow":["GET"]}}],"collection":[{"href":"https:\/\/www.ebihal.hu\/en\/wp-json\/wp\/v2\/product"}],"about":[{"href":"https:\/\/www.ebihal.hu\/en\/wp-json\/wp\/v2\/types\/product"}],"replies":[{"embeddable":true,"href":"https:\/\/www.ebihal.hu\/en\/wp-json\/wp\/v2\/comments?post=2934"}],"wp:featuredmedia":[{"embeddable":true,"href":"https:\/\/www.ebihal.hu\/en\/wp-json\/wp\/v2\/media\/2935"}],"wp:attachment":[{"href":"https:\/\/www.ebihal.hu\/en\/wp-json\/wp\/v2\/media?parent=2934"}],"wp:term":[{"taxonomy":"product_cat","embeddable":true,"href":"https:\/\/www.ebihal.hu\/en\/wp-json\/wp\/v2\/product_cat?post=2934"},{"taxonomy":"product_tag","embeddable":true,"href":"https:\/\/www.ebihal.hu\/en\/wp-json\/wp\/v2\/product_tag?post=2934"}],"curies":[{"name":"wp","href":"https:\/\/api.w.org\/{rel}","templated":true}]}}