{"id":2905,"date":"2021-03-11T18:03:32","date_gmt":"2021-03-11T17:03:32","guid":{"rendered":"https:\/\/www.ebihal.hu\/?post_type=product&#038;p=2905"},"modified":"2026-01-29T07:40:19","modified_gmt":"2026-01-29T06:40:19","slug":"iam-format-pioneer-88mm-f18","status":"publish","type":"product","link":"https:\/\/www.ebihal.hu\/en\/shop\/mucsali\/gumicsali\/iam-format\/iam-pioneer\/pioneer-88mm\/iam-format-pioneer-88mm-f18\/","title":{"rendered":"IAM Format Pioneer 88mm #F18"},"content":{"rendered":"<p>Mind a farokkialak\u00edt\u00e1snak, mind a m\u00e9lyen bord\u00e1zott testnek k\u00f6sz\u00f6nhet\u0151en, az IAM Format Pioneer m\u0171csalija a t\u00e1pl\u00e1l\u00e9khalak mozg\u00e1s\u00e1t igen \u00e9leth\u0171 m\u00f3don ut\u00e1nozza. Ennek a modellnek az egyedis\u00e9ge abban rejlik, hogy hirtelen r\u00e1nt\u00e1sokra rendk\u00edv\u00fcl \u00e9leth\u0171en adja vissza a menek\u00fcl\u0151 kishal mozg\u00e1s\u00e1t. Egyenletes bevontat\u00e1skor diszkr\u00e9ten risz\u00e1l. Nem esik sz\u00e9t a j\u00e1r\u00e1sa \u00e1raml\u00f3 v\u00edzen sem. Lassan s\u00fcllyed, \u00edzanyagokat \u00e9s s\u00f3t tartalmaz.<br \/>\nEgyik kedvenc csalim, ez\u00e9rt is igyekszem minden sz\u00ednb\u0151l k\u00e9szletet tartani.<br \/>\n8,8 cm hossz\u00fa, 4,8 g s\u00faly\u00fa, 6db\/csomag<\/p>\n<p><iframe loading=\"lazy\" src=\"https:\/\/www.youtube.com\/embed\/PKwhRlAI1FY\" width=\"560\" height=\"315\" frameborder=\"0\" allowfullscreen=\"allowfullscreen\"><\/iframe><\/p>\n<h4>Additional information<\/h4>\n<p><code><table class=\"woocommerce-product-attributes shop_attributes\" aria-label=\"Product Details\" data-no-translation-aria-label=\"\">\n\t\t\t<tr class=\"woocommerce-product-attributes-item woocommerce-product-attributes-item--weight\">\n\t\t\t<th class=\"woocommerce-product-attributes-item__label\" scope=\"row\" data-no-translation=\"\" data-trp-gettext=\"\">Weight<\/th>\n\t\t\t<td class=\"woocommerce-product-attributes-item__value\">0.035 kg<\/td>\n\t\t<\/tr>\n\t\t\t<tr class=\"woocommerce-product-attributes-item woocommerce-product-attributes-item--attribute_pa_brand\">\n\t\t\t<th class=\"woocommerce-product-attributes-item__label\" scope=\"row\">Brand<\/th>\n\t\t\t<td class=\"woocommerce-product-attributes-item__value\"><p>IAM Format<\/p>\n<\/td>\n\t\t<\/tr>\n\t\t\t<tr class=\"woocommerce-product-attributes-item woocommerce-product-attributes-item--attribute_pa_szinkod\">\n\t\t\t<th class=\"woocommerce-product-attributes-item__label\" scope=\"row\">Color code<\/th>\n\t\t\t<td class=\"woocommerce-product-attributes-item__value\"><p>F18<\/p>\n<\/td>\n\t\t<\/tr>\n\t\t\t<tr class=\"woocommerce-product-attributes-item woocommerce-product-attributes-item--attribute_pa_meret\">\n\t\t\t<th class=\"woocommerce-product-attributes-item__label\" scope=\"row\">Size<\/th>\n\t\t\t<td class=\"woocommerce-product-attributes-item__value\"><p>88 mm<\/p>\n<\/td>\n\t\t<\/tr>\n\t\t\t<tr class=\"woocommerce-product-attributes-item woocommerce-product-attributes-item--attribute_pa_madein\">\n\t\t\t<th class=\"woocommerce-product-attributes-item__label\" scope=\"row\">Country of origin<\/th>\n\t\t\t<td class=\"woocommerce-product-attributes-item__value\"><p>Oroszorsz\u00e1g<\/p>\n<\/td>\n\t\t<\/tr>\n\t\t\t<tr class=\"woocommerce-product-attributes-item woocommerce-product-attributes-item--attribute_pa_kiszereles\">\n\t\t\t<th class=\"woocommerce-product-attributes-item__label\" scope=\"row\">Packaging<\/th>\n\t\t\t<td class=\"woocommerce-product-attributes-item__value\"><p>1 plastic bag<\/p>\n<\/td>\n\t\t<\/tr>\n\t<\/table>\n<\/code><\/p>","protected":false},"excerpt":{"rendered":"<p style=\"text-align: left;\">6 db\/csomag<\/p>","protected":false},"featured_media":2874,"comment_status":"open","ping_status":"closed","template":"","meta":[],"product_cat":[713,74,613,628],"product_tag":[197,147,752,818,148,716,814,717,146],"class_list":{"0":"post-2905","1":"product","2":"type-product","3":"status-publish","4":"has-post-thumbnail","6":"product_brand-iam-format","7":"product_cat-pioneer-88mm","8":"product_cat-gumicsali","9":"product_cat-iam-format","10":"product_cat-iam-pioneer","11":"product_tag-balin","12":"product_tag-csuka","13":"product_tag-f18","14":"product_tag-gumihal","15":"product_tag-harcsa","16":"product_tag-iam-format","17":"product_tag-l","18":"product_tag-pioneer","19":"product_tag-sullo","21":"first","22":"instock","23":"shipping-taxable","24":"purchasable","25":"product-type-simple"},"supplier_id":1899,"supplier_sku":"","barcode":null,"atum_controlled":true,"out_stock_date":null,"out_stock_threshold":null,"inheritable":false,"inbound_stock":0,"stock_on_hold":0,"sold_today":0,"sales_last_days":0,"reserved_stock":0,"customer_returns":0,"warehouse_damage":0,"lost_in_post":0,"other_logs":0,"out_stock_days":0,"lost_sales":0,"has_location":false,"update_date":"2026-04-15T00:31:26","atum_locations":[],"atum_stock_status":"instock","restock_status":false,"low_stock_amount":"","sales_update_date":"2026-04-15T00:31:26","calc_backorders":null,"yoast_head":"<!-- This site is optimized with the Yoast SEO plugin v27.4 - https:\/\/yoast.com\/product\/yoast-seo-wordpress\/ -->\n<title>IAM Format Pioneer 88mm #F18 gumihal - Ebihal<\/title>\n<meta name=\"description\" content=\"Ak\u00e1r lass\u00fa, ak\u00e1r gyors bevontat\u00e1skor is intenz\u00edv mozg\u00e1st produk\u00e1l az IAM Format Pioneer gumihala. \u00cdzes\u00edtett, lassan s\u00fcllyed. #F18 sz\u00ednk\u00f3d.\" \/>\n<meta name=\"robots\" content=\"index, follow, max-snippet:-1, max-image-preview:large, max-video-preview:-1\" \/>\n<link rel=\"canonical\" href=\"https:\/\/www.ebihal.hu\/en\/shop\/mucsali\/gumicsali\/iam-format\/iam-pioneer\/pioneer-88mm\/iam-format-pioneer-88mm-f18\/\" \/>\n<meta property=\"og:locale\" content=\"en_GB\" \/>\n<meta property=\"og:type\" content=\"article\" \/>\n<meta property=\"og:title\" content=\"IAM Format Pioneer 88mm #F18 gumihal - Ebihal\" \/>\n<meta property=\"og:description\" content=\"Ak\u00e1r lass\u00fa, ak\u00e1r gyors bevontat\u00e1skor is intenz\u00edv mozg\u00e1st produk\u00e1l az IAM Format Pioneer gumihala. \u00cdzes\u00edtett, lassan s\u00fcllyed. #F18 sz\u00ednk\u00f3d.\" \/>\n<meta property=\"og:url\" content=\"https:\/\/www.ebihal.hu\/en\/shop\/mucsali\/gumicsali\/iam-format\/iam-pioneer\/pioneer-88mm\/iam-format-pioneer-88mm-f18\/\" \/>\n<meta property=\"og:site_name\" content=\"Ebihal\" \/>\n<meta property=\"article:publisher\" content=\"https:\/\/www.facebook.com\/ebihal\" \/>\n<meta property=\"article:modified_time\" content=\"2026-01-29T06:40:19+00:00\" \/>\n<meta property=\"og:image\" content=\"https:\/\/www.ebihal.hu\/wp-content\/uploads\/2021\/03\/f18.jpg\" \/>\n\t<meta property=\"og:image:width\" content=\"400\" \/>\n\t<meta property=\"og:image:height\" content=\"400\" \/>\n\t<meta property=\"og:image:type\" content=\"image\/jpeg\" \/>\n<meta name=\"twitter:card\" content=\"summary_large_image\" \/>\n<meta name=\"twitter:label1\" content=\"Estimated reading time\" \/>\n\t<meta name=\"twitter:data1\" content=\"1 minute\" \/>\n<script type=\"application\/ld+json\" class=\"yoast-schema-graph\">{\"@context\":\"https:\\\/\\\/schema.org\",\"@graph\":[{\"@type\":\"WebPage\",\"@id\":\"https:\\\/\\\/www.ebihal.hu\\\/shop\\\/mucsali\\\/gumicsali\\\/iam-format\\\/iam-pioneer\\\/pioneer-88mm\\\/iam-format-pioneer-88mm-f18\\\/\",\"url\":\"https:\\\/\\\/www.ebihal.hu\\\/shop\\\/mucsali\\\/gumicsali\\\/iam-format\\\/iam-pioneer\\\/pioneer-88mm\\\/iam-format-pioneer-88mm-f18\\\/\",\"name\":\"IAM Format Pioneer 88mm #F18 gumihal - Ebihal\",\"isPartOf\":{\"@id\":\"https:\\\/\\\/www.ebihal.hu\\\/#website\"},\"primaryImageOfPage\":{\"@id\":\"https:\\\/\\\/www.ebihal.hu\\\/shop\\\/mucsali\\\/gumicsali\\\/iam-format\\\/iam-pioneer\\\/pioneer-88mm\\\/iam-format-pioneer-88mm-f18\\\/#primaryimage\"},\"image\":{\"@id\":\"https:\\\/\\\/www.ebihal.hu\\\/shop\\\/mucsali\\\/gumicsali\\\/iam-format\\\/iam-pioneer\\\/pioneer-88mm\\\/iam-format-pioneer-88mm-f18\\\/#primaryimage\"},\"thumbnailUrl\":\"https:\\\/\\\/www.ebihal.hu\\\/wp-content\\\/uploads\\\/2021\\\/03\\\/f18.jpg\",\"datePublished\":\"2021-03-11T17:03:32+00:00\",\"dateModified\":\"2026-01-29T06:40:19+00:00\",\"description\":\"Ak\u00e1r lass\u00fa, ak\u00e1r gyors bevontat\u00e1skor is intenz\u00edv mozg\u00e1st produk\u00e1l az IAM Format Pioneer gumihala. \u00cdzes\u00edtett, lassan s\u00fcllyed. #F18 sz\u00ednk\u00f3d.\",\"breadcrumb\":{\"@id\":\"https:\\\/\\\/www.ebihal.hu\\\/shop\\\/mucsali\\\/gumicsali\\\/iam-format\\\/iam-pioneer\\\/pioneer-88mm\\\/iam-format-pioneer-88mm-f18\\\/#breadcrumb\"},\"inLanguage\":\"en-GB\",\"potentialAction\":[{\"@type\":\"ReadAction\",\"target\":[\"https:\\\/\\\/www.ebihal.hu\\\/shop\\\/mucsali\\\/gumicsali\\\/iam-format\\\/iam-pioneer\\\/pioneer-88mm\\\/iam-format-pioneer-88mm-f18\\\/\"]}]},{\"@type\":\"ImageObject\",\"inLanguage\":\"en-GB\",\"@id\":\"https:\\\/\\\/www.ebihal.hu\\\/shop\\\/mucsali\\\/gumicsali\\\/iam-format\\\/iam-pioneer\\\/pioneer-88mm\\\/iam-format-pioneer-88mm-f18\\\/#primaryimage\",\"url\":\"https:\\\/\\\/www.ebihal.hu\\\/wp-content\\\/uploads\\\/2021\\\/03\\\/f18.jpg\",\"contentUrl\":\"https:\\\/\\\/www.ebihal.hu\\\/wp-content\\\/uploads\\\/2021\\\/03\\\/f18.jpg\",\"width\":400,\"height\":400,\"caption\":\"IAM Format Pioneer #F18\"},{\"@type\":\"BreadcrumbList\",\"@id\":\"https:\\\/\\\/www.ebihal.hu\\\/shop\\\/mucsali\\\/gumicsali\\\/iam-format\\\/iam-pioneer\\\/pioneer-88mm\\\/iam-format-pioneer-88mm-f18\\\/#breadcrumb\",\"itemListElement\":[{\"@type\":\"ListItem\",\"position\":1,\"name\":\"Kezd\u0151lap\",\"item\":\"https:\\\/\\\/www.ebihal.hu\\\/\"},{\"@type\":\"ListItem\",\"position\":2,\"name\":\"M\u0171csali \u00e1ruh\u00e1z\",\"item\":\"https:\\\/\\\/www.ebihal.hu\\\/\"},{\"@type\":\"ListItem\",\"position\":3,\"name\":\"IAM Format Pioneer 88mm #F18\"}]},{\"@type\":\"WebSite\",\"@id\":\"https:\\\/\\\/www.ebihal.hu\\\/#website\",\"url\":\"https:\\\/\\\/www.ebihal.hu\\\/\",\"name\":\"Ebihal\",\"description\":\"Fish &amp; Jigs\",\"publisher\":{\"@id\":\"https:\\\/\\\/www.ebihal.hu\\\/#organization\"},\"potentialAction\":[{\"@type\":\"SearchAction\",\"target\":{\"@type\":\"EntryPoint\",\"urlTemplate\":\"https:\\\/\\\/www.ebihal.hu\\\/?s={search_term_string}\"},\"query-input\":{\"@type\":\"PropertyValueSpecification\",\"valueRequired\":true,\"valueName\":\"search_term_string\"}}],\"inLanguage\":\"en-GB\"},{\"@type\":\"Organization\",\"@id\":\"https:\\\/\\\/www.ebihal.hu\\\/#organization\",\"name\":\"Bir\u00f3 Csaba egy\u00e9ni v\u00e1llalkoz\u00f3\",\"url\":\"https:\\\/\\\/www.ebihal.hu\\\/\",\"logo\":{\"@type\":\"ImageObject\",\"inLanguage\":\"en-GB\",\"@id\":\"https:\\\/\\\/www.ebihal.hu\\\/#\\\/schema\\\/logo\\\/image\\\/\",\"url\":\"https:\\\/\\\/www.ebihal.hu\\\/wp-content\\\/uploads\\\/2021\\\/02\\\/brand_logo_mini.png\",\"contentUrl\":\"https:\\\/\\\/www.ebihal.hu\\\/wp-content\\\/uploads\\\/2021\\\/02\\\/brand_logo_mini.png\",\"width\":300,\"height\":300,\"caption\":\"Bir\u00f3 Csaba egy\u00e9ni v\u00e1llalkoz\u00f3\"},\"image\":{\"@id\":\"https:\\\/\\\/www.ebihal.hu\\\/#\\\/schema\\\/logo\\\/image\\\/\"},\"sameAs\":[\"https:\\\/\\\/www.facebook.com\\\/ebihal\"]}]}<\/script>\n<!-- \/ Yoast SEO plugin. -->","yoast_head_json":{"title":"IAM Format Pioneer 88mm #F18 gumihal - Ebihal","description":"Ak\u00e1r lass\u00fa, ak\u00e1r gyors bevontat\u00e1skor is intenz\u00edv mozg\u00e1st produk\u00e1l az IAM Format Pioneer gumihala. \u00cdzes\u00edtett, lassan s\u00fcllyed. #F18 sz\u00ednk\u00f3d.","robots":{"index":"index","follow":"follow","max-snippet":"max-snippet:-1","max-image-preview":"max-image-preview:large","max-video-preview":"max-video-preview:-1"},"canonical":"https:\/\/www.ebihal.hu\/en\/shop\/mucsali\/gumicsali\/iam-format\/iam-pioneer\/pioneer-88mm\/iam-format-pioneer-88mm-f18\/","og_locale":"en_GB","og_type":"article","og_title":"IAM Format Pioneer 88mm #F18 gumihal - Ebihal","og_description":"Ak\u00e1r lass\u00fa, ak\u00e1r gyors bevontat\u00e1skor is intenz\u00edv mozg\u00e1st produk\u00e1l az IAM Format Pioneer gumihala. \u00cdzes\u00edtett, lassan s\u00fcllyed. #F18 sz\u00ednk\u00f3d.","og_url":"https:\/\/www.ebihal.hu\/en\/shop\/mucsali\/gumicsali\/iam-format\/iam-pioneer\/pioneer-88mm\/iam-format-pioneer-88mm-f18\/","og_site_name":"Ebihal","article_publisher":"https:\/\/www.facebook.com\/ebihal","article_modified_time":"2026-01-29T06:40:19+00:00","og_image":[{"width":400,"height":400,"url":"https:\/\/www.ebihal.hu\/wp-content\/uploads\/2021\/03\/f18.jpg","type":"image\/jpeg"}],"twitter_card":"summary_large_image","twitter_misc":{"Estimated reading time":"1 minute"},"schema":{"@context":"https:\/\/schema.org","@graph":[{"@type":"WebPage","@id":"https:\/\/www.ebihal.hu\/shop\/mucsali\/gumicsali\/iam-format\/iam-pioneer\/pioneer-88mm\/iam-format-pioneer-88mm-f18\/","url":"https:\/\/www.ebihal.hu\/shop\/mucsali\/gumicsali\/iam-format\/iam-pioneer\/pioneer-88mm\/iam-format-pioneer-88mm-f18\/","name":"IAM Format Pioneer 88mm #F18 gumihal - Ebihal","isPartOf":{"@id":"https:\/\/www.ebihal.hu\/#website"},"primaryImageOfPage":{"@id":"https:\/\/www.ebihal.hu\/shop\/mucsali\/gumicsali\/iam-format\/iam-pioneer\/pioneer-88mm\/iam-format-pioneer-88mm-f18\/#primaryimage"},"image":{"@id":"https:\/\/www.ebihal.hu\/shop\/mucsali\/gumicsali\/iam-format\/iam-pioneer\/pioneer-88mm\/iam-format-pioneer-88mm-f18\/#primaryimage"},"thumbnailUrl":"https:\/\/www.ebihal.hu\/wp-content\/uploads\/2021\/03\/f18.jpg","datePublished":"2021-03-11T17:03:32+00:00","dateModified":"2026-01-29T06:40:19+00:00","description":"Ak\u00e1r lass\u00fa, ak\u00e1r gyors bevontat\u00e1skor is intenz\u00edv mozg\u00e1st produk\u00e1l az IAM Format Pioneer gumihala. \u00cdzes\u00edtett, lassan s\u00fcllyed. #F18 sz\u00ednk\u00f3d.","breadcrumb":{"@id":"https:\/\/www.ebihal.hu\/shop\/mucsali\/gumicsali\/iam-format\/iam-pioneer\/pioneer-88mm\/iam-format-pioneer-88mm-f18\/#breadcrumb"},"inLanguage":"en-GB","potentialAction":[{"@type":"ReadAction","target":["https:\/\/www.ebihal.hu\/shop\/mucsali\/gumicsali\/iam-format\/iam-pioneer\/pioneer-88mm\/iam-format-pioneer-88mm-f18\/"]}]},{"@type":"ImageObject","inLanguage":"en-GB","@id":"https:\/\/www.ebihal.hu\/shop\/mucsali\/gumicsali\/iam-format\/iam-pioneer\/pioneer-88mm\/iam-format-pioneer-88mm-f18\/#primaryimage","url":"https:\/\/www.ebihal.hu\/wp-content\/uploads\/2021\/03\/f18.jpg","contentUrl":"https:\/\/www.ebihal.hu\/wp-content\/uploads\/2021\/03\/f18.jpg","width":400,"height":400,"caption":"IAM Format Pioneer #F18"},{"@type":"BreadcrumbList","@id":"https:\/\/www.ebihal.hu\/shop\/mucsali\/gumicsali\/iam-format\/iam-pioneer\/pioneer-88mm\/iam-format-pioneer-88mm-f18\/#breadcrumb","itemListElement":[{"@type":"ListItem","position":1,"name":"Kezd\u0151lap","item":"https:\/\/www.ebihal.hu\/"},{"@type":"ListItem","position":2,"name":"M\u0171csali \u00e1ruh\u00e1z","item":"https:\/\/www.ebihal.hu\/"},{"@type":"ListItem","position":3,"name":"IAM Format Pioneer 88mm #F18"}]},{"@type":"WebSite","@id":"https:\/\/www.ebihal.hu\/#website","url":"https:\/\/www.ebihal.hu\/","name":"Ebihal","description":"Fish &amp; Jigs","publisher":{"@id":"https:\/\/www.ebihal.hu\/#organization"},"potentialAction":[{"@type":"SearchAction","target":{"@type":"EntryPoint","urlTemplate":"https:\/\/www.ebihal.hu\/?s={search_term_string}"},"query-input":{"@type":"PropertyValueSpecification","valueRequired":true,"valueName":"search_term_string"}}],"inLanguage":"en-GB"},{"@type":"Organization","@id":"https:\/\/www.ebihal.hu\/#organization","name":"Bir\u00f3 Csaba egy\u00e9ni v\u00e1llalkoz\u00f3","url":"https:\/\/www.ebihal.hu\/","logo":{"@type":"ImageObject","inLanguage":"en-GB","@id":"https:\/\/www.ebihal.hu\/#\/schema\/logo\/image\/","url":"https:\/\/www.ebihal.hu\/wp-content\/uploads\/2021\/02\/brand_logo_mini.png","contentUrl":"https:\/\/www.ebihal.hu\/wp-content\/uploads\/2021\/02\/brand_logo_mini.png","width":300,"height":300,"caption":"Bir\u00f3 Csaba egy\u00e9ni v\u00e1llalkoz\u00f3"},"image":{"@id":"https:\/\/www.ebihal.hu\/#\/schema\/logo\/image\/"},"sameAs":["https:\/\/www.facebook.com\/ebihal"]}]}},"_links":{"self":[{"href":"https:\/\/www.ebihal.hu\/en\/wp-json\/wp\/v2\/product\/2905","targetHints":{"allow":["GET"]}}],"collection":[{"href":"https:\/\/www.ebihal.hu\/en\/wp-json\/wp\/v2\/product"}],"about":[{"href":"https:\/\/www.ebihal.hu\/en\/wp-json\/wp\/v2\/types\/product"}],"replies":[{"embeddable":true,"href":"https:\/\/www.ebihal.hu\/en\/wp-json\/wp\/v2\/comments?post=2905"}],"wp:featuredmedia":[{"embeddable":true,"href":"https:\/\/www.ebihal.hu\/en\/wp-json\/wp\/v2\/media\/2874"}],"wp:attachment":[{"href":"https:\/\/www.ebihal.hu\/en\/wp-json\/wp\/v2\/media?parent=2905"}],"wp:term":[{"taxonomy":"product_cat","embeddable":true,"href":"https:\/\/www.ebihal.hu\/en\/wp-json\/wp\/v2\/product_cat?post=2905"},{"taxonomy":"product_tag","embeddable":true,"href":"https:\/\/www.ebihal.hu\/en\/wp-json\/wp\/v2\/product_tag?post=2905"}],"curies":[{"name":"wp","href":"https:\/\/api.w.org\/{rel}","templated":true}]}}