{"id":2719,"date":"2021-03-09T19:37:46","date_gmt":"2021-03-09T18:37:46","guid":{"rendered":"https:\/\/www.ebihal.hu\/?post_type=product&#038;p=2719"},"modified":"2026-04-03T03:49:31","modified_gmt":"2026-04-03T02:49:31","slug":"narval-shprota-carrot-8cm","status":"publish","type":"product","link":"https:\/\/www.ebihal.hu\/en\/shop\/mucsali\/gumicsali\/narval\/shprota\/8cm-shprota\/narval-shprota-carrot-8cm\/","title":{"rendered":"Narval Shprota Carrot 8 cm"},"content":{"rendered":"<p>A Narval Shprota gumihala sz\u00edv\u00f3s, rugalmas anyagb\u00f3l k\u00e9sz\u00fcl; foly\u00f3v\u00edzen, tavon egyar\u00e1nt eredm\u00e9nyesen bevethet\u0151, realisztikus megjelen\u00e9s\u0171 csali. B\u00e1rmilyen horogt\u0171z\u00e9si technika mellett j\u00f3l \u00e9rv\u00e9nyes\u00fcl. Nem csak a mozg\u00e1sa, a l\u00e1tv\u00e1nya is megt\u00e9veszti a ragadoz\u00f3kat.<\/p>\n<p>8 g a s\u00falya, 10 cm hossz\u00fa, 1 db gumihal (5 db rendel\u00e9se eset\u00e9n bontatlan, gy\u00e1ri csomagol\u00e1s\u00e1ban sz\u00e1ll\u00edtjuk).<\/p>\n<p><iframe loading=\"lazy\" src=\"https:\/\/www.youtube.com\/embed\/WHq_YBj9FpU\" width=\"560\" height=\"315\" frameborder=\"0\" allowfullscreen=\"allowfullscreen\"><\/iframe><\/p>\n<h4>Additional information<\/h4>\n<p><code><table class=\"woocommerce-product-attributes shop_attributes\" aria-label=\"Product Details\" data-no-translation-aria-label=\"\">\n\t\t\t<tr class=\"woocommerce-product-attributes-item woocommerce-product-attributes-item--weight\">\n\t\t\t<th class=\"woocommerce-product-attributes-item__label\" scope=\"row\" data-no-translation=\"\" data-trp-gettext=\"\">Weight<\/th>\n\t\t\t<td class=\"woocommerce-product-attributes-item__value\">0.046 kg<\/td>\n\t\t<\/tr>\n\t\t\t<tr class=\"woocommerce-product-attributes-item woocommerce-product-attributes-item--attribute_pa_brand\">\n\t\t\t<th class=\"woocommerce-product-attributes-item__label\" scope=\"row\">Brand<\/th>\n\t\t\t<td class=\"woocommerce-product-attributes-item__value\"><p>Narval<\/p>\n<\/td>\n\t\t<\/tr>\n\t\t\t<tr class=\"woocommerce-product-attributes-item woocommerce-product-attributes-item--attribute_pa_color\">\n\t\t\t<th class=\"woocommerce-product-attributes-item__label\" scope=\"row\">Color<\/th>\n\t\t\t<td class=\"woocommerce-product-attributes-item__value\"><p>Carrot<\/p>\n<\/td>\n\t\t<\/tr>\n\t\t\t<tr class=\"woocommerce-product-attributes-item woocommerce-product-attributes-item--attribute_pa_meret\">\n\t\t\t<th class=\"woocommerce-product-attributes-item__label\" scope=\"row\">Size<\/th>\n\t\t\t<td class=\"woocommerce-product-attributes-item__value\"><p>80 mm<\/p>\n<\/td>\n\t\t<\/tr>\n\t\t\t<tr class=\"woocommerce-product-attributes-item woocommerce-product-attributes-item--attribute_pa_madein\">\n\t\t\t<th class=\"woocommerce-product-attributes-item__label\" scope=\"row\">Country of origin<\/th>\n\t\t\t<td class=\"woocommerce-product-attributes-item__value\"><p>Oroszorsz\u00e1g<\/p>\n<\/td>\n\t\t<\/tr>\n\t\t\t<tr class=\"woocommerce-product-attributes-item woocommerce-product-attributes-item--attribute_pa_kiszereles\">\n\t\t\t<th class=\"woocommerce-product-attributes-item__label\" scope=\"row\">Packaging<\/th>\n\t\t\t<td class=\"woocommerce-product-attributes-item__value\"><p>1 piece<\/p>\n<\/td>\n\t\t<\/tr>\n\t<\/table>\n<\/code><\/p>","protected":false},"excerpt":{"rendered":"<p>1 db gumihal<\/p>","protected":false},"featured_media":2720,"comment_status":"open","ping_status":"closed","template":"","meta":[],"product_cat":[227,74,40,138,186],"product_tag":[696,147,818,148,814,142,230,146],"class_list":{"0":"post-2719","1":"product","2":"type-product","3":"status-publish","4":"has-post-thumbnail","6":"product_brand-narval","7":"product_cat-8cm-shprota","8":"product_cat-gumicsali","9":"product_cat-mucsali","10":"product_cat-narval","11":"product_cat-shprota","12":"product_tag-carrot","13":"product_tag-csuka","14":"product_tag-gumihal","15":"product_tag-harcsa","16":"product_tag-l","17":"product_tag-narval","18":"product_tag-shprota","19":"product_tag-sullo","21":"first","22":"instock","23":"shipping-taxable","24":"purchasable","25":"product-type-simple"},"supplier_id":1899,"supplier_sku":"","barcode":null,"atum_controlled":true,"out_stock_date":null,"out_stock_threshold":null,"inheritable":false,"inbound_stock":0,"stock_on_hold":5,"sold_today":0,"sales_last_days":5,"reserved_stock":0,"customer_returns":0,"warehouse_damage":0,"lost_in_post":0,"other_logs":0,"out_stock_days":0,"lost_sales":0,"has_location":false,"update_date":"2026-04-15T00:31:33","atum_locations":[],"atum_stock_status":"instock","restock_status":false,"low_stock_amount":"","sales_update_date":"2026-04-15T00:31:33","calc_backorders":null,"yoast_head":"<!-- This site is optimized with the Yoast SEO plugin v27.4 - https:\/\/yoast.com\/product\/yoast-seo-wordpress\/ -->\n<title>Narval Shprota Carrot 8 cm gumihal - Ebihal<\/title>\n<meta name=\"description\" content=\"Kem\u00e9nyp\u00e1ly\u00e1s, nagyhalas s\u00fcll\u0151z\u0151-csuk\u00e1z\u00f3 csali. B\u00e1rmilyen horogt\u0171z\u00e9si technika mellett j\u00f3l \u00e9rv\u00e9nyes\u00fcl a Narval Shprota. Carrot.\" \/>\n<meta name=\"robots\" content=\"index, follow, max-snippet:-1, max-image-preview:large, max-video-preview:-1\" \/>\n<link rel=\"canonical\" href=\"https:\/\/www.ebihal.hu\/en\/shop\/mucsali\/gumicsali\/narval\/shprota\/8cm-shprota\/narval-shprota-carrot-8cm\/\" \/>\n<meta property=\"og:locale\" content=\"en_GB\" \/>\n<meta property=\"og:type\" content=\"article\" \/>\n<meta property=\"og:title\" content=\"Narval Shprota Carrot 8 cm gumihal - Ebihal\" \/>\n<meta property=\"og:description\" content=\"Kem\u00e9nyp\u00e1ly\u00e1s, nagyhalas s\u00fcll\u0151z\u0151-csuk\u00e1z\u00f3 csali. B\u00e1rmilyen horogt\u0171z\u00e9si technika mellett j\u00f3l \u00e9rv\u00e9nyes\u00fcl a Narval Shprota. Carrot.\" \/>\n<meta property=\"og:url\" content=\"https:\/\/www.ebihal.hu\/en\/shop\/mucsali\/gumicsali\/narval\/shprota\/8cm-shprota\/narval-shprota-carrot-8cm\/\" \/>\n<meta property=\"og:site_name\" content=\"Ebihal\" \/>\n<meta property=\"article:publisher\" content=\"https:\/\/www.facebook.com\/ebihal\" \/>\n<meta property=\"article:modified_time\" content=\"2026-04-03T02:49:31+00:00\" \/>\n<meta property=\"og:image\" content=\"https:\/\/www.ebihal.hu\/wp-content\/uploads\/2021\/03\/023.jpg\" \/>\n\t<meta property=\"og:image:width\" content=\"400\" \/>\n\t<meta property=\"og:image:height\" content=\"400\" \/>\n\t<meta property=\"og:image:type\" content=\"image\/jpeg\" \/>\n<meta name=\"twitter:card\" content=\"summary_large_image\" \/>\n<meta name=\"twitter:label1\" content=\"Estimated reading time\" \/>\n\t<meta name=\"twitter:data1\" content=\"1 minute\" \/>\n<script type=\"application\/ld+json\" class=\"yoast-schema-graph\">{\"@context\":\"https:\\\/\\\/schema.org\",\"@graph\":[{\"@type\":\"WebPage\",\"@id\":\"https:\\\/\\\/www.ebihal.hu\\\/shop\\\/mucsali\\\/gumicsali\\\/narval\\\/shprota\\\/8cm-shprota\\\/narval-shprota-carrot-8cm\\\/\",\"url\":\"https:\\\/\\\/www.ebihal.hu\\\/shop\\\/mucsali\\\/gumicsali\\\/narval\\\/shprota\\\/8cm-shprota\\\/narval-shprota-carrot-8cm\\\/\",\"name\":\"Narval Shprota Carrot 8 cm gumihal - Ebihal\",\"isPartOf\":{\"@id\":\"https:\\\/\\\/www.ebihal.hu\\\/#website\"},\"primaryImageOfPage\":{\"@id\":\"https:\\\/\\\/www.ebihal.hu\\\/shop\\\/mucsali\\\/gumicsali\\\/narval\\\/shprota\\\/8cm-shprota\\\/narval-shprota-carrot-8cm\\\/#primaryimage\"},\"image\":{\"@id\":\"https:\\\/\\\/www.ebihal.hu\\\/shop\\\/mucsali\\\/gumicsali\\\/narval\\\/shprota\\\/8cm-shprota\\\/narval-shprota-carrot-8cm\\\/#primaryimage\"},\"thumbnailUrl\":\"https:\\\/\\\/www.ebihal.hu\\\/wp-content\\\/uploads\\\/2021\\\/03\\\/023.jpg\",\"datePublished\":\"2021-03-09T18:37:46+00:00\",\"dateModified\":\"2026-04-03T02:49:31+00:00\",\"description\":\"Kem\u00e9nyp\u00e1ly\u00e1s, nagyhalas s\u00fcll\u0151z\u0151-csuk\u00e1z\u00f3 csali. B\u00e1rmilyen horogt\u0171z\u00e9si technika mellett j\u00f3l \u00e9rv\u00e9nyes\u00fcl a Narval Shprota. Carrot.\",\"breadcrumb\":{\"@id\":\"https:\\\/\\\/www.ebihal.hu\\\/shop\\\/mucsali\\\/gumicsali\\\/narval\\\/shprota\\\/8cm-shprota\\\/narval-shprota-carrot-8cm\\\/#breadcrumb\"},\"inLanguage\":\"en-GB\",\"potentialAction\":[{\"@type\":\"ReadAction\",\"target\":[\"https:\\\/\\\/www.ebihal.hu\\\/shop\\\/mucsali\\\/gumicsali\\\/narval\\\/shprota\\\/8cm-shprota\\\/narval-shprota-carrot-8cm\\\/\"]}]},{\"@type\":\"ImageObject\",\"inLanguage\":\"en-GB\",\"@id\":\"https:\\\/\\\/www.ebihal.hu\\\/shop\\\/mucsali\\\/gumicsali\\\/narval\\\/shprota\\\/8cm-shprota\\\/narval-shprota-carrot-8cm\\\/#primaryimage\",\"url\":\"https:\\\/\\\/www.ebihal.hu\\\/wp-content\\\/uploads\\\/2021\\\/03\\\/023.jpg\",\"contentUrl\":\"https:\\\/\\\/www.ebihal.hu\\\/wp-content\\\/uploads\\\/2021\\\/03\\\/023.jpg\",\"width\":400,\"height\":400,\"caption\":\"Narval Shprota Carrot 8 cm\"},{\"@type\":\"BreadcrumbList\",\"@id\":\"https:\\\/\\\/www.ebihal.hu\\\/shop\\\/mucsali\\\/gumicsali\\\/narval\\\/shprota\\\/8cm-shprota\\\/narval-shprota-carrot-8cm\\\/#breadcrumb\",\"itemListElement\":[{\"@type\":\"ListItem\",\"position\":1,\"name\":\"Kezd\u0151lap\",\"item\":\"https:\\\/\\\/www.ebihal.hu\\\/\"},{\"@type\":\"ListItem\",\"position\":2,\"name\":\"M\u0171csali \u00e1ruh\u00e1z\",\"item\":\"https:\\\/\\\/www.ebihal.hu\\\/\"},{\"@type\":\"ListItem\",\"position\":3,\"name\":\"Narval Shprota Carrot 8 cm\"}]},{\"@type\":\"WebSite\",\"@id\":\"https:\\\/\\\/www.ebihal.hu\\\/#website\",\"url\":\"https:\\\/\\\/www.ebihal.hu\\\/\",\"name\":\"Ebihal\",\"description\":\"Fish &amp; Jigs\",\"publisher\":{\"@id\":\"https:\\\/\\\/www.ebihal.hu\\\/#organization\"},\"potentialAction\":[{\"@type\":\"SearchAction\",\"target\":{\"@type\":\"EntryPoint\",\"urlTemplate\":\"https:\\\/\\\/www.ebihal.hu\\\/?s={search_term_string}\"},\"query-input\":{\"@type\":\"PropertyValueSpecification\",\"valueRequired\":true,\"valueName\":\"search_term_string\"}}],\"inLanguage\":\"en-GB\"},{\"@type\":\"Organization\",\"@id\":\"https:\\\/\\\/www.ebihal.hu\\\/#organization\",\"name\":\"Bir\u00f3 Csaba egy\u00e9ni v\u00e1llalkoz\u00f3\",\"url\":\"https:\\\/\\\/www.ebihal.hu\\\/\",\"logo\":{\"@type\":\"ImageObject\",\"inLanguage\":\"en-GB\",\"@id\":\"https:\\\/\\\/www.ebihal.hu\\\/#\\\/schema\\\/logo\\\/image\\\/\",\"url\":\"https:\\\/\\\/www.ebihal.hu\\\/wp-content\\\/uploads\\\/2021\\\/02\\\/brand_logo_mini.png\",\"contentUrl\":\"https:\\\/\\\/www.ebihal.hu\\\/wp-content\\\/uploads\\\/2021\\\/02\\\/brand_logo_mini.png\",\"width\":300,\"height\":300,\"caption\":\"Bir\u00f3 Csaba egy\u00e9ni v\u00e1llalkoz\u00f3\"},\"image\":{\"@id\":\"https:\\\/\\\/www.ebihal.hu\\\/#\\\/schema\\\/logo\\\/image\\\/\"},\"sameAs\":[\"https:\\\/\\\/www.facebook.com\\\/ebihal\"]}]}<\/script>\n<!-- \/ Yoast SEO plugin. -->","yoast_head_json":{"title":"Narval Shprota Carrot 8 cm gumihal - Ebihal","description":"Kem\u00e9nyp\u00e1ly\u00e1s, nagyhalas s\u00fcll\u0151z\u0151-csuk\u00e1z\u00f3 csali. B\u00e1rmilyen horogt\u0171z\u00e9si technika mellett j\u00f3l \u00e9rv\u00e9nyes\u00fcl a Narval Shprota. Carrot.","robots":{"index":"index","follow":"follow","max-snippet":"max-snippet:-1","max-image-preview":"max-image-preview:large","max-video-preview":"max-video-preview:-1"},"canonical":"https:\/\/www.ebihal.hu\/en\/shop\/mucsali\/gumicsali\/narval\/shprota\/8cm-shprota\/narval-shprota-carrot-8cm\/","og_locale":"en_GB","og_type":"article","og_title":"Narval Shprota Carrot 8 cm gumihal - Ebihal","og_description":"Kem\u00e9nyp\u00e1ly\u00e1s, nagyhalas s\u00fcll\u0151z\u0151-csuk\u00e1z\u00f3 csali. B\u00e1rmilyen horogt\u0171z\u00e9si technika mellett j\u00f3l \u00e9rv\u00e9nyes\u00fcl a Narval Shprota. Carrot.","og_url":"https:\/\/www.ebihal.hu\/en\/shop\/mucsali\/gumicsali\/narval\/shprota\/8cm-shprota\/narval-shprota-carrot-8cm\/","og_site_name":"Ebihal","article_publisher":"https:\/\/www.facebook.com\/ebihal","article_modified_time":"2026-04-03T02:49:31+00:00","og_image":[{"width":400,"height":400,"url":"https:\/\/www.ebihal.hu\/wp-content\/uploads\/2021\/03\/023.jpg","type":"image\/jpeg"}],"twitter_card":"summary_large_image","twitter_misc":{"Estimated reading time":"1 minute"},"schema":{"@context":"https:\/\/schema.org","@graph":[{"@type":"WebPage","@id":"https:\/\/www.ebihal.hu\/shop\/mucsali\/gumicsali\/narval\/shprota\/8cm-shprota\/narval-shprota-carrot-8cm\/","url":"https:\/\/www.ebihal.hu\/shop\/mucsali\/gumicsali\/narval\/shprota\/8cm-shprota\/narval-shprota-carrot-8cm\/","name":"Narval Shprota Carrot 8 cm gumihal - Ebihal","isPartOf":{"@id":"https:\/\/www.ebihal.hu\/#website"},"primaryImageOfPage":{"@id":"https:\/\/www.ebihal.hu\/shop\/mucsali\/gumicsali\/narval\/shprota\/8cm-shprota\/narval-shprota-carrot-8cm\/#primaryimage"},"image":{"@id":"https:\/\/www.ebihal.hu\/shop\/mucsali\/gumicsali\/narval\/shprota\/8cm-shprota\/narval-shprota-carrot-8cm\/#primaryimage"},"thumbnailUrl":"https:\/\/www.ebihal.hu\/wp-content\/uploads\/2021\/03\/023.jpg","datePublished":"2021-03-09T18:37:46+00:00","dateModified":"2026-04-03T02:49:31+00:00","description":"Kem\u00e9nyp\u00e1ly\u00e1s, nagyhalas s\u00fcll\u0151z\u0151-csuk\u00e1z\u00f3 csali. B\u00e1rmilyen horogt\u0171z\u00e9si technika mellett j\u00f3l \u00e9rv\u00e9nyes\u00fcl a Narval Shprota. Carrot.","breadcrumb":{"@id":"https:\/\/www.ebihal.hu\/shop\/mucsali\/gumicsali\/narval\/shprota\/8cm-shprota\/narval-shprota-carrot-8cm\/#breadcrumb"},"inLanguage":"en-GB","potentialAction":[{"@type":"ReadAction","target":["https:\/\/www.ebihal.hu\/shop\/mucsali\/gumicsali\/narval\/shprota\/8cm-shprota\/narval-shprota-carrot-8cm\/"]}]},{"@type":"ImageObject","inLanguage":"en-GB","@id":"https:\/\/www.ebihal.hu\/shop\/mucsali\/gumicsali\/narval\/shprota\/8cm-shprota\/narval-shprota-carrot-8cm\/#primaryimage","url":"https:\/\/www.ebihal.hu\/wp-content\/uploads\/2021\/03\/023.jpg","contentUrl":"https:\/\/www.ebihal.hu\/wp-content\/uploads\/2021\/03\/023.jpg","width":400,"height":400,"caption":"Narval Shprota Carrot 8 cm"},{"@type":"BreadcrumbList","@id":"https:\/\/www.ebihal.hu\/shop\/mucsali\/gumicsali\/narval\/shprota\/8cm-shprota\/narval-shprota-carrot-8cm\/#breadcrumb","itemListElement":[{"@type":"ListItem","position":1,"name":"Kezd\u0151lap","item":"https:\/\/www.ebihal.hu\/"},{"@type":"ListItem","position":2,"name":"M\u0171csali \u00e1ruh\u00e1z","item":"https:\/\/www.ebihal.hu\/"},{"@type":"ListItem","position":3,"name":"Narval Shprota Carrot 8 cm"}]},{"@type":"WebSite","@id":"https:\/\/www.ebihal.hu\/#website","url":"https:\/\/www.ebihal.hu\/","name":"Ebihal","description":"Fish &amp; Jigs","publisher":{"@id":"https:\/\/www.ebihal.hu\/#organization"},"potentialAction":[{"@type":"SearchAction","target":{"@type":"EntryPoint","urlTemplate":"https:\/\/www.ebihal.hu\/?s={search_term_string}"},"query-input":{"@type":"PropertyValueSpecification","valueRequired":true,"valueName":"search_term_string"}}],"inLanguage":"en-GB"},{"@type":"Organization","@id":"https:\/\/www.ebihal.hu\/#organization","name":"Bir\u00f3 Csaba egy\u00e9ni v\u00e1llalkoz\u00f3","url":"https:\/\/www.ebihal.hu\/","logo":{"@type":"ImageObject","inLanguage":"en-GB","@id":"https:\/\/www.ebihal.hu\/#\/schema\/logo\/image\/","url":"https:\/\/www.ebihal.hu\/wp-content\/uploads\/2021\/02\/brand_logo_mini.png","contentUrl":"https:\/\/www.ebihal.hu\/wp-content\/uploads\/2021\/02\/brand_logo_mini.png","width":300,"height":300,"caption":"Bir\u00f3 Csaba egy\u00e9ni v\u00e1llalkoz\u00f3"},"image":{"@id":"https:\/\/www.ebihal.hu\/#\/schema\/logo\/image\/"},"sameAs":["https:\/\/www.facebook.com\/ebihal"]}]}},"_links":{"self":[{"href":"https:\/\/www.ebihal.hu\/en\/wp-json\/wp\/v2\/product\/2719","targetHints":{"allow":["GET"]}}],"collection":[{"href":"https:\/\/www.ebihal.hu\/en\/wp-json\/wp\/v2\/product"}],"about":[{"href":"https:\/\/www.ebihal.hu\/en\/wp-json\/wp\/v2\/types\/product"}],"replies":[{"embeddable":true,"href":"https:\/\/www.ebihal.hu\/en\/wp-json\/wp\/v2\/comments?post=2719"}],"wp:featuredmedia":[{"embeddable":true,"href":"https:\/\/www.ebihal.hu\/en\/wp-json\/wp\/v2\/media\/2720"}],"wp:attachment":[{"href":"https:\/\/www.ebihal.hu\/en\/wp-json\/wp\/v2\/media?parent=2719"}],"wp:term":[{"taxonomy":"product_cat","embeddable":true,"href":"https:\/\/www.ebihal.hu\/en\/wp-json\/wp\/v2\/product_cat?post=2719"},{"taxonomy":"product_tag","embeddable":true,"href":"https:\/\/www.ebihal.hu\/en\/wp-json\/wp\/v2\/product_tag?post=2719"}],"curies":[{"name":"wp","href":"https:\/\/api.w.org\/{rel}","templated":true}]}}