{"id":13955,"date":"2026-03-14T19:48:39","date_gmt":"2026-03-14T18:48:39","guid":{"rendered":"https:\/\/www.ebihal.hu\/?post_type=product&#038;p=13955"},"modified":"2026-04-14T13:28:30","modified_gmt":"2026-04-14T12:28:30","slug":"flagman-24-blackfire-mobile-80l-2-44m-5-15g-travel-pergeto-bot","status":"publish","type":"product","link":"https:\/\/www.ebihal.hu\/en\/shop\/pergeto-bot\/l-m-mh-peregto-botok\/flagman-24-blackfire-mobile-80l-2-44m-5-15g-travel-pergeto-bot\/","title":{"rendered":"Flagman &#8217;24 Blackfire Mobile 80L 2.44m 5-15g travel perget\u0151 bot"},"content":{"rendered":"<p>A Flagman &#8217;24 Blackfire Mobile perget\u0151bot-csal\u00e1d k\u00f6z\u00e9ps\u0151, <strong>80L<\/strong>\u00a0t\u00edpussz\u00e1m\u00fa tagja, <strong>2,44 m<\/strong> hossz\u00fa \u00e9s <strong>5-15g<\/strong> dob\u00f3s\u00faly\u00fa. 30T modul\u00e1ris karbonb\u00f3l k\u00e9sz\u00fcl, gyors akci\u00f3j\u00fa, de nincs t\u00falfesz\u00edtve, \u00edgy terhel\u00e9s alatt a blank nagy r\u00e9sze dolgozik, ami kiv\u00e1l\u00f3 dob\u00e1si tulajdons\u00e1gokat \u00e9s a f\u00e1raszt\u00e1s k\u00f6zbeni \u00fct\u00e9sek, kirohan\u00e1sok elnyel\u00e9s\u00e9t is biztos\u00edtja.<\/p>\n<p>K\u00f6nny\u0171 SIC bet\u00e9tekkel ell\u00e1tott vezet\u0151gy\u0171r\u0171kkel lett felszerelve. A gy\u0171r\u0171k elhelyez\u00e9s\u00e9nek, a bet\u00e9t\u00e1tm\u00e9r\u0151k \u00e9s a l\u00e1bm\u00e9retek koncepci\u00f3ja \u00fagy lett kialak\u00edtva, hogy maximaliz\u00e1lja az \u00e9rz\u00e9kenys\u00e9get, tehermentes\u00edtse a blankot \u00e9s seg\u00edtsen n\u00f6velni a dob\u00e1st\u00e1vols\u00e1got. A k\u00e9nyelmes, kiv\u00e1l\u00f3 min\u0151s\u00e9g\u0171 EVA-b\u00f3l k\u00e9sz\u00fclt, k\u00e9zbe-karba simul\u00f3 ny\u00e9l ergonomikus ors\u00f3tart\u00f3val van felszerelve.<\/p>\n<p>Ez a Flagman Blackfire Mobile modell <strong>4 r\u00e9szb\u0151l \u00e1ll<\/strong>, \u00e9s <strong>cs\u0151spiccel<\/strong> k\u00e9sz\u00fclt. Annak ellen\u00e9re, hogy n\u00e9gy k\u00fcl\u00f6n\u00e1ll\u00f3 r\u00e9szb\u0151l \u00e1ll, \u00f6sszedolgozik minden tagja, nem \u00e9rezz\u00fck a tagolts\u00e1got, illetve \u00e9rz\u00e9kenys\u00e9ge is kiv\u00e1l\u00f3. <strong>Jiges \u00e9s wobbleres<\/strong> horg\u00e1szathoz egyar\u00e1nt alkalmas.<\/p>\n<p>V\u00e9g\u00fcl is a Flagman Blackfire Mobile <strong>travel perget\u0151 botok<\/strong> f\u0151 el\u0151nye a nagyfok\u00fa mobilit\u00e1s \u00e9s az \u00e1rukhoz k\u00e9pest p\u00e1ratlan tulajdons\u00e1gok.<\/p>\n<p>Param\u00e9terek:<\/p>\n<ul>\n<li>\u00d6sszt\u00f6meg: 105 g<\/li>\n<li>Sz\u00e1ll\u00edt\u00e1si hossz: 65,5 cm<\/li>\n<li>Dob\u00f3s\u00faly: 5-15 g<\/li>\n<li>Cs\u0151spicc<\/li>\n<li>Hossz: 2,44 m<\/li>\n<li>Akci\u00f3: Fast<\/li>\n<\/ul>\n<p><iframe loading=\"lazy\" title=\"YouTube video player\" src=\"https:\/\/www.youtube.com\/embed\/Q2U8D9CtihE?si=F5s5g0WeEE4PD_bD\" width=\"560\" height=\"315\" frameborder=\"0\" allowfullscreen=\"allowfullscreen\"><\/iframe><\/p>\n<h4>Additional information<\/h4>\n<table class=\"woocommerce-product-attributes shop_attributes\" aria-label=\"Product Details\" data-no-translation-aria-label=\"\">\n\t\t\t<tr class=\"woocommerce-product-attributes-item woocommerce-product-attributes-item--attribute_pa_madein\">\n\t\t\t<th class=\"woocommerce-product-attributes-item__label\" scope=\"row\">Country of origin<\/th>\n\t\t\t<td class=\"woocommerce-product-attributes-item__value\"><p>Ukrajna<\/p>\n<\/td>\n\t\t<\/tr>\n\t\t\t<tr class=\"woocommerce-product-attributes-item woocommerce-product-attributes-item--attribute_pa_meret\">\n\t\t\t<th class=\"woocommerce-product-attributes-item__label\" scope=\"row\">Size<\/th>\n\t\t\t<td class=\"woocommerce-product-attributes-item__value\"><p>2,44 m<\/p>\n<\/td>\n\t\t<\/tr>\n\t\t\t<tr class=\"woocommerce-product-attributes-item woocommerce-product-attributes-item--attribute_dob%c3%b3s%c3%baly\">\n\t\t\t<th class=\"woocommerce-product-attributes-item__label\" scope=\"row\">Dob\u00f3s\u00faly<\/th>\n\t\t\t<td class=\"woocommerce-product-attributes-item__value\"><p>5-15 g<\/p>\n<\/td>\n\t\t<\/tr>\n\t\t\t<tr class=\"woocommerce-product-attributes-item woocommerce-product-attributes-item--attribute_%c3%b6sszt%c3%b6meg\">\n\t\t\t<th class=\"woocommerce-product-attributes-item__label\" scope=\"row\">\u00d6sszt\u00f6meg<\/th>\n\t\t\t<td class=\"woocommerce-product-attributes-item__value\"><p>105 g<\/p>\n<\/td>\n\t\t<\/tr>\n\t\t\t<tr class=\"woocommerce-product-attributes-item woocommerce-product-attributes-item--attribute_pa_kiszereles\">\n\t\t\t<th class=\"woocommerce-product-attributes-item__label\" scope=\"row\">Packaging<\/th>\n\t\t\t<td class=\"woocommerce-product-attributes-item__value\"><p>1 piece<\/p>\n<\/td>\n\t\t<\/tr>\n\t<\/table>","protected":false},"excerpt":{"rendered":"<p>A Flagman &#8217;24 Blackfire Mobile perget\u0151bot-csal\u00e1d k\u00f6z\u00e9ps\u0151, 80L\u00a0t\u00edpussz\u00e1m\u00fa tagja, 2,44 m hossz\u00fa \u00e9s 5-15g dob\u00f3s\u00faly\u00fa. 30T modul\u00e1ris karbonb\u00f3l k\u00e9sz\u00fcl, gyors akci\u00f3j\u00fa, de nincs t\u00falfesz\u00edtve, \u00edgy terhel\u00e9s alatt a blank nagy r\u00e9sze dolgozik, ami kiv\u00e1l\u00f3 dob\u00e1si tulajdons\u00e1gokat \u00e9s a f\u00e1raszt\u00e1s k\u00f6zbeni \u00fct\u00e9sek, kirohan\u00e1sok elnyel\u00e9s\u00e9t is biztos\u00edtja. K\u00f6nny\u0171 SIC bet\u00e9tekkel ell\u00e1tott vezet\u0151gy\u0171r\u0171kkel&hellip; <\/p>","protected":false},"featured_media":13950,"comment_status":"open","ping_status":"closed","template":"","meta":[],"product_cat":[1746,1748],"product_tag":[2169,1646,1753,2165],"class_list":{"0":"post-13955","1":"product","2":"type-product","3":"status-publish","4":"has-post-thumbnail","6":"product_brand-flagman","7":"product_cat-pergeto-bot","8":"product_cat-l-m-mh-peregto-botok","9":"product_tag-bm80l","10":"product_tag-flagman","11":"product_tag-pergeto-bot","12":"product_tag-travel","13":"product_shipping_class-terjedelmes-aru","15":"first","16":"instock","17":"shipping-taxable","18":"purchasable","19":"product-type-simple"},"supplier_id":null,"supplier_sku":"","barcode":null,"atum_controlled":true,"out_stock_date":null,"out_stock_threshold":null,"inheritable":false,"inbound_stock":0,"stock_on_hold":0,"sold_today":0,"sales_last_days":0,"reserved_stock":0,"customer_returns":0,"warehouse_damage":0,"lost_in_post":0,"other_logs":0,"out_stock_days":0,"lost_sales":0,"has_location":false,"update_date":"2026-04-14T12:55:24","atum_locations":[],"atum_stock_status":"instock","restock_status":false,"low_stock_amount":"","sales_update_date":"2026-04-14T12:55:24","calc_backorders":null,"yoast_head":"<!-- This site is optimized with the Yoast SEO plugin v27.4 - https:\/\/yoast.com\/product\/yoast-seo-wordpress\/ -->\n<title>Flagman &#039;24 Blackfire Mobile 80L 2.44m 5-15g travel perget\u0151 bot - Ebihal<\/title>\n<meta name=\"description\" content=\"A Flagman &#039;24 Blackfire Mobile perget\u0151bot-csal\u00e1d k\u00f6z\u00e9ps\u0151, 80L\u00a0t\u00edpussz\u00e1m\u00fa tagja, 2,44 m hossz\u00fa \u00e9s 5-15g dob\u00f3s\u00faly\u00fa. Jiges \u00e9s wobbleres horg\u00e1szatra is.\" \/>\n<meta name=\"robots\" content=\"index, follow, max-snippet:-1, max-image-preview:large, max-video-preview:-1\" \/>\n<link rel=\"canonical\" href=\"https:\/\/www.ebihal.hu\/en\/shop\/pergeto-bot\/l-m-mh-peregto-botok\/flagman-24-blackfire-mobile-80l-2-44m-5-15g-travel-pergeto-bot\/\" \/>\n<meta property=\"og:locale\" content=\"en_GB\" \/>\n<meta property=\"og:type\" content=\"article\" \/>\n<meta property=\"og:title\" content=\"Flagman &#039;24 Blackfire Mobile 80L 2.44m 5-15g travel perget\u0151 bot - Ebihal\" \/>\n<meta property=\"og:description\" content=\"A Flagman &#039;24 Blackfire Mobile perget\u0151bot-csal\u00e1d k\u00f6z\u00e9ps\u0151, 80L\u00a0t\u00edpussz\u00e1m\u00fa tagja, 2,44 m hossz\u00fa \u00e9s 5-15g dob\u00f3s\u00faly\u00fa. Jiges \u00e9s wobbleres horg\u00e1szatra is.\" \/>\n<meta property=\"og:url\" content=\"https:\/\/www.ebihal.hu\/en\/shop\/pergeto-bot\/l-m-mh-peregto-botok\/flagman-24-blackfire-mobile-80l-2-44m-5-15g-travel-pergeto-bot\/\" \/>\n<meta property=\"og:site_name\" content=\"Ebihal\" \/>\n<meta property=\"article:publisher\" content=\"https:\/\/www.facebook.com\/ebihal\" \/>\n<meta property=\"article:modified_time\" content=\"2026-04-14T12:28:30+00:00\" \/>\n<meta property=\"og:image\" content=\"https:\/\/www.ebihal.hu\/wp-content\/uploads\/2026\/03\/BM70SUL.jpg\" \/>\n\t<meta property=\"og:image:width\" content=\"900\" \/>\n\t<meta property=\"og:image:height\" content=\"750\" \/>\n\t<meta property=\"og:image:type\" content=\"image\/jpeg\" \/>\n<meta name=\"twitter:card\" content=\"summary_large_image\" \/>\n<meta name=\"twitter:label1\" content=\"Estimated reading time\" \/>\n\t<meta name=\"twitter:data1\" content=\"2 minutes\" \/>\n<script type=\"application\/ld+json\" class=\"yoast-schema-graph\">{\"@context\":\"https:\\\/\\\/schema.org\",\"@graph\":[{\"@type\":\"WebPage\",\"@id\":\"https:\\\/\\\/www.ebihal.hu\\\/shop\\\/pergeto-bot\\\/l-m-mh-peregto-botok\\\/flagman-24-blackfire-mobile-80l-2-44m-5-15g-travel-pergeto-bot\\\/\",\"url\":\"https:\\\/\\\/www.ebihal.hu\\\/shop\\\/pergeto-bot\\\/l-m-mh-peregto-botok\\\/flagman-24-blackfire-mobile-80l-2-44m-5-15g-travel-pergeto-bot\\\/\",\"name\":\"Flagman '24 Blackfire Mobile 80L 2.44m 5-15g travel perget\u0151 bot - Ebihal\",\"isPartOf\":{\"@id\":\"https:\\\/\\\/www.ebihal.hu\\\/#website\"},\"primaryImageOfPage\":{\"@id\":\"https:\\\/\\\/www.ebihal.hu\\\/shop\\\/pergeto-bot\\\/l-m-mh-peregto-botok\\\/flagman-24-blackfire-mobile-80l-2-44m-5-15g-travel-pergeto-bot\\\/#primaryimage\"},\"image\":{\"@id\":\"https:\\\/\\\/www.ebihal.hu\\\/shop\\\/pergeto-bot\\\/l-m-mh-peregto-botok\\\/flagman-24-blackfire-mobile-80l-2-44m-5-15g-travel-pergeto-bot\\\/#primaryimage\"},\"thumbnailUrl\":\"https:\\\/\\\/www.ebihal.hu\\\/wp-content\\\/uploads\\\/2026\\\/03\\\/BM70SUL.jpg\",\"datePublished\":\"2026-03-14T18:48:39+00:00\",\"dateModified\":\"2026-04-14T12:28:30+00:00\",\"description\":\"A Flagman '24 Blackfire Mobile perget\u0151bot-csal\u00e1d k\u00f6z\u00e9ps\u0151, 80L\u00a0t\u00edpussz\u00e1m\u00fa tagja, 2,44 m hossz\u00fa \u00e9s 5-15g dob\u00f3s\u00faly\u00fa. Jiges \u00e9s wobbleres horg\u00e1szatra is.\",\"breadcrumb\":{\"@id\":\"https:\\\/\\\/www.ebihal.hu\\\/shop\\\/pergeto-bot\\\/l-m-mh-peregto-botok\\\/flagman-24-blackfire-mobile-80l-2-44m-5-15g-travel-pergeto-bot\\\/#breadcrumb\"},\"inLanguage\":\"en-GB\",\"potentialAction\":[{\"@type\":\"ReadAction\",\"target\":[\"https:\\\/\\\/www.ebihal.hu\\\/shop\\\/pergeto-bot\\\/l-m-mh-peregto-botok\\\/flagman-24-blackfire-mobile-80l-2-44m-5-15g-travel-pergeto-bot\\\/\"]}]},{\"@type\":\"ImageObject\",\"inLanguage\":\"en-GB\",\"@id\":\"https:\\\/\\\/www.ebihal.hu\\\/shop\\\/pergeto-bot\\\/l-m-mh-peregto-botok\\\/flagman-24-blackfire-mobile-80l-2-44m-5-15g-travel-pergeto-bot\\\/#primaryimage\",\"url\":\"https:\\\/\\\/www.ebihal.hu\\\/wp-content\\\/uploads\\\/2026\\\/03\\\/BM70SUL.jpg\",\"contentUrl\":\"https:\\\/\\\/www.ebihal.hu\\\/wp-content\\\/uploads\\\/2026\\\/03\\\/BM70SUL.jpg\",\"width\":900,\"height\":750,\"caption\":\"Flagman '24 Blackfire Mobile 70SUL perget\u0151bot 2,13m 0,5-5g\"},{\"@type\":\"BreadcrumbList\",\"@id\":\"https:\\\/\\\/www.ebihal.hu\\\/shop\\\/pergeto-bot\\\/l-m-mh-peregto-botok\\\/flagman-24-blackfire-mobile-80l-2-44m-5-15g-travel-pergeto-bot\\\/#breadcrumb\",\"itemListElement\":[{\"@type\":\"ListItem\",\"position\":1,\"name\":\"Kezd\u0151lap\",\"item\":\"https:\\\/\\\/www.ebihal.hu\\\/\"},{\"@type\":\"ListItem\",\"position\":2,\"name\":\"M\u0171csali \u00e1ruh\u00e1z\",\"item\":\"https:\\\/\\\/www.ebihal.hu\\\/\"},{\"@type\":\"ListItem\",\"position\":3,\"name\":\"Flagman &#8217;24 Blackfire Mobile 80L 2.44m 5-15g travel perget\u0151 bot\"}]},{\"@type\":\"WebSite\",\"@id\":\"https:\\\/\\\/www.ebihal.hu\\\/#website\",\"url\":\"https:\\\/\\\/www.ebihal.hu\\\/\",\"name\":\"Ebihal\",\"description\":\"Fish &amp; Jigs\",\"publisher\":{\"@id\":\"https:\\\/\\\/www.ebihal.hu\\\/#organization\"},\"potentialAction\":[{\"@type\":\"SearchAction\",\"target\":{\"@type\":\"EntryPoint\",\"urlTemplate\":\"https:\\\/\\\/www.ebihal.hu\\\/?s={search_term_string}\"},\"query-input\":{\"@type\":\"PropertyValueSpecification\",\"valueRequired\":true,\"valueName\":\"search_term_string\"}}],\"inLanguage\":\"en-GB\"},{\"@type\":\"Organization\",\"@id\":\"https:\\\/\\\/www.ebihal.hu\\\/#organization\",\"name\":\"Bir\u00f3 Csaba egy\u00e9ni v\u00e1llalkoz\u00f3\",\"url\":\"https:\\\/\\\/www.ebihal.hu\\\/\",\"logo\":{\"@type\":\"ImageObject\",\"inLanguage\":\"en-GB\",\"@id\":\"https:\\\/\\\/www.ebihal.hu\\\/#\\\/schema\\\/logo\\\/image\\\/\",\"url\":\"https:\\\/\\\/www.ebihal.hu\\\/wp-content\\\/uploads\\\/2021\\\/02\\\/brand_logo_mini.png\",\"contentUrl\":\"https:\\\/\\\/www.ebihal.hu\\\/wp-content\\\/uploads\\\/2021\\\/02\\\/brand_logo_mini.png\",\"width\":300,\"height\":300,\"caption\":\"Bir\u00f3 Csaba egy\u00e9ni v\u00e1llalkoz\u00f3\"},\"image\":{\"@id\":\"https:\\\/\\\/www.ebihal.hu\\\/#\\\/schema\\\/logo\\\/image\\\/\"},\"sameAs\":[\"https:\\\/\\\/www.facebook.com\\\/ebihal\"]}]}<\/script>\n<!-- \/ Yoast SEO plugin. -->","yoast_head_json":{"title":"Flagman '24 Blackfire Mobile 80L 2.44m 5-15g travel perget\u0151 bot - Ebihal","description":"A Flagman '24 Blackfire Mobile perget\u0151bot-csal\u00e1d k\u00f6z\u00e9ps\u0151, 80L\u00a0t\u00edpussz\u00e1m\u00fa tagja, 2,44 m hossz\u00fa \u00e9s 5-15g dob\u00f3s\u00faly\u00fa. Jiges \u00e9s wobbleres horg\u00e1szatra is.","robots":{"index":"index","follow":"follow","max-snippet":"max-snippet:-1","max-image-preview":"max-image-preview:large","max-video-preview":"max-video-preview:-1"},"canonical":"https:\/\/www.ebihal.hu\/en\/shop\/pergeto-bot\/l-m-mh-peregto-botok\/flagman-24-blackfire-mobile-80l-2-44m-5-15g-travel-pergeto-bot\/","og_locale":"en_GB","og_type":"article","og_title":"Flagman '24 Blackfire Mobile 80L 2.44m 5-15g travel perget\u0151 bot - Ebihal","og_description":"A Flagman '24 Blackfire Mobile perget\u0151bot-csal\u00e1d k\u00f6z\u00e9ps\u0151, 80L\u00a0t\u00edpussz\u00e1m\u00fa tagja, 2,44 m hossz\u00fa \u00e9s 5-15g dob\u00f3s\u00faly\u00fa. Jiges \u00e9s wobbleres horg\u00e1szatra is.","og_url":"https:\/\/www.ebihal.hu\/en\/shop\/pergeto-bot\/l-m-mh-peregto-botok\/flagman-24-blackfire-mobile-80l-2-44m-5-15g-travel-pergeto-bot\/","og_site_name":"Ebihal","article_publisher":"https:\/\/www.facebook.com\/ebihal","article_modified_time":"2026-04-14T12:28:30+00:00","og_image":[{"width":900,"height":750,"url":"https:\/\/www.ebihal.hu\/wp-content\/uploads\/2026\/03\/BM70SUL.jpg","type":"image\/jpeg"}],"twitter_card":"summary_large_image","twitter_misc":{"Estimated reading time":"2 minutes"},"schema":{"@context":"https:\/\/schema.org","@graph":[{"@type":"WebPage","@id":"https:\/\/www.ebihal.hu\/shop\/pergeto-bot\/l-m-mh-peregto-botok\/flagman-24-blackfire-mobile-80l-2-44m-5-15g-travel-pergeto-bot\/","url":"https:\/\/www.ebihal.hu\/shop\/pergeto-bot\/l-m-mh-peregto-botok\/flagman-24-blackfire-mobile-80l-2-44m-5-15g-travel-pergeto-bot\/","name":"Flagman '24 Blackfire Mobile 80L 2.44m 5-15g travel perget\u0151 bot - Ebihal","isPartOf":{"@id":"https:\/\/www.ebihal.hu\/#website"},"primaryImageOfPage":{"@id":"https:\/\/www.ebihal.hu\/shop\/pergeto-bot\/l-m-mh-peregto-botok\/flagman-24-blackfire-mobile-80l-2-44m-5-15g-travel-pergeto-bot\/#primaryimage"},"image":{"@id":"https:\/\/www.ebihal.hu\/shop\/pergeto-bot\/l-m-mh-peregto-botok\/flagman-24-blackfire-mobile-80l-2-44m-5-15g-travel-pergeto-bot\/#primaryimage"},"thumbnailUrl":"https:\/\/www.ebihal.hu\/wp-content\/uploads\/2026\/03\/BM70SUL.jpg","datePublished":"2026-03-14T18:48:39+00:00","dateModified":"2026-04-14T12:28:30+00:00","description":"A Flagman '24 Blackfire Mobile perget\u0151bot-csal\u00e1d k\u00f6z\u00e9ps\u0151, 80L\u00a0t\u00edpussz\u00e1m\u00fa tagja, 2,44 m hossz\u00fa \u00e9s 5-15g dob\u00f3s\u00faly\u00fa. Jiges \u00e9s wobbleres horg\u00e1szatra is.","breadcrumb":{"@id":"https:\/\/www.ebihal.hu\/shop\/pergeto-bot\/l-m-mh-peregto-botok\/flagman-24-blackfire-mobile-80l-2-44m-5-15g-travel-pergeto-bot\/#breadcrumb"},"inLanguage":"en-GB","potentialAction":[{"@type":"ReadAction","target":["https:\/\/www.ebihal.hu\/shop\/pergeto-bot\/l-m-mh-peregto-botok\/flagman-24-blackfire-mobile-80l-2-44m-5-15g-travel-pergeto-bot\/"]}]},{"@type":"ImageObject","inLanguage":"en-GB","@id":"https:\/\/www.ebihal.hu\/shop\/pergeto-bot\/l-m-mh-peregto-botok\/flagman-24-blackfire-mobile-80l-2-44m-5-15g-travel-pergeto-bot\/#primaryimage","url":"https:\/\/www.ebihal.hu\/wp-content\/uploads\/2026\/03\/BM70SUL.jpg","contentUrl":"https:\/\/www.ebihal.hu\/wp-content\/uploads\/2026\/03\/BM70SUL.jpg","width":900,"height":750,"caption":"Flagman '24 Blackfire Mobile 70SUL perget\u0151bot 2,13m 0,5-5g"},{"@type":"BreadcrumbList","@id":"https:\/\/www.ebihal.hu\/shop\/pergeto-bot\/l-m-mh-peregto-botok\/flagman-24-blackfire-mobile-80l-2-44m-5-15g-travel-pergeto-bot\/#breadcrumb","itemListElement":[{"@type":"ListItem","position":1,"name":"Kezd\u0151lap","item":"https:\/\/www.ebihal.hu\/"},{"@type":"ListItem","position":2,"name":"M\u0171csali \u00e1ruh\u00e1z","item":"https:\/\/www.ebihal.hu\/"},{"@type":"ListItem","position":3,"name":"Flagman &#8217;24 Blackfire Mobile 80L 2.44m 5-15g travel perget\u0151 bot"}]},{"@type":"WebSite","@id":"https:\/\/www.ebihal.hu\/#website","url":"https:\/\/www.ebihal.hu\/","name":"Ebihal","description":"Fish &amp; Jigs","publisher":{"@id":"https:\/\/www.ebihal.hu\/#organization"},"potentialAction":[{"@type":"SearchAction","target":{"@type":"EntryPoint","urlTemplate":"https:\/\/www.ebihal.hu\/?s={search_term_string}"},"query-input":{"@type":"PropertyValueSpecification","valueRequired":true,"valueName":"search_term_string"}}],"inLanguage":"en-GB"},{"@type":"Organization","@id":"https:\/\/www.ebihal.hu\/#organization","name":"Bir\u00f3 Csaba egy\u00e9ni v\u00e1llalkoz\u00f3","url":"https:\/\/www.ebihal.hu\/","logo":{"@type":"ImageObject","inLanguage":"en-GB","@id":"https:\/\/www.ebihal.hu\/#\/schema\/logo\/image\/","url":"https:\/\/www.ebihal.hu\/wp-content\/uploads\/2021\/02\/brand_logo_mini.png","contentUrl":"https:\/\/www.ebihal.hu\/wp-content\/uploads\/2021\/02\/brand_logo_mini.png","width":300,"height":300,"caption":"Bir\u00f3 Csaba egy\u00e9ni v\u00e1llalkoz\u00f3"},"image":{"@id":"https:\/\/www.ebihal.hu\/#\/schema\/logo\/image\/"},"sameAs":["https:\/\/www.facebook.com\/ebihal"]}]}},"_links":{"self":[{"href":"https:\/\/www.ebihal.hu\/en\/wp-json\/wp\/v2\/product\/13955","targetHints":{"allow":["GET"]}}],"collection":[{"href":"https:\/\/www.ebihal.hu\/en\/wp-json\/wp\/v2\/product"}],"about":[{"href":"https:\/\/www.ebihal.hu\/en\/wp-json\/wp\/v2\/types\/product"}],"replies":[{"embeddable":true,"href":"https:\/\/www.ebihal.hu\/en\/wp-json\/wp\/v2\/comments?post=13955"}],"wp:featuredmedia":[{"embeddable":true,"href":"https:\/\/www.ebihal.hu\/en\/wp-json\/wp\/v2\/media\/13950"}],"wp:attachment":[{"href":"https:\/\/www.ebihal.hu\/en\/wp-json\/wp\/v2\/media?parent=13955"}],"wp:term":[{"taxonomy":"product_cat","embeddable":true,"href":"https:\/\/www.ebihal.hu\/en\/wp-json\/wp\/v2\/product_cat?post=13955"},{"taxonomy":"product_tag","embeddable":true,"href":"https:\/\/www.ebihal.hu\/en\/wp-json\/wp\/v2\/product_tag?post=13955"}],"curies":[{"name":"wp","href":"https:\/\/api.w.org\/{rel}","templated":true}]}}