{"id":13746,"date":"2025-12-11T14:58:46","date_gmt":"2025-12-11T13:58:46","guid":{"rendered":"https:\/\/www.ebihal.hu\/?post_type=product&#038;p=13746"},"modified":"2026-04-13T14:12:24","modified_gmt":"2026-04-13T13:12:24","slug":"siberian-shaman-sortan-gumihal-100mm-028","status":"publish","type":"product","link":"https:\/\/www.ebihal.hu\/en\/shop\/mucsali\/gumicsali\/saman\/sortan\/siberian-shaman-sortan-gumihal-100mm-028\/","title":{"rendered":"Siberian Shaman Sortan gumihal 100mm 028"},"content":{"rendered":"<p>A Siberian Shaman Sortan (\u0421\u043e\u0440\u0442\u0430\u043d) gumihal testfel\u00e9p\u00edt\u00e9s\u00e9nek \u00e9s rendk\u00edv\u00fcl <strong>sz\u00edv\u00f3s<\/strong> anyag\u00e1nak k\u00f6sz\u00f6nhet\u0151en eredm\u00e9nyesen alkalmazhat\u00f3 mind a csuka, mind a s\u00fcll\u0151 horg\u00e1szat\u00e1ban b\u00e1rmely v\u00edzt\u00edpuson. Remek\u00fcl m\u0171k\u00f6dik jigen \u00e9s offseten is. Egyedi bord\u00e1zata er\u0151s <strong>rezg\u00e9seket<\/strong> kelt a v\u00edzben, red\u0151s faroknyele \u00e9leth\u0171 mozg\u00e1st biztos\u00edt a faroklap\u00e1tnak. S\u00falyozatlanul, vagy kis t\u00f6meg\u0171 s\u00fallyal is j\u00f3l vezethet\u0151.<\/p>\n<p>100 mm hossz\u00fa, 6 g, 1 db gumihal, <strong>aromatiz\u00e1lt<\/strong>, 028 sz\u00ednk\u00f3d.<\/p>\n<h4>Additional information<\/h4>\n<table class=\"woocommerce-product-attributes shop_attributes\" aria-label=\"Product Details\" data-no-translation-aria-label=\"\">\n\t\t\t<tr class=\"woocommerce-product-attributes-item woocommerce-product-attributes-item--attribute_pa_brand\">\n\t\t\t<th class=\"woocommerce-product-attributes-item__label\" scope=\"row\">Brand<\/th>\n\t\t\t<td class=\"woocommerce-product-attributes-item__value\"><p>Siberian Shaman<\/p>\n<\/td>\n\t\t<\/tr>\n\t\t\t<tr class=\"woocommerce-product-attributes-item woocommerce-product-attributes-item--attribute_pa_meret\">\n\t\t\t<th class=\"woocommerce-product-attributes-item__label\" scope=\"row\">Size<\/th>\n\t\t\t<td class=\"woocommerce-product-attributes-item__value\"><p>100 mm<\/p>\n<\/td>\n\t\t<\/tr>\n\t\t\t<tr class=\"woocommerce-product-attributes-item woocommerce-product-attributes-item--attribute_pa_szinkod\">\n\t\t\t<th class=\"woocommerce-product-attributes-item__label\" scope=\"row\">Color code<\/th>\n\t\t\t<td class=\"woocommerce-product-attributes-item__value\"><p>028<\/p>\n<\/td>\n\t\t<\/tr>\n\t\t\t<tr class=\"woocommerce-product-attributes-item woocommerce-product-attributes-item--attribute_pa_madein\">\n\t\t\t<th class=\"woocommerce-product-attributes-item__label\" scope=\"row\">Country of origin<\/th>\n\t\t\t<td class=\"woocommerce-product-attributes-item__value\"><p>Oroszorsz\u00e1g<\/p>\n<\/td>\n\t\t<\/tr>\n\t\t\t<tr class=\"woocommerce-product-attributes-item woocommerce-product-attributes-item--attribute_pa_kiszereles\">\n\t\t\t<th class=\"woocommerce-product-attributes-item__label\" scope=\"row\">Packaging<\/th>\n\t\t\t<td class=\"woocommerce-product-attributes-item__value\"><p>1 piece<\/p>\n<\/td>\n\t\t<\/tr>\n\t\t\t<tr class=\"woocommerce-product-attributes-item woocommerce-product-attributes-item--attribute_pa_darabszam\">\n\t\t\t<th class=\"woocommerce-product-attributes-item__label\" scope=\"row\">Darabsz\u00e1m<\/th>\n\t\t\t<td class=\"woocommerce-product-attributes-item__value\"><p>1<\/p>\n<\/td>\n\t\t<\/tr>\n\t<\/table>\n\n<div id=\"gtx-anchor\" style=\"position: absolute; visibility: hidden; left: 225.938px; top: 24.3333px; width: 51.5208px; height: 16.6667px;\"><\/div>\n<div class=\"jfk-bubble gtx-bubble\" style=\"visibility: visible; left: -77px; top: 51px; opacity: 1;\" role=\"alertdialog\" aria-describedby=\"bubble-2\">\n<div id=\"bubble-2\" class=\"jfk-bubble-content-id\">\n<div id=\"gtx-host\" style=\"min-width: 200px; max-width: 400px;\"><\/div>\n<\/div>\n<div class=\"jfk-bubble-closebtn-id jfk-bubble-closebtn\" tabindex=\"0\" role=\"button\" aria-label=\"Close\"><\/div>\n<div class=\"jfk-bubble-arrow-id jfk-bubble-arrow jfk-bubble-arrowup\" style=\"left: 211.938px;\">\n<div class=\"jfk-bubble-arrowimplbefore\"><\/div>\n<div class=\"jfk-bubble-arrowimplafter\"><\/div>\n<\/div>\n<\/div>","protected":false},"excerpt":{"rendered":"<p>1 db gumihal<\/p>","protected":false},"featured_media":13747,"comment_status":"open","ping_status":"closed","template":"","meta":[],"product_cat":[74,40,1701,1986,605],"product_tag":[818,814,1987],"class_list":{"0":"post-13746","1":"product","2":"type-product","3":"status-publish","4":"has-post-thumbnail","6":"product_brand-siberian-shaman","7":"product_cat-gumicsali","8":"product_cat-mucsali","9":"product_cat-saman","10":"product_cat-sortan","11":"product_cat-ujdonsagok","12":"product_tag-gumihal","13":"product_tag-l","14":"product_tag-sortan","16":"first","17":"instock","18":"shipping-taxable","19":"purchasable","20":"product-type-simple"},"supplier_id":null,"supplier_sku":"","barcode":null,"atum_controlled":true,"out_stock_date":null,"out_stock_threshold":null,"inheritable":false,"inbound_stock":0,"stock_on_hold":6,"sold_today":0,"sales_last_days":6,"reserved_stock":0,"customer_returns":0,"warehouse_damage":0,"lost_in_post":0,"other_logs":0,"out_stock_days":0,"lost_sales":0,"has_location":false,"update_date":"2026-04-14T06:06:36","atum_locations":[],"atum_stock_status":"instock","restock_status":false,"low_stock_amount":"","sales_update_date":"2026-04-14T06:06:36","calc_backorders":null,"yoast_head":"<!-- This site is optimized with the Yoast SEO plugin v27.4 - https:\/\/yoast.com\/product\/yoast-seo-wordpress\/ -->\n<title>Siberian Shaman Sortan gumihal 100mm 028 - Ebihal<\/title>\n<meta name=\"description\" content=\"A Siberian Shaman Sortan 100 mm gumihal egyedi bord\u00e1zata er\u0151s rezg\u00e9seket kelt a v\u00edzben, red\u0151s faroknyele \u00e9leth\u0171 mozg\u00e1st biztos\u00edt a faroklap\u00e1tnak. 028\" \/>\n<meta name=\"robots\" content=\"index, follow, max-snippet:-1, max-image-preview:large, max-video-preview:-1\" \/>\n<link rel=\"canonical\" href=\"https:\/\/www.ebihal.hu\/en\/shop\/mucsali\/gumicsali\/saman\/sortan\/siberian-shaman-sortan-gumihal-100mm-028\/\" \/>\n<meta property=\"og:locale\" content=\"en_GB\" \/>\n<meta property=\"og:type\" content=\"article\" \/>\n<meta property=\"og:title\" content=\"Siberian Shaman Sortan gumihal 100mm 028 - Ebihal\" \/>\n<meta property=\"og:description\" content=\"A Siberian Shaman Sortan 100 mm gumihal egyedi bord\u00e1zata er\u0151s rezg\u00e9seket kelt a v\u00edzben, red\u0151s faroknyele \u00e9leth\u0171 mozg\u00e1st biztos\u00edt a faroklap\u00e1tnak. 028\" \/>\n<meta property=\"og:url\" content=\"https:\/\/www.ebihal.hu\/en\/shop\/mucsali\/gumicsali\/saman\/sortan\/siberian-shaman-sortan-gumihal-100mm-028\/\" \/>\n<meta property=\"og:site_name\" content=\"Ebihal\" \/>\n<meta property=\"article:publisher\" content=\"https:\/\/www.facebook.com\/ebihal\" \/>\n<meta property=\"article:modified_time\" content=\"2026-04-13T13:12:24+00:00\" \/>\n<meta property=\"og:image\" content=\"https:\/\/www.ebihal.hu\/wp-content\/uploads\/2025\/12\/028.png\" \/>\n\t<meta property=\"og:image:width\" content=\"1024\" \/>\n\t<meta property=\"og:image:height\" content=\"1024\" \/>\n\t<meta property=\"og:image:type\" content=\"image\/png\" \/>\n<meta name=\"twitter:card\" content=\"summary_large_image\" \/>\n<meta name=\"twitter:label1\" content=\"Estimated reading time\" \/>\n\t<meta name=\"twitter:data1\" content=\"1 minute\" \/>\n<script type=\"application\/ld+json\" class=\"yoast-schema-graph\">{\"@context\":\"https:\\\/\\\/schema.org\",\"@graph\":[{\"@type\":\"WebPage\",\"@id\":\"https:\\\/\\\/www.ebihal.hu\\\/shop\\\/mucsali\\\/gumicsali\\\/saman\\\/sortan\\\/siberian-shaman-sortan-gumihal-100mm-028\\\/\",\"url\":\"https:\\\/\\\/www.ebihal.hu\\\/shop\\\/mucsali\\\/gumicsali\\\/saman\\\/sortan\\\/siberian-shaman-sortan-gumihal-100mm-028\\\/\",\"name\":\"Siberian Shaman Sortan gumihal 100mm 028 - Ebihal\",\"isPartOf\":{\"@id\":\"https:\\\/\\\/www.ebihal.hu\\\/#website\"},\"primaryImageOfPage\":{\"@id\":\"https:\\\/\\\/www.ebihal.hu\\\/shop\\\/mucsali\\\/gumicsali\\\/saman\\\/sortan\\\/siberian-shaman-sortan-gumihal-100mm-028\\\/#primaryimage\"},\"image\":{\"@id\":\"https:\\\/\\\/www.ebihal.hu\\\/shop\\\/mucsali\\\/gumicsali\\\/saman\\\/sortan\\\/siberian-shaman-sortan-gumihal-100mm-028\\\/#primaryimage\"},\"thumbnailUrl\":\"https:\\\/\\\/www.ebihal.hu\\\/wp-content\\\/uploads\\\/2025\\\/12\\\/028.png\",\"datePublished\":\"2025-12-11T13:58:46+00:00\",\"dateModified\":\"2026-04-13T13:12:24+00:00\",\"description\":\"A Siberian Shaman Sortan 100 mm gumihal egyedi bord\u00e1zata er\u0151s rezg\u00e9seket kelt a v\u00edzben, red\u0151s faroknyele \u00e9leth\u0171 mozg\u00e1st biztos\u00edt a faroklap\u00e1tnak. 028\",\"breadcrumb\":{\"@id\":\"https:\\\/\\\/www.ebihal.hu\\\/shop\\\/mucsali\\\/gumicsali\\\/saman\\\/sortan\\\/siberian-shaman-sortan-gumihal-100mm-028\\\/#breadcrumb\"},\"inLanguage\":\"en-GB\",\"potentialAction\":[{\"@type\":\"ReadAction\",\"target\":[\"https:\\\/\\\/www.ebihal.hu\\\/shop\\\/mucsali\\\/gumicsali\\\/saman\\\/sortan\\\/siberian-shaman-sortan-gumihal-100mm-028\\\/\"]}]},{\"@type\":\"ImageObject\",\"inLanguage\":\"en-GB\",\"@id\":\"https:\\\/\\\/www.ebihal.hu\\\/shop\\\/mucsali\\\/gumicsali\\\/saman\\\/sortan\\\/siberian-shaman-sortan-gumihal-100mm-028\\\/#primaryimage\",\"url\":\"https:\\\/\\\/www.ebihal.hu\\\/wp-content\\\/uploads\\\/2025\\\/12\\\/028.png\",\"contentUrl\":\"https:\\\/\\\/www.ebihal.hu\\\/wp-content\\\/uploads\\\/2025\\\/12\\\/028.png\",\"width\":1024,\"height\":1024,\"caption\":\"Siberian Shaman Sortan gumihal 028\"},{\"@type\":\"BreadcrumbList\",\"@id\":\"https:\\\/\\\/www.ebihal.hu\\\/shop\\\/mucsali\\\/gumicsali\\\/saman\\\/sortan\\\/siberian-shaman-sortan-gumihal-100mm-028\\\/#breadcrumb\",\"itemListElement\":[{\"@type\":\"ListItem\",\"position\":1,\"name\":\"Kezd\u0151lap\",\"item\":\"https:\\\/\\\/www.ebihal.hu\\\/\"},{\"@type\":\"ListItem\",\"position\":2,\"name\":\"M\u0171csali \u00e1ruh\u00e1z\",\"item\":\"https:\\\/\\\/www.ebihal.hu\\\/\"},{\"@type\":\"ListItem\",\"position\":3,\"name\":\"Siberian Shaman Sortan gumihal 100mm 028\"}]},{\"@type\":\"WebSite\",\"@id\":\"https:\\\/\\\/www.ebihal.hu\\\/#website\",\"url\":\"https:\\\/\\\/www.ebihal.hu\\\/\",\"name\":\"Ebihal\",\"description\":\"Fish &amp; Jigs\",\"publisher\":{\"@id\":\"https:\\\/\\\/www.ebihal.hu\\\/#organization\"},\"potentialAction\":[{\"@type\":\"SearchAction\",\"target\":{\"@type\":\"EntryPoint\",\"urlTemplate\":\"https:\\\/\\\/www.ebihal.hu\\\/?s={search_term_string}\"},\"query-input\":{\"@type\":\"PropertyValueSpecification\",\"valueRequired\":true,\"valueName\":\"search_term_string\"}}],\"inLanguage\":\"en-GB\"},{\"@type\":\"Organization\",\"@id\":\"https:\\\/\\\/www.ebihal.hu\\\/#organization\",\"name\":\"Bir\u00f3 Csaba egy\u00e9ni v\u00e1llalkoz\u00f3\",\"url\":\"https:\\\/\\\/www.ebihal.hu\\\/\",\"logo\":{\"@type\":\"ImageObject\",\"inLanguage\":\"en-GB\",\"@id\":\"https:\\\/\\\/www.ebihal.hu\\\/#\\\/schema\\\/logo\\\/image\\\/\",\"url\":\"https:\\\/\\\/www.ebihal.hu\\\/wp-content\\\/uploads\\\/2021\\\/02\\\/brand_logo_mini.png\",\"contentUrl\":\"https:\\\/\\\/www.ebihal.hu\\\/wp-content\\\/uploads\\\/2021\\\/02\\\/brand_logo_mini.png\",\"width\":300,\"height\":300,\"caption\":\"Bir\u00f3 Csaba egy\u00e9ni v\u00e1llalkoz\u00f3\"},\"image\":{\"@id\":\"https:\\\/\\\/www.ebihal.hu\\\/#\\\/schema\\\/logo\\\/image\\\/\"},\"sameAs\":[\"https:\\\/\\\/www.facebook.com\\\/ebihal\"]}]}<\/script>\n<!-- \/ Yoast SEO plugin. -->","yoast_head_json":{"title":"Siberian Shaman Sortan gumihal 100mm 028 - Ebihal","description":"A Siberian Shaman Sortan 100 mm gumihal egyedi bord\u00e1zata er\u0151s rezg\u00e9seket kelt a v\u00edzben, red\u0151s faroknyele \u00e9leth\u0171 mozg\u00e1st biztos\u00edt a faroklap\u00e1tnak. 028","robots":{"index":"index","follow":"follow","max-snippet":"max-snippet:-1","max-image-preview":"max-image-preview:large","max-video-preview":"max-video-preview:-1"},"canonical":"https:\/\/www.ebihal.hu\/en\/shop\/mucsali\/gumicsali\/saman\/sortan\/siberian-shaman-sortan-gumihal-100mm-028\/","og_locale":"en_GB","og_type":"article","og_title":"Siberian Shaman Sortan gumihal 100mm 028 - Ebihal","og_description":"A Siberian Shaman Sortan 100 mm gumihal egyedi bord\u00e1zata er\u0151s rezg\u00e9seket kelt a v\u00edzben, red\u0151s faroknyele \u00e9leth\u0171 mozg\u00e1st biztos\u00edt a faroklap\u00e1tnak. 028","og_url":"https:\/\/www.ebihal.hu\/en\/shop\/mucsali\/gumicsali\/saman\/sortan\/siberian-shaman-sortan-gumihal-100mm-028\/","og_site_name":"Ebihal","article_publisher":"https:\/\/www.facebook.com\/ebihal","article_modified_time":"2026-04-13T13:12:24+00:00","og_image":[{"width":1024,"height":1024,"url":"https:\/\/www.ebihal.hu\/wp-content\/uploads\/2025\/12\/028.png","type":"image\/png"}],"twitter_card":"summary_large_image","twitter_misc":{"Estimated reading time":"1 minute"},"schema":{"@context":"https:\/\/schema.org","@graph":[{"@type":"WebPage","@id":"https:\/\/www.ebihal.hu\/shop\/mucsali\/gumicsali\/saman\/sortan\/siberian-shaman-sortan-gumihal-100mm-028\/","url":"https:\/\/www.ebihal.hu\/shop\/mucsali\/gumicsali\/saman\/sortan\/siberian-shaman-sortan-gumihal-100mm-028\/","name":"Siberian Shaman Sortan gumihal 100mm 028 - Ebihal","isPartOf":{"@id":"https:\/\/www.ebihal.hu\/#website"},"primaryImageOfPage":{"@id":"https:\/\/www.ebihal.hu\/shop\/mucsali\/gumicsali\/saman\/sortan\/siberian-shaman-sortan-gumihal-100mm-028\/#primaryimage"},"image":{"@id":"https:\/\/www.ebihal.hu\/shop\/mucsali\/gumicsali\/saman\/sortan\/siberian-shaman-sortan-gumihal-100mm-028\/#primaryimage"},"thumbnailUrl":"https:\/\/www.ebihal.hu\/wp-content\/uploads\/2025\/12\/028.png","datePublished":"2025-12-11T13:58:46+00:00","dateModified":"2026-04-13T13:12:24+00:00","description":"A Siberian Shaman Sortan 100 mm gumihal egyedi bord\u00e1zata er\u0151s rezg\u00e9seket kelt a v\u00edzben, red\u0151s faroknyele \u00e9leth\u0171 mozg\u00e1st biztos\u00edt a faroklap\u00e1tnak. 028","breadcrumb":{"@id":"https:\/\/www.ebihal.hu\/shop\/mucsali\/gumicsali\/saman\/sortan\/siberian-shaman-sortan-gumihal-100mm-028\/#breadcrumb"},"inLanguage":"en-GB","potentialAction":[{"@type":"ReadAction","target":["https:\/\/www.ebihal.hu\/shop\/mucsali\/gumicsali\/saman\/sortan\/siberian-shaman-sortan-gumihal-100mm-028\/"]}]},{"@type":"ImageObject","inLanguage":"en-GB","@id":"https:\/\/www.ebihal.hu\/shop\/mucsali\/gumicsali\/saman\/sortan\/siberian-shaman-sortan-gumihal-100mm-028\/#primaryimage","url":"https:\/\/www.ebihal.hu\/wp-content\/uploads\/2025\/12\/028.png","contentUrl":"https:\/\/www.ebihal.hu\/wp-content\/uploads\/2025\/12\/028.png","width":1024,"height":1024,"caption":"Siberian Shaman Sortan gumihal 028"},{"@type":"BreadcrumbList","@id":"https:\/\/www.ebihal.hu\/shop\/mucsali\/gumicsali\/saman\/sortan\/siberian-shaman-sortan-gumihal-100mm-028\/#breadcrumb","itemListElement":[{"@type":"ListItem","position":1,"name":"Kezd\u0151lap","item":"https:\/\/www.ebihal.hu\/"},{"@type":"ListItem","position":2,"name":"M\u0171csali \u00e1ruh\u00e1z","item":"https:\/\/www.ebihal.hu\/"},{"@type":"ListItem","position":3,"name":"Siberian Shaman Sortan gumihal 100mm 028"}]},{"@type":"WebSite","@id":"https:\/\/www.ebihal.hu\/#website","url":"https:\/\/www.ebihal.hu\/","name":"Ebihal","description":"Fish &amp; Jigs","publisher":{"@id":"https:\/\/www.ebihal.hu\/#organization"},"potentialAction":[{"@type":"SearchAction","target":{"@type":"EntryPoint","urlTemplate":"https:\/\/www.ebihal.hu\/?s={search_term_string}"},"query-input":{"@type":"PropertyValueSpecification","valueRequired":true,"valueName":"search_term_string"}}],"inLanguage":"en-GB"},{"@type":"Organization","@id":"https:\/\/www.ebihal.hu\/#organization","name":"Bir\u00f3 Csaba egy\u00e9ni v\u00e1llalkoz\u00f3","url":"https:\/\/www.ebihal.hu\/","logo":{"@type":"ImageObject","inLanguage":"en-GB","@id":"https:\/\/www.ebihal.hu\/#\/schema\/logo\/image\/","url":"https:\/\/www.ebihal.hu\/wp-content\/uploads\/2021\/02\/brand_logo_mini.png","contentUrl":"https:\/\/www.ebihal.hu\/wp-content\/uploads\/2021\/02\/brand_logo_mini.png","width":300,"height":300,"caption":"Bir\u00f3 Csaba egy\u00e9ni v\u00e1llalkoz\u00f3"},"image":{"@id":"https:\/\/www.ebihal.hu\/#\/schema\/logo\/image\/"},"sameAs":["https:\/\/www.facebook.com\/ebihal"]}]}},"_links":{"self":[{"href":"https:\/\/www.ebihal.hu\/en\/wp-json\/wp\/v2\/product\/13746","targetHints":{"allow":["GET"]}}],"collection":[{"href":"https:\/\/www.ebihal.hu\/en\/wp-json\/wp\/v2\/product"}],"about":[{"href":"https:\/\/www.ebihal.hu\/en\/wp-json\/wp\/v2\/types\/product"}],"replies":[{"embeddable":true,"href":"https:\/\/www.ebihal.hu\/en\/wp-json\/wp\/v2\/comments?post=13746"}],"wp:featuredmedia":[{"embeddable":true,"href":"https:\/\/www.ebihal.hu\/en\/wp-json\/wp\/v2\/media\/13747"}],"wp:attachment":[{"href":"https:\/\/www.ebihal.hu\/en\/wp-json\/wp\/v2\/media?parent=13746"}],"wp:term":[{"taxonomy":"product_cat","embeddable":true,"href":"https:\/\/www.ebihal.hu\/en\/wp-json\/wp\/v2\/product_cat?post=13746"},{"taxonomy":"product_tag","embeddable":true,"href":"https:\/\/www.ebihal.hu\/en\/wp-json\/wp\/v2\/product_tag?post=13746"}],"curies":[{"name":"wp","href":"https:\/\/api.w.org\/{rel}","templated":true}]}}