{"id":13649,"date":"2025-11-22T15:54:43","date_gmt":"2025-11-22T14:54:43","guid":{"rendered":"https:\/\/www.ebihal.hu\/?post_type=product&#038;p=13649"},"modified":"2025-12-30T22:30:54","modified_gmt":"2025-12-30T21:30:54","slug":"narval-maxlug-mini-003-gumihal-11-cm-uv","status":"publish","type":"product","link":"https:\/\/www.ebihal.hu\/en\/shop\/mucsali\/gumicsali\/narval\/maxlug\/maxlug-11cm\/narval-maxlug-mini-003-gumihal-11-cm-uv\/","title":{"rendered":"Narval Maxlug Mini 003 gumihal 11 cm UV"},"content":{"rendered":"<p>A Narval Maxlug Mini az orosz gy\u00e1rt\u00f3 leg\u00fajabb csalicsal\u00e1dja. A farok rendk\u00edv\u00fcli j\u00e1t\u00e9koss\u00e1g\u00e1nak \u00e9s a test esetlen mozg\u00e1s\u00e1nak k\u00f6sz\u00f6nhet\u0151en a passz\u00edv halak is el\u0151szeretettel r\u00e1v\u00e1gnak. Gyors es\u00e9s\u00e9nek, s\u00fcllyed\u00e9s\u00e9nek h\u00e1la, pillanatok alatt eljuttathat\u00f3 a k\u00edv\u00e1nt v\u00edzm\u00e9lys\u00e9gbe.<\/p>\n<p>6 g s\u00faly\u00fa, 11 cm hossz\u00fa, UV akt\u00edv, 003-Grape Violet sz\u00ednk\u00f3d, 1 db gumihal.<\/p>\n<p><iframe loading=\"lazy\" title=\"YouTube video player\" src=\"https:\/\/www.youtube.com\/embed\/2WXAeceW1fw?si=uE4hx5fPEPZ99A2l\" width=\"560\" height=\"315\" frameborder=\"0\" allowfullscreen=\"allowfullscreen\"><\/iframe><\/p>\n<h4>Additional information<\/h4>\n<table class=\"woocommerce-product-attributes shop_attributes\" aria-label=\"Product Details\" data-no-translation-aria-label=\"\">\n\t\t\t<tr class=\"woocommerce-product-attributes-item woocommerce-product-attributes-item--attribute_pa_brand\">\n\t\t\t<th class=\"woocommerce-product-attributes-item__label\" scope=\"row\">Brand<\/th>\n\t\t\t<td class=\"woocommerce-product-attributes-item__value\"><p>Narval<\/p>\n<\/td>\n\t\t<\/tr>\n\t\t\t<tr class=\"woocommerce-product-attributes-item woocommerce-product-attributes-item--attribute_pa_color\">\n\t\t\t<th class=\"woocommerce-product-attributes-item__label\" scope=\"row\">Color<\/th>\n\t\t\t<td class=\"woocommerce-product-attributes-item__value\"><p>Grape Violet<\/p>\n<\/td>\n\t\t<\/tr>\n\t\t\t<tr class=\"woocommerce-product-attributes-item woocommerce-product-attributes-item--attribute_pa_szinkod\">\n\t\t\t<th class=\"woocommerce-product-attributes-item__label\" scope=\"row\">Color code<\/th>\n\t\t\t<td class=\"woocommerce-product-attributes-item__value\"><p>003<\/p>\n<\/td>\n\t\t<\/tr>\n\t\t\t<tr class=\"woocommerce-product-attributes-item woocommerce-product-attributes-item--attribute_pa_meret\">\n\t\t\t<th class=\"woocommerce-product-attributes-item__label\" scope=\"row\">Size<\/th>\n\t\t\t<td class=\"woocommerce-product-attributes-item__value\"><p>110 mm<\/p>\n<\/td>\n\t\t<\/tr>\n\t\t\t<tr class=\"woocommerce-product-attributes-item woocommerce-product-attributes-item--attribute_pa_madein\">\n\t\t\t<th class=\"woocommerce-product-attributes-item__label\" scope=\"row\">Country of origin<\/th>\n\t\t\t<td class=\"woocommerce-product-attributes-item__value\"><p>Oroszorsz\u00e1g<\/p>\n<\/td>\n\t\t<\/tr>\n\t\t\t<tr class=\"woocommerce-product-attributes-item woocommerce-product-attributes-item--attribute_pa_kiszereles\">\n\t\t\t<th class=\"woocommerce-product-attributes-item__label\" scope=\"row\">Packaging<\/th>\n\t\t\t<td class=\"woocommerce-product-attributes-item__value\"><p>1 piece<\/p>\n<\/td>\n\t\t<\/tr>\n\t<\/table>","protected":false},"excerpt":{"rendered":"<p>1 db gumihal<\/p>","protected":false},"featured_media":12705,"comment_status":"open","ping_status":"closed","template":"","meta":[],"product_cat":[74,2085,2149,40,138],"product_tag":[147,818,148,2087,2142,142,2143,146,430,817],"class_list":{"0":"post-13649","1":"product","2":"type-product","3":"status-publish","4":"has-post-thumbnail","6":"product_brand-narval","7":"product_cat-gumicsali","8":"product_cat-maxlug","9":"product_cat-maxlug-11cm","10":"product_cat-mucsali","11":"product_cat-narval","12":"product_tag-csuka","13":"product_tag-gumihal","14":"product_tag-harcsa","15":"product_tag-maxlug","16":"product_tag-mini","17":"product_tag-narval","18":"product_tag-slug","19":"product_tag-sullo","20":"product_tag-uv","21":"product_tag-xl","23":"first","24":"instock","25":"shipping-taxable","26":"purchasable","27":"product-type-simple"},"supplier_id":null,"supplier_sku":"","barcode":null,"atum_controlled":true,"out_stock_date":null,"out_stock_threshold":null,"inheritable":false,"inbound_stock":0,"stock_on_hold":0,"sold_today":0,"sales_last_days":0,"reserved_stock":0,"customer_returns":0,"warehouse_damage":0,"lost_in_post":0,"other_logs":0,"out_stock_days":0,"lost_sales":0,"has_location":false,"update_date":"2026-04-15T00:32:49","atum_locations":[],"atum_stock_status":"instock","restock_status":false,"low_stock_amount":"","sales_update_date":"2026-04-15T00:32:49","calc_backorders":null,"yoast_head":"<!-- This site is optimized with the Yoast SEO plugin v27.4 - https:\/\/yoast.com\/product\/yoast-seo-wordpress\/ -->\n<title>Narval Maxlug Mini 003 gumihal 11 cm UV - Ebihal<\/title>\n<meta name=\"description\" content=\"Narval Maxlug Mini. A farok rendk\u00edv\u00fcli j\u00e1t\u00e9koss\u00e1g\u00e1nak \u00e9s a test esetlen mozg\u00e1s\u00e1nak k\u00f6sz\u00f6nhet\u0151en a passz\u00edv halak is el\u0151szeretettel r\u00e1v\u00e1gnak. 003. 11 cm\" \/>\n<meta name=\"robots\" content=\"index, follow, max-snippet:-1, max-image-preview:large, max-video-preview:-1\" \/>\n<link rel=\"canonical\" href=\"https:\/\/www.ebihal.hu\/en\/shop\/mucsali\/gumicsali\/narval\/maxlug\/maxlug-11cm\/narval-maxlug-mini-003-gumihal-11-cm-uv\/\" \/>\n<meta property=\"og:locale\" content=\"en_GB\" \/>\n<meta property=\"og:type\" content=\"article\" \/>\n<meta property=\"og:title\" content=\"Narval Maxlug Mini 003 gumihal 11 cm UV - Ebihal\" \/>\n<meta property=\"og:description\" content=\"Narval Maxlug Mini. A farok rendk\u00edv\u00fcli j\u00e1t\u00e9koss\u00e1g\u00e1nak \u00e9s a test esetlen mozg\u00e1s\u00e1nak k\u00f6sz\u00f6nhet\u0151en a passz\u00edv halak is el\u0151szeretettel r\u00e1v\u00e1gnak. 003. 11 cm\" \/>\n<meta property=\"og:url\" content=\"https:\/\/www.ebihal.hu\/en\/shop\/mucsali\/gumicsali\/narval\/maxlug\/maxlug-11cm\/narval-maxlug-mini-003-gumihal-11-cm-uv\/\" \/>\n<meta property=\"og:site_name\" content=\"Ebihal\" \/>\n<meta property=\"article:publisher\" content=\"https:\/\/www.facebook.com\/ebihal\" \/>\n<meta property=\"article:modified_time\" content=\"2025-12-30T21:30:54+00:00\" \/>\n<meta property=\"og:image\" content=\"https:\/\/www.ebihal.hu\/wp-content\/uploads\/2025\/03\/003.png\" \/>\n\t<meta property=\"og:image:width\" content=\"800\" \/>\n\t<meta property=\"og:image:height\" content=\"800\" \/>\n\t<meta property=\"og:image:type\" content=\"image\/png\" \/>\n<meta name=\"twitter:card\" content=\"summary_large_image\" \/>\n<meta name=\"twitter:label1\" content=\"Estimated reading time\" \/>\n\t<meta name=\"twitter:data1\" content=\"1 minute\" \/>\n<script type=\"application\/ld+json\" class=\"yoast-schema-graph\">{\"@context\":\"https:\\\/\\\/schema.org\",\"@graph\":[{\"@type\":\"WebPage\",\"@id\":\"https:\\\/\\\/www.ebihal.hu\\\/shop\\\/mucsali\\\/gumicsali\\\/narval\\\/maxlug\\\/maxlug-11cm\\\/narval-maxlug-mini-003-gumihal-11-cm-uv\\\/\",\"url\":\"https:\\\/\\\/www.ebihal.hu\\\/shop\\\/mucsali\\\/gumicsali\\\/narval\\\/maxlug\\\/maxlug-11cm\\\/narval-maxlug-mini-003-gumihal-11-cm-uv\\\/\",\"name\":\"Narval Maxlug Mini 003 gumihal 11 cm UV - Ebihal\",\"isPartOf\":{\"@id\":\"https:\\\/\\\/www.ebihal.hu\\\/#website\"},\"primaryImageOfPage\":{\"@id\":\"https:\\\/\\\/www.ebihal.hu\\\/shop\\\/mucsali\\\/gumicsali\\\/narval\\\/maxlug\\\/maxlug-11cm\\\/narval-maxlug-mini-003-gumihal-11-cm-uv\\\/#primaryimage\"},\"image\":{\"@id\":\"https:\\\/\\\/www.ebihal.hu\\\/shop\\\/mucsali\\\/gumicsali\\\/narval\\\/maxlug\\\/maxlug-11cm\\\/narval-maxlug-mini-003-gumihal-11-cm-uv\\\/#primaryimage\"},\"thumbnailUrl\":\"https:\\\/\\\/www.ebihal.hu\\\/wp-content\\\/uploads\\\/2025\\\/03\\\/003.png\",\"datePublished\":\"2025-11-22T14:54:43+00:00\",\"dateModified\":\"2025-12-30T21:30:54+00:00\",\"description\":\"Narval Maxlug Mini. A farok rendk\u00edv\u00fcli j\u00e1t\u00e9koss\u00e1g\u00e1nak \u00e9s a test esetlen mozg\u00e1s\u00e1nak k\u00f6sz\u00f6nhet\u0151en a passz\u00edv halak is el\u0151szeretettel r\u00e1v\u00e1gnak. 003. 11 cm\",\"breadcrumb\":{\"@id\":\"https:\\\/\\\/www.ebihal.hu\\\/shop\\\/mucsali\\\/gumicsali\\\/narval\\\/maxlug\\\/maxlug-11cm\\\/narval-maxlug-mini-003-gumihal-11-cm-uv\\\/#breadcrumb\"},\"inLanguage\":\"en-GB\",\"potentialAction\":[{\"@type\":\"ReadAction\",\"target\":[\"https:\\\/\\\/www.ebihal.hu\\\/shop\\\/mucsali\\\/gumicsali\\\/narval\\\/maxlug\\\/maxlug-11cm\\\/narval-maxlug-mini-003-gumihal-11-cm-uv\\\/\"]}]},{\"@type\":\"ImageObject\",\"inLanguage\":\"en-GB\",\"@id\":\"https:\\\/\\\/www.ebihal.hu\\\/shop\\\/mucsali\\\/gumicsali\\\/narval\\\/maxlug\\\/maxlug-11cm\\\/narval-maxlug-mini-003-gumihal-11-cm-uv\\\/#primaryimage\",\"url\":\"https:\\\/\\\/www.ebihal.hu\\\/wp-content\\\/uploads\\\/2025\\\/03\\\/003.png\",\"contentUrl\":\"https:\\\/\\\/www.ebihal.hu\\\/wp-content\\\/uploads\\\/2025\\\/03\\\/003.png\",\"width\":800,\"height\":800,\"caption\":\"Narval Maxlug 003\"},{\"@type\":\"BreadcrumbList\",\"@id\":\"https:\\\/\\\/www.ebihal.hu\\\/shop\\\/mucsali\\\/gumicsali\\\/narval\\\/maxlug\\\/maxlug-11cm\\\/narval-maxlug-mini-003-gumihal-11-cm-uv\\\/#breadcrumb\",\"itemListElement\":[{\"@type\":\"ListItem\",\"position\":1,\"name\":\"Kezd\u0151lap\",\"item\":\"https:\\\/\\\/www.ebihal.hu\\\/\"},{\"@type\":\"ListItem\",\"position\":2,\"name\":\"M\u0171csali \u00e1ruh\u00e1z\",\"item\":\"https:\\\/\\\/www.ebihal.hu\\\/\"},{\"@type\":\"ListItem\",\"position\":3,\"name\":\"Narval Maxlug Mini 003 gumihal 11 cm UV\"}]},{\"@type\":\"WebSite\",\"@id\":\"https:\\\/\\\/www.ebihal.hu\\\/#website\",\"url\":\"https:\\\/\\\/www.ebihal.hu\\\/\",\"name\":\"Ebihal\",\"description\":\"Fish &amp; Jigs\",\"publisher\":{\"@id\":\"https:\\\/\\\/www.ebihal.hu\\\/#organization\"},\"potentialAction\":[{\"@type\":\"SearchAction\",\"target\":{\"@type\":\"EntryPoint\",\"urlTemplate\":\"https:\\\/\\\/www.ebihal.hu\\\/?s={search_term_string}\"},\"query-input\":{\"@type\":\"PropertyValueSpecification\",\"valueRequired\":true,\"valueName\":\"search_term_string\"}}],\"inLanguage\":\"en-GB\"},{\"@type\":\"Organization\",\"@id\":\"https:\\\/\\\/www.ebihal.hu\\\/#organization\",\"name\":\"Bir\u00f3 Csaba egy\u00e9ni v\u00e1llalkoz\u00f3\",\"url\":\"https:\\\/\\\/www.ebihal.hu\\\/\",\"logo\":{\"@type\":\"ImageObject\",\"inLanguage\":\"en-GB\",\"@id\":\"https:\\\/\\\/www.ebihal.hu\\\/#\\\/schema\\\/logo\\\/image\\\/\",\"url\":\"https:\\\/\\\/www.ebihal.hu\\\/wp-content\\\/uploads\\\/2021\\\/02\\\/brand_logo_mini.png\",\"contentUrl\":\"https:\\\/\\\/www.ebihal.hu\\\/wp-content\\\/uploads\\\/2021\\\/02\\\/brand_logo_mini.png\",\"width\":300,\"height\":300,\"caption\":\"Bir\u00f3 Csaba egy\u00e9ni v\u00e1llalkoz\u00f3\"},\"image\":{\"@id\":\"https:\\\/\\\/www.ebihal.hu\\\/#\\\/schema\\\/logo\\\/image\\\/\"},\"sameAs\":[\"https:\\\/\\\/www.facebook.com\\\/ebihal\"]}]}<\/script>\n<!-- \/ Yoast SEO plugin. -->","yoast_head_json":{"title":"Narval Maxlug Mini 003 gumihal 11 cm UV - Ebihal","description":"Narval Maxlug Mini. A farok rendk\u00edv\u00fcli j\u00e1t\u00e9koss\u00e1g\u00e1nak \u00e9s a test esetlen mozg\u00e1s\u00e1nak k\u00f6sz\u00f6nhet\u0151en a passz\u00edv halak is el\u0151szeretettel r\u00e1v\u00e1gnak. 003. 11 cm","robots":{"index":"index","follow":"follow","max-snippet":"max-snippet:-1","max-image-preview":"max-image-preview:large","max-video-preview":"max-video-preview:-1"},"canonical":"https:\/\/www.ebihal.hu\/en\/shop\/mucsali\/gumicsali\/narval\/maxlug\/maxlug-11cm\/narval-maxlug-mini-003-gumihal-11-cm-uv\/","og_locale":"en_GB","og_type":"article","og_title":"Narval Maxlug Mini 003 gumihal 11 cm UV - Ebihal","og_description":"Narval Maxlug Mini. A farok rendk\u00edv\u00fcli j\u00e1t\u00e9koss\u00e1g\u00e1nak \u00e9s a test esetlen mozg\u00e1s\u00e1nak k\u00f6sz\u00f6nhet\u0151en a passz\u00edv halak is el\u0151szeretettel r\u00e1v\u00e1gnak. 003. 11 cm","og_url":"https:\/\/www.ebihal.hu\/en\/shop\/mucsali\/gumicsali\/narval\/maxlug\/maxlug-11cm\/narval-maxlug-mini-003-gumihal-11-cm-uv\/","og_site_name":"Ebihal","article_publisher":"https:\/\/www.facebook.com\/ebihal","article_modified_time":"2025-12-30T21:30:54+00:00","og_image":[{"width":800,"height":800,"url":"https:\/\/www.ebihal.hu\/wp-content\/uploads\/2025\/03\/003.png","type":"image\/png"}],"twitter_card":"summary_large_image","twitter_misc":{"Estimated reading time":"1 minute"},"schema":{"@context":"https:\/\/schema.org","@graph":[{"@type":"WebPage","@id":"https:\/\/www.ebihal.hu\/shop\/mucsali\/gumicsali\/narval\/maxlug\/maxlug-11cm\/narval-maxlug-mini-003-gumihal-11-cm-uv\/","url":"https:\/\/www.ebihal.hu\/shop\/mucsali\/gumicsali\/narval\/maxlug\/maxlug-11cm\/narval-maxlug-mini-003-gumihal-11-cm-uv\/","name":"Narval Maxlug Mini 003 gumihal 11 cm UV - Ebihal","isPartOf":{"@id":"https:\/\/www.ebihal.hu\/#website"},"primaryImageOfPage":{"@id":"https:\/\/www.ebihal.hu\/shop\/mucsali\/gumicsali\/narval\/maxlug\/maxlug-11cm\/narval-maxlug-mini-003-gumihal-11-cm-uv\/#primaryimage"},"image":{"@id":"https:\/\/www.ebihal.hu\/shop\/mucsali\/gumicsali\/narval\/maxlug\/maxlug-11cm\/narval-maxlug-mini-003-gumihal-11-cm-uv\/#primaryimage"},"thumbnailUrl":"https:\/\/www.ebihal.hu\/wp-content\/uploads\/2025\/03\/003.png","datePublished":"2025-11-22T14:54:43+00:00","dateModified":"2025-12-30T21:30:54+00:00","description":"Narval Maxlug Mini. A farok rendk\u00edv\u00fcli j\u00e1t\u00e9koss\u00e1g\u00e1nak \u00e9s a test esetlen mozg\u00e1s\u00e1nak k\u00f6sz\u00f6nhet\u0151en a passz\u00edv halak is el\u0151szeretettel r\u00e1v\u00e1gnak. 003. 11 cm","breadcrumb":{"@id":"https:\/\/www.ebihal.hu\/shop\/mucsali\/gumicsali\/narval\/maxlug\/maxlug-11cm\/narval-maxlug-mini-003-gumihal-11-cm-uv\/#breadcrumb"},"inLanguage":"en-GB","potentialAction":[{"@type":"ReadAction","target":["https:\/\/www.ebihal.hu\/shop\/mucsali\/gumicsali\/narval\/maxlug\/maxlug-11cm\/narval-maxlug-mini-003-gumihal-11-cm-uv\/"]}]},{"@type":"ImageObject","inLanguage":"en-GB","@id":"https:\/\/www.ebihal.hu\/shop\/mucsali\/gumicsali\/narval\/maxlug\/maxlug-11cm\/narval-maxlug-mini-003-gumihal-11-cm-uv\/#primaryimage","url":"https:\/\/www.ebihal.hu\/wp-content\/uploads\/2025\/03\/003.png","contentUrl":"https:\/\/www.ebihal.hu\/wp-content\/uploads\/2025\/03\/003.png","width":800,"height":800,"caption":"Narval Maxlug 003"},{"@type":"BreadcrumbList","@id":"https:\/\/www.ebihal.hu\/shop\/mucsali\/gumicsali\/narval\/maxlug\/maxlug-11cm\/narval-maxlug-mini-003-gumihal-11-cm-uv\/#breadcrumb","itemListElement":[{"@type":"ListItem","position":1,"name":"Kezd\u0151lap","item":"https:\/\/www.ebihal.hu\/"},{"@type":"ListItem","position":2,"name":"M\u0171csali \u00e1ruh\u00e1z","item":"https:\/\/www.ebihal.hu\/"},{"@type":"ListItem","position":3,"name":"Narval Maxlug Mini 003 gumihal 11 cm UV"}]},{"@type":"WebSite","@id":"https:\/\/www.ebihal.hu\/#website","url":"https:\/\/www.ebihal.hu\/","name":"Ebihal","description":"Fish &amp; Jigs","publisher":{"@id":"https:\/\/www.ebihal.hu\/#organization"},"potentialAction":[{"@type":"SearchAction","target":{"@type":"EntryPoint","urlTemplate":"https:\/\/www.ebihal.hu\/?s={search_term_string}"},"query-input":{"@type":"PropertyValueSpecification","valueRequired":true,"valueName":"search_term_string"}}],"inLanguage":"en-GB"},{"@type":"Organization","@id":"https:\/\/www.ebihal.hu\/#organization","name":"Bir\u00f3 Csaba egy\u00e9ni v\u00e1llalkoz\u00f3","url":"https:\/\/www.ebihal.hu\/","logo":{"@type":"ImageObject","inLanguage":"en-GB","@id":"https:\/\/www.ebihal.hu\/#\/schema\/logo\/image\/","url":"https:\/\/www.ebihal.hu\/wp-content\/uploads\/2021\/02\/brand_logo_mini.png","contentUrl":"https:\/\/www.ebihal.hu\/wp-content\/uploads\/2021\/02\/brand_logo_mini.png","width":300,"height":300,"caption":"Bir\u00f3 Csaba egy\u00e9ni v\u00e1llalkoz\u00f3"},"image":{"@id":"https:\/\/www.ebihal.hu\/#\/schema\/logo\/image\/"},"sameAs":["https:\/\/www.facebook.com\/ebihal"]}]}},"_links":{"self":[{"href":"https:\/\/www.ebihal.hu\/en\/wp-json\/wp\/v2\/product\/13649","targetHints":{"allow":["GET"]}}],"collection":[{"href":"https:\/\/www.ebihal.hu\/en\/wp-json\/wp\/v2\/product"}],"about":[{"href":"https:\/\/www.ebihal.hu\/en\/wp-json\/wp\/v2\/types\/product"}],"replies":[{"embeddable":true,"href":"https:\/\/www.ebihal.hu\/en\/wp-json\/wp\/v2\/comments?post=13649"}],"wp:featuredmedia":[{"embeddable":true,"href":"https:\/\/www.ebihal.hu\/en\/wp-json\/wp\/v2\/media\/12705"}],"wp:attachment":[{"href":"https:\/\/www.ebihal.hu\/en\/wp-json\/wp\/v2\/media?parent=13649"}],"wp:term":[{"taxonomy":"product_cat","embeddable":true,"href":"https:\/\/www.ebihal.hu\/en\/wp-json\/wp\/v2\/product_cat?post=13649"},{"taxonomy":"product_tag","embeddable":true,"href":"https:\/\/www.ebihal.hu\/en\/wp-json\/wp\/v2\/product_tag?post=13649"}],"curies":[{"name":"wp","href":"https:\/\/api.w.org\/{rel}","templated":true}]}}