{"id":13590,"date":"2025-11-11T17:55:32","date_gmt":"2025-11-11T16:55:32","guid":{"rendered":"https:\/\/www.ebihal.hu\/?post_type=product&#038;p=13590"},"modified":"2025-11-11T17:57:31","modified_gmt":"2025-11-11T16:57:31","slug":"prof-montazh-dancing-fish-offset-4-szivacshal-313-uv","status":"publish","type":"product","link":"https:\/\/www.ebihal.hu\/en\/shop\/mucsali\/szivacshal-porolon\/prof-montazh\/prof-montazh-dancing-fish-offset\/prof-montazh-dancing-fish-offset-4-szivacshal-313-uv\/","title":{"rendered":"Prof Montazh Dancing Fish offset 4&#8243; szivacshal 313 UV"},"content":{"rendered":"<p>Az ukr\u00e1n Prof Montazh c\u00e9g innovat\u00edv megold\u00e1sai m\u00e9lt\u00e1n n\u00e9pszer\u0171ek keleti szomsz\u00e9dainkn\u00e1l, k\u00fcl\u00f6n\u00f6sen a <strong>csuk\u00e1ra<\/strong>, <strong>s\u00fcll\u0151re<\/strong> horg\u00e1sz\u00f3k k\u00f6r\u00e9ben.<br \/>\nA csali kiv\u00e1l\u00f3 min\u0151s\u00e9g\u0171 Origin <b>offset <\/b>horoggal lett felszerelve.<br \/>\nF\u00fcgg\u0151legesen \u00e1ll\u00f3 farok\u00fasz\u00f3j\u00fa v\u00e1ltozat.<\/p>\n<p>10 cm hossz\u00fa, 1 db paralon, UV akt\u00edv, 313 sz\u00ednk\u00f3d.<\/p>\n<p><iframe loading=\"lazy\" title=\"YouTube video player\" src=\"https:\/\/www.youtube.com\/embed\/JEHP1ig8sgs?si=ksABDH5okSo60xz2\" width=\"560\" height=\"315\" frameborder=\"0\" allowfullscreen=\"allowfullscreen\"><\/iframe><\/p>\n<h4>Additional information<\/h4>\n<table class=\"woocommerce-product-attributes shop_attributes\" aria-label=\"Product Details\" data-no-translation-aria-label=\"\">\n\t\t\t<tr class=\"woocommerce-product-attributes-item woocommerce-product-attributes-item--weight\">\n\t\t\t<th class=\"woocommerce-product-attributes-item__label\" scope=\"row\" data-no-translation=\"\" data-trp-gettext=\"\">Weight<\/th>\n\t\t\t<td class=\"woocommerce-product-attributes-item__value\">0.005 kg<\/td>\n\t\t<\/tr>\n\t\t\t<tr class=\"woocommerce-product-attributes-item woocommerce-product-attributes-item--attribute_pa_brand\">\n\t\t\t<th class=\"woocommerce-product-attributes-item__label\" scope=\"row\">Brand<\/th>\n\t\t\t<td class=\"woocommerce-product-attributes-item__value\"><p>Prof Montazh<\/p>\n<\/td>\n\t\t<\/tr>\n\t\t\t<tr class=\"woocommerce-product-attributes-item woocommerce-product-attributes-item--attribute_pa_meret\">\n\t\t\t<th class=\"woocommerce-product-attributes-item__label\" scope=\"row\">Size<\/th>\n\t\t\t<td class=\"woocommerce-product-attributes-item__value\"><p>100 mm<\/p>\n<\/td>\n\t\t<\/tr>\n\t\t\t<tr class=\"woocommerce-product-attributes-item woocommerce-product-attributes-item--attribute_pa_szinkod\">\n\t\t\t<th class=\"woocommerce-product-attributes-item__label\" scope=\"row\">Color code<\/th>\n\t\t\t<td class=\"woocommerce-product-attributes-item__value\"><p>313<\/p>\n<\/td>\n\t\t<\/tr>\n\t\t\t<tr class=\"woocommerce-product-attributes-item woocommerce-product-attributes-item--attribute_pa_madein\">\n\t\t\t<th class=\"woocommerce-product-attributes-item__label\" scope=\"row\">Country of origin<\/th>\n\t\t\t<td class=\"woocommerce-product-attributes-item__value\"><p>Ukrajna<\/p>\n<\/td>\n\t\t<\/tr>\n\t\t\t<tr class=\"woocommerce-product-attributes-item woocommerce-product-attributes-item--attribute_pa_kiszereles\">\n\t\t\t<th class=\"woocommerce-product-attributes-item__label\" scope=\"row\">Packaging<\/th>\n\t\t\t<td class=\"woocommerce-product-attributes-item__value\"><p>1 piece<\/p>\n<\/td>\n\t\t<\/tr>\n\t<\/table>","protected":false},"excerpt":{"rendered":"<p>1 db szivacshal<\/p>","protected":false},"featured_media":13591,"comment_status":"open","ping_status":"closed","template":"","meta":[],"product_cat":[2074,74,40,2064,605],"product_tag":[147,148,573,2068,2067,146,834,430,817],"class_list":{"0":"post-13590","1":"product","2":"type-product","3":"status-publish","4":"has-post-thumbnail","6":"product_brand-prof-montazh","7":"product_cat-prof-montazh-dancing-fish-offset","8":"product_cat-gumicsali","9":"product_cat-mucsali","10":"product_cat-prof-montazh","11":"product_cat-ujdonsagok","12":"product_tag-csuka","13":"product_tag-harcsa","14":"product_tag-offset","15":"product_tag-paralon","16":"product_tag-prof-montazh","17":"product_tag-sullo","18":"product_tag-szivacs-csali","19":"product_tag-uv","20":"product_tag-xl","22":"first","23":"instock","24":"shipping-taxable","25":"purchasable","26":"product-type-simple"},"supplier_id":null,"supplier_sku":"","barcode":null,"atum_controlled":true,"out_stock_date":null,"out_stock_threshold":null,"inheritable":false,"inbound_stock":0,"stock_on_hold":0,"sold_today":0,"sales_last_days":0,"reserved_stock":0,"customer_returns":0,"warehouse_damage":0,"lost_in_post":0,"other_logs":0,"out_stock_days":0,"lost_sales":0,"has_location":false,"update_date":"2026-04-15T00:31:35","atum_locations":[],"atum_stock_status":"instock","restock_status":false,"low_stock_amount":"","sales_update_date":"2026-04-15T00:31:35","calc_backorders":null,"yoast_head":"<!-- This site is optimized with the Yoast SEO plugin v27.4 - https:\/\/yoast.com\/product\/yoast-seo-wordpress\/ -->\n<title>Prof Montazh Dancing Fish offset 4&quot; szivacshal 313 UV paralon - Ebihal<\/title>\n<meta name=\"description\" content=\"A Prof Montazh Dancing Fish offset szivacshal kiv\u00e1l\u00f3 min\u0151s\u00e9g\u0171 Origin offset horoggal lett felszerelve. Unik\u00e1lis term\u00e9k. 313 UV 4&quot;\" \/>\n<meta name=\"robots\" content=\"index, follow, max-snippet:-1, max-image-preview:large, max-video-preview:-1\" \/>\n<link rel=\"canonical\" href=\"https:\/\/www.ebihal.hu\/en\/shop\/mucsali\/szivacshal-porolon\/prof-montazh\/prof-montazh-dancing-fish-offset\/prof-montazh-dancing-fish-offset-4-szivacshal-313-uv\/\" \/>\n<meta property=\"og:locale\" content=\"en_GB\" \/>\n<meta property=\"og:type\" content=\"article\" \/>\n<meta property=\"og:title\" content=\"Prof Montazh Dancing Fish offset 4&quot; szivacshal 313 UV paralon - Ebihal\" \/>\n<meta property=\"og:description\" content=\"A Prof Montazh Dancing Fish offset szivacshal kiv\u00e1l\u00f3 min\u0151s\u00e9g\u0171 Origin offset horoggal lett felszerelve. Unik\u00e1lis term\u00e9k. 313 UV 4&quot;\" \/>\n<meta property=\"og:url\" content=\"https:\/\/www.ebihal.hu\/en\/shop\/mucsali\/szivacshal-porolon\/prof-montazh\/prof-montazh-dancing-fish-offset\/prof-montazh-dancing-fish-offset-4-szivacshal-313-uv\/\" \/>\n<meta property=\"og:site_name\" content=\"Ebihal\" \/>\n<meta property=\"article:publisher\" content=\"https:\/\/www.facebook.com\/ebihal\" \/>\n<meta property=\"article:modified_time\" content=\"2025-11-11T16:57:31+00:00\" \/>\n<meta property=\"og:image\" content=\"https:\/\/www.ebihal.hu\/wp-content\/uploads\/2025\/11\/313.png\" \/>\n\t<meta property=\"og:image:width\" content=\"1000\" \/>\n\t<meta property=\"og:image:height\" content=\"1000\" \/>\n\t<meta property=\"og:image:type\" content=\"image\/png\" \/>\n<meta name=\"twitter:card\" content=\"summary_large_image\" \/>\n<meta name=\"twitter:label1\" content=\"Estimated reading time\" \/>\n\t<meta name=\"twitter:data1\" content=\"1 minute\" \/>\n<script type=\"application\/ld+json\" class=\"yoast-schema-graph\">{\"@context\":\"https:\\\/\\\/schema.org\",\"@graph\":[{\"@type\":\"WebPage\",\"@id\":\"https:\\\/\\\/www.ebihal.hu\\\/shop\\\/mucsali\\\/szivacshal-porolon\\\/prof-montazh\\\/prof-montazh-dancing-fish-offset\\\/prof-montazh-dancing-fish-offset-4-szivacshal-313-uv\\\/\",\"url\":\"https:\\\/\\\/www.ebihal.hu\\\/shop\\\/mucsali\\\/szivacshal-porolon\\\/prof-montazh\\\/prof-montazh-dancing-fish-offset\\\/prof-montazh-dancing-fish-offset-4-szivacshal-313-uv\\\/\",\"name\":\"Prof Montazh Dancing Fish offset 4\\\" szivacshal 313 UV paralon - Ebihal\",\"isPartOf\":{\"@id\":\"https:\\\/\\\/www.ebihal.hu\\\/#website\"},\"primaryImageOfPage\":{\"@id\":\"https:\\\/\\\/www.ebihal.hu\\\/shop\\\/mucsali\\\/szivacshal-porolon\\\/prof-montazh\\\/prof-montazh-dancing-fish-offset\\\/prof-montazh-dancing-fish-offset-4-szivacshal-313-uv\\\/#primaryimage\"},\"image\":{\"@id\":\"https:\\\/\\\/www.ebihal.hu\\\/shop\\\/mucsali\\\/szivacshal-porolon\\\/prof-montazh\\\/prof-montazh-dancing-fish-offset\\\/prof-montazh-dancing-fish-offset-4-szivacshal-313-uv\\\/#primaryimage\"},\"thumbnailUrl\":\"https:\\\/\\\/www.ebihal.hu\\\/wp-content\\\/uploads\\\/2025\\\/11\\\/313.png\",\"datePublished\":\"2025-11-11T16:55:32+00:00\",\"dateModified\":\"2025-11-11T16:57:31+00:00\",\"description\":\"A Prof Montazh Dancing Fish offset szivacshal kiv\u00e1l\u00f3 min\u0151s\u00e9g\u0171 Origin offset horoggal lett felszerelve. Unik\u00e1lis term\u00e9k. 313 UV 4\\\"\",\"breadcrumb\":{\"@id\":\"https:\\\/\\\/www.ebihal.hu\\\/shop\\\/mucsali\\\/szivacshal-porolon\\\/prof-montazh\\\/prof-montazh-dancing-fish-offset\\\/prof-montazh-dancing-fish-offset-4-szivacshal-313-uv\\\/#breadcrumb\"},\"inLanguage\":\"en-GB\",\"potentialAction\":[{\"@type\":\"ReadAction\",\"target\":[\"https:\\\/\\\/www.ebihal.hu\\\/shop\\\/mucsali\\\/szivacshal-porolon\\\/prof-montazh\\\/prof-montazh-dancing-fish-offset\\\/prof-montazh-dancing-fish-offset-4-szivacshal-313-uv\\\/\"]}]},{\"@type\":\"ImageObject\",\"inLanguage\":\"en-GB\",\"@id\":\"https:\\\/\\\/www.ebihal.hu\\\/shop\\\/mucsali\\\/szivacshal-porolon\\\/prof-montazh\\\/prof-montazh-dancing-fish-offset\\\/prof-montazh-dancing-fish-offset-4-szivacshal-313-uv\\\/#primaryimage\",\"url\":\"https:\\\/\\\/www.ebihal.hu\\\/wp-content\\\/uploads\\\/2025\\\/11\\\/313.png\",\"contentUrl\":\"https:\\\/\\\/www.ebihal.hu\\\/wp-content\\\/uploads\\\/2025\\\/11\\\/313.png\",\"width\":1000,\"height\":1000,\"caption\":\"Prof Montazh Dancing Fish RT offset 313\"},{\"@type\":\"BreadcrumbList\",\"@id\":\"https:\\\/\\\/www.ebihal.hu\\\/shop\\\/mucsali\\\/szivacshal-porolon\\\/prof-montazh\\\/prof-montazh-dancing-fish-offset\\\/prof-montazh-dancing-fish-offset-4-szivacshal-313-uv\\\/#breadcrumb\",\"itemListElement\":[{\"@type\":\"ListItem\",\"position\":1,\"name\":\"Kezd\u0151lap\",\"item\":\"https:\\\/\\\/www.ebihal.hu\\\/\"},{\"@type\":\"ListItem\",\"position\":2,\"name\":\"M\u0171csali \u00e1ruh\u00e1z\",\"item\":\"https:\\\/\\\/www.ebihal.hu\\\/\"},{\"@type\":\"ListItem\",\"position\":3,\"name\":\"Prof Montazh Dancing Fish offset 4&#8243; szivacshal 313 UV\"}]},{\"@type\":\"WebSite\",\"@id\":\"https:\\\/\\\/www.ebihal.hu\\\/#website\",\"url\":\"https:\\\/\\\/www.ebihal.hu\\\/\",\"name\":\"Ebihal\",\"description\":\"Fish &amp; Jigs\",\"publisher\":{\"@id\":\"https:\\\/\\\/www.ebihal.hu\\\/#organization\"},\"potentialAction\":[{\"@type\":\"SearchAction\",\"target\":{\"@type\":\"EntryPoint\",\"urlTemplate\":\"https:\\\/\\\/www.ebihal.hu\\\/?s={search_term_string}\"},\"query-input\":{\"@type\":\"PropertyValueSpecification\",\"valueRequired\":true,\"valueName\":\"search_term_string\"}}],\"inLanguage\":\"en-GB\"},{\"@type\":\"Organization\",\"@id\":\"https:\\\/\\\/www.ebihal.hu\\\/#organization\",\"name\":\"Bir\u00f3 Csaba egy\u00e9ni v\u00e1llalkoz\u00f3\",\"url\":\"https:\\\/\\\/www.ebihal.hu\\\/\",\"logo\":{\"@type\":\"ImageObject\",\"inLanguage\":\"en-GB\",\"@id\":\"https:\\\/\\\/www.ebihal.hu\\\/#\\\/schema\\\/logo\\\/image\\\/\",\"url\":\"https:\\\/\\\/www.ebihal.hu\\\/wp-content\\\/uploads\\\/2021\\\/02\\\/brand_logo_mini.png\",\"contentUrl\":\"https:\\\/\\\/www.ebihal.hu\\\/wp-content\\\/uploads\\\/2021\\\/02\\\/brand_logo_mini.png\",\"width\":300,\"height\":300,\"caption\":\"Bir\u00f3 Csaba egy\u00e9ni v\u00e1llalkoz\u00f3\"},\"image\":{\"@id\":\"https:\\\/\\\/www.ebihal.hu\\\/#\\\/schema\\\/logo\\\/image\\\/\"},\"sameAs\":[\"https:\\\/\\\/www.facebook.com\\\/ebihal\"]}]}<\/script>\n<!-- \/ Yoast SEO plugin. -->","yoast_head_json":{"title":"Prof Montazh Dancing Fish offset 4\" szivacshal 313 UV paralon - Ebihal","description":"A Prof Montazh Dancing Fish offset szivacshal kiv\u00e1l\u00f3 min\u0151s\u00e9g\u0171 Origin offset horoggal lett felszerelve. Unik\u00e1lis term\u00e9k. 313 UV 4\"","robots":{"index":"index","follow":"follow","max-snippet":"max-snippet:-1","max-image-preview":"max-image-preview:large","max-video-preview":"max-video-preview:-1"},"canonical":"https:\/\/www.ebihal.hu\/en\/shop\/mucsali\/szivacshal-porolon\/prof-montazh\/prof-montazh-dancing-fish-offset\/prof-montazh-dancing-fish-offset-4-szivacshal-313-uv\/","og_locale":"en_GB","og_type":"article","og_title":"Prof Montazh Dancing Fish offset 4\" szivacshal 313 UV paralon - Ebihal","og_description":"A Prof Montazh Dancing Fish offset szivacshal kiv\u00e1l\u00f3 min\u0151s\u00e9g\u0171 Origin offset horoggal lett felszerelve. Unik\u00e1lis term\u00e9k. 313 UV 4\"","og_url":"https:\/\/www.ebihal.hu\/en\/shop\/mucsali\/szivacshal-porolon\/prof-montazh\/prof-montazh-dancing-fish-offset\/prof-montazh-dancing-fish-offset-4-szivacshal-313-uv\/","og_site_name":"Ebihal","article_publisher":"https:\/\/www.facebook.com\/ebihal","article_modified_time":"2025-11-11T16:57:31+00:00","og_image":[{"width":1000,"height":1000,"url":"https:\/\/www.ebihal.hu\/wp-content\/uploads\/2025\/11\/313.png","type":"image\/png"}],"twitter_card":"summary_large_image","twitter_misc":{"Estimated reading time":"1 minute"},"schema":{"@context":"https:\/\/schema.org","@graph":[{"@type":"WebPage","@id":"https:\/\/www.ebihal.hu\/shop\/mucsali\/szivacshal-porolon\/prof-montazh\/prof-montazh-dancing-fish-offset\/prof-montazh-dancing-fish-offset-4-szivacshal-313-uv\/","url":"https:\/\/www.ebihal.hu\/shop\/mucsali\/szivacshal-porolon\/prof-montazh\/prof-montazh-dancing-fish-offset\/prof-montazh-dancing-fish-offset-4-szivacshal-313-uv\/","name":"Prof Montazh Dancing Fish offset 4\" szivacshal 313 UV paralon - Ebihal","isPartOf":{"@id":"https:\/\/www.ebihal.hu\/#website"},"primaryImageOfPage":{"@id":"https:\/\/www.ebihal.hu\/shop\/mucsali\/szivacshal-porolon\/prof-montazh\/prof-montazh-dancing-fish-offset\/prof-montazh-dancing-fish-offset-4-szivacshal-313-uv\/#primaryimage"},"image":{"@id":"https:\/\/www.ebihal.hu\/shop\/mucsali\/szivacshal-porolon\/prof-montazh\/prof-montazh-dancing-fish-offset\/prof-montazh-dancing-fish-offset-4-szivacshal-313-uv\/#primaryimage"},"thumbnailUrl":"https:\/\/www.ebihal.hu\/wp-content\/uploads\/2025\/11\/313.png","datePublished":"2025-11-11T16:55:32+00:00","dateModified":"2025-11-11T16:57:31+00:00","description":"A Prof Montazh Dancing Fish offset szivacshal kiv\u00e1l\u00f3 min\u0151s\u00e9g\u0171 Origin offset horoggal lett felszerelve. Unik\u00e1lis term\u00e9k. 313 UV 4\"","breadcrumb":{"@id":"https:\/\/www.ebihal.hu\/shop\/mucsali\/szivacshal-porolon\/prof-montazh\/prof-montazh-dancing-fish-offset\/prof-montazh-dancing-fish-offset-4-szivacshal-313-uv\/#breadcrumb"},"inLanguage":"en-GB","potentialAction":[{"@type":"ReadAction","target":["https:\/\/www.ebihal.hu\/shop\/mucsali\/szivacshal-porolon\/prof-montazh\/prof-montazh-dancing-fish-offset\/prof-montazh-dancing-fish-offset-4-szivacshal-313-uv\/"]}]},{"@type":"ImageObject","inLanguage":"en-GB","@id":"https:\/\/www.ebihal.hu\/shop\/mucsali\/szivacshal-porolon\/prof-montazh\/prof-montazh-dancing-fish-offset\/prof-montazh-dancing-fish-offset-4-szivacshal-313-uv\/#primaryimage","url":"https:\/\/www.ebihal.hu\/wp-content\/uploads\/2025\/11\/313.png","contentUrl":"https:\/\/www.ebihal.hu\/wp-content\/uploads\/2025\/11\/313.png","width":1000,"height":1000,"caption":"Prof Montazh Dancing Fish RT offset 313"},{"@type":"BreadcrumbList","@id":"https:\/\/www.ebihal.hu\/shop\/mucsali\/szivacshal-porolon\/prof-montazh\/prof-montazh-dancing-fish-offset\/prof-montazh-dancing-fish-offset-4-szivacshal-313-uv\/#breadcrumb","itemListElement":[{"@type":"ListItem","position":1,"name":"Kezd\u0151lap","item":"https:\/\/www.ebihal.hu\/"},{"@type":"ListItem","position":2,"name":"M\u0171csali \u00e1ruh\u00e1z","item":"https:\/\/www.ebihal.hu\/"},{"@type":"ListItem","position":3,"name":"Prof Montazh Dancing Fish offset 4&#8243; szivacshal 313 UV"}]},{"@type":"WebSite","@id":"https:\/\/www.ebihal.hu\/#website","url":"https:\/\/www.ebihal.hu\/","name":"Ebihal","description":"Fish &amp; Jigs","publisher":{"@id":"https:\/\/www.ebihal.hu\/#organization"},"potentialAction":[{"@type":"SearchAction","target":{"@type":"EntryPoint","urlTemplate":"https:\/\/www.ebihal.hu\/?s={search_term_string}"},"query-input":{"@type":"PropertyValueSpecification","valueRequired":true,"valueName":"search_term_string"}}],"inLanguage":"en-GB"},{"@type":"Organization","@id":"https:\/\/www.ebihal.hu\/#organization","name":"Bir\u00f3 Csaba egy\u00e9ni v\u00e1llalkoz\u00f3","url":"https:\/\/www.ebihal.hu\/","logo":{"@type":"ImageObject","inLanguage":"en-GB","@id":"https:\/\/www.ebihal.hu\/#\/schema\/logo\/image\/","url":"https:\/\/www.ebihal.hu\/wp-content\/uploads\/2021\/02\/brand_logo_mini.png","contentUrl":"https:\/\/www.ebihal.hu\/wp-content\/uploads\/2021\/02\/brand_logo_mini.png","width":300,"height":300,"caption":"Bir\u00f3 Csaba egy\u00e9ni v\u00e1llalkoz\u00f3"},"image":{"@id":"https:\/\/www.ebihal.hu\/#\/schema\/logo\/image\/"},"sameAs":["https:\/\/www.facebook.com\/ebihal"]}]}},"_links":{"self":[{"href":"https:\/\/www.ebihal.hu\/en\/wp-json\/wp\/v2\/product\/13590","targetHints":{"allow":["GET"]}}],"collection":[{"href":"https:\/\/www.ebihal.hu\/en\/wp-json\/wp\/v2\/product"}],"about":[{"href":"https:\/\/www.ebihal.hu\/en\/wp-json\/wp\/v2\/types\/product"}],"replies":[{"embeddable":true,"href":"https:\/\/www.ebihal.hu\/en\/wp-json\/wp\/v2\/comments?post=13590"}],"wp:featuredmedia":[{"embeddable":true,"href":"https:\/\/www.ebihal.hu\/en\/wp-json\/wp\/v2\/media\/13591"}],"wp:attachment":[{"href":"https:\/\/www.ebihal.hu\/en\/wp-json\/wp\/v2\/media?parent=13590"}],"wp:term":[{"taxonomy":"product_cat","embeddable":true,"href":"https:\/\/www.ebihal.hu\/en\/wp-json\/wp\/v2\/product_cat?post=13590"},{"taxonomy":"product_tag","embeddable":true,"href":"https:\/\/www.ebihal.hu\/en\/wp-json\/wp\/v2\/product_tag?post=13590"}],"curies":[{"name":"wp","href":"https:\/\/api.w.org\/{rel}","templated":true}]}}