{"id":13220,"date":"2025-08-06T17:42:05","date_gmt":"2025-08-06T16:42:05","guid":{"rendered":"https:\/\/www.ebihal.hu\/?post_type=product&#038;p=13220"},"modified":"2025-08-06T17:49:29","modified_gmt":"2025-08-06T16:49:29","slug":"fish-bay-robak-ul-gumicsali-65cm-floating-uv-7","status":"publish","type":"product","link":"https:\/\/www.ebihal.hu\/en\/shop\/mucsali\/gumicsali\/fishbay\/robak\/robak-65\/fish-bay-robak-ul-gumicsali-65cm-floating-uv-7\/","title":{"rendered":"Fish Bay Robak UL gumicsali 6,5cm FLOATING UV #7"},"content":{"rendered":"<p>A\u00a0 lengyel Fish Bay Robak term\u00e9ke egy <strong>fel\u00fasz\u00f3, UV akt\u00edv\u00a0<\/strong> gy\u0171r\u0171sf\u00e9reg ut\u00e1nzat. L\u00e1gy, izg\u0151-mozg\u00f3 teste, farkinc\u00e1ja rendk\u00edv\u00fcli vonzer\u0151vel b\u00edr a ragadoz\u00f3halak sz\u00e1m\u00e1ra. Nagyon k\u00f6nny\u0171 az anim\u00e1l\u00e1sa, kezd\u0151 perget\u0151k is sikerrel alkalmazz\u00e1k. A szelv\u00e9nyeken k\u00e9t sorban l\u00e9v\u0151 kis g\u00f6b\u00f6k <strong>er\u0151s rezg\u00e9st<\/strong> keltenek a v\u00edzben, illetve kiegyens\u00falyozz\u00e1k a csalit.<br \/>\nIde\u00e1lis s\u00fcg\u00e9r, k\u0151s\u00fcll\u0151, s\u00fcll\u0151 csal\u00e9tek. Cheburashk\u00e1n, rigen (Jika, Split shot, Carolina), drop-shoton mutatkoznak meg igaz\u00e1n az er\u00e9nyei.<\/p>\n<p>A Robak a <a href=\"http:\/\/fishup.com.ua\/\" target=\"_blank\" rel=\"noopener\">FishUp Tanta<\/a> csalij\u00e1val mutat rokons\u00e1got, de ann\u00e1l horog\u00e1ll\u00f3bb, ill. fel\u00fasz\u00f3 jellege miatt sokr\u00e9t\u0171bbek a felhaszn\u00e1l\u00e1si lehet\u0151s\u00e9gei.<\/p>\n<p><strong>6,5 cm<\/strong> hossz\u00fa, 1,9 g, #7 Green-Black sz\u00edn, <strong>floating<\/strong>, arom\u00e1s\u00edtott, <strong>UV akt\u00edv<\/strong>, ftal\u00e1t-mentes, <strong>5\u00a0db\/csomag<\/strong>.<\/p>\n<h4>Additional information<\/h4>\n<table class=\"woocommerce-product-attributes shop_attributes\" aria-label=\"Product Details\" data-no-translation-aria-label=\"\">\n\t\t\t<tr class=\"woocommerce-product-attributes-item woocommerce-product-attributes-item--weight\">\n\t\t\t<th class=\"woocommerce-product-attributes-item__label\" scope=\"row\" data-no-translation=\"\" data-trp-gettext=\"\">Weight<\/th>\n\t\t\t<td class=\"woocommerce-product-attributes-item__value\">0.015 kg<\/td>\n\t\t<\/tr>\n\t\t\t<tr class=\"woocommerce-product-attributes-item woocommerce-product-attributes-item--attribute_pa_brand\">\n\t\t\t<th class=\"woocommerce-product-attributes-item__label\" scope=\"row\">Brand<\/th>\n\t\t\t<td class=\"woocommerce-product-attributes-item__value\"><p>Fish Bay<\/p>\n<\/td>\n\t\t<\/tr>\n\t\t\t<tr class=\"woocommerce-product-attributes-item woocommerce-product-attributes-item--attribute_pa_color\">\n\t\t\t<th class=\"woocommerce-product-attributes-item__label\" scope=\"row\">Color<\/th>\n\t\t\t<td class=\"woocommerce-product-attributes-item__value\"><p>Green-Black<\/p>\n<\/td>\n\t\t<\/tr>\n\t\t\t<tr class=\"woocommerce-product-attributes-item woocommerce-product-attributes-item--attribute_pa_meret\">\n\t\t\t<th class=\"woocommerce-product-attributes-item__label\" scope=\"row\">Size<\/th>\n\t\t\t<td class=\"woocommerce-product-attributes-item__value\"><p>65 mm<\/p>\n<\/td>\n\t\t<\/tr>\n\t\t\t<tr class=\"woocommerce-product-attributes-item woocommerce-product-attributes-item--attribute_pa_madein\">\n\t\t\t<th class=\"woocommerce-product-attributes-item__label\" scope=\"row\">Country of origin<\/th>\n\t\t\t<td class=\"woocommerce-product-attributes-item__value\"><p>Lengyelorsz\u00e1g<\/p>\n<\/td>\n\t\t<\/tr>\n\t\t\t<tr class=\"woocommerce-product-attributes-item woocommerce-product-attributes-item--attribute_pa_kiszereles\">\n\t\t\t<th class=\"woocommerce-product-attributes-item__label\" scope=\"row\">Packaging<\/th>\n\t\t\t<td class=\"woocommerce-product-attributes-item__value\"><p>1 plastic bag<\/p>\n<\/td>\n\t\t<\/tr>\n\t\t\t<tr class=\"woocommerce-product-attributes-item woocommerce-product-attributes-item--attribute_pa_darabszam\">\n\t\t\t<th class=\"woocommerce-product-attributes-item__label\" scope=\"row\">Darabsz\u00e1m<\/th>\n\t\t\t<td class=\"woocommerce-product-attributes-item__value\"><p>5<\/p>\n<\/td>\n\t\t<\/tr>\n\t<\/table>","protected":false},"excerpt":{"rendered":"<p>5 db\/csomag<\/p>","protected":false},"featured_media":13148,"comment_status":"open","ping_status":"closed","template":"","meta":[],"product_cat":[1549,74,40,1550,2132,605],"product_tag":[147,1552,1082,339,814,816,823,1553,241,146,2121],"class_list":{"0":"post-13220","1":"product","2":"type-product","3":"status-publish","4":"has-post-thumbnail","6":"product_brand-fishbay","7":"product_cat-fishbay","8":"product_cat-gumicsali","9":"product_cat-mucsali","10":"product_cat-robak","11":"product_cat-robak-65","12":"product_cat-ujdonsagok","13":"product_tag-csuka","14":"product_tag-fish-bay","15":"product_tag-floating","16":"product_tag-kosullo","17":"product_tag-l","18":"product_tag-larva","19":"product_tag-no-action","20":"product_tag-robak","21":"product_tag-suger","22":"product_tag-sullo","23":"product_tag-tanta","25":"first","26":"instock","27":"shipping-taxable","28":"purchasable","29":"product-type-simple"},"supplier_id":null,"supplier_sku":"","barcode":null,"atum_controlled":true,"out_stock_date":null,"out_stock_threshold":null,"inheritable":false,"inbound_stock":0,"stock_on_hold":0,"sold_today":0,"sales_last_days":0,"reserved_stock":0,"customer_returns":0,"warehouse_damage":0,"lost_in_post":0,"other_logs":0,"out_stock_days":0,"lost_sales":0,"has_location":false,"update_date":"2026-04-15T00:32:48","atum_locations":[],"atum_stock_status":"instock","restock_status":false,"low_stock_amount":"","sales_update_date":"2026-04-15T00:32:48","calc_backorders":null,"yoast_head":"<!-- This site is optimized with the Yoast SEO plugin v27.4 - https:\/\/yoast.com\/product\/yoast-seo-wordpress\/ -->\n<title>Fish Bay Robak UL gumicsali 6,5cm FLOATING UV #7 - Ebihal<\/title>\n<meta name=\"description\" content=\"A\u00a0 lengyel Fish Bay Robak csali l\u00e1gy, izg\u0151-mozg\u00f3 teste rendk\u00edv\u00fcli vonzer\u0151vel b\u00edr a ragadoz\u00f3halak sz\u00e1m\u00e1ra. Floating. Green-Black. #7\" \/>\n<meta name=\"robots\" content=\"index, follow, max-snippet:-1, max-image-preview:large, max-video-preview:-1\" \/>\n<link rel=\"canonical\" href=\"https:\/\/www.ebihal.hu\/en\/shop\/mucsali\/gumicsali\/fishbay\/robak\/robak-65\/fish-bay-robak-ul-gumicsali-65cm-floating-uv-7\/\" \/>\n<meta property=\"og:locale\" content=\"en_GB\" \/>\n<meta property=\"og:type\" content=\"article\" \/>\n<meta property=\"og:title\" content=\"Fish Bay Robak UL gumicsali 6,5cm FLOATING UV #7 - Ebihal\" \/>\n<meta property=\"og:description\" content=\"A\u00a0 lengyel Fish Bay Robak csali l\u00e1gy, izg\u0151-mozg\u00f3 teste rendk\u00edv\u00fcli vonzer\u0151vel b\u00edr a ragadoz\u00f3halak sz\u00e1m\u00e1ra. Floating. Green-Black. #7\" \/>\n<meta property=\"og:url\" content=\"https:\/\/www.ebihal.hu\/en\/shop\/mucsali\/gumicsali\/fishbay\/robak\/robak-65\/fish-bay-robak-ul-gumicsali-65cm-floating-uv-7\/\" \/>\n<meta property=\"og:site_name\" content=\"Ebihal\" \/>\n<meta property=\"article:publisher\" content=\"https:\/\/www.facebook.com\/ebihal\" \/>\n<meta property=\"article:modified_time\" content=\"2025-08-06T16:49:29+00:00\" \/>\n<meta property=\"og:image\" content=\"https:\/\/www.ebihal.hu\/wp-content\/uploads\/2022\/09\/7_robak.jpg\" \/>\n\t<meta property=\"og:image:width\" content=\"800\" \/>\n\t<meta property=\"og:image:height\" content=\"800\" \/>\n\t<meta property=\"og:image:type\" content=\"image\/jpeg\" \/>\n<meta name=\"twitter:card\" content=\"summary_large_image\" \/>\n<meta name=\"twitter:label1\" content=\"Estimated reading time\" \/>\n\t<meta name=\"twitter:data1\" content=\"1 minute\" \/>\n<script type=\"application\/ld+json\" class=\"yoast-schema-graph\">{\"@context\":\"https:\\\/\\\/schema.org\",\"@graph\":[{\"@type\":\"WebPage\",\"@id\":\"https:\\\/\\\/www.ebihal.hu\\\/shop\\\/mucsali\\\/gumicsali\\\/fishbay\\\/robak\\\/robak-65\\\/fish-bay-robak-ul-gumicsali-65cm-floating-uv-7\\\/\",\"url\":\"https:\\\/\\\/www.ebihal.hu\\\/shop\\\/mucsali\\\/gumicsali\\\/fishbay\\\/robak\\\/robak-65\\\/fish-bay-robak-ul-gumicsali-65cm-floating-uv-7\\\/\",\"name\":\"Fish Bay Robak UL gumicsali 6,5cm FLOATING UV #7 - Ebihal\",\"isPartOf\":{\"@id\":\"https:\\\/\\\/www.ebihal.hu\\\/#website\"},\"primaryImageOfPage\":{\"@id\":\"https:\\\/\\\/www.ebihal.hu\\\/shop\\\/mucsali\\\/gumicsali\\\/fishbay\\\/robak\\\/robak-65\\\/fish-bay-robak-ul-gumicsali-65cm-floating-uv-7\\\/#primaryimage\"},\"image\":{\"@id\":\"https:\\\/\\\/www.ebihal.hu\\\/shop\\\/mucsali\\\/gumicsali\\\/fishbay\\\/robak\\\/robak-65\\\/fish-bay-robak-ul-gumicsali-65cm-floating-uv-7\\\/#primaryimage\"},\"thumbnailUrl\":\"https:\\\/\\\/www.ebihal.hu\\\/wp-content\\\/uploads\\\/2022\\\/09\\\/7_robak.jpg\",\"datePublished\":\"2025-08-06T16:42:05+00:00\",\"dateModified\":\"2025-08-06T16:49:29+00:00\",\"description\":\"A\u00a0 lengyel Fish Bay Robak csali l\u00e1gy, izg\u0151-mozg\u00f3 teste rendk\u00edv\u00fcli vonzer\u0151vel b\u00edr a ragadoz\u00f3halak sz\u00e1m\u00e1ra. Floating. Green-Black. #7\",\"breadcrumb\":{\"@id\":\"https:\\\/\\\/www.ebihal.hu\\\/shop\\\/mucsali\\\/gumicsali\\\/fishbay\\\/robak\\\/robak-65\\\/fish-bay-robak-ul-gumicsali-65cm-floating-uv-7\\\/#breadcrumb\"},\"inLanguage\":\"en-GB\",\"potentialAction\":[{\"@type\":\"ReadAction\",\"target\":[\"https:\\\/\\\/www.ebihal.hu\\\/shop\\\/mucsali\\\/gumicsali\\\/fishbay\\\/robak\\\/robak-65\\\/fish-bay-robak-ul-gumicsali-65cm-floating-uv-7\\\/\"]}]},{\"@type\":\"ImageObject\",\"inLanguage\":\"en-GB\",\"@id\":\"https:\\\/\\\/www.ebihal.hu\\\/shop\\\/mucsali\\\/gumicsali\\\/fishbay\\\/robak\\\/robak-65\\\/fish-bay-robak-ul-gumicsali-65cm-floating-uv-7\\\/#primaryimage\",\"url\":\"https:\\\/\\\/www.ebihal.hu\\\/wp-content\\\/uploads\\\/2022\\\/09\\\/7_robak.jpg\",\"contentUrl\":\"https:\\\/\\\/www.ebihal.hu\\\/wp-content\\\/uploads\\\/2022\\\/09\\\/7_robak.jpg\",\"width\":800,\"height\":800,\"caption\":\"Fish Bay Robak 007\"},{\"@type\":\"BreadcrumbList\",\"@id\":\"https:\\\/\\\/www.ebihal.hu\\\/shop\\\/mucsali\\\/gumicsali\\\/fishbay\\\/robak\\\/robak-65\\\/fish-bay-robak-ul-gumicsali-65cm-floating-uv-7\\\/#breadcrumb\",\"itemListElement\":[{\"@type\":\"ListItem\",\"position\":1,\"name\":\"Kezd\u0151lap\",\"item\":\"https:\\\/\\\/www.ebihal.hu\\\/\"},{\"@type\":\"ListItem\",\"position\":2,\"name\":\"M\u0171csali \u00e1ruh\u00e1z\",\"item\":\"https:\\\/\\\/www.ebihal.hu\\\/\"},{\"@type\":\"ListItem\",\"position\":3,\"name\":\"Fish Bay Robak UL gumicsali 6,5cm FLOATING UV #7\"}]},{\"@type\":\"WebSite\",\"@id\":\"https:\\\/\\\/www.ebihal.hu\\\/#website\",\"url\":\"https:\\\/\\\/www.ebihal.hu\\\/\",\"name\":\"Ebihal\",\"description\":\"Fish &amp; Jigs\",\"publisher\":{\"@id\":\"https:\\\/\\\/www.ebihal.hu\\\/#organization\"},\"potentialAction\":[{\"@type\":\"SearchAction\",\"target\":{\"@type\":\"EntryPoint\",\"urlTemplate\":\"https:\\\/\\\/www.ebihal.hu\\\/?s={search_term_string}\"},\"query-input\":{\"@type\":\"PropertyValueSpecification\",\"valueRequired\":true,\"valueName\":\"search_term_string\"}}],\"inLanguage\":\"en-GB\"},{\"@type\":\"Organization\",\"@id\":\"https:\\\/\\\/www.ebihal.hu\\\/#organization\",\"name\":\"Bir\u00f3 Csaba egy\u00e9ni v\u00e1llalkoz\u00f3\",\"url\":\"https:\\\/\\\/www.ebihal.hu\\\/\",\"logo\":{\"@type\":\"ImageObject\",\"inLanguage\":\"en-GB\",\"@id\":\"https:\\\/\\\/www.ebihal.hu\\\/#\\\/schema\\\/logo\\\/image\\\/\",\"url\":\"https:\\\/\\\/www.ebihal.hu\\\/wp-content\\\/uploads\\\/2021\\\/02\\\/brand_logo_mini.png\",\"contentUrl\":\"https:\\\/\\\/www.ebihal.hu\\\/wp-content\\\/uploads\\\/2021\\\/02\\\/brand_logo_mini.png\",\"width\":300,\"height\":300,\"caption\":\"Bir\u00f3 Csaba egy\u00e9ni v\u00e1llalkoz\u00f3\"},\"image\":{\"@id\":\"https:\\\/\\\/www.ebihal.hu\\\/#\\\/schema\\\/logo\\\/image\\\/\"},\"sameAs\":[\"https:\\\/\\\/www.facebook.com\\\/ebihal\"]}]}<\/script>\n<!-- \/ Yoast SEO plugin. -->","yoast_head_json":{"title":"Fish Bay Robak UL gumicsali 6,5cm FLOATING UV #7 - Ebihal","description":"A\u00a0 lengyel Fish Bay Robak csali l\u00e1gy, izg\u0151-mozg\u00f3 teste rendk\u00edv\u00fcli vonzer\u0151vel b\u00edr a ragadoz\u00f3halak sz\u00e1m\u00e1ra. Floating. Green-Black. #7","robots":{"index":"index","follow":"follow","max-snippet":"max-snippet:-1","max-image-preview":"max-image-preview:large","max-video-preview":"max-video-preview:-1"},"canonical":"https:\/\/www.ebihal.hu\/en\/shop\/mucsali\/gumicsali\/fishbay\/robak\/robak-65\/fish-bay-robak-ul-gumicsali-65cm-floating-uv-7\/","og_locale":"en_GB","og_type":"article","og_title":"Fish Bay Robak UL gumicsali 6,5cm FLOATING UV #7 - Ebihal","og_description":"A\u00a0 lengyel Fish Bay Robak csali l\u00e1gy, izg\u0151-mozg\u00f3 teste rendk\u00edv\u00fcli vonzer\u0151vel b\u00edr a ragadoz\u00f3halak sz\u00e1m\u00e1ra. Floating. Green-Black. #7","og_url":"https:\/\/www.ebihal.hu\/en\/shop\/mucsali\/gumicsali\/fishbay\/robak\/robak-65\/fish-bay-robak-ul-gumicsali-65cm-floating-uv-7\/","og_site_name":"Ebihal","article_publisher":"https:\/\/www.facebook.com\/ebihal","article_modified_time":"2025-08-06T16:49:29+00:00","og_image":[{"width":800,"height":800,"url":"https:\/\/www.ebihal.hu\/wp-content\/uploads\/2022\/09\/7_robak.jpg","type":"image\/jpeg"}],"twitter_card":"summary_large_image","twitter_misc":{"Estimated reading time":"1 minute"},"schema":{"@context":"https:\/\/schema.org","@graph":[{"@type":"WebPage","@id":"https:\/\/www.ebihal.hu\/shop\/mucsali\/gumicsali\/fishbay\/robak\/robak-65\/fish-bay-robak-ul-gumicsali-65cm-floating-uv-7\/","url":"https:\/\/www.ebihal.hu\/shop\/mucsali\/gumicsali\/fishbay\/robak\/robak-65\/fish-bay-robak-ul-gumicsali-65cm-floating-uv-7\/","name":"Fish Bay Robak UL gumicsali 6,5cm FLOATING UV #7 - Ebihal","isPartOf":{"@id":"https:\/\/www.ebihal.hu\/#website"},"primaryImageOfPage":{"@id":"https:\/\/www.ebihal.hu\/shop\/mucsali\/gumicsali\/fishbay\/robak\/robak-65\/fish-bay-robak-ul-gumicsali-65cm-floating-uv-7\/#primaryimage"},"image":{"@id":"https:\/\/www.ebihal.hu\/shop\/mucsali\/gumicsali\/fishbay\/robak\/robak-65\/fish-bay-robak-ul-gumicsali-65cm-floating-uv-7\/#primaryimage"},"thumbnailUrl":"https:\/\/www.ebihal.hu\/wp-content\/uploads\/2022\/09\/7_robak.jpg","datePublished":"2025-08-06T16:42:05+00:00","dateModified":"2025-08-06T16:49:29+00:00","description":"A\u00a0 lengyel Fish Bay Robak csali l\u00e1gy, izg\u0151-mozg\u00f3 teste rendk\u00edv\u00fcli vonzer\u0151vel b\u00edr a ragadoz\u00f3halak sz\u00e1m\u00e1ra. Floating. Green-Black. #7","breadcrumb":{"@id":"https:\/\/www.ebihal.hu\/shop\/mucsali\/gumicsali\/fishbay\/robak\/robak-65\/fish-bay-robak-ul-gumicsali-65cm-floating-uv-7\/#breadcrumb"},"inLanguage":"en-GB","potentialAction":[{"@type":"ReadAction","target":["https:\/\/www.ebihal.hu\/shop\/mucsali\/gumicsali\/fishbay\/robak\/robak-65\/fish-bay-robak-ul-gumicsali-65cm-floating-uv-7\/"]}]},{"@type":"ImageObject","inLanguage":"en-GB","@id":"https:\/\/www.ebihal.hu\/shop\/mucsali\/gumicsali\/fishbay\/robak\/robak-65\/fish-bay-robak-ul-gumicsali-65cm-floating-uv-7\/#primaryimage","url":"https:\/\/www.ebihal.hu\/wp-content\/uploads\/2022\/09\/7_robak.jpg","contentUrl":"https:\/\/www.ebihal.hu\/wp-content\/uploads\/2022\/09\/7_robak.jpg","width":800,"height":800,"caption":"Fish Bay Robak 007"},{"@type":"BreadcrumbList","@id":"https:\/\/www.ebihal.hu\/shop\/mucsali\/gumicsali\/fishbay\/robak\/robak-65\/fish-bay-robak-ul-gumicsali-65cm-floating-uv-7\/#breadcrumb","itemListElement":[{"@type":"ListItem","position":1,"name":"Kezd\u0151lap","item":"https:\/\/www.ebihal.hu\/"},{"@type":"ListItem","position":2,"name":"M\u0171csali \u00e1ruh\u00e1z","item":"https:\/\/www.ebihal.hu\/"},{"@type":"ListItem","position":3,"name":"Fish Bay Robak UL gumicsali 6,5cm FLOATING UV #7"}]},{"@type":"WebSite","@id":"https:\/\/www.ebihal.hu\/#website","url":"https:\/\/www.ebihal.hu\/","name":"Ebihal","description":"Fish &amp; Jigs","publisher":{"@id":"https:\/\/www.ebihal.hu\/#organization"},"potentialAction":[{"@type":"SearchAction","target":{"@type":"EntryPoint","urlTemplate":"https:\/\/www.ebihal.hu\/?s={search_term_string}"},"query-input":{"@type":"PropertyValueSpecification","valueRequired":true,"valueName":"search_term_string"}}],"inLanguage":"en-GB"},{"@type":"Organization","@id":"https:\/\/www.ebihal.hu\/#organization","name":"Bir\u00f3 Csaba egy\u00e9ni v\u00e1llalkoz\u00f3","url":"https:\/\/www.ebihal.hu\/","logo":{"@type":"ImageObject","inLanguage":"en-GB","@id":"https:\/\/www.ebihal.hu\/#\/schema\/logo\/image\/","url":"https:\/\/www.ebihal.hu\/wp-content\/uploads\/2021\/02\/brand_logo_mini.png","contentUrl":"https:\/\/www.ebihal.hu\/wp-content\/uploads\/2021\/02\/brand_logo_mini.png","width":300,"height":300,"caption":"Bir\u00f3 Csaba egy\u00e9ni v\u00e1llalkoz\u00f3"},"image":{"@id":"https:\/\/www.ebihal.hu\/#\/schema\/logo\/image\/"},"sameAs":["https:\/\/www.facebook.com\/ebihal"]}]}},"_links":{"self":[{"href":"https:\/\/www.ebihal.hu\/en\/wp-json\/wp\/v2\/product\/13220","targetHints":{"allow":["GET"]}}],"collection":[{"href":"https:\/\/www.ebihal.hu\/en\/wp-json\/wp\/v2\/product"}],"about":[{"href":"https:\/\/www.ebihal.hu\/en\/wp-json\/wp\/v2\/types\/product"}],"replies":[{"embeddable":true,"href":"https:\/\/www.ebihal.hu\/en\/wp-json\/wp\/v2\/comments?post=13220"}],"wp:featuredmedia":[{"embeddable":true,"href":"https:\/\/www.ebihal.hu\/en\/wp-json\/wp\/v2\/media\/13148"}],"wp:attachment":[{"href":"https:\/\/www.ebihal.hu\/en\/wp-json\/wp\/v2\/media?parent=13220"}],"wp:term":[{"taxonomy":"product_cat","embeddable":true,"href":"https:\/\/www.ebihal.hu\/en\/wp-json\/wp\/v2\/product_cat?post=13220"},{"taxonomy":"product_tag","embeddable":true,"href":"https:\/\/www.ebihal.hu\/en\/wp-json\/wp\/v2\/product_tag?post=13220"}],"curies":[{"name":"wp","href":"https:\/\/api.w.org\/{rel}","templated":true}]}}