{"id":13176,"date":"2025-08-02T17:09:06","date_gmt":"2025-08-02T16:09:06","guid":{"rendered":"https:\/\/www.ebihal.hu\/?post_type=product&#038;p=13176"},"modified":"2026-04-13T20:58:10","modified_gmt":"2026-04-13T19:58:10","slug":"vizallo-magneses-szerelekes-doboz-6817","status":"publish","type":"product","link":"https:\/\/www.ebihal.hu\/en\/shop\/kiegeszitok\/pergeto-dobozok\/vizallo-magneses-szerelekes-doboz-6817\/","title":{"rendered":"V\u00edz\u00e1ll\u00f3 m\u00e1gneses szerel\u00e9kes doboz 6817"},"content":{"rendered":"<p>\u00c1tl\u00e1tsz\u00f3, er\u0151s m\u0171anyagb\u00f3l k\u00e9sz\u00fclt, k\u00f6rben szigetelt, <strong>m\u00e1gneses<\/strong> szerel\u00e9kes doboz.<\/p>\n<p>M\u00e9retei: 18,5 cm sz\u00e9les, 10 cm hossz\u00fa \u00e9s 1,8 cm magas, 142 gramm, 6 rekesz.<\/p>\n<h4>Additional information<\/h4>\n<table class=\"woocommerce-product-attributes shop_attributes\" aria-label=\"Product Details\" data-no-translation-aria-label=\"\">\n\t\t\t<tr class=\"woocommerce-product-attributes-item woocommerce-product-attributes-item--weight\">\n\t\t\t<th class=\"woocommerce-product-attributes-item__label\" scope=\"row\" data-no-translation=\"\" data-trp-gettext=\"\">Weight<\/th>\n\t\t\t<td class=\"woocommerce-product-attributes-item__value\">0.15 kg<\/td>\n\t\t<\/tr>\n\t\t\t<tr class=\"woocommerce-product-attributes-item woocommerce-product-attributes-item--attribute_pa_brand\">\n\t\t\t<th class=\"woocommerce-product-attributes-item__label\" scope=\"row\">Brand<\/th>\n\t\t\t<td class=\"woocommerce-product-attributes-item__value\"><p>Ebihal<\/p>\n<\/td>\n\t\t<\/tr>\n\t\t\t<tr class=\"woocommerce-product-attributes-item woocommerce-product-attributes-item--attribute_pa_madein\">\n\t\t\t<th class=\"woocommerce-product-attributes-item__label\" scope=\"row\">Country of origin<\/th>\n\t\t\t<td class=\"woocommerce-product-attributes-item__value\"><p>K\u00edna<\/p>\n<\/td>\n\t\t<\/tr>\n\t\t\t<tr class=\"woocommerce-product-attributes-item woocommerce-product-attributes-item--attribute_pa_kiszereles\">\n\t\t\t<th class=\"woocommerce-product-attributes-item__label\" scope=\"row\">Packaging<\/th>\n\t\t\t<td class=\"woocommerce-product-attributes-item__value\"><p>1 piece<\/p>\n<\/td>\n\t\t<\/tr>\n\t<\/table>","protected":false},"excerpt":{"rendered":"<p>\u00c1tl\u00e1tsz\u00f3, er\u0151s m\u0171anyagb\u00f3l k\u00e9sz\u00fclt, k\u00f6rben szigetelt, m\u00e1gneses szerel\u00e9kes doboz. M\u00e9retei: 18,5 cm sz\u00e9les, 10 cm hossz\u00fa \u00e9s 1,8 cm magas, 142 gramm, 6 rekesz. Adatlap<\/p>","protected":false},"featured_media":13177,"comment_status":"open","ping_status":"closed","template":"","meta":[],"product_cat":[1622],"product_tag":[1563,577,1564],"class_list":{"0":"post-13176","1":"product","2":"type-product","3":"status-publish","4":"has-post-thumbnail","6":"product_brand-ebihal","7":"product_cat-pergeto-dobozok","8":"product_tag-doboz","9":"product_tag-ebihal","10":"product_tag-magneses","12":"first","13":"outofstock","14":"shipping-taxable","15":"purchasable","16":"product-type-simple"},"supplier_id":null,"supplier_sku":"","barcode":null,"atum_controlled":true,"out_stock_date":"2026-04-13 20:58:10","out_stock_threshold":null,"inheritable":false,"inbound_stock":0,"stock_on_hold":1,"sold_today":0,"sales_last_days":1,"reserved_stock":0,"customer_returns":0,"warehouse_damage":0,"lost_in_post":0,"other_logs":0,"out_stock_days":1,"lost_sales":427,"has_location":false,"update_date":"2026-04-15T15:03:58","atum_locations":[],"atum_stock_status":"outofstock","restock_status":false,"low_stock_amount":"","sales_update_date":"2026-04-15T15:03:58","calc_backorders":null,"yoast_head":"<!-- This site is optimized with the Yoast SEO plugin v27.4 - https:\/\/yoast.com\/product\/yoast-seo-wordpress\/ -->\n<title>V\u00edz\u00e1ll\u00f3 m\u00e1gneses szerel\u00e9kes doboz 6817 - Ebihal<\/title>\n<meta name=\"description\" content=\"\u00c1tl\u00e1tsz\u00f3, er\u0151s m\u0171anyagb\u00f3l k\u00e9sz\u00fclt, k\u00f6rben szigetelt, m\u00e1gneses szerel\u00e9kes doboz. M\u00e9retei: 18,5 cm sz\u00e9les, 10 cm hossz\u00fa \u00e9s 1,8 cm magas, 142 gramm, 6 rekesz.\" \/>\n<meta name=\"robots\" content=\"index, follow, max-snippet:-1, max-image-preview:large, max-video-preview:-1\" \/>\n<link rel=\"canonical\" href=\"https:\/\/www.ebihal.hu\/en\/shop\/kiegeszitok\/pergeto-dobozok\/vizallo-magneses-szerelekes-doboz-6817\/\" \/>\n<meta property=\"og:locale\" content=\"en_GB\" \/>\n<meta property=\"og:type\" content=\"article\" \/>\n<meta property=\"og:title\" content=\"V\u00edz\u00e1ll\u00f3 m\u00e1gneses szerel\u00e9kes doboz 6817 - Ebihal\" \/>\n<meta property=\"og:description\" content=\"\u00c1tl\u00e1tsz\u00f3, er\u0151s m\u0171anyagb\u00f3l k\u00e9sz\u00fclt, k\u00f6rben szigetelt, m\u00e1gneses szerel\u00e9kes doboz. M\u00e9retei: 18,5 cm sz\u00e9les, 10 cm hossz\u00fa \u00e9s 1,8 cm magas, 142 gramm, 6 rekesz.\" \/>\n<meta property=\"og:url\" content=\"https:\/\/www.ebihal.hu\/en\/shop\/kiegeszitok\/pergeto-dobozok\/vizallo-magneses-szerelekes-doboz-6817\/\" \/>\n<meta property=\"og:site_name\" content=\"Ebihal\" \/>\n<meta property=\"article:publisher\" content=\"https:\/\/www.facebook.com\/ebihal\" \/>\n<meta property=\"article:modified_time\" content=\"2026-04-13T19:58:10+00:00\" \/>\n<meta property=\"og:image\" content=\"https:\/\/www.ebihal.hu\/wp-content\/uploads\/2025\/08\/6817b.png\" \/>\n\t<meta property=\"og:image:width\" content=\"1280\" \/>\n\t<meta property=\"og:image:height\" content=\"1280\" \/>\n\t<meta property=\"og:image:type\" content=\"image\/png\" \/>\n<meta name=\"twitter:card\" content=\"summary_large_image\" \/>\n<meta name=\"twitter:label1\" content=\"Estimated reading time\" \/>\n\t<meta name=\"twitter:data1\" content=\"1 minute\" \/>\n<script type=\"application\/ld+json\" class=\"yoast-schema-graph\">{\"@context\":\"https:\\\/\\\/schema.org\",\"@graph\":[{\"@type\":\"WebPage\",\"@id\":\"https:\\\/\\\/www.ebihal.hu\\\/shop\\\/kiegeszitok\\\/pergeto-dobozok\\\/vizallo-magneses-szerelekes-doboz-6817\\\/\",\"url\":\"https:\\\/\\\/www.ebihal.hu\\\/shop\\\/kiegeszitok\\\/pergeto-dobozok\\\/vizallo-magneses-szerelekes-doboz-6817\\\/\",\"name\":\"V\u00edz\u00e1ll\u00f3 m\u00e1gneses szerel\u00e9kes doboz 6817 - Ebihal\",\"isPartOf\":{\"@id\":\"https:\\\/\\\/www.ebihal.hu\\\/#website\"},\"primaryImageOfPage\":{\"@id\":\"https:\\\/\\\/www.ebihal.hu\\\/shop\\\/kiegeszitok\\\/pergeto-dobozok\\\/vizallo-magneses-szerelekes-doboz-6817\\\/#primaryimage\"},\"image\":{\"@id\":\"https:\\\/\\\/www.ebihal.hu\\\/shop\\\/kiegeszitok\\\/pergeto-dobozok\\\/vizallo-magneses-szerelekes-doboz-6817\\\/#primaryimage\"},\"thumbnailUrl\":\"https:\\\/\\\/www.ebihal.hu\\\/wp-content\\\/uploads\\\/2025\\\/08\\\/6817b.png\",\"datePublished\":\"2025-08-02T16:09:06+00:00\",\"dateModified\":\"2026-04-13T19:58:10+00:00\",\"description\":\"\u00c1tl\u00e1tsz\u00f3, er\u0151s m\u0171anyagb\u00f3l k\u00e9sz\u00fclt, k\u00f6rben szigetelt, m\u00e1gneses szerel\u00e9kes doboz. M\u00e9retei: 18,5 cm sz\u00e9les, 10 cm hossz\u00fa \u00e9s 1,8 cm magas, 142 gramm, 6 rekesz.\",\"breadcrumb\":{\"@id\":\"https:\\\/\\\/www.ebihal.hu\\\/shop\\\/kiegeszitok\\\/pergeto-dobozok\\\/vizallo-magneses-szerelekes-doboz-6817\\\/#breadcrumb\"},\"inLanguage\":\"en-GB\",\"potentialAction\":[{\"@type\":\"ReadAction\",\"target\":[\"https:\\\/\\\/www.ebihal.hu\\\/shop\\\/kiegeszitok\\\/pergeto-dobozok\\\/vizallo-magneses-szerelekes-doboz-6817\\\/\"]}]},{\"@type\":\"ImageObject\",\"inLanguage\":\"en-GB\",\"@id\":\"https:\\\/\\\/www.ebihal.hu\\\/shop\\\/kiegeszitok\\\/pergeto-dobozok\\\/vizallo-magneses-szerelekes-doboz-6817\\\/#primaryimage\",\"url\":\"https:\\\/\\\/www.ebihal.hu\\\/wp-content\\\/uploads\\\/2025\\\/08\\\/6817b.png\",\"contentUrl\":\"https:\\\/\\\/www.ebihal.hu\\\/wp-content\\\/uploads\\\/2025\\\/08\\\/6817b.png\",\"width\":1280,\"height\":1280,\"caption\":\"M\u00e1gneses szerel\u00e9kes doboz\"},{\"@type\":\"BreadcrumbList\",\"@id\":\"https:\\\/\\\/www.ebihal.hu\\\/shop\\\/kiegeszitok\\\/pergeto-dobozok\\\/vizallo-magneses-szerelekes-doboz-6817\\\/#breadcrumb\",\"itemListElement\":[{\"@type\":\"ListItem\",\"position\":1,\"name\":\"Kezd\u0151lap\",\"item\":\"https:\\\/\\\/www.ebihal.hu\\\/\"},{\"@type\":\"ListItem\",\"position\":2,\"name\":\"M\u0171csali \u00e1ruh\u00e1z\",\"item\":\"https:\\\/\\\/www.ebihal.hu\\\/\"},{\"@type\":\"ListItem\",\"position\":3,\"name\":\"V\u00edz\u00e1ll\u00f3 m\u00e1gneses szerel\u00e9kes doboz 6817\"}]},{\"@type\":\"WebSite\",\"@id\":\"https:\\\/\\\/www.ebihal.hu\\\/#website\",\"url\":\"https:\\\/\\\/www.ebihal.hu\\\/\",\"name\":\"Ebihal\",\"description\":\"Fish &amp; Jigs\",\"publisher\":{\"@id\":\"https:\\\/\\\/www.ebihal.hu\\\/#organization\"},\"potentialAction\":[{\"@type\":\"SearchAction\",\"target\":{\"@type\":\"EntryPoint\",\"urlTemplate\":\"https:\\\/\\\/www.ebihal.hu\\\/?s={search_term_string}\"},\"query-input\":{\"@type\":\"PropertyValueSpecification\",\"valueRequired\":true,\"valueName\":\"search_term_string\"}}],\"inLanguage\":\"en-GB\"},{\"@type\":\"Organization\",\"@id\":\"https:\\\/\\\/www.ebihal.hu\\\/#organization\",\"name\":\"Bir\u00f3 Csaba egy\u00e9ni v\u00e1llalkoz\u00f3\",\"url\":\"https:\\\/\\\/www.ebihal.hu\\\/\",\"logo\":{\"@type\":\"ImageObject\",\"inLanguage\":\"en-GB\",\"@id\":\"https:\\\/\\\/www.ebihal.hu\\\/#\\\/schema\\\/logo\\\/image\\\/\",\"url\":\"https:\\\/\\\/www.ebihal.hu\\\/wp-content\\\/uploads\\\/2021\\\/02\\\/brand_logo_mini.png\",\"contentUrl\":\"https:\\\/\\\/www.ebihal.hu\\\/wp-content\\\/uploads\\\/2021\\\/02\\\/brand_logo_mini.png\",\"width\":300,\"height\":300,\"caption\":\"Bir\u00f3 Csaba egy\u00e9ni v\u00e1llalkoz\u00f3\"},\"image\":{\"@id\":\"https:\\\/\\\/www.ebihal.hu\\\/#\\\/schema\\\/logo\\\/image\\\/\"},\"sameAs\":[\"https:\\\/\\\/www.facebook.com\\\/ebihal\"]}]}<\/script>\n<!-- \/ Yoast SEO plugin. -->","yoast_head_json":{"title":"V\u00edz\u00e1ll\u00f3 m\u00e1gneses szerel\u00e9kes doboz 6817 - Ebihal","description":"\u00c1tl\u00e1tsz\u00f3, er\u0151s m\u0171anyagb\u00f3l k\u00e9sz\u00fclt, k\u00f6rben szigetelt, m\u00e1gneses szerel\u00e9kes doboz. M\u00e9retei: 18,5 cm sz\u00e9les, 10 cm hossz\u00fa \u00e9s 1,8 cm magas, 142 gramm, 6 rekesz.","robots":{"index":"index","follow":"follow","max-snippet":"max-snippet:-1","max-image-preview":"max-image-preview:large","max-video-preview":"max-video-preview:-1"},"canonical":"https:\/\/www.ebihal.hu\/en\/shop\/kiegeszitok\/pergeto-dobozok\/vizallo-magneses-szerelekes-doboz-6817\/","og_locale":"en_GB","og_type":"article","og_title":"V\u00edz\u00e1ll\u00f3 m\u00e1gneses szerel\u00e9kes doboz 6817 - Ebihal","og_description":"\u00c1tl\u00e1tsz\u00f3, er\u0151s m\u0171anyagb\u00f3l k\u00e9sz\u00fclt, k\u00f6rben szigetelt, m\u00e1gneses szerel\u00e9kes doboz. M\u00e9retei: 18,5 cm sz\u00e9les, 10 cm hossz\u00fa \u00e9s 1,8 cm magas, 142 gramm, 6 rekesz.","og_url":"https:\/\/www.ebihal.hu\/en\/shop\/kiegeszitok\/pergeto-dobozok\/vizallo-magneses-szerelekes-doboz-6817\/","og_site_name":"Ebihal","article_publisher":"https:\/\/www.facebook.com\/ebihal","article_modified_time":"2026-04-13T19:58:10+00:00","og_image":[{"width":1280,"height":1280,"url":"https:\/\/www.ebihal.hu\/wp-content\/uploads\/2025\/08\/6817b.png","type":"image\/png"}],"twitter_card":"summary_large_image","twitter_misc":{"Estimated reading time":"1 minute"},"schema":{"@context":"https:\/\/schema.org","@graph":[{"@type":"WebPage","@id":"https:\/\/www.ebihal.hu\/shop\/kiegeszitok\/pergeto-dobozok\/vizallo-magneses-szerelekes-doboz-6817\/","url":"https:\/\/www.ebihal.hu\/shop\/kiegeszitok\/pergeto-dobozok\/vizallo-magneses-szerelekes-doboz-6817\/","name":"V\u00edz\u00e1ll\u00f3 m\u00e1gneses szerel\u00e9kes doboz 6817 - Ebihal","isPartOf":{"@id":"https:\/\/www.ebihal.hu\/#website"},"primaryImageOfPage":{"@id":"https:\/\/www.ebihal.hu\/shop\/kiegeszitok\/pergeto-dobozok\/vizallo-magneses-szerelekes-doboz-6817\/#primaryimage"},"image":{"@id":"https:\/\/www.ebihal.hu\/shop\/kiegeszitok\/pergeto-dobozok\/vizallo-magneses-szerelekes-doboz-6817\/#primaryimage"},"thumbnailUrl":"https:\/\/www.ebihal.hu\/wp-content\/uploads\/2025\/08\/6817b.png","datePublished":"2025-08-02T16:09:06+00:00","dateModified":"2026-04-13T19:58:10+00:00","description":"\u00c1tl\u00e1tsz\u00f3, er\u0151s m\u0171anyagb\u00f3l k\u00e9sz\u00fclt, k\u00f6rben szigetelt, m\u00e1gneses szerel\u00e9kes doboz. M\u00e9retei: 18,5 cm sz\u00e9les, 10 cm hossz\u00fa \u00e9s 1,8 cm magas, 142 gramm, 6 rekesz.","breadcrumb":{"@id":"https:\/\/www.ebihal.hu\/shop\/kiegeszitok\/pergeto-dobozok\/vizallo-magneses-szerelekes-doboz-6817\/#breadcrumb"},"inLanguage":"en-GB","potentialAction":[{"@type":"ReadAction","target":["https:\/\/www.ebihal.hu\/shop\/kiegeszitok\/pergeto-dobozok\/vizallo-magneses-szerelekes-doboz-6817\/"]}]},{"@type":"ImageObject","inLanguage":"en-GB","@id":"https:\/\/www.ebihal.hu\/shop\/kiegeszitok\/pergeto-dobozok\/vizallo-magneses-szerelekes-doboz-6817\/#primaryimage","url":"https:\/\/www.ebihal.hu\/wp-content\/uploads\/2025\/08\/6817b.png","contentUrl":"https:\/\/www.ebihal.hu\/wp-content\/uploads\/2025\/08\/6817b.png","width":1280,"height":1280,"caption":"M\u00e1gneses szerel\u00e9kes doboz"},{"@type":"BreadcrumbList","@id":"https:\/\/www.ebihal.hu\/shop\/kiegeszitok\/pergeto-dobozok\/vizallo-magneses-szerelekes-doboz-6817\/#breadcrumb","itemListElement":[{"@type":"ListItem","position":1,"name":"Kezd\u0151lap","item":"https:\/\/www.ebihal.hu\/"},{"@type":"ListItem","position":2,"name":"M\u0171csali \u00e1ruh\u00e1z","item":"https:\/\/www.ebihal.hu\/"},{"@type":"ListItem","position":3,"name":"V\u00edz\u00e1ll\u00f3 m\u00e1gneses szerel\u00e9kes doboz 6817"}]},{"@type":"WebSite","@id":"https:\/\/www.ebihal.hu\/#website","url":"https:\/\/www.ebihal.hu\/","name":"Ebihal","description":"Fish &amp; Jigs","publisher":{"@id":"https:\/\/www.ebihal.hu\/#organization"},"potentialAction":[{"@type":"SearchAction","target":{"@type":"EntryPoint","urlTemplate":"https:\/\/www.ebihal.hu\/?s={search_term_string}"},"query-input":{"@type":"PropertyValueSpecification","valueRequired":true,"valueName":"search_term_string"}}],"inLanguage":"en-GB"},{"@type":"Organization","@id":"https:\/\/www.ebihal.hu\/#organization","name":"Bir\u00f3 Csaba egy\u00e9ni v\u00e1llalkoz\u00f3","url":"https:\/\/www.ebihal.hu\/","logo":{"@type":"ImageObject","inLanguage":"en-GB","@id":"https:\/\/www.ebihal.hu\/#\/schema\/logo\/image\/","url":"https:\/\/www.ebihal.hu\/wp-content\/uploads\/2021\/02\/brand_logo_mini.png","contentUrl":"https:\/\/www.ebihal.hu\/wp-content\/uploads\/2021\/02\/brand_logo_mini.png","width":300,"height":300,"caption":"Bir\u00f3 Csaba egy\u00e9ni v\u00e1llalkoz\u00f3"},"image":{"@id":"https:\/\/www.ebihal.hu\/#\/schema\/logo\/image\/"},"sameAs":["https:\/\/www.facebook.com\/ebihal"]}]}},"_links":{"self":[{"href":"https:\/\/www.ebihal.hu\/en\/wp-json\/wp\/v2\/product\/13176","targetHints":{"allow":["GET"]}}],"collection":[{"href":"https:\/\/www.ebihal.hu\/en\/wp-json\/wp\/v2\/product"}],"about":[{"href":"https:\/\/www.ebihal.hu\/en\/wp-json\/wp\/v2\/types\/product"}],"replies":[{"embeddable":true,"href":"https:\/\/www.ebihal.hu\/en\/wp-json\/wp\/v2\/comments?post=13176"}],"wp:featuredmedia":[{"embeddable":true,"href":"https:\/\/www.ebihal.hu\/en\/wp-json\/wp\/v2\/media\/13177"}],"wp:attachment":[{"href":"https:\/\/www.ebihal.hu\/en\/wp-json\/wp\/v2\/media?parent=13176"}],"wp:term":[{"taxonomy":"product_cat","embeddable":true,"href":"https:\/\/www.ebihal.hu\/en\/wp-json\/wp\/v2\/product_cat?post=13176"},{"taxonomy":"product_tag","embeddable":true,"href":"https:\/\/www.ebihal.hu\/en\/wp-json\/wp\/v2\/product_tag?post=13176"}],"curies":[{"name":"wp","href":"https:\/\/api.w.org\/{rel}","templated":true}]}}