{"id":12860,"date":"2025-05-09T17:23:41","date_gmt":"2025-05-09T16:23:41","guid":{"rendered":"https:\/\/www.ebihal.hu\/?post_type=product&#038;p=12860"},"modified":"2026-02-12T08:42:33","modified_gmt":"2026-02-12T07:42:33","slug":"brown-perch-bloodworm-xxl-202-uv","status":"publish","type":"product","link":"https:\/\/www.ebihal.hu\/en\/shop\/mucsali\/gumicsali\/brown-perch\/bp-bloodworm\/brown-perch-bloodworm-xxl-202-uv\/","title":{"rendered":"Brown Perch Bloodworm XXL 202 UV"},"content":{"rendered":"<p>A szentp\u00e9terv\u00e1ri <strong>Brown Perch<\/strong> c\u00e9g XXL m\u00e9ret\u0171 v\u00f6r\u00f6s <strong>sz\u00fanyogl\u00e1rv\u00e1ja<\/strong> h\u00e1rom sz\u00edn\u00e1rnyalatban ker\u00fcl forgalomba. H\u00fasos, sz\u00edv\u00f3s, j\u00f3l t\u0171zhet\u0151, \u00f3ri\u00e1s m\u00e9ret\u0171. Csak ar\u00e1nyaiban \u00e9s szegment\u00e1lts\u00e1g\u00e1ban mutat rokon von\u00e1sokat a term\u00e9szetben fellelhet\u0151 l\u00e1rv\u00e1kkal. Nem csak UL horg\u00e1szatra alkalmas!<\/p>\n<p>80 mm hossz\u00fa, 13 g, 14 db v\u00f6r\u00f6s sz\u00fanyogl\u00e1rva, <strong>UV akt\u00edv<\/strong>, 202 Motor oil sz\u00ednk\u00f3d.<\/p>\n<h4>Additional information<\/h4>\n<table class=\"woocommerce-product-attributes shop_attributes\" aria-label=\"Product Details\" data-no-translation-aria-label=\"\">\n\t\t\t<tr class=\"woocommerce-product-attributes-item woocommerce-product-attributes-item--weight\">\n\t\t\t<th class=\"woocommerce-product-attributes-item__label\" scope=\"row\" data-no-translation=\"\" data-trp-gettext=\"\">Weight<\/th>\n\t\t\t<td class=\"woocommerce-product-attributes-item__value\">0.002 kg<\/td>\n\t\t<\/tr>\n\t\t\t<tr class=\"woocommerce-product-attributes-item woocommerce-product-attributes-item--attribute_pa_brand\">\n\t\t\t<th class=\"woocommerce-product-attributes-item__label\" scope=\"row\">Brand<\/th>\n\t\t\t<td class=\"woocommerce-product-attributes-item__value\"><p>Brown Perch<\/p>\n<\/td>\n\t\t<\/tr>\n\t\t\t<tr class=\"woocommerce-product-attributes-item woocommerce-product-attributes-item--attribute_pa_color\">\n\t\t\t<th class=\"woocommerce-product-attributes-item__label\" scope=\"row\">Color<\/th>\n\t\t\t<td class=\"woocommerce-product-attributes-item__value\"><p>Motor oil<\/p>\n<\/td>\n\t\t<\/tr>\n\t\t\t<tr class=\"woocommerce-product-attributes-item woocommerce-product-attributes-item--attribute_pa_szinkod\">\n\t\t\t<th class=\"woocommerce-product-attributes-item__label\" scope=\"row\">Color code<\/th>\n\t\t\t<td class=\"woocommerce-product-attributes-item__value\"><p>202<\/p>\n<\/td>\n\t\t<\/tr>\n\t\t\t<tr class=\"woocommerce-product-attributes-item woocommerce-product-attributes-item--attribute_pa_meret\">\n\t\t\t<th class=\"woocommerce-product-attributes-item__label\" scope=\"row\">Size<\/th>\n\t\t\t<td class=\"woocommerce-product-attributes-item__value\"><p>80 mm<\/p>\n<\/td>\n\t\t<\/tr>\n\t\t\t<tr class=\"woocommerce-product-attributes-item woocommerce-product-attributes-item--attribute_pa_madein\">\n\t\t\t<th class=\"woocommerce-product-attributes-item__label\" scope=\"row\">Country of origin<\/th>\n\t\t\t<td class=\"woocommerce-product-attributes-item__value\"><p>Oroszorsz\u00e1g<\/p>\n<\/td>\n\t\t<\/tr>\n\t\t\t<tr class=\"woocommerce-product-attributes-item woocommerce-product-attributes-item--attribute_pa_kiszereles\">\n\t\t\t<th class=\"woocommerce-product-attributes-item__label\" scope=\"row\">Packaging<\/th>\n\t\t\t<td class=\"woocommerce-product-attributes-item__value\"><p>1 doboz<\/p>\n<\/td>\n\t\t<\/tr>\n\t<\/table>\n\n<p>&nbsp;<\/p>","protected":false},"excerpt":{"rendered":"<p>A szentp\u00e9terv\u00e1ri Brown Perch c\u00e9g XXL m\u00e9ret\u0171 v\u00f6r\u00f6s sz\u00fanyogl\u00e1rv\u00e1ja h\u00e1rom sz\u00edn\u00e1rnyalatban ker\u00fcl forgalomba. H\u00fasos, sz\u00edv\u00f3s, j\u00f3l t\u0171zhet\u0151, \u00f3ri\u00e1s m\u00e9ret\u0171. Csak ar\u00e1nyaiban \u00e9s szegment\u00e1lts\u00e1g\u00e1ban mutat rokon von\u00e1sokat a term\u00e9szetben fellelhet\u0151 l\u00e1rv\u00e1kkal. Nem csak UL horg\u00e1szatra alkalmas! 80 mm hossz\u00fa, 13 g, 14 db v\u00f6r\u00f6s sz\u00fanyogl\u00e1rva, UV akt\u00edv, 202 Motor oil sz\u00ednk\u00f3d.&hellip; <\/p>","protected":false},"featured_media":12861,"comment_status":"open","ping_status":"closed","template":"","meta":[],"product_cat":[2017,2013,74,40],"product_tag":[815,239,339,814,816,240,241,373],"class_list":{"0":"post-12860","1":"product","2":"type-product","3":"status-publish","4":"has-post-thumbnail","6":"product_brand-brown-perch","7":"product_cat-bp-bloodworm","8":"product_cat-brown-perch","9":"product_cat-gumicsali","10":"product_cat-mucsali","11":"product_tag-bekes-halak","12":"product_tag-domolyko","13":"product_tag-kosullo","14":"product_tag-l","15":"product_tag-larva","16":"product_tag-pisztrang","17":"product_tag-suger","18":"product_tag-ul","20":"first","21":"instock","22":"shipping-taxable","23":"purchasable","24":"product-type-simple"},"supplier_id":null,"supplier_sku":"","barcode":null,"atum_controlled":true,"out_stock_date":null,"out_stock_threshold":null,"inheritable":false,"inbound_stock":0,"stock_on_hold":0,"sold_today":0,"sales_last_days":0,"reserved_stock":0,"customer_returns":0,"warehouse_damage":0,"lost_in_post":0,"other_logs":0,"out_stock_days":0,"lost_sales":0,"has_location":false,"update_date":"2026-04-15T00:32:46","atum_locations":[],"atum_stock_status":"instock","restock_status":false,"low_stock_amount":"","sales_update_date":"2026-04-15T00:32:46","calc_backorders":null,"yoast_head":"<!-- This site is optimized with the Yoast SEO plugin v27.4 - https:\/\/yoast.com\/product\/yoast-seo-wordpress\/ -->\n<title>Brown Perch Bloodworm XXL 202 UV - Ebihal<\/title>\n<meta name=\"description\" content=\"A szentp\u00e9terv\u00e1ri Brown Perch c\u00e9g v\u00f6r\u00f6s sz\u00fanyogl\u00e1rv\u00e1ja h\u00e1rom sz\u00edn\u00e1rnyalatban ker\u00fcl forgalomba. H\u00fasos, sz\u00edv\u00f3s, \u00f3ri\u00e1s m\u00e9ret\u0171, j\u00f3l t\u0171zhet\u0151. 80 mm hossz\u00fa. 202\" \/>\n<meta name=\"robots\" content=\"index, follow, max-snippet:-1, max-image-preview:large, max-video-preview:-1\" \/>\n<link rel=\"canonical\" href=\"https:\/\/www.ebihal.hu\/en\/shop\/mucsali\/gumicsali\/brown-perch\/bp-bloodworm\/brown-perch-bloodworm-xxl-202-uv\/\" \/>\n<meta property=\"og:locale\" content=\"en_GB\" \/>\n<meta property=\"og:type\" content=\"article\" \/>\n<meta property=\"og:title\" content=\"Brown Perch Bloodworm XXL 202 UV - Ebihal\" \/>\n<meta property=\"og:description\" content=\"A szentp\u00e9terv\u00e1ri Brown Perch c\u00e9g v\u00f6r\u00f6s sz\u00fanyogl\u00e1rv\u00e1ja h\u00e1rom sz\u00edn\u00e1rnyalatban ker\u00fcl forgalomba. H\u00fasos, sz\u00edv\u00f3s, \u00f3ri\u00e1s m\u00e9ret\u0171, j\u00f3l t\u0171zhet\u0151. 80 mm hossz\u00fa. 202\" \/>\n<meta property=\"og:url\" content=\"https:\/\/www.ebihal.hu\/en\/shop\/mucsali\/gumicsali\/brown-perch\/bp-bloodworm\/brown-perch-bloodworm-xxl-202-uv\/\" \/>\n<meta property=\"og:site_name\" content=\"Ebihal\" \/>\n<meta property=\"article:publisher\" content=\"https:\/\/www.facebook.com\/ebihal\" \/>\n<meta property=\"article:modified_time\" content=\"2026-02-12T07:42:33+00:00\" \/>\n<meta property=\"og:image\" content=\"https:\/\/www.ebihal.hu\/wp-content\/uploads\/2025\/05\/mo80.png\" \/>\n\t<meta property=\"og:image:width\" content=\"1000\" \/>\n\t<meta property=\"og:image:height\" content=\"1000\" \/>\n\t<meta property=\"og:image:type\" content=\"image\/png\" \/>\n<meta name=\"twitter:card\" content=\"summary_large_image\" \/>\n<meta name=\"twitter:label1\" content=\"Estimated reading time\" \/>\n\t<meta name=\"twitter:data1\" content=\"1 minute\" \/>\n<script type=\"application\/ld+json\" class=\"yoast-schema-graph\">{\"@context\":\"https:\\\/\\\/schema.org\",\"@graph\":[{\"@type\":\"WebPage\",\"@id\":\"https:\\\/\\\/www.ebihal.hu\\\/shop\\\/mucsali\\\/gumicsali\\\/brown-perch\\\/bp-bloodworm\\\/brown-perch-bloodworm-xxl-202-uv\\\/\",\"url\":\"https:\\\/\\\/www.ebihal.hu\\\/shop\\\/mucsali\\\/gumicsali\\\/brown-perch\\\/bp-bloodworm\\\/brown-perch-bloodworm-xxl-202-uv\\\/\",\"name\":\"Brown Perch Bloodworm XXL 202 UV - Ebihal\",\"isPartOf\":{\"@id\":\"https:\\\/\\\/www.ebihal.hu\\\/#website\"},\"primaryImageOfPage\":{\"@id\":\"https:\\\/\\\/www.ebihal.hu\\\/shop\\\/mucsali\\\/gumicsali\\\/brown-perch\\\/bp-bloodworm\\\/brown-perch-bloodworm-xxl-202-uv\\\/#primaryimage\"},\"image\":{\"@id\":\"https:\\\/\\\/www.ebihal.hu\\\/shop\\\/mucsali\\\/gumicsali\\\/brown-perch\\\/bp-bloodworm\\\/brown-perch-bloodworm-xxl-202-uv\\\/#primaryimage\"},\"thumbnailUrl\":\"https:\\\/\\\/www.ebihal.hu\\\/wp-content\\\/uploads\\\/2025\\\/05\\\/mo80.png\",\"datePublished\":\"2025-05-09T16:23:41+00:00\",\"dateModified\":\"2026-02-12T07:42:33+00:00\",\"description\":\"A szentp\u00e9terv\u00e1ri Brown Perch c\u00e9g v\u00f6r\u00f6s sz\u00fanyogl\u00e1rv\u00e1ja h\u00e1rom sz\u00edn\u00e1rnyalatban ker\u00fcl forgalomba. H\u00fasos, sz\u00edv\u00f3s, \u00f3ri\u00e1s m\u00e9ret\u0171, j\u00f3l t\u0171zhet\u0151. 80 mm hossz\u00fa. 202\",\"breadcrumb\":{\"@id\":\"https:\\\/\\\/www.ebihal.hu\\\/shop\\\/mucsali\\\/gumicsali\\\/brown-perch\\\/bp-bloodworm\\\/brown-perch-bloodworm-xxl-202-uv\\\/#breadcrumb\"},\"inLanguage\":\"en-GB\",\"potentialAction\":[{\"@type\":\"ReadAction\",\"target\":[\"https:\\\/\\\/www.ebihal.hu\\\/shop\\\/mucsali\\\/gumicsali\\\/brown-perch\\\/bp-bloodworm\\\/brown-perch-bloodworm-xxl-202-uv\\\/\"]}]},{\"@type\":\"ImageObject\",\"inLanguage\":\"en-GB\",\"@id\":\"https:\\\/\\\/www.ebihal.hu\\\/shop\\\/mucsali\\\/gumicsali\\\/brown-perch\\\/bp-bloodworm\\\/brown-perch-bloodworm-xxl-202-uv\\\/#primaryimage\",\"url\":\"https:\\\/\\\/www.ebihal.hu\\\/wp-content\\\/uploads\\\/2025\\\/05\\\/mo80.png\",\"contentUrl\":\"https:\\\/\\\/www.ebihal.hu\\\/wp-content\\\/uploads\\\/2025\\\/05\\\/mo80.png\",\"width\":1000,\"height\":1000,\"caption\":\"Brown Perch Bloodworm 80 202\"},{\"@type\":\"BreadcrumbList\",\"@id\":\"https:\\\/\\\/www.ebihal.hu\\\/shop\\\/mucsali\\\/gumicsali\\\/brown-perch\\\/bp-bloodworm\\\/brown-perch-bloodworm-xxl-202-uv\\\/#breadcrumb\",\"itemListElement\":[{\"@type\":\"ListItem\",\"position\":1,\"name\":\"Kezd\u0151lap\",\"item\":\"https:\\\/\\\/www.ebihal.hu\\\/\"},{\"@type\":\"ListItem\",\"position\":2,\"name\":\"M\u0171csali \u00e1ruh\u00e1z\",\"item\":\"https:\\\/\\\/www.ebihal.hu\\\/\"},{\"@type\":\"ListItem\",\"position\":3,\"name\":\"Brown Perch Bloodworm XXL 202 UV\"}]},{\"@type\":\"WebSite\",\"@id\":\"https:\\\/\\\/www.ebihal.hu\\\/#website\",\"url\":\"https:\\\/\\\/www.ebihal.hu\\\/\",\"name\":\"Ebihal\",\"description\":\"Fish &amp; Jigs\",\"publisher\":{\"@id\":\"https:\\\/\\\/www.ebihal.hu\\\/#organization\"},\"potentialAction\":[{\"@type\":\"SearchAction\",\"target\":{\"@type\":\"EntryPoint\",\"urlTemplate\":\"https:\\\/\\\/www.ebihal.hu\\\/?s={search_term_string}\"},\"query-input\":{\"@type\":\"PropertyValueSpecification\",\"valueRequired\":true,\"valueName\":\"search_term_string\"}}],\"inLanguage\":\"en-GB\"},{\"@type\":\"Organization\",\"@id\":\"https:\\\/\\\/www.ebihal.hu\\\/#organization\",\"name\":\"Bir\u00f3 Csaba egy\u00e9ni v\u00e1llalkoz\u00f3\",\"url\":\"https:\\\/\\\/www.ebihal.hu\\\/\",\"logo\":{\"@type\":\"ImageObject\",\"inLanguage\":\"en-GB\",\"@id\":\"https:\\\/\\\/www.ebihal.hu\\\/#\\\/schema\\\/logo\\\/image\\\/\",\"url\":\"https:\\\/\\\/www.ebihal.hu\\\/wp-content\\\/uploads\\\/2021\\\/02\\\/brand_logo_mini.png\",\"contentUrl\":\"https:\\\/\\\/www.ebihal.hu\\\/wp-content\\\/uploads\\\/2021\\\/02\\\/brand_logo_mini.png\",\"width\":300,\"height\":300,\"caption\":\"Bir\u00f3 Csaba egy\u00e9ni v\u00e1llalkoz\u00f3\"},\"image\":{\"@id\":\"https:\\\/\\\/www.ebihal.hu\\\/#\\\/schema\\\/logo\\\/image\\\/\"},\"sameAs\":[\"https:\\\/\\\/www.facebook.com\\\/ebihal\"]}]}<\/script>\n<!-- \/ Yoast SEO plugin. -->","yoast_head_json":{"title":"Brown Perch Bloodworm XXL 202 UV - Ebihal","description":"A szentp\u00e9terv\u00e1ri Brown Perch c\u00e9g v\u00f6r\u00f6s sz\u00fanyogl\u00e1rv\u00e1ja h\u00e1rom sz\u00edn\u00e1rnyalatban ker\u00fcl forgalomba. H\u00fasos, sz\u00edv\u00f3s, \u00f3ri\u00e1s m\u00e9ret\u0171, j\u00f3l t\u0171zhet\u0151. 80 mm hossz\u00fa. 202","robots":{"index":"index","follow":"follow","max-snippet":"max-snippet:-1","max-image-preview":"max-image-preview:large","max-video-preview":"max-video-preview:-1"},"canonical":"https:\/\/www.ebihal.hu\/en\/shop\/mucsali\/gumicsali\/brown-perch\/bp-bloodworm\/brown-perch-bloodworm-xxl-202-uv\/","og_locale":"en_GB","og_type":"article","og_title":"Brown Perch Bloodworm XXL 202 UV - Ebihal","og_description":"A szentp\u00e9terv\u00e1ri Brown Perch c\u00e9g v\u00f6r\u00f6s sz\u00fanyogl\u00e1rv\u00e1ja h\u00e1rom sz\u00edn\u00e1rnyalatban ker\u00fcl forgalomba. H\u00fasos, sz\u00edv\u00f3s, \u00f3ri\u00e1s m\u00e9ret\u0171, j\u00f3l t\u0171zhet\u0151. 80 mm hossz\u00fa. 202","og_url":"https:\/\/www.ebihal.hu\/en\/shop\/mucsali\/gumicsali\/brown-perch\/bp-bloodworm\/brown-perch-bloodworm-xxl-202-uv\/","og_site_name":"Ebihal","article_publisher":"https:\/\/www.facebook.com\/ebihal","article_modified_time":"2026-02-12T07:42:33+00:00","og_image":[{"width":1000,"height":1000,"url":"https:\/\/www.ebihal.hu\/wp-content\/uploads\/2025\/05\/mo80.png","type":"image\/png"}],"twitter_card":"summary_large_image","twitter_misc":{"Estimated reading time":"1 minute"},"schema":{"@context":"https:\/\/schema.org","@graph":[{"@type":"WebPage","@id":"https:\/\/www.ebihal.hu\/shop\/mucsali\/gumicsali\/brown-perch\/bp-bloodworm\/brown-perch-bloodworm-xxl-202-uv\/","url":"https:\/\/www.ebihal.hu\/shop\/mucsali\/gumicsali\/brown-perch\/bp-bloodworm\/brown-perch-bloodworm-xxl-202-uv\/","name":"Brown Perch Bloodworm XXL 202 UV - Ebihal","isPartOf":{"@id":"https:\/\/www.ebihal.hu\/#website"},"primaryImageOfPage":{"@id":"https:\/\/www.ebihal.hu\/shop\/mucsali\/gumicsali\/brown-perch\/bp-bloodworm\/brown-perch-bloodworm-xxl-202-uv\/#primaryimage"},"image":{"@id":"https:\/\/www.ebihal.hu\/shop\/mucsali\/gumicsali\/brown-perch\/bp-bloodworm\/brown-perch-bloodworm-xxl-202-uv\/#primaryimage"},"thumbnailUrl":"https:\/\/www.ebihal.hu\/wp-content\/uploads\/2025\/05\/mo80.png","datePublished":"2025-05-09T16:23:41+00:00","dateModified":"2026-02-12T07:42:33+00:00","description":"A szentp\u00e9terv\u00e1ri Brown Perch c\u00e9g v\u00f6r\u00f6s sz\u00fanyogl\u00e1rv\u00e1ja h\u00e1rom sz\u00edn\u00e1rnyalatban ker\u00fcl forgalomba. H\u00fasos, sz\u00edv\u00f3s, \u00f3ri\u00e1s m\u00e9ret\u0171, j\u00f3l t\u0171zhet\u0151. 80 mm hossz\u00fa. 202","breadcrumb":{"@id":"https:\/\/www.ebihal.hu\/shop\/mucsali\/gumicsali\/brown-perch\/bp-bloodworm\/brown-perch-bloodworm-xxl-202-uv\/#breadcrumb"},"inLanguage":"en-GB","potentialAction":[{"@type":"ReadAction","target":["https:\/\/www.ebihal.hu\/shop\/mucsali\/gumicsali\/brown-perch\/bp-bloodworm\/brown-perch-bloodworm-xxl-202-uv\/"]}]},{"@type":"ImageObject","inLanguage":"en-GB","@id":"https:\/\/www.ebihal.hu\/shop\/mucsali\/gumicsali\/brown-perch\/bp-bloodworm\/brown-perch-bloodworm-xxl-202-uv\/#primaryimage","url":"https:\/\/www.ebihal.hu\/wp-content\/uploads\/2025\/05\/mo80.png","contentUrl":"https:\/\/www.ebihal.hu\/wp-content\/uploads\/2025\/05\/mo80.png","width":1000,"height":1000,"caption":"Brown Perch Bloodworm 80 202"},{"@type":"BreadcrumbList","@id":"https:\/\/www.ebihal.hu\/shop\/mucsali\/gumicsali\/brown-perch\/bp-bloodworm\/brown-perch-bloodworm-xxl-202-uv\/#breadcrumb","itemListElement":[{"@type":"ListItem","position":1,"name":"Kezd\u0151lap","item":"https:\/\/www.ebihal.hu\/"},{"@type":"ListItem","position":2,"name":"M\u0171csali \u00e1ruh\u00e1z","item":"https:\/\/www.ebihal.hu\/"},{"@type":"ListItem","position":3,"name":"Brown Perch Bloodworm XXL 202 UV"}]},{"@type":"WebSite","@id":"https:\/\/www.ebihal.hu\/#website","url":"https:\/\/www.ebihal.hu\/","name":"Ebihal","description":"Fish &amp; Jigs","publisher":{"@id":"https:\/\/www.ebihal.hu\/#organization"},"potentialAction":[{"@type":"SearchAction","target":{"@type":"EntryPoint","urlTemplate":"https:\/\/www.ebihal.hu\/?s={search_term_string}"},"query-input":{"@type":"PropertyValueSpecification","valueRequired":true,"valueName":"search_term_string"}}],"inLanguage":"en-GB"},{"@type":"Organization","@id":"https:\/\/www.ebihal.hu\/#organization","name":"Bir\u00f3 Csaba egy\u00e9ni v\u00e1llalkoz\u00f3","url":"https:\/\/www.ebihal.hu\/","logo":{"@type":"ImageObject","inLanguage":"en-GB","@id":"https:\/\/www.ebihal.hu\/#\/schema\/logo\/image\/","url":"https:\/\/www.ebihal.hu\/wp-content\/uploads\/2021\/02\/brand_logo_mini.png","contentUrl":"https:\/\/www.ebihal.hu\/wp-content\/uploads\/2021\/02\/brand_logo_mini.png","width":300,"height":300,"caption":"Bir\u00f3 Csaba egy\u00e9ni v\u00e1llalkoz\u00f3"},"image":{"@id":"https:\/\/www.ebihal.hu\/#\/schema\/logo\/image\/"},"sameAs":["https:\/\/www.facebook.com\/ebihal"]}]}},"_links":{"self":[{"href":"https:\/\/www.ebihal.hu\/en\/wp-json\/wp\/v2\/product\/12860","targetHints":{"allow":["GET"]}}],"collection":[{"href":"https:\/\/www.ebihal.hu\/en\/wp-json\/wp\/v2\/product"}],"about":[{"href":"https:\/\/www.ebihal.hu\/en\/wp-json\/wp\/v2\/types\/product"}],"replies":[{"embeddable":true,"href":"https:\/\/www.ebihal.hu\/en\/wp-json\/wp\/v2\/comments?post=12860"}],"wp:featuredmedia":[{"embeddable":true,"href":"https:\/\/www.ebihal.hu\/en\/wp-json\/wp\/v2\/media\/12861"}],"wp:attachment":[{"href":"https:\/\/www.ebihal.hu\/en\/wp-json\/wp\/v2\/media?parent=12860"}],"wp:term":[{"taxonomy":"product_cat","embeddable":true,"href":"https:\/\/www.ebihal.hu\/en\/wp-json\/wp\/v2\/product_cat?post=12860"},{"taxonomy":"product_tag","embeddable":true,"href":"https:\/\/www.ebihal.hu\/en\/wp-json\/wp\/v2\/product_tag?post=12860"}],"curies":[{"name":"wp","href":"https:\/\/api.w.org\/{rel}","templated":true}]}}