{"id":12742,"date":"2025-03-27T08:54:36","date_gmt":"2025-03-27T07:54:36","guid":{"rendered":"https:\/\/www.ebihal.hu\/?post_type=product&#038;p=12742"},"modified":"2026-01-03T09:02:53","modified_gmt":"2026-01-03T08:02:53","slug":"jh-at-23-hosszu-szaru-kettos-horog","status":"publish","type":"product","link":"https:\/\/www.ebihal.hu\/en\/shop\/kiegeszitok\/horgok\/jh-horgok\/jh-at-23-hosszu-szaru-kettos-horog\/","title":{"rendered":"JH AT-23 hossz\u00fa sz\u00e1r\u00fa kett\u0151s horog"},"content":{"rendered":"<p>A litv\u00e1n Angleris Trading \u00e1ltal forgalmazott koreai offset horog kiv\u00e1l\u00f3 min\u0151s\u00e9g\u00e9t t\u00f6bbek k\u00f6zt a magas sz\u00e9ntartalm\u00fa ac\u00e9lnak k\u00f6sz\u00f6nheti. Az <strong>extra er\u0151s<\/strong>, rugalmas huzalnak \u00e9s t\u0171\u00e9les hegy\u00e9nek h\u00e1la, a legnagyobb kih\u00edv\u00e1soknak is ellen\u00e1ll. <b>Hossz\u00fa sz\u00e1ra<\/b> alkalmass\u00e1 teszi a gumicsalik t\u0171z\u00e9s\u00e9re is.<\/p>\n<p>V\u00e1ltoz\u00f3 darabsz\u00e1mban ker\u00fcl kiszerel\u00e9sre, #6-#3\/0 m\u00e9retben forgalmazzuk.<\/p>\n<h4>Additional information<\/h4>\n<table class=\"woocommerce-product-attributes shop_attributes\" aria-label=\"Product Details\" data-no-translation-aria-label=\"\">\n\t\t\t<tr class=\"woocommerce-product-attributes-item woocommerce-product-attributes-item--attribute_pa_brand\">\n\t\t\t<th class=\"woocommerce-product-attributes-item__label\" scope=\"row\">Brand<\/th>\n\t\t\t<td class=\"woocommerce-product-attributes-item__value\"><p>Kumho<\/p>\n<\/td>\n\t\t<\/tr>\n\t\t\t<tr class=\"woocommerce-product-attributes-item woocommerce-product-attributes-item--attribute_pa_horogmeret\">\n\t\t\t<th class=\"woocommerce-product-attributes-item__label\" scope=\"row\">Horogm\u00e9ret<\/th>\n\t\t\t<td class=\"woocommerce-product-attributes-item__value\"><p>#4, #2, #1, #1\/0, #2\/0, #3\/0, #6<\/p>\n<\/td>\n\t\t<\/tr>\n\t\t\t<tr class=\"woocommerce-product-attributes-item woocommerce-product-attributes-item--attribute_pa_madein\">\n\t\t\t<th class=\"woocommerce-product-attributes-item__label\" scope=\"row\">Country of origin<\/th>\n\t\t\t<td class=\"woocommerce-product-attributes-item__value\"><p>Korea, Litv\u00e1nia<\/p>\n<\/td>\n\t\t<\/tr>\n\t\t\t<tr class=\"woocommerce-product-attributes-item woocommerce-product-attributes-item--attribute_pa_kiszereles\">\n\t\t\t<th class=\"woocommerce-product-attributes-item__label\" scope=\"row\">Packaging<\/th>\n\t\t\t<td class=\"woocommerce-product-attributes-item__value\"><p>1 plastic bag<\/p>\n<\/td>\n\t\t<\/tr>\n\t<\/table>","protected":false},"excerpt":{"rendered":"<p>A litv\u00e1n Angleris Trading \u00e1ltal forgalmazott koreai offset horog kiv\u00e1l\u00f3 min\u0151s\u00e9g\u00e9t t\u00f6bbek k\u00f6zt a magas sz\u00e9ntartalm\u00fa ac\u00e9lnak k\u00f6sz\u00f6nheti. Az extra er\u0151s, rugalmas huzalnak \u00e9s t\u0171\u00e9les hegy\u00e9nek h\u00e1la, a legnagyobb kih\u00edv\u00e1soknak is ellen\u00e1ll. Hossz\u00fa sz\u00e1ra alkalmass\u00e1 teszi a gumicsalik t\u0171z\u00e9s\u00e9re is. V\u00e1ltoz\u00f3 darabsz\u00e1mban ker\u00fcl kiszerel\u00e9sre, #6-#3\/0 m\u00e9retben forgalmazzuk. Adatlap<\/p>","protected":false},"featured_media":12753,"comment_status":"open","ping_status":"closed","template":"","meta":[],"product_cat":[97,1411,88],"product_tag":[2094,2095,271,1406,573],"class_list":{"0":"post-12742","1":"product","2":"type-product","3":"status-publish","4":"has-post-thumbnail","6":"product_brand-kumho-hook","7":"product_cat-horgok","8":"product_cat-jh-horgok","9":"product_cat-kiegeszitok","10":"product_tag-at-21","11":"product_tag-heavy-class","12":"product_tag-horog","13":"product_tag-kumho","14":"product_tag-offset","16":"first","17":"instock","18":"shipping-taxable","19":"purchasable","20":"product-type-variable"},"supplier_id":null,"supplier_sku":"","barcode":null,"atum_controlled":true,"out_stock_date":null,"out_stock_threshold":null,"inheritable":true,"inbound_stock":0,"stock_on_hold":0,"sold_today":0,"sales_last_days":0,"reserved_stock":0,"customer_returns":0,"warehouse_damage":0,"lost_in_post":0,"other_logs":0,"out_stock_days":0,"lost_sales":0,"has_location":false,"update_date":"2026-04-15T00:32:59","atum_locations":[],"atum_stock_status":"instock","restock_status":false,"low_stock_amount":"","sales_update_date":"2026-04-15T00:32:59","calc_backorders":null,"yoast_head":"<!-- This site is optimized with the Yoast SEO plugin v27.4 - https:\/\/yoast.com\/product\/yoast-seo-wordpress\/ -->\n<title>JH AT-23 hossz\u00fa sz\u00e1r\u00fa kett\u0151s horog - Ebihal<\/title>\n<meta name=\"description\" content=\"A koreai KUMHO AT-23 kett\u0151s horog hossz\u00fa sz\u00e1ra alkalmass\u00e1 teszi a gumicsalik t\u0171z\u00e9s\u00e9re is. Er\u0151s, rugalmas huzal, t\u0171\u00e9les hegy.\" \/>\n<meta name=\"robots\" content=\"index, follow, max-snippet:-1, max-image-preview:large, max-video-preview:-1\" \/>\n<link rel=\"canonical\" href=\"https:\/\/www.ebihal.hu\/en\/shop\/kiegeszitok\/horgok\/jh-horgok\/jh-at-23-hosszu-szaru-kettos-horog\/\" \/>\n<meta property=\"og:locale\" content=\"en_GB\" \/>\n<meta property=\"og:type\" content=\"article\" \/>\n<meta property=\"og:title\" content=\"JH AT-23 hossz\u00fa sz\u00e1r\u00fa kett\u0151s horog - Ebihal\" \/>\n<meta property=\"og:description\" content=\"A koreai KUMHO AT-23 kett\u0151s horog hossz\u00fa sz\u00e1ra alkalmass\u00e1 teszi a gumicsalik t\u0171z\u00e9s\u00e9re is. Er\u0151s, rugalmas huzal, t\u0171\u00e9les hegy.\" \/>\n<meta property=\"og:url\" content=\"https:\/\/www.ebihal.hu\/en\/shop\/kiegeszitok\/horgok\/jh-horgok\/jh-at-23-hosszu-szaru-kettos-horog\/\" \/>\n<meta property=\"og:site_name\" content=\"Ebihal\" \/>\n<meta property=\"article:publisher\" content=\"https:\/\/www.facebook.com\/ebihal\" \/>\n<meta property=\"article:modified_time\" content=\"2026-01-03T08:02:53+00:00\" \/>\n<meta property=\"og:image\" content=\"https:\/\/www.ebihal.hu\/wp-content\/uploads\/2025\/03\/double-hooks-at-23.jpg\" \/>\n\t<meta property=\"og:image:width\" content=\"633\" \/>\n\t<meta property=\"og:image:height\" content=\"600\" \/>\n\t<meta property=\"og:image:type\" content=\"image\/jpeg\" \/>\n<meta name=\"twitter:card\" content=\"summary_large_image\" \/>\n<meta name=\"twitter:label1\" content=\"Estimated reading time\" \/>\n\t<meta name=\"twitter:data1\" content=\"1 minute\" \/>\n<script type=\"application\/ld+json\" class=\"yoast-schema-graph\">{\"@context\":\"https:\\\/\\\/schema.org\",\"@graph\":[{\"@type\":\"WebPage\",\"@id\":\"https:\\\/\\\/www.ebihal.hu\\\/shop\\\/kiegeszitok\\\/horgok\\\/jh-horgok\\\/jh-at-23-hosszu-szaru-kettos-horog\\\/\",\"url\":\"https:\\\/\\\/www.ebihal.hu\\\/shop\\\/kiegeszitok\\\/horgok\\\/jh-horgok\\\/jh-at-23-hosszu-szaru-kettos-horog\\\/\",\"name\":\"JH AT-23 hossz\u00fa sz\u00e1r\u00fa kett\u0151s horog - Ebihal\",\"isPartOf\":{\"@id\":\"https:\\\/\\\/www.ebihal.hu\\\/#website\"},\"primaryImageOfPage\":{\"@id\":\"https:\\\/\\\/www.ebihal.hu\\\/shop\\\/kiegeszitok\\\/horgok\\\/jh-horgok\\\/jh-at-23-hosszu-szaru-kettos-horog\\\/#primaryimage\"},\"image\":{\"@id\":\"https:\\\/\\\/www.ebihal.hu\\\/shop\\\/kiegeszitok\\\/horgok\\\/jh-horgok\\\/jh-at-23-hosszu-szaru-kettos-horog\\\/#primaryimage\"},\"thumbnailUrl\":\"https:\\\/\\\/www.ebihal.hu\\\/wp-content\\\/uploads\\\/2025\\\/03\\\/double-hooks-at-23.jpg\",\"datePublished\":\"2025-03-27T07:54:36+00:00\",\"dateModified\":\"2026-01-03T08:02:53+00:00\",\"description\":\"A koreai KUMHO AT-23 kett\u0151s horog hossz\u00fa sz\u00e1ra alkalmass\u00e1 teszi a gumicsalik t\u0171z\u00e9s\u00e9re is. Er\u0151s, rugalmas huzal, t\u0171\u00e9les hegy.\",\"breadcrumb\":{\"@id\":\"https:\\\/\\\/www.ebihal.hu\\\/shop\\\/kiegeszitok\\\/horgok\\\/jh-horgok\\\/jh-at-23-hosszu-szaru-kettos-horog\\\/#breadcrumb\"},\"inLanguage\":\"en-GB\",\"potentialAction\":[{\"@type\":\"ReadAction\",\"target\":[\"https:\\\/\\\/www.ebihal.hu\\\/shop\\\/kiegeszitok\\\/horgok\\\/jh-horgok\\\/jh-at-23-hosszu-szaru-kettos-horog\\\/\"]}]},{\"@type\":\"ImageObject\",\"inLanguage\":\"en-GB\",\"@id\":\"https:\\\/\\\/www.ebihal.hu\\\/shop\\\/kiegeszitok\\\/horgok\\\/jh-horgok\\\/jh-at-23-hosszu-szaru-kettos-horog\\\/#primaryimage\",\"url\":\"https:\\\/\\\/www.ebihal.hu\\\/wp-content\\\/uploads\\\/2025\\\/03\\\/double-hooks-at-23.jpg\",\"contentUrl\":\"https:\\\/\\\/www.ebihal.hu\\\/wp-content\\\/uploads\\\/2025\\\/03\\\/double-hooks-at-23.jpg\",\"width\":633,\"height\":600,\"caption\":\"JH Kumho AT-23 kett\u0151s horog\"},{\"@type\":\"BreadcrumbList\",\"@id\":\"https:\\\/\\\/www.ebihal.hu\\\/shop\\\/kiegeszitok\\\/horgok\\\/jh-horgok\\\/jh-at-23-hosszu-szaru-kettos-horog\\\/#breadcrumb\",\"itemListElement\":[{\"@type\":\"ListItem\",\"position\":1,\"name\":\"Kezd\u0151lap\",\"item\":\"https:\\\/\\\/www.ebihal.hu\\\/\"},{\"@type\":\"ListItem\",\"position\":2,\"name\":\"M\u0171csali \u00e1ruh\u00e1z\",\"item\":\"https:\\\/\\\/www.ebihal.hu\\\/\"},{\"@type\":\"ListItem\",\"position\":3,\"name\":\"JH AT-23 hossz\u00fa sz\u00e1r\u00fa kett\u0151s horog\"}]},{\"@type\":\"WebSite\",\"@id\":\"https:\\\/\\\/www.ebihal.hu\\\/#website\",\"url\":\"https:\\\/\\\/www.ebihal.hu\\\/\",\"name\":\"Ebihal\",\"description\":\"Fish &amp; Jigs\",\"publisher\":{\"@id\":\"https:\\\/\\\/www.ebihal.hu\\\/#organization\"},\"potentialAction\":[{\"@type\":\"SearchAction\",\"target\":{\"@type\":\"EntryPoint\",\"urlTemplate\":\"https:\\\/\\\/www.ebihal.hu\\\/?s={search_term_string}\"},\"query-input\":{\"@type\":\"PropertyValueSpecification\",\"valueRequired\":true,\"valueName\":\"search_term_string\"}}],\"inLanguage\":\"en-GB\"},{\"@type\":\"Organization\",\"@id\":\"https:\\\/\\\/www.ebihal.hu\\\/#organization\",\"name\":\"Bir\u00f3 Csaba egy\u00e9ni v\u00e1llalkoz\u00f3\",\"url\":\"https:\\\/\\\/www.ebihal.hu\\\/\",\"logo\":{\"@type\":\"ImageObject\",\"inLanguage\":\"en-GB\",\"@id\":\"https:\\\/\\\/www.ebihal.hu\\\/#\\\/schema\\\/logo\\\/image\\\/\",\"url\":\"https:\\\/\\\/www.ebihal.hu\\\/wp-content\\\/uploads\\\/2021\\\/02\\\/brand_logo_mini.png\",\"contentUrl\":\"https:\\\/\\\/www.ebihal.hu\\\/wp-content\\\/uploads\\\/2021\\\/02\\\/brand_logo_mini.png\",\"width\":300,\"height\":300,\"caption\":\"Bir\u00f3 Csaba egy\u00e9ni v\u00e1llalkoz\u00f3\"},\"image\":{\"@id\":\"https:\\\/\\\/www.ebihal.hu\\\/#\\\/schema\\\/logo\\\/image\\\/\"},\"sameAs\":[\"https:\\\/\\\/www.facebook.com\\\/ebihal\"]}]}<\/script>\n<!-- \/ Yoast SEO plugin. -->","yoast_head_json":{"title":"JH AT-23 hossz\u00fa sz\u00e1r\u00fa kett\u0151s horog - Ebihal","description":"A koreai KUMHO AT-23 kett\u0151s horog hossz\u00fa sz\u00e1ra alkalmass\u00e1 teszi a gumicsalik t\u0171z\u00e9s\u00e9re is. Er\u0151s, rugalmas huzal, t\u0171\u00e9les hegy.","robots":{"index":"index","follow":"follow","max-snippet":"max-snippet:-1","max-image-preview":"max-image-preview:large","max-video-preview":"max-video-preview:-1"},"canonical":"https:\/\/www.ebihal.hu\/en\/shop\/kiegeszitok\/horgok\/jh-horgok\/jh-at-23-hosszu-szaru-kettos-horog\/","og_locale":"en_GB","og_type":"article","og_title":"JH AT-23 hossz\u00fa sz\u00e1r\u00fa kett\u0151s horog - Ebihal","og_description":"A koreai KUMHO AT-23 kett\u0151s horog hossz\u00fa sz\u00e1ra alkalmass\u00e1 teszi a gumicsalik t\u0171z\u00e9s\u00e9re is. Er\u0151s, rugalmas huzal, t\u0171\u00e9les hegy.","og_url":"https:\/\/www.ebihal.hu\/en\/shop\/kiegeszitok\/horgok\/jh-horgok\/jh-at-23-hosszu-szaru-kettos-horog\/","og_site_name":"Ebihal","article_publisher":"https:\/\/www.facebook.com\/ebihal","article_modified_time":"2026-01-03T08:02:53+00:00","og_image":[{"width":633,"height":600,"url":"https:\/\/www.ebihal.hu\/wp-content\/uploads\/2025\/03\/double-hooks-at-23.jpg","type":"image\/jpeg"}],"twitter_card":"summary_large_image","twitter_misc":{"Estimated reading time":"1 minute"},"schema":{"@context":"https:\/\/schema.org","@graph":[{"@type":"WebPage","@id":"https:\/\/www.ebihal.hu\/shop\/kiegeszitok\/horgok\/jh-horgok\/jh-at-23-hosszu-szaru-kettos-horog\/","url":"https:\/\/www.ebihal.hu\/shop\/kiegeszitok\/horgok\/jh-horgok\/jh-at-23-hosszu-szaru-kettos-horog\/","name":"JH AT-23 hossz\u00fa sz\u00e1r\u00fa kett\u0151s horog - Ebihal","isPartOf":{"@id":"https:\/\/www.ebihal.hu\/#website"},"primaryImageOfPage":{"@id":"https:\/\/www.ebihal.hu\/shop\/kiegeszitok\/horgok\/jh-horgok\/jh-at-23-hosszu-szaru-kettos-horog\/#primaryimage"},"image":{"@id":"https:\/\/www.ebihal.hu\/shop\/kiegeszitok\/horgok\/jh-horgok\/jh-at-23-hosszu-szaru-kettos-horog\/#primaryimage"},"thumbnailUrl":"https:\/\/www.ebihal.hu\/wp-content\/uploads\/2025\/03\/double-hooks-at-23.jpg","datePublished":"2025-03-27T07:54:36+00:00","dateModified":"2026-01-03T08:02:53+00:00","description":"A koreai KUMHO AT-23 kett\u0151s horog hossz\u00fa sz\u00e1ra alkalmass\u00e1 teszi a gumicsalik t\u0171z\u00e9s\u00e9re is. Er\u0151s, rugalmas huzal, t\u0171\u00e9les hegy.","breadcrumb":{"@id":"https:\/\/www.ebihal.hu\/shop\/kiegeszitok\/horgok\/jh-horgok\/jh-at-23-hosszu-szaru-kettos-horog\/#breadcrumb"},"inLanguage":"en-GB","potentialAction":[{"@type":"ReadAction","target":["https:\/\/www.ebihal.hu\/shop\/kiegeszitok\/horgok\/jh-horgok\/jh-at-23-hosszu-szaru-kettos-horog\/"]}]},{"@type":"ImageObject","inLanguage":"en-GB","@id":"https:\/\/www.ebihal.hu\/shop\/kiegeszitok\/horgok\/jh-horgok\/jh-at-23-hosszu-szaru-kettos-horog\/#primaryimage","url":"https:\/\/www.ebihal.hu\/wp-content\/uploads\/2025\/03\/double-hooks-at-23.jpg","contentUrl":"https:\/\/www.ebihal.hu\/wp-content\/uploads\/2025\/03\/double-hooks-at-23.jpg","width":633,"height":600,"caption":"JH Kumho AT-23 kett\u0151s horog"},{"@type":"BreadcrumbList","@id":"https:\/\/www.ebihal.hu\/shop\/kiegeszitok\/horgok\/jh-horgok\/jh-at-23-hosszu-szaru-kettos-horog\/#breadcrumb","itemListElement":[{"@type":"ListItem","position":1,"name":"Kezd\u0151lap","item":"https:\/\/www.ebihal.hu\/"},{"@type":"ListItem","position":2,"name":"M\u0171csali \u00e1ruh\u00e1z","item":"https:\/\/www.ebihal.hu\/"},{"@type":"ListItem","position":3,"name":"JH AT-23 hossz\u00fa sz\u00e1r\u00fa kett\u0151s horog"}]},{"@type":"WebSite","@id":"https:\/\/www.ebihal.hu\/#website","url":"https:\/\/www.ebihal.hu\/","name":"Ebihal","description":"Fish &amp; Jigs","publisher":{"@id":"https:\/\/www.ebihal.hu\/#organization"},"potentialAction":[{"@type":"SearchAction","target":{"@type":"EntryPoint","urlTemplate":"https:\/\/www.ebihal.hu\/?s={search_term_string}"},"query-input":{"@type":"PropertyValueSpecification","valueRequired":true,"valueName":"search_term_string"}}],"inLanguage":"en-GB"},{"@type":"Organization","@id":"https:\/\/www.ebihal.hu\/#organization","name":"Bir\u00f3 Csaba egy\u00e9ni v\u00e1llalkoz\u00f3","url":"https:\/\/www.ebihal.hu\/","logo":{"@type":"ImageObject","inLanguage":"en-GB","@id":"https:\/\/www.ebihal.hu\/#\/schema\/logo\/image\/","url":"https:\/\/www.ebihal.hu\/wp-content\/uploads\/2021\/02\/brand_logo_mini.png","contentUrl":"https:\/\/www.ebihal.hu\/wp-content\/uploads\/2021\/02\/brand_logo_mini.png","width":300,"height":300,"caption":"Bir\u00f3 Csaba egy\u00e9ni v\u00e1llalkoz\u00f3"},"image":{"@id":"https:\/\/www.ebihal.hu\/#\/schema\/logo\/image\/"},"sameAs":["https:\/\/www.facebook.com\/ebihal"]}]}},"_links":{"self":[{"href":"https:\/\/www.ebihal.hu\/en\/wp-json\/wp\/v2\/product\/12742","targetHints":{"allow":["GET"]}}],"collection":[{"href":"https:\/\/www.ebihal.hu\/en\/wp-json\/wp\/v2\/product"}],"about":[{"href":"https:\/\/www.ebihal.hu\/en\/wp-json\/wp\/v2\/types\/product"}],"replies":[{"embeddable":true,"href":"https:\/\/www.ebihal.hu\/en\/wp-json\/wp\/v2\/comments?post=12742"}],"wp:featuredmedia":[{"embeddable":true,"href":"https:\/\/www.ebihal.hu\/en\/wp-json\/wp\/v2\/media\/12753"}],"wp:attachment":[{"href":"https:\/\/www.ebihal.hu\/en\/wp-json\/wp\/v2\/media?parent=12742"}],"wp:term":[{"taxonomy":"product_cat","embeddable":true,"href":"https:\/\/www.ebihal.hu\/en\/wp-json\/wp\/v2\/product_cat?post=12742"},{"taxonomy":"product_tag","embeddable":true,"href":"https:\/\/www.ebihal.hu\/en\/wp-json\/wp\/v2\/product_tag?post=12742"}],"curies":[{"name":"wp","href":"https:\/\/api.w.org\/{rel}","templated":true}]}}