{"id":12616,"date":"2025-03-20T15:10:58","date_gmt":"2025-03-20T14:10:58","guid":{"rendered":"https:\/\/www.ebihal.hu\/?post_type=product&#038;p=12616"},"modified":"2026-02-09T14:33:39","modified_gmt":"2026-02-09T13:33:39","slug":"prof-montazh-cryfish-4-szivacs-rak-208-uv","status":"publish","type":"product","link":"https:\/\/www.ebihal.hu\/en\/shop\/mucsali\/szivacshal-porolon\/prof-montazh\/prof-montazh-cryfish\/prof-montazh-cryfish-4-szivacs-rak-208-uv\/","title":{"rendered":"Prof Montazh Cryfish 4&#8243; szivacs r\u00e1k 208 UV"},"content":{"rendered":"<p>Az ukr\u00e1n Prof Montazh c\u00e9g innovat\u00edv megold\u00e1sai m\u00e9lt\u00e1n n\u00e9pszer\u0171ek keleti szomsz\u00e9dainkn\u00e1l, k\u00fcl\u00f6n\u00f6sen a <strong>csuk\u00e1ra<\/strong>, <strong>s\u00fcll\u0151re<\/strong> horg\u00e1sz\u00f3k k\u00f6r\u00e9ben. A piacon els\u0151k\u00e9nt gy\u00e1rtanak \u041f\u043e\u0440\u043e\u043b\u043e\u043d (paralon) r\u00e1kf\u00e9l\u00e9ket.<br \/>\nA csali kiv\u00e1l\u00f3 min\u0151s\u00e9g\u0171 Origin <b>kett\u0151s <\/b>horoggal lett felszerelve, amely fixen be van ragasztva a csali test\u00e9be oly m\u00f3don, hogy annak \u00f6ble szorosan <strong>r\u00e1fekszik<\/strong> a szivacstestre. A legt\u00f6bb versenyt\u00e1rssal ellent\u00e9tben, a PM csalijai nem sz\u00e9t\u00e1ll\u00f3 horoggal szereltek, ezzel is <strong>cs\u00f6kkentve<\/strong> a k\u00fcls\u0151 akad\u00e1s \u00e9s a beakad\u00e1s es\u00e9ly\u00e9t.<br \/>\nA Crayfish legjobb vezet\u00e9si m\u00f3dja a fen\u00e9ken pattogtat\u00e1s, vagy a szok\u00e1sos f\u0171r\u00e9szfogas m\u00f3dszer sz\u00fcnetek beiktat\u00e1s\u00e1val. A <strong>sz\u00fcnetekben<\/strong> t\u00f6rt\u00e9nik a legt\u00f6bb r\u00e1v\u00e1g\u00e1s, amikor a r\u00e1k fenyeget\u0151en felemeli a karmait.<\/p>\n<p>10 cm hossz\u00fa, 1 db szivacs r\u00e1k, UV akt\u00edv, 208 sz\u00ednk\u00f3d.<\/p>\n<p><iframe loading=\"lazy\" title=\"YouTube video player\" src=\"https:\/\/www.youtube.com\/embed\/2AKZ7oQePIc?si=ka9hUDk3OAXhRT4H\" width=\"560\" height=\"315\" frameborder=\"0\" allowfullscreen=\"allowfullscreen\"><\/iframe><\/p>\n<h4>Additional information<\/h4>\n<table class=\"woocommerce-product-attributes shop_attributes\" aria-label=\"Product Details\" data-no-translation-aria-label=\"\">\n\t\t\t<tr class=\"woocommerce-product-attributes-item woocommerce-product-attributes-item--weight\">\n\t\t\t<th class=\"woocommerce-product-attributes-item__label\" scope=\"row\" data-no-translation=\"\" data-trp-gettext=\"\">Weight<\/th>\n\t\t\t<td class=\"woocommerce-product-attributes-item__value\">0.005 kg<\/td>\n\t\t<\/tr>\n\t\t\t<tr class=\"woocommerce-product-attributes-item woocommerce-product-attributes-item--attribute_pa_brand\">\n\t\t\t<th class=\"woocommerce-product-attributes-item__label\" scope=\"row\">Brand<\/th>\n\t\t\t<td class=\"woocommerce-product-attributes-item__value\"><p>Prof Montazh<\/p>\n<\/td>\n\t\t<\/tr>\n\t\t\t<tr class=\"woocommerce-product-attributes-item woocommerce-product-attributes-item--attribute_pa_meret\">\n\t\t\t<th class=\"woocommerce-product-attributes-item__label\" scope=\"row\">Size<\/th>\n\t\t\t<td class=\"woocommerce-product-attributes-item__value\"><p>100 mm<\/p>\n<\/td>\n\t\t<\/tr>\n\t\t\t<tr class=\"woocommerce-product-attributes-item woocommerce-product-attributes-item--attribute_pa_szinkod\">\n\t\t\t<th class=\"woocommerce-product-attributes-item__label\" scope=\"row\">Color code<\/th>\n\t\t\t<td class=\"woocommerce-product-attributes-item__value\"><p>208<\/p>\n<\/td>\n\t\t<\/tr>\n\t\t\t<tr class=\"woocommerce-product-attributes-item woocommerce-product-attributes-item--attribute_pa_madein\">\n\t\t\t<th class=\"woocommerce-product-attributes-item__label\" scope=\"row\">Country of origin<\/th>\n\t\t\t<td class=\"woocommerce-product-attributes-item__value\"><p>Ukrajna<\/p>\n<\/td>\n\t\t<\/tr>\n\t\t\t<tr class=\"woocommerce-product-attributes-item woocommerce-product-attributes-item--attribute_pa_kiszereles\">\n\t\t\t<th class=\"woocommerce-product-attributes-item__label\" scope=\"row\">Packaging<\/th>\n\t\t\t<td class=\"woocommerce-product-attributes-item__value\"><p>1 piece<\/p>\n<\/td>\n\t\t<\/tr>\n\t<\/table>","protected":false},"excerpt":{"rendered":"<p>1 db szivacsr\u00e1k<\/p>","protected":false},"featured_media":12617,"comment_status":"open","ping_status":"closed","template":"","meta":[],"product_cat":[2065,74,40,2064,605],"product_tag":[147,148,2068,2067,146,834,817],"class_list":{"0":"post-12616","1":"product","2":"type-product","3":"status-publish","4":"has-post-thumbnail","6":"product_brand-prof-montazh","7":"product_cat-prof-montazh-cryfish","8":"product_cat-gumicsali","9":"product_cat-mucsali","10":"product_cat-prof-montazh","11":"product_cat-ujdonsagok","12":"product_tag-csuka","13":"product_tag-harcsa","14":"product_tag-paralon","15":"product_tag-prof-montazh","16":"product_tag-sullo","17":"product_tag-szivacs-csali","18":"product_tag-xl","20":"first","21":"instock","22":"shipping-taxable","23":"purchasable","24":"product-type-simple"},"supplier_id":null,"supplier_sku":"","barcode":null,"atum_controlled":true,"out_stock_date":null,"out_stock_threshold":null,"inheritable":false,"inbound_stock":0,"stock_on_hold":0,"sold_today":0,"sales_last_days":0,"reserved_stock":0,"customer_returns":0,"warehouse_damage":0,"lost_in_post":0,"other_logs":0,"out_stock_days":0,"lost_sales":0,"has_location":false,"update_date":"2026-04-15T00:33:01","atum_locations":[],"atum_stock_status":"instock","restock_status":false,"low_stock_amount":"","sales_update_date":"2026-04-15T00:33:01","calc_backorders":null,"yoast_head":"<!-- This site is optimized with the Yoast SEO plugin v27.4 - https:\/\/yoast.com\/product\/yoast-seo-wordpress\/ -->\n<title>Prof Montazh Cryfish 4&quot; szivacs r\u00e1k 208 UV paralon - Ebihal<\/title>\n<meta name=\"description\" content=\"A Prof Montazh Cryfish szivacscsali kiv\u00e1l\u00f3 min\u0151s\u00e9g\u0171, testre lapul\u00f3 kett\u0151s horoggal van felszerelve. Unik\u00e1lis term\u00e9k a hazai piacon. 208 UV\" \/>\n<meta name=\"robots\" content=\"index, follow, max-snippet:-1, max-image-preview:large, max-video-preview:-1\" \/>\n<link rel=\"canonical\" href=\"https:\/\/www.ebihal.hu\/en\/shop\/mucsali\/szivacshal-porolon\/prof-montazh\/prof-montazh-cryfish\/prof-montazh-cryfish-4-szivacs-rak-208-uv\/\" \/>\n<meta property=\"og:locale\" content=\"en_GB\" \/>\n<meta property=\"og:type\" content=\"article\" \/>\n<meta property=\"og:title\" content=\"Prof Montazh Cryfish 4&quot; szivacs r\u00e1k 208 UV paralon - Ebihal\" \/>\n<meta property=\"og:description\" content=\"A Prof Montazh Cryfish szivacscsali kiv\u00e1l\u00f3 min\u0151s\u00e9g\u0171, testre lapul\u00f3 kett\u0151s horoggal van felszerelve. Unik\u00e1lis term\u00e9k a hazai piacon. 208 UV\" \/>\n<meta property=\"og:url\" content=\"https:\/\/www.ebihal.hu\/en\/shop\/mucsali\/szivacshal-porolon\/prof-montazh\/prof-montazh-cryfish\/prof-montazh-cryfish-4-szivacs-rak-208-uv\/\" \/>\n<meta property=\"og:site_name\" content=\"Ebihal\" \/>\n<meta property=\"article:publisher\" content=\"https:\/\/www.facebook.com\/ebihal\" \/>\n<meta property=\"article:modified_time\" content=\"2026-02-09T13:33:39+00:00\" \/>\n<meta property=\"og:image\" content=\"https:\/\/www.ebihal.hu\/wp-content\/uploads\/2025\/03\/208.png\" \/>\n\t<meta property=\"og:image:width\" content=\"1000\" \/>\n\t<meta property=\"og:image:height\" content=\"1000\" \/>\n\t<meta property=\"og:image:type\" content=\"image\/png\" \/>\n<meta name=\"twitter:card\" content=\"summary_large_image\" \/>\n<meta name=\"twitter:label1\" content=\"Estimated reading time\" \/>\n\t<meta name=\"twitter:data1\" content=\"1 minute\" \/>\n<script type=\"application\/ld+json\" class=\"yoast-schema-graph\">{\"@context\":\"https:\\\/\\\/schema.org\",\"@graph\":[{\"@type\":\"WebPage\",\"@id\":\"https:\\\/\\\/www.ebihal.hu\\\/shop\\\/mucsali\\\/szivacshal-porolon\\\/prof-montazh\\\/prof-montazh-cryfish\\\/prof-montazh-cryfish-4-szivacs-rak-208-uv\\\/\",\"url\":\"https:\\\/\\\/www.ebihal.hu\\\/shop\\\/mucsali\\\/szivacshal-porolon\\\/prof-montazh\\\/prof-montazh-cryfish\\\/prof-montazh-cryfish-4-szivacs-rak-208-uv\\\/\",\"name\":\"Prof Montazh Cryfish 4\\\" szivacs r\u00e1k 208 UV paralon - Ebihal\",\"isPartOf\":{\"@id\":\"https:\\\/\\\/www.ebihal.hu\\\/#website\"},\"primaryImageOfPage\":{\"@id\":\"https:\\\/\\\/www.ebihal.hu\\\/shop\\\/mucsali\\\/szivacshal-porolon\\\/prof-montazh\\\/prof-montazh-cryfish\\\/prof-montazh-cryfish-4-szivacs-rak-208-uv\\\/#primaryimage\"},\"image\":{\"@id\":\"https:\\\/\\\/www.ebihal.hu\\\/shop\\\/mucsali\\\/szivacshal-porolon\\\/prof-montazh\\\/prof-montazh-cryfish\\\/prof-montazh-cryfish-4-szivacs-rak-208-uv\\\/#primaryimage\"},\"thumbnailUrl\":\"https:\\\/\\\/www.ebihal.hu\\\/wp-content\\\/uploads\\\/2025\\\/03\\\/208.png\",\"datePublished\":\"2025-03-20T14:10:58+00:00\",\"dateModified\":\"2026-02-09T13:33:39+00:00\",\"description\":\"A Prof Montazh Cryfish szivacscsali kiv\u00e1l\u00f3 min\u0151s\u00e9g\u0171, testre lapul\u00f3 kett\u0151s horoggal van felszerelve. Unik\u00e1lis term\u00e9k a hazai piacon. 208 UV\",\"breadcrumb\":{\"@id\":\"https:\\\/\\\/www.ebihal.hu\\\/shop\\\/mucsali\\\/szivacshal-porolon\\\/prof-montazh\\\/prof-montazh-cryfish\\\/prof-montazh-cryfish-4-szivacs-rak-208-uv\\\/#breadcrumb\"},\"inLanguage\":\"en-GB\",\"potentialAction\":[{\"@type\":\"ReadAction\",\"target\":[\"https:\\\/\\\/www.ebihal.hu\\\/shop\\\/mucsali\\\/szivacshal-porolon\\\/prof-montazh\\\/prof-montazh-cryfish\\\/prof-montazh-cryfish-4-szivacs-rak-208-uv\\\/\"]}]},{\"@type\":\"ImageObject\",\"inLanguage\":\"en-GB\",\"@id\":\"https:\\\/\\\/www.ebihal.hu\\\/shop\\\/mucsali\\\/szivacshal-porolon\\\/prof-montazh\\\/prof-montazh-cryfish\\\/prof-montazh-cryfish-4-szivacs-rak-208-uv\\\/#primaryimage\",\"url\":\"https:\\\/\\\/www.ebihal.hu\\\/wp-content\\\/uploads\\\/2025\\\/03\\\/208.png\",\"contentUrl\":\"https:\\\/\\\/www.ebihal.hu\\\/wp-content\\\/uploads\\\/2025\\\/03\\\/208.png\",\"width\":1000,\"height\":1000,\"caption\":\"Prof Montazh Cryfish 208\"},{\"@type\":\"BreadcrumbList\",\"@id\":\"https:\\\/\\\/www.ebihal.hu\\\/shop\\\/mucsali\\\/szivacshal-porolon\\\/prof-montazh\\\/prof-montazh-cryfish\\\/prof-montazh-cryfish-4-szivacs-rak-208-uv\\\/#breadcrumb\",\"itemListElement\":[{\"@type\":\"ListItem\",\"position\":1,\"name\":\"Kezd\u0151lap\",\"item\":\"https:\\\/\\\/www.ebihal.hu\\\/\"},{\"@type\":\"ListItem\",\"position\":2,\"name\":\"M\u0171csali \u00e1ruh\u00e1z\",\"item\":\"https:\\\/\\\/www.ebihal.hu\\\/\"},{\"@type\":\"ListItem\",\"position\":3,\"name\":\"Prof Montazh Cryfish 4&#8243; szivacs r\u00e1k 208 UV\"}]},{\"@type\":\"WebSite\",\"@id\":\"https:\\\/\\\/www.ebihal.hu\\\/#website\",\"url\":\"https:\\\/\\\/www.ebihal.hu\\\/\",\"name\":\"Ebihal\",\"description\":\"Fish &amp; Jigs\",\"publisher\":{\"@id\":\"https:\\\/\\\/www.ebihal.hu\\\/#organization\"},\"potentialAction\":[{\"@type\":\"SearchAction\",\"target\":{\"@type\":\"EntryPoint\",\"urlTemplate\":\"https:\\\/\\\/www.ebihal.hu\\\/?s={search_term_string}\"},\"query-input\":{\"@type\":\"PropertyValueSpecification\",\"valueRequired\":true,\"valueName\":\"search_term_string\"}}],\"inLanguage\":\"en-GB\"},{\"@type\":\"Organization\",\"@id\":\"https:\\\/\\\/www.ebihal.hu\\\/#organization\",\"name\":\"Bir\u00f3 Csaba egy\u00e9ni v\u00e1llalkoz\u00f3\",\"url\":\"https:\\\/\\\/www.ebihal.hu\\\/\",\"logo\":{\"@type\":\"ImageObject\",\"inLanguage\":\"en-GB\",\"@id\":\"https:\\\/\\\/www.ebihal.hu\\\/#\\\/schema\\\/logo\\\/image\\\/\",\"url\":\"https:\\\/\\\/www.ebihal.hu\\\/wp-content\\\/uploads\\\/2021\\\/02\\\/brand_logo_mini.png\",\"contentUrl\":\"https:\\\/\\\/www.ebihal.hu\\\/wp-content\\\/uploads\\\/2021\\\/02\\\/brand_logo_mini.png\",\"width\":300,\"height\":300,\"caption\":\"Bir\u00f3 Csaba egy\u00e9ni v\u00e1llalkoz\u00f3\"},\"image\":{\"@id\":\"https:\\\/\\\/www.ebihal.hu\\\/#\\\/schema\\\/logo\\\/image\\\/\"},\"sameAs\":[\"https:\\\/\\\/www.facebook.com\\\/ebihal\"]}]}<\/script>\n<!-- \/ Yoast SEO plugin. -->","yoast_head_json":{"title":"Prof Montazh Cryfish 4\" szivacs r\u00e1k 208 UV paralon - Ebihal","description":"A Prof Montazh Cryfish szivacscsali kiv\u00e1l\u00f3 min\u0151s\u00e9g\u0171, testre lapul\u00f3 kett\u0151s horoggal van felszerelve. Unik\u00e1lis term\u00e9k a hazai piacon. 208 UV","robots":{"index":"index","follow":"follow","max-snippet":"max-snippet:-1","max-image-preview":"max-image-preview:large","max-video-preview":"max-video-preview:-1"},"canonical":"https:\/\/www.ebihal.hu\/en\/shop\/mucsali\/szivacshal-porolon\/prof-montazh\/prof-montazh-cryfish\/prof-montazh-cryfish-4-szivacs-rak-208-uv\/","og_locale":"en_GB","og_type":"article","og_title":"Prof Montazh Cryfish 4\" szivacs r\u00e1k 208 UV paralon - Ebihal","og_description":"A Prof Montazh Cryfish szivacscsali kiv\u00e1l\u00f3 min\u0151s\u00e9g\u0171, testre lapul\u00f3 kett\u0151s horoggal van felszerelve. Unik\u00e1lis term\u00e9k a hazai piacon. 208 UV","og_url":"https:\/\/www.ebihal.hu\/en\/shop\/mucsali\/szivacshal-porolon\/prof-montazh\/prof-montazh-cryfish\/prof-montazh-cryfish-4-szivacs-rak-208-uv\/","og_site_name":"Ebihal","article_publisher":"https:\/\/www.facebook.com\/ebihal","article_modified_time":"2026-02-09T13:33:39+00:00","og_image":[{"width":1000,"height":1000,"url":"https:\/\/www.ebihal.hu\/wp-content\/uploads\/2025\/03\/208.png","type":"image\/png"}],"twitter_card":"summary_large_image","twitter_misc":{"Estimated reading time":"1 minute"},"schema":{"@context":"https:\/\/schema.org","@graph":[{"@type":"WebPage","@id":"https:\/\/www.ebihal.hu\/shop\/mucsali\/szivacshal-porolon\/prof-montazh\/prof-montazh-cryfish\/prof-montazh-cryfish-4-szivacs-rak-208-uv\/","url":"https:\/\/www.ebihal.hu\/shop\/mucsali\/szivacshal-porolon\/prof-montazh\/prof-montazh-cryfish\/prof-montazh-cryfish-4-szivacs-rak-208-uv\/","name":"Prof Montazh Cryfish 4\" szivacs r\u00e1k 208 UV paralon - Ebihal","isPartOf":{"@id":"https:\/\/www.ebihal.hu\/#website"},"primaryImageOfPage":{"@id":"https:\/\/www.ebihal.hu\/shop\/mucsali\/szivacshal-porolon\/prof-montazh\/prof-montazh-cryfish\/prof-montazh-cryfish-4-szivacs-rak-208-uv\/#primaryimage"},"image":{"@id":"https:\/\/www.ebihal.hu\/shop\/mucsali\/szivacshal-porolon\/prof-montazh\/prof-montazh-cryfish\/prof-montazh-cryfish-4-szivacs-rak-208-uv\/#primaryimage"},"thumbnailUrl":"https:\/\/www.ebihal.hu\/wp-content\/uploads\/2025\/03\/208.png","datePublished":"2025-03-20T14:10:58+00:00","dateModified":"2026-02-09T13:33:39+00:00","description":"A Prof Montazh Cryfish szivacscsali kiv\u00e1l\u00f3 min\u0151s\u00e9g\u0171, testre lapul\u00f3 kett\u0151s horoggal van felszerelve. Unik\u00e1lis term\u00e9k a hazai piacon. 208 UV","breadcrumb":{"@id":"https:\/\/www.ebihal.hu\/shop\/mucsali\/szivacshal-porolon\/prof-montazh\/prof-montazh-cryfish\/prof-montazh-cryfish-4-szivacs-rak-208-uv\/#breadcrumb"},"inLanguage":"en-GB","potentialAction":[{"@type":"ReadAction","target":["https:\/\/www.ebihal.hu\/shop\/mucsali\/szivacshal-porolon\/prof-montazh\/prof-montazh-cryfish\/prof-montazh-cryfish-4-szivacs-rak-208-uv\/"]}]},{"@type":"ImageObject","inLanguage":"en-GB","@id":"https:\/\/www.ebihal.hu\/shop\/mucsali\/szivacshal-porolon\/prof-montazh\/prof-montazh-cryfish\/prof-montazh-cryfish-4-szivacs-rak-208-uv\/#primaryimage","url":"https:\/\/www.ebihal.hu\/wp-content\/uploads\/2025\/03\/208.png","contentUrl":"https:\/\/www.ebihal.hu\/wp-content\/uploads\/2025\/03\/208.png","width":1000,"height":1000,"caption":"Prof Montazh Cryfish 208"},{"@type":"BreadcrumbList","@id":"https:\/\/www.ebihal.hu\/shop\/mucsali\/szivacshal-porolon\/prof-montazh\/prof-montazh-cryfish\/prof-montazh-cryfish-4-szivacs-rak-208-uv\/#breadcrumb","itemListElement":[{"@type":"ListItem","position":1,"name":"Kezd\u0151lap","item":"https:\/\/www.ebihal.hu\/"},{"@type":"ListItem","position":2,"name":"M\u0171csali \u00e1ruh\u00e1z","item":"https:\/\/www.ebihal.hu\/"},{"@type":"ListItem","position":3,"name":"Prof Montazh Cryfish 4&#8243; szivacs r\u00e1k 208 UV"}]},{"@type":"WebSite","@id":"https:\/\/www.ebihal.hu\/#website","url":"https:\/\/www.ebihal.hu\/","name":"Ebihal","description":"Fish &amp; Jigs","publisher":{"@id":"https:\/\/www.ebihal.hu\/#organization"},"potentialAction":[{"@type":"SearchAction","target":{"@type":"EntryPoint","urlTemplate":"https:\/\/www.ebihal.hu\/?s={search_term_string}"},"query-input":{"@type":"PropertyValueSpecification","valueRequired":true,"valueName":"search_term_string"}}],"inLanguage":"en-GB"},{"@type":"Organization","@id":"https:\/\/www.ebihal.hu\/#organization","name":"Bir\u00f3 Csaba egy\u00e9ni v\u00e1llalkoz\u00f3","url":"https:\/\/www.ebihal.hu\/","logo":{"@type":"ImageObject","inLanguage":"en-GB","@id":"https:\/\/www.ebihal.hu\/#\/schema\/logo\/image\/","url":"https:\/\/www.ebihal.hu\/wp-content\/uploads\/2021\/02\/brand_logo_mini.png","contentUrl":"https:\/\/www.ebihal.hu\/wp-content\/uploads\/2021\/02\/brand_logo_mini.png","width":300,"height":300,"caption":"Bir\u00f3 Csaba egy\u00e9ni v\u00e1llalkoz\u00f3"},"image":{"@id":"https:\/\/www.ebihal.hu\/#\/schema\/logo\/image\/"},"sameAs":["https:\/\/www.facebook.com\/ebihal"]}]}},"_links":{"self":[{"href":"https:\/\/www.ebihal.hu\/en\/wp-json\/wp\/v2\/product\/12616","targetHints":{"allow":["GET"]}}],"collection":[{"href":"https:\/\/www.ebihal.hu\/en\/wp-json\/wp\/v2\/product"}],"about":[{"href":"https:\/\/www.ebihal.hu\/en\/wp-json\/wp\/v2\/types\/product"}],"replies":[{"embeddable":true,"href":"https:\/\/www.ebihal.hu\/en\/wp-json\/wp\/v2\/comments?post=12616"}],"wp:featuredmedia":[{"embeddable":true,"href":"https:\/\/www.ebihal.hu\/en\/wp-json\/wp\/v2\/media\/12617"}],"wp:attachment":[{"href":"https:\/\/www.ebihal.hu\/en\/wp-json\/wp\/v2\/media?parent=12616"}],"wp:term":[{"taxonomy":"product_cat","embeddable":true,"href":"https:\/\/www.ebihal.hu\/en\/wp-json\/wp\/v2\/product_cat?post=12616"},{"taxonomy":"product_tag","embeddable":true,"href":"https:\/\/www.ebihal.hu\/en\/wp-json\/wp\/v2\/product_tag?post=12616"}],"curies":[{"name":"wp","href":"https:\/\/api.w.org\/{rel}","templated":true}]}}