{"id":12461,"date":"2025-02-10T09:07:48","date_gmt":"2025-02-10T08:07:48","guid":{"rendered":"https:\/\/www.ebihal.hu\/?post_type=product&#038;p=12461"},"modified":"2025-07-06T14:38:15","modified_gmt":"2025-07-06T13:38:15","slug":"brown-perch-sir-105mm-100-gumihal-uv","status":"publish","type":"product","link":"https:\/\/www.ebihal.hu\/en\/shop\/mucsali\/gumicsali\/brown-perch\/sir\/sir-105\/brown-perch-sir-105mm-100-gumihal-uv\/","title":{"rendered":"Brown Perch SIR 105mm 100 gumihal UV"},"content":{"rendered":"<p>A szentp\u00e9terv\u00e1ri <strong>Brown Perch<\/strong> c\u00e9g SIR gumihala a <a href=\"https:\/\/www.ebihal.hu\/en\/horgaszat\/mucsali\/gumicsali\/brown-perch\/fish-kayuker\/\">Fish KayuKerhez<\/a> \u00e9s a <a href=\"https:\/\/www.ebihal.hu\/en\/horgaszat\/mucsali\/gumicsali\/brown-perch\/krv\/\">KRV<\/a>-hez hasonl\u00f3an, egyed\u00fcl\u00e1ll\u00f3nak sz\u00e1m\u00edt a piacon. K\u00fcl\u00f6nleges h\u00f3dfarka ritmustalanul veret. Kisz\u00e1m\u00edthatatlan mozg\u00e1s\u00e1val \u0151r\u00fcletbe kergeti a gyanakv\u00f3 halakat is. 2\/0, 3\/0-\u00e1s offset horgon, jigen vagy kett\u0151shoroggal m\u0171k\u00f6dik j\u00f3l a szerel\u00e9k. Aluls\u00falyozott csebun akad\u00f3s terepen is sz\u00e9pen dolgozik. Oroszorsz\u00e1gban drop-shot szerel\u00e9ken is el\u0151szeretettel haszn\u00e1lj\u00e1k.<br \/>\nEzzel a m\u00e9rettel els\u0151sorban a<strong> s\u00fcll\u0151, csuka, harcsa <\/strong>horg\u00e1szat\u00e1ban \u00e9rhet\u00fcnk el sikereket. A hazai horg\u00e1szok k\u00f6r\u00e9ben <strong>n\u00e9pszer\u0171 sz\u00ednekben<\/strong> tartjuk k\u00e9szleten.<\/p>\n<p>105 mm hossz\u00fa, 1 db gumihal, 4,3 g, aromatiz\u00e1lt, <strong>UV akt\u00edv<\/strong>, 100 White\/Red sz\u00ednk\u00f3d.<\/p>\n<div style=\"width: 1170px;\" class=\"wp-video\"><video class=\"wp-video-shortcode\" id=\"video-12461-1\" width=\"1170\" height=\"658\" preload=\"metadata\" controls=\"controls\"><source type=\"video\/mp4\" src=\"https:\/\/www.ebihal.hu\/wp-content\/uploads\/2025\/02\/SIR-Brown-Perch.mp4?_=1\" \/><a href=\"https:\/\/www.ebihal.hu\/wp-content\/uploads\/2025\/02\/SIR-Brown-Perch.mp4\">https:\/\/www.ebihal.hu\/wp-content\/uploads\/2025\/02\/SIR-Brown-Perch.mp4<\/a><\/video><\/div>\n<h4>Additional information<\/h4>\n<table class=\"woocommerce-product-attributes shop_attributes\" aria-label=\"Product Details\" data-no-translation-aria-label=\"\">\n\t\t\t<tr class=\"woocommerce-product-attributes-item woocommerce-product-attributes-item--weight\">\n\t\t\t<th class=\"woocommerce-product-attributes-item__label\" scope=\"row\" data-no-translation=\"\" data-trp-gettext=\"\">Weight<\/th>\n\t\t\t<td class=\"woocommerce-product-attributes-item__value\">0.001 kg<\/td>\n\t\t<\/tr>\n\t\t\t<tr class=\"woocommerce-product-attributes-item woocommerce-product-attributes-item--attribute_pa_brand\">\n\t\t\t<th class=\"woocommerce-product-attributes-item__label\" scope=\"row\">Brand<\/th>\n\t\t\t<td class=\"woocommerce-product-attributes-item__value\"><p>Brown Perch<\/p>\n<\/td>\n\t\t<\/tr>\n\t\t\t<tr class=\"woocommerce-product-attributes-item woocommerce-product-attributes-item--attribute_pa_color\">\n\t\t\t<th class=\"woocommerce-product-attributes-item__label\" scope=\"row\">Color<\/th>\n\t\t\t<td class=\"woocommerce-product-attributes-item__value\"><p>White\/Red<\/p>\n<\/td>\n\t\t<\/tr>\n\t\t\t<tr class=\"woocommerce-product-attributes-item woocommerce-product-attributes-item--attribute_pa_szinkod\">\n\t\t\t<th class=\"woocommerce-product-attributes-item__label\" scope=\"row\">Color code<\/th>\n\t\t\t<td class=\"woocommerce-product-attributes-item__value\"><p>100<\/p>\n<\/td>\n\t\t<\/tr>\n\t\t\t<tr class=\"woocommerce-product-attributes-item woocommerce-product-attributes-item--attribute_pa_meret\">\n\t\t\t<th class=\"woocommerce-product-attributes-item__label\" scope=\"row\">Size<\/th>\n\t\t\t<td class=\"woocommerce-product-attributes-item__value\"><p>105 mm<\/p>\n<\/td>\n\t\t<\/tr>\n\t\t\t<tr class=\"woocommerce-product-attributes-item woocommerce-product-attributes-item--attribute_pa_madein\">\n\t\t\t<th class=\"woocommerce-product-attributes-item__label\" scope=\"row\">Country of origin<\/th>\n\t\t\t<td class=\"woocommerce-product-attributes-item__value\"><p>Oroszorsz\u00e1g<\/p>\n<\/td>\n\t\t<\/tr>\n\t\t\t<tr class=\"woocommerce-product-attributes-item woocommerce-product-attributes-item--attribute_pa_kiszereles\">\n\t\t\t<th class=\"woocommerce-product-attributes-item__label\" scope=\"row\">Packaging<\/th>\n\t\t\t<td class=\"woocommerce-product-attributes-item__value\"><p>1 piece<\/p>\n<\/td>\n\t\t<\/tr>\n\t<\/table>\n\n<p>&nbsp;<\/p>","protected":false},"excerpt":{"rendered":"<p>1 db gumihal<\/p>","protected":false},"featured_media":12462,"comment_status":"open","ping_status":"closed","template":"","meta":[],"product_cat":[2013,74,40,2016,2039],"product_tag":[147,818,148,2042,146,817],"class_list":{"0":"post-12461","1":"product","2":"type-product","3":"status-publish","4":"has-post-thumbnail","6":"product_brand-brown-perch","7":"product_cat-brown-perch","8":"product_cat-gumicsali","9":"product_cat-mucsali","10":"product_cat-sir","11":"product_cat-sir-105","12":"product_tag-csuka","13":"product_tag-gumihal","14":"product_tag-harcsa","15":"product_tag-sir","16":"product_tag-sullo","17":"product_tag-xl","19":"first","20":"instock","21":"shipping-taxable","22":"purchasable","23":"product-type-simple"},"supplier_id":null,"supplier_sku":"","barcode":null,"atum_controlled":true,"out_stock_date":null,"out_stock_threshold":null,"inheritable":false,"inbound_stock":0,"stock_on_hold":0,"sold_today":0,"sales_last_days":0,"reserved_stock":0,"customer_returns":0,"warehouse_damage":0,"lost_in_post":0,"other_logs":0,"out_stock_days":0,"lost_sales":0,"has_location":false,"update_date":"2026-04-15T00:32:20","atum_locations":[],"atum_stock_status":"instock","restock_status":false,"low_stock_amount":"","sales_update_date":"2026-04-15T00:32:20","calc_backorders":null,"yoast_head":"<!-- This site is optimized with the Yoast SEO plugin v27.4 - https:\/\/yoast.com\/product\/yoast-seo-wordpress\/ -->\n<title>Brown Perch SIR 105mm 100 gumihal UV - Ebihal<\/title>\n<meta name=\"description\" content=\"A Brown Perch SIR gumihala egyed\u00fcl\u00e1ll\u00f3nak sz\u00e1m\u00edt a piacon. H\u00f3dfarka ritmustalanul veret. Kisz\u00e1m\u00edthatatlan mozg\u00e1s\u00e1val meg\u0151rj\u00edti a gyanakv\u00f3 halakat is. 100\" \/>\n<meta name=\"robots\" content=\"index, follow, max-snippet:-1, max-image-preview:large, max-video-preview:-1\" \/>\n<link rel=\"canonical\" href=\"https:\/\/www.ebihal.hu\/en\/shop\/mucsali\/gumicsali\/brown-perch\/sir\/sir-105\/brown-perch-sir-105mm-100-gumihal-uv\/\" \/>\n<meta property=\"og:locale\" content=\"en_GB\" \/>\n<meta property=\"og:type\" content=\"article\" \/>\n<meta property=\"og:title\" content=\"Brown Perch SIR 105mm 100 gumihal UV - Ebihal\" \/>\n<meta property=\"og:description\" content=\"A Brown Perch SIR gumihala egyed\u00fcl\u00e1ll\u00f3nak sz\u00e1m\u00edt a piacon. H\u00f3dfarka ritmustalanul veret. Kisz\u00e1m\u00edthatatlan mozg\u00e1s\u00e1val meg\u0151rj\u00edti a gyanakv\u00f3 halakat is. 100\" \/>\n<meta property=\"og:url\" content=\"https:\/\/www.ebihal.hu\/en\/shop\/mucsali\/gumicsali\/brown-perch\/sir\/sir-105\/brown-perch-sir-105mm-100-gumihal-uv\/\" \/>\n<meta property=\"og:site_name\" content=\"Ebihal\" \/>\n<meta property=\"article:publisher\" content=\"https:\/\/www.facebook.com\/ebihal\" \/>\n<meta property=\"article:modified_time\" content=\"2025-07-06T13:38:15+00:00\" \/>\n<meta property=\"og:image\" content=\"https:\/\/www.ebihal.hu\/wp-content\/uploads\/2025\/02\/100black-1.png\" \/>\n\t<meta property=\"og:image:width\" content=\"1000\" \/>\n\t<meta property=\"og:image:height\" content=\"1000\" \/>\n\t<meta property=\"og:image:type\" content=\"image\/png\" \/>\n<meta name=\"twitter:card\" content=\"summary_large_image\" \/>\n<meta name=\"twitter:label1\" content=\"Estimated reading time\" \/>\n\t<meta name=\"twitter:data1\" content=\"1 minute\" \/>\n<script type=\"application\/ld+json\" class=\"yoast-schema-graph\">{\"@context\":\"https:\\\/\\\/schema.org\",\"@graph\":[{\"@type\":\"WebPage\",\"@id\":\"https:\\\/\\\/www.ebihal.hu\\\/shop\\\/mucsali\\\/gumicsali\\\/brown-perch\\\/sir\\\/sir-105\\\/brown-perch-sir-105mm-100-gumihal-uv\\\/\",\"url\":\"https:\\\/\\\/www.ebihal.hu\\\/shop\\\/mucsali\\\/gumicsali\\\/brown-perch\\\/sir\\\/sir-105\\\/brown-perch-sir-105mm-100-gumihal-uv\\\/\",\"name\":\"Brown Perch SIR 105mm 100 gumihal UV - Ebihal\",\"isPartOf\":{\"@id\":\"https:\\\/\\\/www.ebihal.hu\\\/#website\"},\"primaryImageOfPage\":{\"@id\":\"https:\\\/\\\/www.ebihal.hu\\\/shop\\\/mucsali\\\/gumicsali\\\/brown-perch\\\/sir\\\/sir-105\\\/brown-perch-sir-105mm-100-gumihal-uv\\\/#primaryimage\"},\"image\":{\"@id\":\"https:\\\/\\\/www.ebihal.hu\\\/shop\\\/mucsali\\\/gumicsali\\\/brown-perch\\\/sir\\\/sir-105\\\/brown-perch-sir-105mm-100-gumihal-uv\\\/#primaryimage\"},\"thumbnailUrl\":\"https:\\\/\\\/www.ebihal.hu\\\/wp-content\\\/uploads\\\/2025\\\/02\\\/100black-1.png\",\"datePublished\":\"2025-02-10T08:07:48+00:00\",\"dateModified\":\"2025-07-06T13:38:15+00:00\",\"description\":\"A Brown Perch SIR gumihala egyed\u00fcl\u00e1ll\u00f3nak sz\u00e1m\u00edt a piacon. H\u00f3dfarka ritmustalanul veret. Kisz\u00e1m\u00edthatatlan mozg\u00e1s\u00e1val meg\u0151rj\u00edti a gyanakv\u00f3 halakat is. 100\",\"breadcrumb\":{\"@id\":\"https:\\\/\\\/www.ebihal.hu\\\/shop\\\/mucsali\\\/gumicsali\\\/brown-perch\\\/sir\\\/sir-105\\\/brown-perch-sir-105mm-100-gumihal-uv\\\/#breadcrumb\"},\"inLanguage\":\"en-GB\",\"potentialAction\":[{\"@type\":\"ReadAction\",\"target\":[\"https:\\\/\\\/www.ebihal.hu\\\/shop\\\/mucsali\\\/gumicsali\\\/brown-perch\\\/sir\\\/sir-105\\\/brown-perch-sir-105mm-100-gumihal-uv\\\/\"]}]},{\"@type\":\"ImageObject\",\"inLanguage\":\"en-GB\",\"@id\":\"https:\\\/\\\/www.ebihal.hu\\\/shop\\\/mucsali\\\/gumicsali\\\/brown-perch\\\/sir\\\/sir-105\\\/brown-perch-sir-105mm-100-gumihal-uv\\\/#primaryimage\",\"url\":\"https:\\\/\\\/www.ebihal.hu\\\/wp-content\\\/uploads\\\/2025\\\/02\\\/100black-1.png\",\"contentUrl\":\"https:\\\/\\\/www.ebihal.hu\\\/wp-content\\\/uploads\\\/2025\\\/02\\\/100black-1.png\",\"width\":1000,\"height\":1000,\"caption\":\"Brown Perch SIR gumihal 100\"},{\"@type\":\"BreadcrumbList\",\"@id\":\"https:\\\/\\\/www.ebihal.hu\\\/shop\\\/mucsali\\\/gumicsali\\\/brown-perch\\\/sir\\\/sir-105\\\/brown-perch-sir-105mm-100-gumihal-uv\\\/#breadcrumb\",\"itemListElement\":[{\"@type\":\"ListItem\",\"position\":1,\"name\":\"Kezd\u0151lap\",\"item\":\"https:\\\/\\\/www.ebihal.hu\\\/\"},{\"@type\":\"ListItem\",\"position\":2,\"name\":\"M\u0171csali \u00e1ruh\u00e1z\",\"item\":\"https:\\\/\\\/www.ebihal.hu\\\/\"},{\"@type\":\"ListItem\",\"position\":3,\"name\":\"Brown Perch SIR 105mm 100 gumihal UV\"}]},{\"@type\":\"WebSite\",\"@id\":\"https:\\\/\\\/www.ebihal.hu\\\/#website\",\"url\":\"https:\\\/\\\/www.ebihal.hu\\\/\",\"name\":\"Ebihal\",\"description\":\"Fish &amp; Jigs\",\"publisher\":{\"@id\":\"https:\\\/\\\/www.ebihal.hu\\\/#organization\"},\"potentialAction\":[{\"@type\":\"SearchAction\",\"target\":{\"@type\":\"EntryPoint\",\"urlTemplate\":\"https:\\\/\\\/www.ebihal.hu\\\/?s={search_term_string}\"},\"query-input\":{\"@type\":\"PropertyValueSpecification\",\"valueRequired\":true,\"valueName\":\"search_term_string\"}}],\"inLanguage\":\"en-GB\"},{\"@type\":\"Organization\",\"@id\":\"https:\\\/\\\/www.ebihal.hu\\\/#organization\",\"name\":\"Bir\u00f3 Csaba egy\u00e9ni v\u00e1llalkoz\u00f3\",\"url\":\"https:\\\/\\\/www.ebihal.hu\\\/\",\"logo\":{\"@type\":\"ImageObject\",\"inLanguage\":\"en-GB\",\"@id\":\"https:\\\/\\\/www.ebihal.hu\\\/#\\\/schema\\\/logo\\\/image\\\/\",\"url\":\"https:\\\/\\\/www.ebihal.hu\\\/wp-content\\\/uploads\\\/2021\\\/02\\\/brand_logo_mini.png\",\"contentUrl\":\"https:\\\/\\\/www.ebihal.hu\\\/wp-content\\\/uploads\\\/2021\\\/02\\\/brand_logo_mini.png\",\"width\":300,\"height\":300,\"caption\":\"Bir\u00f3 Csaba egy\u00e9ni v\u00e1llalkoz\u00f3\"},\"image\":{\"@id\":\"https:\\\/\\\/www.ebihal.hu\\\/#\\\/schema\\\/logo\\\/image\\\/\"},\"sameAs\":[\"https:\\\/\\\/www.facebook.com\\\/ebihal\"]}]}<\/script>\n<!-- \/ Yoast SEO plugin. -->","yoast_head_json":{"title":"Brown Perch SIR 105mm 100 gumihal UV - Ebihal","description":"A Brown Perch SIR gumihala egyed\u00fcl\u00e1ll\u00f3nak sz\u00e1m\u00edt a piacon. H\u00f3dfarka ritmustalanul veret. Kisz\u00e1m\u00edthatatlan mozg\u00e1s\u00e1val meg\u0151rj\u00edti a gyanakv\u00f3 halakat is. 100","robots":{"index":"index","follow":"follow","max-snippet":"max-snippet:-1","max-image-preview":"max-image-preview:large","max-video-preview":"max-video-preview:-1"},"canonical":"https:\/\/www.ebihal.hu\/en\/shop\/mucsali\/gumicsali\/brown-perch\/sir\/sir-105\/brown-perch-sir-105mm-100-gumihal-uv\/","og_locale":"en_GB","og_type":"article","og_title":"Brown Perch SIR 105mm 100 gumihal UV - Ebihal","og_description":"A Brown Perch SIR gumihala egyed\u00fcl\u00e1ll\u00f3nak sz\u00e1m\u00edt a piacon. H\u00f3dfarka ritmustalanul veret. Kisz\u00e1m\u00edthatatlan mozg\u00e1s\u00e1val meg\u0151rj\u00edti a gyanakv\u00f3 halakat is. 100","og_url":"https:\/\/www.ebihal.hu\/en\/shop\/mucsali\/gumicsali\/brown-perch\/sir\/sir-105\/brown-perch-sir-105mm-100-gumihal-uv\/","og_site_name":"Ebihal","article_publisher":"https:\/\/www.facebook.com\/ebihal","article_modified_time":"2025-07-06T13:38:15+00:00","og_image":[{"width":1000,"height":1000,"url":"https:\/\/www.ebihal.hu\/wp-content\/uploads\/2025\/02\/100black-1.png","type":"image\/png"}],"twitter_card":"summary_large_image","twitter_misc":{"Estimated reading time":"1 minute"},"schema":{"@context":"https:\/\/schema.org","@graph":[{"@type":"WebPage","@id":"https:\/\/www.ebihal.hu\/shop\/mucsali\/gumicsali\/brown-perch\/sir\/sir-105\/brown-perch-sir-105mm-100-gumihal-uv\/","url":"https:\/\/www.ebihal.hu\/shop\/mucsali\/gumicsali\/brown-perch\/sir\/sir-105\/brown-perch-sir-105mm-100-gumihal-uv\/","name":"Brown Perch SIR 105mm 100 gumihal UV - Ebihal","isPartOf":{"@id":"https:\/\/www.ebihal.hu\/#website"},"primaryImageOfPage":{"@id":"https:\/\/www.ebihal.hu\/shop\/mucsali\/gumicsali\/brown-perch\/sir\/sir-105\/brown-perch-sir-105mm-100-gumihal-uv\/#primaryimage"},"image":{"@id":"https:\/\/www.ebihal.hu\/shop\/mucsali\/gumicsali\/brown-perch\/sir\/sir-105\/brown-perch-sir-105mm-100-gumihal-uv\/#primaryimage"},"thumbnailUrl":"https:\/\/www.ebihal.hu\/wp-content\/uploads\/2025\/02\/100black-1.png","datePublished":"2025-02-10T08:07:48+00:00","dateModified":"2025-07-06T13:38:15+00:00","description":"A Brown Perch SIR gumihala egyed\u00fcl\u00e1ll\u00f3nak sz\u00e1m\u00edt a piacon. H\u00f3dfarka ritmustalanul veret. Kisz\u00e1m\u00edthatatlan mozg\u00e1s\u00e1val meg\u0151rj\u00edti a gyanakv\u00f3 halakat is. 100","breadcrumb":{"@id":"https:\/\/www.ebihal.hu\/shop\/mucsali\/gumicsali\/brown-perch\/sir\/sir-105\/brown-perch-sir-105mm-100-gumihal-uv\/#breadcrumb"},"inLanguage":"en-GB","potentialAction":[{"@type":"ReadAction","target":["https:\/\/www.ebihal.hu\/shop\/mucsali\/gumicsali\/brown-perch\/sir\/sir-105\/brown-perch-sir-105mm-100-gumihal-uv\/"]}]},{"@type":"ImageObject","inLanguage":"en-GB","@id":"https:\/\/www.ebihal.hu\/shop\/mucsali\/gumicsali\/brown-perch\/sir\/sir-105\/brown-perch-sir-105mm-100-gumihal-uv\/#primaryimage","url":"https:\/\/www.ebihal.hu\/wp-content\/uploads\/2025\/02\/100black-1.png","contentUrl":"https:\/\/www.ebihal.hu\/wp-content\/uploads\/2025\/02\/100black-1.png","width":1000,"height":1000,"caption":"Brown Perch SIR gumihal 100"},{"@type":"BreadcrumbList","@id":"https:\/\/www.ebihal.hu\/shop\/mucsali\/gumicsali\/brown-perch\/sir\/sir-105\/brown-perch-sir-105mm-100-gumihal-uv\/#breadcrumb","itemListElement":[{"@type":"ListItem","position":1,"name":"Kezd\u0151lap","item":"https:\/\/www.ebihal.hu\/"},{"@type":"ListItem","position":2,"name":"M\u0171csali \u00e1ruh\u00e1z","item":"https:\/\/www.ebihal.hu\/"},{"@type":"ListItem","position":3,"name":"Brown Perch SIR 105mm 100 gumihal UV"}]},{"@type":"WebSite","@id":"https:\/\/www.ebihal.hu\/#website","url":"https:\/\/www.ebihal.hu\/","name":"Ebihal","description":"Fish &amp; Jigs","publisher":{"@id":"https:\/\/www.ebihal.hu\/#organization"},"potentialAction":[{"@type":"SearchAction","target":{"@type":"EntryPoint","urlTemplate":"https:\/\/www.ebihal.hu\/?s={search_term_string}"},"query-input":{"@type":"PropertyValueSpecification","valueRequired":true,"valueName":"search_term_string"}}],"inLanguage":"en-GB"},{"@type":"Organization","@id":"https:\/\/www.ebihal.hu\/#organization","name":"Bir\u00f3 Csaba egy\u00e9ni v\u00e1llalkoz\u00f3","url":"https:\/\/www.ebihal.hu\/","logo":{"@type":"ImageObject","inLanguage":"en-GB","@id":"https:\/\/www.ebihal.hu\/#\/schema\/logo\/image\/","url":"https:\/\/www.ebihal.hu\/wp-content\/uploads\/2021\/02\/brand_logo_mini.png","contentUrl":"https:\/\/www.ebihal.hu\/wp-content\/uploads\/2021\/02\/brand_logo_mini.png","width":300,"height":300,"caption":"Bir\u00f3 Csaba egy\u00e9ni v\u00e1llalkoz\u00f3"},"image":{"@id":"https:\/\/www.ebihal.hu\/#\/schema\/logo\/image\/"},"sameAs":["https:\/\/www.facebook.com\/ebihal"]}]}},"_links":{"self":[{"href":"https:\/\/www.ebihal.hu\/en\/wp-json\/wp\/v2\/product\/12461","targetHints":{"allow":["GET"]}}],"collection":[{"href":"https:\/\/www.ebihal.hu\/en\/wp-json\/wp\/v2\/product"}],"about":[{"href":"https:\/\/www.ebihal.hu\/en\/wp-json\/wp\/v2\/types\/product"}],"replies":[{"embeddable":true,"href":"https:\/\/www.ebihal.hu\/en\/wp-json\/wp\/v2\/comments?post=12461"}],"wp:featuredmedia":[{"embeddable":true,"href":"https:\/\/www.ebihal.hu\/en\/wp-json\/wp\/v2\/media\/12462"}],"wp:attachment":[{"href":"https:\/\/www.ebihal.hu\/en\/wp-json\/wp\/v2\/media?parent=12461"}],"wp:term":[{"taxonomy":"product_cat","embeddable":true,"href":"https:\/\/www.ebihal.hu\/en\/wp-json\/wp\/v2\/product_cat?post=12461"},{"taxonomy":"product_tag","embeddable":true,"href":"https:\/\/www.ebihal.hu\/en\/wp-json\/wp\/v2\/product_tag?post=12461"}],"curies":[{"name":"wp","href":"https:\/\/api.w.org\/{rel}","templated":true}]}}