{"id":12438,"date":"2025-02-09T16:14:41","date_gmt":"2025-02-09T15:14:41","guid":{"rendered":"https:\/\/www.ebihal.hu\/?post_type=product&#038;p=12438"},"modified":"2025-03-13T11:24:30","modified_gmt":"2025-03-13T10:24:30","slug":"brown-perch-fish-kayuker-110mm-104-gumihal-uv","status":"publish","type":"product","link":"https:\/\/www.ebihal.hu\/en\/shop\/mucsali\/gumicsali\/brown-perch\/fish-kayuker\/fish-kayuker-110\/brown-perch-fish-kayuker-110mm-104-gumihal-uv\/","title":{"rendered":"Brown Perch Fish KayuKer 110mm 104 gumihal UV"},"content":{"rendered":"<p>A szentp\u00e9terv\u00e1ri <strong>Brown Perch<\/strong> c\u00e9g Fish KayuKer gumihala egyed\u00fcl\u00e1ll\u00f3nak sz\u00e1m\u00edt a piacon. T\u00f6rzs\u00e9nek f<strong>ektetett<\/strong> kialak\u00edt\u00e1sa, illetve k\u00fcl\u00f6nleges <strong>szegment\u00e1l\u00e1sa<\/strong> teszi k\u00fcl\u00f6nlegess\u00e9 a versenyt\u00e1rsak k\u00f6r\u00e9ben. Saj\u00e1tos mozg\u00e1st nyer a szokatlan testfel\u00e9p\u00edt\u00e9s miatt: ak\u00e1r <strong>k\u00edgy\u00f3z\u00f3<\/strong> mozg\u00e1sra is r\u00e1b\u00edrhat\u00f3 &#8211; a vide\u00f3ban is megmutatja sokoldal\u00fas\u00e1g\u00e1t. Pici faroklap\u00e1tja nem veret t\u00fal nagyobb sodr\u00e1sban sem.<br \/>\nEzzel a m\u00e9rettel els\u0151sorban a<strong> s\u00fcll\u0151, csuka, harcsa <\/strong>horg\u00e1szat\u00e1ban \u00e9rhet\u00fcnk el sikereket. A hazai horg\u00e1szok k\u00f6r\u00e9ben <strong>n\u00e9pszer\u0171 sz\u00ednekben<\/strong> tartjuk k\u00e9szleten.<\/p>\n<p>110 mm hossz\u00fa, 1 db gumihal, 5,8 g, aromatiz\u00e1lt, <strong>UV akt\u00edv<\/strong>, 104 K\u00e9k\/piros sz\u00ednk\u00f3d.<\/p>\n<div style=\"width: 1170px;\" class=\"wp-video\"><video class=\"wp-video-shortcode\" id=\"video-12438-1\" width=\"1170\" height=\"658\" preload=\"metadata\" controls=\"controls\"><source type=\"video\/mp4\" src=\"https:\/\/www.ebihal.hu\/wp-content\/uploads\/2025\/02\/Fish-KayuKer-Brown-Perch.mp4?_=1\" \/><a href=\"https:\/\/www.ebihal.hu\/wp-content\/uploads\/2025\/02\/Fish-KayuKer-Brown-Perch.mp4\">https:\/\/www.ebihal.hu\/wp-content\/uploads\/2025\/02\/Fish-KayuKer-Brown-Perch.mp4<\/a><\/video><\/div>\n<p>&nbsp;<\/p>\n<h4>Additional information<\/h4>\n<table class=\"woocommerce-product-attributes shop_attributes\" aria-label=\"Product Details\" data-no-translation-aria-label=\"\">\n\t\t\t<tr class=\"woocommerce-product-attributes-item woocommerce-product-attributes-item--weight\">\n\t\t\t<th class=\"woocommerce-product-attributes-item__label\" scope=\"row\" data-no-translation=\"\" data-trp-gettext=\"\">Weight<\/th>\n\t\t\t<td class=\"woocommerce-product-attributes-item__value\">0.001 kg<\/td>\n\t\t<\/tr>\n\t\t\t<tr class=\"woocommerce-product-attributes-item woocommerce-product-attributes-item--attribute_pa_brand\">\n\t\t\t<th class=\"woocommerce-product-attributes-item__label\" scope=\"row\">Brand<\/th>\n\t\t\t<td class=\"woocommerce-product-attributes-item__value\"><p>Brown Perch<\/p>\n<\/td>\n\t\t<\/tr>\n\t\t\t<tr class=\"woocommerce-product-attributes-item woocommerce-product-attributes-item--attribute_pa_color\">\n\t\t\t<th class=\"woocommerce-product-attributes-item__label\" scope=\"row\">Color<\/th>\n\t\t\t<td class=\"woocommerce-product-attributes-item__value\"><p>K\u00e9k\/piros<\/p>\n<\/td>\n\t\t<\/tr>\n\t\t\t<tr class=\"woocommerce-product-attributes-item woocommerce-product-attributes-item--attribute_pa_szinkod\">\n\t\t\t<th class=\"woocommerce-product-attributes-item__label\" scope=\"row\">Color code<\/th>\n\t\t\t<td class=\"woocommerce-product-attributes-item__value\"><p>104<\/p>\n<\/td>\n\t\t<\/tr>\n\t\t\t<tr class=\"woocommerce-product-attributes-item woocommerce-product-attributes-item--attribute_pa_meret\">\n\t\t\t<th class=\"woocommerce-product-attributes-item__label\" scope=\"row\">Size<\/th>\n\t\t\t<td class=\"woocommerce-product-attributes-item__value\"><p>110 mm<\/p>\n<\/td>\n\t\t<\/tr>\n\t\t\t<tr class=\"woocommerce-product-attributes-item woocommerce-product-attributes-item--attribute_pa_madein\">\n\t\t\t<th class=\"woocommerce-product-attributes-item__label\" scope=\"row\">Country of origin<\/th>\n\t\t\t<td class=\"woocommerce-product-attributes-item__value\"><p>Oroszorsz\u00e1g<\/p>\n<\/td>\n\t\t<\/tr>\n\t\t\t<tr class=\"woocommerce-product-attributes-item woocommerce-product-attributes-item--attribute_pa_kiszereles\">\n\t\t\t<th class=\"woocommerce-product-attributes-item__label\" scope=\"row\">Packaging<\/th>\n\t\t\t<td class=\"woocommerce-product-attributes-item__value\"><p>1 piece<\/p>\n<\/td>\n\t\t<\/tr>\n\t<\/table>\n\n<p>&nbsp;<\/p>","protected":false},"excerpt":{"rendered":"<p>1 db gumihal<\/p>","protected":false},"featured_media":12439,"comment_status":"open","ping_status":"closed","template":"","meta":[],"product_cat":[2013,2015,2033,74,40],"product_tag":[147,2035,818,148,146,430,817],"class_list":{"0":"post-12438","1":"product","2":"type-product","3":"status-publish","4":"has-post-thumbnail","6":"product_brand-brown-perch","7":"product_cat-brown-perch","8":"product_cat-fish-kayuker","9":"product_cat-fish-kayuker-110","10":"product_cat-gumicsali","11":"product_cat-mucsali","12":"product_tag-csuka","13":"product_tag-fish-kayuker","14":"product_tag-gumihal","15":"product_tag-harcsa","16":"product_tag-sullo","17":"product_tag-uv","18":"product_tag-xl","20":"first","21":"instock","22":"shipping-taxable","23":"purchasable","24":"product-type-simple"},"supplier_id":null,"supplier_sku":"","barcode":null,"atum_controlled":true,"out_stock_date":null,"out_stock_threshold":null,"inheritable":false,"inbound_stock":0,"stock_on_hold":0,"sold_today":0,"sales_last_days":0,"reserved_stock":0,"customer_returns":0,"warehouse_damage":0,"lost_in_post":0,"other_logs":0,"out_stock_days":0,"lost_sales":0,"has_location":false,"update_date":"2026-04-15T00:30:45","atum_locations":[],"atum_stock_status":"instock","restock_status":false,"low_stock_amount":"","sales_update_date":"2026-04-15T00:30:45","calc_backorders":null,"yoast_head":"<!-- This site is optimized with the Yoast SEO plugin v27.4 - https:\/\/yoast.com\/product\/yoast-seo-wordpress\/ -->\n<title>Brown Perch Fish KayuKer 110mm 104 gumihal UV - Ebihal<\/title>\n<meta name=\"description\" content=\"A Brown Perch c\u00e9g Fish KayuKer gumihala egyed\u00fcl\u00e1ll\u00f3 a piacon. T\u00f6rzs\u00e9nek fektetett kialak\u00edt\u00e1sa, illetve k\u00fcl\u00f6nleges szegment\u00e1l\u00e1sa teszi k\u00fcl\u00f6nlegess\u00e9. 104\" \/>\n<meta name=\"robots\" content=\"index, follow, max-snippet:-1, max-image-preview:large, max-video-preview:-1\" \/>\n<link rel=\"canonical\" href=\"https:\/\/www.ebihal.hu\/en\/shop\/mucsali\/gumicsali\/brown-perch\/fish-kayuker\/fish-kayuker-110\/brown-perch-fish-kayuker-110mm-104-gumihal-uv\/\" \/>\n<meta property=\"og:locale\" content=\"en_GB\" \/>\n<meta property=\"og:type\" content=\"article\" \/>\n<meta property=\"og:title\" content=\"Brown Perch Fish KayuKer 110mm 104 gumihal UV - Ebihal\" \/>\n<meta property=\"og:description\" content=\"A Brown Perch c\u00e9g Fish KayuKer gumihala egyed\u00fcl\u00e1ll\u00f3 a piacon. T\u00f6rzs\u00e9nek fektetett kialak\u00edt\u00e1sa, illetve k\u00fcl\u00f6nleges szegment\u00e1l\u00e1sa teszi k\u00fcl\u00f6nlegess\u00e9. 104\" \/>\n<meta property=\"og:url\" content=\"https:\/\/www.ebihal.hu\/en\/shop\/mucsali\/gumicsali\/brown-perch\/fish-kayuker\/fish-kayuker-110\/brown-perch-fish-kayuker-110mm-104-gumihal-uv\/\" \/>\n<meta property=\"og:site_name\" content=\"Ebihal\" \/>\n<meta property=\"article:publisher\" content=\"https:\/\/www.facebook.com\/ebihal\" \/>\n<meta property=\"article:modified_time\" content=\"2025-03-13T10:24:30+00:00\" \/>\n<meta property=\"og:image\" content=\"https:\/\/www.ebihal.hu\/wp-content\/uploads\/2025\/02\/104.jpg\" \/>\n\t<meta property=\"og:image:width\" content=\"1000\" \/>\n\t<meta property=\"og:image:height\" content=\"1000\" \/>\n\t<meta property=\"og:image:type\" content=\"image\/jpeg\" \/>\n<meta name=\"twitter:card\" content=\"summary_large_image\" \/>\n<meta name=\"twitter:label1\" content=\"Estimated reading time\" \/>\n\t<meta name=\"twitter:data1\" content=\"1 minute\" \/>\n<script type=\"application\/ld+json\" class=\"yoast-schema-graph\">{\"@context\":\"https:\\\/\\\/schema.org\",\"@graph\":[{\"@type\":\"WebPage\",\"@id\":\"https:\\\/\\\/www.ebihal.hu\\\/shop\\\/mucsali\\\/gumicsali\\\/brown-perch\\\/fish-kayuker\\\/fish-kayuker-110\\\/brown-perch-fish-kayuker-110mm-104-gumihal-uv\\\/\",\"url\":\"https:\\\/\\\/www.ebihal.hu\\\/shop\\\/mucsali\\\/gumicsali\\\/brown-perch\\\/fish-kayuker\\\/fish-kayuker-110\\\/brown-perch-fish-kayuker-110mm-104-gumihal-uv\\\/\",\"name\":\"Brown Perch Fish KayuKer 110mm 104 gumihal UV - Ebihal\",\"isPartOf\":{\"@id\":\"https:\\\/\\\/www.ebihal.hu\\\/#website\"},\"primaryImageOfPage\":{\"@id\":\"https:\\\/\\\/www.ebihal.hu\\\/shop\\\/mucsali\\\/gumicsali\\\/brown-perch\\\/fish-kayuker\\\/fish-kayuker-110\\\/brown-perch-fish-kayuker-110mm-104-gumihal-uv\\\/#primaryimage\"},\"image\":{\"@id\":\"https:\\\/\\\/www.ebihal.hu\\\/shop\\\/mucsali\\\/gumicsali\\\/brown-perch\\\/fish-kayuker\\\/fish-kayuker-110\\\/brown-perch-fish-kayuker-110mm-104-gumihal-uv\\\/#primaryimage\"},\"thumbnailUrl\":\"https:\\\/\\\/www.ebihal.hu\\\/wp-content\\\/uploads\\\/2025\\\/02\\\/104.jpg\",\"datePublished\":\"2025-02-09T15:14:41+00:00\",\"dateModified\":\"2025-03-13T10:24:30+00:00\",\"description\":\"A Brown Perch c\u00e9g Fish KayuKer gumihala egyed\u00fcl\u00e1ll\u00f3 a piacon. T\u00f6rzs\u00e9nek fektetett kialak\u00edt\u00e1sa, illetve k\u00fcl\u00f6nleges szegment\u00e1l\u00e1sa teszi k\u00fcl\u00f6nlegess\u00e9. 104\",\"breadcrumb\":{\"@id\":\"https:\\\/\\\/www.ebihal.hu\\\/shop\\\/mucsali\\\/gumicsali\\\/brown-perch\\\/fish-kayuker\\\/fish-kayuker-110\\\/brown-perch-fish-kayuker-110mm-104-gumihal-uv\\\/#breadcrumb\"},\"inLanguage\":\"en-GB\",\"potentialAction\":[{\"@type\":\"ReadAction\",\"target\":[\"https:\\\/\\\/www.ebihal.hu\\\/shop\\\/mucsali\\\/gumicsali\\\/brown-perch\\\/fish-kayuker\\\/fish-kayuker-110\\\/brown-perch-fish-kayuker-110mm-104-gumihal-uv\\\/\"]}]},{\"@type\":\"ImageObject\",\"inLanguage\":\"en-GB\",\"@id\":\"https:\\\/\\\/www.ebihal.hu\\\/shop\\\/mucsali\\\/gumicsali\\\/brown-perch\\\/fish-kayuker\\\/fish-kayuker-110\\\/brown-perch-fish-kayuker-110mm-104-gumihal-uv\\\/#primaryimage\",\"url\":\"https:\\\/\\\/www.ebihal.hu\\\/wp-content\\\/uploads\\\/2025\\\/02\\\/104.jpg\",\"contentUrl\":\"https:\\\/\\\/www.ebihal.hu\\\/wp-content\\\/uploads\\\/2025\\\/02\\\/104.jpg\",\"width\":1000,\"height\":1000,\"caption\":\"Brown Perch Fish KayuKer gumihal 104\"},{\"@type\":\"BreadcrumbList\",\"@id\":\"https:\\\/\\\/www.ebihal.hu\\\/shop\\\/mucsali\\\/gumicsali\\\/brown-perch\\\/fish-kayuker\\\/fish-kayuker-110\\\/brown-perch-fish-kayuker-110mm-104-gumihal-uv\\\/#breadcrumb\",\"itemListElement\":[{\"@type\":\"ListItem\",\"position\":1,\"name\":\"Kezd\u0151lap\",\"item\":\"https:\\\/\\\/www.ebihal.hu\\\/\"},{\"@type\":\"ListItem\",\"position\":2,\"name\":\"M\u0171csali \u00e1ruh\u00e1z\",\"item\":\"https:\\\/\\\/www.ebihal.hu\\\/\"},{\"@type\":\"ListItem\",\"position\":3,\"name\":\"Brown Perch Fish KayuKer 110mm 104 gumihal UV\"}]},{\"@type\":\"WebSite\",\"@id\":\"https:\\\/\\\/www.ebihal.hu\\\/#website\",\"url\":\"https:\\\/\\\/www.ebihal.hu\\\/\",\"name\":\"Ebihal\",\"description\":\"Fish &amp; Jigs\",\"publisher\":{\"@id\":\"https:\\\/\\\/www.ebihal.hu\\\/#organization\"},\"potentialAction\":[{\"@type\":\"SearchAction\",\"target\":{\"@type\":\"EntryPoint\",\"urlTemplate\":\"https:\\\/\\\/www.ebihal.hu\\\/?s={search_term_string}\"},\"query-input\":{\"@type\":\"PropertyValueSpecification\",\"valueRequired\":true,\"valueName\":\"search_term_string\"}}],\"inLanguage\":\"en-GB\"},{\"@type\":\"Organization\",\"@id\":\"https:\\\/\\\/www.ebihal.hu\\\/#organization\",\"name\":\"Bir\u00f3 Csaba egy\u00e9ni v\u00e1llalkoz\u00f3\",\"url\":\"https:\\\/\\\/www.ebihal.hu\\\/\",\"logo\":{\"@type\":\"ImageObject\",\"inLanguage\":\"en-GB\",\"@id\":\"https:\\\/\\\/www.ebihal.hu\\\/#\\\/schema\\\/logo\\\/image\\\/\",\"url\":\"https:\\\/\\\/www.ebihal.hu\\\/wp-content\\\/uploads\\\/2021\\\/02\\\/brand_logo_mini.png\",\"contentUrl\":\"https:\\\/\\\/www.ebihal.hu\\\/wp-content\\\/uploads\\\/2021\\\/02\\\/brand_logo_mini.png\",\"width\":300,\"height\":300,\"caption\":\"Bir\u00f3 Csaba egy\u00e9ni v\u00e1llalkoz\u00f3\"},\"image\":{\"@id\":\"https:\\\/\\\/www.ebihal.hu\\\/#\\\/schema\\\/logo\\\/image\\\/\"},\"sameAs\":[\"https:\\\/\\\/www.facebook.com\\\/ebihal\"]}]}<\/script>\n<!-- \/ Yoast SEO plugin. -->","yoast_head_json":{"title":"Brown Perch Fish KayuKer 110mm 104 gumihal UV - Ebihal","description":"A Brown Perch c\u00e9g Fish KayuKer gumihala egyed\u00fcl\u00e1ll\u00f3 a piacon. T\u00f6rzs\u00e9nek fektetett kialak\u00edt\u00e1sa, illetve k\u00fcl\u00f6nleges szegment\u00e1l\u00e1sa teszi k\u00fcl\u00f6nlegess\u00e9. 104","robots":{"index":"index","follow":"follow","max-snippet":"max-snippet:-1","max-image-preview":"max-image-preview:large","max-video-preview":"max-video-preview:-1"},"canonical":"https:\/\/www.ebihal.hu\/en\/shop\/mucsali\/gumicsali\/brown-perch\/fish-kayuker\/fish-kayuker-110\/brown-perch-fish-kayuker-110mm-104-gumihal-uv\/","og_locale":"en_GB","og_type":"article","og_title":"Brown Perch Fish KayuKer 110mm 104 gumihal UV - Ebihal","og_description":"A Brown Perch c\u00e9g Fish KayuKer gumihala egyed\u00fcl\u00e1ll\u00f3 a piacon. T\u00f6rzs\u00e9nek fektetett kialak\u00edt\u00e1sa, illetve k\u00fcl\u00f6nleges szegment\u00e1l\u00e1sa teszi k\u00fcl\u00f6nlegess\u00e9. 104","og_url":"https:\/\/www.ebihal.hu\/en\/shop\/mucsali\/gumicsali\/brown-perch\/fish-kayuker\/fish-kayuker-110\/brown-perch-fish-kayuker-110mm-104-gumihal-uv\/","og_site_name":"Ebihal","article_publisher":"https:\/\/www.facebook.com\/ebihal","article_modified_time":"2025-03-13T10:24:30+00:00","og_image":[{"width":1000,"height":1000,"url":"https:\/\/www.ebihal.hu\/wp-content\/uploads\/2025\/02\/104.jpg","type":"image\/jpeg"}],"twitter_card":"summary_large_image","twitter_misc":{"Estimated reading time":"1 minute"},"schema":{"@context":"https:\/\/schema.org","@graph":[{"@type":"WebPage","@id":"https:\/\/www.ebihal.hu\/shop\/mucsali\/gumicsali\/brown-perch\/fish-kayuker\/fish-kayuker-110\/brown-perch-fish-kayuker-110mm-104-gumihal-uv\/","url":"https:\/\/www.ebihal.hu\/shop\/mucsali\/gumicsali\/brown-perch\/fish-kayuker\/fish-kayuker-110\/brown-perch-fish-kayuker-110mm-104-gumihal-uv\/","name":"Brown Perch Fish KayuKer 110mm 104 gumihal UV - Ebihal","isPartOf":{"@id":"https:\/\/www.ebihal.hu\/#website"},"primaryImageOfPage":{"@id":"https:\/\/www.ebihal.hu\/shop\/mucsali\/gumicsali\/brown-perch\/fish-kayuker\/fish-kayuker-110\/brown-perch-fish-kayuker-110mm-104-gumihal-uv\/#primaryimage"},"image":{"@id":"https:\/\/www.ebihal.hu\/shop\/mucsali\/gumicsali\/brown-perch\/fish-kayuker\/fish-kayuker-110\/brown-perch-fish-kayuker-110mm-104-gumihal-uv\/#primaryimage"},"thumbnailUrl":"https:\/\/www.ebihal.hu\/wp-content\/uploads\/2025\/02\/104.jpg","datePublished":"2025-02-09T15:14:41+00:00","dateModified":"2025-03-13T10:24:30+00:00","description":"A Brown Perch c\u00e9g Fish KayuKer gumihala egyed\u00fcl\u00e1ll\u00f3 a piacon. T\u00f6rzs\u00e9nek fektetett kialak\u00edt\u00e1sa, illetve k\u00fcl\u00f6nleges szegment\u00e1l\u00e1sa teszi k\u00fcl\u00f6nlegess\u00e9. 104","breadcrumb":{"@id":"https:\/\/www.ebihal.hu\/shop\/mucsali\/gumicsali\/brown-perch\/fish-kayuker\/fish-kayuker-110\/brown-perch-fish-kayuker-110mm-104-gumihal-uv\/#breadcrumb"},"inLanguage":"en-GB","potentialAction":[{"@type":"ReadAction","target":["https:\/\/www.ebihal.hu\/shop\/mucsali\/gumicsali\/brown-perch\/fish-kayuker\/fish-kayuker-110\/brown-perch-fish-kayuker-110mm-104-gumihal-uv\/"]}]},{"@type":"ImageObject","inLanguage":"en-GB","@id":"https:\/\/www.ebihal.hu\/shop\/mucsali\/gumicsali\/brown-perch\/fish-kayuker\/fish-kayuker-110\/brown-perch-fish-kayuker-110mm-104-gumihal-uv\/#primaryimage","url":"https:\/\/www.ebihal.hu\/wp-content\/uploads\/2025\/02\/104.jpg","contentUrl":"https:\/\/www.ebihal.hu\/wp-content\/uploads\/2025\/02\/104.jpg","width":1000,"height":1000,"caption":"Brown Perch Fish KayuKer gumihal 104"},{"@type":"BreadcrumbList","@id":"https:\/\/www.ebihal.hu\/shop\/mucsali\/gumicsali\/brown-perch\/fish-kayuker\/fish-kayuker-110\/brown-perch-fish-kayuker-110mm-104-gumihal-uv\/#breadcrumb","itemListElement":[{"@type":"ListItem","position":1,"name":"Kezd\u0151lap","item":"https:\/\/www.ebihal.hu\/"},{"@type":"ListItem","position":2,"name":"M\u0171csali \u00e1ruh\u00e1z","item":"https:\/\/www.ebihal.hu\/"},{"@type":"ListItem","position":3,"name":"Brown Perch Fish KayuKer 110mm 104 gumihal UV"}]},{"@type":"WebSite","@id":"https:\/\/www.ebihal.hu\/#website","url":"https:\/\/www.ebihal.hu\/","name":"Ebihal","description":"Fish &amp; Jigs","publisher":{"@id":"https:\/\/www.ebihal.hu\/#organization"},"potentialAction":[{"@type":"SearchAction","target":{"@type":"EntryPoint","urlTemplate":"https:\/\/www.ebihal.hu\/?s={search_term_string}"},"query-input":{"@type":"PropertyValueSpecification","valueRequired":true,"valueName":"search_term_string"}}],"inLanguage":"en-GB"},{"@type":"Organization","@id":"https:\/\/www.ebihal.hu\/#organization","name":"Bir\u00f3 Csaba egy\u00e9ni v\u00e1llalkoz\u00f3","url":"https:\/\/www.ebihal.hu\/","logo":{"@type":"ImageObject","inLanguage":"en-GB","@id":"https:\/\/www.ebihal.hu\/#\/schema\/logo\/image\/","url":"https:\/\/www.ebihal.hu\/wp-content\/uploads\/2021\/02\/brand_logo_mini.png","contentUrl":"https:\/\/www.ebihal.hu\/wp-content\/uploads\/2021\/02\/brand_logo_mini.png","width":300,"height":300,"caption":"Bir\u00f3 Csaba egy\u00e9ni v\u00e1llalkoz\u00f3"},"image":{"@id":"https:\/\/www.ebihal.hu\/#\/schema\/logo\/image\/"},"sameAs":["https:\/\/www.facebook.com\/ebihal"]}]}},"_links":{"self":[{"href":"https:\/\/www.ebihal.hu\/en\/wp-json\/wp\/v2\/product\/12438","targetHints":{"allow":["GET"]}}],"collection":[{"href":"https:\/\/www.ebihal.hu\/en\/wp-json\/wp\/v2\/product"}],"about":[{"href":"https:\/\/www.ebihal.hu\/en\/wp-json\/wp\/v2\/types\/product"}],"replies":[{"embeddable":true,"href":"https:\/\/www.ebihal.hu\/en\/wp-json\/wp\/v2\/comments?post=12438"}],"wp:featuredmedia":[{"embeddable":true,"href":"https:\/\/www.ebihal.hu\/en\/wp-json\/wp\/v2\/media\/12439"}],"wp:attachment":[{"href":"https:\/\/www.ebihal.hu\/en\/wp-json\/wp\/v2\/media?parent=12438"}],"wp:term":[{"taxonomy":"product_cat","embeddable":true,"href":"https:\/\/www.ebihal.hu\/en\/wp-json\/wp\/v2\/product_cat?post=12438"},{"taxonomy":"product_tag","embeddable":true,"href":"https:\/\/www.ebihal.hu\/en\/wp-json\/wp\/v2\/product_tag?post=12438"}],"curies":[{"name":"wp","href":"https:\/\/api.w.org\/{rel}","templated":true}]}}