{"id":12401,"date":"2025-02-09T10:29:09","date_gmt":"2025-02-09T09:29:09","guid":{"rendered":"https:\/\/www.ebihal.hu\/?post_type=product&#038;p=12401"},"modified":"2026-01-23T18:20:12","modified_gmt":"2026-01-23T17:20:12","slug":"brown-perch-krv-70mm-019-larva","status":"publish","type":"product","link":"https:\/\/www.ebihal.hu\/en\/shop\/mucsali\/gumicsali\/brown-perch\/krv\/krv-70\/brown-perch-krv-70mm-019-larva\/","title":{"rendered":"Brown Perch KRV 70mm 019 l\u00e1rva"},"content":{"rendered":"<p>A szentp\u00e9terv\u00e1ri <strong>Brown Perch<\/strong> c\u00e9g egyed\u00fcl\u00e1ll\u00f3 szitak\u00f6t\u0151 <strong>l\u00e1rva<\/strong> csalit alkotott. Eredeti neve rendk\u00edv\u00fcl tal\u00e1l\u00f3, ami legink\u00e1bb a mozg\u00e1s\u00e1ra utal. Hazai forgalomba KRV n\u00e9ven ker\u00fcl, nem \u00e1tl\u00e9pve a j\u00f3 \u00edzl\u00e9s hat\u00e1rait.<\/p>\n<p>Minden \u00edz\u00e9ben remeg\u0151 csalink nem hagyja hidegen a <strong>passz\u00edv<\/strong> ragadoz\u00f3- \u00e9s b\u00e9k\u00e9s halakat sem. \u00c9rdemes kipr\u00f3b\u00e1lni, mert <strong>k\u00fcl\u00f6nleges<\/strong> versenyz\u0151 a kateg\u00f3ri\u00e1j\u00e1ban. \u0150 is fel kell, hogy f\u00e9rjen a <a href=\"https:\/\/www.ebihal.hu\/en\/horgaszat\/mucsali\/gumicsali\/fanatik\/fanatik-larva\/\">Fanatik larva<\/a>, a <a href=\"https:\/\/www.ebihal.hu\/en\/horgaszat\/mucsali\/gumicsali\/saman\/lutka\/\">Siberian Shaman Lutka<\/a> and the <a href=\"https:\/\/www.ebihal.hu\/en\/horgaszat\/mucsali\/gumicsali\/m5-craft\/kozyavka\/\">M5 Craft Kozyavka<\/a> trojk\u00e1j\u00e1ra.<\/p>\n<p>6 db\/csomag, 70 mm, 2 g, aromatiz\u00e1lt, UV akt\u00edv, 019 Pink sz\u00ednk\u00f3d.<\/p>\n<div style=\"width: 1170px;\" class=\"wp-video\"><video class=\"wp-video-shortcode\" id=\"video-12401-1\" width=\"1170\" height=\"658\" preload=\"metadata\" controls=\"controls\"><source type=\"video\/mp4\" src=\"https:\/\/www.ebihal.hu\/wp-content\/uploads\/2025\/02\/Kurva-Brown-Perch-1.mp4?_=1\" \/><a href=\"https:\/\/www.ebihal.hu\/wp-content\/uploads\/2025\/02\/Kurva-Brown-Perch-1.mp4\">https:\/\/www.ebihal.hu\/wp-content\/uploads\/2025\/02\/Kurva-Brown-Perch-1.mp4<\/a><\/video><\/div>\n<h4><\/h4>\n<h4>Additional information<\/h4>\n<table class=\"woocommerce-product-attributes shop_attributes\" aria-label=\"Product Details\" data-no-translation-aria-label=\"\">\n\t\t\t<tr class=\"woocommerce-product-attributes-item woocommerce-product-attributes-item--weight\">\n\t\t\t<th class=\"woocommerce-product-attributes-item__label\" scope=\"row\" data-no-translation=\"\" data-trp-gettext=\"\">Weight<\/th>\n\t\t\t<td class=\"woocommerce-product-attributes-item__value\">0.015 kg<\/td>\n\t\t<\/tr>\n\t\t\t<tr class=\"woocommerce-product-attributes-item woocommerce-product-attributes-item--attribute_pa_brand\">\n\t\t\t<th class=\"woocommerce-product-attributes-item__label\" scope=\"row\">Brand<\/th>\n\t\t\t<td class=\"woocommerce-product-attributes-item__value\"><p>Brown Perch<\/p>\n<\/td>\n\t\t<\/tr>\n\t\t\t<tr class=\"woocommerce-product-attributes-item woocommerce-product-attributes-item--attribute_pa_color\">\n\t\t\t<th class=\"woocommerce-product-attributes-item__label\" scope=\"row\">Color<\/th>\n\t\t\t<td class=\"woocommerce-product-attributes-item__value\"><p>Pink<\/p>\n<\/td>\n\t\t<\/tr>\n\t\t\t<tr class=\"woocommerce-product-attributes-item woocommerce-product-attributes-item--attribute_pa_szinkod\">\n\t\t\t<th class=\"woocommerce-product-attributes-item__label\" scope=\"row\">Color code<\/th>\n\t\t\t<td class=\"woocommerce-product-attributes-item__value\"><p>019<\/p>\n<\/td>\n\t\t<\/tr>\n\t\t\t<tr class=\"woocommerce-product-attributes-item woocommerce-product-attributes-item--attribute_pa_izesites\">\n\t\t\t<th class=\"woocommerce-product-attributes-item__label\" scope=\"row\">\u00cdzes\u00edt\u00e9s<\/th>\n\t\t\t<td class=\"woocommerce-product-attributes-item__value\"><p>Lazac<\/p>\n<\/td>\n\t\t<\/tr>\n\t\t\t<tr class=\"woocommerce-product-attributes-item woocommerce-product-attributes-item--attribute_pa_meret\">\n\t\t\t<th class=\"woocommerce-product-attributes-item__label\" scope=\"row\">Size<\/th>\n\t\t\t<td class=\"woocommerce-product-attributes-item__value\"><p>70 mm<\/p>\n<\/td>\n\t\t<\/tr>\n\t\t\t<tr class=\"woocommerce-product-attributes-item woocommerce-product-attributes-item--attribute_pa_madein\">\n\t\t\t<th class=\"woocommerce-product-attributes-item__label\" scope=\"row\">Country of origin<\/th>\n\t\t\t<td class=\"woocommerce-product-attributes-item__value\"><p>Oroszorsz\u00e1g<\/p>\n<\/td>\n\t\t<\/tr>\n\t\t\t<tr class=\"woocommerce-product-attributes-item woocommerce-product-attributes-item--attribute_pa_darabszam\">\n\t\t\t<th class=\"woocommerce-product-attributes-item__label\" scope=\"row\">Darabsz\u00e1m<\/th>\n\t\t\t<td class=\"woocommerce-product-attributes-item__value\"><p>6<\/p>\n<\/td>\n\t\t<\/tr>\n\t<\/table>","protected":false},"excerpt":{"rendered":"<p>6 db \/ csomag<\/p>","protected":false},"featured_media":12380,"comment_status":"open","ping_status":"closed","template":"","meta":[],"product_cat":[2013,74,2014,2027,40,605],"product_tag":[2021,147,339,814,240,241,146],"class_list":{"0":"post-12401","1":"product","2":"type-product","3":"status-publish","4":"has-post-thumbnail","6":"product_brand-brown-perch","7":"product_cat-brown-perch","8":"product_cat-gumicsali","9":"product_cat-krv","10":"product_cat-krv-70","11":"product_cat-mucsali","12":"product_cat-ujdonsagok","13":"product_tag-brown-perch","14":"product_tag-csuka","15":"product_tag-kosullo","16":"product_tag-l","17":"product_tag-pisztrang","18":"product_tag-suger","19":"product_tag-sullo","21":"first","22":"instock","23":"shipping-taxable","24":"purchasable","25":"product-type-simple"},"supplier_id":null,"supplier_sku":"","barcode":null,"atum_controlled":true,"out_stock_date":null,"out_stock_threshold":null,"inheritable":false,"inbound_stock":0,"stock_on_hold":0,"sold_today":0,"sales_last_days":0,"reserved_stock":0,"customer_returns":0,"warehouse_damage":0,"lost_in_post":0,"other_logs":0,"out_stock_days":0,"lost_sales":0,"has_location":false,"update_date":"2026-04-15T00:32:15","atum_locations":[],"atum_stock_status":"instock","restock_status":false,"low_stock_amount":"","sales_update_date":"2026-04-15T00:32:15","calc_backorders":null,"yoast_head":"<!-- This site is optimized with the Yoast SEO plugin v27.4 - https:\/\/yoast.com\/product\/yoast-seo-wordpress\/ -->\n<title>Brown Perch KRV 70mm 019 l\u00e1rva - Ebihal<\/title>\n<meta name=\"description\" content=\"Brown Perch KRV. Minden \u00edz\u00e9ben remeg\u0151 csalink nem hagyja hidegen a passz\u00edv halakat sem. \u00c9rdemes kipr\u00f3b\u00e1lni, mert k\u00fcl\u00f6nleges. 019 sz\u00ednk\u00f3d, 70 mm.\" \/>\n<meta name=\"robots\" content=\"index, follow, max-snippet:-1, max-image-preview:large, max-video-preview:-1\" \/>\n<link rel=\"canonical\" href=\"https:\/\/www.ebihal.hu\/en\/shop\/mucsali\/gumicsali\/brown-perch\/krv\/krv-70\/brown-perch-krv-70mm-019-larva\/\" \/>\n<meta property=\"og:locale\" content=\"en_GB\" \/>\n<meta property=\"og:type\" content=\"article\" \/>\n<meta property=\"og:title\" content=\"Brown Perch KRV 70mm 019 l\u00e1rva - Ebihal\" \/>\n<meta property=\"og:description\" content=\"Brown Perch KRV. Minden \u00edz\u00e9ben remeg\u0151 csalink nem hagyja hidegen a passz\u00edv halakat sem. \u00c9rdemes kipr\u00f3b\u00e1lni, mert k\u00fcl\u00f6nleges. 019 sz\u00ednk\u00f3d, 70 mm.\" \/>\n<meta property=\"og:url\" content=\"https:\/\/www.ebihal.hu\/en\/shop\/mucsali\/gumicsali\/brown-perch\/krv\/krv-70\/brown-perch-krv-70mm-019-larva\/\" \/>\n<meta property=\"og:site_name\" content=\"Ebihal\" \/>\n<meta property=\"article:publisher\" content=\"https:\/\/www.facebook.com\/ebihal\" \/>\n<meta property=\"article:modified_time\" content=\"2026-01-23T17:20:12+00:00\" \/>\n<meta property=\"og:image\" content=\"https:\/\/www.ebihal.hu\/wp-content\/uploads\/2025\/02\/019-1.png\" \/>\n\t<meta property=\"og:image:width\" content=\"1000\" \/>\n\t<meta property=\"og:image:height\" content=\"1000\" \/>\n\t<meta property=\"og:image:type\" content=\"image\/png\" \/>\n<meta name=\"twitter:card\" content=\"summary_large_image\" \/>\n<meta name=\"twitter:label1\" content=\"Estimated reading time\" \/>\n\t<meta name=\"twitter:data1\" content=\"1 minute\" \/>\n<script type=\"application\/ld+json\" class=\"yoast-schema-graph\">{\"@context\":\"https:\\\/\\\/schema.org\",\"@graph\":[{\"@type\":\"WebPage\",\"@id\":\"https:\\\/\\\/www.ebihal.hu\\\/shop\\\/mucsali\\\/gumicsali\\\/brown-perch\\\/krv\\\/krv-70\\\/brown-perch-krv-70mm-019-larva\\\/\",\"url\":\"https:\\\/\\\/www.ebihal.hu\\\/shop\\\/mucsali\\\/gumicsali\\\/brown-perch\\\/krv\\\/krv-70\\\/brown-perch-krv-70mm-019-larva\\\/\",\"name\":\"Brown Perch KRV 70mm 019 l\u00e1rva - Ebihal\",\"isPartOf\":{\"@id\":\"https:\\\/\\\/www.ebihal.hu\\\/#website\"},\"primaryImageOfPage\":{\"@id\":\"https:\\\/\\\/www.ebihal.hu\\\/shop\\\/mucsali\\\/gumicsali\\\/brown-perch\\\/krv\\\/krv-70\\\/brown-perch-krv-70mm-019-larva\\\/#primaryimage\"},\"image\":{\"@id\":\"https:\\\/\\\/www.ebihal.hu\\\/shop\\\/mucsali\\\/gumicsali\\\/brown-perch\\\/krv\\\/krv-70\\\/brown-perch-krv-70mm-019-larva\\\/#primaryimage\"},\"thumbnailUrl\":\"https:\\\/\\\/www.ebihal.hu\\\/wp-content\\\/uploads\\\/2025\\\/02\\\/019-1.png\",\"datePublished\":\"2025-02-09T09:29:09+00:00\",\"dateModified\":\"2026-01-23T17:20:12+00:00\",\"description\":\"Brown Perch KRV. Minden \u00edz\u00e9ben remeg\u0151 csalink nem hagyja hidegen a passz\u00edv halakat sem. \u00c9rdemes kipr\u00f3b\u00e1lni, mert k\u00fcl\u00f6nleges. 019 sz\u00ednk\u00f3d, 70 mm.\",\"breadcrumb\":{\"@id\":\"https:\\\/\\\/www.ebihal.hu\\\/shop\\\/mucsali\\\/gumicsali\\\/brown-perch\\\/krv\\\/krv-70\\\/brown-perch-krv-70mm-019-larva\\\/#breadcrumb\"},\"inLanguage\":\"en-GB\",\"potentialAction\":[{\"@type\":\"ReadAction\",\"target\":[\"https:\\\/\\\/www.ebihal.hu\\\/shop\\\/mucsali\\\/gumicsali\\\/brown-perch\\\/krv\\\/krv-70\\\/brown-perch-krv-70mm-019-larva\\\/\"]}]},{\"@type\":\"ImageObject\",\"inLanguage\":\"en-GB\",\"@id\":\"https:\\\/\\\/www.ebihal.hu\\\/shop\\\/mucsali\\\/gumicsali\\\/brown-perch\\\/krv\\\/krv-70\\\/brown-perch-krv-70mm-019-larva\\\/#primaryimage\",\"url\":\"https:\\\/\\\/www.ebihal.hu\\\/wp-content\\\/uploads\\\/2025\\\/02\\\/019-1.png\",\"contentUrl\":\"https:\\\/\\\/www.ebihal.hu\\\/wp-content\\\/uploads\\\/2025\\\/02\\\/019-1.png\",\"width\":1000,\"height\":1000,\"caption\":\"Brown Perch KRV 019\"},{\"@type\":\"BreadcrumbList\",\"@id\":\"https:\\\/\\\/www.ebihal.hu\\\/shop\\\/mucsali\\\/gumicsali\\\/brown-perch\\\/krv\\\/krv-70\\\/brown-perch-krv-70mm-019-larva\\\/#breadcrumb\",\"itemListElement\":[{\"@type\":\"ListItem\",\"position\":1,\"name\":\"Kezd\u0151lap\",\"item\":\"https:\\\/\\\/www.ebihal.hu\\\/\"},{\"@type\":\"ListItem\",\"position\":2,\"name\":\"M\u0171csali \u00e1ruh\u00e1z\",\"item\":\"https:\\\/\\\/www.ebihal.hu\\\/\"},{\"@type\":\"ListItem\",\"position\":3,\"name\":\"Brown Perch KRV 70mm 019 l\u00e1rva\"}]},{\"@type\":\"WebSite\",\"@id\":\"https:\\\/\\\/www.ebihal.hu\\\/#website\",\"url\":\"https:\\\/\\\/www.ebihal.hu\\\/\",\"name\":\"Ebihal\",\"description\":\"Fish &amp; Jigs\",\"publisher\":{\"@id\":\"https:\\\/\\\/www.ebihal.hu\\\/#organization\"},\"potentialAction\":[{\"@type\":\"SearchAction\",\"target\":{\"@type\":\"EntryPoint\",\"urlTemplate\":\"https:\\\/\\\/www.ebihal.hu\\\/?s={search_term_string}\"},\"query-input\":{\"@type\":\"PropertyValueSpecification\",\"valueRequired\":true,\"valueName\":\"search_term_string\"}}],\"inLanguage\":\"en-GB\"},{\"@type\":\"Organization\",\"@id\":\"https:\\\/\\\/www.ebihal.hu\\\/#organization\",\"name\":\"Bir\u00f3 Csaba egy\u00e9ni v\u00e1llalkoz\u00f3\",\"url\":\"https:\\\/\\\/www.ebihal.hu\\\/\",\"logo\":{\"@type\":\"ImageObject\",\"inLanguage\":\"en-GB\",\"@id\":\"https:\\\/\\\/www.ebihal.hu\\\/#\\\/schema\\\/logo\\\/image\\\/\",\"url\":\"https:\\\/\\\/www.ebihal.hu\\\/wp-content\\\/uploads\\\/2021\\\/02\\\/brand_logo_mini.png\",\"contentUrl\":\"https:\\\/\\\/www.ebihal.hu\\\/wp-content\\\/uploads\\\/2021\\\/02\\\/brand_logo_mini.png\",\"width\":300,\"height\":300,\"caption\":\"Bir\u00f3 Csaba egy\u00e9ni v\u00e1llalkoz\u00f3\"},\"image\":{\"@id\":\"https:\\\/\\\/www.ebihal.hu\\\/#\\\/schema\\\/logo\\\/image\\\/\"},\"sameAs\":[\"https:\\\/\\\/www.facebook.com\\\/ebihal\"]}]}<\/script>\n<!-- \/ Yoast SEO plugin. -->","yoast_head_json":{"title":"Brown Perch KRV 70mm 019 l\u00e1rva - Ebihal","description":"Brown Perch KRV. Minden \u00edz\u00e9ben remeg\u0151 csalink nem hagyja hidegen a passz\u00edv halakat sem. \u00c9rdemes kipr\u00f3b\u00e1lni, mert k\u00fcl\u00f6nleges. 019 sz\u00ednk\u00f3d, 70 mm.","robots":{"index":"index","follow":"follow","max-snippet":"max-snippet:-1","max-image-preview":"max-image-preview:large","max-video-preview":"max-video-preview:-1"},"canonical":"https:\/\/www.ebihal.hu\/en\/shop\/mucsali\/gumicsali\/brown-perch\/krv\/krv-70\/brown-perch-krv-70mm-019-larva\/","og_locale":"en_GB","og_type":"article","og_title":"Brown Perch KRV 70mm 019 l\u00e1rva - Ebihal","og_description":"Brown Perch KRV. Minden \u00edz\u00e9ben remeg\u0151 csalink nem hagyja hidegen a passz\u00edv halakat sem. \u00c9rdemes kipr\u00f3b\u00e1lni, mert k\u00fcl\u00f6nleges. 019 sz\u00ednk\u00f3d, 70 mm.","og_url":"https:\/\/www.ebihal.hu\/en\/shop\/mucsali\/gumicsali\/brown-perch\/krv\/krv-70\/brown-perch-krv-70mm-019-larva\/","og_site_name":"Ebihal","article_publisher":"https:\/\/www.facebook.com\/ebihal","article_modified_time":"2026-01-23T17:20:12+00:00","og_image":[{"width":1000,"height":1000,"url":"https:\/\/www.ebihal.hu\/wp-content\/uploads\/2025\/02\/019-1.png","type":"image\/png"}],"twitter_card":"summary_large_image","twitter_misc":{"Estimated reading time":"1 minute"},"schema":{"@context":"https:\/\/schema.org","@graph":[{"@type":"WebPage","@id":"https:\/\/www.ebihal.hu\/shop\/mucsali\/gumicsali\/brown-perch\/krv\/krv-70\/brown-perch-krv-70mm-019-larva\/","url":"https:\/\/www.ebihal.hu\/shop\/mucsali\/gumicsali\/brown-perch\/krv\/krv-70\/brown-perch-krv-70mm-019-larva\/","name":"Brown Perch KRV 70mm 019 l\u00e1rva - Ebihal","isPartOf":{"@id":"https:\/\/www.ebihal.hu\/#website"},"primaryImageOfPage":{"@id":"https:\/\/www.ebihal.hu\/shop\/mucsali\/gumicsali\/brown-perch\/krv\/krv-70\/brown-perch-krv-70mm-019-larva\/#primaryimage"},"image":{"@id":"https:\/\/www.ebihal.hu\/shop\/mucsali\/gumicsali\/brown-perch\/krv\/krv-70\/brown-perch-krv-70mm-019-larva\/#primaryimage"},"thumbnailUrl":"https:\/\/www.ebihal.hu\/wp-content\/uploads\/2025\/02\/019-1.png","datePublished":"2025-02-09T09:29:09+00:00","dateModified":"2026-01-23T17:20:12+00:00","description":"Brown Perch KRV. Minden \u00edz\u00e9ben remeg\u0151 csalink nem hagyja hidegen a passz\u00edv halakat sem. \u00c9rdemes kipr\u00f3b\u00e1lni, mert k\u00fcl\u00f6nleges. 019 sz\u00ednk\u00f3d, 70 mm.","breadcrumb":{"@id":"https:\/\/www.ebihal.hu\/shop\/mucsali\/gumicsali\/brown-perch\/krv\/krv-70\/brown-perch-krv-70mm-019-larva\/#breadcrumb"},"inLanguage":"en-GB","potentialAction":[{"@type":"ReadAction","target":["https:\/\/www.ebihal.hu\/shop\/mucsali\/gumicsali\/brown-perch\/krv\/krv-70\/brown-perch-krv-70mm-019-larva\/"]}]},{"@type":"ImageObject","inLanguage":"en-GB","@id":"https:\/\/www.ebihal.hu\/shop\/mucsali\/gumicsali\/brown-perch\/krv\/krv-70\/brown-perch-krv-70mm-019-larva\/#primaryimage","url":"https:\/\/www.ebihal.hu\/wp-content\/uploads\/2025\/02\/019-1.png","contentUrl":"https:\/\/www.ebihal.hu\/wp-content\/uploads\/2025\/02\/019-1.png","width":1000,"height":1000,"caption":"Brown Perch KRV 019"},{"@type":"BreadcrumbList","@id":"https:\/\/www.ebihal.hu\/shop\/mucsali\/gumicsali\/brown-perch\/krv\/krv-70\/brown-perch-krv-70mm-019-larva\/#breadcrumb","itemListElement":[{"@type":"ListItem","position":1,"name":"Kezd\u0151lap","item":"https:\/\/www.ebihal.hu\/"},{"@type":"ListItem","position":2,"name":"M\u0171csali \u00e1ruh\u00e1z","item":"https:\/\/www.ebihal.hu\/"},{"@type":"ListItem","position":3,"name":"Brown Perch KRV 70mm 019 l\u00e1rva"}]},{"@type":"WebSite","@id":"https:\/\/www.ebihal.hu\/#website","url":"https:\/\/www.ebihal.hu\/","name":"Ebihal","description":"Fish &amp; Jigs","publisher":{"@id":"https:\/\/www.ebihal.hu\/#organization"},"potentialAction":[{"@type":"SearchAction","target":{"@type":"EntryPoint","urlTemplate":"https:\/\/www.ebihal.hu\/?s={search_term_string}"},"query-input":{"@type":"PropertyValueSpecification","valueRequired":true,"valueName":"search_term_string"}}],"inLanguage":"en-GB"},{"@type":"Organization","@id":"https:\/\/www.ebihal.hu\/#organization","name":"Bir\u00f3 Csaba egy\u00e9ni v\u00e1llalkoz\u00f3","url":"https:\/\/www.ebihal.hu\/","logo":{"@type":"ImageObject","inLanguage":"en-GB","@id":"https:\/\/www.ebihal.hu\/#\/schema\/logo\/image\/","url":"https:\/\/www.ebihal.hu\/wp-content\/uploads\/2021\/02\/brand_logo_mini.png","contentUrl":"https:\/\/www.ebihal.hu\/wp-content\/uploads\/2021\/02\/brand_logo_mini.png","width":300,"height":300,"caption":"Bir\u00f3 Csaba egy\u00e9ni v\u00e1llalkoz\u00f3"},"image":{"@id":"https:\/\/www.ebihal.hu\/#\/schema\/logo\/image\/"},"sameAs":["https:\/\/www.facebook.com\/ebihal"]}]}},"_links":{"self":[{"href":"https:\/\/www.ebihal.hu\/en\/wp-json\/wp\/v2\/product\/12401","targetHints":{"allow":["GET"]}}],"collection":[{"href":"https:\/\/www.ebihal.hu\/en\/wp-json\/wp\/v2\/product"}],"about":[{"href":"https:\/\/www.ebihal.hu\/en\/wp-json\/wp\/v2\/types\/product"}],"replies":[{"embeddable":true,"href":"https:\/\/www.ebihal.hu\/en\/wp-json\/wp\/v2\/comments?post=12401"}],"wp:featuredmedia":[{"embeddable":true,"href":"https:\/\/www.ebihal.hu\/en\/wp-json\/wp\/v2\/media\/12380"}],"wp:attachment":[{"href":"https:\/\/www.ebihal.hu\/en\/wp-json\/wp\/v2\/media?parent=12401"}],"wp:term":[{"taxonomy":"product_cat","embeddable":true,"href":"https:\/\/www.ebihal.hu\/en\/wp-json\/wp\/v2\/product_cat?post=12401"},{"taxonomy":"product_tag","embeddable":true,"href":"https:\/\/www.ebihal.hu\/en\/wp-json\/wp\/v2\/product_tag?post=12401"}],"curies":[{"name":"wp","href":"https:\/\/api.w.org\/{rel}","templated":true}]}}